{"id":10366,"date":"2023-09-05T12:06:15","date_gmt":"2023-09-05T10:06:15","guid":{"rendered":"https:\/\/www.mission-21.org\/?page_id=10366"},"modified":"2024-04-11T09:04:51","modified_gmt":"2024-04-11T07:04:51","slug":"food-sovereignty-in-nigeria","status":"publish","type":"page","link":"https:\/\/www.mission-21.org\/en\/ernahrungssouveranitat-in-nigeria-23\/","title":{"rendered":"\"Education determines what we harvest in the future\""},"content":{"rendered":"<h1>Education determines what we harvest in the future.<\/h1>\n<h1>Thank you for your donation!<\/h1>\n\t<p>Nigeria is by far the most populous country in Africa. Around 225 million people live in the West African state and the population is constantly increasing. Poverty is high and Nigeria's agriculture is under pressure, also due to climate change. With our 2023 campaign, we are highlighting how important education is for ecologically sustainable development - in Nigeria and also in Switzerland.<\/p>\n\t<p><strong>Support us so that our partners in Nigeria can train even more farmers.<\/strong><\/p>\n<p><strong>Yes, I donate...<\/strong><\/p>\n\t\t\t<a href=\"https:\/\/www.mission-21.org\/en\/donation-campaign-2023\/?rnw-amount=20\" target=\"_self\" role=\"button\" rel=\"noopener\">\n\t\t\t\t\t\t\tCHF 20\n\t\t\t\t\t<\/a>\n\t\t\t<a href=\"https:\/\/www.mission-21.org\/en\/donation-campaign-2023\/?rnw-amount=50\" target=\"_self\" role=\"button\" rel=\"noopener\">\n\t\t\t\t\t\t\tCHF 50\n\t\t\t\t\t<\/a>\n\t\t\t<a href=\"https:\/\/www.mission-21.org\/en\/donation-campaign-2023\/?rnw-amount=100\" target=\"_self\" role=\"button\" rel=\"noopener\">\n\t\t\t\t\t\t\tCHF 100\n\t\t\t\t\t<\/a>\n\t\t\t<a href=\"https:\/\/www.mission-21.org\/en\/donation-campaign-2023\/\" target=\"_self\" role=\"button\" rel=\"noopener\">\n\t\t\t\t\t\t\tCHF ...\n\t\t\t\t\t<\/a>\n\t<em>\"If I could feed my family by farming, I wouldn't have to worry about it anymore.\"<\/em><br \/>\n<em>Ladi Zachariah, farmer from Nigeria<\/em>\n<p>Ladi Zachariah lives with her sons in northeastern Nigeria. She grows beans, peanuts and corn to feed her family. But the harvests are poor and Ladi says, \"We don't have enough to eat.\" The soil is becoming more infertile, and climate change is causing more frequent droughts and floods.<\/p>\n<p>Although Ladi has been working in the fields since her youth, the knowledge passed down to her is not helpful enough. That's why the educational opportunities offered by our local partners are important to her. She says, \"I have learned a lot and will pass that on to others.\"<\/p>\n<p><strong>Our film shows the environment in which Ladi lives and works and the importance education has for her. <\/strong><\/p>\n<h3>\n\t\tThe situation in Nigeria is precarious\n\t<\/h3>\n\t\t\t <p>Due to the rapid population growth, the <strong>The available agricultural area per capita decreases<\/strong>.<\/p>\t\t\n\t\t\t <p>About <strong>40 % of the population lives below the poverty line<\/strong> and is on <strong>Self-sufficiency reliant<\/strong>.<\/p>\t\t\n\t\t\t <p>The widespread cultivation with <strong>synthetic fertilizers depletes the soil<\/strong> and reduces its fertility.<\/p>\t\t\n\t\t\t <p>The situation is particularly difficult in the northeast of the country, where <strong>climate change is affecting crops and extreme weather events are becoming more frequent<\/strong>.<\/p>\t\t\n\t\t\t <p><strong>Deforestation, erosion and the pollution caused by waste and contaminated groundwater<\/strong> additionally reduce the soil quality.<\/p>\t\t\n<h3>\n\t\tWhat Mission 21 and its partners do\n\t<\/h3>\n\t\t\t <p>Our partner organizations <strong>train farmers and farm women in the northeast<\/strong> in sustainable agriculture, mixed crops and environmentally friendly pest control methods.<\/p>\t\t\n\t\t\t <p>Our partner organization promotes <strong>energy-efficient stoves with practical building instructions and financial resources<\/strong>.<\/p>\t\t\n\t\t\t <p>Sensitization for <strong>the planting of trees<\/strong><\/p>\t\t\n\t\t\t <p>Mission 21 promotes in Switzerland <strong>with educational events and action ideas<\/strong> an environmentally friendly and resource-efficient lifestyle.<\/p>\t\t\n\t\t\t<a href=\"https:\/\/www.mission-21.org\/en\/projects\/education-for-sustainable-ecological-development-in-nigeria\/\" target=\"_blank\" role=\"button\" rel=\"noopener\">\n\t\t\t\t\t\t\t\u25ba About the project\n\t\t\t\t\t<\/a>\n\t\t\t<h5>Education and Food Sovereignty in Nigeria<\/h5><h3>We achieved this in 2022 through our project work in Nigeria:<\/h3>\t\t\t\n\t\t\t\t<img decoding=\"async\" src=\"https:\/\/www.mission-21.org\/wp-content\/uploads\/2023\/03\/schaufel.png\" alt=\"shovel\" title=\"Shovel\" itemprop=\"image\"\/>\n\t\t<p>120<\/p>\t\t\t\n\t\t\t\t<p>Farmers trained for agroecological cultivation<\/p>\n\t\t\t\t<img decoding=\"async\" src=\"https:\/\/www.mission-21.org\/wp-content\/uploads\/2023\/03\/block.png\" alt=\"block\" title=\"Block\" itemprop=\"image\"\/>\n\t\t<p>130<\/p>\t\t\t\n\t\t\t\t<p>Farmers and farmers trained on<br \/>\"Farmer's Field Day.\"<\/p>\n\t\t\t\t<img decoding=\"async\" src=\"https:\/\/www.mission-21.org\/wp-content\/uploads\/2023\/03\/pflanze.png\" alt=\"plant\" title=\"Plant\" itemprop=\"image\"\/>\n\t\t<p>150<\/p>\t\t\t\n\t\t\t\t<p>Farmers and farm women sensitized <br \/>for planting trees<\/p>\n\t\t\t\t<img decoding=\"async\" src=\"https:\/\/www.mission-21.org\/wp-content\/uploads\/2023\/03\/feuer.png\" alt=\"fire\" title=\"Fire\" itemprop=\"image\"\/>\n\t\t<p>142<\/p>\t\t\t\n\t\t\t\t<p>Residents in five villages learned how to build energy-efficient stoves.<\/p>\n\t\t<h2>Support us with a donation or the purchase of our Christmas cards<\/h2>\t\t\t\n<h3>\n\t\tChristmas cards\n\t<\/h3>\n\t<p>Order our original Christmas cards with illustrations of regional food from Nigeria and Switzerland.<\/p>\n<p>With your purchase you support our educational projects in Nigeria and Switzerland for an ecologically sustainable development.<\/p>\n\t\t\t<a href=\"https:\/\/www.mission-21.org\/en\/store\/product\/campaign-christmas-cards-from-southeast-asia-3\/\" target=\"_self\" role=\"button\" rel=\"noopener\">\n\t\t\t\t\t\t\t\u25ba Order now\n\t\t\t\t\t<\/a>\n<h3>\n\t\tSeasonal calendar - for our climate\n\t<\/h3>\n\t<p>The seasonal calendar helps us to buy seasonally and regionally. In this way, we can all contribute to our health and the climate.<\/p>\n<p>Available free of charge in our store.<\/p>\n\t\t\t<a href=\"https:\/\/www.mission-21.org\/en\/cart\/?add-to-cart=7111&#038;quantity=1\" target=\"_self\" role=\"button\" rel=\"noopener\">\n\t\t\t\t\t\t\t\u25ba Order now\n\t\t\t\t\t<\/a>\n\t\t\t<a href=\"https:\/\/www.mission-21.org\/en\/seasonal-calendar\/\" target=\"_self\" role=\"button\" rel=\"noopener\">\n\t\t\t\t\t\t\t\u25ba More about the seasonal calendar\n\t\t\t\t\t<\/a>\n\t\t<h2>Events<\/h2>\t\t\t\n\t\t\t<h3>Education to enjoy: World Arts with Music and Poetry<\/h3>\t\t\t\n\t<p><strong>Also bookable in your parish.<\/strong><\/p>\n<p>\"World Arts\" is a one-hour musical-poetic journey around the world.<\/p>\nThe duo Rebecca Hagmann and Priska Stampfli is inspired by melodies and songs from all continents. It takes us around the world with cello and accordion. Poems from other cultures open up a new understanding and other approaches to a world full of<br \/>\nfascinating differences. Plus garden poetry about growing and becoming: in nature, in creation, in life.\n\t\t\t\t<img decoding=\"async\" src=\"https:\/\/www.mission-21.org\/wp-content\/uploads\/2023\/07\/duo-rebecca-priska-900x675.jpg\" alt=\"duo rebecca priska\" itemprop=\"image\" height=\"675\" width=\"900\" title=\"duo-rebecca-priska\" onerror=\"this.style.display='none'\"  \/>\n\t<p><strong>Sunday, September 17, 2023, 5 to 6 p.m.<\/strong><\/p>\n<h3>World Arts<\/h3>\n<p>in the garden pavilion of Mission 21 in Basel. Followed by snacks, drinks and garden walk. Free admission, collection for Mission 21.<\/p>\n<p><a href=\"https:\/\/www.mission-21.org\/en\/event\/world-arts\/\">\u25ba To the registration<\/a><\/p>\n\t\t\t\t<img decoding=\"async\" src=\"https:\/\/www.mission-21.org\/wp-content\/uploads\/2023\/08\/zeichenflaeche-1.png\" alt=\"drawing area 1\" itemprop=\"image\" height=\"1597\" width=\"1910\" title=\"Drawing surface 1\" onerror=\"this.style.display='none'\"  \/>\n\t\t\t\t<img decoding=\"async\" src=\"https:\/\/www.mission-21.org\/wp-content\/plugins\/bb-plugin\/img\/pixel.png\" alt=\"\" itemprop=\"image\" onerror=\"this.style.display='none'\"  \/>\n<h2>\n\t\tFuture Day at Mission 21\n\t<\/h2>\n\t<p>Do you also want to work for a fairer world? <strong>Then join Mission 21 for Future Day on November 9, 2023.<\/strong> at Mission 21. You will get an insight into international development cooperation, global contexts and the various professions at a non-profit organization.<\/p>\n<p><a href=\"https:\/\/www.mission-21.org\/en\/participate\/our-future-building-us-together\/\">\u25ba Register now!<\/a><\/p>\n\t\t<h2>Our project managers<\/h2>\t\t\t\n\t\t\t\t<img decoding=\"async\" src=\"https:\/\/www.mission-21.org\/wp-content\/uploads\/2023\/03\/yakubu-joseph.png\" alt=\"yakubu joseph\" itemprop=\"image\" height=\"216\" width=\"216\" title=\"Yakubu-Joseph\" onerror=\"this.style.display='none'\"  \/>\n\t<strong>Yakubu Joseph<br \/>\n<\/strong>Coordinator Nigeria<strong><br \/>\n<\/strong>\n<p><em>\"The problem of food insecurity requires adaptation. Agricultural practices must adapt to the problems of climate change. Appropriate technologies will be used that can meet people's needs based on available resources.\"<\/em><\/p>\n\t\t\t\t\t<a href=\"#\" id=\"fl-accordion--label-0\" tabindex=\"0\" aria-controls=\"fl-accordion--panel-0\">More about Yakubu Joseph<\/a>\n\t\t\t\t\t<p>Since October 2015, Dr. Yakubu Joseph has been working as coordinator for Mission 21 in Nigeria. He holds a PhD in Geography and was a research assistant at the Department of Geography at the University of T\u00fcbingen. He also holds an MA in International Peace Studies and an MSC in Sociology. Yakubu Joseph accompanies partner organizations, is responsible for quality assurance in the field and advises partner organizations in Africa in the field of peacebuilding and food security.<\/p>\n\t\t\t\t<img decoding=\"async\" src=\"https:\/\/www.mission-21.org\/wp-content\/uploads\/2023\/03\/janet-kefas.png\" alt=\"janet kefas\" itemprop=\"image\" height=\"216\" width=\"216\" title=\"Janet-Kefas\" onerror=\"this.style.display='none'\"  \/>\n\t<strong>Janet Kefas<br \/>\n<\/strong>Agricultural scientist and participant in Mission 21's Youth Embassy Program.\n<p><em>\"Farmers often do not have the necessary means to run their businesses. Access to capital should be made easier. Furthermore, more jobs would have to be created for agricultural students.\"<\/em><\/p>\n\t\t\t\t\t<a href=\"#\" id=\"fl-accordion--label-0\" tabindex=\"0\" aria-controls=\"fl-accordion--panel-0\">More about Janet Kefas<\/a>\n\t\t\t\t\tJanet Kefas from Mubi, Adamawa State, Nigeria, is a young agricultural scientist. She graduated in 2023, but parallel to her school theory, she was already gaining practical experience in agriculture. She wrote her bachelor's thesis on the economic importance of irrigated rice production in Nigeria. Janet<br \/>\nKefas participated in the international youth embassy program of the 2019-2022 phase of Mission 21.\n\t\t\t\t<img decoding=\"async\" src=\"https:\/\/www.mission-21.org\/wp-content\/uploads\/2022\/09\/mg_8618.jpg\" alt=\" mg 8618\" itemprop=\"image\" height=\"800\" width=\"800\" title=\"_MG_8618\" onerror=\"this.style.display='none'\"  \/>\n\t<strong>Carola Jaeckel<br \/>\n<\/strong>Program Managers Nigeria<br \/>\nMission 21\n\t\t\t\t<img decoding=\"async\" src=\"https:\/\/www.mission-21.org\/wp-content\/uploads\/2023\/03\/100-jahre-eyn-kirsch-billi-e1679342169165.jpg\" alt=\"100 years of EYN: Jochen Kirsch and joel Billi in Abuja. Photo Yakubu Joseph\" itemprop=\"image\" height=\"903\" width=\"1205\" title=\"100 years of EYN-Kirsch-Billi\" onerror=\"this.style.display='none'\"  \/>\n\t\t\t<h5>Current<\/h5><h3>100 years of EYN: Great anniversary celebrations in Nigeria<\/h3>\t\t\t\n\t\t\t\t<p>The Church of the Brethren in Nigeria (<a href=\"https:\/\/www.mission-21.org\/en\/partner\/eyn-church-of-the-siblings\/\">EYN<\/a>) is an important partner organization for Mission 21. Together we work for peacebuilding, education and food sovereignty. On the occasion of the 100th anniversary of EYN, Jochen Kirsch, Director of Mission 21, traveled to Abuja to celebrate together with the church leadership and the population and to bring greetings from our worldwide network.<\/p>\n<p><a href=\"https:\/\/www.mission-21.org\/en\/100-year-eyn-great-anniversary-celebrations-in-nigeria\/\">\u25ba Read post<\/a><\/p>\n\t\t\t\t<img decoding=\"async\" src=\"https:\/\/www.mission-21.org\/wp-content\/uploads\/2023\/04\/birsmattehof_web-54.jpg\" alt=\"The team of the BIrsmattehof in Therwil, Baselland. Nicole Tanner is the third from the left.\" itemprop=\"image\" height=\"1188\" width=\"1583\" title=\"Birsmattehof_web-54\" onerror=\"this.style.display='none'\"  \/>\n\t\t\t<h5>Interview<\/h5><h3>When happiness is suddenly so close<\/h3>\t\t\t\n\t\t\t\t<p>How can we ourselves contribute to a more sustainable food system? We interviewed farmer Nicole Tanner from Birsmattehof, an organic farm in Therwil near Basel, about these questions. On the Birsmattehof, vegetables have been grown according to the Bio Suisse guidelines since 1981. Seasonally appropriate and diverse.<\/p>\n<p><a href=\"https:\/\/www.mission-21.org\/en\/when-luck-suddenly-lies-so-close\/\">\u25ba Read interview<\/a><\/p>","protected":false},"excerpt":{"rendered":"<p>Bildung entscheidet, was wir in Zukunft ernten. Danke f\u00fcr Ihre Spende! Nigeria ist mit Abstand das bev\u00f6lkerungsreichste Land Afrikas. Rund 225 Millionen Menschen leben in dem westafrikanischen Bundesstaat und die Bev\u00f6lkerung nimmt stetig zu. Die Armut ist gross und die Landwirtschaft Nigerias ist unter Druck, auch wegen des Klimawandels. Wir zeigen auf, wie wichtig Bildung [&hellip;]<\/p>\n","protected":false},"author":14,"featured_media":8442,"parent":0,"menu_order":0,"comment_status":"closed","ping_status":"closed","template":"","meta":{"_acf_changed":false,"_seopress_robots_primary_cat":"","_seopress_titles_title":"","_seopress_titles_desc":"","_seopress_robots_index":"yes","_searchwp_excluded":"","site-sidebar-layout":"default","site-content-layout":"","ast-site-content-layout":"default","site-content-style":"default","site-sidebar-style":"default","ast-global-header-display":"","ast-banner-title-visibility":"","ast-main-header-display":"","ast-hfb-above-header-display":"","ast-hfb-below-header-display":"","ast-hfb-mobile-header-display":"","site-post-title":"","ast-breadcrumbs-content":"","ast-featured-img":"","footer-sml-layout":"","ast-disable-related-posts":"","theme-transparent-header-meta":"","adv-header-id-meta":"","stick-header-meta":"","header-above-stick-meta":"","header-main-stick-meta":"","header-below-stick-meta":"","astra-migrate-meta-layouts":"set","ast-page-background-enabled":"default","ast-page-background-meta":{"desktop":{"background-color":"var(--ast-global-color-4)","background-image":"","background-repeat":"repeat","background-position":"center center","background-size":"auto","background-attachment":"scroll","background-type":"","background-media":"","overlay-type":"","overlay-color":"","overlay-opacity":"","overlay-gradient":""},"tablet":{"background-color":"","background-image":"","background-repeat":"repeat","background-position":"center center","background-size":"auto","background-attachment":"scroll","background-type":"","background-media":"","overlay-type":"","overlay-color":"","overlay-opacity":"","overlay-gradient":""},"mobile":{"background-color":"","background-image":"","background-repeat":"repeat","background-position":"center center","background-size":"auto","background-attachment":"scroll","background-type":"","background-media":"","overlay-type":"","overlay-color":"","overlay-opacity":"","overlay-gradient":""}},"ast-content-background-meta":{"desktop":{"background-color":"var(--ast-global-color-5)","background-image":"","background-repeat":"repeat","background-position":"center center","background-size":"auto","background-attachment":"scroll","background-type":"","background-media":"","overlay-type":"","overlay-color":"","overlay-opacity":"","overlay-gradient":""},"tablet":{"background-color":"var(--ast-global-color-5)","background-image":"","background-repeat":"repeat","background-position":"center center","background-size":"auto","background-attachment":"scroll","background-type":"","background-media":"","overlay-type":"","overlay-color":"","overlay-opacity":"","overlay-gradient":""},"mobile":{"background-color":"var(--ast-global-color-5)","background-image":"","background-repeat":"repeat","background-position":"center center","background-size":"auto","background-attachment":"scroll","background-type":"","background-media":"","overlay-type":"","overlay-color":"","overlay-opacity":"","overlay-gradient":""}},"iawp_total_views":37,"footnotes":""},"hf_cat_page":[],"class_list":["post-10366","page","type-page","status-publish","has-post-thumbnail"],"acf":[],"_links":{"self":[{"href":"https:\/\/www.mission-21.org\/en\/wp-json\/wp\/v2\/pages\/10366","targetHints":{"allow":["GET"]}}],"collection":[{"href":"https:\/\/www.mission-21.org\/en\/wp-json\/wp\/v2\/pages"}],"about":[{"href":"https:\/\/www.mission-21.org\/en\/wp-json\/wp\/v2\/types\/page"}],"author":[{"embeddable":true,"href":"https:\/\/www.mission-21.org\/en\/wp-json\/wp\/v2\/users\/14"}],"replies":[{"embeddable":true,"href":"https:\/\/www.mission-21.org\/en\/wp-json\/wp\/v2\/comments?post=10366"}],"version-history":[{"count":12,"href":"https:\/\/www.mission-21.org\/en\/wp-json\/wp\/v2\/pages\/10366\/revisions"}],"predecessor-version":[{"id":12443,"href":"https:\/\/www.mission-21.org\/en\/wp-json\/wp\/v2\/pages\/10366\/revisions\/12443"}],"wp:featuredmedia":[{"embeddable":true,"href":"https:\/\/www.mission-21.org\/en\/wp-json\/wp\/v2\/media\/8442"}],"wp:attachment":[{"href":"https:\/\/www.mission-21.org\/en\/wp-json\/wp\/v2\/media?parent=10366"}],"wp:term":[{"taxonomy":"hf_cat_page","embeddable":true,"href":"https:\/\/www.mission-21.org\/en\/wp-json\/wp\/v2\/hf_cat_page?post=10366"}],"curies":[{"name":"wp","href":"https:\/\/api.w.org\/{rel}","templated":true}]}}