{"id":10442,"date":"2023-09-11T15:25:40","date_gmt":"2023-09-11T13:25:40","guid":{"rendered":"https:\/\/www.mission-21.org\/?page_id=10442"},"modified":"2023-09-14T18:15:02","modified_gmt":"2023-09-14T16:15:02","slug":"donation-campaign-2023","status":"publish","type":"page","link":"https:\/\/www.mission-21.org\/en\/spenden-kampagne-2023\/","title":{"rendered":"Donate Food sovereignty in Nigeria"},"content":{"rendered":"<h1>\n\t\tThank you very much for your donation!\n\t<\/h1>\n\t\t\t\t<img decoding=\"async\" src=\"https:\/\/www.mission-21.org\/wp-content\/uploads\/2022\/10\/qr-rechnung.jpg\" alt=\"qr invoice\" title=\"QR Invoice\" itemprop=\"image\"\/>\n\t\t<h3>Donate in a fee saving way<\/h3>\t\t\t\n\t\t\t\t<p>A bank transfer reduces transaction costs. Thus, their donation is particularly effective. Download the invoice, use the bank details or the QR code. Thank you very much!<\/p>\n\t\t\t<a href=\"https:\/\/www.mission-21.org\/en\/download\/payment-slip\/\" target=\"_self\" role=\"button\" aria-label=\"Payment slip (PDF)\" rel=\"noopener\">\n\t\t\t\t\t\t\tPayment slip (PDF)\n\t\t<\/a>\n\t<strong>Donation account Switzerland:<\/strong><br \/>\nIBAN: CH58 0900 0000 4072 6233 2<br \/>\nTax exemption number:<br \/>\nCHE-105.706.527\n\t<strong>Donation account Germany:<\/strong><br \/>\nSavings Bank L\u00f6rrach-Rheinfelden<br \/>\nSwift BIC: SKLODE66<br \/>\nBLZ: 683 500 48<br \/>\nIBAN: DE39 6835 0048 0001 0323 33<br \/>\nAccount No. : 1032333","protected":false},"excerpt":{"rendered":"<p>Herzlichen Dank f\u00fcr Ihre Spende! Spenden Sie geb\u00fchrensparend Eine Bank\u00fcberweisung reduziert die Transaktionskosten. So ist ihre Spende besonders effektiv. Laden Sie sich die Rechnung herunter, nutzen Sie die Bankverbindungen oder den QR-Code. Herzlichen Dank! Einzahlungsschein (PDF) Spendenkonto Schweiz: IBAN: CH58 0900 0000 4072 6233 2 Steuerbefreiungsnummer: CHE-105.706.527 Spendenkonto Deutschland: Sparkasse L\u00f6rrach-Rheinfelden Swift-BIC: SKLODE66 BLZ: 683 [&hellip;]<\/p>\n","protected":false},"author":6,"featured_media":0,"parent":0,"menu_order":0,"comment_status":"closed","ping_status":"closed","template":"","meta":{"_acf_changed":false,"_seopress_robots_primary_cat":"","_seopress_titles_title":"","_seopress_titles_desc":"","_seopress_robots_index":"","_searchwp_excluded":"","site-sidebar-layout":"default","site-content-layout":"","ast-site-content-layout":"default","site-content-style":"default","site-sidebar-style":"default","ast-global-header-display":"","ast-banner-title-visibility":"","ast-main-header-display":"","ast-hfb-above-header-display":"","ast-hfb-below-header-display":"","ast-hfb-mobile-header-display":"","site-post-title":"","ast-breadcrumbs-content":"","ast-featured-img":"","footer-sml-layout":"","ast-disable-related-posts":"","theme-transparent-header-meta":"","adv-header-id-meta":"","stick-header-meta":"","header-above-stick-meta":"","header-main-stick-meta":"","header-below-stick-meta":"","astra-migrate-meta-layouts":"default","ast-page-background-enabled":"default","ast-page-background-meta":{"desktop":{"background-color":"var(--ast-global-color-4)","background-image":"","background-repeat":"repeat","background-position":"center center","background-size":"auto","background-attachment":"scroll","background-type":"","background-media":"","overlay-type":"","overlay-color":"","overlay-opacity":"","overlay-gradient":""},"tablet":{"background-color":"","background-image":"","background-repeat":"repeat","background-position":"center center","background-size":"auto","background-attachment":"scroll","background-type":"","background-media":"","overlay-type":"","overlay-color":"","overlay-opacity":"","overlay-gradient":""},"mobile":{"background-color":"","background-image":"","background-repeat":"repeat","background-position":"center center","background-size":"auto","background-attachment":"scroll","background-type":"","background-media":"","overlay-type":"","overlay-color":"","overlay-opacity":"","overlay-gradient":""}},"ast-content-background-meta":{"desktop":{"background-color":"var(--ast-global-color-5)","background-image":"","background-repeat":"repeat","background-position":"center center","background-size":"auto","background-attachment":"scroll","background-type":"","background-media":"","overlay-type":"","overlay-color":"","overlay-opacity":"","overlay-gradient":""},"tablet":{"background-color":"var(--ast-global-color-5)","background-image":"","background-repeat":"repeat","background-position":"center center","background-size":"auto","background-attachment":"scroll","background-type":"","background-media":"","overlay-type":"","overlay-color":"","overlay-opacity":"","overlay-gradient":""},"mobile":{"background-color":"var(--ast-global-color-5)","background-image":"","background-repeat":"repeat","background-position":"center center","background-size":"auto","background-attachment":"scroll","background-type":"","background-media":"","overlay-type":"","overlay-color":"","overlay-opacity":"","overlay-gradient":""}},"iawp_total_views":33,"footnotes":""},"hf_cat_page":[],"class_list":["post-10442","page","type-page","status-publish"],"acf":[],"_links":{"self":[{"href":"https:\/\/www.mission-21.org\/en\/wp-json\/wp\/v2\/pages\/10442","targetHints":{"allow":["GET"]}}],"collection":[{"href":"https:\/\/www.mission-21.org\/en\/wp-json\/wp\/v2\/pages"}],"about":[{"href":"https:\/\/www.mission-21.org\/en\/wp-json\/wp\/v2\/types\/page"}],"author":[{"embeddable":true,"href":"https:\/\/www.mission-21.org\/en\/wp-json\/wp\/v2\/users\/6"}],"replies":[{"embeddable":true,"href":"https:\/\/www.mission-21.org\/en\/wp-json\/wp\/v2\/comments?post=10442"}],"version-history":[{"count":8,"href":"https:\/\/www.mission-21.org\/en\/wp-json\/wp\/v2\/pages\/10442\/revisions"}],"predecessor-version":[{"id":10506,"href":"https:\/\/www.mission-21.org\/en\/wp-json\/wp\/v2\/pages\/10442\/revisions\/10506"}],"wp:attachment":[{"href":"https:\/\/www.mission-21.org\/en\/wp-json\/wp\/v2\/media?parent=10442"}],"wp:term":[{"taxonomy":"hf_cat_page","embeddable":true,"href":"https:\/\/www.mission-21.org\/en\/wp-json\/wp\/v2\/hf_cat_page?post=10442"}],"curies":[{"name":"wp","href":"https:\/\/api.w.org\/{rel}","templated":true}]}}