{"id":18707,"date":"2025-09-23T14:57:32","date_gmt":"2025-09-23T12:57:32","guid":{"rendered":"https:\/\/www.mission-21.org\/?page_id=18707"},"modified":"2025-09-24T15:04:00","modified_gmt":"2025-09-24T13:04:00","slug":"donate-copy-2","status":"publish","type":"page","link":"https:\/\/www.mission-21.org\/en\/spenden-copy-2\/","title":{"rendered":"DDonations"},"content":{"rendered":"<img decoding=\"async\" src=\"https:\/\/www.mission-21.org\/wp-content\/uploads\/2022\/08\/csm_header_news_d521d70e38.jpeg\" alt=\"csm header news d521d70e38\" itemprop=\"image\" height=\"688\" width=\"1680\" title=\"csm_Header_News_d521d70e38\" onerror=\"this.style.display='none'\" loading='lazy' \/>\n\t<!-- F\u00fcgen Sie dieses Element in Ihrem WordPress-Editor ein -->\n\n<h3>\n\t\t\tSave fees when donating\t<\/h3>\n\t<p>Different transaction fees apply depending on the selected payment method. Payments via e-banking with the payment slip and QR code (see below) or to the IBAN number are free of charge.<\/p>\n<p>You can also set up a direct debit or standing order via your bank free of charge.<\/p>\n<p>Transaction fees are charged by online providers: TWINT 1.3%, credit cards 1.5-2.3%, Postfinance 1.5%, Paypal 3.4%. Deposits by post cost between CHF 1.20 and CHF 3.95.<\/p>\n\t\t\t<a href=\"https:\/\/www.mission-21.org\/fileadmin\/user_upload\/Spenden_mit_EZS.pdf\" title=\"Click here\" target=\"_blank\" rel=\"noopener\"  role=\"button\" aria-label=\"\u25ba Payment slip (PDF)\">\n\t\t\t\t\t\t\t\u25ba Payment slip (PDF)\n\t\t<\/a>\n\t\t\t\t\t\t\t\t\t\t<a href=\"#\" id=\"fl-accordion--icon-0\"  tabindex=\"0\"><i>Expand<\/i><\/a>\n\t\t\t\t\t<a href=\"#\"  id=\"fl-accordion--label-0\" tabindex=\"0\" aria-controls=\"fl-accordion--panel-0\">QR code<\/a>\n\t\t\t\t\t<p><img decoding=\"async\" src=\"https:\/\/www.mission-21.org\/wp-content\/uploads\/2022\/10\/qr-rechnung.jpg\" alt=\"qr invoice\" width=\"500\" height=\"500\" \/><\/p>\n\t\t\t\t<img decoding=\"async\" src=\"https:\/\/www.mission-21.org\/wp-content\/uploads\/2022\/09\/csm_missionshaus_basel_profilbild_f6a735181e-1200x674.jpg\" alt=\"csm mission house basel profile picture f6a735181e\" title=\"csm_Missionshaus_Basel_profile_image_f6a735181e\" itemprop=\"image\"\/>\n\t\t<h3>Contact<\/h3>\t\t\t\n<p>Mission 21<br \/>Missionsstrasse 21<br \/>4055 Basel<br \/><a href=\"https:\/\/goo.gl\/maps\/ezkExEpULqu\" target=\"_blank\" rel=\"noopener\">\u25ba Show map<\/a><\/p>\n<p>Tel: +41 (0)61 260 21 20<br \/><a>\u25ba E-mail<\/a><\/p>","protected":false},"excerpt":{"rendered":"<p>Geb\u00fchren sparen beim Spenden Je nach gew\u00e4hltem Zahlungsmittel fallen unterschiedliche Transaktionsgeb\u00fchren an. Kostenfrei sind Zahlungen per E-Banking mit dem Einzahlungsschein und QR-Code (siehe unten) oder auf die IBAN-Nummer. Sie k\u00f6nnen auch via Ihre Bank kostenfrei ein Lastschriftverfahren oder einen Dauerauftrag einrichten. Bei Online-Anbietern fallen Transaktionsgeb\u00fchren an: TWINT 1,3%, Kreditkarten 1,5-2,3%, Postfinance 1,5%, Paypal 3,4%. Einzahlungen [&hellip;]<\/p>\n","protected":false},"author":31,"featured_media":3005,"parent":0,"menu_order":0,"comment_status":"closed","ping_status":"closed","template":"","meta":{"_acf_changed":false,"_seopress_robots_primary_cat":"","_seopress_titles_title":"","_seopress_titles_desc":"","_seopress_robots_index":"","_searchwp_excluded":"","site-sidebar-layout":"default","site-content-layout":"","ast-site-content-layout":"default","site-content-style":"default","site-sidebar-style":"default","ast-global-header-display":"","ast-banner-title-visibility":"","ast-main-header-display":"","ast-hfb-above-header-display":"","ast-hfb-below-header-display":"","ast-hfb-mobile-header-display":"","site-post-title":"","ast-breadcrumbs-content":"","ast-featured-img":"","footer-sml-layout":"","ast-disable-related-posts":"","theme-transparent-header-meta":"","adv-header-id-meta":"","stick-header-meta":"","header-above-stick-meta":"","header-main-stick-meta":"","header-below-stick-meta":"","astra-migrate-meta-layouts":"set","ast-page-background-enabled":"default","ast-page-background-meta":{"desktop":{"background-color":"var(--ast-global-color-4)","background-image":"","background-repeat":"repeat","background-position":"center center","background-size":"auto","background-attachment":"scroll","background-type":"","background-media":"","overlay-type":"","overlay-color":"","overlay-opacity":"","overlay-gradient":""},"tablet":{"background-color":"","background-image":"","background-repeat":"repeat","background-position":"center center","background-size":"auto","background-attachment":"scroll","background-type":"","background-media":"","overlay-type":"","overlay-color":"","overlay-opacity":"","overlay-gradient":""},"mobile":{"background-color":"","background-image":"","background-repeat":"repeat","background-position":"center center","background-size":"auto","background-attachment":"scroll","background-type":"","background-media":"","overlay-type":"","overlay-color":"","overlay-opacity":"","overlay-gradient":""}},"ast-content-background-meta":{"desktop":{"background-color":"var(--ast-global-color-5)","background-image":"","background-repeat":"repeat","background-position":"center center","background-size":"auto","background-attachment":"scroll","background-type":"","background-media":"","overlay-type":"","overlay-color":"","overlay-opacity":"","overlay-gradient":""},"tablet":{"background-color":"var(--ast-global-color-5)","background-image":"","background-repeat":"repeat","background-position":"center center","background-size":"auto","background-attachment":"scroll","background-type":"","background-media":"","overlay-type":"","overlay-color":"","overlay-opacity":"","overlay-gradient":""},"mobile":{"background-color":"var(--ast-global-color-5)","background-image":"","background-repeat":"repeat","background-position":"center center","background-size":"auto","background-attachment":"scroll","background-type":"","background-media":"","overlay-type":"","overlay-color":"","overlay-opacity":"","overlay-gradient":""}},"iawp_total_views":4,"footnotes":""},"hf_cat_page":[303],"class_list":["post-18707","page","type-page","status-publish","has-post-thumbnail"],"acf":[],"_links":{"self":[{"href":"https:\/\/www.mission-21.org\/en\/wp-json\/wp\/v2\/pages\/18707","targetHints":{"allow":["GET"]}}],"collection":[{"href":"https:\/\/www.mission-21.org\/en\/wp-json\/wp\/v2\/pages"}],"about":[{"href":"https:\/\/www.mission-21.org\/en\/wp-json\/wp\/v2\/types\/page"}],"author":[{"embeddable":true,"href":"https:\/\/www.mission-21.org\/en\/wp-json\/wp\/v2\/users\/31"}],"replies":[{"embeddable":true,"href":"https:\/\/www.mission-21.org\/en\/wp-json\/wp\/v2\/comments?post=18707"}],"version-history":[{"count":6,"href":"https:\/\/www.mission-21.org\/en\/wp-json\/wp\/v2\/pages\/18707\/revisions"}],"predecessor-version":[{"id":18741,"href":"https:\/\/www.mission-21.org\/en\/wp-json\/wp\/v2\/pages\/18707\/revisions\/18741"}],"wp:featuredmedia":[{"embeddable":true,"href":"https:\/\/www.mission-21.org\/en\/wp-json\/wp\/v2\/media\/3005"}],"wp:attachment":[{"href":"https:\/\/www.mission-21.org\/en\/wp-json\/wp\/v2\/media?parent=18707"}],"wp:term":[{"taxonomy":"hf_cat_page","embeddable":true,"href":"https:\/\/www.mission-21.org\/en\/wp-json\/wp\/v2\/hf_cat_page?post=18707"}],"curies":[{"name":"wp","href":"https:\/\/api.w.org\/{rel}","templated":true}]}}