{"id":20058,"date":"2026-03-26T13:59:08","date_gmt":"2026-03-26T12:59:08","guid":{"rendered":"https:\/\/www.mission-21.org\/?page_id=20058"},"modified":"2026-04-13T13:27:07","modified_gmt":"2026-04-13T11:27:07","slug":"taty-p-suandi-and-cliff-edward-kasakeyan-two-voices-against-silence","status":"publish","type":"page","link":"https:\/\/www.mission-21.org\/en\/kampagne-2026\/taty-p-suandi-und-cliff-edward-kasakeyan-zwei-stimmen-gegen-das-schweigen\/","title":{"rendered":"taty p suandi and cliff edward kasakeyan two voices against silence"},"content":{"rendered":"<h2>taty p suandi and cliff edward kasakeyan two voices against silence<\/h2>\n<p><strong>As a psychologist and pastor, Taty P. Suandi and Cliff Edward Kasakeyan are campaigning against gender-based and sexualized violence in Indonesia. They listen, educate and work tirelessly on behalf of those affected.<\/strong><\/p>\nTaty P. Suandi has a clear vision and a clear mission. As a psychologist at the Pasundan Durebang Center in Bandung, West Java, she is committed to helping women and children who have experienced gender-based and sexualized violence. Taty P. Suandi advises people affected by violence at the center or visits them at home, accompanies them to court hearings and carries out prevention and awareness-raising work.<br \/>\nThe center was founded by the Protestant Reformed Pasundan Church (GKP), with which Mission 21 has a long-standing relationship. West Java is a distinctly Islamic region, with Christians forming a small minority. However, instead of isolating itself, the Pasundan Church focuses on dialog. The center is living proof that interfaith cooperation works. Taty P. Suandi, herself a Muslim, has been involved since the center was founded in 2013.\n<p>\u00ab20 years ago, we thought there weren't many cases of violence,\u00bb says the committed woman. \u00abWe thought we were doing well. But it was just the tip of the iceberg.\u00bb When the center set up an emergency hotline, it became clear that reports of violence were piling up in an unexpectedly short space of time.<\/p>\n<h3>Millions of women in a dangerous situation<\/h3>\nThe figures speak for themselves: several million Indonesian women who work as domestic workers or caregivers in Malaysia or Hong Kong due to their precarious financial situation do not know what to expect in their destination country. They have poor access to information and are therefore very vulnerable. They often experience exploitation and violence. The statistics show just how dangerous the situation is: on average, one deceased Indonesian migrant has to be repatriated from Malaysia every day.<br \/>\nBut it's not just about labor migration. In Indonesia, around 1.2 million Indonesian women are underage when they get married every year. Gender-based and sexualized violence is also a problem in general.<br \/>\n\u00abWe receive new cases every month,\u00bb says Cliff Edward Kasakeyan. He is a pastor at Pasundan Church and also works at Pasundan Durebang. He is particularly angry when children are affected.\n\t<p><small>Taty P. Suandi, Cliff Edward Kasakeyan and the team of the Pasundan Durebang Center during counseling sessions and their commitment against violence, 2026. Photos: Rosa Panggabean for Mission 21.<\/small><\/p>\n\t<h3>Roots of violence<\/h3>\nThe reasons for gender-based and sexualized violence include a lack of education about sexuality and the tabooing of sexualized violence. In addition, violence often occurs in close surroundings. Out of dependence on the perpetrator, many victims remain silent - for fear that they will not be believed or that they will not receive protection.<br \/>\nPatriarchal ideas massively reinforce gender inequality. \u00abPatriarchal systems not only victimize women, but also men,\u00bb adds Taty P. Suandi. \u00abMen have to be strong, logical and must not show weakness. That harms them too.\u00bb\nThe Pasundan Durebang is committed to ensuring that men are also part of the solution. Cliff Edward Kasakeyan, for example, advises perpetrators in order to break the vicious cycle of violence. He also carries out awareness and prevention campaigns in schools, churches and public spaces.<br \/>\nKarmila Jusup, project coordinator and local person responsible for overcoming gender-based violence for Mission 21, founded the center. She explains: \u00abWe offer a holistic approach - psychological, medical and legal support, including assistance in court.\u00bb At the Pasundan Durebang Center, women and children not only find protection in emergencies and temporary accommodation, but also programs to strengthen self-determination and advice directly in their homes.\n<h3>What gives hope<\/h3>\n\u00abJustice must be fought for,\u00bb says Cliff Edward Kasakeyan resolutely. \u00abWe can't stop fighting for vulnerable people. It may be tiring, but that's okay.\u00bb<br \/>\nHe is particularly moved when communities actively approach the center: \u00abThey say with enthusiasm: Come, give us training, educate us! This means that an awareness has been created - in society, in organizations, in churches. Moments like that give me energy.\u00bb\n\t\t\t<h3>Indonesia: Between vacation paradise and harsh reality<\/h3>\t\t\t\n\t\t\t\t<p>The search for work takes many women far away, but often involves the risk of exploitation and violence. Find out how Mission 21, together with local partner organizations, empowers women across religious boundaries and offers reliable support and protection.<\/p>\n<a href=\"https:\/\/www.mission-21.org\/en\/campaign-2036\/reliable-support-in-unstable-times\/\" target=\"_self\">Read background \u2192<\/a>\t\t\t\n\t\t\n\t\t\t<a href=\"https:\/\/www.mission-21.org\/en\/campaign-2036\/\"  target=\"_self\">\n\t\t\t\t\t\t\t\u2190 Back to overview: Together against violence\n\t\t\t\t\t<\/a>","protected":false},"excerpt":{"rendered":"<p>Taty P. Suandi und Cliff Edward Kasakeyan: Zwei Stimmen gegen das Schweigen Als Psychologin und als Pfarrer setzen sich Taty P. Suandi und Cliff Edward Kasakeyan in Indonesien gegen geschlechtsbezogene und sexualisierte Gewalt ein. Sie h\u00f6ren zu, kl\u00e4ren auf und setzen sich unerm\u00fcdlich f\u00fcr Betroffene ein. Taty P. Suandi hat einen bestimmten Blick und eine [&hellip;]<\/p>\n","protected":false},"author":34,"featured_media":0,"parent":20107,"menu_order":0,"comment_status":"closed","ping_status":"closed","template":"","meta":{"_acf_changed":false,"_seopress_robots_primary_cat":"","_seopress_titles_title":"","_seopress_titles_desc":"","_seopress_robots_index":"","_searchwp_excluded":"","site-sidebar-layout":"default","site-content-layout":"","ast-site-content-layout":"default","site-content-style":"default","site-sidebar-style":"default","ast-global-header-display":"","ast-banner-title-visibility":"","ast-main-header-display":"","ast-hfb-above-header-display":"","ast-hfb-below-header-display":"","ast-hfb-mobile-header-display":"","site-post-title":"","ast-breadcrumbs-content":"","ast-featured-img":"","footer-sml-layout":"","ast-disable-related-posts":"","theme-transparent-header-meta":"","adv-header-id-meta":"","stick-header-meta":"","header-above-stick-meta":"","header-main-stick-meta":"","header-below-stick-meta":"","astra-migrate-meta-layouts":"set","ast-page-background-enabled":"default","ast-page-background-meta":{"desktop":{"background-color":"var(--ast-global-color-4)","background-image":"","background-repeat":"repeat","background-position":"center center","background-size":"auto","background-attachment":"scroll","background-type":"","background-media":"","overlay-type":"","overlay-color":"","overlay-opacity":"","overlay-gradient":""},"tablet":{"background-color":"","background-image":"","background-repeat":"repeat","background-position":"center center","background-size":"auto","background-attachment":"scroll","background-type":"","background-media":"","overlay-type":"","overlay-color":"","overlay-opacity":"","overlay-gradient":""},"mobile":{"background-color":"","background-image":"","background-repeat":"repeat","background-position":"center center","background-size":"auto","background-attachment":"scroll","background-type":"","background-media":"","overlay-type":"","overlay-color":"","overlay-opacity":"","overlay-gradient":""}},"ast-content-background-meta":{"desktop":{"background-color":"var(--ast-global-color-5)","background-image":"","background-repeat":"repeat","background-position":"center center","background-size":"auto","background-attachment":"scroll","background-type":"","background-media":"","overlay-type":"","overlay-color":"","overlay-opacity":"","overlay-gradient":""},"tablet":{"background-color":"var(--ast-global-color-5)","background-image":"","background-repeat":"repeat","background-position":"center center","background-size":"auto","background-attachment":"scroll","background-type":"","background-media":"","overlay-type":"","overlay-color":"","overlay-opacity":"","overlay-gradient":""},"mobile":{"background-color":"var(--ast-global-color-5)","background-image":"","background-repeat":"repeat","background-position":"center center","background-size":"auto","background-attachment":"scroll","background-type":"","background-media":"","overlay-type":"","overlay-color":"","overlay-opacity":"","overlay-gradient":""}},"iawp_total_views":28,"footnotes":""},"hf_cat_page":[],"class_list":["post-20058","page","type-page","status-publish"],"acf":[],"_links":{"self":[{"href":"https:\/\/www.mission-21.org\/en\/wp-json\/wp\/v2\/pages\/20058","targetHints":{"allow":["GET"]}}],"collection":[{"href":"https:\/\/www.mission-21.org\/en\/wp-json\/wp\/v2\/pages"}],"about":[{"href":"https:\/\/www.mission-21.org\/en\/wp-json\/wp\/v2\/types\/page"}],"author":[{"embeddable":true,"href":"https:\/\/www.mission-21.org\/en\/wp-json\/wp\/v2\/users\/34"}],"replies":[{"embeddable":true,"href":"https:\/\/www.mission-21.org\/en\/wp-json\/wp\/v2\/comments?post=20058"}],"version-history":[{"count":5,"href":"https:\/\/www.mission-21.org\/en\/wp-json\/wp\/v2\/pages\/20058\/revisions"}],"predecessor-version":[{"id":20229,"href":"https:\/\/www.mission-21.org\/en\/wp-json\/wp\/v2\/pages\/20058\/revisions\/20229"}],"up":[{"embeddable":true,"href":"https:\/\/www.mission-21.org\/en\/wp-json\/wp\/v2\/pages\/20107"}],"wp:attachment":[{"href":"https:\/\/www.mission-21.org\/en\/wp-json\/wp\/v2\/media?parent=20058"}],"wp:term":[{"taxonomy":"hf_cat_page","embeddable":true,"href":"https:\/\/www.mission-21.org\/en\/wp-json\/wp\/v2\/hf_cat_page?post=20058"}],"curies":[{"name":"wp","href":"https:\/\/api.w.org\/{rel}","templated":true}]}}