{"id":20083,"date":"2026-03-26T16:51:58","date_gmt":"2026-03-26T15:51:58","guid":{"rendered":"https:\/\/www.mission-21.org\/?page_id=20083"},"modified":"2026-04-14T15:47:44","modified_gmt":"2026-04-14T13:47:44","slug":"reliable-support-in-unstable-times","status":"publish","type":"page","link":"https:\/\/www.mission-21.org\/en\/kampagne-2026\/zuverlaessige-unterstuetzung-in-instabilen-zeiten\/","title":{"rendered":"Reliable support in unstable times"},"content":{"rendered":"<h2>Reliable support in unstable times<\/h2>\n<p><strong>When you hear \u00abIndonesia\u00bb, you often think of the dream island of Bali, paradisiacal sandy beaches, lush rainforests and great cultural diversity. If you take a closer look at the world's fourth-largest country in terms of population, you will also notice some major challenges - including violence against women and children.<\/strong><\/p>\n<p>A national survey shows that one in four Indonesian women has experienced physical or sexualized violence - two of the most common forms of gender-based violence. However, only a fraction of these cases have been recorded by the police. Many of those affected do not report violent crimes - for example out of fear, because of social stigmatization or a lack of trust in the authorities.<\/p>\n<p>In Indonesian society, many women are structurally disadvantaged and wives are even subordinate to their husbands under civil law. For example, women are legally considered guilty if they move away from their husbands due to domestic violence. Girls can experience extreme forms of heteronomy: Despite the ban, more than one million underage Indonesian girls are forced into marriage every year.<\/p>\n\t<p><small>Impressions from Bandung (West Java, Indonesia), 2026. Photo: Rosa Panggabean for Mission 21.<\/small><\/p>\n\t<h3>Preventing human trafficking and violence<\/h3>\n<p>Financial hardship, patriarchal norms and family pressure also lead to many Indonesian women migrating to the cities or looking for a job abroad. Around six million Indonesian women currently work abroad. They are usually placed by agencies as domestic workers or caregivers, making them financially dependent on the agencies.<\/p>\n<p>In Hong Kong, where around 150,000 Indonesian women work, domestic workers are particularly vulnerable to exploitation and abuse due to the obligation to live with their employers. Mission 21 supports the partner organization 'Christian Action\u00ab there, which offers affected women emergency accommodation as well as legal and psychosocial support. We are also working with partner organizations in Indonesia to prevent human trafficking and violence. We work with both churches and interfaith organizations and empower women across religious boundaries.<\/p>\n<h3>Social achievements under pressure<\/h3>\n<p>Since the election of President Prabowo Subianto in 2024, progress towards equality has once again been called into question by politicians - for example, a groundbreaking law from 2022, which actually brought decisive improvements in the fight against gender-based and sexualized violence.<\/p>\n<p>The increasingly unstable political and social situation makes the work of our local partner organizations more difficult and at the same time all the more important. They have close cultural and religious ties with the local population and enjoy their trust. This can be seen, for example, at the \u00abPasundan Durebang Center\u00bb in Bandung (West Java). Women and children affected by violence as well as people with diverse gender identities and sexual orientations find protection and a wide range of support here, for example from psychologist Taty P. Suandi and pastor Cliff Edward Kasakeyan. You will learn about their work <a href=\"https:\/\/www.mission-21.org\/en\/preview-campaign-2026\/taty-p-suandi-and-cliff-edward-kasakeyan-two-voices-against-silence\/\">here<\/a> know.<\/p>\n  <h3>Background: The current situation in Indonesia<\/h3>\n  \n    Would you like to know more about the socio-political context in which our projects are located?\n    One year after President Prabowo came to power, the human rights organization \n    <strong>Watch Indonesia!<\/strong> Balance sheet. The article offers a well-founded classification of the current\n    developments and the challenges currently facing civil society in Indonesia.\n  \n  <a href=\"https:\/\/www.watchindonesia.de\/de\/article\/23087.indonesien-ein-jahr-regierung-unter-prabowo-wo-steht-das-land.html\" \n     target=\"_blank\" \n     rel=\"noopener\">\n     Click here for the Watch Indonesia report! \u2192\n  <\/a>\n\t\t\t<h3>Two voices against violence<\/h3>\t\t\t\n\t\t\t\t<p>In Indonesia, a psychologist and a priest look where others look away. Find out how Taty P. Suandi and Cliff Edward Kasakeyan break taboos together and open up new perspectives for those affected.<\/p>\n<a href=\"https:\/\/www.mission-21.org\/en\/campaign-2036\/taty-p-suandi-and-cliff-edward-kasakeyan-two-voices-against-silence\/\" target=\"_self\">To the whole story \u2192<\/a>\t\t\t\n\t\t\n\t\t\t<a href=\"https:\/\/www.mission-21.org\/en\/campaign-2036\/\"  target=\"_self\">\n\t\t\t\t\t\t\t\u2190 Back to overview: Together against violence\n\t\t\t\t\t<\/a>","protected":false},"excerpt":{"rendered":"<p>Zuverl\u00e4ssige Unterst\u00fctzung in instabilen Zeiten Wer \u00abIndonesien\u00bb h\u00f6rt, denkt oftmals an die Trauminsel Bali, paradiesische Sandstr\u00e4nde, \u00fcppige Regenw\u00e4lder und eine grosse kulturelle Vielfalt. Befasst man sich etwas n\u00e4her mit dem bev\u00f6lkerungsm\u00e4ssig viertgr\u00f6ssten Staat der Erde, lassen sich auch grosse Herausforderungen erkennen &#8211; zu diesen geh\u00f6rt Gewalt an Frauen und Kindern. Eine nationale Befragung zeigt, dass [&hellip;]<\/p>\n","protected":false},"author":34,"featured_media":0,"parent":20107,"menu_order":0,"comment_status":"closed","ping_status":"closed","template":"","meta":{"_acf_changed":false,"_seopress_robots_primary_cat":"","_seopress_titles_title":"","_seopress_titles_desc":"","_seopress_robots_index":"","_searchwp_excluded":"","site-sidebar-layout":"default","site-content-layout":"","ast-site-content-layout":"default","site-content-style":"default","site-sidebar-style":"default","ast-global-header-display":"","ast-banner-title-visibility":"","ast-main-header-display":"","ast-hfb-above-header-display":"","ast-hfb-below-header-display":"","ast-hfb-mobile-header-display":"","site-post-title":"","ast-breadcrumbs-content":"","ast-featured-img":"","footer-sml-layout":"","ast-disable-related-posts":"","theme-transparent-header-meta":"","adv-header-id-meta":"","stick-header-meta":"","header-above-stick-meta":"","header-main-stick-meta":"","header-below-stick-meta":"","astra-migrate-meta-layouts":"set","ast-page-background-enabled":"default","ast-page-background-meta":{"desktop":{"background-color":"var(--ast-global-color-4)","background-image":"","background-repeat":"repeat","background-position":"center center","background-size":"auto","background-attachment":"scroll","background-type":"","background-media":"","overlay-type":"","overlay-color":"","overlay-opacity":"","overlay-gradient":""},"tablet":{"background-color":"","background-image":"","background-repeat":"repeat","background-position":"center center","background-size":"auto","background-attachment":"scroll","background-type":"","background-media":"","overlay-type":"","overlay-color":"","overlay-opacity":"","overlay-gradient":""},"mobile":{"background-color":"","background-image":"","background-repeat":"repeat","background-position":"center center","background-size":"auto","background-attachment":"scroll","background-type":"","background-media":"","overlay-type":"","overlay-color":"","overlay-opacity":"","overlay-gradient":""}},"ast-content-background-meta":{"desktop":{"background-color":"var(--ast-global-color-5)","background-image":"","background-repeat":"repeat","background-position":"center center","background-size":"auto","background-attachment":"scroll","background-type":"","background-media":"","overlay-type":"","overlay-color":"","overlay-opacity":"","overlay-gradient":""},"tablet":{"background-color":"var(--ast-global-color-5)","background-image":"","background-repeat":"repeat","background-position":"center center","background-size":"auto","background-attachment":"scroll","background-type":"","background-media":"","overlay-type":"","overlay-color":"","overlay-opacity":"","overlay-gradient":""},"mobile":{"background-color":"var(--ast-global-color-5)","background-image":"","background-repeat":"repeat","background-position":"center center","background-size":"auto","background-attachment":"scroll","background-type":"","background-media":"","overlay-type":"","overlay-color":"","overlay-opacity":"","overlay-gradient":""}},"iawp_total_views":60,"footnotes":""},"hf_cat_page":[],"class_list":["post-20083","page","type-page","status-publish"],"acf":[],"_links":{"self":[{"href":"https:\/\/www.mission-21.org\/en\/wp-json\/wp\/v2\/pages\/20083","targetHints":{"allow":["GET"]}}],"collection":[{"href":"https:\/\/www.mission-21.org\/en\/wp-json\/wp\/v2\/pages"}],"about":[{"href":"https:\/\/www.mission-21.org\/en\/wp-json\/wp\/v2\/types\/page"}],"author":[{"embeddable":true,"href":"https:\/\/www.mission-21.org\/en\/wp-json\/wp\/v2\/users\/34"}],"replies":[{"embeddable":true,"href":"https:\/\/www.mission-21.org\/en\/wp-json\/wp\/v2\/comments?post=20083"}],"version-history":[{"count":10,"href":"https:\/\/www.mission-21.org\/en\/wp-json\/wp\/v2\/pages\/20083\/revisions"}],"predecessor-version":[{"id":20253,"href":"https:\/\/www.mission-21.org\/en\/wp-json\/wp\/v2\/pages\/20083\/revisions\/20253"}],"up":[{"embeddable":true,"href":"https:\/\/www.mission-21.org\/en\/wp-json\/wp\/v2\/pages\/20107"}],"wp:attachment":[{"href":"https:\/\/www.mission-21.org\/en\/wp-json\/wp\/v2\/media?parent=20083"}],"wp:term":[{"taxonomy":"hf_cat_page","embeddable":true,"href":"https:\/\/www.mission-21.org\/en\/wp-json\/wp\/v2\/hf_cat_page?post=20083"}],"curies":[{"name":"wp","href":"https:\/\/api.w.org\/{rel}","templated":true}]}}