{"id":20319,"date":"2026-04-27T13:42:30","date_gmt":"2026-04-27T11:42:30","guid":{"rendered":"https:\/\/www.mission-21.org\/?page_id=20319"},"modified":"2026-04-27T14:43:31","modified_gmt":"2026-04-27T12:43:31","slug":"we-need-significantly-more-resources-for-prevention-and-protection","status":"publish","type":"page","link":"https:\/\/www.mission-21.org\/en\/kampagne-2026\/wir-brauchen-deutlichmehr-ressourcen-fuerpraevention-und-schutz\/","title":{"rendered":"We need significantly more resources for prevention and protection"},"content":{"rendered":"<h2>Interview with Barbara Heer: Protection and prevention<\/h2>\n        <img decoding=\"async\" src=\"https:\/\/www.mission-21.org\/wp-content\/uploads\/2026\/04\/barbara_heer_800x800.jpg\" \n             alt=\"Portrait of Barbara Heer, Equal Opportunities Officer at Mission 21\"\/>\n    \n        Gender-based violence is also a reality in Switzerland. Barbara Heer, Gender Equality Officer at Mission 21, explains what responsibility churches have, why binding protection concepts are key and why men play a central role in bringing about change.\n    \n    <h3>What does your work as Head of Women and Gender at Mission 21 look like?<\/h3>\n    \n        I advise all employees and the management of Mission 21 on the topic of gender equality and ensure that they have the necessary tools and knowledge at their disposal. I also work with other specialists to initiate topics for innovative pilot projects in our network, such as the recent topic of masculinities.\n    \n    \n        Men and images of men play a key role in achieving greater gender equality and preventing gender-based violence. It is important to question harmful ideas of masculinity that can encourage or justify violence.\n    \n        \n            \u00abMen and images of men play a key role on the path to greater gender equality\u00bb\n        \n    \n        At the same time, narrow gender images also restrict the freedom of men and boys - often with consequences for their mental health. Last but not least, it is important to recognize that men are also affected by sexualized violence.\n    \n    <h3>Gender relations vary around the world. How does Mission 21 deal with this?<\/h3>\n    \n        What gender equality means varies from context to context and is also part of a social negotiation process within a country. The partner churches and organizations of Mission 21, which are specifically committed to combating gender-based violence, are well aware of the structural causes on the ground and know how these need to be addressed.\n    \n    \n        Mission 21 also has an international advisory board for gender justice. We put our work up for critical discussion there.\n    \n    <h3>Are there parallels or differences between the situation in Switzerland and Indonesia?<\/h3>\n    \n        Both countries are struggling with high case numbers, a number of unreported cases that is difficult to record and the growing importance of digital violence. People with multiple discrimination are particularly affected. Civil society and the state are working intensively in both contexts to expand protective measures and strengthen laws. The revision of sexual criminal law in Switzerland has been implemented since summer 2025. In Indonesia, a forward-looking law was passed in 2022, but is being called into question again by current political developments.\n    \n    \n        Forced marriages and human trafficking are more widespread in Indonesia. In addition, access to shelters and the police is very precarious in Indonesia, depending on the region.\n    \n    \n        The legal gaps and shortcomings in the implementation of laws are even greater in Indonesia. Civil society often takes on core functions, such as in the Pasundan Durebang protection center, which Mission 21 co-finances. NGOs also play an important role in Switzerland, but they can rely more heavily on public funding.\n    \n    <h3>What role can Swiss churches play?<\/h3>\n    \n        As we know, gender-based and sexualized violence can also occur in churches. Religions are repeatedly misused to ascribe alleged inferiority to women or to legitimize homophobic attitudes. Churches and pastors can take a decisive stand against this by focusing on human rights and condemning all forms of violence.\n    \n        \n            \u00abChurches must guarantee safe spaces\u00bb\n        \n    \n        Churches must ensure safe spaces and it is advisable to have and implement regulations against gender-based and sexualized violence. All of Mission 21's partner churches have such regulations.\n    \n    \n        It is also important to be aware that gender-based and sexualized violence is a major, often invisible problem. A high level of trauma sensitivity on the part of pastors and church social counselors is therefore of central importance.\n    \n    <h3>Are there any social changes that you think are necessary?<\/h3>\n    \n        In addition to involving men and changing gender perceptions, we need more resources for prevention, protection and support for those affected.\n    \n    \n        Further steps are needed to remove taboos: many of those affected do not talk about their experiences for the rest of their lives because the overall environment makes transgressions taboo or relativizes them. Mission 21's campaign aims to contribute to improving all of these issues.\n    \n\t\t\t<h3>Indonesia: Between vacation paradise and harsh reality<\/h3>\t\t\t\n\t\t\t\t<p>The search for work takes many women far away, but often involves the risk of exploitation and violence. Find out how Mission 21, together with local partner organizations, empowers women across religious boundaries and offers reliable support and protection.<\/p>\n<a href=\"https:\/\/www.mission-21.org\/en\/campaign-2036\/reliable-support-in-unstable-times\/\" target=\"_self\">Read background \u2192<\/a>\t\t\t\n\t\t\t<h3>Two voices against violence<\/h3>\t\t\t\n\t\t\t\t<p>In Indonesia, a psychologist and a priest look where others look away. Find out how Taty P. Suandi and Cliff Edward Kasakeyan break taboos together and open up new perspectives for those affected.<\/p>\n<a href=\"https:\/\/www.mission-21.org\/en\/campaign-2036\/taty-p-suandi-and-cliff-edward-kasakeyan-two-voices-against-silence\/\" target=\"_self\">To the whole story \u2192<\/a>\t\t\t\n    <h3>\n        Together against violence\u00ab campaign\u00bb\n    <\/h3>\n    <a href=\"https:\/\/www.mission-21.org\/en\/campaign-2036\/together-against-violence\/\" \n       onmouseover=\"this.style.backgroundColor='#1a3a75'; this.style.transform='translateY(-2px)';\" \n       onmouseout=\"this.style.backgroundColor='#254E9C'; this.style.transform='translateY(0)';\">\n        \u2190 Back to overview\n    <\/a>\n    \n        Together we can overcome violence: \n        <a href=\"https:\/\/www.mission-21.org\/en\/donate\/?zweck=kampagne2026\" \n           onmouseover=\"this.style.color='#D97912';\"\n           onmouseout=\"this.style.color='#F28D1B';\">\n            Donate now\n        <\/a>","protected":false},"excerpt":{"rendered":"<p>Interview mit Barbara Heer: Schutz und Pr\u00e4vention Geschlechtsbezogene Gewalt ist auch in der Schweiz Realit\u00e4t. Barbara Heer, Gleichstellungsbeauftragte von Mission 21, erkl\u00e4rt, welche Verantwortung Kirchen tragen, warum verbindliche Schutzkonzepte zentral sind und wieso M\u00e4nner eine zentrale Rolle f\u00fcr den Wandel spielen. Wie sieht Deine Arbeit als Leiterin Stabsstelle Frauen und Gender bei Mission 21 aus? [&hellip;]<\/p>\n","protected":false},"author":34,"featured_media":0,"parent":20107,"menu_order":0,"comment_status":"closed","ping_status":"closed","template":"","meta":{"_acf_changed":false,"_seopress_robots_primary_cat":"","_seopress_titles_title":"Schutz vor Gewalt: Interview mit Barbara Heer","_seopress_titles_desc":"","_seopress_robots_index":"","_searchwp_excluded":"","site-sidebar-layout":"default","site-content-layout":"","ast-site-content-layout":"default","site-content-style":"default","site-sidebar-style":"default","ast-global-header-display":"","ast-banner-title-visibility":"","ast-main-header-display":"","ast-hfb-above-header-display":"","ast-hfb-below-header-display":"","ast-hfb-mobile-header-display":"","site-post-title":"","ast-breadcrumbs-content":"","ast-featured-img":"","footer-sml-layout":"","ast-disable-related-posts":"","theme-transparent-header-meta":"","adv-header-id-meta":"","stick-header-meta":"","header-above-stick-meta":"","header-main-stick-meta":"","header-below-stick-meta":"","astra-migrate-meta-layouts":"set","ast-page-background-enabled":"default","ast-page-background-meta":{"desktop":{"background-color":"var(--ast-global-color-4)","background-image":"","background-repeat":"repeat","background-position":"center center","background-size":"auto","background-attachment":"scroll","background-type":"","background-media":"","overlay-type":"","overlay-color":"","overlay-opacity":"","overlay-gradient":""},"tablet":{"background-color":"","background-image":"","background-repeat":"repeat","background-position":"center center","background-size":"auto","background-attachment":"scroll","background-type":"","background-media":"","overlay-type":"","overlay-color":"","overlay-opacity":"","overlay-gradient":""},"mobile":{"background-color":"","background-image":"","background-repeat":"repeat","background-position":"center center","background-size":"auto","background-attachment":"scroll","background-type":"","background-media":"","overlay-type":"","overlay-color":"","overlay-opacity":"","overlay-gradient":""}},"ast-content-background-meta":{"desktop":{"background-color":"var(--ast-global-color-5)","background-image":"","background-repeat":"repeat","background-position":"center center","background-size":"auto","background-attachment":"scroll","background-type":"","background-media":"","overlay-type":"","overlay-color":"","overlay-opacity":"","overlay-gradient":""},"tablet":{"background-color":"var(--ast-global-color-5)","background-image":"","background-repeat":"repeat","background-position":"center center","background-size":"auto","background-attachment":"scroll","background-type":"","background-media":"","overlay-type":"","overlay-color":"","overlay-opacity":"","overlay-gradient":""},"mobile":{"background-color":"var(--ast-global-color-5)","background-image":"","background-repeat":"repeat","background-position":"center center","background-size":"auto","background-attachment":"scroll","background-type":"","background-media":"","overlay-type":"","overlay-color":"","overlay-opacity":"","overlay-gradient":""}},"iawp_total_views":32,"footnotes":""},"hf_cat_page":[],"class_list":["post-20319","page","type-page","status-publish"],"acf":[],"_links":{"self":[{"href":"https:\/\/www.mission-21.org\/en\/wp-json\/wp\/v2\/pages\/20319","targetHints":{"allow":["GET"]}}],"collection":[{"href":"https:\/\/www.mission-21.org\/en\/wp-json\/wp\/v2\/pages"}],"about":[{"href":"https:\/\/www.mission-21.org\/en\/wp-json\/wp\/v2\/types\/page"}],"author":[{"embeddable":true,"href":"https:\/\/www.mission-21.org\/en\/wp-json\/wp\/v2\/users\/34"}],"replies":[{"embeddable":true,"href":"https:\/\/www.mission-21.org\/en\/wp-json\/wp\/v2\/comments?post=20319"}],"version-history":[{"count":10,"href":"https:\/\/www.mission-21.org\/en\/wp-json\/wp\/v2\/pages\/20319\/revisions"}],"predecessor-version":[{"id":20339,"href":"https:\/\/www.mission-21.org\/en\/wp-json\/wp\/v2\/pages\/20319\/revisions\/20339"}],"up":[{"embeddable":true,"href":"https:\/\/www.mission-21.org\/en\/wp-json\/wp\/v2\/pages\/20107"}],"wp:attachment":[{"href":"https:\/\/www.mission-21.org\/en\/wp-json\/wp\/v2\/media?parent=20319"}],"wp:term":[{"taxonomy":"hf_cat_page","embeddable":true,"href":"https:\/\/www.mission-21.org\/en\/wp-json\/wp\/v2\/hf_cat_page?post=20319"}],"curies":[{"name":"wp","href":"https:\/\/api.w.org\/{rel}","templated":true}]}}