{"id":20347,"date":"2026-04-28T09:13:46","date_gmt":"2026-04-28T07:13:46","guid":{"rendered":"https:\/\/www.mission-21.org\/?page_id=20347"},"modified":"2026-05-04T15:10:46","modified_gmt":"2026-05-04T13:10:46","slug":"glossary-terms-violence","status":"publish","type":"page","link":"https:\/\/www.mission-21.org\/en\/kampagne-2026\/glossar-begriffe-gewalt\/","title":{"rendered":"Glossary of terms Violence"},"content":{"rendered":"<p><strong>Mission 21 bases its activities on internationally recognized definitions. Click on the terms to read the explanations.<\/strong><\/p>\n\t\t\t\t\t<h2 id=\"fl-accordion--label-0\">Sexualized and gender-based violence<\/h2>\n\t\t\t\t\t\t\t\t\t\t\t<button type=\"button\" id=\"fl-accordion--icon-0\" aria-expanded=\"false\" aria-controls=\"fl-accordion--panel-0\"><i>Expand<\/i><\/button>\n\t\t\t\t\t<ul>\n<li>\n<b data-path-to-node=\"3,0,1,0\" data-index-in-node=\"0\">Definition:<\/b> This form of violence refers to any act against a person's will that is rooted in unequal power relations and patriarchal gender norms. It includes physical, sexual or psychological harm, including the threat of such acts, coercion and deprivation of liberty, as well as the deliberate denial of resources or access to services.\n<\/li>\n<li>\n<b data-path-to-node=\"3,1,1,0\" data-index-in-node=\"0\">Most common forms:<\/b> This includes domestic violence, child marriage, female genital mutilation, human trafficking and sexualized violence such as rape or sexual harassment\n<\/li>\n<li>\n<b data-path-to-node=\"3,2,1,0\" data-index-in-node=\"0\">Context:<\/b> This violence can occur in both private and public spaces - in relationships, families, at work, in churches and increasingly also in digital spaces.\n<\/li>\n<li>\n<b data-path-to-node=\"3,3,1,0\" data-index-in-node=\"0\">Background:<\/b> Women, girls, men, boys and LGBTQIA+ people are affected. Systemic gender inequality is the fundamental and defining characteristic of these different manifestations of violence. Mission 21 deliberately uses this combined term to emphasize the severity and the ongoing taboo of sexualized violence.\n<\/li>\n<\/ul>\n\t\t\t\t\t<h2 id=\"fl-accordion--label-1\">Sexualized violence<\/h2>\n\t\t\t\t\t\t\t\t\t\t\t<button type=\"button\" id=\"fl-accordion--icon-1\" aria-expanded=\"false\" aria-controls=\"fl-accordion--panel-1\"><i>Expand<\/i><\/button>\n\t\t\t\t\t<ul>\n<li>\n<b data-path-to-node=\"5,0,1,0\" data-index-in-node=\"0\">Definition:<\/b> Sexualized violence refers to acts of a sexual nature that are carried out without the consent of the person concerned.\n<\/li>\n<li>\n<b data-path-to-node=\"5,1,1,0\" data-index-in-node=\"0\">Spectrum:<\/b> The spectrum ranges from unwanted, inappropriate or derogatory comments to forced or coerced actions and even rape.\n<\/li>\n<li>\n<b data-path-to-node=\"5,2,1,0\" data-index-in-node=\"0\">Affected parties:<\/b> Worldwide, one in three women is affected (WHO 2021). Men can also experience sexualized violence, although LGBTQIA+ people are affected more frequently than heterosexual and cisgender people. It is primarily about the demonstration of power, control and the exploitation of dependency relationships.\n<\/li>\n<li>\n<b data-path-to-node=\"5,3,1,0\" data-index-in-node=\"0\">Technical term:<\/b> In the German-speaking context, a distinction is made between \u00absexual violence\u00bb as a legal category and \u00absexualized violence\u00bb as a technical term. Mission 21 generally uses the technical term \u00absexualized violence\u00bb. In doing so, we take into account the fact that not all forms of sexualized violence are recorded as sexual violence under criminal law, but nevertheless massively violate the boundaries of those affected.\n<\/li>\n<\/ul>\n\t\t\t\t\t<h2 id=\"fl-accordion--label-2\">Domestic violence<\/h2>\n\t\t\t\t\t\t\t\t\t\t\t<button type=\"button\" id=\"fl-accordion--icon-2\" aria-expanded=\"false\" aria-controls=\"fl-accordion--panel-2\"><i>Expand<\/i><\/button>\n\t\t\t\t\t<ul>\n<li>\n<b data-path-to-node=\"7,0,1,0\" data-index-in-node=\"0\">Definition:<\/b> This refers to violence within a family, a household or a current or former romantic relationship - regardless of whether the parties involved live together or have lived together in the past.\n<\/li>\n<li>\n<b data-path-to-node=\"7,1,1,0\" data-index-in-node=\"0\">Scope:<\/b> It encompasses physical, psychological, sexual and economic violence and also includes stalking. The abuse of children or dependent family members is a specific form of domestic violence.\n<\/li>\n<\/ul>\n\t\t\t\t\t<h2 id=\"fl-accordion--label-3\">Structural violence<\/h2>\n\t\t\t\t\t\t\t\t\t\t\t<button type=\"button\" id=\"fl-accordion--icon-3\" aria-expanded=\"false\" aria-controls=\"fl-accordion--panel-3\"><i>Expand<\/i><\/button>\n\t\t\t\t\t<ul>\n<li>\n<b data-path-to-node=\"9,0,1,0\" data-index-in-node=\"0\">Definition:<\/b> \u00abStructural violence is violence that arises from social, political and economic structures and acts as part of the system. It leads to the oppression of certain social groups and manifests itself in the unequal distribution of resources, income or educational disadvantage.\u00bb (Definition by\n<\/li>\n<li>\n<b data-path-to-node=\"9,1,1,0\" data-index-in-node=\"0\">Context:<\/b> Structural violence and gender-based and sexualized violence are often closely linked and reinforce each other. One example of this is restricted access to services or rights.\n<\/li>\n<\/ul>\n\t\t\t\t\t<h2 id=\"fl-accordion--label-4\">Digital violence<\/h2>\n\t\t\t\t\t\t\t\t\t\t\t<button type=\"button\" id=\"fl-accordion--icon-4\" aria-expanded=\"false\" aria-controls=\"fl-accordion--panel-4\"><i>Expand<\/i><\/button>\n\t\t\t\t\t<ul>\n<li>\n<b data-path-to-node=\"3,0,1,0\" data-index-in-node=\"0\">Definition:<\/b> Digital violence refers to acts that are carried out against a person's will using information and communication technologies (such as social media, messenger services or email). It is not a new form of violence, but an extension of existing forms of violence into the digital space, which is rooted in patriarchal structures and unequal power relations.\n<\/li>\n<li>\n<b data-path-to-node=\"3,1,1,0\" data-index-in-node=\"0\">Spectrum:<\/b> The spectrum is broad and includes cyberstalking, sexualized insults, threats of violence and the unauthorized publication or distribution of private images (e.g. for blackmail or humiliation). The targeted denial of access to digital resources or information can also constitute a form of digital violence.\n<\/li>\n<li>\n<b data-path-to-node=\"3,2,1,0\" data-index-in-node=\"0\">Consequences:<\/b> Digital violence causes massive psychological harm and is often aimed at pushing those affected - especially women, girls and LGBTQIA+ people - out of the public digital space. This constitutes a serious violation of human rights and personal integrity.\n<\/li>\n<li>\n<b data-path-to-node=\"3,3,1,0\" data-index-in-node=\"0\">Context:<\/b> Digital violence is closely linked to structural and sexualized violence. The anonymity and rapid dissemination online often increase the severity of the attacks and make it more difficult to combat and prosecute.\n<\/li>\n<\/ul>\n\t<style>\n    .m21-hilfe-container {\n        color: #333333;\n        line-height: 1.6;\n        padding: 10px 0;\n        font-family: 'Titillium Web', sans-serif;\n    }\n    .notgeste-titel {\n        margin-top: 0;\n        font-size: 1.8em;\n        color: #000000; \/* Wieder auf Schwarz gesetzt *\/\n        font-weight: 600;\n        margin-bottom: 15px;\n    }\n    .notgeste-grid {\n        display: flex;\n        flex-wrap: wrap;\n        justify-content: space-between;\n        gap: 30px;\n        margin: 40px 0;\n    }\n    .notgeste-step {\n        flex: 1;\n        min-width: 220px;\n        text-align: center;\n        display: flex;\n        flex-direction: column;\n        align-items: center;\n    }\n    \/* Normierung der Bildh\u00f6hen mit leichtem Hover-Effekt *\/\n    .notgeste-step img {\n        height: 180px; \n        width: auto;\n        object-fit: contain;\n        margin-bottom: 25px;\n        transition: transform 0.3s ease;\n    }\n    .notgeste-step:hover img {\n        transform: scale(1.05);\n    }\n    \/* Neue, modernere Schritt-Zahlen (Badges) *\/\n    .step-label {\n        display: inline-flex;\n        justify-content: center;\n        align-items: center;\n        width: 35px;\n        height: 35px;\n        background-color: #f29400; \/* Kampagnen-Orange *\/\n        color: #ffffff;\n        border-radius: 50%;\n        font-weight: bold;\n        font-size: 1.2em;\n        margin-bottom: 15px;\n    }\n    .notgeste-step p {\n        margin: 0;\n        font-weight: 500;\n    }\n    .reaction-box {\n        background-color: #ffffff;\n        border-left: 6px solid #f29400; \/* Signal-Orange *\/\n        padding: 30px;\n        margin: 40px 0;\n        box-shadow: 0 4px 15px rgba(0,0,0,0.06);\n        border-radius: 0 6px 6px 0;\n    }\n    .reaction-box h3 {\n        margin-top: 0;\n        color: #000000; \/* Bleibt schwarz *\/\n        font-size: 1.4em;\n        margin-bottom: 15px;\n    }\n    \/* Optimierte Luisa-Box mit sanftem Hintergrund *\/\n    .luisa-box {\n        background-color: #F9F9F9;\n        border: 1px solid #EAEAEA;\n        border-radius: 6px;\n        padding: 35px;\n        margin-top: 50px;\n    }\n    .luisa-box h3 {\n        color: #000000; \/* Wieder auf Schwarz gesetzt *\/\n        margin-top: 0;\n        font-size: 1.5em;\n        margin-bottom: 15px;\n    }\n    @media (max-width: 768px) {\n        .notgeste-grid {\n            flex-direction: column;\n            align-items: center;\n            gap: 40px;\n        }\n        .notgeste-step img {\n            height: 160px;\n        }\n        .reaction-box, .luisa-box {\n            padding: 20px;\n        }\n    }\n<\/style>\n    <h2>The international distress signal<\/h2>\n    <p>This hand signal has become established worldwide. It works without words, so that it remains hidden from people:<\/p>\n        <article>\n            <img decoding=\"async\" src=\"https:\/\/www.mission-21.org\/wp-content\/uploads\/2026\/04\/notsignal-geste-1-1.webp\" alt=\"Step 1: One hand is raised with the palm facing forward.\"\/>\n            1\n            <p>The hand is raised<\/p>\n        <\/article>\n        <article>\n            <img decoding=\"async\" src=\"https:\/\/www.mission-21.org\/wp-content\/uploads\/2026\/04\/notsignal-geste-2-1.webp\" alt=\"Step 2: The thumb is placed on the inside of your palm.\"\/>\n            2\n            <p>The thumb is placed in the palm of the hand<\/p>\n        <\/article>\n        <article>\n            <img decoding=\"async\" src=\"https:\/\/www.mission-21.org\/wp-content\/uploads\/2026\/04\/notsignal-geste-3-1.webp\" alt=\"Step 3: Fold the remaining four fingers over the thumb to form a fist.\"\/>\n            3\n            <p>Fold the remaining four fingers over the thumb (like a fist)<\/p>\n        <\/article>\n    <section>\n        <h3>How to react?<\/h3>\n        <p>Anyone who makes this sign is signaling an acute threat. Do not put yourself or the person in danger. Show inconspicuously that you have understood the sign (e.g. by nodding briefly) and alert the person. <strong>Police (117)<\/strong>.<\/p>\n    <\/section>\n    <section>\n        <h3>Help code word: \u00abIs Luisa here?\u00bb<\/h3>\n        <p>People in bars and clubs can use this phrase to discreetly request assistance if they feel harassed or threatened. The concept is mainly used in larger establishments in German-speaking cities that have trained their staff accordingly.<\/p>\n        <p>Who asks at the bar: <strong>\u00abIs Luisa here?\u00bb<\/strong>, signals: \u00abI need help\u00bb. The staff react immediately and provide discreet support - be it by ordering a cab, escorting the assaulted person to a protected room or telling them to leave.<\/p>\n    <\/section>\n    <h3>\n        Together against violence\u00ab campaign\u00bb\n    <\/h3>\n    <a href=\"https:\/\/www.mission-21.org\/en\/campaign-2036\/together-against-violence\/\" \n       onmouseover=\"this.style.backgroundColor='#1a3a75'; this.style.transform='translateY(-2px)';\" \n       onmouseout=\"this.style.backgroundColor='#254E9C'; this.style.transform='translateY(0)';\">\n        \u2190 Back to overview\n    <\/a>\n    \n        Together we can overcome violence: \n        <a href=\"https:\/\/www.mission-21.org\/en\/donate\/?zweck=kampagne2026\" \n           onmouseover=\"this.style.color='#D97912';\"\n           onmouseout=\"this.style.color='#F28D1B';\">\n            Donate now\n        <\/a>","protected":false},"excerpt":{"rendered":"<p>Mission 21 st\u00fctzt ihre T\u00e4tigkeit auf international anerkannte Definitionen. Klicken Sie auf die Begriffe, um die Erkl\u00e4rungen zu lesen. Sexualisierte und geschlechtsspezifische Gewalt Expand Definition: Diese Form der Gewalt bezeichnet jede gegen den Willen einer Person gerichtete Handlung, die in ungleichen Machtverh\u00e4ltnissen und patriarchalen Geschlechternormen wurzelt. Sie umfasst k\u00f6rperliche, sexuelle oder psychische Sch\u00e4den einschliesslich der [&hellip;]<\/p>\n","protected":false},"author":34,"featured_media":0,"parent":20107,"menu_order":0,"comment_status":"closed","ping_status":"closed","template":"","meta":{"_acf_changed":false,"_seopress_robots_primary_cat":"","_seopress_titles_title":"Gewalt erkennen: Begriffe, Zeichen & Codew\u00f6rter","_seopress_titles_desc":"","_seopress_robots_index":"","_searchwp_excluded":"","site-sidebar-layout":"default","site-content-layout":"","ast-site-content-layout":"default","site-content-style":"default","site-sidebar-style":"default","ast-global-header-display":"","ast-banner-title-visibility":"","ast-main-header-display":"","ast-hfb-above-header-display":"","ast-hfb-below-header-display":"","ast-hfb-mobile-header-display":"","site-post-title":"","ast-breadcrumbs-content":"","ast-featured-img":"","footer-sml-layout":"","ast-disable-related-posts":"","theme-transparent-header-meta":"","adv-header-id-meta":"","stick-header-meta":"","header-above-stick-meta":"","header-main-stick-meta":"","header-below-stick-meta":"","astra-migrate-meta-layouts":"set","ast-page-background-enabled":"default","ast-page-background-meta":{"desktop":{"background-color":"var(--ast-global-color-4)","background-image":"","background-repeat":"repeat","background-position":"center center","background-size":"auto","background-attachment":"scroll","background-type":"","background-media":"","overlay-type":"","overlay-color":"","overlay-opacity":"","overlay-gradient":""},"tablet":{"background-color":"","background-image":"","background-repeat":"repeat","background-position":"center center","background-size":"auto","background-attachment":"scroll","background-type":"","background-media":"","overlay-type":"","overlay-color":"","overlay-opacity":"","overlay-gradient":""},"mobile":{"background-color":"","background-image":"","background-repeat":"repeat","background-position":"center center","background-size":"auto","background-attachment":"scroll","background-type":"","background-media":"","overlay-type":"","overlay-color":"","overlay-opacity":"","overlay-gradient":""}},"ast-content-background-meta":{"desktop":{"background-color":"var(--ast-global-color-5)","background-image":"","background-repeat":"repeat","background-position":"center center","background-size":"auto","background-attachment":"scroll","background-type":"","background-media":"","overlay-type":"","overlay-color":"","overlay-opacity":"","overlay-gradient":""},"tablet":{"background-color":"var(--ast-global-color-5)","background-image":"","background-repeat":"repeat","background-position":"center center","background-size":"auto","background-attachment":"scroll","background-type":"","background-media":"","overlay-type":"","overlay-color":"","overlay-opacity":"","overlay-gradient":""},"mobile":{"background-color":"var(--ast-global-color-5)","background-image":"","background-repeat":"repeat","background-position":"center center","background-size":"auto","background-attachment":"scroll","background-type":"","background-media":"","overlay-type":"","overlay-color":"","overlay-opacity":"","overlay-gradient":""}},"iawp_total_views":69,"footnotes":""},"hf_cat_page":[],"class_list":["post-20347","page","type-page","status-publish"],"acf":[],"_links":{"self":[{"href":"https:\/\/www.mission-21.org\/en\/wp-json\/wp\/v2\/pages\/20347","targetHints":{"allow":["GET"]}}],"collection":[{"href":"https:\/\/www.mission-21.org\/en\/wp-json\/wp\/v2\/pages"}],"about":[{"href":"https:\/\/www.mission-21.org\/en\/wp-json\/wp\/v2\/types\/page"}],"author":[{"embeddable":true,"href":"https:\/\/www.mission-21.org\/en\/wp-json\/wp\/v2\/users\/34"}],"replies":[{"embeddable":true,"href":"https:\/\/www.mission-21.org\/en\/wp-json\/wp\/v2\/comments?post=20347"}],"version-history":[{"count":11,"href":"https:\/\/www.mission-21.org\/en\/wp-json\/wp\/v2\/pages\/20347\/revisions"}],"predecessor-version":[{"id":20444,"href":"https:\/\/www.mission-21.org\/en\/wp-json\/wp\/v2\/pages\/20347\/revisions\/20444"}],"up":[{"embeddable":true,"href":"https:\/\/www.mission-21.org\/en\/wp-json\/wp\/v2\/pages\/20107"}],"wp:attachment":[{"href":"https:\/\/www.mission-21.org\/en\/wp-json\/wp\/v2\/media?parent=20347"}],"wp:term":[{"taxonomy":"hf_cat_page","embeddable":true,"href":"https:\/\/www.mission-21.org\/en\/wp-json\/wp\/v2\/hf_cat_page?post=20347"}],"curies":[{"name":"wp","href":"https:\/\/api.w.org\/{rel}","templated":true}]}}