{"id":227,"date":"2022-08-17T19:58:35","date_gmt":"2022-08-17T17:58:35","guid":{"rendered":"https:\/\/www.mission-21.org\/?page_id=227"},"modified":"2025-11-11T14:29:07","modified_gmt":"2025-11-11T13:29:07","slug":"donate-to-the-event","status":"publish","type":"page","link":"https:\/\/www.mission-21.org\/en\/spenden\/spenden-zum-ereignis\/","title":{"rendered":"Donations to the event"},"content":{"rendered":"<img decoding=\"async\" src=\"https:\/\/www.mission-21.org\/wp-content\/uploads\/2022\/08\/csm_header_news_d521d70e38.jpeg\" alt=\"csm header news d521d70e38\" itemprop=\"image\" height=\"688\" width=\"1680\" title=\"csm_Header_News_d521d70e38\" onerror=\"this.style.display='none'\" loading='lazy' \/>\n\t<div class=\"fl-builder-content fl-builder-content-3660 fl-builder-template fl-builder-module-template fl-builder-global-templates-locked\" data-post-id=\"3660\"><div class=\"fl-module fl-module-pp-toc fl-node-xrvkwe8ihtn6 toc\" data-node=\"xrvkwe8ihtn6\">\n\t<div class=\"fl-module-content fl-node-content\">\n\t\t<div class=\"pp-toc-container\">\n\t\n\t<div class=\"pp-toc-body\">\n\t\t\t\t\t<ul class=\"pp-toc-list-wrapper pp-toc-list-icon\"><\/ul>\n\t\t\t\t<\/div>\n<\/div>\n\n\t<\/div>\n<\/div>\n<\/div><div class=\"uabb-js-breakpoint\" style=\"display: none;\"><\/div>\n\t\t\t<h2>For festive occasions<\/h2>\t\t\t\n\t\t\t\t<h3>Birthdays and anniversaries<\/h3>\n<p>Is a country or cause particularly close to your heart? Then you can suggest to your family, friends and acquaintances to do without the gift on your birthday or anniversary.<\/p>\n<p>Just ask them to donate the money to Mission 21 projects. In this way, you pass on joy worldwide.<\/p>\n<h3>Wedding<\/h3>\n<p>At church weddings, you as the bride and groom can decide for which purpose the collection is intended. With a collection for Mission 21, you give new hope to disadvantaged people in our partner countries on their \"most beautiful day\".<\/p>\n<p>For questions about these occasions please contact <a href=\"\/en\/anita-brekalomission-21-org\/\">Anita Brekalo<\/a> gladly at your disposal.<\/p>\n<h3>Procedure<\/h3>\n<p>Note on the payment slip the occasion for which you are donating and provide the address of the person(s) celebrating (first name, last name, street, postal code, city). By giving the exact address, we can avoid unnecessary queries for you and inform the person how many donations have been received in their name. However, the donated individual amount remains anonymous in any case.<\/p>\n<p>Order our free card set incl. envelopes and a prepared payment slip for your event-.<br \/>donation.\u00a0<a href=\"mailto:material@mission-21.org\">\u25ba order<\/a><\/p>\n\t<h2>Your contact:<\/h2>\n\t\t<a href=\"https:\/\/www.mission-21.org\/en\/team\/anita-brekalo\/\" title=\"Show contents of the view field\" target=\"_self\"  aria-label=\"Post Element\"><\/a>\t\t\n\t<meta itemscope itemprop=\"mainEntityOfPage\" itemtype=\"https:\/\/schema.org\/WebPage\" itemid=\"https:\/\/www.mission-21.org\/team\/anita-brekalo\/\" content=\"Anita Brekalo\" \/><meta itemprop=\"datePublished\" content=\"2025-11-11\" \/><meta itemprop=\"dateModified\" content=\"2025-11-11\" \/><meta itemprop=\"name\" content=\"Mission 21\"\/><meta itemprop=\"url\" content=\"https:\/\/www.mission-21.org\/wp-content\/uploads\/2022\/08\/de-blau.svg\"\/><meta itemprop=\"url\" content=\"https:\/\/www.mission-21.org\/author\/betuel\/\" \/><meta itemprop=\"name\" content=\"Bet\u00fcl Cam\" \/><meta itemprop=\"interactionType\" content=\"https:\/\/schema.org\/CommentAction\" \/><meta itemprop=\"userInteractionCount\" content=\"0\" \/>\n<h3>Anita Brekalo<\/h3>\n<p>Responsible for accounting for donations<\/p>\n<p>Phone +41 61 260 22 27<br \/><a href=\"mailto:samuel.imbach@mission-21.org\">\u25ba E-mail<\/a><\/p>\n\t\t\t<h2>In case of death<\/h2>\t\t\t\n\t\t\t\t<p>In the case of a funeral, at the request of the deceased person or the surviving relatives, flowers and wreaths are often dispensed with and a donation to Mission 21 is requested. In the case of a church funeral, the memorial collection can also be designated for the overall work of Mission 21 or a specific individual project. In this way, the deceased is remembered and personal concerns of the deceased are promoted.<\/p>\n<p>On the obituary such a text or similar would be appropriate:<\/p>\n<p><em>In memory of the deceased, please support Mission 21, Missionsstrasse 21, 4009 Basel, IBAN: CH58 0900 0000 4072 6233 2, memo: \"Name\".<\/em><\/p>\n<h3>Procedure<\/h3>\n<p>If you would like to consider Mission 21 in the spirit of the deceased, please note this on the payment slip with the bereavement address (first name, last name, street, postal code, city). By indicating the exact address of the deceased, we can avoid unnecessary queries for you:<\/p>\n<p><em>Donation in memory of Lena Muster, Basel<br \/>Mother of Hans Muster, Musterweg 10, 3001 Bern<\/em><\/p>\n<p>The bereaved family is regularly informed about the donations received by means of a list. However, the individual amount donated remains anonymous in any case.<\/p>\n<p>All donations received with reference to the deceased person will be personally thanked by Mission 21.<\/p>\n<p>If you have any questions <a href=\"\/en\/anita-brekalomission-21-org\/\">Anita Brekalo<\/a> gladly.<\/p>\n<p>Order our free card set including envelopes and a prepared payment slip for your funeral donation.\u00a0<a href=\"mailto:material@mission-21.org\">\u25ba order<\/a><\/p>","protected":false},"excerpt":{"rendered":"<p>Bei festlichen Anl\u00e4ssen Geburtstage und Jubil\u00e4en Liegt Ihnen ein Land oder ein Anliegen besonders am Herzen? Dann k\u00f6nnen Sie Ihrer Familie, Freunden und Bekannten vorschlagen, an Ihrem Geburtstag oder Jubil\u00e4um auf das Geschenk zu verzichten. Bitten Sie sie doch einfach, das Geld f\u00fcr Projekte von Mission 21 zu spenden. So geben Sie Freude weltweit weiter. [&hellip;]<\/p>\n","protected":false},"author":1,"featured_media":3017,"parent":221,"menu_order":0,"comment_status":"closed","ping_status":"closed","template":"","meta":{"_acf_changed":false,"_seopress_robots_primary_cat":"","_seopress_titles_title":"","_seopress_titles_desc":"","_seopress_robots_index":"","_searchwp_excluded":"","site-sidebar-layout":"default","site-content-layout":"","ast-site-content-layout":"default","site-content-style":"default","site-sidebar-style":"default","ast-global-header-display":"","ast-banner-title-visibility":"","ast-main-header-display":"","ast-hfb-above-header-display":"","ast-hfb-below-header-display":"","ast-hfb-mobile-header-display":"","site-post-title":"","ast-breadcrumbs-content":"","ast-featured-img":"","footer-sml-layout":"","ast-disable-related-posts":"","theme-transparent-header-meta":"","adv-header-id-meta":"","stick-header-meta":"","header-above-stick-meta":"","header-main-stick-meta":"","header-below-stick-meta":"","astra-migrate-meta-layouts":"set","ast-page-background-enabled":"default","ast-page-background-meta":{"desktop":{"background-color":"var(--ast-global-color-4)","background-image":"","background-repeat":"repeat","background-position":"center center","background-size":"auto","background-attachment":"scroll","background-type":"","background-media":"","overlay-type":"","overlay-color":"","overlay-opacity":"","overlay-gradient":""},"tablet":{"background-color":"","background-image":"","background-repeat":"repeat","background-position":"center center","background-size":"auto","background-attachment":"scroll","background-type":"","background-media":"","overlay-type":"","overlay-color":"","overlay-opacity":"","overlay-gradient":""},"mobile":{"background-color":"","background-image":"","background-repeat":"repeat","background-position":"center center","background-size":"auto","background-attachment":"scroll","background-type":"","background-media":"","overlay-type":"","overlay-color":"","overlay-opacity":"","overlay-gradient":""}},"ast-content-background-meta":{"desktop":{"background-color":"var(--ast-global-color-5)","background-image":"","background-repeat":"repeat","background-position":"center center","background-size":"auto","background-attachment":"scroll","background-type":"","background-media":"","overlay-type":"","overlay-color":"","overlay-opacity":"","overlay-gradient":""},"tablet":{"background-color":"var(--ast-global-color-5)","background-image":"","background-repeat":"repeat","background-position":"center center","background-size":"auto","background-attachment":"scroll","background-type":"","background-media":"","overlay-type":"","overlay-color":"","overlay-opacity":"","overlay-gradient":""},"mobile":{"background-color":"var(--ast-global-color-5)","background-image":"","background-repeat":"repeat","background-position":"center center","background-size":"auto","background-attachment":"scroll","background-type":"","background-media":"","overlay-type":"","overlay-color":"","overlay-opacity":"","overlay-gradient":""}},"iawp_total_views":581,"footnotes":""},"hf_cat_page":[303],"class_list":["post-227","page","type-page","status-publish","has-post-thumbnail"],"acf":[],"_links":{"self":[{"href":"https:\/\/www.mission-21.org\/en\/wp-json\/wp\/v2\/pages\/227","targetHints":{"allow":["GET"]}}],"collection":[{"href":"https:\/\/www.mission-21.org\/en\/wp-json\/wp\/v2\/pages"}],"about":[{"href":"https:\/\/www.mission-21.org\/en\/wp-json\/wp\/v2\/types\/page"}],"author":[{"embeddable":true,"href":"https:\/\/www.mission-21.org\/en\/wp-json\/wp\/v2\/users\/1"}],"replies":[{"embeddable":true,"href":"https:\/\/www.mission-21.org\/en\/wp-json\/wp\/v2\/comments?post=227"}],"version-history":[{"count":11,"href":"https:\/\/www.mission-21.org\/en\/wp-json\/wp\/v2\/pages\/227\/revisions"}],"predecessor-version":[{"id":19108,"href":"https:\/\/www.mission-21.org\/en\/wp-json\/wp\/v2\/pages\/227\/revisions\/19108"}],"up":[{"embeddable":true,"href":"https:\/\/www.mission-21.org\/en\/wp-json\/wp\/v2\/pages\/221"}],"wp:featuredmedia":[{"embeddable":true,"href":"https:\/\/www.mission-21.org\/en\/wp-json\/wp\/v2\/media\/3017"}],"wp:attachment":[{"href":"https:\/\/www.mission-21.org\/en\/wp-json\/wp\/v2\/media?parent=227"}],"wp:term":[{"taxonomy":"hf_cat_page","embeddable":true,"href":"https:\/\/www.mission-21.org\/en\/wp-json\/wp\/v2\/hf_cat_page?post=227"}],"curies":[{"name":"wp","href":"https:\/\/api.w.org\/{rel}","templated":true}]}}