{"id":2972,"date":"2022-09-26T15:00:23","date_gmt":"2022-09-26T13:00:23","guid":{"rendered":"https:\/\/www.mission-21.org\/?page_id=2972"},"modified":"2025-09-15T16:58:25","modified_gmt":"2025-09-15T14:58:25","slug":"faqs","status":"publish","type":"page","link":"https:\/\/www.mission-21.org\/en\/faqs\/","title":{"rendered":"Frequently Asked Questions - FAQs"},"content":{"rendered":"<a href=\"#\" id=\"fl-accordion--label-0\" tabindex=\"0\" aria-controls=\"fl-accordion--panel-0\">What do we as a mission organization understand by mission?<\/a>\n\t\t\t\t\t\t\t\t\t\t\t<a href=\"#\" id=\"fl-accordion--icon-0\" tabindex=\"-1\"><i title=\"Expand\">Expand<\/i><\/a>\n<p>Our understanding of mission is based on the belief that all people are created differently, but with equal value and dignity. Therefore, regardless of their ethnicity, gender, religion or geographical origin, they should be able to participate equally in what the Bible calls \"life in abundance for all\" (John 10:10). This means two things for us:<\/p>\n<ol>\n<li>That we invite people to participate in our global community of partner churches and faith-based partner organizations for intercultural exchange, solidarity engagement and mutual learning (see below, Field of Action 1: International Learning Community).<\/li>\n<li>That we work together with our partner churches and partner organizations for a world in which all people and all of creation live together in peace and justice (see below,<strong>\u00a0\u00a0<\/strong>Field of action 2: International development cooperation).<\/li>\n<\/ol>\n<p><a href=\"https:\/\/www.mission-21.org\/en\/who-we-are\/portraet\/\">\u25ba More about our fields of action and topics<\/a><\/p>\n\t\t\t\t\t<a href=\"#\" id=\"fl-accordion--label-1\" tabindex=\"0\" aria-controls=\"fl-accordion--panel-1\">What does Mission 21 do? <\/a>\n\t\t\t\t\t\t\t\t\t\t\t<a href=\"#\" id=\"fl-accordion--icon-1\" tabindex=\"-1\"><i title=\"Expand\">Expand<\/i><\/a>\n<p>The commitment to participate in a \"life in fullness for all people\". <a href=\"https:\/\/www.mission-21.org\/fileadmin\/Webseite_Mission_21\/Wer_wir_sind\/Leitbild_und_andere_Dokumente\/Pub_Leitbild_2016_deu_20220601_sh.pdf\">\u25ba Mission 21 mission statement<\/a> for us as the office of Mission 21 in Basel includes, on the one hand, providing opportunities for participation in our worldwide community of churches and faith-based organizations (International Learning Community). This field of action of Mission 21 is organically connected with a second one: Because church is not an end in itself, we work together with our partner churches and partner organizations in Africa, Asia and Latin America in international development cooperation to improve living conditions and promote peace. We believe that the churches can and should play a very important role in the further development of our respective societies, our life and coexistence: here and worldwide, based on their very own Christian mission, their broad and sustainable roots in their societies and their international networking. Thus, in respectful dialogue and cooperation with people of different religions and worldviews, we are committed to a world in which all people and all of creation live together in peace and justice.<\/p>\n<p>Running through both fields of action are three central themes that have shaped our operational work for more than 200 years: The connection between religion and development, the promotion of gender justice, and the promotion of peaceful interaction between people of different ethnic and\/or religious backgrounds.<\/p>\n\t\t\t\t\t<a href=\"#\" id=\"fl-accordion--label-2\" tabindex=\"0\" aria-controls=\"fl-accordion--panel-2\">What does development cooperation mean for Mission 21?<\/a>\n\t\t\t\t\t\t\t\t\t\t\t<a href=\"#\" id=\"fl-accordion--icon-2\" tabindex=\"-1\"><i title=\"Expand\">Expand<\/i><\/a>\n<p>Mission 21 has a long history of trusting relationships with its partners and a great deal of experience and competence in working together in these countries. Unlike in Europe, religion plays a major role in the everyday life of people in other continents and forms an integral part of their understanding of values. Mission 21 takes this seriously and promotes the peaceful potential of religions. Mission 21 works together with religious actors to initiate social change towards more justice, sustainability and peace. In doing so, we are guided by a holistic, value-oriented and sustainable understanding of development that is not dictated by the global North, but is based on the realities of people's lives. The social, cultural and spiritual aspects go hand in hand with material needs as inseparable dimensions of a life in dignity.<\/p>\n<p>We are committed to long-term and sustainable development cooperation and humanitarian aid in 15 countries in Africa, Asia and Latin America. Our areas of activity are peacebuilding, education, health, food sovereignty, combating violence against women and children and supporting educational activities for social change. We also encourage our partner organizations to align their activities with the principles of good governance and to commit to respecting human rights. We are committed to gender equality and climate justice in all our programs and projects.<\/p>\n<p><a href=\"https:\/\/www.mission-21.org\/en\/what-we-do\/\">\u25ba More about our global development cooperation<\/a><\/p>\n<p>&nbsp;<\/p>\n<p>&nbsp;<\/p>\n\t\t\t\t\t<a href=\"#\" id=\"fl-accordion--label-3\" tabindex=\"0\" aria-controls=\"fl-accordion--panel-3\">What does Mission 21 contribute to the 2030 Agenda?<\/a>\n\t\t\t\t\t\t\t\t\t\t\t<a href=\"#\" id=\"fl-accordion--icon-3\" tabindex=\"-1\"><i title=\"Expand\">Expand<\/i><\/a>\n<p>Through its programmatic development cooperation with its partners, Mission 21 makes an SDC-recognized contribution to achieving Agenda 2030, the UN's Sustainable Development Goals. Specifically, we contribute to Sustainable Development Goal 16+: building peaceful, just and inclusive societies.<\/p>\n\t\t\t\t\t<a href=\"#\" id=\"fl-accordion--label-4\" tabindex=\"0\" aria-controls=\"fl-accordion--panel-4\">How can I get involved in development cooperation?<\/a>\n\t\t\t\t\t\t\t\t\t\t\t<a href=\"#\" id=\"fl-accordion--icon-4\" tabindex=\"-1\"><i title=\"Expand\">Expand<\/i><\/a>\n<p>Mission 21 offers multi-year and one-year opportunities to work in international development cooperation. As an international staff member, you will work in a local project and contribute your expertise. The goal of these assignments is, on the one hand, to support the partner churches and partner organizations professionally in continuing and developing the tasks with local experts themselves and, on the other hand, to enable mutual learning at eye level with the exchange of personnel.<\/p>\n<p>In our continuing education program for young adults PEP!, Professionals Exposure Program, you will work on a project in your area of expertise.<\/p>\n<p><a href=\"https:\/\/www.mission-21.org\/en\/who-we-are\/jobs\/\">\u25ba Current job offer<\/a><\/p>\n<p>We regularly conduct trips, which enable us to meet our partner churches and partner organizations and to gain insights into our projects.<\/p>\n<p>In our courses we deal with current issues in the field of development cooperation and show what consequences they have for our context.<\/p>\n\t\t\t\t\t<a href=\"#\" id=\"fl-accordion--label-5\" tabindex=\"0\" aria-controls=\"fl-accordion--panel-5\">How can I participate in the global church and the international learning community?<\/a>\n\t\t\t\t\t\t\t\t\t\t\t<a href=\"#\" id=\"fl-accordion--icon-5\" tabindex=\"-1\"><i title=\"Expand\">Expand<\/i><\/a>\n<p>We offer suitable courses for interested individuals, for groups from church congregations (young people and adults) as well as for other groups who want to further educate themselves for their private or professional everyday life:<\/p>\n<ul>\n<li>Tell us your needs - we will work with you to develop an offer that is right for you<\/li>\n<li>Our international youth network offers young adults a common exchange platform<\/li>\n<li>Young@Mission21 offers various activities for young adults up to 30 years old. <a href=\"https:\/\/www.mission-21.org\/en\/participate\/youngmission21\/\">\u25ba More about Young@Mission21<\/a><\/li>\n<li>On our encounter trips you will experience our partner churches and partner organizations directly on site and gain insights into our projects<\/li>\n<li>We provide you with spiritual impulses from our partner churches, which you can use in your context.<\/li>\n<li>Project partnerships enable you to learn from each other<\/li>\n<li>Events on current topics in a global context open up new horizons for you<\/li>\n<li>Courses provide you with new perspectives for your own context and action skills for living together in a plural society<\/li>\n<\/ul>\n<p><a href=\"https:\/\/www.mission-21.org\/en\/what-we-do\/education\/\">\u25ba More about our educational offering<\/a><\/p>\n\t\t\t\t\t<a href=\"#\" id=\"fl-accordion--label-6\" tabindex=\"0\" aria-controls=\"fl-accordion--panel-6\">What does mission history have to do with colonialism?<\/a>\n\t\t\t\t\t\t\t\t\t\t\t<a href=\"#\" id=\"fl-accordion--icon-6\" tabindex=\"-1\"><i title=\"Expand\">Expand<\/i><\/a>\n<p>Mission 21 is an amalgamation of three mission organizations: the Basel Mission (founded in 1815), the Herrnhut Mission (founded in 1732) and the Evangelical Mission to the Kwango (1956). Many mission societies faced accusations of collaboration with the colonial powers of the 19th century. It is a fact that colonial powers made missionary work possible in many places. However, mission history also shows that missionaries intervened critically in colonial policy when the rights of the natives were to be restricted.<\/p>\n<p>Mission 21's predecessor organizations campaigned against the transatlantic slave trade and saw their work as reparations for the suffering inflicted on black people by Europeans.<\/p>\n<p>Mission 21 works on the history of the missions transparently and according to scientific criteria. The historical research archive is publicly accessible <a href=\"http:\/\/www.bmarchives.org\" target=\"_blank\" rel=\"noopener\">www.bmarchives.org<\/a><\/p>\n<p><a href=\"https:\/\/www.mission-21.org\/en\/transparent-dealing-with-your-past\/\">\u25ba More on dealing with mission history<\/a><\/p>\n\t\t\t\t\t<a href=\"#\" id=\"fl-accordion--label-7\" tabindex=\"0\" aria-controls=\"fl-accordion--panel-7\">Are there still missionaries today?<\/a>\n\t\t\t\t\t\t\t\t\t\t\t<a href=\"#\" id=\"fl-accordion--icon-7\" tabindex=\"-1\"><i title=\"Expand\">Expand<\/i><\/a>\n<p>Mission 21 has not sent out missionaries since the middle of the last century. It is the partner churches and partner organizations themselves that define the requirements and needs for our international staff. The majority of missionaries come from the global South and no longer from the global North.<\/p>\n\t\t\t\t\t<a href=\"#\" id=\"fl-accordion--label-8\" tabindex=\"0\" aria-controls=\"fl-accordion--panel-8\">How many employees do you have?<\/a>\n\t\t\t\t\t\t\t\t\t\t\t<a href=\"#\" id=\"fl-accordion--icon-8\" tabindex=\"-1\"><i title=\"Expand\">Expand<\/i><\/a>\n<p>Around 45 employees work at the Basel site in a total of around 33 full-time positions. It is also possible to work part-time in management positions. The compatibility of family and career is an important concern for us. Around 15 international employees work for Mission 21 in our program countries.<\/p>\n\t\t\t\t\t<a href=\"#\" id=\"fl-accordion--label-9\" tabindex=\"0\" aria-controls=\"fl-accordion--panel-9\">Does my donation really arrive? Who controls it?<\/a>\n\t\t\t\t\t\t\t\t\t\t\t<a href=\"#\" id=\"fl-accordion--icon-9\" tabindex=\"-1\"><i title=\"Expand\">Expand<\/i><\/a>\n<p>Mission 21 is <a href=\"https:\/\/zewo.ch\/de\/\" target=\"_blank\" rel=\"noopener\">ZEWO<\/a> certified and thus fulfills strict requirements for the handling of donations. The accounting requirements (Swiss GAAP FER 21), the annual external audit, and the internal control system continuously verify this. For each project, Mission 21 concludes a project financing agreement with the respective partners. The agreements with the project partners stipulate that a transfer is only made when the accounts are complete and correct. The implementation and impact of the projects is monitored through close project monitoring on site, detailed narrative and financial reports from our partners, regular on-site visits by our program managers and country coordinators, and evaluations.<\/p>\n\t\t\t\t\t<a href=\"#\" id=\"fl-accordion--label-10\" tabindex=\"0\" aria-controls=\"fl-accordion--panel-10\">How does Mission 21 deal with corruption?<\/a>\n\t\t\t\t\t\t\t\t\t\t\t<a href=\"#\" id=\"fl-accordion--icon-10\" tabindex=\"-1\"><i title=\"Expand\">Expand<\/i><\/a>\n<p>In 2014, Mission 21 introduced an anti-corruption code with a complaints mechanism that is binding for all employees and volunteers (<a href=\"https:\/\/www.mission-21.org\/fileadmin\/Webseite_Mission_21\/Wer_wir_sind\/Leitbild_und_andere_Dokumente\/Verhaltenskodex_Mission21_20200612_DE.pdf\">\u25ba Code of Conduct<\/a>). All partner church and partner organizations are trained every year in anti-corruption measures and further measures in the areas of financial and personnel management. The implementation of an anti-corruption code is a condition for cooperation and project implementation.<\/p>\n<p>Partner churches and organizations and their beneficiaries are supported in building local capacity and establishing good organizational governance. This enables beneficiaries to have better access to decision-making processes and contributes overall to strengthening civil society and achieving UN Sustainable Development Goal 16 - building peaceful, just and inclusive societies.<\/p>\n\t\t\t\t\t<a href=\"#\" id=\"fl-accordion--label-11\" tabindex=\"0\" aria-controls=\"fl-accordion--panel-11\">Protection against sexual harassment <\/a>\n\t\t\t\t\t\t\t\t\t\t\t<a href=\"#\" id=\"fl-accordion--icon-11\" tabindex=\"-1\"><i title=\"Expand\">Expand<\/i><\/a>\n<p>Protection from sexual harassment, abuse and exploitation, as well as concern for the safety of children and the protected, is an important concern for Mission 21 and therefore forms an integral part of Mission 21's Code of Conduct. <a href=\"https:\/\/www.mission-21.org\/fileadmin\/Webseite_Mission_21\/Wer_wir_sind\/Leitbild_und_andere_Dokumente\/Reglement_zum_Verhaltenskodex_Mission21_20200612_DE.pdf\">\u25ba Code of Conduct<\/a><\/p>\n\t\t\t\t\t<a href=\"#\" id=\"fl-accordion--label-12\" tabindex=\"0\" aria-controls=\"fl-accordion--panel-12\">How much administrative work does Mission 21 require? <\/a>\n\t\t\t\t\t\t\t\t\t\t\t<a href=\"#\" id=\"fl-accordion--icon-12\" tabindex=\"-1\"><i title=\"Expand\">Expand<\/i><\/a>\n<p>Mission 21's total expenses break down roughly as follows:<\/p>\n<ul>\n<li>76.1% Program and project work.<\/li>\n<li>11.4% Fundraising<\/li>\n<li>12.5% Administration (incl. continental assemblies and mission synod)<\/li>\n<\/ul>\n<p>We show the exact costs each year in our annual report. <a href=\"https:\/\/www.mission-21.org\/en\/inform\/publications\/\">\u25ba Annual and financial reports<\/a><\/p>\n\n\t\t\t\t\t<a href=\"#\" id=\"fl-accordion--label-13\" tabindex=\"0\" aria-controls=\"fl-accordion--panel-13\">Is there a connection from Mission 21 to Hotel Odelya and Restaurant Ayledo?<\/a>\n\t\t\t\t\t\t\t\t\t\t\t<a href=\"#\" id=\"fl-accordion--icon-13\" tabindex=\"-1\"><i title=\"Expand\">Expand<\/i><\/a>\n\t\t\t\t\t<p>No. The Hotel Odelya and the Restaurant Ayledo are a joint-stock company owned by the Basler Mission, one of the three sponsoring associations of Mission 21. Mission 21 is a tax-exempt association and legally independent of this corporation as well as of the Basel Mission. No Mission 21 funds flow into these businesses.<\/p>\n<p>Have you not found what you were looking for? Then contact us via our <a href=\"https:\/\/www.mission-21.org\/en\/who-we-are\/contact\/\">Contact form <\/a>or per <a href=\"mailto:info@mission-21.org\">\u25ba Mail<\/a> and telephone: 061 260 21 20.<\/p>","protected":false},"excerpt":{"rendered":"<p>Was verstehen wir als Missionswerk unter Mission? Expand Unser Verst\u00e4ndnis von Mission gr\u00fcndet im Glauben, dass alle Menschen unterschiedlich, aber mit gleichem Wert und W\u00fcrde geschaffen sind. Daher sollten sie auch unabh\u00e4ngig von ihrer Ethnie, Geschlecht, Religion oder geographischen Herkunft im gleichen Masse teilhaben k\u00f6nnen an dem, was die Bibel &#8222;Leben in F\u00fclle f\u00fcr alle&#8220; [&hellip;]<\/p>\n","protected":false},"author":1,"featured_media":0,"parent":0,"menu_order":0,"comment_status":"closed","ping_status":"closed","template":"","meta":{"_acf_changed":false,"_seopress_robots_primary_cat":"","_seopress_titles_title":"","_seopress_titles_desc":"","_seopress_robots_index":"","_searchwp_excluded":"","site-sidebar-layout":"default","site-content-layout":"","ast-site-content-layout":"default","site-content-style":"default","site-sidebar-style":"default","ast-global-header-display":"","ast-banner-title-visibility":"","ast-main-header-display":"","ast-hfb-above-header-display":"","ast-hfb-below-header-display":"","ast-hfb-mobile-header-display":"","site-post-title":"","ast-breadcrumbs-content":"","ast-featured-img":"","footer-sml-layout":"","ast-disable-related-posts":"","theme-transparent-header-meta":"","adv-header-id-meta":"","stick-header-meta":"","header-above-stick-meta":"","header-main-stick-meta":"","header-below-stick-meta":"","astra-migrate-meta-layouts":"set","ast-page-background-enabled":"default","ast-page-background-meta":{"desktop":{"background-color":"var(--ast-global-color-4)","background-image":"","background-repeat":"repeat","background-position":"center center","background-size":"auto","background-attachment":"scroll","background-type":"","background-media":"","overlay-type":"","overlay-color":"","overlay-opacity":"","overlay-gradient":""},"tablet":{"background-color":"","background-image":"","background-repeat":"repeat","background-position":"center center","background-size":"auto","background-attachment":"scroll","background-type":"","background-media":"","overlay-type":"","overlay-color":"","overlay-opacity":"","overlay-gradient":""},"mobile":{"background-color":"","background-image":"","background-repeat":"repeat","background-position":"center center","background-size":"auto","background-attachment":"scroll","background-type":"","background-media":"","overlay-type":"","overlay-color":"","overlay-opacity":"","overlay-gradient":""}},"ast-content-background-meta":{"desktop":{"background-color":"var(--ast-global-color-5)","background-image":"","background-repeat":"repeat","background-position":"center center","background-size":"auto","background-attachment":"scroll","background-type":"","background-media":"","overlay-type":"","overlay-color":"","overlay-opacity":"","overlay-gradient":""},"tablet":{"background-color":"var(--ast-global-color-5)","background-image":"","background-repeat":"repeat","background-position":"center center","background-size":"auto","background-attachment":"scroll","background-type":"","background-media":"","overlay-type":"","overlay-color":"","overlay-opacity":"","overlay-gradient":""},"mobile":{"background-color":"var(--ast-global-color-5)","background-image":"","background-repeat":"repeat","background-position":"center center","background-size":"auto","background-attachment":"scroll","background-type":"","background-media":"","overlay-type":"","overlay-color":"","overlay-opacity":"","overlay-gradient":""}},"iawp_total_views":485,"footnotes":""},"hf_cat_page":[304],"class_list":["post-2972","page","type-page","status-publish"],"acf":[],"_links":{"self":[{"href":"https:\/\/www.mission-21.org\/en\/wp-json\/wp\/v2\/pages\/2972","targetHints":{"allow":["GET"]}}],"collection":[{"href":"https:\/\/www.mission-21.org\/en\/wp-json\/wp\/v2\/pages"}],"about":[{"href":"https:\/\/www.mission-21.org\/en\/wp-json\/wp\/v2\/types\/page"}],"author":[{"embeddable":true,"href":"https:\/\/www.mission-21.org\/en\/wp-json\/wp\/v2\/users\/1"}],"replies":[{"embeddable":true,"href":"https:\/\/www.mission-21.org\/en\/wp-json\/wp\/v2\/comments?post=2972"}],"version-history":[{"count":11,"href":"https:\/\/www.mission-21.org\/en\/wp-json\/wp\/v2\/pages\/2972\/revisions"}],"predecessor-version":[{"id":18484,"href":"https:\/\/www.mission-21.org\/en\/wp-json\/wp\/v2\/pages\/2972\/revisions\/18484"}],"wp:attachment":[{"href":"https:\/\/www.mission-21.org\/en\/wp-json\/wp\/v2\/media?parent=2972"}],"wp:term":[{"taxonomy":"hf_cat_page","embeddable":true,"href":"https:\/\/www.mission-21.org\/en\/wp-json\/wp\/v2\/hf_cat_page?post=2972"}],"curies":[{"name":"wp","href":"https:\/\/api.w.org\/{rel}","templated":true}]}}