{"id":3046,"date":"2022-09-28T09:05:15","date_gmt":"2022-09-28T07:05:15","guid":{"rendered":"https:\/\/www.mission-21.org\/advocacy\/"},"modified":"2023-04-20T08:53:07","modified_gmt":"2023-04-20T06:53:07","slug":"advocacy","status":"publish","type":"page","link":"https:\/\/www.mission-21.org\/en\/mitmachen\/advocacy\/","title":{"rendered":"Advocacy"},"content":{"rendered":"<img decoding=\"async\" src=\"https:\/\/www.mission-21.org\/wp-content\/uploads\/2022\/08\/csm_header_news_d521d70e38.jpeg\" alt=\"csm header news d521d70e38\" itemprop=\"image\" height=\"688\" width=\"1680\" title=\"csm_Header_News_d521d70e38\" onerror=\"this.style.display='none'\"  \/>\n\t<div class=\"fl-builder-content fl-builder-content-3660 fl-builder-template fl-builder-module-template fl-builder-global-templates-locked\" data-post-id=\"3660\"><div class=\"fl-module fl-module-pp-toc fl-node-xrvkwe8ihtn6 toc\" data-node=\"xrvkwe8ihtn6\">\n\t<div class=\"fl-module-content fl-node-content\">\n\t\t<div class=\"pp-toc-container\">\n\t\n\t<div class=\"pp-toc-body\">\n\t\t\t\t\t<ul class=\"pp-toc-list-wrapper pp-toc-list-icon\"><\/ul>\n\t\t\t\t<\/div>\n<\/div>\n\n\t<\/div>\n<\/div>\n<\/div><div class=\"uabb-js-breakpoint\" style=\"display: none;\"><\/div>\n\t\t\t<a href=\"\/en\/donate\/\" target=\"_self\" role=\"button\" aria-label=\"Donations\" rel=\"noopener\">\n\t\t\t\t\t\t\tDonations\n\t\t\t\t\t\t\t\t\t<img decoding=\"async\" src=\"https:\/\/www.mission-21.org\/wp-content\/uploads\/2022\/08\/csm_heat-icon_b1dbd40167.png\"\/>\n\t\t<\/a>\n\t\t\t<h1>Info Box<\/h1>\t\t\t\n\t\t\t\t<p>Advocacy means \"advocacy\" or \"advocacy\". Its goal is to improve the living conditions of disadvantaged and vulnerable people together with them. Mission 21 specializes in advocacy for gender justice. We want to empower people so that they can more clearly speak out publicly for their concerns and a life in dignity and demand their rights.<\/p>\n<h2>\n\t\t Gender Equity \n\t<\/h2>\n\t\t\t\t<img decoding=\"async\" src=\"https:\/\/www.mission-21.org\/wp-content\/uploads\/2022\/09\/csm_frauenkonferenz_2018_iwalkwith_aefd6ffed7.jpg\" alt=\"csm women&#039;s conference 2018 iwalkwith aefd6ffed7\" itemprop=\"image\" height=\"878\" width=\"1170\" title=\"csm_womenconference_2018_iwalkwith_aefd6ffed7\" onerror=\"this.style.display='none'\"  \/>\n\t<p>Many women and girls are still affected by gender-based discrimination and violence. Their opportunities to have a say and actively shape their own society are often limited. Mission 21 strives for a world in which human rights apply fully to all genders. With our advocacy work, we accompany people who advocate for women's human rights, train them and prepare them to pass on their knowledge. Religion and faith support women and men in this process of exercising their rights. Annually, we conduct advocacy workshops on topics such as contextual theology, integral leadership and UN mechanisms.<\/p>\n<p><a href=\"https:\/\/www.mission-21.org\/en\/who-we-are\/staff-office-women-and-gender\/\">\u25ba more about our work for women's human rights<\/a><\/p>\n<p><a href=\"https:\/\/www.mission-21.org\/en\/what-we-do\/projects-and-partners\/project\/program-for-gender-justice\/\" target=\"_self\" rel=\"noopener\">\u25ba Gender justice program<\/a><\/p>\n<h2>\n\t\tReligious freedom\n\t<\/h2>\n\t\t\t\t<img decoding=\"async\" src=\"https:\/\/www.mission-21.org\/wp-content\/uploads\/2022\/09\/csm_religionsfreiheit_1e7b5ca29b.jpg\" alt=\"csm freedom of religion 1e7b5ca29b\" itemprop=\"image\" height=\"878\" width=\"1170\" title=\"csm_freedom of religion_1e7b5ca29b\" onerror=\"this.style.display='none'\"  \/>\n\t<p>In the name of religion, conflicts and atrocities against members of other religious communities occur time and again. Mission 21 carries out advocacy work to make the potential of religion for peace fruitful. Together with our partner churches and partner organizations, we promote further training in interreligious peace work. We work with organizations of other religions across ethnic and religious boundaries and strengthen trust between religious communities. Every year we hold a symposium on interreligious peace work in Switzerland. On symbolic anniversaries such as Human Rights Day (December 10), we go public and set signs for religious freedom.<\/p>\n<p><a href=\"https:\/\/www.mission-21.org\/en\/participate\/advocacy\/advocacy-religious-freedom\/\">\u25ba more on Advocacy for Religious Freedom<\/a><\/p>\n<p>&nbsp;<\/p>","protected":false},"excerpt":{"rendered":"<p>Spenden Info Box Advocacy bedeutet &#8222;Anwaltschaft&#8220; oder &#8222;F\u00fcrsprache&#8220;. Ihr Ziel ist es, die Lebensumst\u00e4nde von benachteiligten und vulnerablen Menschen gemeinsam mit ihnen zu verbessern. Mission 21 ist spezialisiert auf Advocacy f\u00fcr Gendergerechtigkeit. Wir wollen Menschen bef\u00e4higen, dass sie \u00f6ffentlich deutlicher f\u00fcr ihre Anliegen und ein Leben in W\u00fcrde auftreten und ihre Rechte einfordern k\u00f6nnen. Geschlechtergerechtigkeit [&hellip;]<\/p>\n","protected":false},"author":1,"featured_media":3048,"parent":212,"menu_order":0,"comment_status":"closed","ping_status":"closed","template":"","meta":{"_acf_changed":false,"_seopress_robots_primary_cat":"","_seopress_titles_title":"","_seopress_titles_desc":"","_seopress_robots_index":"","_searchwp_excluded":"","site-sidebar-layout":"default","site-content-layout":"","ast-site-content-layout":"default","site-content-style":"default","site-sidebar-style":"default","ast-global-header-display":"","ast-banner-title-visibility":"","ast-main-header-display":"","ast-hfb-above-header-display":"","ast-hfb-below-header-display":"","ast-hfb-mobile-header-display":"","site-post-title":"","ast-breadcrumbs-content":"","ast-featured-img":"","footer-sml-layout":"","ast-disable-related-posts":"","theme-transparent-header-meta":"","adv-header-id-meta":"","stick-header-meta":"","header-above-stick-meta":"","header-main-stick-meta":"","header-below-stick-meta":"","astra-migrate-meta-layouts":"default","ast-page-background-enabled":"default","ast-page-background-meta":{"desktop":{"background-color":"var(--ast-global-color-4)","background-image":"","background-repeat":"repeat","background-position":"center center","background-size":"auto","background-attachment":"scroll","background-type":"","background-media":"","overlay-type":"","overlay-color":"","overlay-opacity":"","overlay-gradient":""},"tablet":{"background-color":"","background-image":"","background-repeat":"repeat","background-position":"center center","background-size":"auto","background-attachment":"scroll","background-type":"","background-media":"","overlay-type":"","overlay-color":"","overlay-opacity":"","overlay-gradient":""},"mobile":{"background-color":"","background-image":"","background-repeat":"repeat","background-position":"center center","background-size":"auto","background-attachment":"scroll","background-type":"","background-media":"","overlay-type":"","overlay-color":"","overlay-opacity":"","overlay-gradient":""}},"ast-content-background-meta":{"desktop":{"background-color":"var(--ast-global-color-5)","background-image":"","background-repeat":"repeat","background-position":"center center","background-size":"auto","background-attachment":"scroll","background-type":"","background-media":"","overlay-type":"","overlay-color":"","overlay-opacity":"","overlay-gradient":""},"tablet":{"background-color":"var(--ast-global-color-5)","background-image":"","background-repeat":"repeat","background-position":"center center","background-size":"auto","background-attachment":"scroll","background-type":"","background-media":"","overlay-type":"","overlay-color":"","overlay-opacity":"","overlay-gradient":""},"mobile":{"background-color":"var(--ast-global-color-5)","background-image":"","background-repeat":"repeat","background-position":"center center","background-size":"auto","background-attachment":"scroll","background-type":"","background-media":"","overlay-type":"","overlay-color":"","overlay-opacity":"","overlay-gradient":""}},"iawp_total_views":32,"footnotes":""},"hf_cat_page":[297],"class_list":["post-3046","page","type-page","status-publish","has-post-thumbnail"],"acf":[],"_links":{"self":[{"href":"https:\/\/www.mission-21.org\/en\/wp-json\/wp\/v2\/pages\/3046","targetHints":{"allow":["GET"]}}],"collection":[{"href":"https:\/\/www.mission-21.org\/en\/wp-json\/wp\/v2\/pages"}],"about":[{"href":"https:\/\/www.mission-21.org\/en\/wp-json\/wp\/v2\/types\/page"}],"author":[{"embeddable":true,"href":"https:\/\/www.mission-21.org\/en\/wp-json\/wp\/v2\/users\/1"}],"replies":[{"embeddable":true,"href":"https:\/\/www.mission-21.org\/en\/wp-json\/wp\/v2\/comments?post=3046"}],"version-history":[{"count":5,"href":"https:\/\/www.mission-21.org\/en\/wp-json\/wp\/v2\/pages\/3046\/revisions"}],"predecessor-version":[{"id":8283,"href":"https:\/\/www.mission-21.org\/en\/wp-json\/wp\/v2\/pages\/3046\/revisions\/8283"}],"up":[{"embeddable":true,"href":"https:\/\/www.mission-21.org\/en\/wp-json\/wp\/v2\/pages\/212"}],"wp:featuredmedia":[{"embeddable":true,"href":"https:\/\/www.mission-21.org\/en\/wp-json\/wp\/v2\/media\/3048"}],"wp:attachment":[{"href":"https:\/\/www.mission-21.org\/en\/wp-json\/wp\/v2\/media?parent=3046"}],"wp:term":[{"taxonomy":"hf_cat_page","embeddable":true,"href":"https:\/\/www.mission-21.org\/en\/wp-json\/wp\/v2\/hf_cat_page?post=3046"}],"curies":[{"name":"wp","href":"https:\/\/api.w.org\/{rel}","templated":true}]}}