{"id":320,"date":"2022-08-17T21:33:56","date_gmt":"2022-08-17T19:33:56","guid":{"rendered":"https:\/\/www.mission-21.org\/?page_id=320"},"modified":"2026-02-27T10:30:54","modified_gmt":"2026-02-27T09:30:54","slug":"publications","status":"publish","type":"page","link":"https:\/\/www.mission-21.org\/en\/informieren\/publikationen\/","title":{"rendered":"Publications"},"content":{"rendered":"<img decoding=\"async\" src=\"https:\/\/www.mission-21.org\/wp-content\/uploads\/2022\/08\/csm_header_news_d521d70e38.jpeg\" alt=\"csm header news d521d70e38\" itemprop=\"image\" height=\"688\" width=\"1680\" title=\"csm_Header_News_d521d70e38\" onerror=\"this.style.display='none'\" loading='lazy' \/>\n\t<div class=\"fl-builder-content fl-builder-content-3660 fl-builder-template fl-builder-module-template fl-builder-global-templates-locked\" data-post-id=\"3660\"><div class=\"fl-module fl-module-pp-toc fl-node-xrvkwe8ihtn6 toc\" data-node=\"xrvkwe8ihtn6\">\n\t<div class=\"fl-module-content fl-node-content\">\n\t\t<div class=\"pp-toc-container\">\n\t\n\t<div class=\"pp-toc-body\">\n\t\t\t\t\t<ul class=\"pp-toc-list-wrapper pp-toc-list-icon\"><\/ul>\n\t\t\t\t<\/div>\n<\/div>\n\n\t<\/div>\n<\/div>\n<\/div><div class=\"uabb-js-breakpoint\" style=\"display: none;\"><\/div>\n\t\t\t<a href=\"\/en\/donate\/\" title=\"Donations\" target=\"_self\"   role=\"button\" aria-label=\"Donations\">\n\t\t\t\t\t\t\tDonations\n\t\t\t\t\t\t\t\t\t<img decoding=\"async\" src=\"https:\/\/www.mission-21.org\/wp-content\/uploads\/2022\/08\/csm_heat-icon_b1dbd40167.png\"\/>\n\t\t<\/a>\n<h2>\n\t\t\tResponsible communication\t<\/h2>\n\t<h3>Manifesto for responsible communication of international cooperation<\/h3>\n<p>International cooperation stems from solidarity with marginalized and disadvantaged people. Those who communicate about international cooperation take responsibility - for the people who improve their livelihoods thanks to cooperation and for those who show solidarity.<\/p>\n<p>We assume this responsibility by critically reflecting on the content of our communication and fundraising. This reflection involves a continuous learning process in which the people we communicate about are just as involved as those we address with our communication.<\/p>\n<p>This is why Mission 21 has signed the \"Manifesto for Responsible Communication\", developed by Alliance Sud, together with over 25 other international cooperation organizations.<\/p>\n<p><a href=\"https:\/\/www.mission-21.org\/wp-content\/uploads\/2024\/05\/20240115_manifest_iza_kommunikation_dt.pdf\">\u25ba Manifesto for responsible communication (PDF)<\/a><\/p>\n<h2>\n\t\t\tbegegnen\t<\/h2>\n\t<iframe width=\"620px\" height=\"600px\" src=\"https:\/\/www.yumpu.com\/de\/embed\/view\/Tz27gN1tXqi09FUd\" frameborder=\"0\" allowfullscreen=\"true\"  allowtransparency=\"true\"><\/iframe>\n\t<h6>Current issue: encounter 1\/2026<\/h6>\n<p><strong>Nigeria unites the world - focus on World Day of Prayer 2026<\/strong><\/p>\nOn March 6, 2026, Christians in over 150 countries will celebrate the World Day of Prayer - prepared by women from Nigeria. The most populous country in Africa is characterized by cultural diversity, a great wealth of languages and traditions - and at the same time by deep contrasts: Poverty, violence, terror by armed groups, the rising cost of living and the consequences of climate change characterize the everyday lives of many people.\nWomen and children are particularly affected. Many live as internally displaced persons in camps, have lost family members or are struggling for access to education and income. Mission 21\u00abs partner organizations - including the Church of the Brethren (EYN) - provide humanitarian aid, enable vocational training, promote interreligious dialogue between Christians and Muslims and provide psychosocial support to women affected by violence. This creates prospects in a fragile environment.\nAlso in this issue: In Bolivia, greenhouses that promote food sovereignty and self-determination are growing at over 4,000 meters above sea level. Families are defying frost and drought with agroecological methods and empowering women in particular in new leadership roles.\nRead more in the current issue of \u00bbbegegnen\".\n\t<p>The magazine <strong>\"encounter\" <\/strong>is Mission 21's donor magazine and is published four times a year. The magazine contains information and stories about Mission 21's projects and the people behind them.<\/p>\n<p>The magazine is printed in Switzerland. The Gremper print shop prints climate-neutrally and invests in meaningful climate projects. <a href=\"https:\/\/gremper.ch\/de\/nachhaltigkeit\/klimabeitrag\" target=\"_blank\" rel=\"noopener\">\u25baMore information about the Gremper printing company<\/a><\/p>\n<h2>\n\t\t\tPrevious issues\t<\/h2>\n\t<iframe width=\"940px\" height=\"328px\" src=\"https:\/\/www.yumpu.com\/en\/embed\/view\/0QslUNpzh5STwPuH\" frameborder=\"0\" allowfullscreen=\"true\" allowtransparency=\"true\"><\/iframe>\n<h2>\n\t\t\t Cooperation Mission Press \t<\/h2>\n\t\t\t\t<a href=\"https:\/\/app.missionspresse.org\/de\/profiles\/1fbeb62bce96\/editions\"  target=\"_blank\" rel=\"noopener\"  itemprop=\"url\">\n\t\t\t\t<img decoding=\"async\" src=\"https:\/\/www.mission-21.org\/wp-content\/uploads\/2022\/10\/csm_logo_missionspresse_app_b688a71e10.jpg\" alt=\"csm logo mission press app b688a71e10\" itemprop=\"image\" height=\"150\" width=\"150\" title=\"csm_Logo_Missionspresse_App_b688a71e10\" onerror=\"this.style.display='none'\" loading='lazy' \/>\n\t\t\t\t<\/a>\n\t<p>Mission 21 works together with five other mission agencies in Germany and Austria. Together we form the <strong>Cooperation Mission Press<\/strong>. All the magazines of these mission agencies - including \"encounter\" - are accessible online in an app, a digital magazine kiosk. In the magazine \"Eine Welt\" you will find articles on the topic of mission and ecumenism, which have also appeared in our magazine \"Auftrag\" so far. In the future, however, you will also find selected articles from this cooperation online on our website in the <a href=\"https:\/\/www.mission-21.org\/en\/inform\/news\/\">\u25ba News<\/a>.<\/p>\n<p>Digital magazine kiosk (some for a fee): <a href=\"https:\/\/app.missionspresse.org\/de\/profiles\/1fbeb62bce96\/editions\" target=\"_blank\" rel=\"noopener\">App.missionpress.org<\/a> or via app, keyword mission press<\/p>\n<h2>\n\t\t\tMovies\t<\/h2>\n\t<p>Here you will find exciting films about the projects and partners of Mission 21.<\/p>\n<p><a href=\"https:\/\/vimeo.com\/channels\/mission21\" target=\"_blank\" rel=\"noopener\">\u25ba to our Vimeo channel<\/a><\/p>\n<p><a href=\"https:\/\/www.youtube.com\/user\/mission21Basel\/videos\" target=\"_blank\" rel=\"noopener\">\u25ba to our Youtube channel<\/a><\/p>\n<h4>\n\t\t\tCurrent film selection\t<\/h4>\n\t\t\t\t\t<a href=\"\"><img decoding=\"async\" src=\"https:\/\/i.vimeocdn.com\/portrait\/75431195_300x300?subrect=99%2C99%2C1308%2C1308&#038;r=cover&#038;sig=b1ec81f14c6c5a1eeebdf1ec93ec992c03088e46b5797e9dd4df2c12241370f6&#038;v=1&#038;region=us\"\/><\/a>\n\t\t\t\t\t\t\t<a href=\"\">Campaign 2023 - Education decides what we harvest in the future<\/a>\n\t\t\t\t\t\t\tfrom <a href=\"\">Mission 21<\/a>\n\t\t\t\t\t<img decoding=\"async\" src=\"https:\/\/i.vimeocdn.com\/video\/1648041745-f48eef5750e6543d5788fe9182e003ce3336c4605591c1e364fa85482f32f888-d_840?region=us\" alt=\"vimeo video thumbnail\"\/>\n\t\t\t\t\t<a href=\"\"><img decoding=\"async\" src=\"https:\/\/i.vimeocdn.com\/portrait\/75431195_300x300?subrect=99%2C99%2C1308%2C1308&#038;r=cover&#038;sig=b1ec81f14c6c5a1eeebdf1ec93ec992c03088e46b5797e9dd4df2c12241370f6&#038;v=1&#038;region=us\"\/><\/a>\n\t\t\t\t\t\t\t<a href=\"\">Young@Mission 21<\/a>\n\t\t\t\t\t\t\tfrom <a href=\"\">Mission 21<\/a>\n\t\t\t\t\t<img decoding=\"async\" src=\"https:\/\/i.vimeocdn.com\/video\/756919325-91d3fb8593283cffa02d56fe68ba4fb11eeea980319f26cb70e497865e9740e3-d_840?region=us\" alt=\"vimeo video thumbnail\"\/>\n\t\t\t\t\t<a href=\"\"><img decoding=\"async\" src=\"https:\/\/i.vimeocdn.com\/portrait\/75431195_300x300?subrect=99%2C99%2C1308%2C1308&#038;r=cover&#038;sig=b1ec81f14c6c5a1eeebdf1ec93ec992c03088e46b5797e9dd4df2c12241370f6&#038;v=1&#038;region=us\"\/><\/a>\n\t\t\t\t\t\t\t<a href=\"\">Brief portrait Mission 21<\/a>\n\t\t\t\t\t\t\tfrom <a href=\"\">Mission 21<\/a>\n\t\t\t\t\t<img decoding=\"async\" src=\"https:\/\/i.vimeocdn.com\/video\/1459492741-033fec1ae9ba8c605bfbd22af56098aebaa36b4649514d4ddfe9cf2b50dae529-d_840?region=us\" alt=\"vimeo video thumbnail\"\/>\n\t\t\t\t\t<a href=\"\"><img decoding=\"async\" src=\"https:\/\/i.vimeocdn.com\/portrait\/75431195_300x300?subrect=99%2C99%2C1308%2C1308&#038;r=cover&#038;sig=b1ec81f14c6c5a1eeebdf1ec93ec992c03088e46b5797e9dd4df2c12241370f6&#038;v=1&#038;region=us\"\/><\/a>\n\t\t\t\t\t\t\t<a href=\"\">Intertwined stories.mp4<\/a>\n\t\t\t\t\t\t\tfrom <a href=\"\">Mission 21<\/a>\n\t\t\t\t\t<img decoding=\"async\" src=\"https:\/\/i.vimeocdn.com\/video\/1459505979-9d5a7045d5615571d2f78dc0912c2beb0cb0aa8a17ce07f059ddb105ff484535-d_840?region=us\" alt=\"vimeo video thumbnail\"\/>\n\t\t<h2>\n\t\t\tAnnual report and financial report\t<\/h2>\n\t\t\t<a href=\"https:\/\/www.mission-21.org\/en\/store\/product\/annual-report-2022\/\" title=\"Order print copy\" target=\"_self\"   role=\"button\" aria-label=\"Order print copy\">\n\t\t\t\t\t\t\tOrder print copy\n\t\t<\/a>\n\t<!DOCTYPE html>\n<html lang=\"de\">\n<head>\n    <meta charset=\"UTF-8\"\/>\n    <meta name=\"viewport\" content=\"width=device-width, initial-scale=1.0\"\/>\n<style>\n    .download-button {\n        background-color: #ff9422;\n        color: white;\n        border: none;\n        padding: 15px 30px;\n        text-align: center;\n        text-decoration: none;\n        display: inline-block;\n        font-size: 20px;\n        border-radius: 0px;\n        cursor: pointer;\n    }\n    .download-button:hover {\n        background-color: #335198;\n        color: white;\n    }\n    .download-button:focus,\n    .download-button:active {\n        background-color: #335198; \/* Same as hover state *\/\n        color: white;\n        outline: none; \/* Remove default outline *\/\n    }\n<\/style>\n<\/head>\n<body>\n    <a id=\"download-link\" download>\n        Download as PDF\n    <\/a>\n<\/body>\n<\/html>\n\t<p>The <strong>Annual Report<\/strong> provides information on the impact of our work in the past year and shows how the donations received were used on the basis of specific projects. It contains the annual financial statements, including information on the origin and use of funds. It also contains information on the structure and committees of the missionary organization as well as a brief portrait of Mission 21. The annual report is published in July following the international Mission Synod of Mission 21.<\/p>\n<h4>\n\t\t\tPast annual reports\t<\/h4>\n\t<iframe   src=\"https:\/\/www.yumpu.com\/en\/embed\/view\/VNKnkpS4DwT2CJrl\" frameborder=\"0\" allowfullscreen=\"true\" allowtransparency=\"true\"><\/iframe>\n\t<h4>Financial report (each in German)<\/h4>\n<p><a href=\"https:\/\/www.mission-21.org\/wp-content\/uploads\/2025\/07\/finanzbericht-jahresrechnung_2024_mission-21_signiert.pdf\" target=\"_blank\" rel=\"noopener\">\u25ba Financial report 2024 (PDF)<\/a><\/p>\n<p><a href=\"https:\/\/www.mission-21.org\/wp-content\/uploads\/2024\/07\/jahresrechnung_2023_revidiert.pdf\">\u25ba Financial report 2023 (PDF)<\/a><\/p>\n<p><a href=\"https:\/\/www.mission-21.org\/wp-content\/uploads\/2023\/07\/mission-21-jahresrechnung-revision-ok_20230706.pdf\">\u25ba Financial Report 2022 (PDF)<\/a><\/p>\n<p><a href=\"https:\/\/www.mission-21.org\/fileadmin\/Webseite_Mission_21\/Publikationen\/Finanzbericht\/Mission_21_-_Revisionsbericht_Finanzbericht_2021.pdf\">\u25ba Financial Report 2021 (PDF)<\/a><\/p>\n<p><a href=\"https:\/\/www.mission-21.org\/fileadmin\/Webseite_Mission_21\/Publikationen\/Finanzbericht\/Finanzbericht_20210712_Revisoren_bestaetigt_2020.pdf\">\u25ba Financial Report 2020 (PDF)<\/a><\/p>\n<p><a href=\"https:\/\/www.mission-21.org\/fileadmin\/Webseite_Mission_21\/Publikationen\/Finanzbericht\/Finanzbericht-2019_Mission_21.pdf\">\u25ba Financial Report 2019 (PDF)<\/a><\/p>\n<p><a href=\"https:\/\/www.mission-21.org\/wp-content\/uploads\/2023\/04\/finanzbericht-2018.pdf\" target=\"_blank\" rel=\"noopener\">\u25ba PWC Financial Report 2018 (PDF)<\/a><\/p>\n<p><a href=\"https:\/\/www.mission-21.org\/wp-content\/uploads\/2023\/04\/finanzbericht-mission-21_2017.pdf\" target=\"_blank\" rel=\"noopener\">\u25ba PWC Financial Report 2017 (PDF)<\/a><\/p>\n<p><a href=\"https:\/\/www.mission-21.org\/fileadmin\/Mission_21\/Steuerbefreiung_2013_Mission_21.pdf\">\u25ba Tax exemption voucher (PDF)<\/a><\/p>\n<h2>\n\t\t\tProject booklet\t<\/h2>\n\t<iframe width=\"620px\" height=\"600px\" src=\"https:\/\/www.yumpu.com\/de\/embed\/view\/fbTEWsKZ5mNcI0x9\" frameborder=\"0\" allowfullscreen=\"true\"  allowtransparency=\"true\"><\/iframe>\n\t<p>The project booklet provides an overview of the development cooperation of Mission 21, HEKS\/Bread for All and DM-\u00e9change et mission. Against the background of the political, economic and social conditions of the countries, the project booklet presents the country programs and the partner organizations on site. Information on the individual projects and on donating rounds off the overview. The project booklet is updated annually and is free of charge.<\/p>\n<p><strong>Important note: If you as a church congregation would like to support the work of Mission 21, especially projects within the framework of the Ecumenical Campaign, then payments must be transferred directly to Mission 21 since January 1, 2021 (donation account\/IBAN: CH58 0900 0000 4072 6233 2). A transfer via <em>HEKS\/Bread for all<\/em> is no longer possible.\u00a0<\/strong><\/p>\n<p><a href=\"https:\/\/www.mission-21.org\/wp-content\/uploads\/2025\/11\/projektheft-2026_def-interaktiv_10mb.pdf\" target=\"_blank\" rel=\"noopener\">\u25ba Download project booklet 2026 as PDF<\/a><\/p>\n<p><a href=\"https:\/\/www.mission-21.org\/wp-content\/uploads\/2024\/10\/heksm21_projektheft-2025_de_def.pdf\" target=\"_blank\" rel=\"noopener\">\u25ba Download project booklet 2025 as PDF<\/a><\/p>\n<h2>\n\t\t\t Newsletters \t<\/h2>\n\t<p>Mission 21's international staff in partner churches and organizations in Africa, Asia and Latin America report at regular intervals. With the newsletters, they provide a personal insight into the projects on site.<\/p>\n<p><a href=\"https:\/\/www.mission-21.org\/en\/inform\/news\/?_kategorien=rundbriefe\" target=\"_self\">\u25ba all newsletters<\/a><\/p>\n<h4>\n\t\t\tCurrent newsletters\t<\/h4>\n\t\t\t\t\t\t\t\t\t\t\t\t\t\t<a href=\"https:\/\/www.mission-21.org\/en\/gracias-y-adios-solveig-schrickels-last-newsletter-from-chile\/\" target=\"_self\" title=\"\u00a1Gracias y adi\u00f3s! Solveig Schrickel&#039;s last newsletter from Chile\">\n\t\t\t\t<img decoding=\"async\" src=\"https:\/\/www.mission-21.org\/wp-content\/uploads\/2024\/12\/bild-1-rundbrief-15_heilkraeuterarbeit-900x675.jpeg\" alt=\"picture 1 newsletter 16 medicinal herb work\" \/>\n\t\t\t\t<\/a>\n\t\t\t\t\t\t<h4>\n\t\t\t\t<a href=\"https:\/\/www.mission-21.org\/en\/gracias-y-adios-solveig-schrickels-last-newsletter-from-chile\/\" title=\"\u00a1Gracias y adi\u00f3s! Solveig Schrickel&#039;s last newsletter from Chile\">\u00a1Gracias y adi\u00f3s! Solveig Schrickel's last newsletter from Chile<\/a>\t\t\t<\/h4>\n\t\t\t\t\t\t\t<h5>\n\t\t\tDecember 19, 2024\t\t\t\n\t\t\t\t\t\t\t<\/h5>\n\t\t\t\t\t\t\t\t\t\t\t\t\t\t<a href=\"https:\/\/www.mission-21.org\/en\/koran-studies-in-cairo-and-a-semester-course-on-satan-in-sabah\/\" target=\"_self\" title=\"Quran studies in Cairo and a semester course on S\u00e2t\u00e2n in Sabah\">\n\t\t\t\t<img decoding=\"async\" src=\"https:\/\/www.mission-21.org\/wp-content\/uploads\/2024\/08\/bild-6_dscn0020-scaled-e1724161187210-900x677.jpg\" alt=\"picture 6 dscn0020\" \/>\n\t\t\t\t<\/a>\n\t\t\t\t\t\t<h4>\n\t\t\t\t<a href=\"https:\/\/www.mission-21.org\/en\/koran-studies-in-cairo-and-a-semester-course-on-satan-in-sabah\/\" title=\"Quran studies in Cairo and a semester course on S\u00e2t\u00e2n in Sabah\">Quran studies in Cairo and a semester course on S\u00e2t\u00e2n in Sabah<\/a>\t\t\t<\/h4>\n\t\t\t\t\t\t\t<h5>\n\t\t\tAugust 20, 2024\t\t\t\n\t\t\t\t\t\t\t<\/h5>\n\t\t\t\t\t\t\t\t\t\t\t\t\t\t<a href=\"https:\/\/www.mission-21.org\/en\/daniel-gloor-in-malaysia-christmas-and-thoughts-on-anti-semitism-3\/\" target=\"_self\" title=\"Solveig Schrickel in Chile: chocolate and politics\">\n\t\t\t\t<img decoding=\"async\" src=\"https:\/\/www.mission-21.org\/wp-content\/uploads\/2024\/04\/bild-2-die-heilkraeuterkurse-sind-weiterhin-beliebt-scaled-e1712053759211-900x675.jpg\" alt=\"People at one table\" \/>\n\t\t\t\t<\/a>\n\t\t\t\t\t\t<h4>\n\t\t\t\t<a href=\"https:\/\/www.mission-21.org\/en\/daniel-gloor-in-malaysia-christmas-and-thoughts-on-anti-semitism-3\/\" title=\"Solveig Schrickel in Chile: chocolate and politics\">Solveig Schrickel in Chile: chocolate and politics<\/a>\t\t\t<\/h4>\n\t\t\t\t\t\t\t<h5>\n\t\t\tApril 2, 2024\t\t\t\n\t\t\t\t\t\t\t<\/h5>","protected":false},"excerpt":{"rendered":"<p>Spenden Verantwortungsvolle Kommunikation Manifest f\u00fcr eine verantwortungsvolle Kommunikation der internationalen Zusammenarbeit Die internationale Zusammenarbeit entspringt der Solidarit\u00e4t mit ausgegrenzten und benachteiligten Menschen. Wer \u00fcber internationale Zusammenarbeit kommuniziert, \u00fcbernimmt Verantwortung &#8211; f\u00fcr die Menschen, die dank der Zusammenarbeit ihre Lebensgrundlagen verbessern, und f\u00fcr jene, die sich solidarisch zeigen. Wir \u00fcbernehmen diese Verantwortung mit einer kritischen Reflexion [&hellip;]<\/p>\n","protected":false},"author":1,"featured_media":3534,"parent":215,"menu_order":0,"comment_status":"closed","ping_status":"closed","template":"","meta":{"_acf_changed":false,"_seopress_robots_primary_cat":"","_seopress_titles_title":"","_seopress_titles_desc":"","_seopress_robots_index":"","_searchwp_excluded":"","site-sidebar-layout":"default","site-content-layout":"","ast-site-content-layout":"default","site-content-style":"default","site-sidebar-style":"default","ast-global-header-display":"","ast-banner-title-visibility":"","ast-main-header-display":"","ast-hfb-above-header-display":"","ast-hfb-below-header-display":"","ast-hfb-mobile-header-display":"","site-post-title":"","ast-breadcrumbs-content":"","ast-featured-img":"","footer-sml-layout":"","ast-disable-related-posts":"","theme-transparent-header-meta":"","adv-header-id-meta":"","stick-header-meta":"","header-above-stick-meta":"","header-main-stick-meta":"","header-below-stick-meta":"","astra-migrate-meta-layouts":"set","ast-page-background-enabled":"default","ast-page-background-meta":{"desktop":{"background-color":"var(--ast-global-color-4)","background-image":"","background-repeat":"repeat","background-position":"center center","background-size":"auto","background-attachment":"scroll","background-type":"","background-media":"","overlay-type":"","overlay-color":"","overlay-opacity":"","overlay-gradient":""},"tablet":{"background-color":"","background-image":"","background-repeat":"repeat","background-position":"center center","background-size":"auto","background-attachment":"scroll","background-type":"","background-media":"","overlay-type":"","overlay-color":"","overlay-opacity":"","overlay-gradient":""},"mobile":{"background-color":"","background-image":"","background-repeat":"repeat","background-position":"center center","background-size":"auto","background-attachment":"scroll","background-type":"","background-media":"","overlay-type":"","overlay-color":"","overlay-opacity":"","overlay-gradient":""}},"ast-content-background-meta":{"desktop":{"background-color":"var(--ast-global-color-5)","background-image":"","background-repeat":"repeat","background-position":"center center","background-size":"auto","background-attachment":"scroll","background-type":"","background-media":"","overlay-type":"","overlay-color":"","overlay-opacity":"","overlay-gradient":""},"tablet":{"background-color":"var(--ast-global-color-5)","background-image":"","background-repeat":"repeat","background-position":"center center","background-size":"auto","background-attachment":"scroll","background-type":"","background-media":"","overlay-type":"","overlay-color":"","overlay-opacity":"","overlay-gradient":""},"mobile":{"background-color":"var(--ast-global-color-5)","background-image":"","background-repeat":"repeat","background-position":"center center","background-size":"auto","background-attachment":"scroll","background-type":"","background-media":"","overlay-type":"","overlay-color":"","overlay-opacity":"","overlay-gradient":""}},"iawp_total_views":2589,"footnotes":""},"hf_cat_page":[301],"class_list":["post-320","page","type-page","status-publish","has-post-thumbnail"],"acf":[],"_links":{"self":[{"href":"https:\/\/www.mission-21.org\/en\/wp-json\/wp\/v2\/pages\/320","targetHints":{"allow":["GET"]}}],"collection":[{"href":"https:\/\/www.mission-21.org\/en\/wp-json\/wp\/v2\/pages"}],"about":[{"href":"https:\/\/www.mission-21.org\/en\/wp-json\/wp\/v2\/types\/page"}],"author":[{"embeddable":true,"href":"https:\/\/www.mission-21.org\/en\/wp-json\/wp\/v2\/users\/1"}],"replies":[{"embeddable":true,"href":"https:\/\/www.mission-21.org\/en\/wp-json\/wp\/v2\/comments?post=320"}],"version-history":[{"count":11,"href":"https:\/\/www.mission-21.org\/en\/wp-json\/wp\/v2\/pages\/320\/revisions"}],"predecessor-version":[{"id":19845,"href":"https:\/\/www.mission-21.org\/en\/wp-json\/wp\/v2\/pages\/320\/revisions\/19845"}],"up":[{"embeddable":true,"href":"https:\/\/www.mission-21.org\/en\/wp-json\/wp\/v2\/pages\/215"}],"wp:featuredmedia":[{"embeddable":true,"href":"https:\/\/www.mission-21.org\/en\/wp-json\/wp\/v2\/media\/3534"}],"wp:attachment":[{"href":"https:\/\/www.mission-21.org\/en\/wp-json\/wp\/v2\/media?parent=320"}],"wp:term":[{"taxonomy":"hf_cat_page","embeddable":true,"href":"https:\/\/www.mission-21.org\/en\/wp-json\/wp\/v2\/hf_cat_page?post=320"}],"curies":[{"name":"wp","href":"https:\/\/api.w.org\/{rel}","templated":true}]}}