{"id":3200,"date":"2022-09-29T19:53:39","date_gmt":"2022-09-29T17:53:39","guid":{"rendered":"https:\/\/www.mission-21.org\/?page_id=3200"},"modified":"2026-03-25T16:33:07","modified_gmt":"2026-03-25T15:33:07","slug":"portraet","status":"publish","type":"page","link":"https:\/\/www.mission-21.org\/en\/wer-wir-sind\/portraet\/","title":{"rendered":"Portrait"},"content":{"rendered":"<img decoding=\"async\" src=\"https:\/\/www.mission-21.org\/wp-content\/uploads\/2022\/08\/csm_header_news_d521d70e38.jpeg\" alt=\"csm header news d521d70e38\" itemprop=\"image\" height=\"688\" width=\"1680\" title=\"csm_Header_News_d521d70e38\" onerror=\"this.style.display='none'\" loading='lazy' \/>\n\t<div class=\"fl-builder-content fl-builder-content-3660 fl-builder-template fl-builder-module-template fl-builder-global-templates-locked\" data-post-id=\"3660\"><div class=\"fl-module fl-module-pp-toc fl-node-xrvkwe8ihtn6 toc\" data-node=\"xrvkwe8ihtn6\">\n\t<div class=\"fl-module-content fl-node-content\">\n\t\t<div class=\"pp-toc-container\">\n\t\n\t<div class=\"pp-toc-body\">\n\t\t\t\t\t<ul class=\"pp-toc-list-wrapper pp-toc-list-icon\"><\/ul>\n\t\t\t\t<\/div>\n<\/div>\n\n\t<\/div>\n<\/div>\n<\/div><div class=\"uabb-js-breakpoint\" style=\"display: none;\"><\/div>\n\t\t\t<a href=\"\/en\/donate\/\" title=\"Donations\" target=\"_self\"   role=\"button\" aria-label=\"Donations\">\n\t\t\t\t\t\t\tDonations\n\t\t\t\t\t\t\t\t\t<img decoding=\"async\" src=\"https:\/\/www.mission-21.org\/wp-content\/uploads\/2022\/08\/csm_heat-icon_b1dbd40167.png\"\/>\n\t\t<\/a>\n\t\t\t<h3>Our fields of activity<\/h3>\t\t\t\n\t\t\t\t<p>Our understanding of mission is based on the belief that all people are created differently, but with equal value and dignity. Therefore, all people should have the same opportunity to live together in peace and justice, regardless of their ethnicity, gender, religion or geographical origin. We work towards this in respectful dialog with people of different religions and world views and are committed to the following fields of action<strong> International learning community<\/strong>\u00a0and <strong>International cooperation<\/strong>.<\/p>\n\t<h4>Frequently asked questions<\/h4>\n<p>Do you have questions about the financing of our work, our understanding of mission or our global commitment? We have compiled the most frequently asked questions for you. <a href=\"https:\/\/www.mission-21.org\/en\/who-we-are\/portraet\/frequently-asked-questions-2\/\">\u25ba FAQs<\/a><\/p>\n<h2>\n\t\t\t International learning community \t<\/h2>\n\t\t\t\t<img decoding=\"async\" src=\"https:\/\/www.mission-21.org\/wp-content\/uploads\/2022\/09\/csm_header_bildung_0ca5c0595c-900x507.jpg\" alt=\"csm header education 0ca5c0595c\" itemprop=\"image\" height=\"507\" width=\"900\" title=\"csm_Header_Bildung_0ca5c0595c\" onerror=\"this.style.display='none'\" loading='lazy' \/>\n\t<p>As an international learning community, we create space for transcultural exchange and interreligious cooperation and promote an understanding of global connections: we enable participation in the global church, network committed young people in our global youth movement and advocate decolonization. This includes supporting historical research into the links between mission and colonialism as well as maintaining and cataloging our research archive with the aim of facilitating transparent research into missionary history. We also align our international cooperation with the principles of decolonization and work on an equal footing with our partner churches and partner organizations. <a href=\"https:\/\/www.mission-21.org\/en\/what-we-do\/educational-offer\/\">\u25ba further information<\/a><\/p>\n<h2>\n\t\t\t International cooperation \t<\/h2>\n\t\t\t\t<img decoding=\"async\" src=\"https:\/\/www.mission-21.org\/wp-content\/uploads\/2022\/09\/csm_interreligioese_und_interkulturelle_zusammenarbeit_c5bb7ae2c5-900x676.jpg\" alt=\"csm interreligious and intercultural cooperation c5bb7ae2c5\" itemprop=\"image\" height=\"676\" width=\"900\" title=\"csm_Interreligious_and_Intercultural_Cooperation_c5bb7ae2c5\" onerror=\"this.style.display='none'\" loading='lazy' \/>\n\t<p>In the field of international cooperation, we work with around 60 partner organizations in various areas to support particularly vulnerable people: We provide humanitarian aid in crises and conflicts and are involved in peacebuilding. We help to secure livelihoods by providing education, promoting basic medical care and food sovereignty. We firmly oppose violence against women and children and support educational activities for social change. We also encourage our partner organizations to align their activities with the principles of good governance and to commit to respecting human rights. We are committed to gender equality and climate justice in all our programs and projects.<\/p>\n<p>&nbsp;<\/p>\n<p>.<\/p>\n<h2>\n\t\t\tOur areas of activity\t<\/h2>\n\t\t\t\t<img decoding=\"async\" src=\"https:\/\/www.mission-21.org\/wp-content\/uploads\/2022\/09\/csm_symbolbild_frieden_af369789a0-900x507.jpg\" alt=\"csm symbol picture peace af369789a0\" itemprop=\"image\" height=\"507\" width=\"900\" title=\"csm_Symbolbild_Frieden_af369789a0\" onerror=\"this.style.display='none'\" loading='lazy' \/>\n<h3>\n\t\t\tPeacebuilding\t<\/h3>\n\t<p>In many partner countries, tensions or violence are on the rise. We work at eye level with local people to resolve conflicts and structural violence peacefully. We work to prevent violence against women and children. Religious or ethnic aspects often play an important role in conflicts. Mission 21 brings its expertise in interreligious and intercultural peacebuilding to bear here.<\/p>\n<p><a href=\"https:\/\/www.mission-21.org\/en\/what-we-do\/projects-and-partners\/?_themen=friedensfoerderung\">\u25ba to our projects<\/a><\/p>\n\t\t\t\t<img decoding=\"async\" src=\"https:\/\/www.mission-21.org\/wp-content\/uploads\/2022\/09\/csm_symbolbild__bildung_823d708f56-900x507.jpg\" alt=\"csm symbol image education 823d708f56\" itemprop=\"image\" height=\"507\" width=\"900\" title=\"csm_Symbolbild__Bildung_823d708f56\" onerror=\"this.style.display='none'\" loading='lazy' \/>\n<h3>\n\t\t\tEducation\t<\/h3>\n\t<p>Education enables people to shape their own lives and take responsibility in society. We promote literacy in our partner countries: basic education projects for reading, writing and arithmetic. We enable vocational training and adult education. We promote the self-confidence of people from marginalized population groups so that they can work independently for a life in dignity.<\/p>\n<p><a href=\"https:\/\/www.mission-21.org\/en\/what-we-do\/projects-and-partners\/?_themen=bildung\">\u25ba to our projects<\/a><\/p>\n\t\t\t\t<img decoding=\"async\" src=\"https:\/\/www.mission-21.org\/wp-content\/uploads\/2025\/04\/csm_symbolbild__bildung_823d708f57.jpg\" alt=\"csm symbol image education 823d708f57\" itemprop=\"image\" height=\"659\" width=\"1170\" title=\"csm_symbolbild__bildung_823d708f57\" onerror=\"this.style.display='none'\" loading='lazy' \/>\n<h3>\n\t\t\tEducation for social change\t<\/h3>\n\t<p>In many of our partner countries, religious and political fundamentalism is on the rise, threatening indigenous groups, human rights, democracy and environmental concerns. Mission 21 promotes theological education that enables people to critically reflect on social developments and develop in constructive dialog with other disciplines and religions. In this way, we empower people who work as \"ambassadors of change\" for peace, social justice and environmental protection.<\/p>\n<p><a href=\"https:\/\/www.mission-21.org\/en\/what-we-do\/projects-and-partners\/?_themen=bildung-fuer-den-sozialen-wandel\">\u25ba to our projects<\/a><\/p>\n\t\t\t\t<img decoding=\"async\" src=\"https:\/\/www.mission-21.org\/wp-content\/uploads\/2022\/09\/csm_symbolbild_landwirtschaft_existenzsicherung_3045a2aa61-900x507.jpg\" alt=\"csm symbol image agriculture livelihood 3045a2aa61\" itemprop=\"image\" height=\"507\" width=\"900\" title=\"csm_symbol_agriculture_sustainability_3045a2aa61\" onerror=\"this.style.display='none'\" loading='lazy' \/>\n<h3>\n\t\t\tFood Sovereignty\t<\/h3>\n\t<p>The right to food is a fundamental human right. Although enough food is produced globally, around 870 million people go hungry and another billion are chronically malnourished. Climate change poses additional challenges for particularly vulnerable people. Mission 21 supports projects that enable measures to combat the consequences of climate change and promote healthy nutrition. We are committed to environmental protection and climate justice.<\/p>\n<p><a href=\"https:\/\/www.mission-21.org\/en\/what-we-do\/projects-and-partners\/?_themen=ernaehrungssouveraenitaet\">\u25ba to our projects<\/a><\/p>\n<p><a href=\"https:\/\/www.mission-21.org\/wp-content\/uploads\/2025\/10\/m21_uebersicht-ernaehrungssouveraenitaet_20251022_budget2025_pk.pdf\" target=\"_blank\" rel=\"noopener\">\u25ba An overview of our projects for food sovereignty and climate justice for download as pdf (German)<\/a><\/p>\n<p><a href=\"https:\/\/www.mission-21.org\/en\/what-we-do\/climate\/\" target=\"_blank\" rel=\"noopener\">\u25ba Website with in-depth information on our commitment to environmental protection and climate justice\u00a0<\/a><\/p>\n<p>&nbsp;<\/p>\n\t\t\t\t<img decoding=\"async\" src=\"https:\/\/www.mission-21.org\/wp-content\/uploads\/2022\/09\/csm_symbolbild_gesundheit_124a223060-900x507.jpg\" alt=\"csm symbol image health 124a223060\" itemprop=\"image\" height=\"507\" width=\"900\" title=\"csm_Symbolbild_Gesundheit_124a223060\" onerror=\"this.style.display='none'\" loading='lazy' \/>\n<h3>\n\t\t\tHealth\t<\/h3>\n\t<p>For over one billion people worldwide, access to healthcare is not guaranteed. Mission 21 helps people in remote and rural areas access healthcare. We support projects that promote the sexual and reproductive health of vulnerable populations. We are committed to the fight against HIV and discrimination against people living with HIV.<\/p>\n<p><a href=\"https:\/\/www.mission-21.org\/en\/what-we-do\/projects-and-partners\/?_themen=gesundheit\">\u25ba to our projects<\/a><\/p>\n\t\t\t\t<img decoding=\"async\" src=\"https:\/\/www.mission-21.org\/wp-content\/uploads\/2025\/01\/ueberschwemmung.jpg\" alt=\"flooding\" itemprop=\"image\" height=\"659\" width=\"1170\" title=\"flooding\" onerror=\"this.style.display='none'\" loading='lazy' \/>\n<h3>\n\t\t\tHumanitarian action\t<\/h3>\n\t<p>Mission 21 is active in countries where crises and conflicts have a severe impact on people's everyday lives. We are particularly active in places where government agencies and other aid organizations have withdrawn. Together with our partner organizations, we provide humanitarian action in the form of food aid, medical care and the distribution of tents, blankets and hygiene articles, as well as activities that give internally displaced people a new perspective on life. In line with the \"Triple Nexus\", we combine humanitarian action with peace-building measures and support for an independent future.<\/p>\n<p><a href=\"https:\/\/www.mission-21.org\/en\/what-we-do\/projects-and-partners\/?_themen=humanitaere-hilfe\">\u25ba to our projects<\/a><\/p>\n<h2>\n\t\t\tAnnual report and financial report\t<\/h2>\n\t\t\t<a href=\"https:\/\/www.mission-21.org\/en\/store\/product\/annual-report-2022\/\" title=\"Order print copy\" target=\"_self\"   role=\"button\" aria-label=\"Order print copy\">\n\t\t\t\t\t\t\tOrder print copy\n\t\t<\/a>\n\t<!DOCTYPE html>\n<html lang=\"de\">\n<head>\n    <meta charset=\"UTF-8\"\/>\n    <meta name=\"viewport\" content=\"width=device-width, initial-scale=1.0\"\/>\n<style>\n    .download-button {\n        background-color: #ff9422;\n        color: white;\n        border: none;\n        padding: 15px 30px;\n        text-align: center;\n        text-decoration: none;\n        display: inline-block;\n        font-size: 20px;\n        border-radius: 0px;\n        cursor: pointer;\n    }\n    .download-button:hover {\n        background-color: #335198;\n        color: white;\n    }\n    .download-button:focus,\n    .download-button:active {\n        background-color: #335198; \/* Same as hover state *\/\n        color: white;\n        outline: none; \/* Remove default outline *\/\n    }\n<\/style>\n<\/head>\n<body>\n    <a id=\"download-link\" download>\n        Download as PDF\n    <\/a>\n<\/body>\n<\/html>\n\t<p>The <strong>Annual Report<\/strong> provides information on the impact of our work in the past year and shows how the donations received were used on the basis of specific projects. It contains the annual financial statements, including information on the origin and use of funds. It also contains information on the structure and committees of the missionary organization as well as a brief portrait of Mission 21. The annual report is published in July following the international Mission Synod of Mission 21.<\/p>\n<h4>\n\t\t\tPast annual reports\t<\/h4>\n\t<iframe   src=\"https:\/\/www.yumpu.com\/en\/embed\/view\/VNKnkpS4DwT2CJrl\" frameborder=\"0\" allowfullscreen=\"true\" allowtransparency=\"true\"><\/iframe>\n\t<h4>Financial report (each in German)<\/h4>\n<p><a href=\"https:\/\/www.mission-21.org\/wp-content\/uploads\/2025\/07\/finanzbericht-jahresrechnung_2024_mission-21_signiert.pdf\" target=\"_blank\" rel=\"noopener\">\u25ba Financial report 2024 (PDF)<\/a><\/p>\n<p><a href=\"https:\/\/www.mission-21.org\/wp-content\/uploads\/2024\/07\/jahresrechnung_2023_revidiert.pdf\">\u25ba Financial report 2023 (PDF)<\/a><\/p>\n<p><a href=\"https:\/\/www.mission-21.org\/wp-content\/uploads\/2023\/07\/mission-21-jahresrechnung-revision-ok_20230706.pdf\">\u25ba Financial Report 2022 (PDF)<\/a><\/p>\n<p><a href=\"https:\/\/www.mission-21.org\/fileadmin\/Webseite_Mission_21\/Publikationen\/Finanzbericht\/Mission_21_-_Revisionsbericht_Finanzbericht_2021.pdf\">\u25ba Financial Report 2021 (PDF)<\/a><\/p>\n<p><a href=\"https:\/\/www.mission-21.org\/fileadmin\/Webseite_Mission_21\/Publikationen\/Finanzbericht\/Finanzbericht_20210712_Revisoren_bestaetigt_2020.pdf\">\u25ba Financial Report 2020 (PDF)<\/a><\/p>\n<p><a href=\"https:\/\/www.mission-21.org\/fileadmin\/Webseite_Mission_21\/Publikationen\/Finanzbericht\/Finanzbericht-2019_Mission_21.pdf\">\u25ba Financial Report 2019 (PDF)<\/a><\/p>\n<p><a href=\"https:\/\/www.mission-21.org\/wp-content\/uploads\/2023\/04\/finanzbericht-2018.pdf\" target=\"_blank\" rel=\"noopener\">\u25ba PWC Financial Report 2018 (PDF)<\/a><\/p>\n<p><a href=\"https:\/\/www.mission-21.org\/wp-content\/uploads\/2023\/04\/finanzbericht-mission-21_2017.pdf\" target=\"_blank\" rel=\"noopener\">\u25ba PWC Financial Report 2017 (PDF)<\/a><\/p>\n<p><a href=\"https:\/\/www.mission-21.org\/fileadmin\/Mission_21\/Steuerbefreiung_2013_Mission_21.pdf\">\u25ba Tax exemption voucher (PDF)<\/a><\/p>\n<h2>\n\t\t\t Mission statement and statutes \t<\/h2>\n<h2>\n\t\t\tGender Policy and Code of Conduct\t<\/h2>\n\t\t\t<a href=\"https:\/\/www.mission-21.org\/en\/download\/gender-policy-german\/\" target=\"_self\">\n\t\t\t\t\t\tGender Policy of Mission 21\n\t\t\t\t\t<\/a>\n\t\t\t<a href=\"https:\/\/www.mission-21.org\/en\/download\/code-of-conduct-german\/\" target=\"_self\">\n\t\t\t\t\t\tCode of Conduct\n\t\t\t\t\t<\/a>\n\t\t\t<a href=\"https:\/\/www.mission-21.org\/en\/download\/code-of-conduct-regulations-german\/\" target=\"_self\">\n\t\t\t\t\t\tRegulations to the Code of Conduct\n\t\t\t\t\t<\/a>","protected":false},"excerpt":{"rendered":"<p>Spenden Unsere Handlungsfelder Unser Verst\u00e4ndnis von Mission gr\u00fcndet im Glauben, dass alle Menschen unterschiedlich, aber mit gleichem Wert und gleicher W\u00fcrde geschaffen sind. Daher sollten alle Menschen auch unabh\u00e4ngig von ihrer Ethnie, von Geschlecht, Religion oder geographischer Herkunft in gleichem Masse die M\u00f6glichkeit haben, miteinander in Frieden und Gerechtigkeit zusammenzuleben. Darauf arbeiten wir im respektvollen [&hellip;]<\/p>\n","protected":false},"author":1,"featured_media":20023,"parent":218,"menu_order":0,"comment_status":"closed","ping_status":"closed","template":"","meta":{"_acf_changed":false,"_seopress_robots_primary_cat":"","_seopress_titles_title":"","_seopress_titles_desc":"","_seopress_robots_index":"","_searchwp_excluded":"","site-sidebar-layout":"default","site-content-layout":"","ast-site-content-layout":"default","site-content-style":"default","site-sidebar-style":"default","ast-global-header-display":"","ast-banner-title-visibility":"","ast-main-header-display":"","ast-hfb-above-header-display":"","ast-hfb-below-header-display":"","ast-hfb-mobile-header-display":"","site-post-title":"","ast-breadcrumbs-content":"","ast-featured-img":"","footer-sml-layout":"","ast-disable-related-posts":"","theme-transparent-header-meta":"","adv-header-id-meta":"","stick-header-meta":"","header-above-stick-meta":"","header-main-stick-meta":"","header-below-stick-meta":"","astra-migrate-meta-layouts":"set","ast-page-background-enabled":"default","ast-page-background-meta":{"desktop":{"background-color":"var(--ast-global-color-4)","background-image":"","background-repeat":"repeat","background-position":"center center","background-size":"auto","background-attachment":"scroll","background-type":"","background-media":"","overlay-type":"","overlay-color":"","overlay-opacity":"","overlay-gradient":""},"tablet":{"background-color":"","background-image":"","background-repeat":"repeat","background-position":"center center","background-size":"auto","background-attachment":"scroll","background-type":"","background-media":"","overlay-type":"","overlay-color":"","overlay-opacity":"","overlay-gradient":""},"mobile":{"background-color":"","background-image":"","background-repeat":"repeat","background-position":"center center","background-size":"auto","background-attachment":"scroll","background-type":"","background-media":"","overlay-type":"","overlay-color":"","overlay-opacity":"","overlay-gradient":""}},"ast-content-background-meta":{"desktop":{"background-color":"var(--ast-global-color-5)","background-image":"","background-repeat":"repeat","background-position":"center center","background-size":"auto","background-attachment":"scroll","background-type":"","background-media":"","overlay-type":"","overlay-color":"","overlay-opacity":"","overlay-gradient":""},"tablet":{"background-color":"var(--ast-global-color-5)","background-image":"","background-repeat":"repeat","background-position":"center center","background-size":"auto","background-attachment":"scroll","background-type":"","background-media":"","overlay-type":"","overlay-color":"","overlay-opacity":"","overlay-gradient":""},"mobile":{"background-color":"var(--ast-global-color-5)","background-image":"","background-repeat":"repeat","background-position":"center center","background-size":"auto","background-attachment":"scroll","background-type":"","background-media":"","overlay-type":"","overlay-color":"","overlay-opacity":"","overlay-gradient":""}},"iawp_total_views":6612,"footnotes":""},"hf_cat_page":[302],"class_list":["post-3200","page","type-page","status-publish","has-post-thumbnail"],"acf":[],"_links":{"self":[{"href":"https:\/\/www.mission-21.org\/en\/wp-json\/wp\/v2\/pages\/3200","targetHints":{"allow":["GET"]}}],"collection":[{"href":"https:\/\/www.mission-21.org\/en\/wp-json\/wp\/v2\/pages"}],"about":[{"href":"https:\/\/www.mission-21.org\/en\/wp-json\/wp\/v2\/types\/page"}],"author":[{"embeddable":true,"href":"https:\/\/www.mission-21.org\/en\/wp-json\/wp\/v2\/users\/1"}],"replies":[{"embeddable":true,"href":"https:\/\/www.mission-21.org\/en\/wp-json\/wp\/v2\/comments?post=3200"}],"version-history":[{"count":11,"href":"https:\/\/www.mission-21.org\/en\/wp-json\/wp\/v2\/pages\/3200\/revisions"}],"predecessor-version":[{"id":20074,"href":"https:\/\/www.mission-21.org\/en\/wp-json\/wp\/v2\/pages\/3200\/revisions\/20074"}],"up":[{"embeddable":true,"href":"https:\/\/www.mission-21.org\/en\/wp-json\/wp\/v2\/pages\/218"}],"wp:featuredmedia":[{"embeddable":true,"href":"https:\/\/www.mission-21.org\/en\/wp-json\/wp\/v2\/media\/20023"}],"wp:attachment":[{"href":"https:\/\/www.mission-21.org\/en\/wp-json\/wp\/v2\/media?parent=3200"}],"wp:term":[{"taxonomy":"hf_cat_page","embeddable":true,"href":"https:\/\/www.mission-21.org\/en\/wp-json\/wp\/v2\/hf_cat_page?post=3200"}],"curies":[{"name":"wp","href":"https:\/\/api.w.org\/{rel}","templated":true}]}}