{"id":3210,"date":"2022-09-29T20:04:12","date_gmt":"2022-09-29T18:04:12","guid":{"rendered":"https:\/\/www.mission-21.org\/?page_id=3210"},"modified":"2026-03-03T15:01:55","modified_gmt":"2026-03-03T14:01:55","slug":"archive-events","status":"publish","type":"page","link":"https:\/\/www.mission-21.org\/en\/was-wir-tun\/archiv-veranstaltungen\/","title":{"rendered":"Archive events"},"content":{"rendered":"<img decoding=\"async\" src=\"https:\/\/www.mission-21.org\/wp-content\/uploads\/2022\/08\/csm_header_news_d521d70e38.jpeg\" alt=\"csm header news d521d70e38\" itemprop=\"image\" height=\"688\" width=\"1680\" title=\"csm_Header_News_d521d70e38\" onerror=\"this.style.display='none'\" loading='lazy' \/>\n\t<div class=\"fl-builder-content fl-builder-content-3660 fl-builder-template fl-builder-module-template fl-builder-global-templates-locked\" data-post-id=\"3660\"><div class=\"fl-module fl-module-pp-toc fl-node-xrvkwe8ihtn6 toc\" data-node=\"xrvkwe8ihtn6\">\n\t<div class=\"fl-module-content fl-node-content\">\n\t\t<div class=\"pp-toc-container\">\n\t\n\t<div class=\"pp-toc-body\">\n\t\t\t\t\t<ul class=\"pp-toc-list-wrapper pp-toc-list-icon\"><\/ul>\n\t\t\t\t<\/div>\n<\/div>\n\n\t<\/div>\n<\/div>\n<\/div><div class=\"uabb-js-breakpoint\" style=\"display: none;\"><\/div>\n<h2>\n\t\t\tWebinar Dossiers\t<\/h2>\n\t\t\t\t<img decoding=\"async\" src=\"https:\/\/www.mission-21.org\/wp-content\/uploads\/2025\/09\/keyvisual_internationales-forum-2025-titel_final-mit-logo_weiss_3-zu-2_20250805_nd-e1762157628562.png\" alt=\"keyvisual international forum 2025 title final with logo white 3 to 2 20250805 nd\" title=\"keyvisual_internationales-forum-2025-titel_final-mit-logo_weiss_3-zu-2_20250805_nd\" itemprop=\"image\"\/>\n\t\t<h3>International Forum on interfaith and transcultural peacebuilding<\/h3>\t\t\t\n<p>On October 23 and 24, 2025, the third International Forum for Interreligious and Transcultural Peacebuilding took place online. Under the motto \u00abPeace on Earth. Peace with the Earth.\u00bb speakers and participants from all over the world exchanged views on how peace, justice and ecological responsibility are connected. Two days full of inspiring voices, diverse perspectives and shared visions for a more peaceful and sustainable future.<\/p>\n<a href=\"https:\/\/www.mission-21.org\/en\/international-forum-2025-review\/\" target=\"_self\">\u25ba To the dossier<\/a>\t\t\t\n\t\t\t\t<img decoding=\"async\" src=\"https:\/\/www.mission-21.org\/wp-content\/uploads\/2024\/08\/forum-bild.png\" alt=\"forum picture\" title=\"Forum picture\" itemprop=\"image\"\/>\n\t\t<h3>International Forum on interfaith and transcultural peacebuilding<\/h3>\t\t\t\n<p>For many of Mission 21's partner churches and organizations, interreligious and transcultural peace work is an existential issue, as they live and work in crisis and conflict regions. In 2023, Mission 21 therefore launched a series of webinars on peacebuilding. The second edition of the international forum took place on September 18 and 19, 2024, once again bringing together over 100 participants from four continents for an intensive exchange of ideas.<\/p>\n<a href=\"https:\/\/www.mission-21.org\/en\/international-forum-2024-dossier\/\" target=\"_self\">\u25ba To the dossier<\/a>\t\t\t\n\t\t\t\t<img decoding=\"async\" src=\"https:\/\/www.mission-21.org\/wp-content\/uploads\/2022\/09\/csm_zeichenflaeche_11_5ea811d50f-900x451.png\" alt=\"csm drawing area 11 5ea811d50f\" title=\"csm_Zeichenflaeche_11_5ea811d50f\" itemprop=\"image\"\/>\n\t\t<h3>Decolonize Aid?<\/h3>\t\t\t\n<p>An honest look at the continuing power imbalance in development cooperation and a joint search for new strategies for cooperation at eye level. With partner institutions from four continents.<\/p>\n<a href=\"https:\/\/www.mission-21.org\/en\/what-we-do\/events\/decolonize-aid\/\" target=\"_self\">\u25ba To the dossier<\/a>\t\t\t\n\t\t\t\t<img decoding=\"async\" src=\"https:\/\/www.mission-21.org\/wp-content\/uploads\/2022\/09\/mission_21_summer_school_2021_banner_1080x2160_v3-900x450.jpg\" alt=\"mission 21 summer school 2021 banner 1080x2160 v3\" title=\"Mission_21_Summer_School_2021_Banner_1080x2160_v3\" itemprop=\"image\"\/>\n\t\t<h3>Mission and Church - between racism and respect<\/h3>\t\t\t\n\t\t\t\t<p>The history of Europe's worldwide missionary activity is ambivalent: There are examples of respectful encounters as well as Western arrogance or even racist behavior. How are mission history and today's church relations perceived from perspectives in Africa, Asia, Latin America and Europe?<\/p>\n<a href=\"https:\/\/www.mission-21.org\/en\/summer-school-2021-2\/\" target=\"_self\">\u25ba To the dossier<\/a>\t\t\t\n\t\t\t\t<img decoding=\"async\" src=\"https:\/\/www.mission-21.org\/wp-content\/uploads\/2022\/10\/csm_kolonialismus_und_mission_c19cf735ff.jpg\" alt=\"csm colonialism and mission c19cf735ff\" title=\"csm_colonialism_and_mission_c19cf735ff\" itemprop=\"image\"\/>\n\t\t<h3>Mission - Colonialism Revisited<\/h3>\t\t\t\n\t\t\t\t<p>What role did Christian missionary societies play in the context of slavery and colonialism? Are there historical points of contact with racism and discrimination? Mission 21 brings the multi-layered history of mission, colonialism and slavery into focus in order to sharpen the focus for the current social debate on racism and discrimination.<\/p>\n<a href=\"https:\/\/www.mission-21.org\/en\/what-we-do\/events\/mission-colonialism-revisited\/\" target=\"_self\">\u25ba To the dossier<\/a>\t\t\t\n<h2>\n\t\t\tWebinar videos\t<\/h2>\n\t<a href=\"https:\/\/vimeo.com\/1031110606?share=copy#t=0\" target=\"_blank\" rel=\"noopener\" aria-label=\"Gehe zu https:\/\/vimeo.com\/1031110606?share=copy#t=0\"><\/a>\n\t\t\t<h3>Bible and Climate Crisis<\/h3>\t\t\n\t\t\t\t<img decoding=\"async\" src=\"https:\/\/www.mission-21.org\/wp-content\/uploads\/2024\/11\/bible_and_climate_crisis.jpg\" alt=\"bible and climate crisis\" title=\"bible_and_climate_crisis\" itemprop=\"image\"\/>\n\t<a href=\"https:\/\/vimeo.com\/450723777\" target=\"_blank\" rel=\"noopener\" aria-label=\"Gehe zu https:\/\/vimeo.com\/450723777\"><\/a>\n\t\t\t<h3>Summer School: The impact of protests (Session 1)<\/h3>\t\t\n\t\t\t\t<img decoding=\"async\" src=\"https:\/\/www.mission-21.org\/wp-content\/uploads\/2022\/10\/csm_summer_school_session_1_3b27fd2d5a.jpg\" alt=\"csm summer school session 1 3b27fd2d5a\" title=\"csm_Summer_School_Session_1_3b27fd2d5a\" itemprop=\"image\"\/>\n\t<a href=\"https:\/\/vimeo.com\/773232040\" target=\"_blank\" rel=\"noopener\" aria-label=\"Gehe zu https:\/\/vimeo.com\/773232040\"><\/a>\n\t\t\t<h3>Dialog International Online: \"(Anti)Racism in Different Religions\".<\/h3>\t\t\n\t\t\t\t<img decoding=\"async\" src=\"https:\/\/www.mission-21.org\/wp-content\/uploads\/2022\/11\/casademujer-suma-jacana-900x507.jpg\" alt=\"casademujer suma jacana\" title=\"casademujer-suma-jacana\" itemprop=\"image\"\/>\n\t<a href=\"https:\/\/vimeo.com\/651453371\" target=\"_blank\" rel=\"noopener\" aria-label=\"Gehe zu https:\/\/vimeo.com\/651453371\"><\/a>\n\t\t\t<h3>Dialog International: Right to education for girls and women in Tanzania<\/h3>\t\t\n\t\t\t\t<img decoding=\"async\" src=\"https:\/\/www.mission-21.org\/wp-content\/uploads\/2022\/10\/csm_mary_kategile_8451b5a499-900x507.jpg\" alt=\"csm mary kategile 8451b5a499\" title=\"csm_Mary_Kategile_8451b5a499\" itemprop=\"image\"\/>\n\t<a href=\"https:\/\/vimeo.com\/704484082\" target=\"_blank\" rel=\"noopener\" aria-label=\"Gehe zu https:\/\/vimeo.com\/704484082\"><\/a>\n\t\t\t<h3>Dialog International Online: \"(Anti)Racism in Different Religions\".<\/h3>\t\t\n\t\t\t\t<img decoding=\"async\" src=\"https:\/\/www.mission-21.org\/wp-content\/uploads\/2022\/09\/mission_21_summer_school_2021_banner_1080x2160_v3-900x450.jpg\" alt=\"mission 21 summer school 2021 banner 1080x2160 v3\" title=\"Mission_21_Summer_School_2021_Banner_1080x2160_v3\" itemprop=\"image\"\/>\n\t<a href=\"https:\/\/vimeo.com\/680024179\" target=\"_blank\" rel=\"noopener\" aria-label=\"Gehe zu https:\/\/vimeo.com\/680024179\"><\/a>\n\t\t\t<h3>Dialog International: Reading the Bible with different eyes<\/h3>\t\t\n\t\t\t\t<img decoding=\"async\" src=\"https:\/\/www.mission-21.org\/wp-content\/uploads\/2022\/10\/csm_dialog_f431895476-900x507.jpg\" alt=\"csm dialog f431895476\" title=\"csm_dialog_f431895476\" itemprop=\"image\"\/>\n\t<a href=\"https:\/\/vimeo.com\/640260572\" target=\"_blank\" rel=\"noopener\" aria-label=\"Gehe zu https:\/\/vimeo.com\/640260572\"><\/a>\n\t\t\t<h3>Dialog International: Nigeria - Interreligious Conflict or Climate War?<\/h3>\t\t\n\t\t\t\t<img decoding=\"async\" src=\"https:\/\/www.mission-21.org\/wp-content\/uploads\/2022\/10\/csm_bild1_dec0b19aaa.jpg\" alt=\"csm image1 dec0b19aaa\" title=\"csm_image1_dec0b19aaa\" itemprop=\"image\"\/>\n\t<a href=\"https:\/\/vimeo.com\/526135753\" target=\"_blank\" rel=\"noopener\" aria-label=\"Gehe zu https:\/\/vimeo.com\/526135753\"><\/a>\n\t\t\t<h3>Dialog International: Religion and Development<\/h3>\t\t\n\t\t\t\t<img decoding=\"async\" src=\"https:\/\/www.mission-21.org\/wp-content\/uploads\/2022\/10\/csm_religion_und_entwicklung_video_6c19b12065-900x507.jpg\" alt=\"csm religion and development video 6c19b12065\" title=\"csm_Religion_und_Entwicklung_Video_6c19b12065\" itemprop=\"image\"\/>\n\t<a href=\"https:\/\/vimeo.com\/430636693\" target=\"_blank\" rel=\"noopener\" aria-label=\"Gehe zu https:\/\/vimeo.com\/430636693\"><\/a>\n\t\t\t<h3>Dialog International: Hong Kong's democracy movement<\/h3>\t\t\n\t\t\t\t<img decoding=\"async\" src=\"https:\/\/www.mission-21.org\/wp-content\/uploads\/2022\/10\/csm_facebook_stream_dialog_international_hongkong_cbuess_31eb7d9986.jpg\" alt=\"csm facebook stream dialog international hong kong cbuess 31eb7d9986\" title=\"csm_Facebook_Stream_Dialog_International_Hongkong_CBuess_31eb7d9986\" itemprop=\"image\"\/>\n\t<a href=\"https:\/\/vimeo.com\/460848449\" target=\"_blank\" rel=\"noopener\" aria-label=\"Gehe zu https:\/\/vimeo.com\/460848449\"><\/a>\n\t\t\t<h3>Dialog International: Hope for Peace in South Sudan<\/h3>\t\t\n\t\t\t\t<img decoding=\"async\" src=\"https:\/\/www.mission-21.org\/wp-content\/uploads\/2022\/10\/csm_webinar_suedsudan_20200921_fff0fa732a.jpg\" alt=\"csm webinar suedsudan 20200921 fff0fa732a\" title=\"csm_Webinar_Suedsudan_20200921_fff0fa732a\" itemprop=\"image\"\/>\n<h2>\n\t\t\tReports on the events\t<\/h2>\n\t\t\t\t\t\t\t\t\t\t\t\t\t\t<a href=\"https:\/\/www.mission-21.org\/en\/peace-with-the-earth-mission-21-forum-provides-inspiring-impulses\/\" target=\"_self\" title=\"Peace with the earth: Mission 21 forum provides inspiring impetus\">\n\t\t\t\t<img decoding=\"async\" src=\"https:\/\/www.mission-21.org\/wp-content\/uploads\/2025\/10\/foto_international-forum-2025b_20251024_cwe_neu_4-zu-3-900x675.jpg\" alt=\"A screenshot with participants in Mission 21&#039;s online &quot;Forum 2025&quot;\" \/>\n\t\t\t\t<\/a>\n\t\t\t\t\t\t<h4>\n\t\t\t\t<a href=\"https:\/\/www.mission-21.org\/en\/peace-with-the-earth-mission-21-forum-provides-inspiring-impulses\/\" title=\"Peace with the earth: Mission 21 forum provides inspiring impetus\">Peace with the earth: Mission 21 forum provides inspiring impetus<\/a>\t\t\t<\/h4>\n\t\t\t\t\t\t\t<h5>\n\t\t\tNovember 3, 2025\t\t\t\n\t\t\t\t\t\t\t<\/h5>\n\t\t\t\t\t\t\t\t\t\t\t\t\t\t<a href=\"https:\/\/www.mission-21.org\/en\/decolonizing-theology-but-how-mission-21-webinar-seeks-answers\/\" target=\"_self\" title=\"Decolonizing theology, but how? - Mission 21 webinar seeks answers\">\n\t\t\t\t<img decoding=\"async\" src=\"https:\/\/www.mission-21.org\/wp-content\/uploads\/2025\/09\/referenten_webinar_decolonizing-theology_2025-09-03-900x675.png\" alt=\"speakers webinar decolonizing theology 2025 09 03\" \/>\n\t\t\t\t<\/a>\n\t\t\t\t\t\t<h4>\n\t\t\t\t<a href=\"https:\/\/www.mission-21.org\/en\/decolonizing-theology-but-how-mission-21-webinar-seeks-answers\/\" title=\"Decolonizing theology, but how? - Mission 21 webinar seeks answers\">Decolonizing theology, but how? - Mission 21 webinar seeks answers<\/a>\t\t\t<\/h4>\n\t\t\t\t\t\t\t<h5>\n\t\t\tSeptember 12, 2025\t\t\t\n\t\t\t\t\t\t\t<\/h5>\n\t\t\t\t\t\t\t\t\t\t\t\t\t\t<a href=\"https:\/\/www.mission-21.org\/en\/royal-visit-from-ghana-to-mission-21\/\" target=\"_self\" title=\"Royal visit from Ghana to Mission 21\">\n\t\t\t\t<img decoding=\"async\" src=\"https:\/\/www.mission-21.org\/wp-content\/uploads\/2025\/07\/img_0394_delegation-ghana_notse-nii-nortey-owuo-iv_20250729_4-zu-3_b-900x675.jpg\" alt=\"img 0394 delegation ghana notse nii nortey owuo iv 20250729 4 to 3 b\" \/>\n\t\t\t\t<\/a>\n\t\t\t\t\t\t<h4>\n\t\t\t\t<a href=\"https:\/\/www.mission-21.org\/en\/royal-visit-from-ghana-to-mission-21\/\" title=\"Royal visit from Ghana to Mission 21\">Royal visit from Ghana to Mission 21<\/a>\t\t\t<\/h4>\n\t\t\t\t\t\t\t<h5>\n\t\t\tJuly 30, 2025\t\t\t\n\t\t\t\t\t\t\t<\/h5>\n\t\t\t\t\t\t\t\t\t\t\t\t\t\t<a href=\"https:\/\/www.mission-21.org\/en\/international-synod-decolonization-as-a-guiding-principle\/\" target=\"_self\" title=\"International Synod: Decolonization as a guideline\">\n\t\t\t\t<img decoding=\"async\" src=\"https:\/\/www.mission-21.org\/wp-content\/uploads\/2025\/07\/screenshot-1-fuer-web-news-900x675.png\" alt=\"Screenshot with some delegates of the Synod 2025 of Mission 21.\" \/>\n\t\t\t\t<\/a>\n\t\t\t\t\t\t<h4>\n\t\t\t\t<a href=\"https:\/\/www.mission-21.org\/en\/international-synod-decolonization-as-a-guiding-principle\/\" title=\"International Synod: Decolonization as a guideline\">International Synod: Decolonization as a guideline<\/a>\t\t\t<\/h4>\n\t\t\t\t\t\t\t<h5>\n\t\t\tJuly 4, 2025\t\t\t\n\t\t\t\t\t\t\t<\/h5>\n\t\t\t\t\t\t\t\t\t\t\t\t\t\t<a href=\"https:\/\/www.mission-21.org\/en\/focus-on-reconciliation-what-can-we-do-about-conflicts\/\" target=\"_self\" title=\"Focus on reconciliation: What can we do about conflicts?\">\n\t\t\t\t<img decoding=\"async\" src=\"https:\/\/www.mission-21.org\/wp-content\/uploads\/2024\/09\/img_forum-2024_teilnehmende3_20240920_cwe-e1727187977221-900x674.jpg\" alt=\"img forum 2024 participants3 20240920 cwe\" \/>\n\t\t\t\t<\/a>\n\t\t\t\t\t\t<h4>\n\t\t\t\t<a href=\"https:\/\/www.mission-21.org\/en\/focus-on-reconciliation-what-can-we-do-about-conflicts\/\" title=\"Focus on reconciliation: What can we do about conflicts?\">Focus on reconciliation: What can we do about conflicts?<\/a>\t\t\t<\/h4>\n\t\t\t\t\t\t\t<h5>\n\t\t\tSeptember 24, 2024\t\t\t\n\t\t\t\t\t\t\t<\/h5>\n\t\t\t\t\t\t\t\t\t\t\t\t\t\t<a href=\"https:\/\/www.mission-21.org\/en\/maedchenschulen-that-was-radical-back-then\/\" target=\"_self\" title=\"&quot;Girls&#039; schools: That was radical back then&quot;\">\n\t\t\t\t<img decoding=\"async\" src=\"https:\/\/www.mission-21.org\/wp-content\/uploads\/2024\/01\/brahman-maedchenschuel__pu_20240225_c-30-54-011.jpg\" alt=\"brahman girls&#039; school pu 20240225 c 30 54 011\" \/>\n\t\t\t\t<\/a>\n\t\t\t\t\t\t<h4>\n\t\t\t\t<a href=\"https:\/\/www.mission-21.org\/en\/maedchenschulen-that-was-radical-back-then\/\" title=\"&quot;Girls&#039; schools: That was radical back then&quot;\">\"Girls' schools: That was radical back then\"<\/a>\t\t\t<\/h4>\n\t\t\t\t\t\t\t<h5>\n\t\t\tMarch 12, 2024\t\t\t\n\t\t\t\t\t\t\t<\/h5>\n<h3>\n\t\t<a href=\"https:\/\/www.mission-21.org\/en\/inform\/news\/?_kategorien=events\" title=\"\u25ba Further event reports\"  target=\"_self\">\n\t\t\t\u25ba Further event reports\t\t<\/a>\n\t<\/h3>","protected":false},"excerpt":{"rendered":"<p>Webinar-Dossiers Internationales Forum f\u00fcr interreligi\u00f6se und transkulturelle Friedensf\u00f6rderung Am 23. und 24. Oktober 2025 fand das dritte Internationale Forum f\u00fcr interreligi\u00f6se und transkulturelle Friedensf\u00f6rderung online statt. Unter dem Motto \u00abPeace on Earth. Peace with the Earth.\u00bb tauschten sich Referent*innen und Teilnehmende aus aller Welt dar\u00fcber aus, wie Frieden, Gerechtigkeit und \u00f6kologische Verantwortung zusammenh\u00e4ngen. Zwei Tage [&hellip;]<\/p>\n","protected":false},"author":1,"featured_media":3212,"parent":205,"menu_order":0,"comment_status":"closed","ping_status":"closed","template":"","meta":{"_acf_changed":false,"_seopress_robots_primary_cat":"","_seopress_titles_title":"","_seopress_titles_desc":"","_seopress_robots_index":"","_searchwp_excluded":"","site-sidebar-layout":"default","site-content-layout":"","ast-site-content-layout":"default","site-content-style":"default","site-sidebar-style":"default","ast-global-header-display":"","ast-banner-title-visibility":"","ast-main-header-display":"","ast-hfb-above-header-display":"","ast-hfb-below-header-display":"","ast-hfb-mobile-header-display":"","site-post-title":"","ast-breadcrumbs-content":"","ast-featured-img":"","footer-sml-layout":"","ast-disable-related-posts":"","theme-transparent-header-meta":"","adv-header-id-meta":"","stick-header-meta":"","header-above-stick-meta":"","header-main-stick-meta":"","header-below-stick-meta":"","astra-migrate-meta-layouts":"set","ast-page-background-enabled":"default","ast-page-background-meta":{"desktop":{"background-color":"var(--ast-global-color-4)","background-image":"","background-repeat":"repeat","background-position":"center center","background-size":"auto","background-attachment":"scroll","background-type":"","background-media":"","overlay-type":"","overlay-color":"","overlay-opacity":"","overlay-gradient":""},"tablet":{"background-color":"","background-image":"","background-repeat":"repeat","background-position":"center center","background-size":"auto","background-attachment":"scroll","background-type":"","background-media":"","overlay-type":"","overlay-color":"","overlay-opacity":"","overlay-gradient":""},"mobile":{"background-color":"","background-image":"","background-repeat":"repeat","background-position":"center center","background-size":"auto","background-attachment":"scroll","background-type":"","background-media":"","overlay-type":"","overlay-color":"","overlay-opacity":"","overlay-gradient":""}},"ast-content-background-meta":{"desktop":{"background-color":"var(--ast-global-color-5)","background-image":"","background-repeat":"repeat","background-position":"center center","background-size":"auto","background-attachment":"scroll","background-type":"","background-media":"","overlay-type":"","overlay-color":"","overlay-opacity":"","overlay-gradient":""},"tablet":{"background-color":"var(--ast-global-color-5)","background-image":"","background-repeat":"repeat","background-position":"center center","background-size":"auto","background-attachment":"scroll","background-type":"","background-media":"","overlay-type":"","overlay-color":"","overlay-opacity":"","overlay-gradient":""},"mobile":{"background-color":"var(--ast-global-color-5)","background-image":"","background-repeat":"repeat","background-position":"center center","background-size":"auto","background-attachment":"scroll","background-type":"","background-media":"","overlay-type":"","overlay-color":"","overlay-opacity":"","overlay-gradient":""}},"iawp_total_views":331,"footnotes":""},"hf_cat_page":[300],"class_list":["post-3210","page","type-page","status-publish","has-post-thumbnail"],"acf":[],"_links":{"self":[{"href":"https:\/\/www.mission-21.org\/en\/wp-json\/wp\/v2\/pages\/3210","targetHints":{"allow":["GET"]}}],"collection":[{"href":"https:\/\/www.mission-21.org\/en\/wp-json\/wp\/v2\/pages"}],"about":[{"href":"https:\/\/www.mission-21.org\/en\/wp-json\/wp\/v2\/types\/page"}],"author":[{"embeddable":true,"href":"https:\/\/www.mission-21.org\/en\/wp-json\/wp\/v2\/users\/1"}],"replies":[{"embeddable":true,"href":"https:\/\/www.mission-21.org\/en\/wp-json\/wp\/v2\/comments?post=3210"}],"version-history":[{"count":11,"href":"https:\/\/www.mission-21.org\/en\/wp-json\/wp\/v2\/pages\/3210\/revisions"}],"predecessor-version":[{"id":19867,"href":"https:\/\/www.mission-21.org\/en\/wp-json\/wp\/v2\/pages\/3210\/revisions\/19867"}],"up":[{"embeddable":true,"href":"https:\/\/www.mission-21.org\/en\/wp-json\/wp\/v2\/pages\/205"}],"wp:featuredmedia":[{"embeddable":true,"href":"https:\/\/www.mission-21.org\/en\/wp-json\/wp\/v2\/media\/3212"}],"wp:attachment":[{"href":"https:\/\/www.mission-21.org\/en\/wp-json\/wp\/v2\/media?parent=3210"}],"wp:term":[{"taxonomy":"hf_cat_page","embeddable":true,"href":"https:\/\/www.mission-21.org\/en\/wp-json\/wp\/v2\/hf_cat_page?post=3210"}],"curies":[{"name":"wp","href":"https:\/\/api.w.org\/{rel}","templated":true}]}}