{"id":3229,"date":"2022-09-29T20:40:21","date_gmt":"2022-09-29T18:40:21","guid":{"rendered":"https:\/\/www.mission-21.org\/?page_id=3229"},"modified":"2025-07-22T14:54:35","modified_gmt":"2025-07-22T12:54:35","slug":"professionals-for-lectures","status":"publish","type":"page","link":"https:\/\/www.mission-21.org\/en\/was-wir-tun\/fachpersonen-fuer-vortraege\/","title":{"rendered":"Experts for lectures"},"content":{"rendered":"<img decoding=\"async\" src=\"https:\/\/www.mission-21.org\/wp-content\/uploads\/2022\/08\/csm_header_news_d521d70e38.jpeg\" alt=\"csm header news d521d70e38\" itemprop=\"image\" height=\"688\" width=\"1680\" title=\"csm_Header_News_d521d70e38\" onerror=\"this.style.display='none'\" loading='lazy' \/>\n\t<div class=\"fl-builder-content fl-builder-content-3660 fl-builder-template fl-builder-module-template fl-builder-global-templates-locked\" data-post-id=\"3660\"><div class=\"fl-module fl-module-pp-toc fl-node-xrvkwe8ihtn6 toc\" data-node=\"xrvkwe8ihtn6\">\n\t<div class=\"fl-module-content fl-node-content\">\n\t\t<div class=\"pp-toc-container\">\n\t\n\t<div class=\"pp-toc-body\">\n\t\t\t\t\t<ul class=\"pp-toc-list-wrapper pp-toc-list-icon\"><\/ul>\n\t\t\t\t<\/div>\n<\/div>\n\n\t<\/div>\n<\/div>\n<\/div><div class=\"uabb-js-breakpoint\" style=\"display: none;\"><\/div>\n\t\t\t<a href=\"\/en\/donate\/\" title=\"Click here\" target=\"_self\"   role=\"button\" aria-label=\"Donations\">\n\t\t\t\t\t\t\tDonations\n\t\t\t\t\t\t\t\t\t<img decoding=\"async\" src=\"https:\/\/www.mission-21.org\/wp-content\/uploads\/2022\/08\/csm_heat-icon_b1dbd40167.png\"\/>\n\t\t<\/a>\n\t<p>We would be happy to visit you. Mission 21 experts will give you a vivid insight into our areas of activity: peacebuilding, education, education for social change, health and food sovereignty. We provide information about our humanitarian aid and our commitment to gender equality, good governance and human rights in all our projects. We present the project work of our partner churches and partner organizations in Africa, Asia and Latin America and allow you to immerse yourself in the more than 200-year history of Mission 21 and its supporting associations.<\/p>\n<p>Our speakers are available for information sessions, worship services, lessons or volunteer thank you events.<\/p>\n<p>Current topics can be discussed in face-to-face meetings. For example, \"How does personal development cooperation work at eye level?\" - \"What does mission mean today?\" or \"What are the possibilities and limits of transcultural exchange and interreligious peacebuilding?\" We look forward to hearing from you!<\/p>\n\t\t<a href=\"https:\/\/www.mission-21.org\/en\/team\/monika-di-pietrantonio\/\" title=\"Show contents of the view field\" target=\"_self\"  aria-label=\"Post Element\"><\/a>\t\t\n\t<meta itemscope itemprop=\"mainEntityOfPage\" itemtype=\"https:\/\/schema.org\/WebPage\" itemid=\"https:\/\/www.mission-21.org\/team\/monika-di-pietrantonio\/\" content=\"Monika Di Pietrantonio\" \/><meta itemprop=\"datePublished\" content=\"2022-09-29\" \/><meta itemprop=\"dateModified\" content=\"2024-11-14\" \/><meta itemprop=\"name\" content=\"Mission 21\"\/><meta itemprop=\"url\" content=\"https:\/\/www.mission-21.org\/wp-content\/uploads\/2022\/08\/de-blau.svg\"\/><meta itemprop=\"url\" content=\"https:\/\/www.mission-21.org\/author\/fabrizio\/\" \/><meta itemprop=\"name\" content=\"Fabrizio Fracassi\" \/><meta itemprop=\"url\" content=\"https:\/\/www.mission-21.org\/wp-content\/uploads\/2022\/09\/monika_2024_2.jpg\" \/><meta itemprop=\"width\" content=\"1500\" \/><meta itemprop=\"height\" content=\"1500\" \/><meta itemprop=\"interactionType\" content=\"https:\/\/schema.org\/CommentAction\" \/><meta itemprop=\"userInteractionCount\" content=\"0\" \/>\n\t<img width=\"1200\" height=\"1200\" src=\"https:\/\/www.mission-21.org\/wp-content\/uploads\/2022\/09\/monika_2024_2-1200x1200.jpg\" alt=\"monika 2024 2\" itemprop=\"image\" decoding=\"async\" srcset=\"https:\/\/www.mission-21.org\/wp-content\/uploads\/2022\/09\/monika_2024_2-1200x1200.jpg 1200w, https:\/\/www.mission-21.org\/wp-content\/uploads\/2022\/09\/monika_2024_2-900x900.jpg 900w, https:\/\/www.mission-21.org\/wp-content\/uploads\/2022\/09\/monika_2024_2-300x300.jpg 300w, https:\/\/www.mission-21.org\/wp-content\/uploads\/2022\/09\/monika_2024_2-768x768.jpg 768w, https:\/\/www.mission-21.org\/wp-content\/uploads\/2022\/09\/monika_2024_2-12x12.jpg 12w, https:\/\/www.mission-21.org\/wp-content\/uploads\/2022\/09\/monika_2024_2-800x800.jpg 800w, https:\/\/www.mission-21.org\/wp-content\/uploads\/2022\/09\/monika_2024_2-600x600.jpg 600w, https:\/\/www.mission-21.org\/wp-content\/uploads\/2022\/09\/monika_2024_2-100x100.jpg 100w, https:\/\/www.mission-21.org\/wp-content\/uploads\/2022\/09\/monika_2024_2.jpg 1500w\" sizes=\"(max-width: 1200px) 100vw, 1200px\" \/>\n<h3>Monika Di Pietrantonio<\/h3>\n<p>Responsible for administration of educational offers<br \/>Tel: +41 (0)61 260 22 67<br \/><a href=\"mailto:monika.dipietrantonio@mission-21.org\">\u25ba E-mail<\/a><\/p>\n\t\t\t<h2>Possible presentation topics<\/h2>\t\t\t\n\t\t\t\t<p>We are happy to arrange a competent person for your event on request. Fee and expenses according to agreement. For example, on one of the following topics:<\/p>\n\t\t\t\t<img decoding=\"async\" src=\"https:\/\/www.mission-21.org\/wp-content\/uploads\/2022\/09\/csm_header_divers_00c1ebdce0-900x507.jpg\" alt=\"csm header divers 00c1ebdce0\" title=\"csm_Header_Divers_00c1ebdce0\" itemprop=\"image\"\/>\n\t\t<h3>Mission general<\/h3>\t\t\t\n\t\t\t\t<p>Experts will show you how mission today opens up new possibilities for mutual exchange and encounter at eye level.<\/p>\n<a href=\"mailto:Monika.DiPietrantonio@mission-21.org\" target=\"_blank\" rel=\"noopener\">\u25ba Book a lecture<\/a>\t\t\t\n\t\t\t\t<img decoding=\"async\" src=\"https:\/\/www.mission-21.org\/wp-content\/uploads\/2022\/10\/csm_symbolbild__bildung_8b00b43a5c.jpg\" alt=\"csm symbol image education 8b00b43a5c\" title=\"csm_Symbolbild__Bildung_8b00b43a5c\" itemprop=\"image\"\/>\n\t\t<h3>Education<\/h3>\t\t\t\n\t\t\t\t<p>Through education, people can shape their own lives and take responsibility. Experts provide insight into Mission 21's education projects.<\/p>\n<a href=\"mailto:Monika.DiPietrantonio@mission-21.org\" target=\"_blank\" rel=\"noopener\">\u25ba Book a lecture<\/a>\t\t\t\n\t\t\t\t<img decoding=\"async\" src=\"https:\/\/www.mission-21.org\/wp-content\/uploads\/2022\/10\/csm_bolivien_landw._exist._420.1016_01_c7ac4b1415.jpg\" alt=\"csm bolivia agric. exist. 420.1016 01 c7ac4b1415\" title=\"csm_Bolivien_Landw._Exist._420.1016_01_c7ac4b1415\" itemprop=\"image\"\/>\n\t\t<h3>Food Sovereignty<\/h3>\t\t\t\n\t\t\t\t<p>Around 870 million people go hungry worldwide. We show where and how Mission 21 is working for food sovereignty.<\/p>\n<a href=\"mailto:Monika.DiPietrantonio@mission-21.org\" target=\"_blank\" rel=\"noopener\">\u25ba Book a lecture<\/a>\t\t\t\n\t\t\t\t<img decoding=\"async\" src=\"https:\/\/www.mission-21.org\/wp-content\/uploads\/2022\/10\/csm_symbolbild_frieden_6ff4fa580e.jpg\" alt=\"csm symbol image peace 6ff4fa580e\" title=\"csm_icon_image_peace_6ff4fa580e\" itemprop=\"image\"\/>\n\t\t<h3>Peacebuilding<\/h3>\t\t\t\n\t\t\t\t<p>Many conflicts have a religious or ethnic context. Experts will give you insights into Mission 21's long-standing peace work.<\/p>\n<a href=\"mailto:Monika.DiPietrantonio@mission-21.org\" target=\"_blank\" rel=\"noopener\">\u25ba Book a lecture<\/a>\t\t\t\n\t\t\t\t<img decoding=\"async\" src=\"https:\/\/www.mission-21.org\/wp-content\/uploads\/2022\/10\/csm_symbolbild_gesundheit_3e68e5667a.jpg\" alt=\"csm symbol image health 3e68e5667a\" title=\"csm_symbol_health_3e68e5667a\" itemprop=\"image\"\/>\n\t\t<h3>Health<\/h3>\t\t\t\n\t\t\t\t<p>Health is a human right. Mission 21 enables people in remote rural areas in particular to access basic medical care. We are happy to give you an insight.<\/p>\n<a href=\"mailto:Monika.DiPietrantonio@mission-21.org\" target=\"_blank\" rel=\"noopener\">\u25ba Book a lecture<\/a>\t\t\t\n\t\t\t\t<img decoding=\"async\" src=\"https:\/\/www.mission-21.org\/wp-content\/uploads\/2022\/10\/csm_rith_4ce1dbda82.jpg\" alt=\"csm rith 4ce1dbda82\" title=\"csm_rith_4ce1dbda82\" itemprop=\"image\"\/>\n\t\t<h3>Learn more about a project?<\/h3>\t\t\t\n\t\t\t\t<p>Our program managers or international staff will be happy to provide information about the work on site.<\/p>\n<p><a href=\"https:\/\/www.mission-21.org\/en\/what-we-do\/projects-and-partners\/\">\u25ba to the projects<\/a><\/p>\n<a href=\"mailto:Monika.DiPietrantonio@mission-21.org\" target=\"_blank\" rel=\"noopener\">\u25ba Book a lecture<\/a>\t\t\t\n\t\t\t\t<img decoding=\"async\" src=\"https:\/\/www.mission-21.org\/wp-content\/uploads\/2022\/10\/csm_indonesien_friede_225.1008_03_6f41292b3c.jpg\" alt=\"csm indonesia peace 225.1008 03 6f41292b3c\" title=\"csm_Indonesien_Friede_225.1008_03_6f41292b3c\" itemprop=\"image\"\/>\n\t\t<h3>Gender Equity<\/h3>\t\t\t\n\t\t\t\t<p>Many women and girls are affected by discrimination and violence because of their gender. Mission 21 is committed to gender equality on several levels.\u00a0<\/p>\n<a href=\"mailto:Monika.DiPietrantonio@mission-21.org\" target=\"_blank\" rel=\"noopener\">\u25ba Book a lecture<\/a>\t\t\t\n\t\t\t\t<img decoding=\"async\" src=\"https:\/\/www.mission-21.org\/wp-content\/uploads\/2022\/10\/csm_pep__840.1020_01_824ab9e0c4.jpg\" alt=\"csm pep 840.1020 01 824ab9e0c4\" title=\"csm_PEP__840.1020_01_824ab9e0c4\" itemprop=\"image\"\/>\n\t\t<h3>Interest in a particular country?<\/h3>\t\t\t\n\t\t\t\t<p>We will be happy to advise you and arrange for a specialist to give a presentation on a project country of your choice.<\/p>\n<p><a href=\"https:\/\/www.mission-21.org\/en\/what-we-do\/project-countries\/\">\u25ba to the country overview<\/a><\/p>\n<a href=\"mailto:Monika.DiPietrantonio@mission-21.org\" target=\"_blank\" rel=\"noopener\">\u25ba Book a lecture<\/a>","protected":false},"excerpt":{"rendered":"<p>Spenden Gerne kommen wir bei Ihnen vorbei. Die Fachpersonen von Mission 21 geben Ihnen einen anschaulichen Einblick in unsere Wirkungsbereiche Friedensf\u00f6rderung, Bildung, Bildung f\u00fcr den sozialen Wandel, Gesundheit oder Ern\u00e4hrungssouver\u00e4nit\u00e4t. Wir informieren \u00fcber unsere humanit\u00e4re Hilfe und den Einsatz f\u00fcr Gendergerechtigkeit sowie f\u00fcr Good Governance und Menschenrechte in allen unserer Projekten. Wir stellen die Projektarbeit [&hellip;]<\/p>\n","protected":false},"author":1,"featured_media":3231,"parent":205,"menu_order":0,"comment_status":"closed","ping_status":"closed","template":"","meta":{"_acf_changed":false,"_seopress_robots_primary_cat":"","_seopress_titles_title":"","_seopress_titles_desc":"","_seopress_robots_index":"","_searchwp_excluded":"","site-sidebar-layout":"default","site-content-layout":"","ast-site-content-layout":"default","site-content-style":"default","site-sidebar-style":"default","ast-global-header-display":"","ast-banner-title-visibility":"","ast-main-header-display":"","ast-hfb-above-header-display":"","ast-hfb-below-header-display":"","ast-hfb-mobile-header-display":"","site-post-title":"","ast-breadcrumbs-content":"","ast-featured-img":"","footer-sml-layout":"","ast-disable-related-posts":"","theme-transparent-header-meta":"","adv-header-id-meta":"","stick-header-meta":"","header-above-stick-meta":"","header-main-stick-meta":"","header-below-stick-meta":"","astra-migrate-meta-layouts":"set","ast-page-background-enabled":"default","ast-page-background-meta":{"desktop":{"background-color":"var(--ast-global-color-4)","background-image":"","background-repeat":"repeat","background-position":"center center","background-size":"auto","background-attachment":"scroll","background-type":"","background-media":"","overlay-type":"","overlay-color":"","overlay-opacity":"","overlay-gradient":""},"tablet":{"background-color":"","background-image":"","background-repeat":"repeat","background-position":"center center","background-size":"auto","background-attachment":"scroll","background-type":"","background-media":"","overlay-type":"","overlay-color":"","overlay-opacity":"","overlay-gradient":""},"mobile":{"background-color":"","background-image":"","background-repeat":"repeat","background-position":"center center","background-size":"auto","background-attachment":"scroll","background-type":"","background-media":"","overlay-type":"","overlay-color":"","overlay-opacity":"","overlay-gradient":""}},"ast-content-background-meta":{"desktop":{"background-color":"var(--ast-global-color-5)","background-image":"","background-repeat":"repeat","background-position":"center center","background-size":"auto","background-attachment":"scroll","background-type":"","background-media":"","overlay-type":"","overlay-color":"","overlay-opacity":"","overlay-gradient":""},"tablet":{"background-color":"var(--ast-global-color-5)","background-image":"","background-repeat":"repeat","background-position":"center center","background-size":"auto","background-attachment":"scroll","background-type":"","background-media":"","overlay-type":"","overlay-color":"","overlay-opacity":"","overlay-gradient":""},"mobile":{"background-color":"var(--ast-global-color-5)","background-image":"","background-repeat":"repeat","background-position":"center center","background-size":"auto","background-attachment":"scroll","background-type":"","background-media":"","overlay-type":"","overlay-color":"","overlay-opacity":"","overlay-gradient":""}},"iawp_total_views":989,"footnotes":""},"hf_cat_page":[300],"class_list":["post-3229","page","type-page","status-publish","has-post-thumbnail"],"acf":[],"_links":{"self":[{"href":"https:\/\/www.mission-21.org\/en\/wp-json\/wp\/v2\/pages\/3229","targetHints":{"allow":["GET"]}}],"collection":[{"href":"https:\/\/www.mission-21.org\/en\/wp-json\/wp\/v2\/pages"}],"about":[{"href":"https:\/\/www.mission-21.org\/en\/wp-json\/wp\/v2\/types\/page"}],"author":[{"embeddable":true,"href":"https:\/\/www.mission-21.org\/en\/wp-json\/wp\/v2\/users\/1"}],"replies":[{"embeddable":true,"href":"https:\/\/www.mission-21.org\/en\/wp-json\/wp\/v2\/comments?post=3229"}],"version-history":[{"count":11,"href":"https:\/\/www.mission-21.org\/en\/wp-json\/wp\/v2\/pages\/3229\/revisions"}],"predecessor-version":[{"id":17809,"href":"https:\/\/www.mission-21.org\/en\/wp-json\/wp\/v2\/pages\/3229\/revisions\/17809"}],"up":[{"embeddable":true,"href":"https:\/\/www.mission-21.org\/en\/wp-json\/wp\/v2\/pages\/205"}],"wp:featuredmedia":[{"embeddable":true,"href":"https:\/\/www.mission-21.org\/en\/wp-json\/wp\/v2\/media\/3231"}],"wp:attachment":[{"href":"https:\/\/www.mission-21.org\/en\/wp-json\/wp\/v2\/media?parent=3229"}],"wp:term":[{"taxonomy":"hf_cat_page","embeddable":true,"href":"https:\/\/www.mission-21.org\/en\/wp-json\/wp\/v2\/hf_cat_page?post=3229"}],"curies":[{"name":"wp","href":"https:\/\/api.w.org\/{rel}","templated":true}]}}