{"id":3379,"date":"2022-10-06T10:26:41","date_gmt":"2022-10-06T08:26:41","guid":{"rendered":"https:\/\/www.mission-21.org\/?page_id=3379"},"modified":"2026-01-27T11:17:45","modified_gmt":"2026-01-27T10:17:45","slug":"network","status":"publish","type":"page","link":"https:\/\/www.mission-21.org\/en\/wer-wir-sind\/netzwerk\/","title":{"rendered":"Network"},"content":{"rendered":"<img decoding=\"async\" src=\"https:\/\/www.mission-21.org\/wp-content\/uploads\/2022\/08\/csm_header_news_d521d70e38.jpeg\" alt=\"csm header news d521d70e38\" itemprop=\"image\" height=\"688\" width=\"1680\" title=\"csm_Header_News_d521d70e38\" onerror=\"this.style.display='none'\" loading='lazy' \/>\n\t<div class=\"fl-builder-content fl-builder-content-3660 fl-builder-template fl-builder-module-template fl-builder-global-templates-locked\" data-post-id=\"3660\"><div class=\"fl-module fl-module-pp-toc fl-node-xrvkwe8ihtn6 toc\" data-node=\"xrvkwe8ihtn6\">\n\t<div class=\"fl-module-content fl-node-content\">\n\t\t<div class=\"pp-toc-container\">\n\t\n\t<div class=\"pp-toc-body\">\n\t\t\t\t\t<ul class=\"pp-toc-list-wrapper pp-toc-list-icon\"><\/ul>\n\t\t\t\t<\/div>\n<\/div>\n\n\t<\/div>\n<\/div>\n<\/div><div class=\"uabb-js-breakpoint\" style=\"display: none;\"><\/div>\n\t\t\t<a href=\"\/en\/donate\/\" title=\"Donations\" target=\"_self\"   role=\"button\" aria-label=\"Donations\">\n\t\t\t\t\t\t\tDonations\n\t\t\t\t\t\t\t\t\t<img decoding=\"async\" src=\"https:\/\/www.mission-21.org\/wp-content\/uploads\/2022\/08\/csm_heat-icon_b1dbd40167.png\"\/>\n\t\t<\/a>\n\t\t\t\t<img decoding=\"async\" src=\"https:\/\/www.mission-21.org\/wp-content\/uploads\/2022\/10\/csm_partner_header_werwirsind_4fa4815693.jpg\" alt=\"csm partner header werwirsind 4fa4815693\" itemprop=\"image\" height=\"659\" width=\"1170\" title=\"csm_Partner_Header_Werwirsind_4fa4815693\" onerror=\"this.style.display='none'\" loading='lazy' \/>\n<h2>\n\t\t\tPartner organizations\t<\/h2>\n\t<p>Peacebuilding, health, education and food sovereignty, good governance and human rights as well as gender justice and overcoming gender-based violence are the areas in which Mission 21 is active. Together with around 60 partner churches and partner organizations, we are committed to long-term international cooperation and humanitarian aid. The relationships, especially with partner churches, go back decades, in some cases up to 200 years.<\/p>\n<p><a href=\"https:\/\/www.mission-21.org\/en\/what-we-do\/partner\/\">\u25ba to our partner organizations<\/a><\/p>\n<h2>\n\t\t\tSupporting organizations\t<\/h2>\n\t\t\t\t<img decoding=\"async\" src=\"https:\/\/www.mission-21.org\/wp-content\/uploads\/2022\/10\/csm_deza_schweiz_0abdc82f60.jpg\" alt=\"csm deza switzerland 0abdc82f60\" title=\"csm_DEZA_Schweiz_0abdc82f60\" itemprop=\"image\"\/>\n\t\t\t\t<p>The <strong>Swiss Agency for Development and Cooperation (SDC)<\/strong> of the Federal Department of Foreign Affairs (FDFA) has been supporting the program work of Mission 21 for several years, including the current phase 2018-2021.<\/p>\n\t\t\t\t<img decoding=\"async\" src=\"https:\/\/www.mission-21.org\/wp-content\/uploads\/2025\/01\/logo_positiv_farbig_swissfondsbs4f-1.jpg\" alt=\"logo positive colored swissfondsbs4f\" title=\"Logo_positive_colored_swissfondsbs4f\" itemprop=\"image\"\/>\n<p>The <strong>Swisslos Fund Basel-Stadt<\/strong> supported the emergency aid project in South Sudan in 2024.\u00a0<\/p>\n<p><a href=\"https:\/\/www.mission-21.org\/en\/projects\/floods-in-south-sudan-temp\/\">\u25ba About the project<\/a><\/p>\n\t\t\t\t<img decoding=\"async\" src=\"https:\/\/www.mission-21.org\/wp-content\/uploads\/2024\/07\/logo-stiftung-wegweiser-web.jpg\" alt=\"print\" title=\"Print\" itemprop=\"image\"\/>\n<p>The\u00a0<strong>Signpost Foundation <\/strong>supported our Youth Embassy Program 2023-2025.<\/p>\n<p><a href=\"https:\/\/www.mission-21.org\/en\/youth-embassy-program\/\">\u25ba About the project<\/a><\/p>\n\t\t\t\t<img decoding=\"async\" src=\"https:\/\/www.mission-21.org\/wp-content\/uploads\/2022\/10\/csm_egs_schriftzug_schwarz_66ef71dd9f.jpg\" alt=\"csm egs lettering black 66ef71dd9f\" title=\"csm_EGS_lettering_black_66ef71dd9f\" itemprop=\"image\"\/>\n<p>The <strong>Ernst G\u00f6hner Foundation<\/strong> supports the archives of Mission 21 in the indexing of the holdings.<\/p>\n<p><a href=\"https:\/\/www.mission-21.org\/en\/what-we-do\/research\/research-archive\/\">\u25ba About the project<\/a><\/p>\n\t\t\t\t<img decoding=\"async\" src=\"https:\/\/www.mission-21.org\/wp-content\/uploads\/2022\/10\/csm_logo_symphasis_3affbd5254.jpg\" alt=\"csm logo symphasis 3affbd5254\" title=\"csm_Logo_Symphasis_3affbd5254\" itemprop=\"image\"\/>\n<p>The\u00a0<strong>Symphasis Foundation<\/strong> supported the \"Work with orphans\" project in Tanzania.\u00a0<\/p>\n<p><a href=\"https:\/\/www.mission-21.org\/en\/projects\/work-with-orphans\/\">\u25ba About the project<\/a><\/p>\n\t\t\t\t<img decoding=\"async\" src=\"https:\/\/www.mission-21.org\/wp-content\/uploads\/2024\/07\/logo_movetia_rgb_red_green.jpg\" alt=\"logo movetia rgb red green\" title=\"Logo_Movetia_RGB_Red_Green\" itemprop=\"image\"\/>\n<p>The\u00a0<strong>Movetia Foundation <\/strong>supported our Youth Embassy Program 2023-2025.<\/p>\n<p><a href=\"https:\/\/www.mission-21.org\/en\/youth-embassy-program\/\">\u25ba About the project<\/a><\/p>\n\t\t\t\t<img decoding=\"async\" src=\"https:\/\/www.mission-21.org\/wp-content\/uploads\/2022\/10\/csm_mercator_logo_1164ebe913.png\" alt=\"csm mercator logo 1164ebe913\" title=\"csm_Mercator_Logo_1164ebe913\" itemprop=\"image\"\/>\n<p>The\u00a0<strong>Foundation Mercator Switzerland\u00a0<\/strong>supported our Youth Embassy Program 2019-2022.<\/p>\n<p><a href=\"https:\/\/www.mission-21.org\/en\/youngmission21\/\">\u25ba About the project<\/a><\/p>\n\t\t\t\t<img decoding=\"async\" src=\"https:\/\/www.mission-21.org\/wp-content\/uploads\/2022\/10\/csm_logo_christoph_merian_stiftung_0848d3a40f.jpg\" alt=\"csm logo christoph merian foundation 0848d3a40f\" title=\"csm_Logo_Christoph_Merian_Foundation_0848d3a40f\" itemprop=\"image\"\/>\n<p>The <strong>Christoph Merian Foundation<\/strong> supports the archives of Mission 21 in the indexing of the holdings.<\/p>\n<p><a href=\"https:\/\/www.mission-21.org\/en\/what-we-do\/research\/research-archive\/\">\u25ba About the project<\/a><\/p>\n\t\t\t\t<img decoding=\"async\" src=\"https:\/\/www.mission-21.org\/wp-content\/uploads\/2026\/01\/dr-ernst-guenther-broeder-stiftung.png\" alt=\"dr ernst guenther broeder foundation\" title=\"dr-ernst-guenther-broeder-foundation\" itemprop=\"image\"\/>\n<p><strong>Dr. Ernst-G\u00fcnther Br\u00f6der Foundation<\/strong> supports our project \"Inclusive vocational training for young people in Tanzania\".<\/p>\n<p><a href=\"https:\/\/www.egbroederstiftung.ch\/de\/die_stiftung\">\u25ba About the project<\/a><\/p>\n<h2>\n\t\t\tSupporting service providers\t<\/h2>\n\t<p>Here we link organizations and companies that support Mission 21 through free presentation on their website.<\/p>\n<p><a href=\"https:\/\/www.daibau.ch\/gute_taten_schaffen_helden\">\u25ba Daibau - construction platform for finding suitable suppliers<\/a><\/p>\n<h2>\n\t\t\tWomen's Network Mission 21\t<\/h2>\n\t<p>In all its projects and programmes in Africa, Asia and Latin America, as well as in its educational work in Switzerland, Mission 21 works with its partner organizations to promote women's advancement and gender equality. Mission 21 coordinators work towards this goal with expertise and experience. Women from all continents exchange ideas in the Mission 21 women's network.<\/p>\n\t\t\t\t<img decoding=\"async\" src=\"https:\/\/www.mission-21.org\/wp-content\/uploads\/2022\/10\/csm_foto_frauennetzwerk_beatrice_ngeh_00b2d9fd7e.jpg\" alt=\"csm photo women network beatrice ngeh 00b2d9fd7e\" itemprop=\"image\" height=\"274\" width=\"365\" title=\"csm_photo_women_network_Beatrice_Ngeh_00b2d9fd7e\" onerror=\"this.style.display='none'\" loading='lazy' \/>\n<p><strong>Beatrice Ngeh, ACA coordinator since 2014<\/strong><\/p>\n<p>She coordinates the Women's Department of the PCC. In its women's groups, women are encouraged and empowered to participate equally in Cameroonian society and to have a say in decision-making. She studied social sciences, education, history and geography at the University of Yaound\u00e9 and holds a degree in Biblical Studies.<\/p>\n\t\t\t\t<img decoding=\"async\" src=\"https:\/\/www.mission-21.org\/wp-content\/uploads\/2022\/10\/csm_ebed_yauri_portraet_dadb48ee16.jpg\" alt=\"csm ebed yauri portraet dadb48ee16\" itemprop=\"image\" height=\"300\" width=\"399\" title=\"csm_Ebed_Yauri_Portraet_dadb48ee16\" onerror=\"this.style.display='none'\" loading='lazy' \/>\n<p><strong>Ebed Adai Grijalva Yauri, General Directorate of CEDEPAS <\/strong><\/p>\n<p>Ebed Adai Grijalva Yauri is president of Mission 21's partners in Peru. Recently, she was part of the PRIME team (Planning, Implementation, Monitoring and Evaluation) and President of the Scholarship Committee of Mission 21 in Peru. Today, Ebed is also a member of the Committee of the Continental Assembly of Mission 21 (CELA) as well as the Evangelical Church in Peru (IEP).<\/p>\n\t\t\t\t<img decoding=\"async\" src=\"https:\/\/www.mission-21.org\/wp-content\/uploads\/2023\/04\/img_3154-1-600x450.jpg\" alt=\"Karmila Yusup\" itemprop=\"image\" height=\"450\" width=\"600\" title=\"Karmila Yusup\" onerror=\"this.style.display='none'\" loading='lazy' \/>\n<p><strong>Karmila Yusup, Asia<\/strong><\/p>\n<p>Pastor Karmila Yusup is the Regional Coordinator Asia for Mission 21, based in Jakarta. Together with eleven other team members, she supports the implementation of the programme on the ground, advises and accompanies our partner organizations and expands cooperation. One of her main areas of work is protecting women from violence. To this end, she founded the Indonesian crisis center for women \"Pasundan-Durebang\" in West Java in 2013.<\/p>\n<h2>\n\t\t\tAffiliated and friendly organizations\t<\/h2>\n\t\t\t\t<img decoding=\"async\" src=\"https:\/\/www.mission-21.org\/wp-content\/uploads\/2022\/10\/csm_logo_eks_ch_25d97c0dba.png\" alt=\"csm logo eks ch 25d97c0dba\" title=\"csm_Logo_EKS_CH_25d97c0dba\" itemprop=\"image\"\/>\n\t\t\t\t<p>Mission 21 is the officially recognized missionary work of the <strong>Evangelical Reformed Church Switzerland EKS<\/strong>. The 24 Reformed cantonal churches of Switzerland and two other churches are united in the EKS. The EKS thus represents around 2.4 million Protestants in Switzerland.<\/p>\n<p><a title=\"Protestant churches in Switzerland\" href=\"https:\/\/www.evref.ch\/\" target=\"_blank\" rel=\"noopener\">\u25ba to the website<\/a>\u00a0<\/p>\n<p><a href=\"https:\/\/www.evref.ch\/organisation\/werke-und-missionsorganisationen\/\" target=\"_blank\" rel=\"noopener\">\u25ba Mission 21 on the EKS website<\/a><\/p>\n\t\t\t\t<img decoding=\"async\" src=\"https:\/\/www.mission-21.org\/wp-content\/uploads\/2022\/10\/csm_netzwerk_ems_c0349205fb.jpg\" alt=\"csm network ems c0349205fb\" title=\"csm_Netzwerk_EMS_c0349205fb\" itemprop=\"image\"\/>\n<p>The <strong>Evangelical Mission in Solidarity<\/strong> EMS is the international Christian fellowship in southern Germany, based in Stuttgart. It has a long-standing connection to Mission 21 and to the largest supporting association of Mission 21, the Basel Mission. The EMS is an association of 23 churches and five mission societies and pursues similar goals in development cooperation as Mission 21.<\/p>\n<p><a href=\"https:\/\/ems-online.org\/mission-in-solidaritaet\/\" target=\"_blank\" rel=\"noopener\">\u25ba to the website<\/a><\/p>\n\t\t\t\t<img decoding=\"async\" src=\"https:\/\/www.mission-21.org\/wp-content\/uploads\/2022\/08\/csm_logo_act_alliance-transparent_818f68196c.png\" alt=\"csm logo act alliance transparent 818f68196c\" title=\"csm_Logo_act_alliance-transparent_818f68196c\" itemprop=\"image\"\/>\n<p><strong>ACT Alliance<\/strong> is an alliance of 150 churches and faith-based organizations working together in over 125 countries. ACT Alliance advocates for disadvantaged and marginalized people, regardless of their religious, ethnic or political background, gender or sexual orientation. The goal is to work together to promote positive and sustainable development.\u00a0<\/p>\n<p><a href=\"https:\/\/actalliance.org\/\" target=\"_blank\" rel=\"noopener\">\u25ba to the website<\/a><\/p>\n\t\t\t\t<img decoding=\"async\" src=\"https:\/\/www.mission-21.org\/wp-content\/uploads\/2022\/10\/csm_koge_logo_mission_21_8ae268efa0.jpg\" alt=\"csm koge logo mission 21 8ae268efa0\" title=\"csm_KoGe_Logo_Mission_21_8ae268efa0\" itemprop=\"image\"\/>\n<p>Mission 21 is a member of the <strong>Cooperation community (KoGe)<\/strong>. Jochen Kirsch, director of Mission 21, has been president of KoGe since its founding in 2019. The Cooperation Community (KoGe) is the umbrella organization of nine member organizations from the Protestant Reformed environment in Switzerland. We share knowledge, skills and resources and are committed to a common goal: a life in dignity for all people, regardless of gender, origin or religion. Our members work with 150 local partner organizations in more than 40 countries worldwide. Peace, justice and inclusive societies are at the heart of our shared program.<\/p>\n<p><a href=\"https:\/\/koge.ch\/public\/home\/\" target=\"_blank\" rel=\"noopener\">\u25ba to the website<\/a><\/p>\n\t\t\t\t<img decoding=\"async\" src=\"https:\/\/www.mission-21.org\/wp-content\/uploads\/2022\/10\/csm_logo_missionspresse_app_b688a71e10.jpg\" alt=\"csm logo mission press app b688a71e10\" title=\"csm_Logo_Missionspresse_App_b688a71e10\" itemprop=\"image\"\/>\n<p>Together with five other mission agencies in Germany and Austria, Mission 21 forms the <strong>Cooperation Mission Press<\/strong>. Our publications provide information about the global church, religion and development and international development cooperation. All magazines of these mission organizations - including the <a href=\"https:\/\/www.mission-21.org\/en\/inform\/publications\/\">\"encounter\"<\/a> of Mission 21 - are accessible online in a digital magazine kiosk. The members of the Cooperation Mission Press are: <a href=\"https:\/\/ems-online.org\/mission-in-solidaritaet\/\" target=\"_blank\" rel=\"noopener\">Evangelical Mission in Solidarity EMS<\/a>, the <a href=\"https:\/\/mission.de\/\" target=\"_blank\" rel=\"noopener\">Umbrella organization Evangelisches Missionswerk in Deutschland EMW<\/a> based in Hamburg, which <a href=\"https:\/\/www.elm-mission.net\/startseite.html\" target=\"_blank\" rel=\"noopener\">Evangelical Lutheran Mission Agency in Lower Saxony ELM<\/a>, <a href=\"https:\/\/mission-einewelt.de\/\" target=\"_blank\" rel=\"noopener\">Mission One World MEW<\/a>, in Bavaria, the <a href=\"https:\/\/eawm.at\/\" target=\"_blank\" rel=\"noopener\">Evangelical Working Group on World Mission EAWM<\/a> in Vienna and Mission 21.<\/p>\n<p><a href=\"https:\/\/app.missionspresse.org\/en\/profiles\/1fbeb62bce96\/editions\" target=\"_blank\" rel=\"noopener\">\u25ba To the digital magazine kiosk of the Mission Press <\/a><\/p>\n\t\t\t\t<img decoding=\"async\" src=\"https:\/\/www.mission-21.org\/wp-content\/uploads\/2022\/10\/csm_netzwerk_oerk_70e1a2242e.jpg\" alt=\"csm network oerk 70e1a2242e\" title=\"csm_Netzwerk_OERK_70e1a2242e\" itemprop=\"image\"\/>\n<p>Mission 21 is a member of the CWME Commission of the <strong>World Council of Churches<\/strong> WCC. The WCC is the largest and most representative fellowship of the modern ecumenical movement, whose goal is the unity of Christianity. The WCC brings together some 350 churches of various denominations, representing more than 500 million Christians. The WCC also calls member churches to solidarity: to \"fulfill their Christian ministry by helping people in need, breaking down barriers between people, working for justice and peace and for the integrity of creation.\"<\/p>\n<p><a href=\"https:\/\/www.oikoumene.org\/de\" target=\"_blank\" rel=\"noopener\">\u25ba to the website<\/a><\/p>\n\t\t\t\t<img decoding=\"async\" src=\"https:\/\/www.mission-21.org\/wp-content\/uploads\/2022\/10\/logo_bmdz.jpg\" alt=\"logo bmdz\" title=\"logoo_BMDZ\" itemprop=\"image\"\/>\n\t\t\t\t<p>The <strong>Basel Mission - German Branch<\/strong> BMDZ sees itself with its work as a connecting link between the EMS and the Basel Mission\/Mission 21. It supports and promotes the program work of Mission 21 through educational work and public relations as well as fundraising in Southwest Germany. The BMDZ is a member of the EMS.<\/p>\n<p><a href=\"https:\/\/bmdz.ems-online.org\/\">\u25ba to the website<\/a><\/p>\n\t\t\t\t<img decoding=\"async\" src=\"https:\/\/www.mission-21.org\/wp-content\/uploads\/2022\/10\/csm_netzwerk_uepal_74a962dca9.jpg\" alt=\"csm network uepal 74a962dca9\" title=\"csm_Netzwerk_UEPAL_74a962dca9\" itemprop=\"image\"\/>\n<p>In Alsace unites the <strong>Union des \u00c9glises protestantes d'Alsace et de Lorraine<\/strong> UEPAL has around 250,000 Protestants. UEPAL is on friendly terms with Mission 21 and supports the work as a member of the Continental Conference Europe.<\/p>\n<p><a href=\"http:\/\/www.uepal.fr\/\" target=\"_blank\" rel=\"noopener\">\u25ba to the website<\/a><\/p>\n\t\t\t\t<img decoding=\"async\" src=\"https:\/\/www.mission-21.org\/wp-content\/uploads\/2022\/10\/csm_eawm_wien_logo_5faf27d1e2.jpg\" alt=\"csm eawm vienna logo 5faf27d1e2\" title=\"csm_EAWM_Wien_Logo_5faf27d1e2\" itemprop=\"image\"\/>\n<p>Our partner organization in Austria is the <strong>Evangelical Working Group for World Mission<\/strong> EAWM in Vienna. The EAWM supports Mission 21 as a member of the Basel Mission, the largest supporting association of Mission 21.<\/p>\n<p><a href=\"http:\/\/www.eawm.at\/\" target=\"_blank\" rel=\"noopener\">\u25ba to the website<\/a><\/p>\n\t\t\t\t<img decoding=\"async\" src=\"https:\/\/www.mission-21.org\/wp-content\/uploads\/2022\/10\/allianz-schweiz-1.jpg\" alt=\"alliance switzerland\" title=\"Alliance switzerland\" itemprop=\"image\"\/>\n<p>The <strong>Climate Alliance Switzerland <\/strong>is an alliance of civil society organizations for climate protection in Switzerland. With its more than 100 member organizations from the fields of international cooperation, environment, church, youth and consumer protection, it advocates for an ambitious climate policy and energy transition at local, national and international level. The Climate Alliance Switzerland was founded in 2004. Mission 21 is a member of the Climate Alliance Switzerland.<\/p>\n<p><a href=\"https:\/\/www.klima-allianz.ch\/\" target=\"_blank\" rel=\"noopener\">\u25ba to the website<\/a><\/p>","protected":false},"excerpt":{"rendered":"<p>Spenden Partnerorganisationen Friedensf\u00f6rderung, Gesundheit, Bildung und Ern\u00e4hrungssouver\u00e4nit\u00e4t, Good Governance und Menschenrechte sowie Gendergerechtigkeit und die \u00dcberwindung von geschlechtsspezifischer Gewalt sind die Wirkungsbereiche von Mission 21. Wir engagieren uns gemeinsam mit rund 60 Partnerkirchen und Partnerorganisationen in langfristig angelegter internationaler Zusammenarbeit sowie humanit\u00e4rer Hilfe. Die Beziehungen, besonders mit Partnerkirchen, reichen Jahrzehnte zur\u00fcck, teilweise bis zu 200 [&hellip;]<\/p>\n","protected":false},"author":1,"featured_media":3381,"parent":218,"menu_order":0,"comment_status":"closed","ping_status":"closed","template":"","meta":{"_acf_changed":false,"_seopress_robots_primary_cat":"","_seopress_titles_title":"","_seopress_titles_desc":"","_seopress_robots_index":"","_searchwp_excluded":"","site-sidebar-layout":"default","site-content-layout":"","ast-site-content-layout":"default","site-content-style":"default","site-sidebar-style":"default","ast-global-header-display":"","ast-banner-title-visibility":"","ast-main-header-display":"","ast-hfb-above-header-display":"","ast-hfb-below-header-display":"","ast-hfb-mobile-header-display":"","site-post-title":"","ast-breadcrumbs-content":"","ast-featured-img":"","footer-sml-layout":"","ast-disable-related-posts":"","theme-transparent-header-meta":"","adv-header-id-meta":"","stick-header-meta":"","header-above-stick-meta":"","header-main-stick-meta":"","header-below-stick-meta":"","astra-migrate-meta-layouts":"set","ast-page-background-enabled":"default","ast-page-background-meta":{"desktop":{"background-color":"var(--ast-global-color-4)","background-image":"","background-repeat":"repeat","background-position":"center center","background-size":"auto","background-attachment":"scroll","background-type":"","background-media":"","overlay-type":"","overlay-color":"","overlay-opacity":"","overlay-gradient":""},"tablet":{"background-color":"","background-image":"","background-repeat":"repeat","background-position":"center center","background-size":"auto","background-attachment":"scroll","background-type":"","background-media":"","overlay-type":"","overlay-color":"","overlay-opacity":"","overlay-gradient":""},"mobile":{"background-color":"","background-image":"","background-repeat":"repeat","background-position":"center center","background-size":"auto","background-attachment":"scroll","background-type":"","background-media":"","overlay-type":"","overlay-color":"","overlay-opacity":"","overlay-gradient":""}},"ast-content-background-meta":{"desktop":{"background-color":"var(--ast-global-color-5)","background-image":"","background-repeat":"repeat","background-position":"center center","background-size":"auto","background-attachment":"scroll","background-type":"","background-media":"","overlay-type":"","overlay-color":"","overlay-opacity":"","overlay-gradient":""},"tablet":{"background-color":"var(--ast-global-color-5)","background-image":"","background-repeat":"repeat","background-position":"center center","background-size":"auto","background-attachment":"scroll","background-type":"","background-media":"","overlay-type":"","overlay-color":"","overlay-opacity":"","overlay-gradient":""},"mobile":{"background-color":"var(--ast-global-color-5)","background-image":"","background-repeat":"repeat","background-position":"center center","background-size":"auto","background-attachment":"scroll","background-type":"","background-media":"","overlay-type":"","overlay-color":"","overlay-opacity":"","overlay-gradient":""}},"iawp_total_views":3474,"footnotes":""},"hf_cat_page":[302],"class_list":["post-3379","page","type-page","status-publish","has-post-thumbnail"],"acf":[],"_links":{"self":[{"href":"https:\/\/www.mission-21.org\/en\/wp-json\/wp\/v2\/pages\/3379","targetHints":{"allow":["GET"]}}],"collection":[{"href":"https:\/\/www.mission-21.org\/en\/wp-json\/wp\/v2\/pages"}],"about":[{"href":"https:\/\/www.mission-21.org\/en\/wp-json\/wp\/v2\/types\/page"}],"author":[{"embeddable":true,"href":"https:\/\/www.mission-21.org\/en\/wp-json\/wp\/v2\/users\/1"}],"replies":[{"embeddable":true,"href":"https:\/\/www.mission-21.org\/en\/wp-json\/wp\/v2\/comments?post=3379"}],"version-history":[{"count":11,"href":"https:\/\/www.mission-21.org\/en\/wp-json\/wp\/v2\/pages\/3379\/revisions"}],"predecessor-version":[{"id":19655,"href":"https:\/\/www.mission-21.org\/en\/wp-json\/wp\/v2\/pages\/3379\/revisions\/19655"}],"up":[{"embeddable":true,"href":"https:\/\/www.mission-21.org\/en\/wp-json\/wp\/v2\/pages\/218"}],"wp:featuredmedia":[{"embeddable":true,"href":"https:\/\/www.mission-21.org\/en\/wp-json\/wp\/v2\/media\/3381"}],"wp:attachment":[{"href":"https:\/\/www.mission-21.org\/en\/wp-json\/wp\/v2\/media?parent=3379"}],"wp:term":[{"taxonomy":"hf_cat_page","embeddable":true,"href":"https:\/\/www.mission-21.org\/en\/wp-json\/wp\/v2\/hf_cat_page?post=3379"}],"curies":[{"name":"wp","href":"https:\/\/api.w.org\/{rel}","templated":true}]}}