{"id":408,"date":"2022-08-22T13:18:57","date_gmt":"2022-08-22T11:18:57","guid":{"rendered":"https:\/\/www.mission-21.org\/?page_id=408"},"modified":"2022-11-01T11:02:10","modified_gmt":"2022-11-01T10:02:10","slug":"international-inserts","status":"publish","type":"page","link":"https:\/\/www.mission-21.org\/en\/was-wir-tun\/internationale-einsaetze\/","title":{"rendered":"International operations"},"content":{"rendered":"<img decoding=\"async\" src=\"https:\/\/www.mission-21.org\/wp-content\/uploads\/2022\/08\/csm_header_news_d521d70e38.jpeg\" alt=\"csm header news d521d70e38\" height=\"688\" width=\"1680\" title=\"csm_Header_News_d521d70e38\" \/>\n\t<div class=\"fl-builder-content fl-builder-content-3660 fl-builder-template fl-builder-module-template fl-builder-global-templates-locked\" data-post-id=\"3660\"><div class=\"fl-module fl-module-pp-toc fl-node-xrvkwe8ihtn6 toc\" data-node=\"xrvkwe8ihtn6\">\n\t<div class=\"fl-module-content fl-node-content\">\n\t\t<div class=\"pp-toc-container\">\n\t\n\t<div class=\"pp-toc-body\">\n\t\t\t\t\t<ul class=\"pp-toc-list-wrapper pp-toc-list-icon\"><\/ul>\n\t\t\t\t<\/div>\n<\/div>\n\n\t<\/div>\n<\/div>\n<\/div><div class=\"uabb-js-breakpoint\" style=\"display: none;\"><\/div>\n\t\t\t<a href=\"\/en\/donate\/?enable_purpose=1&amp;title=Internationale%20Eins%C3%A4tze\" target=\"_self\" role=\"button\" aria-label=\"Donations\" rel=\"noopener\">\n\t\t\t\t\t\t\tDonations\n\t\t\t\t\t\t\t\t\t<img decoding=\"async\" src=\"https:\/\/www.mission-21.org\/wp-content\/uploads\/2022\/08\/csm_heat-icon_b1dbd40167.png\" \/>\n\t\t<\/a>\n\t\t\t<h1>Info Box<\/h1>\t\t\t\n\t\t\t\t<p>Mission 21 offers various opportunities for involvement in partner countries. These include long-term assignments of professionals in our projects and short-term assignments for young adults. All offers include intensive support before, during and after the assignment. Bring your expertise to us and develop your skills in a new context!<\/p>\n\t\t\t\t<img decoding=\"async\" src=\"https:\/\/www.mission-21.org\/wp-content\/uploads\/2022\/08\/csm_pic_internationale_mitarbeitende_1_2e72f84e92-1024x576.jpeg\" alt=\"csm pic international collaborators 1 2e72f84e92\" title=\"csm_Pic_international_employees_1_2e72f84e92\" \/>\n\t\t\t<h2>Long-term deployment of experts<\/h2>\t\t\t\n\t\t\t\t<p>Are you a doctor or theologian, technician, social worker or project manager? As an international staff member of Mission 21 you will work on site in our projects for at least three years. You will immerse yourself in a new world and share your life, your work and your faith with people from other cultures.<\/p>\n<p><a href=\"https:\/\/www.mission-21.org\/en\/who-we-are\/jobs\/\">\u25ba current job advertisements<\/a><br \/><a href=\"https:\/\/www.mission-21.org\/en\/what-we-do\/international-employees\/\" target=\"_self\" rel=\"noopener\">\u25ba International employees on assignment<\/a><\/p>\n\t\t\t\t<img decoding=\"async\" src=\"https:\/\/www.mission-21.org\/wp-content\/uploads\/2022\/08\/csm_pic_pep_05f6a23d66.jpeg\" alt=\"csm pic pep 05f6a23d66\" title=\"csm_Pic_Pep_05f6a23d66\" \/>\n\t\t\t<h2>PEP! - Further education abroad<\/h2>\t\t\t\n\t\t\t\t<p>The educational offer\u00a0<strong>PEP!\u00a0<\/strong>(Professional Exposure Program) is aimed at young people between the ages of 22 and 30 who have completed vocational training or a degree. It comprises a preparatory course, six to twelve months of work in a project, and follow-up. Participants deepen their specialist knowledge and acquire intercultural skills. The project partners in Africa, Asia and Latin America receive qualified and motivated specialists.<\/p>\n<p><a href=\"https:\/\/www.mission-21.org\/en\/participate\/youngmission21\/\">\u25ba further information<\/a><\/p>\n\t\t\t\t<img decoding=\"async\" src=\"https:\/\/www.mission-21.org\/wp-content\/uploads\/2022\/08\/csm_pic_einsaetze_fuer_experten_6e22cbc597.jpeg\" alt=\"csm pic inserts for experts 6e22cbc597\" title=\"csm_pic_inserts_for_experts_6e22cbc597\" \/>\n\t\t\t<h2>Short assignments for experts<\/h2>\t\t\t\n\t\t\t\t<p>Enrich the work of our partners in Africa, Asia and Latin America with your professional experience. You will open up new fields of work in a new environment, work professionally as a consultant and exchange ideas with experts on site. For example, you bring professional experience in theology, medicine, technology or social work. The assignments can vary in length depending on the field.<\/p>\n<p><a href=\"https:\/\/www.mission-21.org\/en\/who-we-are\/jobs\/\">\u25ba current job advertisements<\/a><\/p>","protected":false},"excerpt":{"rendered":"<p>Spenden Info Box Mission 21 bietet verschiedene M\u00f6glichkeiten zur Mitarbeit in den Partnerl\u00e4ndern. Dazu geh\u00f6ren langfristige Eins\u00e4tze von Fachleuten in unseren Projekten und Kurzeins\u00e4tze f\u00fcr junge Erwachsene. Zu allen Angeboten geh\u00f6rt eine intensive Begleitung vor, w\u00e4hrend und nach dem Einsatz. Bringen Sie Ihr Fachwissen bei uns ein und entwickeln Sie Ihre F\u00e4higkeiten in einem neuen [&hellip;]<\/p>\n","protected":false},"author":1,"featured_media":410,"parent":205,"menu_order":0,"comment_status":"closed","ping_status":"closed","template":"","meta":{"_acf_changed":false,"_seopress_robots_primary_cat":"","_seopress_titles_title":"","_seopress_titles_desc":"Wir bieten verschiedene M\u00f6glichkeiten zur Mitarbeit in den Partnerl\u00e4ndern. Dazu geh\u00f6ren langfristige Eins\u00e4tze von Fachleuten in Projekten und Kurzeins\u00e4tze.","_seopress_robots_index":"","_searchwp_excluded":"","site-sidebar-layout":"default","site-content-layout":"","ast-site-content-layout":"default","site-content-style":"default","site-sidebar-style":"default","ast-global-header-display":"","ast-banner-title-visibility":"","ast-main-header-display":"","ast-hfb-above-header-display":"","ast-hfb-below-header-display":"","ast-hfb-mobile-header-display":"","site-post-title":"","ast-breadcrumbs-content":"","ast-featured-img":"","footer-sml-layout":"","ast-disable-related-posts":"","theme-transparent-header-meta":"","adv-header-id-meta":"","stick-header-meta":"","header-above-stick-meta":"","header-main-stick-meta":"","header-below-stick-meta":"","astra-migrate-meta-layouts":"default","ast-page-background-enabled":"default","ast-page-background-meta":{"desktop":{"background-color":"var(--ast-global-color-4)","background-image":"","background-repeat":"repeat","background-position":"center center","background-size":"auto","background-attachment":"scroll","background-type":"","background-media":"","overlay-type":"","overlay-color":"","overlay-opacity":"","overlay-gradient":""},"tablet":{"background-color":"","background-image":"","background-repeat":"repeat","background-position":"center center","background-size":"auto","background-attachment":"scroll","background-type":"","background-media":"","overlay-type":"","overlay-color":"","overlay-opacity":"","overlay-gradient":""},"mobile":{"background-color":"","background-image":"","background-repeat":"repeat","background-position":"center center","background-size":"auto","background-attachment":"scroll","background-type":"","background-media":"","overlay-type":"","overlay-color":"","overlay-opacity":"","overlay-gradient":""}},"ast-content-background-meta":{"desktop":{"background-color":"var(--ast-global-color-5)","background-image":"","background-repeat":"repeat","background-position":"center center","background-size":"auto","background-attachment":"scroll","background-type":"","background-media":"","overlay-type":"","overlay-color":"","overlay-opacity":"","overlay-gradient":""},"tablet":{"background-color":"var(--ast-global-color-5)","background-image":"","background-repeat":"repeat","background-position":"center center","background-size":"auto","background-attachment":"scroll","background-type":"","background-media":"","overlay-type":"","overlay-color":"","overlay-opacity":"","overlay-gradient":""},"mobile":{"background-color":"var(--ast-global-color-5)","background-image":"","background-repeat":"repeat","background-position":"center center","background-size":"auto","background-attachment":"scroll","background-type":"","background-media":"","overlay-type":"","overlay-color":"","overlay-opacity":"","overlay-gradient":""}},"iawp_total_views":2747,"footnotes":""},"hf_cat_page":[300],"class_list":["post-408","page","type-page","status-publish","has-post-thumbnail"],"acf":[],"_links":{"self":[{"href":"https:\/\/www.mission-21.org\/en\/wp-json\/wp\/v2\/pages\/408","targetHints":{"allow":["GET"]}}],"collection":[{"href":"https:\/\/www.mission-21.org\/en\/wp-json\/wp\/v2\/pages"}],"about":[{"href":"https:\/\/www.mission-21.org\/en\/wp-json\/wp\/v2\/types\/page"}],"author":[{"embeddable":true,"href":"https:\/\/www.mission-21.org\/en\/wp-json\/wp\/v2\/users\/1"}],"replies":[{"embeddable":true,"href":"https:\/\/www.mission-21.org\/en\/wp-json\/wp\/v2\/comments?post=408"}],"version-history":[{"count":11,"href":"https:\/\/www.mission-21.org\/en\/wp-json\/wp\/v2\/pages\/408\/revisions"}],"predecessor-version":[{"id":4904,"href":"https:\/\/www.mission-21.org\/en\/wp-json\/wp\/v2\/pages\/408\/revisions\/4904"}],"up":[{"embeddable":true,"href":"https:\/\/www.mission-21.org\/en\/wp-json\/wp\/v2\/pages\/205"}],"wp:featuredmedia":[{"embeddable":true,"href":"https:\/\/www.mission-21.org\/en\/wp-json\/wp\/v2\/media\/410"}],"wp:attachment":[{"href":"https:\/\/www.mission-21.org\/en\/wp-json\/wp\/v2\/media?parent=408"}],"wp:term":[{"taxonomy":"hf_cat_page","embeddable":true,"href":"https:\/\/www.mission-21.org\/en\/wp-json\/wp\/v2\/hf_cat_page?post=408"}],"curies":[{"name":"wp","href":"https:\/\/api.w.org\/{rel}","templated":true}]}}