{"id":4686,"date":"2022-10-20T16:26:46","date_gmt":"2022-10-20T14:26:46","guid":{"rendered":"https:\/\/www.mission-21.org\/?page_id=4686"},"modified":"2025-09-15T15:41:10","modified_gmt":"2025-09-15T13:41:10","slug":"donate-asia","status":"publish","type":"page","link":"https:\/\/www.mission-21.org\/en\/spenden-asien\/","title":{"rendered":"Donations for Asia"},"content":{"rendered":"<img decoding=\"async\" src=\"https:\/\/www.mission-21.org\/wp-content\/uploads\/2022\/08\/csm_header_news_d521d70e38.jpeg\" alt=\"csm header news d521d70e38\" itemprop=\"image\" height=\"688\" width=\"1680\" title=\"csm_Header_News_d521d70e38\" onerror=\"this.style.display='none'\"  \/>\n\t\t\t<h1>Info Box<\/h1>\t\t\t\n\t\t\t\tThank you for placing your trust in Mission 21. With your support, people can be enabled to live in dignity!\n\t\t\t<h3>Donate by payment slip<\/h3>\t\t\t\n<p><a href=\"https:\/\/www.mission-21.org\/fileadmin\/user_upload\/Spenden_mit_EZS.pdf\">\u25ba Download a payment slip here (PDF)<\/a><\/p>\n<p>or scan this QR code with your e-banking app.<\/p>\n\t\t\t\t<img decoding=\"async\" src=\"https:\/\/www.mission-21.org\/wp-content\/uploads\/2022\/10\/qr-rechnung.jpg\" alt=\"qr invoice\" itemprop=\"image\" height=\"500\" width=\"500\" title=\"QR Invoice\" onerror=\"this.style.display='none'\"  \/>\n\t\t\t\t<img decoding=\"async\" src=\"https:\/\/www.mission-21.org\/wp-content\/uploads\/2022\/09\/csm_missionshaus_basel_profilbild_f6a735181e-1200x674.jpg\" alt=\"csm mission house basel profile picture f6a735181e\" title=\"csm_Missionshaus_Basel_profile_image_f6a735181e\" itemprop=\"image\"\/>\n\t\t<h3>Contact<\/h3>\t\t\t\n<p>Mission 21<br \/>Missionsstrasse 21<br \/>4055 Basel<br \/><a href=\"https:\/\/goo.gl\/maps\/ezkExEpULqu\" target=\"_blank\" rel=\"noopener\">\u25ba Show map<\/a><\/p>\n<p>Tel: +41 (0)61 260 21 20<br \/><a>\u25ba E-mail<\/a><\/p>","protected":false},"excerpt":{"rendered":"<p>Info Box Danke, dass Sie Mission 21 Ihr Vertrauen schenken. Mit Ihrer Unterst\u00fctzung kann Menschen ein Leben in W\u00fcrde erm\u00f6glicht werden! Spenden Sie per Einzahlungsschein \u25ba Laden Sie hier einen Einzahlungsschein herunter (PDF) oder scannen Sie diesen QR-Code mit Ihrer E-Banking App. Kontakt Mission 21Missionsstrasse 214055 Basel\u25ba Karte anzeigen Tel: +41 (0)61 260 21 20\u25ba [&hellip;]<\/p>\n","protected":false},"author":6,"featured_media":4688,"parent":0,"menu_order":0,"comment_status":"closed","ping_status":"closed","template":"","meta":{"_acf_changed":false,"_seopress_robots_primary_cat":"","_seopress_titles_title":"","_seopress_titles_desc":"","_seopress_robots_index":"","_searchwp_excluded":"","site-sidebar-layout":"default","site-content-layout":"","ast-site-content-layout":"default","site-content-style":"default","site-sidebar-style":"default","ast-global-header-display":"","ast-banner-title-visibility":"","ast-main-header-display":"","ast-hfb-above-header-display":"","ast-hfb-below-header-display":"","ast-hfb-mobile-header-display":"","site-post-title":"","ast-breadcrumbs-content":"","ast-featured-img":"","footer-sml-layout":"","ast-disable-related-posts":"","theme-transparent-header-meta":"","adv-header-id-meta":"","stick-header-meta":"","header-above-stick-meta":"","header-main-stick-meta":"","header-below-stick-meta":"","astra-migrate-meta-layouts":"set","ast-page-background-enabled":"default","ast-page-background-meta":{"desktop":{"background-color":"var(--ast-global-color-4)","background-image":"","background-repeat":"repeat","background-position":"center center","background-size":"auto","background-attachment":"scroll","background-type":"","background-media":"","overlay-type":"","overlay-color":"","overlay-opacity":"","overlay-gradient":""},"tablet":{"background-color":"","background-image":"","background-repeat":"repeat","background-position":"center center","background-size":"auto","background-attachment":"scroll","background-type":"","background-media":"","overlay-type":"","overlay-color":"","overlay-opacity":"","overlay-gradient":""},"mobile":{"background-color":"","background-image":"","background-repeat":"repeat","background-position":"center center","background-size":"auto","background-attachment":"scroll","background-type":"","background-media":"","overlay-type":"","overlay-color":"","overlay-opacity":"","overlay-gradient":""}},"ast-content-background-meta":{"desktop":{"background-color":"var(--ast-global-color-5)","background-image":"","background-repeat":"repeat","background-position":"center center","background-size":"auto","background-attachment":"scroll","background-type":"","background-media":"","overlay-type":"","overlay-color":"","overlay-opacity":"","overlay-gradient":""},"tablet":{"background-color":"var(--ast-global-color-5)","background-image":"","background-repeat":"repeat","background-position":"center center","background-size":"auto","background-attachment":"scroll","background-type":"","background-media":"","overlay-type":"","overlay-color":"","overlay-opacity":"","overlay-gradient":""},"mobile":{"background-color":"var(--ast-global-color-5)","background-image":"","background-repeat":"repeat","background-position":"center center","background-size":"auto","background-attachment":"scroll","background-type":"","background-media":"","overlay-type":"","overlay-color":"","overlay-opacity":"","overlay-gradient":""}},"iawp_total_views":51,"footnotes":""},"hf_cat_page":[303],"class_list":["post-4686","page","type-page","status-publish","has-post-thumbnail"],"acf":[],"_links":{"self":[{"href":"https:\/\/www.mission-21.org\/en\/wp-json\/wp\/v2\/pages\/4686","targetHints":{"allow":["GET"]}}],"collection":[{"href":"https:\/\/www.mission-21.org\/en\/wp-json\/wp\/v2\/pages"}],"about":[{"href":"https:\/\/www.mission-21.org\/en\/wp-json\/wp\/v2\/types\/page"}],"author":[{"embeddable":true,"href":"https:\/\/www.mission-21.org\/en\/wp-json\/wp\/v2\/users\/6"}],"replies":[{"embeddable":true,"href":"https:\/\/www.mission-21.org\/en\/wp-json\/wp\/v2\/comments?post=4686"}],"version-history":[{"count":8,"href":"https:\/\/www.mission-21.org\/en\/wp-json\/wp\/v2\/pages\/4686\/revisions"}],"predecessor-version":[{"id":18463,"href":"https:\/\/www.mission-21.org\/en\/wp-json\/wp\/v2\/pages\/4686\/revisions\/18463"}],"wp:featuredmedia":[{"embeddable":true,"href":"https:\/\/www.mission-21.org\/en\/wp-json\/wp\/v2\/media\/4688"}],"wp:attachment":[{"href":"https:\/\/www.mission-21.org\/en\/wp-json\/wp\/v2\/media?parent=4686"}],"wp:term":[{"taxonomy":"hf_cat_page","embeddable":true,"href":"https:\/\/www.mission-21.org\/en\/wp-json\/wp\/v2\/hf_cat_page?post=4686"}],"curies":[{"name":"wp","href":"https:\/\/api.w.org\/{rel}","templated":true}]}}