{"id":5917,"date":"2022-11-30T16:19:04","date_gmt":"2022-11-30T15:19:04","guid":{"rendered":"https:\/\/www.mission-21.org\/?page_id=5917"},"modified":"2022-11-30T16:35:46","modified_gmt":"2022-11-30T15:35:46","slug":"campaign-2029","status":"publish","type":"page","link":"https:\/\/www.mission-21.org\/en\/mitmachen\/parallax-error\/","title":{"rendered":"Parallax error"},"content":{"rendered":"<div class=\"fl-builder-content fl-builder-content-3660 fl-builder-template fl-builder-module-template fl-builder-global-templates-locked\" data-post-id=\"3660\"><div class=\"fl-module fl-module-pp-toc fl-node-xrvkwe8ihtn6 toc\" data-node=\"xrvkwe8ihtn6\">\n\t<div class=\"fl-module-content fl-node-content\">\n\t\t<div class=\"pp-toc-container\">\n\t\n\t<div class=\"pp-toc-body\">\n\t\t\t\t\t<ul class=\"pp-toc-list-wrapper pp-toc-list-icon\"><\/ul>\n\t\t\t\t<\/div>\n<\/div>\n\n\t<\/div>\n<\/div>\n<\/div><div class=\"uabb-js-breakpoint\" style=\"display: none;\"><\/div>\n\t\t\t<a href=\"\/en\/donate\/\" target=\"_self\" role=\"button\" aria-label=\"Donations\" rel=\"noopener\">\n\t\t\t\t\t\t\tDonations\n\t\t\t\t\t\t\t\t\t<img decoding=\"async\" src=\"https:\/\/www.mission-21.org\/wp-content\/uploads\/2022\/08\/csm_heat-icon_b1dbd40167.png\"\/>\n\t\t<\/a>\n\t\t\t<h1>Education determines what we harvest in the future<\/h1>\t\t\t\n\t\t\t\t<p><strong>With our 2023 campaign, we are highlighting the importance of education for ecologically sustainable development in Nigeria. The 2023 campaign runs from September 10 to Mission Sunday.<\/strong><\/p>\n\t\t\t\t\t<a href=\"#\" id=\"fl-accordion--label-0\" tabindex=\"0\" aria-controls=\"fl-accordion--panel-0\">The situation in Nigeria is precarious<\/a>\n\t\t\t\t\t<p>The supply situation in north-eastern Nigeria is precarious. Climatic changes and the effects of many years of unsustainable use of natural resources are threatening the livelihoods of many people.<\/p>\n<p>Nigeria is rich in natural resources. However, these are often not used sustainably and are unevenly distributed. The region is also affected by the consequences of global warming, such as longer dry seasons and heavier rainfall. Another problem is the overuse of natural resources. The soil, for example, is being depleted by the excessive use of chemical fertilizers and pesticides. Large areas are being deforested in search of firewood and environmental pollution from waste and plastic is increasing. The effects include increased soil erosion, declining soil fertility and contaminated groundwater, which in turn jeopardizes the supply of water to a large part of the population.<\/p>\n\t<h2>Education in Nigeria and Switzerland for sustainable change<\/h2>\n<p>Together with our partners, we are tackling this problem. Through our educational work on the ground, we promote the sustainable use of natural resources and the protection of the environment. Through education, we help to ensure that small farmers and their families in rural areas in north-eastern Nigeria have a chance to secure their livelihoods in the long term. They learn how to practice agroecological agriculture, how to use natural resources sustainably and how to protect the environment.<\/p>\n<p>Here in Switzerland, we also raise awareness of a resource-conserving and environmentally friendly way of life through our educational programs. We provide information on what and how we can learn for a sustainable future. In this way, we can make our contribution to ensuring that a life in dignity is possible for all people. We will inform you about our corresponding offers and campaign ideas in spring 2023.stay informed and subscribe to our campaign newsletter.<\/p>\n<h2>\n\t\tStay up to date\n\t<\/h2>","protected":false},"excerpt":{"rendered":"<p>Spenden Bildung entscheidet, was wir in Zukunft ernten Mit unserer Kampagne 2023 beleuchten wir die Bedeutung von Bildung f\u00fcr eine \u00f6kologisch nachhaltige Entwicklung in Nigeria. Die Kampagne 2023 dauert vom 10. September bis zum Missionssonntag. Die Lage in Nigeria ist prek\u00e4r Die Versorgungslage im Nordosten Nigerias ist prek\u00e4r. Durch klimatische Ver\u00e4nderungen und die Auswirkungen einer [&hellip;]<\/p>\n","protected":false},"author":6,"featured_media":5914,"parent":212,"menu_order":0,"comment_status":"closed","ping_status":"closed","template":"","meta":{"_acf_changed":false,"_seopress_robots_primary_cat":"","_seopress_titles_title":"","_seopress_titles_desc":"","_seopress_robots_index":"","_searchwp_excluded":"1","site-sidebar-layout":"default","site-content-layout":"","ast-site-content-layout":"default","site-content-style":"default","site-sidebar-style":"default","ast-global-header-display":"","ast-banner-title-visibility":"","ast-main-header-display":"","ast-hfb-above-header-display":"","ast-hfb-below-header-display":"","ast-hfb-mobile-header-display":"","site-post-title":"","ast-breadcrumbs-content":"","ast-featured-img":"","footer-sml-layout":"","ast-disable-related-posts":"","theme-transparent-header-meta":"","adv-header-id-meta":"","stick-header-meta":"","header-above-stick-meta":"","header-main-stick-meta":"","header-below-stick-meta":"","astra-migrate-meta-layouts":"default","ast-page-background-enabled":"default","ast-page-background-meta":{"desktop":{"background-color":"var(--ast-global-color-4)","background-image":"","background-repeat":"repeat","background-position":"center center","background-size":"auto","background-attachment":"scroll","background-type":"","background-media":"","overlay-type":"","overlay-color":"","overlay-opacity":"","overlay-gradient":""},"tablet":{"background-color":"","background-image":"","background-repeat":"repeat","background-position":"center center","background-size":"auto","background-attachment":"scroll","background-type":"","background-media":"","overlay-type":"","overlay-color":"","overlay-opacity":"","overlay-gradient":""},"mobile":{"background-color":"","background-image":"","background-repeat":"repeat","background-position":"center center","background-size":"auto","background-attachment":"scroll","background-type":"","background-media":"","overlay-type":"","overlay-color":"","overlay-opacity":"","overlay-gradient":""}},"ast-content-background-meta":{"desktop":{"background-color":"var(--ast-global-color-5)","background-image":"","background-repeat":"repeat","background-position":"center center","background-size":"auto","background-attachment":"scroll","background-type":"","background-media":"","overlay-type":"","overlay-color":"","overlay-opacity":"","overlay-gradient":""},"tablet":{"background-color":"var(--ast-global-color-5)","background-image":"","background-repeat":"repeat","background-position":"center center","background-size":"auto","background-attachment":"scroll","background-type":"","background-media":"","overlay-type":"","overlay-color":"","overlay-opacity":"","overlay-gradient":""},"mobile":{"background-color":"var(--ast-global-color-5)","background-image":"","background-repeat":"repeat","background-position":"center center","background-size":"auto","background-attachment":"scroll","background-type":"","background-media":"","overlay-type":"","overlay-color":"","overlay-opacity":"","overlay-gradient":""}},"iawp_total_views":9,"footnotes":""},"hf_cat_page":[299,297,366],"class_list":["post-5917","page","type-page","status-publish","has-post-thumbnail"],"acf":[],"_links":{"self":[{"href":"https:\/\/www.mission-21.org\/en\/wp-json\/wp\/v2\/pages\/5917","targetHints":{"allow":["GET"]}}],"collection":[{"href":"https:\/\/www.mission-21.org\/en\/wp-json\/wp\/v2\/pages"}],"about":[{"href":"https:\/\/www.mission-21.org\/en\/wp-json\/wp\/v2\/types\/page"}],"author":[{"embeddable":true,"href":"https:\/\/www.mission-21.org\/en\/wp-json\/wp\/v2\/users\/6"}],"replies":[{"embeddable":true,"href":"https:\/\/www.mission-21.org\/en\/wp-json\/wp\/v2\/comments?post=5917"}],"version-history":[{"count":10,"href":"https:\/\/www.mission-21.org\/en\/wp-json\/wp\/v2\/pages\/5917\/revisions"}],"predecessor-version":[{"id":5929,"href":"https:\/\/www.mission-21.org\/en\/wp-json\/wp\/v2\/pages\/5917\/revisions\/5929"}],"up":[{"embeddable":true,"href":"https:\/\/www.mission-21.org\/en\/wp-json\/wp\/v2\/pages\/212"}],"wp:featuredmedia":[{"embeddable":true,"href":"https:\/\/www.mission-21.org\/en\/wp-json\/wp\/v2\/media\/5914"}],"wp:attachment":[{"href":"https:\/\/www.mission-21.org\/en\/wp-json\/wp\/v2\/media?parent=5917"}],"wp:term":[{"taxonomy":"hf_cat_page","embeddable":true,"href":"https:\/\/www.mission-21.org\/en\/wp-json\/wp\/v2\/hf_cat_page?post=5917"}],"curies":[{"name":"wp","href":"https:\/\/api.w.org\/{rel}","templated":true}]}}