{"id":5954,"date":"2022-12-01T10:26:25","date_gmt":"2022-12-01T09:26:25","guid":{"rendered":"https:\/\/www.mission-21.org\/?page_id=5954"},"modified":"2025-02-07T13:47:33","modified_gmt":"2025-02-07T12:47:33","slug":"sign-up-newsletter","status":"publish","type":"page","link":"https:\/\/www.mission-21.org\/en\/anmeldung-newsletter\/","title":{"rendered":"Registration Newsletter"},"content":{"rendered":"<img decoding=\"async\" src=\"https:\/\/www.mission-21.org\/wp-content\/uploads\/2022\/08\/csm_header_news_d521d70e38.jpeg\" alt=\"csm header news d521d70e38\" itemprop=\"image\" height=\"688\" width=\"1680\" title=\"csm_Header_News_d521d70e38\" onerror=\"this.style.display='none'\">\n\t\t\t<h1>Thank you for your newsletter subscription<\/h1>\t\t\t\n\t\t\t\t<p>You will receive exciting information from us from now on. Until then, you may be interested in our latest news or the next events.<\/p>\n<h2>\n\t\tNews\n\t<\/h2>\n\t\t<a href=\"https:\/\/www.mission-21.org\/en\/for-climate-justice-worldwide-and-in-switzerland\/\" target=\"_self\" rel=\"noopener\"><\/a>\t\t\n\t\t\t\t\t\t\t\t\t\t\t\t\t\t<a href=\"https:\/\/www.mission-21.org\/en\/for-climate-justice-worldwide-and-in-switzerland\/\" target=\"_self\" title=\"For climate justice worldwide and in Switzerland\" rel=\"noopener\">\n\t\t\t\t<img decoding=\"async\" src=\"https:\/\/www.mission-21.org\/wp-content\/uploads\/2023\/02\/christ_innenfuerklimaschutz_bild-3-4-900x675.jpg\" alt=\"Landscape with church in the background, in addition the text &quot;Christian women for climate protection\">\n\t\t\t\t<\/a>\n\t\t\t\t\t\t<h5>\n\t\t\t\t<a href=\"https:\/\/www.mission-21.org\/en\/for-climate-justice-worldwide-and-in-switzerland\/\" title=\"For climate justice worldwide and in Switzerland\" tabindex=\"0\">For climate justice worldwide and in Switzerland<\/a>\t\t\t<\/h5>\n\t\t<a href=\"https:\/\/www.mission-21.org\/en\/thanks-and-appreciation-for-the-commission-of-experts-women-and-gender\/\" target=\"_self\" rel=\"noopener\"><\/a>\t\t\n\t\t\t\t\t\t\t\t\t\t\t\t\t\t<a href=\"https:\/\/www.mission-21.org\/en\/thanks-and-appreciation-for-the-commission-of-experts-women-and-gender\/\" target=\"_self\" title=\"Thanks and appreciation for the Expert Commission Women and Gender\" rel=\"noopener\">\n\t\t\t\t<img decoding=\"async\" src=\"https:\/\/www.mission-21.org\/wp-content\/uploads\/2023\/02\/aktuelle-fachkommission-f-und-g_20230207.jpg\" alt=\"Current members of the Women and Gender Commission of Mission 21.\">\n\t\t\t\t<\/a>\n\t\t\t\t\t\t<h5>\n\t\t\t\t<a href=\"https:\/\/www.mission-21.org\/en\/thanks-and-appreciation-for-the-commission-of-experts-women-and-gender\/\" title=\"Thanks and appreciation for the Expert Commission Women and Gender\" tabindex=\"0\"><strong>Thanks and appreciation for the Expert Commission Women and Gender<\/strong><\/a>\t\t\t<\/h5>\n\t\t<a href=\"https:\/\/www.mission-21.org\/en\/new-look-at-majorities\/\" target=\"_self\" rel=\"noopener\"><\/a>\t\t\n\t\t\t\t\t\t\t\t\t\t\t\t\t\t<a href=\"https:\/\/www.mission-21.org\/en\/new-look-at-majorities\/\" target=\"_self\" title=\"New look at masculinities\" rel=\"noopener\">\n\t\t\t\t<img decoding=\"async\" src=\"https:\/\/www.mission-21.org\/wp-content\/uploads\/2023\/02\/2017_nigeria_1643_hr-scaled-e1675938426337-900x674.jpg\" alt=\"Symbolic image from Nigeria. Photo Jonathan Liechti.\">\n\t\t\t\t<\/a>\n\t\t\t\t\t\t<h5>\n\t\t\t\t<a href=\"https:\/\/www.mission-21.org\/en\/new-look-at-majorities\/\" title=\"New look at masculinities\" tabindex=\"0\">New look at masculinities<\/a>\t\t\t<\/h5>\n<h2>\n\t\tEvents\n\t<\/h2>\n\t\t<a href=\"https:\/\/www.mission-21.org\/en\/event\/church-and-colonialism-insights-into-history-2\/\" target=\"_self\" rel=\"noopener\"><\/a>\t\t\n\t\t\t\t\t\t\t\t\t\t\t\t\t\t<a href=\"https:\/\/www.mission-21.org\/en\/event\/church-and-colonialism-insights-into-history-2\/\" target=\"_self\" title=\"Church and colonialism: insights into history\" rel=\"noopener\">\n\t\t\t\t<img decoding=\"async\" src=\"https:\/\/www.mission-21.org\/wp-content\/uploads\/2023\/01\/screenshot-2023-01-18-174503-900x567.jpg\" alt=\"screenshot 2023 01 18 174503\">\n\t\t\t\t<\/a>\n\t\t\t\t\t\t<h5>\n\t\t\t\t<a href=\"https:\/\/www.mission-21.org\/en\/event\/church-and-colonialism-insights-into-history-2\/\" title=\"Church and colonialism: insights into history\" tabindex=\"0\">Church and colonialism: insights into history<\/a>\t\t\t<\/h5>\n\t\t<a href=\"https:\/\/www.mission-21.org\/en\/event\/supraregional-working-day\/\" target=\"_self\" rel=\"noopener\"><\/a>\t\t\n\t\t\t\t\t\t\t\t\t\t\t\t\t\t<a href=\"https:\/\/www.mission-21.org\/en\/event\/supraregional-working-day\/\" target=\"_self\" title=\"Supraregional working day\" rel=\"noopener\">\n\t\t\t\t<img decoding=\"async\" src=\"https:\/\/www.mission-21.org\/wp-content\/uploads\/2023\/01\/werktag-23-900x675.jpg\" alt=\"working day 23\">\n\t\t\t\t<\/a>\n\t\t\t\t\t\t<h5>\n\t\t\t\t<a href=\"https:\/\/www.mission-21.org\/en\/event\/supraregional-working-day\/\" title=\"Supraregional working day\" tabindex=\"0\">Supraregional working day<\/a>\t\t\t<\/h5>\n\t\t<a href=\"https:\/\/www.mission-21.org\/en\/event\/mission-and-colonial-violence-in-the-world-war-one-2\/\" target=\"_self\" rel=\"noopener\"><\/a>\t\t\n\t\t\t\t\t\t\t\t\t\t\t\t\t\t<a href=\"https:\/\/www.mission-21.org\/en\/event\/mission-and-colonial-violence-in-the-world-war-one-2\/\" target=\"_self\" title=\"Mission and Colonial Violence in the First World War\" rel=\"noopener\">\n\t\t\t\t<img decoding=\"async\" src=\"https:\/\/www.mission-21.org\/wp-content\/uploads\/2023\/01\/bma-a-30.01.049_strassenszene-queens-road-central-im-handelsviertel-von-hongkong-1909-900x674.jpg\" alt=\"bma a 30.01.049 street scene (&#039;queen&#039;s road central&#039;) in the commercial district of hong kong 1909\">\n\t\t\t\t<\/a>\n\t\t\t\t\t\t<h5>\n\t\t\t\t<a href=\"https:\/\/www.mission-21.org\/en\/event\/mission-and-colonial-violence-in-the-world-war-one-2\/\" title=\"Mission and Colonial Violence in the First World War\" tabindex=\"0\">Mission and Colonial Violence in the First World War<\/a>\t\t\t<\/h5>","protected":false},"excerpt":{"rendered":"<p>Herzlichen Dank f\u00fcr Ihre Newsletter-Anmeldung Sie bekommen ab jetzt spannende Informationen von uns. Vielleicht interessieren Sie bis dahin unsere aktuellen News oder die n\u00e4chsten Veranstaltungen. News F\u00fcr Klimagerechtigkeit weltweit und in der Schweiz Dank und W\u00fcrdigung f\u00fcr die Fachkommission Frauen und Gender Neuer Blick auf M\u00e4nnlichkeiten Veranstaltungen Kirche und Kolonialismus: Einblicke in die Geschichte \u00dcberregionaler [&hellip;]<\/p>\n","protected":false},"author":6,"featured_media":5960,"parent":0,"menu_order":0,"comment_status":"closed","ping_status":"closed","template":"","meta":{"_acf_changed":false,"_seopress_robots_primary_cat":"","_seopress_titles_title":"","_seopress_titles_desc":"","_seopress_robots_index":"","_searchwp_excluded":"1","site-sidebar-layout":"default","site-content-layout":"","ast-site-content-layout":"default","site-content-style":"default","site-sidebar-style":"default","ast-global-header-display":"","ast-banner-title-visibility":"","ast-main-header-display":"","ast-hfb-above-header-display":"","ast-hfb-below-header-display":"","ast-hfb-mobile-header-display":"","site-post-title":"","ast-breadcrumbs-content":"","ast-featured-img":"","footer-sml-layout":"","ast-disable-related-posts":"","theme-transparent-header-meta":"","adv-header-id-meta":"","stick-header-meta":"","header-above-stick-meta":"","header-main-stick-meta":"","header-below-stick-meta":"","astra-migrate-meta-layouts":"set","ast-page-background-enabled":"default","ast-page-background-meta":{"desktop":{"background-color":"var(--ast-global-color-4)","background-image":"","background-repeat":"repeat","background-position":"center center","background-size":"auto","background-attachment":"scroll","background-type":"","background-media":"","overlay-type":"","overlay-color":"","overlay-opacity":"","overlay-gradient":""},"tablet":{"background-color":"","background-image":"","background-repeat":"repeat","background-position":"center center","background-size":"auto","background-attachment":"scroll","background-type":"","background-media":"","overlay-type":"","overlay-color":"","overlay-opacity":"","overlay-gradient":""},"mobile":{"background-color":"","background-image":"","background-repeat":"repeat","background-position":"center center","background-size":"auto","background-attachment":"scroll","background-type":"","background-media":"","overlay-type":"","overlay-color":"","overlay-opacity":"","overlay-gradient":""}},"ast-content-background-meta":{"desktop":{"background-color":"var(--ast-global-color-5)","background-image":"","background-repeat":"repeat","background-position":"center center","background-size":"auto","background-attachment":"scroll","background-type":"","background-media":"","overlay-type":"","overlay-color":"","overlay-opacity":"","overlay-gradient":""},"tablet":{"background-color":"var(--ast-global-color-5)","background-image":"","background-repeat":"repeat","background-position":"center center","background-size":"auto","background-attachment":"scroll","background-type":"","background-media":"","overlay-type":"","overlay-color":"","overlay-opacity":"","overlay-gradient":""},"mobile":{"background-color":"var(--ast-global-color-5)","background-image":"","background-repeat":"repeat","background-position":"center center","background-size":"auto","background-attachment":"scroll","background-type":"","background-media":"","overlay-type":"","overlay-color":"","overlay-opacity":"","overlay-gradient":""}},"iawp_total_views":479,"footnotes":""},"hf_cat_page":[304],"class_list":["post-5954","page","type-page","status-publish","has-post-thumbnail"],"acf":[],"_links":{"self":[{"href":"https:\/\/www.mission-21.org\/en\/wp-json\/wp\/v2\/pages\/5954","targetHints":{"allow":["GET"]}}],"collection":[{"href":"https:\/\/www.mission-21.org\/en\/wp-json\/wp\/v2\/pages"}],"about":[{"href":"https:\/\/www.mission-21.org\/en\/wp-json\/wp\/v2\/types\/page"}],"author":[{"embeddable":true,"href":"https:\/\/www.mission-21.org\/en\/wp-json\/wp\/v2\/users\/6"}],"replies":[{"embeddable":true,"href":"https:\/\/www.mission-21.org\/en\/wp-json\/wp\/v2\/comments?post=5954"}],"version-history":[{"count":6,"href":"https:\/\/www.mission-21.org\/en\/wp-json\/wp\/v2\/pages\/5954\/revisions"}],"predecessor-version":[{"id":13426,"href":"https:\/\/www.mission-21.org\/en\/wp-json\/wp\/v2\/pages\/5954\/revisions\/13426"}],"wp:featuredmedia":[{"embeddable":true,"href":"https:\/\/www.mission-21.org\/en\/wp-json\/wp\/v2\/media\/5960"}],"wp:attachment":[{"href":"https:\/\/www.mission-21.org\/en\/wp-json\/wp\/v2\/media?parent=5954"}],"wp:term":[{"taxonomy":"hf_cat_page","embeddable":true,"href":"https:\/\/www.mission-21.org\/en\/wp-json\/wp\/v2\/hf_cat_page?post=5954"}],"curies":[{"name":"wp","href":"https:\/\/api.w.org\/{rel}","templated":true}]}}