{"id":6151,"date":"2022-12-13T17:18:39","date_gmt":"2022-12-13T16:18:39","guid":{"rendered":"https:\/\/www.mission-21.org\/?page_id=6151"},"modified":"2023-08-07T10:16:01","modified_gmt":"2023-08-07T08:16:01","slug":"donate-africa-2","status":"publish","type":"page","link":"https:\/\/www.mission-21.org\/en\/spenden-fur-ernahrungssouveranitat-in-der-dr-kongo\/","title":{"rendered":"Donations for food sovereignty in the DR Congo"},"content":{"rendered":"<img decoding=\"async\" src=\"https:\/\/www.mission-21.org\/wp-content\/uploads\/2022\/08\/csm_header_news_d521d70e38.jpeg\" alt=\"csm header news d521d70e38\" itemprop=\"image\" height=\"688\" width=\"1680\" title=\"csm_Header_News_d521d70e38\" onerror=\"this.style.display='none'\">\n\t<p><em>Are you helping to improve the living conditions of people living in extreme poverty? In the province of Kwango, which belongs to the Democratic Republic of Congo, Mission 21 supports the development of sustainable agriculture. This is done in cooperation with a local church, the Communaut\u00e9 Evang\u00e9lique du Kwango. The project empowers women to become self-sufficient through targeted training.<\/em><\/p>\n<p><em>We thank you in advance for your donations and your support for the cause of a fairer and sustainable life.<\/em><\/p>\n<p><em>Rev. Monika Widmer Hodel, Rev. Harald Matern and Rev. Andreas M\u00f6ri<\/em><\/p>\n\t\t\t<h5>About the project<\/h5><h3>Food sovereignty in the DR Congo<\/h3>\t\t\n\t\t\t\t<img decoding=\"async\" src=\"https:\/\/www.mission-21.org\/wp-content\/uploads\/2022\/10\/csm_handwerkerinnen_dr_kongo_10712d5418.jpg\" alt=\"csm craftswomen dr congo 10712d5418\" title=\"csm_Handwerkerinnen_DR_Kongo_10712d5418\" itemprop=\"image\">\n\t\t\t\t<p>The project promotes the holistic and sustainable development of agriculture and creates the conditions for sufficient and balanced nutrition. Strategically, it is closely aligned with the United Nations' Sustainable Development Goal 2. The central themes of the project include the promotion of agro-ecological practices, the production of local seeds and income-generating measures such as cattle breeding or the creation of fish ponds. Food production is exclusively on a small scale and is mainly carried out by women. The project therefore places a special focus on empowering women smallholder farmers.<\/p>\n<a href=\"https:\/\/www.mission-21.org\/en\/what-we-do\/projects-and-partners\/project\/food-sovereignty-in-the-dr-congo\/\" target=\"_self\" rel=\"noopener\">\u25ba More information about the project<\/a>\t\t\t\n<h2>\n\t\tFor questions\n\t<\/h2>\n\t\t<a href=\"https:\/\/www.mission-21.org\/en\/team\/jacqueline-brunner\/\" target=\"_self\" rel=\"noopener\"><\/a>\t\t\n\t<meta itemscope=\"\" itemprop=\"mainEntityOfPage\" itemtype=\"https:\/\/schema.org\/WebPage\" itemid=\"https:\/\/www.mission-21.org\/team\/jacqueline-brunner\/\" content=\"Jacqueline Brunner\"><meta itemprop=\"datePublished\" content=\"2022-10-11\"><meta itemprop=\"dateModified\" content=\"2022-11-01\"><meta itemprop=\"name\" content=\"Mission 21\"><meta itemprop=\"url\" content=\"https:\/\/www.mission-21.org\/wp-content\/uploads\/2022\/08\/de-blau.svg\"><meta itemprop=\"url\" content=\"https:\/\/www.mission-21.org\/author\/miriam\/\"><meta itemprop=\"name\" content=\"Miriam Glass\"><meta itemprop=\"url\" content=\"https:\/\/www.mission-21.org\/wp-content\/uploads\/2022\/10\/csm_jacqueline_brunner_8924cff677.jpg\"><meta itemprop=\"width\" content=\"400\"><meta itemprop=\"height\" content=\"300\"><meta itemprop=\"interactionType\" content=\"https:\/\/schema.org\/CommentAction\"><meta itemprop=\"userInteractionCount\" content=\"0\">\n\t<a href=\"https:\/\/www.mission-21.org\/en\/team\/jacqueline-brunner\/\" title=\"Jacqueline Brunner\"><img width=\"400\" height=\"300\" src=\"https:\/\/www.mission-21.org\/wp-content\/uploads\/2022\/10\/csm_jacqueline_brunner_8924cff677.jpg\" alt=\"csm jacqueline brunner 8924cff677\" decoding=\"async\" itemprop=\"image\" loading=\"lazy\" srcset=\"https:\/\/www.mission-21.org\/wp-content\/uploads\/2022\/10\/csm_jacqueline_brunner_8924cff677.jpg 400w, https:\/\/www.mission-21.org\/wp-content\/uploads\/2022\/10\/csm_jacqueline_brunner_8924cff677-300x225.jpg 300w\" sizes=\"auto, (max-width: 400px) 100vw, 400px\"><\/a>\n<h3><a href=\"https:\/\/www.mission-21.org\/en\/team\/jacqueline-brunner\/\" title=\"Jacqueline Brunner\">Jacqueline Brunner<\/a><\/h3>\n<p>Responsible Church Partnerships<\/p>\n<p>Tel. 061 260 23 37<br><a href=\"mailto:jacqueline.brunner@mission-21.org\">\u25ba E-mail<\/a><\/p>","protected":false},"excerpt":{"rendered":"<p>Helfen Sie mit, die Lebensumst\u00e4nde von Menschen in extremer Armut zu verbessern? In der Provinz Kwango, die zur Demokratischen Republik Kongo geh\u00f6rt, unterst\u00fctzt Mission 21 den Aufbau nachhaltiger Landwirtschaft. Dies geschieht in Zusammenarbeit mit einer Kirche vor Ort, der Communaut\u00e9 Evang\u00e9lique du Kwango. Das Projekt bef\u00e4higt Frauen durch gezielte Schulungen zur Selbstversorgung. Wir bedanken uns [&hellip;]<\/p>\n","protected":false},"author":6,"featured_media":717,"parent":0,"menu_order":0,"comment_status":"closed","ping_status":"closed","template":"","meta":{"_acf_changed":false,"_seopress_robots_primary_cat":"","_seopress_titles_title":"","_seopress_titles_desc":"","_seopress_robots_index":"","_searchwp_excluded":"","site-sidebar-layout":"default","site-content-layout":"","ast-site-content-layout":"default","site-content-style":"default","site-sidebar-style":"default","ast-global-header-display":"","ast-banner-title-visibility":"","ast-main-header-display":"","ast-hfb-above-header-display":"","ast-hfb-below-header-display":"","ast-hfb-mobile-header-display":"","site-post-title":"","ast-breadcrumbs-content":"","ast-featured-img":"","footer-sml-layout":"","ast-disable-related-posts":"","theme-transparent-header-meta":"","adv-header-id-meta":"","stick-header-meta":"","header-above-stick-meta":"","header-main-stick-meta":"","header-below-stick-meta":"","astra-migrate-meta-layouts":"default","ast-page-background-enabled":"default","ast-page-background-meta":{"desktop":{"background-color":"var(--ast-global-color-4)","background-image":"","background-repeat":"repeat","background-position":"center center","background-size":"auto","background-attachment":"scroll","background-type":"","background-media":"","overlay-type":"","overlay-color":"","overlay-opacity":"","overlay-gradient":""},"tablet":{"background-color":"","background-image":"","background-repeat":"repeat","background-position":"center center","background-size":"auto","background-attachment":"scroll","background-type":"","background-media":"","overlay-type":"","overlay-color":"","overlay-opacity":"","overlay-gradient":""},"mobile":{"background-color":"","background-image":"","background-repeat":"repeat","background-position":"center center","background-size":"auto","background-attachment":"scroll","background-type":"","background-media":"","overlay-type":"","overlay-color":"","overlay-opacity":"","overlay-gradient":""}},"ast-content-background-meta":{"desktop":{"background-color":"var(--ast-global-color-5)","background-image":"","background-repeat":"repeat","background-position":"center center","background-size":"auto","background-attachment":"scroll","background-type":"","background-media":"","overlay-type":"","overlay-color":"","overlay-opacity":"","overlay-gradient":""},"tablet":{"background-color":"var(--ast-global-color-5)","background-image":"","background-repeat":"repeat","background-position":"center center","background-size":"auto","background-attachment":"scroll","background-type":"","background-media":"","overlay-type":"","overlay-color":"","overlay-opacity":"","overlay-gradient":""},"mobile":{"background-color":"var(--ast-global-color-5)","background-image":"","background-repeat":"repeat","background-position":"center center","background-size":"auto","background-attachment":"scroll","background-type":"","background-media":"","overlay-type":"","overlay-color":"","overlay-opacity":"","overlay-gradient":""}},"iawp_total_views":98,"footnotes":""},"hf_cat_page":[303],"class_list":["post-6151","page","type-page","status-publish","has-post-thumbnail"],"acf":[],"_links":{"self":[{"href":"https:\/\/www.mission-21.org\/en\/wp-json\/wp\/v2\/pages\/6151","targetHints":{"allow":["GET"]}}],"collection":[{"href":"https:\/\/www.mission-21.org\/en\/wp-json\/wp\/v2\/pages"}],"about":[{"href":"https:\/\/www.mission-21.org\/en\/wp-json\/wp\/v2\/types\/page"}],"author":[{"embeddable":true,"href":"https:\/\/www.mission-21.org\/en\/wp-json\/wp\/v2\/users\/6"}],"replies":[{"embeddable":true,"href":"https:\/\/www.mission-21.org\/en\/wp-json\/wp\/v2\/comments?post=6151"}],"version-history":[{"count":12,"href":"https:\/\/www.mission-21.org\/en\/wp-json\/wp\/v2\/pages\/6151\/revisions"}],"predecessor-version":[{"id":9809,"href":"https:\/\/www.mission-21.org\/en\/wp-json\/wp\/v2\/pages\/6151\/revisions\/9809"}],"wp:featuredmedia":[{"embeddable":true,"href":"https:\/\/www.mission-21.org\/en\/wp-json\/wp\/v2\/media\/717"}],"wp:attachment":[{"href":"https:\/\/www.mission-21.org\/en\/wp-json\/wp\/v2\/media?parent=6151"}],"wp:term":[{"taxonomy":"hf_cat_page","embeddable":true,"href":"https:\/\/www.mission-21.org\/en\/wp-json\/wp\/v2\/hf_cat_page?post=6151"}],"curies":[{"name":"wp","href":"https:\/\/api.w.org\/{rel}","templated":true}]}}