{"id":6893,"date":"2023-02-09T10:42:39","date_gmt":"2023-02-09T09:42:39","guid":{"rendered":"https:\/\/www.mission-21.org\/?page_id=6893"},"modified":"2024-04-19T08:46:29","modified_gmt":"2024-04-19T06:46:29","slug":"seasonal-calendar","status":"publish","type":"page","link":"https:\/\/www.mission-21.org\/en\/saisonkalender\/","title":{"rendered":"Seasonal calendar"},"content":{"rendered":"<img decoding=\"async\" src=\"https:\/\/www.mission-21.org\/wp-content\/uploads\/2022\/08\/csm_header_news_d521d70e38.jpeg\" alt=\"csm header news d521d70e38\" itemprop=\"image\" height=\"688\" width=\"1680\" title=\"csm_Header_News_d521d70e38\" onerror=\"this.style.display='none'\"  \/>\n\t\t\t<p>Order our seasonal calendar free of charge: <\/p><h1>Good for your health, good for the climate. <\/h1>\t\t\t\n\t\t\t\t<p>Our seasonal calendar helps you to buy seasonal and regional food. This way you can also make a valuable contribution to the climate and do something good for your health!<\/p>\n<p>Eating predominantly regional and seasonal food has many advantages for the climate and our health. Food from the current season and from your own region not only causes less CO2 emissions, but is often healthier and tastes better. Our seasonal calendar is designed to support and inspire you in your seasonal cooking at home.<\/p>\n<p><strong>Thank you very much for your solidarity and donation!<\/strong><\/p>\n\t\t\t\t<a href=\"https:\/\/www.mission-21.org\/wp-content\/uploads\/2023\/02\/saison.png\" target=\"_self\" itemprop=\"url\" rel=\"noopener\">\n\t\t\t\t<img decoding=\"async\" src=\"https:\/\/www.mission-21.org\/wp-content\/uploads\/2023\/02\/saison.png\" alt=\"season\" itemprop=\"image\" height=\"930\" width=\"665\" title=\"season\" onerror=\"this.style.display='none'\"  \/>\n\t\t\t\t<\/a>\n\t<p>You can download the seasonal calendar as a poster and print it on A3 or order it in our store as an atmospheric poster in A2 format (42 x 59.4 cm). Free of charge.<\/p>\n\t\t\t<a href=\"https:\/\/www.mission-21.org\/en\/shopping-cart\/?add-to-cart=7150&#038;quantity=1\" target=\"_self\" rel=\"noopener\">\n\t\t\t\t\t\t\t\u25ba Download poster (PDF)\n\t\t\t\t\t<\/a>\n\t\t\t<a href=\"https:\/\/www.mission-21.org\/en\/store\/product\/seasonal-calendar\/?attribute_format=Print\" target=\"_self\" rel=\"noopener\">\n\t\t\t\t\t\t\t\u25ba Order poster as print\n\t\t\t\t\t<\/a>\n\t\t\t<a href=\"https:\/\/www.mission-21.org\/en\/donate\/?rnw-purpose=p3\" target=\"_self\" rel=\"noopener\">\n\t\t\t\t\t\t\t\u25ba Thank you for your donation\n\t\t\t\t\t<\/a>\n\t<h3><strong>Our educational work in the global south<\/strong><\/h3>\n<p>We support farmers in Africa and Latin America with training in ecologically sustainable agriculture. This enables them to secure their livelihoods despite the consequences of climate change.<\/p>\n\t\t\t\t<img decoding=\"async\" src=\"https:\/\/www.mission-21.org\/wp-content\/uploads\/2024\/04\/mission_21_kampagne2024_keyvisual_1-1.jpg\" alt=\"mission 21 campaign2024 keyvisual 1 1\" itemprop=\"image\" height=\"1246\" width=\"1246\" title=\"Mission_21_Kampagne2024_Keyvisual_1-1\" onerror=\"this.style.display='none'\"  \/>\n\t\t\t<a href=\"https:\/\/www.mission-21.org\/en\/campaign-2024\/\" target=\"_self\" role=\"button\" aria-label=\"To the 2024 campaign\" rel=\"noopener\">\n\t\t\t\t\t\t\tTo the 2024 campaign\n\t\t<\/a>\n\t<p><strong>Support our current campaign \"Learning from each other, living sustainably\" with a donation or collection. Thank you very much!<\/strong><\/p>\n<p><a href=\"https:\/\/www.mission-21.org\/en\/what-we-do\/projects-and-partners\/?_themen=ernaehrungssouveraenitaet\">\u25ba Learn more about our current projects on food sovereignty here.<\/a><\/p>\n\t<h3><strong>Order our newsletter now<\/strong><\/h3>","protected":false},"excerpt":{"rendered":"<p>Bestellen Sie gratis unseren Saisonkalender: Gut f\u00fcr Ihre Gesundheit, gut f\u00fcrs Klima. Unser Saisonkalender unterst\u00fctzt Sie beim Einkauf von saisonalen und regionalen Lebensmitteln. So k\u00f6nnen auch Sie einen wertvollen Beitrag f\u00fcrs Klima leisten und tun ihrer Gesundheit etwas Gutes! Sich \u00fcberwiegend regional und saisonal zu ern\u00e4hren, hat viele Vorteile f\u00fcrs Klima und unsere Gesundheit. Lebensmittel [&hellip;]<\/p>\n","protected":false},"author":6,"featured_media":7131,"parent":0,"menu_order":0,"comment_status":"closed","ping_status":"closed","template":"","meta":{"_acf_changed":false,"_seopress_robots_primary_cat":"","_seopress_titles_title":"","_seopress_titles_desc":"","_seopress_robots_index":"yes","_searchwp_excluded":"1","site-sidebar-layout":"default","site-content-layout":"","ast-site-content-layout":"default","site-content-style":"default","site-sidebar-style":"default","ast-global-header-display":"","ast-banner-title-visibility":"","ast-main-header-display":"","ast-hfb-above-header-display":"","ast-hfb-below-header-display":"","ast-hfb-mobile-header-display":"","site-post-title":"","ast-breadcrumbs-content":"","ast-featured-img":"","footer-sml-layout":"","ast-disable-related-posts":"","theme-transparent-header-meta":"","adv-header-id-meta":"","stick-header-meta":"","header-above-stick-meta":"","header-main-stick-meta":"","header-below-stick-meta":"","astra-migrate-meta-layouts":"set","ast-page-background-enabled":"default","ast-page-background-meta":{"desktop":{"background-color":"var(--ast-global-color-4)","background-image":"","background-repeat":"repeat","background-position":"center center","background-size":"auto","background-attachment":"scroll","background-type":"","background-media":"","overlay-type":"","overlay-color":"","overlay-opacity":"","overlay-gradient":""},"tablet":{"background-color":"","background-image":"","background-repeat":"repeat","background-position":"center center","background-size":"auto","background-attachment":"scroll","background-type":"","background-media":"","overlay-type":"","overlay-color":"","overlay-opacity":"","overlay-gradient":""},"mobile":{"background-color":"","background-image":"","background-repeat":"repeat","background-position":"center center","background-size":"auto","background-attachment":"scroll","background-type":"","background-media":"","overlay-type":"","overlay-color":"","overlay-opacity":"","overlay-gradient":""}},"ast-content-background-meta":{"desktop":{"background-color":"var(--ast-global-color-5)","background-image":"","background-repeat":"repeat","background-position":"center center","background-size":"auto","background-attachment":"scroll","background-type":"","background-media":"","overlay-type":"","overlay-color":"","overlay-opacity":"","overlay-gradient":""},"tablet":{"background-color":"var(--ast-global-color-5)","background-image":"","background-repeat":"repeat","background-position":"center center","background-size":"auto","background-attachment":"scroll","background-type":"","background-media":"","overlay-type":"","overlay-color":"","overlay-opacity":"","overlay-gradient":""},"mobile":{"background-color":"var(--ast-global-color-5)","background-image":"","background-repeat":"repeat","background-position":"center center","background-size":"auto","background-attachment":"scroll","background-type":"","background-media":"","overlay-type":"","overlay-color":"","overlay-opacity":"","overlay-gradient":""}},"iawp_total_views":616,"footnotes":""},"hf_cat_page":[],"class_list":["post-6893","page","type-page","status-publish","has-post-thumbnail"],"acf":[],"_links":{"self":[{"href":"https:\/\/www.mission-21.org\/en\/wp-json\/wp\/v2\/pages\/6893","targetHints":{"allow":["GET"]}}],"collection":[{"href":"https:\/\/www.mission-21.org\/en\/wp-json\/wp\/v2\/pages"}],"about":[{"href":"https:\/\/www.mission-21.org\/en\/wp-json\/wp\/v2\/types\/page"}],"author":[{"embeddable":true,"href":"https:\/\/www.mission-21.org\/en\/wp-json\/wp\/v2\/users\/6"}],"replies":[{"embeddable":true,"href":"https:\/\/www.mission-21.org\/en\/wp-json\/wp\/v2\/comments?post=6893"}],"version-history":[{"count":11,"href":"https:\/\/www.mission-21.org\/en\/wp-json\/wp\/v2\/pages\/6893\/revisions"}],"predecessor-version":[{"id":12643,"href":"https:\/\/www.mission-21.org\/en\/wp-json\/wp\/v2\/pages\/6893\/revisions\/12643"}],"wp:featuredmedia":[{"embeddable":true,"href":"https:\/\/www.mission-21.org\/en\/wp-json\/wp\/v2\/media\/7131"}],"wp:attachment":[{"href":"https:\/\/www.mission-21.org\/en\/wp-json\/wp\/v2\/media?parent=6893"}],"wp:term":[{"taxonomy":"hf_cat_page","embeddable":true,"href":"https:\/\/www.mission-21.org\/en\/wp-json\/wp\/v2\/hf_cat_page?post=6893"}],"curies":[{"name":"wp","href":"https:\/\/api.w.org\/{rel}","templated":true}]}}