{"id":9789,"date":"2023-08-03T11:16:27","date_gmt":"2023-08-03T09:16:27","guid":{"rendered":"https:\/\/www.mission-21.org\/?page_id=9789"},"modified":"2023-08-07T13:58:52","modified_gmt":"2023-08-07T11:58:52","slug":"non-violent-life-for-women-and-children","status":"publish","type":"page","link":"https:\/\/www.mission-21.org\/en\/gewaltfreies-leben-fuer-frauen-und-kinder\/","title":{"rendered":"Nonviolent life for women and children"},"content":{"rendered":"<h1>\n\t\tNo violence against women and children!\n\t<\/h1>\n\t<p>The women in Maria's family have repeatedly been the target of sexual violence by men. The perpetrators do not even stop at children. Maria's husband and the police abandoned her. In rural Bolivia, her story is no exception.<\/p>\n<p>Our partner organization Fundaci\u00f3n Machaqa Amawta (FMA) offers protection and accompaniment. With prevention work, children and adolescents are to be protected from assault and the spiral of violence is to be broken.<\/p>\n\t<strong>Join us in protecting these women and children from assault.<br \/>\n<\/strong><strong>We thank you very much for your donation.<\/strong>\n\t\t\t<a href=\"#Spenden\" target=\"_self\" role=\"button\" rel=\"noopener\">\n\t\t\t\t\t\t\tDonate now\n\t\t\t\t\t<\/a>\n\t\t\t<a href=\"https:\/\/www.mission-21.org\/en\/in-marias-family-communicate-men-with-violence\/\" target=\"_self\" role=\"button\" rel=\"noopener\">\n\t\t\t\t\t\t\tMore about Mary's story\n\t\t\t\t\t<\/a>\n\t\t\t<a href=\"https:\/\/www.mission-21.org\/en\/projects\/overcoming-violence-allowing-self-determination\/\" target=\"_self\" role=\"button\" rel=\"noopener\">\n\t\t\t\t\t\t\tMore about the project\n\t\t\t\t\t<\/a>\n<h2>\n\t\tThank you very much for your donation!\n\t<\/h2>\n\t\t\t\t<img decoding=\"async\" src=\"https:\/\/www.mission-21.org\/wp-content\/uploads\/2022\/10\/qr-rechnung.jpg\" alt=\"qr invoice\" title=\"QR Invoice\" itemprop=\"image\"\/>\n\t\t\t<h3>Donate in a fee saving way<\/h3>\t\t\t\n\t\t\t\t<p>A bank transfer reduces transaction costs. Thus, their donation is particularly effective. Download the invoice, use the bank details or the QR code. Thank you very much!<\/p>\n\t\t\t<a href=\"https:\/\/www.mission-21.org\/en\/download\/payment-slip\/\" target=\"_self\" role=\"button\" aria-label=\"Payment slip (PDF)\" rel=\"noopener\">\n\t\t\t\t\t\t\tPayment slip (PDF)\n\t\t<\/a>\n\t<strong>Donation account Switzerland:<\/strong><br \/>\nIBAN: CH58 0900 0000 4072 6233 2<br \/>\nTax exemption number:<br \/>\nCHE-105.706.527\n\t<strong>Donation account Germany:<\/strong><br \/>\nSavings Bank L\u00f6rrach-Rheinfelden<br \/>\nSwift BIC: SKLODE66<br \/>\nBLZ: 683 500 48<br \/>\nIBAN: DE39 6835 0048 0001 0323 33<br \/>\nAccount No. : 1032333","protected":false},"excerpt":{"rendered":"<p>Keine Gewalt an Frauen und Kindern! Die Frauen in Marias Familie wurden wiederholt zum Ziel von sexueller Gewalt von M\u00e4nnern. Die T\u00e4ter machen auch vor Kindern nicht halt. Marias Ehemann und die Polizei liessen sie im Stich. Im l\u00e4ndlichen Bolivien ist ihre Geschichte keine Ausnahme. Unsere Partnerorganisation Fundaci\u00f3n Machaqa Amawta (FMA) bietet Schutz und Begleitung. [&hellip;]<\/p>\n","protected":false},"author":6,"featured_media":0,"parent":0,"menu_order":0,"comment_status":"closed","ping_status":"closed","template":"","meta":{"_acf_changed":false,"_seopress_robots_primary_cat":"","_seopress_titles_title":"","_seopress_titles_desc":"","_seopress_robots_index":"","_searchwp_excluded":"","site-sidebar-layout":"default","site-content-layout":"","ast-site-content-layout":"default","site-content-style":"default","site-sidebar-style":"default","ast-global-header-display":"","ast-banner-title-visibility":"","ast-main-header-display":"","ast-hfb-above-header-display":"","ast-hfb-below-header-display":"","ast-hfb-mobile-header-display":"","site-post-title":"","ast-breadcrumbs-content":"","ast-featured-img":"","footer-sml-layout":"","ast-disable-related-posts":"","theme-transparent-header-meta":"","adv-header-id-meta":"","stick-header-meta":"","header-above-stick-meta":"","header-main-stick-meta":"","header-below-stick-meta":"","astra-migrate-meta-layouts":"default","ast-page-background-enabled":"default","ast-page-background-meta":{"desktop":{"background-color":"var(--ast-global-color-4)","background-image":"","background-repeat":"repeat","background-position":"center center","background-size":"auto","background-attachment":"scroll","background-type":"","background-media":"","overlay-type":"","overlay-color":"","overlay-opacity":"","overlay-gradient":""},"tablet":{"background-color":"","background-image":"","background-repeat":"repeat","background-position":"center center","background-size":"auto","background-attachment":"scroll","background-type":"","background-media":"","overlay-type":"","overlay-color":"","overlay-opacity":"","overlay-gradient":""},"mobile":{"background-color":"","background-image":"","background-repeat":"repeat","background-position":"center center","background-size":"auto","background-attachment":"scroll","background-type":"","background-media":"","overlay-type":"","overlay-color":"","overlay-opacity":"","overlay-gradient":""}},"ast-content-background-meta":{"desktop":{"background-color":"var(--ast-global-color-5)","background-image":"","background-repeat":"repeat","background-position":"center center","background-size":"auto","background-attachment":"scroll","background-type":"","background-media":"","overlay-type":"","overlay-color":"","overlay-opacity":"","overlay-gradient":""},"tablet":{"background-color":"var(--ast-global-color-5)","background-image":"","background-repeat":"repeat","background-position":"center center","background-size":"auto","background-attachment":"scroll","background-type":"","background-media":"","overlay-type":"","overlay-color":"","overlay-opacity":"","overlay-gradient":""},"mobile":{"background-color":"var(--ast-global-color-5)","background-image":"","background-repeat":"repeat","background-position":"center center","background-size":"auto","background-attachment":"scroll","background-type":"","background-media":"","overlay-type":"","overlay-color":"","overlay-opacity":"","overlay-gradient":""}},"iawp_total_views":21,"footnotes":""},"hf_cat_page":[],"class_list":["post-9789","page","type-page","status-publish"],"acf":[],"_links":{"self":[{"href":"https:\/\/www.mission-21.org\/en\/wp-json\/wp\/v2\/pages\/9789","targetHints":{"allow":["GET"]}}],"collection":[{"href":"https:\/\/www.mission-21.org\/en\/wp-json\/wp\/v2\/pages"}],"about":[{"href":"https:\/\/www.mission-21.org\/en\/wp-json\/wp\/v2\/types\/page"}],"author":[{"embeddable":true,"href":"https:\/\/www.mission-21.org\/en\/wp-json\/wp\/v2\/users\/6"}],"replies":[{"embeddable":true,"href":"https:\/\/www.mission-21.org\/en\/wp-json\/wp\/v2\/comments?post=9789"}],"version-history":[{"count":11,"href":"https:\/\/www.mission-21.org\/en\/wp-json\/wp\/v2\/pages\/9789\/revisions"}],"predecessor-version":[{"id":9827,"href":"https:\/\/www.mission-21.org\/en\/wp-json\/wp\/v2\/pages\/9789\/revisions\/9827"}],"wp:attachment":[{"href":"https:\/\/www.mission-21.org\/en\/wp-json\/wp\/v2\/media?parent=9789"}],"wp:term":[{"taxonomy":"hf_cat_page","embeddable":true,"href":"https:\/\/www.mission-21.org\/en\/wp-json\/wp\/v2\/hf_cat_page?post=9789"}],"curies":[{"name":"wp","href":"https:\/\/api.w.org\/{rel}","templated":true}]}}