{"id":10366,"date":"2023-09-05T12:06:15","date_gmt":"2023-09-05T10:06:15","guid":{"rendered":"https:\/\/www.mission-21.org\/?page_id=10366"},"modified":"2024-04-11T09:04:51","modified_gmt":"2024-04-11T07:04:51","slug":"la-souverainete-alimentaire-au-nigeria","status":"publish","type":"page","link":"https:\/\/www.mission-21.org\/es\/ernahrungssouveranitat-in-nigeria-23\/","title":{"rendered":"\"La educaci\u00f3n decide lo que cosecharemos en el futuro\"."},"content":{"rendered":"<h1>La educaci\u00f3n determina lo que cosecharemos en el futuro.<\/h1>\n<h1>Gracias por su donaci\u00f3n.<\/h1>\n\t<p>Nigeria es, con diferencia, el pa\u00eds m\u00e1s poblado de \u00c1frica. Alrededor de 225 millones de personas viven en este estado de \u00c1frica Occidental y la poblaci\u00f3n no deja de aumentar. La pobreza es elevada y la agricultura nigeriana est\u00e1 bajo presi\u00f3n, tambi\u00e9n a causa del cambio clim\u00e1tico. Con nuestra campa\u00f1a 2023 mostramos lo importante que es la educaci\u00f3n para un desarrollo ecol\u00f3gicamente sostenible, en Nigeria y tambi\u00e9n en Suiza.<\/p>\n\t<p><strong>Ap\u00f3yenos para que nuestros socios en Nigeria puedan formar a a\u00fan m\u00e1s agricultores.<\/strong><\/p>\n<p><strong>S\u00ed, dono...<\/strong><\/p>\n\t\t\t<a href=\"https:\/\/www.mission-21.org\/es\/donaciones-campana-2023\/?rnw-amount=20\" target=\"_self\" role=\"button\" rel=\"noopener\">\n\t\t\t\t\t\t\t20 FRANCOS SUIZOS\n\t\t\t\t\t<\/a>\n\t\t\t<a href=\"https:\/\/www.mission-21.org\/es\/donaciones-campana-2023\/?rnw-amount=50\" target=\"_self\" role=\"button\" rel=\"noopener\">\n\t\t\t\t\t\t\t50 FRANCOS SUIZOS\n\t\t\t\t\t<\/a>\n\t\t\t<a href=\"https:\/\/www.mission-21.org\/es\/donaciones-campana-2023\/?rnw-amount=100\" target=\"_self\" role=\"button\" rel=\"noopener\">\n\t\t\t\t\t\t\t100 FRANCOS SUIZOS\n\t\t\t\t\t<\/a>\n\t\t\t<a href=\"https:\/\/www.mission-21.org\/es\/donaciones-campana-2023\/\" target=\"_self\" role=\"button\" rel=\"noopener\">\n\t\t\t\t\t\t\tCHF ...\n\t\t\t\t\t<\/a>\n\t<em>\"Si pudiera alimentar a mi familia cultivando, ya no tendr\u00eda que preocuparme\".<\/em><br \/>\n<em>Ladi Zachariah, agricultor de Nigeria<\/em>\n<p>Ladi Zachariah vive con sus hijos en el noreste de Nigeria. Cultiva alubias, cacahuetes y ma\u00edz para alimentar a la familia. Pero las cosechas son escasas y Ladi afirma: \"No tenemos suficiente para comer\". El suelo es cada vez menos f\u00e9rtil y, debido al cambio clim\u00e1tico, las sequ\u00edas y las inundaciones son m\u00e1s frecuentes.<\/p>\n<p>Aunque Ladi lleva trabajando en el campo desde su juventud, los conocimientos que le han transmitido no son lo suficientemente \u00fatiles. Por eso, las ofertas educativas de nuestros socios locales son importantes para ella. Dice: \"He aprendido mucho y se lo transmitir\u00e9 a otros\".<\/p>\n<p><strong>Nuestra pel\u00edcula muestra el entorno en el que vive y trabaja Ladi y la importancia que tiene para ella la educaci\u00f3n. <\/strong><\/p>\n<h3>\n\t\tLa situaci\u00f3n en Nigeria es precaria\n\t<\/h3>\n\t\t\t <p>Debido al r\u00e1pido crecimiento de la poblaci\u00f3n, la <strong>disminuye la superficie agr\u00edcola disponible per c\u00e1pita<\/strong>.<\/p>\t\t\n\t\t\t <p>Acerca de <strong>40 % de la poblaci\u00f3n vive por debajo del umbral de pobreza<\/strong> y est\u00e1 en <strong>Autosuficiencia<\/strong>.<\/p>\t\t\n\t\t\t <p>El cultivo generalizado con <strong>los abonos sint\u00e9ticos agotan el suelo<\/strong> y reduce su fertilidad.<\/p>\t\t\n\t\t\t <p>La situaci\u00f3n es especialmente dif\u00edcil en el noreste del pa\u00eds, donde <strong>el cambio clim\u00e1tico afecta a las cosechas y los fen\u00f3menos meteorol\u00f3gicos extremos son cada vez m\u00e1s frecuentes<\/strong>.<\/p>\t\t\n\t\t\t <p><strong>Deforestaci\u00f3n, erosi\u00f3n y contaminaci\u00f3n por residuos y aguas subterr\u00e1neas contaminadas<\/strong> reducir a\u00fan m\u00e1s la calidad del suelo.<\/p>\t\t\n<h3>\n\t\tQu\u00e9 hacen Mission 21 y sus socios\n\t<\/h3>\n\t\t\t <p>Nuestras organizaciones colaboradoras <strong>formar a agricultores y agricultoras del noreste<\/strong> en agricultura sostenible, cultivos mixtos y m\u00e9todos de control de plagas respetuosos con el medio ambiente.<\/p>\t\t\n\t\t\t <p>Nuestra organizaci\u00f3n asociada promueve <strong>Estufas energ\u00e9ticamente eficientes con instrucciones pr\u00e1cticas de construcci\u00f3n y recursos financieros<\/strong>.<\/p>\t\t\n\t\t\t <p>Sensibilizaci\u00f3n para <strong>plantaci\u00f3n de \u00e1rboles<\/strong><\/p>\t\t\n\t\t\t <p>Misi\u00f3n 21 promueve en Suiza <strong>con actos educativos e ideas para la acci\u00f3n<\/strong> un estilo de vida respetuoso con el medio ambiente y eficiente en el uso de los recursos.<\/p>\t\t\n\t\t\t<a href=\"https:\/\/www.mission-21.org\/es\/proyectos\/educacion-para-el-desarrollo-ecologico-sostenible-en-nigeria\/\" target=\"_blank\" role=\"button\" rel=\"noopener\">\n\t\t\t\t\t\t\t\u25ba Sobre el proyecto\n\t\t\t\t\t<\/a>\n\t\t\t<h5>Educaci\u00f3n y soberan\u00eda alimentaria en Nigeria<\/h5><h3>Lo conseguimos en 2022 gracias a nuestro proyecto en Nigeria:<\/h3>\t\t\t\n\t\t\t\t<img decoding=\"async\" src=\"https:\/\/www.mission-21.org\/wp-content\/uploads\/2023\/03\/schaufel.png\" alt=\"pala\" title=\"Scoop\" itemprop=\"image\"\/>\n\t\t<p>120<\/p>\t\t\t\n\t\t\t\t<p>Formaci\u00f3n de agricultores en cultivos agroecol\u00f3gicos<\/p>\n\t\t\t\t<img decoding=\"async\" src=\"https:\/\/www.mission-21.org\/wp-content\/uploads\/2023\/03\/block.png\" alt=\"bloque\" title=\"Bloque\" itemprop=\"image\"\/>\n\t\t<p>130<\/p>\t\t\t\n\t\t\t\t<p>Agricultores formados en la<br \/>\"D\u00eda del agricultor<\/p>\n\t\t\t\t<img decoding=\"async\" src=\"https:\/\/www.mission-21.org\/wp-content\/uploads\/2023\/03\/pflanze.png\" alt=\"planta\" title=\"Planta\" itemprop=\"image\"\/>\n\t\t<p>150<\/p>\t\t\t\n\t\t\t\t<p>Sensibilizaci\u00f3n de los agricultores <br \/>para plantar \u00e1rboles<\/p>\n\t\t\t\t<img decoding=\"async\" src=\"https:\/\/www.mission-21.org\/wp-content\/uploads\/2023\/03\/feuer.png\" alt=\"fuego\" title=\"Fuego\" itemprop=\"image\"\/>\n\t\t<p>142<\/p>\t\t\t\n\t\t\t\t<p>Los habitantes de cinco aldeas aprendieron a construir cocinas de bajo consumo.<\/p>\n\t\t<h2>Ap\u00f3yenos con un donativo o la compra de nuestras tarjetas navide\u00f1as<\/h2>\t\t\t\n<h3>\n\t\tTarjetas de Navidad\n\t<\/h3>\n\t<p>Pida nuestras originales tarjetas navide\u00f1as con ilustraciones de comidas regionales de Nigeria y Suiza.<\/p>\n<p>Con su compra, apoya nuestros proyectos educativos en Nigeria y Suiza para un desarrollo ecol\u00f3gicamente sostenible.<\/p>\n\t\t\t<a href=\"https:\/\/www.mission-21.org\/es\/tienda\/producto\/campana-christmas-cards-from-southeast-asia\/\" target=\"_self\" role=\"button\" rel=\"noopener\">\n\t\t\t\t\t\t\t\u25ba Pida ahora\n\t\t\t\t\t<\/a>\n<h3>\n\t\tCalendario estacional - para nuestro clima\n\t<\/h3>\n\t<p>El calendario estacional nos ayuda a comprar seg\u00fan la estaci\u00f3n y la regi\u00f3n. De este modo, todos podemos contribuir a nuestra salud y al clima.<\/p>\n<p>Disponible gratuitamente en nuestra tienda.<\/p>\n\t\t\t<a href=\"https:\/\/www.mission-21.org\/es\/carro\/?add-to-cart=7111&#038;quantity=1\" target=\"_self\" role=\"button\" rel=\"noopener\">\n\t\t\t\t\t\t\t\u25ba Pida ahora\n\t\t\t\t\t<\/a>\n\t\t\t<a href=\"https:\/\/www.mission-21.org\/es\/calendario-estacional\/\" target=\"_self\" role=\"button\" rel=\"noopener\">\n\t\t\t\t\t\t\t\u25ba M\u00e1s informaci\u00f3n sobre el calendario estacional\n\t\t\t\t\t<\/a>\n\t\t<h2>Eventos<\/h2>\t\t\t\n\t\t\t<h3>Educaci\u00f3n para disfrutar: Artes del mundo con m\u00fasica y poes\u00eda<\/h3>\t\t\t\n\t<p><strong>Tambi\u00e9n se puede reservar en su parroquia.<\/strong><\/p>\n<p>\"Artes del mundo\" es un viaje po\u00e9tico-musical de una hora de duraci\u00f3n alrededor del mundo.<\/p>\nEl d\u00fao Rebecca Hagmann y Priska Stampfli se inspira en melod\u00edas y canciones de todos los continentes. Nos llevan alrededor del mundo con violonchelo y acorde\u00f3n. Poemas de otras culturas abren una nueva comprensi\u00f3n y diferentes enfoques de un mundo lleno de<br \/>\ndiferencias fascinantes. Adem\u00e1s de poes\u00eda de jard\u00edn sobre el crecimiento y el devenir: en la naturaleza, en la creaci\u00f3n, en la vida.\n\t\t\t\t<img decoding=\"async\" src=\"https:\/\/www.mission-21.org\/wp-content\/uploads\/2023\/07\/duo-rebecca-priska-900x675.jpg\" alt=\"d\u00fao rebecca priska\" itemprop=\"image\" height=\"675\" width=\"900\" title=\"duo-rebecca-priska\" onerror=\"this.style.display='none'\"  \/>\n\t<p><strong>Domingo 17 de septiembre de 2023, de 17.00 a 18.00 horas<\/strong><\/p>\n<h3>Artes del mundo<\/h3>\n<p>en el pabell\u00f3n ajardinado de Mission 21 en Basilea. A continuaci\u00f3n, aperitivos, bebidas y paseo por el jard\u00edn. Entrada gratuita, recaudaci\u00f3n para Mission 21.<\/p>\n<p><a href=\"https:\/\/www.mission-21.org\/es\/evento\/artes-del-mundo\/\">\u25ba Al registro<\/a><\/p>\n\t\t\t\t<img decoding=\"async\" src=\"https:\/\/www.mission-21.org\/wp-content\/uploads\/2023\/08\/zeichenflaeche-1.png\" alt=\"\u00e1rea de dibujo 1\" itemprop=\"image\" height=\"1597\" width=\"1910\" title=\"Superficie de dibujo 1\" onerror=\"this.style.display='none'\"  \/>\n\t\t\t\t<img decoding=\"async\" src=\"https:\/\/www.mission-21.org\/wp-content\/plugins\/bb-plugin\/img\/pixel.png\" alt=\"\" itemprop=\"image\" onerror=\"this.style.display='none'\"  \/>\n<h2>\n\t\tD\u00eda del Futuro en Mission 21\n\t<\/h2>\n\t<p>\u00bfA usted tambi\u00e9n le gustar\u00eda trabajar por un mundo m\u00e1s justo? <strong>A continuaci\u00f3n, \u00fanase a la Misi\u00f3n 21 para el D\u00eda del Futuro el 9 de noviembre de 2023.<\/strong> en la Misi\u00f3n 21. Conocer\u00e1s la cooperaci\u00f3n internacional al desarrollo, los contextos globales y las distintas profesiones en una organizaci\u00f3n sin \u00e1nimo de lucro.<\/p>\n<p><a href=\"https:\/\/www.mission-21.org\/es\/participar\/nuestro-futuro-construyendo-nos-juntos\/\">\u25ba \u00a1Inscr\u00edbete ya!<\/a><\/p>\n\t\t<h2>Nuestros gestores de proyectos<\/h2>\t\t\t\n\t\t\t\t<img decoding=\"async\" src=\"https:\/\/www.mission-21.org\/wp-content\/uploads\/2023\/03\/yakubu-joseph.png\" alt=\"yakubu joseph\" itemprop=\"image\" height=\"216\" width=\"216\" title=\"Yakubu-Joseph\" onerror=\"this.style.display='none'\"  \/>\n\t<strong>Yakubu Joseph<br \/>\n<\/strong>Coordinador Nigeria<strong><br \/>\n<\/strong>\n<p><em>\"El problema de la inseguridad alimentaria requiere adaptaci\u00f3n. Las pr\u00e1cticas agr\u00edcolas deben adaptarse a los problemas del cambio clim\u00e1tico. Se utilizar\u00e1n tecnolog\u00edas apropiadas que puedan satisfacer las necesidades de la poblaci\u00f3n en funci\u00f3n de los recursos disponibles.\"<\/em><\/p>\n\t\t\t\t\t<a href=\"#\" id=\"fl-accordion--label-0\" tabindex=\"0\" aria-controls=\"fl-accordion--panel-0\">M\u00e1s informaci\u00f3n sobre Yakubu Joseph<\/a>\n\t\t\t\t\t<p>Desde octubre de 2015, el Dr. Yakubu Joseph trabaja como coordinador de Mission 21 en Nigeria. Es doctor en Geograf\u00eda y fue ayudante de investigaci\u00f3n en el Departamento de Geograf\u00eda de la Universidad de Tubinga. Tambi\u00e9n tiene un m\u00e1ster en Estudios Internacionales sobre la Paz y un m\u00e1ster en Sociolog\u00eda. Yakubu Joseph acompa\u00f1a a las organizaciones asociadas, es responsable de la garant\u00eda de calidad sobre el terreno y asesora a las organizaciones asociadas en \u00c1frica en el \u00e1mbito de la consolidaci\u00f3n de la paz y la seguridad alimentaria.<\/p>\n\t\t\t\t<img decoding=\"async\" src=\"https:\/\/www.mission-21.org\/wp-content\/uploads\/2023\/03\/janet-kefas.png\" alt=\"janet kefas\" itemprop=\"image\" height=\"216\" width=\"216\" title=\"Janet-Kefas\" onerror=\"this.style.display='none'\"  \/>\n\t<strong>Janet Kefas<br \/>\n<\/strong>Cient\u00edfico agr\u00edcola y participante en el Programa Embajada de la Juventud de Mission 21\n<p><em>\"Los agricultores carecen a menudo de los medios necesarios para gestionar sus empresas. Hay que facilitar el acceso al capital. Adem\u00e1s, deber\u00edan crearse m\u00e1s puestos de trabajo para los estudiantes de agricultura.<\/em><\/p>\n\t\t\t\t\t<a href=\"#\" id=\"fl-accordion--label-0\" tabindex=\"0\" aria-controls=\"fl-accordion--panel-0\">M\u00e1s informaci\u00f3n sobre Janet Kefas<\/a>\n\t\t\t\t\tJanet Kefas, de Mubi, estado de Adamawa (Nigeria), es una joven cient\u00edfica agr\u00edcola. Se licenci\u00f3 en 2023, pero paralelamente a su teor\u00eda escolar, ya estaba adquiriendo experiencia pr\u00e1ctica en agricultura. Escribi\u00f3 su tesis de licenciatura sobre la importancia econ\u00f3mica de la producci\u00f3n de arroz de regad\u00edo en Nigeria. Janet<br \/>\nKefas particip\u00f3 en el programa de embajadas juveniles internacionales de la fase 2019-2022 de Misi\u00f3n 21.\n\t\t\t\t<img decoding=\"async\" src=\"https:\/\/www.mission-21.org\/wp-content\/uploads\/2022\/09\/mg_8618.jpg\" alt=\" mg 8618\" itemprop=\"image\" height=\"800\" width=\"800\" title=\"NO.\" onerror=\"this.style.display='none'\"  \/>\n\t<strong>Carola Jaeckel<br \/>\n<\/strong>Oficial de programas de Nigeria<br \/>\nMission 21\n\t\t\t\t<img decoding=\"async\" src=\"https:\/\/www.mission-21.org\/wp-content\/uploads\/2023\/03\/100-jahre-eyn-kirsch-billi-e1679342169165.jpg\" alt=\"100 a\u00f1os de EYN: Jochen Kirsch y Joel Billi en Abuja. Foto Yakubu Joseph\" itemprop=\"image\" height=\"903\" width=\"1205\" title=\"100 a\u00f1os de EYN-Kirsch-Billi\" onerror=\"this.style.display='none'\"  \/>\n\t\t\t<h5>Actual<\/h5><h3>100 a\u00f1os de EYN: grandes celebraciones de aniversario en Nigeria<\/h3>\t\t\t\n\t\t\t\t<p>La Iglesia de los Hermanos en Nigeria (<a href=\"https:\/\/www.mission-21.org\/es\/socio\/eyn-iglesia-de-los-hermanos\/\">EYN<\/a>) es una importante organizaci\u00f3n colaboradora de Mission 21. Juntos trabajamos por la consolidaci\u00f3n de la paz, la educaci\u00f3n y la soberan\u00eda alimentaria. Con motivo del centenario de la EYN, Jochen Kirsch, Director de Mission 21, viaj\u00f3 a Abuja para celebrarlo junto con los dirigentes eclesi\u00e1sticos y la poblaci\u00f3n y llevarles los saludos de nuestra red mundial.<\/p>\n<p><a href=\"https:\/\/www.mission-21.org\/es\/celebraciones-del-centenario-en-nigeria\/\">\u25ba Leer el post<\/a><\/p>\n\t\t\t\t<img decoding=\"async\" src=\"https:\/\/www.mission-21.org\/wp-content\/uploads\/2023\/04\/birsmattehof_web-54.jpg\" alt=\"El equipo del BIrsmattehof en Therwil, Baselland. Nicole Tanner es la tercera por la izquierda.\" itemprop=\"image\" height=\"1188\" width=\"1583\" title=\"Birsmattehof_web-54\" onerror=\"this.style.display='none'\"  \/>\n\t\t\t<h5>Entrevista<\/h5><h3>Cuando de repente la felicidad est\u00e1 tan cerca<\/h3>\t\t\t\n\t\t\t\t<p>\u00bfC\u00f3mo podemos contribuir nosotros mismos a un sistema alimentario m\u00e1s sostenible? Entrevistamos a la agricultora Nicole Tanner, de Birsmattehof, una granja ecol\u00f3gica de Therwil, cerca de Basilea, sobre estas cuestiones. En Birsmattehof se cultivan hortalizas siguiendo las directrices de Bio Suisse desde 1981. Estacionales y variadas.<\/p>\n<p><a href=\"https:\/\/www.mission-21.org\/es\/cuando-la-suerte-de-subito-esta-tan-cerca\/\">\u25ba Leer entrevista<\/a><\/p>","protected":false},"excerpt":{"rendered":"<p>Bildung entscheidet, was wir in Zukunft ernten. Danke f\u00fcr Ihre Spende! Nigeria ist mit Abstand das bev\u00f6lkerungsreichste Land Afrikas. Rund 225 Millionen Menschen leben in dem westafrikanischen Bundesstaat und die Bev\u00f6lkerung nimmt stetig zu. Die Armut ist gross und die Landwirtschaft Nigerias ist unter Druck, auch wegen des Klimawandels. Wir zeigen auf, wie wichtig Bildung [&hellip;]<\/p>\n","protected":false},"author":14,"featured_media":8442,"parent":0,"menu_order":0,"comment_status":"closed","ping_status":"closed","template":"","meta":{"_acf_changed":false,"_seopress_robots_primary_cat":"","_seopress_titles_title":"","_seopress_titles_desc":"","_seopress_robots_index":"yes","_searchwp_excluded":"","site-sidebar-layout":"default","site-content-layout":"","ast-site-content-layout":"default","site-content-style":"default","site-sidebar-style":"default","ast-global-header-display":"","ast-banner-title-visibility":"","ast-main-header-display":"","ast-hfb-above-header-display":"","ast-hfb-below-header-display":"","ast-hfb-mobile-header-display":"","site-post-title":"","ast-breadcrumbs-content":"","ast-featured-img":"","footer-sml-layout":"","ast-disable-related-posts":"","theme-transparent-header-meta":"","adv-header-id-meta":"","stick-header-meta":"","header-above-stick-meta":"","header-main-stick-meta":"","header-below-stick-meta":"","astra-migrate-meta-layouts":"set","ast-page-background-enabled":"default","ast-page-background-meta":{"desktop":{"background-color":"var(--ast-global-color-4)","background-image":"","background-repeat":"repeat","background-position":"center center","background-size":"auto","background-attachment":"scroll","background-type":"","background-media":"","overlay-type":"","overlay-color":"","overlay-opacity":"","overlay-gradient":""},"tablet":{"background-color":"","background-image":"","background-repeat":"repeat","background-position":"center center","background-size":"auto","background-attachment":"scroll","background-type":"","background-media":"","overlay-type":"","overlay-color":"","overlay-opacity":"","overlay-gradient":""},"mobile":{"background-color":"","background-image":"","background-repeat":"repeat","background-position":"center center","background-size":"auto","background-attachment":"scroll","background-type":"","background-media":"","overlay-type":"","overlay-color":"","overlay-opacity":"","overlay-gradient":""}},"ast-content-background-meta":{"desktop":{"background-color":"var(--ast-global-color-5)","background-image":"","background-repeat":"repeat","background-position":"center center","background-size":"auto","background-attachment":"scroll","background-type":"","background-media":"","overlay-type":"","overlay-color":"","overlay-opacity":"","overlay-gradient":""},"tablet":{"background-color":"var(--ast-global-color-5)","background-image":"","background-repeat":"repeat","background-position":"center center","background-size":"auto","background-attachment":"scroll","background-type":"","background-media":"","overlay-type":"","overlay-color":"","overlay-opacity":"","overlay-gradient":""},"mobile":{"background-color":"var(--ast-global-color-5)","background-image":"","background-repeat":"repeat","background-position":"center center","background-size":"auto","background-attachment":"scroll","background-type":"","background-media":"","overlay-type":"","overlay-color":"","overlay-opacity":"","overlay-gradient":""}},"iawp_total_views":37,"footnotes":""},"hf_cat_page":[],"class_list":["post-10366","page","type-page","status-publish","has-post-thumbnail"],"acf":[],"_links":{"self":[{"href":"https:\/\/www.mission-21.org\/es\/wp-json\/wp\/v2\/pages\/10366","targetHints":{"allow":["GET"]}}],"collection":[{"href":"https:\/\/www.mission-21.org\/es\/wp-json\/wp\/v2\/pages"}],"about":[{"href":"https:\/\/www.mission-21.org\/es\/wp-json\/wp\/v2\/types\/page"}],"author":[{"embeddable":true,"href":"https:\/\/www.mission-21.org\/es\/wp-json\/wp\/v2\/users\/14"}],"replies":[{"embeddable":true,"href":"https:\/\/www.mission-21.org\/es\/wp-json\/wp\/v2\/comments?post=10366"}],"version-history":[{"count":12,"href":"https:\/\/www.mission-21.org\/es\/wp-json\/wp\/v2\/pages\/10366\/revisions"}],"predecessor-version":[{"id":12443,"href":"https:\/\/www.mission-21.org\/es\/wp-json\/wp\/v2\/pages\/10366\/revisions\/12443"}],"wp:featuredmedia":[{"embeddable":true,"href":"https:\/\/www.mission-21.org\/es\/wp-json\/wp\/v2\/media\/8442"}],"wp:attachment":[{"href":"https:\/\/www.mission-21.org\/es\/wp-json\/wp\/v2\/media?parent=10366"}],"wp:term":[{"taxonomy":"hf_cat_page","embeddable":true,"href":"https:\/\/www.mission-21.org\/es\/wp-json\/wp\/v2\/hf_cat_page?post=10366"}],"curies":[{"name":"wp","href":"https:\/\/api.w.org\/{rel}","templated":true}]}}