{"id":13755,"date":"2024-08-19T09:25:09","date_gmt":"2024-08-19T07:25:09","guid":{"rendered":"https:\/\/www.mission-21.org\/?page_id=13755"},"modified":"2025-03-19T13:43:06","modified_gmt":"2025-03-19T12:43:06","slug":"avance-campana-2025","status":"publish","type":"page","link":"https:\/\/www.mission-21.org\/es\/vorschau-kampagne-2025\/","title":{"rendered":"Avance de la campa\u00f1a de 2025"},"content":{"rendered":"<h1>Avance de la campa\u00f1a de 2025<\/h1>\t\t\t\n\t<h3>\"<strong>En defensa de una sociedad pac\u00edfica<\/strong>\"<\/h3>\n<p><strong>En un momento en el que el mundo se caracteriza por tensiones y conflictos cada vez mayores, la importancia de la consolidaci\u00f3n de la paz pasa m\u00e1s que nunca a un primer plano. Con su Campa\u00f1a 2025, Mission 21 se compromete espec\u00edficamente a promover la paz y la justicia mediante la cooperaci\u00f3n interreligiosa y transcultural.<\/strong><\/p>\n<p>La campa\u00f1a est\u00e1 en consonancia con los Objetivos de Desarrollo Sostenible (ODS), en particular con el ODS 16, que aspira a promover sociedades pac\u00edficas, justas e inclusivas. A la luz de los retos que plantean el cambio clim\u00e1tico, la desigualdad social y las crecientes tensiones mundiales, Misi\u00f3n 21 se centrar\u00e1 en la prevenci\u00f3n de conflictos, la resoluci\u00f3n pac\u00edfica de conflictos, el apoyo psicosocial, el perd\u00f3n y la reconciliaci\u00f3n.<\/p>\n<p>Mission 21 reconoce el papel crucial de las religiones y del di\u00e1logo entre diferentes confesiones y culturas para ayudar a resolver conflictos y promover una vida digna para todos. Se hace especial hincapi\u00e9 en el trabajo en pa\u00edses como Nigeria, Sud\u00e1n del Sur y diversas regiones de Asia, donde la consolidaci\u00f3n de la paz, la prevenci\u00f3n de conflictos y la lucha contra la radicalizaci\u00f3n son fundamentales.<\/p>\n<p><strong>Objetivos para 2025<\/strong><\/p>\n<p>Mediante campa\u00f1as espec\u00edficas y labores de sensibilizaci\u00f3n, Mission 21 pretende concienciar sobre la importancia de la paz y la tolerancia y llegar a un n\u00famero a\u00fan mayor de personas. La consolidaci\u00f3n de la paz interreligiosa e intercultural es un elemento clave para forjar un futuro sostenible y armonioso.<\/p>\n<p><strong>Su apoyo y participaci\u00f3n<\/strong><\/p>\n<p>Mission 21 invita a las parroquias a participar activamente en la campa\u00f1a y a apoyar las medidas de consolidaci\u00f3n de la paz. Al capacitar a las personas para que establezcan relaciones pac\u00edficas e igualitarias m\u00e1s all\u00e1 de las fronteras religiosas, contribuimos juntos a crear una sociedad basada en los principios de tolerancia, respeto e igualdad.<\/p>\n<p><strong>Encontrar\u00e1 m\u00e1s informaci\u00f3n sobre nuestros proyectos en Sud\u00e1n del Sur, Nigeria e Indonesia, as\u00ed como sobre posibles actividades pr\u00e1cticas y actos educativos en esta p\u00e1gina a finales de marzo.<\/strong><\/p>\n\t<p><\/p><center><strong>Periodo de la campa\u00f1a: del 7 de septiembre al Domingo de las Misiones del 1 de Adviento de 2025<\/strong><\/center><p><\/p>\n\t\t\t\t<a href=\"https:\/\/www.mission-21.org\/es\/activista-por-la-paz-sobre-los-conflictos-en-sudan-del-sur-la-paz-no-viene-del-cielo\/\" target=\"_self\" itemprop=\"url\">\n\t\t\t\t<img decoding=\"async\" src=\"https:\/\/www.mission-21.org\/wp-content\/uploads\/2024\/12\/img_0047_korr43-600x450.png\" alt=\"img 0047 corr43\" itemprop=\"image\" height=\"450\" width=\"600\" title=\"IMG_0047_KORR43\" onerror=\"this.style.display='none'\">\n\t\t\t\t<\/a>\n<h2>\n\t\t<a href=\"https:\/\/www.mission-21.org\/es\/activista-por-la-paz-sobre-los-conflictos-en-sudan-del-sur-la-paz-no-viene-del-cielo\/\" title=\"Activista por la paz sobre los conflictos en Sud\u00e1n del Sur: &quot;La paz no viene del cielo&quot;\" target=\"_self\">\n\t\tActivista por la paz sobre los conflictos en Sud\u00e1n del Sur: \"La paz no viene del cielo\"\n\t\t<\/a>\n\t<\/h2>\n<h2>\n\t\tDossier sobre el Foro Internacional 2024 para la Consolidaci\u00f3n de la Paz Interreligiosa y Transcultural:\n\t<\/h2>\n\t\t\t\t<img decoding=\"async\" src=\"https:\/\/www.mission-21.org\/wp-content\/uploads\/2024\/08\/forum-bild.png\" alt=\"foto del foro\" itemprop=\"image\" height=\"296\" width=\"822\" title=\"Foto del foro\" onerror=\"this.style.display='none'\">\n\t<p>Para quienes se perdieron el foro, el siguiente dossier ofrece grabaciones en v\u00eddeo del acto (en ingl\u00e9s y espa\u00f1ol), as\u00ed como informaci\u00f3n sobre los ponentes, textos y presentaciones.<\/p>\n<p><a href=\"https:\/\/www.mission-21.org\/es\/foro-internacional-2024-dossier\/\">\u25ba al expediente<\/a><\/p>\n<h2>\n\t\tM\u00e1s informaci\u00f3n sobre la campa\u00f1a en la plataforma World View el 21 de mayo de 2025\n\t<\/h2>\n\t<p><strong>La plataforma Weltsicht ofrece a los empleados de las iglesias y a otras partes interesadas una visi\u00f3n de la amplia gama de programas que ofrece Mission 21. Un ejemplo de ello es la Campa\u00f1a 2025 de Mission 21, centrada en la cooperaci\u00f3n interreligiosa por la paz y la justicia.<\/strong><\/p>\n<p>&nbsp;<\/p>\n<p><a href=\"https:\/\/www.refbejuso.ch\/agenda\/detail\/anlass\/94336?cHash=93c43236664785b7ad8ce488c3010c83\"><strong>\u2192 M\u00e1s informaci\u00f3n e inscripci\u00f3n<\/strong><\/a><\/p>\n<h2>\n\t\tSuscr\u00edbase al bolet\u00edn de nuestra campa\u00f1a\n\t<\/h2>\n<h4>\n\t\ty obtenga m\u00e1s informaci\u00f3n sobre la campa\u00f1a de forma permanente. \u00a1Juntos podemos marcar la diferencia!\n\t<\/h4>\n<h2>\n\t\tCampa\u00f1as anteriores\n\t<\/h2>\n\t\t\t<a href=\"https:\/\/www.mission-21.org\/es\/participar\/campana-2023\/\" target=\"_self\">\n\t\t\t\t\t\t\tCampa\u00f1a 2023\n\t\t\t\t\t<\/a>\n\t\t\t<a href=\"https:\/\/www.mission-21.org\/es\/campana-2024\/\" target=\"_self\">\n\t\t\t\t\t\t\tCampa\u00f1a 2024\n\t\t\t\t\t<\/a>","protected":false},"excerpt":{"rendered":"<p>Vorschau Kampagne 2025 \u00abEinstehen f\u00fcr eine friedliche Gesellschaft\u00bb In einer Zeit, in der die Welt von zunehmenden Spannungen und Konflikten gepr\u00e4gt ist, r\u00fcckt die Bedeutung von Friedensf\u00f6rderung mehr denn je in den Vordergrund. Mission 21 setzt sich mit ihrer Kampagne 2025 gezielt f\u00fcr die F\u00f6rderung von Frieden und Gerechtigkeit durch interreligi\u00f6se und transkulturelle Zusammenarbeit ein. [&hellip;]<\/p>\n","protected":false},"author":6,"featured_media":15441,"parent":0,"menu_order":0,"comment_status":"closed","ping_status":"closed","template":"","meta":{"_acf_changed":false,"_seopress_robots_primary_cat":"","_seopress_titles_title":"Vorschau Kampagne 2025 - %%sitetitle%%","_seopress_titles_desc":"Mission 21 setzt sich mit ihrer Kampagne 2025 gezielt f\u00fcr die F\u00f6rderung von Frieden und Gerechtigkeit durch interreligi\u00f6se und interkulturelle Zusammenarbeit ein.","_seopress_robots_index":"","_searchwp_excluded":"","site-sidebar-layout":"default","site-content-layout":"","ast-site-content-layout":"default","site-content-style":"default","site-sidebar-style":"default","ast-global-header-display":"","ast-banner-title-visibility":"","ast-main-header-display":"","ast-hfb-above-header-display":"","ast-hfb-below-header-display":"","ast-hfb-mobile-header-display":"","site-post-title":"","ast-breadcrumbs-content":"","ast-featured-img":"","footer-sml-layout":"","ast-disable-related-posts":"","theme-transparent-header-meta":"","adv-header-id-meta":"","stick-header-meta":"","header-above-stick-meta":"","header-main-stick-meta":"","header-below-stick-meta":"","astra-migrate-meta-layouts":"set","ast-page-background-enabled":"default","ast-page-background-meta":{"desktop":{"background-color":"var(--ast-global-color-4)","background-image":"","background-repeat":"repeat","background-position":"center center","background-size":"auto","background-attachment":"scroll","background-type":"","background-media":"","overlay-type":"","overlay-color":"","overlay-opacity":"","overlay-gradient":""},"tablet":{"background-color":"","background-image":"","background-repeat":"repeat","background-position":"center center","background-size":"auto","background-attachment":"scroll","background-type":"","background-media":"","overlay-type":"","overlay-color":"","overlay-opacity":"","overlay-gradient":""},"mobile":{"background-color":"","background-image":"","background-repeat":"repeat","background-position":"center center","background-size":"auto","background-attachment":"scroll","background-type":"","background-media":"","overlay-type":"","overlay-color":"","overlay-opacity":"","overlay-gradient":""}},"ast-content-background-meta":{"desktop":{"background-color":"var(--ast-global-color-5)","background-image":"","background-repeat":"repeat","background-position":"center center","background-size":"auto","background-attachment":"scroll","background-type":"","background-media":"","overlay-type":"","overlay-color":"","overlay-opacity":"","overlay-gradient":""},"tablet":{"background-color":"var(--ast-global-color-5)","background-image":"","background-repeat":"repeat","background-position":"center center","background-size":"auto","background-attachment":"scroll","background-type":"","background-media":"","overlay-type":"","overlay-color":"","overlay-opacity":"","overlay-gradient":""},"mobile":{"background-color":"var(--ast-global-color-5)","background-image":"","background-repeat":"repeat","background-position":"center center","background-size":"auto","background-attachment":"scroll","background-type":"","background-media":"","overlay-type":"","overlay-color":"","overlay-opacity":"","overlay-gradient":""}},"iawp_total_views":2204,"footnotes":""},"hf_cat_page":[],"class_list":["post-13755","page","type-page","status-publish","has-post-thumbnail"],"acf":[],"_links":{"self":[{"href":"https:\/\/www.mission-21.org\/es\/wp-json\/wp\/v2\/pages\/13755","targetHints":{"allow":["GET"]}}],"collection":[{"href":"https:\/\/www.mission-21.org\/es\/wp-json\/wp\/v2\/pages"}],"about":[{"href":"https:\/\/www.mission-21.org\/es\/wp-json\/wp\/v2\/types\/page"}],"author":[{"embeddable":true,"href":"https:\/\/www.mission-21.org\/es\/wp-json\/wp\/v2\/users\/6"}],"replies":[{"embeddable":true,"href":"https:\/\/www.mission-21.org\/es\/wp-json\/wp\/v2\/comments?post=13755"}],"version-history":[{"count":11,"href":"https:\/\/www.mission-21.org\/es\/wp-json\/wp\/v2\/pages\/13755\/revisions"}],"predecessor-version":[{"id":16753,"href":"https:\/\/www.mission-21.org\/es\/wp-json\/wp\/v2\/pages\/13755\/revisions\/16753"}],"wp:featuredmedia":[{"embeddable":true,"href":"https:\/\/www.mission-21.org\/es\/wp-json\/wp\/v2\/media\/15441"}],"wp:attachment":[{"href":"https:\/\/www.mission-21.org\/es\/wp-json\/wp\/v2\/media?parent=13755"}],"wp:term":[{"taxonomy":"hf_cat_page","embeddable":true,"href":"https:\/\/www.mission-21.org\/es\/wp-json\/wp\/v2\/hf_cat_page?post=13755"}],"curies":[{"name":"wp","href":"https:\/\/api.w.org\/{rel}","templated":true}]}}