{"id":14319,"date":"2024-09-17T09:37:04","date_gmt":"2024-09-17T07:37:04","guid":{"rendered":"https:\/\/www.mission-21.org\/?page_id=14319"},"modified":"2025-12-08T10:03:19","modified_gmt":"2025-12-08T09:03:19","slug":"contra-la-violencia-de-genero","status":"publish","type":"page","link":"https:\/\/www.mission-21.org\/es\/gegen-gewalt-an-frauen\/","title":{"rendered":"16 d\u00edas"},"content":{"rendered":"<meta itemprop=\"url\" content=\"https:\/\/www.mission-21.org\/wp-content\/uploads\/2025\/11\/bewegtvisual-16-tage-1300-x-600-px_1125.mp4\" \/><div style=\"width: 640px;\" class=\"wp-video\"><video muted class=\"wp-video-shortcode\" id=\"video-14319-1\" width=\"640\" height=\"360\" loop autoplay preload=\"metadata\" controls=\"controls\"><source type=\"video\/mp4\" src=\"https:\/\/www.mission-21.org\/wp-content\/uploads\/2025\/11\/bewegtvisual-16-tage-1300-x-600-px_1125.mp4?_=1\" \/><source type=\"video\/mp4\" src=\"https:\/\/www.mission-21.org\/wp-content\/uploads\/2025\/11\/bewegtvisual-16-tage-1300-x-600-px_1125.mp4?_=1\" \/><a href=\"https:\/\/www.mission-21.org\/wp-content\/uploads\/2025\/11\/bewegtvisual-16-tage-1300-x-600-px_1125.mp4\">https:\/\/www.mission-21.org\/wp-content\/uploads\/2025\/11\/bewegtvisual-16-tage-1300-x-600-px_1125.mp4<\/a><\/video><\/div>\t\n\t<h3><strong>El compromiso de combatir la violencia contra las mujeres y los ni\u00f1os forma parte del compromiso general de Mission 21 con la igualdad de g\u00e9nero. Luchamos por la igualdad de g\u00e9nero a todos los niveles. Esto se consigue cuando todas las personas pueden llevar una vida libre de discriminaci\u00f3n, independientemente de su g\u00e9nero y orientaci\u00f3n sexual.<\/strong><\/h3>\nSin embargo, la violencia de g\u00e9nero est\u00e1 m\u00e1s extendida en todo el mundo de lo que mucha gente cree. Seg\u00fan datos actuales, casi una de cada tres mujeres ha sufrido violencia f\u00edsica y\/o sexual por parte de su pareja u otra persona a lo largo de su vida. La situaci\u00f3n tambi\u00e9n es grave en Suiza: los estudios muestran que alrededor de una de cada cinco mujeres ha sufrido violencia sexual.\nEstas formas de violencia impregnan todos los estratos sociales y entornos de vida, con manifestaciones que van desde la desvalorizaci\u00f3n y el acoso hasta la violencia psicol\u00f3gica e incluso la violaci\u00f3n o el feminicidio (el asesinato de una mujer a causa de su g\u00e9nero).\nEn este contexto, en Mission 21, junto con organizaciones asociadas de \u00c1frica, Asia y Am\u00e9rica Latina, estamos firmemente comprometidos en la lucha contra la violencia sexual contra las mujeres y, en el marco de la campa\u00f1a anual de 16 d\u00edas <strong data-start=\"1259\" data-end=\"1300\">del 25 de noviembre al 10 de diciembre<\/strong> <strong>2025<\/strong> reforzar la prevenci\u00f3n de la violencia, hacer m\u00e1s visibles los hechos y ofrecer apoyo y protecci\u00f3n espec\u00edficos.\nEste a\u00f1o, la campa\u00f1a se centra especialmente en <strong data-start=\"1463\" data-end=\"1512\">Mujeres y personas queer con discapacidad<\/strong> - especialmente a los que dependen de ayudas. Los estudios lo demuestran: Este grupo tiene entre dos y cuatro veces m\u00e1s probabilidades de estar expuesto a la violencia, el abuso de poder, el control y el abandono. Por tanto, nos centramos en un grupo muy vulnerable, pero a menudo menos visible.\n<p><strong>S\u00edguenos en <a href=\"https:\/\/www.instagram.com\/gender.mission21\/profilecard\/?igsh=MTQxeWJreXA3czdwYg==\">Instagram<\/a>el\u00a0<a href=\"https:\/\/www.facebook.com\/mission21basel\/\">Facebook<\/a>\u00a0y\u00a0<a href=\"https:\/\/www.linkedin.com\/company\/690808\/\">Linkedin<\/a>.<\/strong><\/p>\n<h3>\n\t\t\tHemos preguntado a nuestros empleados por qu\u00e9 es importante para ellos la campa\u00f1a 16 D\u00edas y c\u00f3mo luchan por la igualdad de g\u00e9nero. He aqu\u00ed sus respuestas:\t<\/h3>\n\t\t<meta itemprop=\"url\" content=\"https:\/\/www.mission-21.org\/wp-content\/uploads\/2025\/12\/beitrag-mathias-16tgg_20251117.mp4\" \/><div style=\"width: 640px;\" class=\"wp-video\"><video class=\"wp-video-shortcode\" id=\"video-14319-2\" width=\"640\" height=\"360\" preload=\"metadata\" controls=\"controls\"><source type=\"video\/mp4\" src=\"https:\/\/www.mission-21.org\/wp-content\/uploads\/2025\/12\/beitrag-mathias-16tgg_20251117.mp4?_=2\" \/><source type=\"video\/mp4\" src=\"https:\/\/www.mission-21.org\/wp-content\/uploads\/2025\/12\/beitrag-mathias-16tgg_20251117.mp4?_=2\" \/><a href=\"https:\/\/www.mission-21.org\/wp-content\/uploads\/2025\/12\/beitrag-mathias-16tgg_20251117.mp4\">https:\/\/www.mission-21.org\/wp-content\/uploads\/2025\/12\/beitrag-mathias-16tgg_20251117.mp4<\/a><\/video><\/div>\t\n\t\t<meta itemprop=\"url\" content=\"https:\/\/www.mission-21.org\/wp-content\/uploads\/2025\/12\/design-ohne-titel-1.mp4\" \/><div style=\"width: 640px;\" class=\"wp-video\"><video class=\"wp-video-shortcode\" id=\"video-14319-3\" width=\"640\" height=\"360\" preload=\"metadata\" controls=\"controls\"><source type=\"video\/mp4\" src=\"https:\/\/www.mission-21.org\/wp-content\/uploads\/2025\/12\/design-ohne-titel-1.mp4?_=3\" \/><source type=\"video\/mp4\" src=\"https:\/\/www.mission-21.org\/wp-content\/uploads\/2025\/12\/design-ohne-titel-1.mp4?_=3\" \/><a href=\"https:\/\/www.mission-21.org\/wp-content\/uploads\/2025\/12\/design-ohne-titel-1.mp4\">https:\/\/www.mission-21.org\/wp-content\/uploads\/2025\/12\/design-ohne-titel-1.mp4<\/a><\/video><\/div>\t\n\t\t<meta itemprop=\"url\" content=\"https:\/\/www.mission-21.org\/wp-content\/uploads\/2025\/12\/kopie-von-design-ohne-titel.mp4\" \/><div style=\"width: 640px;\" class=\"wp-video\"><video class=\"wp-video-shortcode\" id=\"video-14319-4\" width=\"640\" height=\"360\" preload=\"metadata\" controls=\"controls\"><source type=\"video\/mp4\" src=\"https:\/\/www.mission-21.org\/wp-content\/uploads\/2025\/12\/kopie-von-design-ohne-titel.mp4?_=4\" \/><source type=\"video\/mp4\" src=\"https:\/\/www.mission-21.org\/wp-content\/uploads\/2025\/12\/kopie-von-design-ohne-titel.mp4?_=4\" \/><a href=\"https:\/\/www.mission-21.org\/wp-content\/uploads\/2025\/12\/kopie-von-design-ohne-titel.mp4\">https:\/\/www.mission-21.org\/wp-content\/uploads\/2025\/12\/kopie-von-design-ohne-titel.mp4<\/a><\/video><\/div>\t\n<h2>\n\t\t\tProyectos de la Misi\u00f3n 21 en la lucha contra la violencia sexista\t<\/h2>\n\t\t\t\t\t\t\t\t\t\t\t\t\t\t<a href=\"https:\/\/www.mission-21.org\/es\/proyectos\/mujeres-en-sudan-que-promueven-una-vida-activa-y-autodeterminada\/\" target=\"_self\" title=\"Empoderamiento de la mujer: por una vida autodeterminada en Sud\u00e1n del Sur\">\n\t\t\t\t<img decoding=\"async\" src=\"https:\/\/www.mission-21.org\/wp-content\/uploads\/2022\/10\/suedsudan_koordination_179.1011-900x507.jpg\" alt=\"demand\u00f3 a la coordinaci\u00f3n de sud\u00e1n 179.1011\" \/>\n\t\t\t\t<\/a>\n\t\t\t\t\t\t<h3>\n\t\t\t\t<a href=\"https:\/\/www.mission-21.org\/es\/proyectos\/mujeres-en-sudan-que-promueven-una-vida-activa-y-autodeterminada\/\" title=\"Empoderamiento de la mujer: por una vida autodeterminada en Sud\u00e1n del Sur\" tabindex=\"0\">Empoderamiento de la mujer: por una vida autodeterminada en Sud\u00e1n del Sur<\/a>\t\t\t<\/h3>\n\t\t\t<a href=\"https:\/\/www.mission-21.org\/es\/proyectos\/mujeres-en-sudan-que-promueven-una-vida-activa-y-autodeterminada\/\" title=\"Leer m\u00e1s\" target=\"_self\">M\u00e1s informaci\u00f3n \u2192<\/a>\t\t\n\t\t\t\t\t\t\t\t\t\t\t\t\t\t<a href=\"https:\/\/www.mission-21.org\/es\/proyectos\/ayuda-de-emergencia-y-reconstruccion-en-camerun\/\" target=\"_self\" title=\"Ayuda humanitaria en Camer\u00fan\">\n\t\t\t\t<img decoding=\"async\" src=\"https:\/\/www.mission-21.org\/wp-content\/uploads\/2022\/10\/csm_kamerun_nothilfe_134.1003_01_neu_c8223b8f53-900x506.jpg\" alt=\"csm camer\u00fan ayuda de emergencia 134.1003 01 nuevo c8223b8f53\" \/>\n\t\t\t\t<\/a>\n\t\t\t\t\t\t<h3>\n\t\t\t\t<a href=\"https:\/\/www.mission-21.org\/es\/proyectos\/ayuda-de-emergencia-y-reconstruccion-en-camerun\/\" title=\"Ayuda humanitaria en Camer\u00fan\" tabindex=\"0\">Ayuda humanitaria en Camer\u00fan<\/a>\t\t\t<\/h3>\n\t\t\t<a href=\"https:\/\/www.mission-21.org\/es\/proyectos\/ayuda-de-emergencia-y-reconstruccion-en-camerun\/\" title=\"Leer m\u00e1s\" target=\"_self\">M\u00e1s informaci\u00f3n \u2192<\/a>\t\t\n\t\t\t\t\t\t\t\t\t\t\t\t\t\t<a href=\"https:\/\/www.mission-21.org\/es\/proyectos\/ayuda-para-las-mujeres-afectadas-por-la-violencia-en-asia\/\" target=\"_self\" title=\"Mujeres afectadas por la violencia en Asia: fortalecimiento mediante la capacitaci\u00f3n\">\n\t\t\t\t<img decoding=\"async\" src=\"https:\/\/www.mission-21.org\/wp-content\/uploads\/2022\/09\/csm_indonesien_friede_225.1008_02_3c4e1c7f7f-300x169.jpg\" alt=\"\" \/>\n\t\t\t\t<\/a>\n\t\t\t\t\t\t<h3>\n\t\t\t\t<a href=\"https:\/\/www.mission-21.org\/es\/proyectos\/ayuda-para-las-mujeres-afectadas-por-la-violencia-en-asia\/\" title=\"Mujeres afectadas por la violencia en Asia: fortalecimiento mediante la capacitaci\u00f3n\" tabindex=\"0\">Mujeres afectadas por la violencia en Asia: fortalecimiento mediante la capacitaci\u00f3n<\/a>\t\t\t<\/h3>\n\t\t\t<a href=\"https:\/\/www.mission-21.org\/es\/proyectos\/ayuda-para-las-mujeres-afectadas-por-la-violencia-en-asia\/\" title=\"Leer m\u00e1s\" target=\"_self\">M\u00e1s informaci\u00f3n \u2192<\/a>\t\t\n\t\t\t\t\t\t\t\t\t\t\t\t\t\t<a href=\"https:\/\/www.mission-21.org\/es\/proyectos\/programa-para-la-igualdad-de-genero\/\" target=\"_self\" title=\"Fondo para la igualdad de g\u00e9nero: reforzar la soberan\u00eda alimentaria como salida a la violencia contra las mujeres\">\n\t\t\t\t<img decoding=\"async\" src=\"https:\/\/www.mission-21.org\/wp-content\/uploads\/2022\/09\/csm_frauenfoerderung_840.1005_01_bafe25a913-300x169.jpg\" alt=\"\" \/>\n\t\t\t\t<\/a>\n\t\t\t\t\t\t<h3>\n\t\t\t\t<a href=\"https:\/\/www.mission-21.org\/es\/proyectos\/programa-para-la-igualdad-de-genero\/\" title=\"Fondo para la igualdad de g\u00e9nero: reforzar la soberan\u00eda alimentaria como salida a la violencia contra las mujeres\" tabindex=\"0\">Fondo para la igualdad de g\u00e9nero: reforzar la soberan\u00eda alimentaria como salida a la violencia contra las mujeres<\/a>\t\t\t<\/h3>\n\t\t\t<a href=\"https:\/\/www.mission-21.org\/es\/proyectos\/programa-para-la-igualdad-de-genero\/\" title=\"Leer m\u00e1s\" target=\"_self\">M\u00e1s informaci\u00f3n \u2192<\/a>\t\t\n\t\t\t\t\t\t\t\t\t\t\t\t\t\t<a href=\"https:\/\/www.mission-21.org\/es\/proyectos\/educacion-para-el-futuro-en-nigeria\/\" target=\"_self\" title=\"Educaci\u00f3n para mujeres y ni\u00f1as empoderadas en Nigeria\">\n\t\t\t\t<img decoding=\"async\" src=\"https:\/\/www.mission-21.org\/wp-content\/uploads\/2022\/09\/dsc01220-1-900x506.jpg\" alt=\"dsc01220 (1)\" \/>\n\t\t\t\t<\/a>\n\t\t\t\t\t\t<h3>\n\t\t\t\t<a href=\"https:\/\/www.mission-21.org\/es\/proyectos\/educacion-para-el-futuro-en-nigeria\/\" title=\"Educaci\u00f3n para mujeres y ni\u00f1as empoderadas en Nigeria\" tabindex=\"0\">Educaci\u00f3n para mujeres y ni\u00f1as empoderadas en Nigeria<\/a>\t\t\t<\/h3>\n\t\t\t<a href=\"https:\/\/www.mission-21.org\/es\/proyectos\/educacion-para-el-futuro-en-nigeria\/\" title=\"Leer m\u00e1s\" target=\"_self\">M\u00e1s informaci\u00f3n \u2192<\/a>\t\t\n\t\t\t\t\t\t\t\t\t\t\t\t\t\t<a href=\"https:\/\/www.mission-21.org\/es\/proyectos\/superacion-violencia-permitir-autodeterminacion-2\/\" target=\"_self\" title=\"Superar la violencia de g\u00e9nero: promover la autodeterminaci\u00f3n y la justicia\">\n\t\t\t\t<img decoding=\"async\" src=\"https:\/\/www.mission-21.org\/wp-content\/uploads\/2022\/09\/csm_peru_bildung_476.1011_04_30bf564551-300x169.jpg\" alt=\"\" \/>\n\t\t\t\t<\/a>\n\t\t\t\t\t\t<h3>\n\t\t\t\t<a href=\"https:\/\/www.mission-21.org\/es\/proyectos\/superacion-violencia-permitir-autodeterminacion-2\/\" title=\"Superar la violencia de g\u00e9nero: promover la autodeterminaci\u00f3n y la justicia\" tabindex=\"0\">Superar la violencia de g\u00e9nero: promover la autodeterminaci\u00f3n y la justicia<\/a>\t\t\t<\/h3>\n\t\t\t<a href=\"https:\/\/www.mission-21.org\/es\/proyectos\/superacion-violencia-permitir-autodeterminacion-2\/\" title=\"Leer m\u00e1s\" target=\"_self\">M\u00e1s informaci\u00f3n \u2192<\/a>\t\t\n\t\t<h2><a href=\"http:\/\/www.mission-21.org\/es\/que-hacemos\/proyectos-y-socios\/?_themen=gendergerechtigkeit\" target=\"_self\">La labor educativa de Mission 21<\/a><\/h2><p>Mission 21 ofrece cursos y talleres sobre el tema de la igualdad de g\u00e9nero. En el nuevo programa educativo 2026, por ejemplo, pueden reservarse los cursos \"Igualdad de derechos para todos*e\" y \"Con valent\u00eda contra el discurso del odio\". En <a href=\"https:\/\/www.mission-21.org\/es\/quienes-somos\/unidad-de-personal-mujeres-y-genero\/\">Unidad de Mujeres y G\u00e9nero<\/a> puede solicitar asesoramiento o presentaciones.<\/p>\n<h2>\n\t\t\tPel\u00edculas sobre violencia sexual\t<\/h2>\n\t<p>Los socios de Mission 21 en Am\u00e9rica Latina han producido documentales con Animales de Monte sobre su trabajo.<\/p>\n<p>La pel\u00edcula <a href=\"https:\/\/vimeo.com\/953637810\">\" Litigio estrat\u00e9gico contra la violencia de g\u00e9nero<\/a>\"ofrece una visi\u00f3n del trabajo jur\u00eddico de nuestra organizaci\u00f3n asociada Flora Trist\u00e1n. Esta organizaci\u00f3n utiliza el litigio estrat\u00e9gico para proteger a las v\u00edctimas de violencia sexual. El cortometraje retrata este trabajo a partir de un caso de feminicidio y describe el problema de las mujeres y ni\u00f1as \"desaparecidas\". Una pel\u00edcula muy importante que muestra muy bien por qu\u00e9 el trabajo por la justicia de g\u00e9nero debe llevarse a cabo a varios niveles y que nosotros, aqu\u00ed en el Norte, tambi\u00e9n podr\u00edamos contribuir.<\/p>\n<p>En la pel\u00edcula <a href=\"https:\/\/vimeo.com\/showcase\/11248750\/video\/941865220\">\"Los derechos de la mujer en Per\u00fa\"<\/a> trata del trabajo de la organizaci\u00f3n asociada Flora Trist\u00e1n en Per\u00fa, que lleva a la calle la protesta contra la violencia de g\u00e9nero.\u00a0<\/p>\n<p>La pel\u00edcula <a href=\"https:\/\/vimeo.com\/851195825\">\"La verdad saldr\u00e1 a la luz\"<\/a> con nuestra organizaci\u00f3n asociada Fundaci\u00f3n Machaqa Amawta se centra en la violencia sexual en Bolivia. \u00a0<\/p>\n<h2>\n\t\t\tProyectos piloto sobre soberan\u00eda alimentaria y superaci\u00f3n de la violencia sexual\t<\/h2>\n\t<!DOCTYPE html>\n<html lang=\"en\">\n<head>\n    <meta charset=\"UTF-8\"\/>\n    <meta name=\"viewport\" content=\"width=device-width, initial-scale=1.0\"\/>\n    <title>Bot\u00f3n con enlace<\/title>\n    <style>\n        .button {\n            padding: 10px 20px;\n            border: none;\n            border-radius: 4px; \/* Slightly rounded corners *\/\n            background-color: #F28C28; \/* Green background *\/\n            color: white;\n            font-size: 18px;\n            cursor: pointer;\n        }\n        .button:hover {\n            background-color: #FFA500; \/* Darker green on hover *\/\n        }\n    <\/style>\n<\/head>\n<body>\n    <p>En 2025, cinco socios pusieron en marcha proyectos piloto que combinan la prevenci\u00f3n de la violencia sexual y la soberan\u00eda alimentaria en enfoques integrados. Para crear un futuro en el que las personas puedan vivir libres de violencia y hambre, la violencia y la inseguridad alimentaria deben abordarse conjuntamente.\u00a0 <br \/>El Fondo para la Igualdad de G\u00e9nero asigna recursos financieros a programas y organizaciones asociadas para proyectos piloto. Esto les permite reaccionar r\u00e1pidamente ante los acontecimientos sociales que refuerzan la desigualdad de g\u00e9nero. El tema central del fondo se redefine anualmente en funci\u00f3n de las necesidades de los programas y proyectos. <br \/>(El fondo para la igualdad de g\u00e9nero tiene el n\u00famero 840.1005)<\/p>\n    <button onclick=\"window.open('https:\/\/www.mission-21.org\/projekte\/programm-fuer-gendergerechtigkeit', '_blank')\">\n        M\u00e1s informaci\u00f3n sobre los proyectos\n    <\/button>\n<\/body>\n<\/html>\n<h2>\n\t\t\tEstructuras\t<\/h2>\n\t<p>Misi\u00f3n 21 trabaja con la estrategia de\u00a0<a href=\"https:\/\/www.mission-21.org\/es\/quienes-somos\/unidad-de-personal-mujeres-y-genero\/#gendermainstreaming\">Integraci\u00f3n de la perspectiva de g\u00e9nero<\/a>Todos los programas y proyectos de Mission 21 deben contribuir a reforzar la igualdad de g\u00e9nero. Desde el punto de vista organizativo, esto se basa en la <a href=\"https:\/\/www.mission-21.org\/es\/quienes-somos\/unidad-de-personal-mujeres-y-genero\/\">Unidad de Mujeres y G\u00e9nero<\/a> y con el <a href=\"https:\/\/www.mission-21.org\/es\/quienes-somos\/estructura-organizativa\/consejo-de-justicia-de-genero\/\">Consejo Asesor sobre Justicia de G\u00e9nero<\/a>.<\/p>","protected":false},"excerpt":{"rendered":"<p>Das Engagement gegen Gewalt an Frauen und Kindern geh\u00f6rt zum generellen Einsatz von Mission 21 f\u00fcr Gendergerechtigkeit. Wir streben Gendergerechtigkeit auf allen Ebenen an. Diese ist erreicht, wenn alle Menschen ein Leben frei von Diskriminierung f\u00fchren k\u00f6nnen, unabh\u00e4ngig von ihrem Geschlecht und ihrer sexuellen Orientierung. Doch geschlechtsspezifische Gewalt ist weltweit weiter verbreitet, als viele glauben. [&hellip;]<\/p>\n","protected":false},"author":6,"featured_media":0,"parent":0,"menu_order":0,"comment_status":"closed","ping_status":"closed","template":"","meta":{"_acf_changed":false,"_seopress_robots_primary_cat":"","_seopress_titles_title":"","_seopress_titles_desc":"","_seopress_robots_index":"","_searchwp_excluded":"","site-sidebar-layout":"default","site-content-layout":"","ast-site-content-layout":"default","site-content-style":"default","site-sidebar-style":"default","ast-global-header-display":"","ast-banner-title-visibility":"","ast-main-header-display":"","ast-hfb-above-header-display":"","ast-hfb-below-header-display":"","ast-hfb-mobile-header-display":"","site-post-title":"","ast-breadcrumbs-content":"","ast-featured-img":"","footer-sml-layout":"","ast-disable-related-posts":"","theme-transparent-header-meta":"","adv-header-id-meta":"","stick-header-meta":"","header-above-stick-meta":"","header-main-stick-meta":"","header-below-stick-meta":"","astra-migrate-meta-layouts":"set","ast-page-background-enabled":"default","ast-page-background-meta":{"desktop":{"background-color":"var(--ast-global-color-4)","background-image":"","background-repeat":"repeat","background-position":"center center","background-size":"auto","background-attachment":"scroll","background-type":"","background-media":"","overlay-type":"","overlay-color":"","overlay-opacity":"","overlay-gradient":""},"tablet":{"background-color":"","background-image":"","background-repeat":"repeat","background-position":"center center","background-size":"auto","background-attachment":"scroll","background-type":"","background-media":"","overlay-type":"","overlay-color":"","overlay-opacity":"","overlay-gradient":""},"mobile":{"background-color":"","background-image":"","background-repeat":"repeat","background-position":"center center","background-size":"auto","background-attachment":"scroll","background-type":"","background-media":"","overlay-type":"","overlay-color":"","overlay-opacity":"","overlay-gradient":""}},"ast-content-background-meta":{"desktop":{"background-color":"var(--ast-global-color-5)","background-image":"","background-repeat":"repeat","background-position":"center center","background-size":"auto","background-attachment":"scroll","background-type":"","background-media":"","overlay-type":"","overlay-color":"","overlay-opacity":"","overlay-gradient":""},"tablet":{"background-color":"var(--ast-global-color-5)","background-image":"","background-repeat":"repeat","background-position":"center center","background-size":"auto","background-attachment":"scroll","background-type":"","background-media":"","overlay-type":"","overlay-color":"","overlay-opacity":"","overlay-gradient":""},"mobile":{"background-color":"var(--ast-global-color-5)","background-image":"","background-repeat":"repeat","background-position":"center center","background-size":"auto","background-attachment":"scroll","background-type":"","background-media":"","overlay-type":"","overlay-color":"","overlay-opacity":"","overlay-gradient":""}},"iawp_total_views":741,"footnotes":""},"hf_cat_page":[],"class_list":["post-14319","page","type-page","status-publish"],"acf":[],"_links":{"self":[{"href":"https:\/\/www.mission-21.org\/es\/wp-json\/wp\/v2\/pages\/14319","targetHints":{"allow":["GET"]}}],"collection":[{"href":"https:\/\/www.mission-21.org\/es\/wp-json\/wp\/v2\/pages"}],"about":[{"href":"https:\/\/www.mission-21.org\/es\/wp-json\/wp\/v2\/types\/page"}],"author":[{"embeddable":true,"href":"https:\/\/www.mission-21.org\/es\/wp-json\/wp\/v2\/users\/6"}],"replies":[{"embeddable":true,"href":"https:\/\/www.mission-21.org\/es\/wp-json\/wp\/v2\/comments?post=14319"}],"version-history":[{"count":11,"href":"https:\/\/www.mission-21.org\/es\/wp-json\/wp\/v2\/pages\/14319\/revisions"}],"predecessor-version":[{"id":19302,"href":"https:\/\/www.mission-21.org\/es\/wp-json\/wp\/v2\/pages\/14319\/revisions\/19302"}],"wp:attachment":[{"href":"https:\/\/www.mission-21.org\/es\/wp-json\/wp\/v2\/media?parent=14319"}],"wp:term":[{"taxonomy":"hf_cat_page","embeddable":true,"href":"https:\/\/www.mission-21.org\/es\/wp-json\/wp\/v2\/hf_cat_page?post=14319"}],"curies":[{"name":"wp","href":"https:\/\/api.w.org\/{rel}","templated":true}]}}