{"id":17855,"date":"2025-07-29T12:57:26","date_gmt":"2025-07-29T10:57:26","guid":{"rendered":"https:\/\/www.mission-21.org\/?page_id=17855"},"modified":"2026-03-27T09:17:19","modified_gmt":"2026-03-27T08:17:19","slug":"avance-campana-2026","status":"publish","type":"page","link":"https:\/\/www.mission-21.org\/es\/vorschau-kampagne-2026\/","title":{"rendered":"Avance de la campa\u00f1a 2026"},"content":{"rendered":"<h1>Juntos contra la violencia<\/h1>\t\t\t\n\t<p><\/p><center><strong>Periodo de campa\u00f1a: del 6 de septiembre al 1 de adviento de 2026<\/strong><\/center><p><\/p>\n\t<h3>Strong together: D\u00eda Internacional de la Mujer el 8 de marzo<\/h3>\n<p>Derechos. Justicia. Acci\u00f3n: Bajo este lema de ONU Mujeres, Mission 21 trabaja una vez m\u00e1s con organizaciones asociadas para promover los derechos de las mujeres y las ni\u00f1as. Nuestros proyectos empoderan a las v\u00edctimas de la violencia de g\u00e9nero, sensibilizan sobre las normas mis\u00f3ginas y promueven la igualdad a todos los niveles: econ\u00f3mico, social y jur\u00eddico.<\/p>\n<p>Por ejemplo, en <a href=\"https:\/\/www.mission-21.org\/es\/proyectos\/ayuda-para-las-mujeres-afectadas-por-la-violencia-en-asia\/\">Indonesia<\/a> - La discriminaci\u00f3n y la violencia contra mujeres y ni\u00f1os est\u00e1n muy extendidas. Nuestro proyecto se compromete a combatir la violencia de g\u00e9nero creando centros de contacto, cooperando con las autoridades y apoyando a las afectadas.<\/p>\n<p>Los hombres tambi\u00e9n participan: desempe\u00f1an un papel importante en el camino hacia la igualdad de g\u00e9nero. Se analizan y reinterpretan las ideas estereotipadas de lo que significa la masculinidad. El compromiso combinado de mujeres y hombres, ni\u00f1os y ni\u00f1as es fundamental para lograr la igualdad de g\u00e9nero.<\/p>\n<p>Mission 21 tambi\u00e9n lleva a cabo diversas actividades con sus organizaciones asociadas: Programas educativos, campa\u00f1as de sensibilizaci\u00f3n y acceso a asesoramiento jur\u00eddico. Las mujeres y las ni\u00f1as disponen de espacios en los que pueden intercambiar ideas, empoderarse y exigir sus derechos. Las asociaciones a largo plazo y los enfoques participativos crean un cambio sostenible: paso a paso hacia una sociedad m\u00e1s justa para todos.<\/p>\n\t\t\t\t\t\t<figure>\n\t\t\t\t\t\t\t<img decoding=\"async\" src=\"https:\/\/www.mission-21.org\/wp-content\/uploads\/2022\/10\/bild1-1.jpg\" alt=\"imagen1\" srcset=\"https:\/\/www.mission-21.org\/wp-content\/uploads\/2022\/10\/bild1-1-768x511.jpg 768w, https:\/\/www.mission-21.org\/wp-content\/uploads\/2022\/10\/bild1-1-900x598.jpg 900w, https:\/\/www.mission-21.org\/wp-content\/uploads\/2022\/10\/bild1-1-1200x798.jpg 1200w, https:\/\/www.mission-21.org\/wp-content\/uploads\/2022\/10\/bild1-1-18x12.jpg 18w, https:\/\/www.mission-21.org\/wp-content\/uploads\/2022\/10\/bild1-1-300x199.jpg 300w, https:\/\/www.mission-21.org\/wp-content\/uploads\/2022\/10\/bild1-1-600x399.jpg 600w, https:\/\/www.mission-21.org\/wp-content\/uploads\/2022\/10\/bild1-1.jpg 1384w\" width=\"1384\" height=\"920\">\n\t\t\t\t\t\t\t\t\t\t\t\t\t\t\t<!-- Overlay Wrapper -->\n\t\t\t\t\t\t\t\t\t\t\tLa Iglesia Pasundan de Indonesia, que cuenta con el apoyo de Mission 21, organiza peri\u00f3dicamente talleres sobre prevenci\u00f3n de la violencia de g\u00e9nero: por ejemplo, el 5 de febrero de 2026 en el Instituto de Salud Immanuel de Bandung. Los alumnos debatieron sobre las causas y los factores facilitadores de la violencia de g\u00e9nero y sexualizada, las normas de g\u00e9nero y las relaciones de poder, la seguridad y los marcos jur\u00eddicos. Foto: Rosa Panggabean\n\t\t\t\t\t\t\t\t\t\t\t\t\t\t\t\t\t <!-- Overlay Wrapper Closed -->\n\t\t\t\t\t\t\t\t\t\t\t\t\t<\/figure>\n\t\t\t\t\t\t<figure>\n\t\t\t\t\t\t\t<img decoding=\"async\" src=\"https:\/\/www.mission-21.org\/wp-content\/uploads\/2022\/10\/bild2.jpg\" alt=\"imagen2\" srcset=\"https:\/\/www.mission-21.org\/wp-content\/uploads\/2022\/10\/bild2-768x512.jpg 768w, https:\/\/www.mission-21.org\/wp-content\/uploads\/2022\/10\/bild2-900x600.jpg 900w, https:\/\/www.mission-21.org\/wp-content\/uploads\/2022\/10\/bild2-1200x800.jpg 1200w, https:\/\/www.mission-21.org\/wp-content\/uploads\/2022\/10\/bild2-18x12.jpg 18w, https:\/\/www.mission-21.org\/wp-content\/uploads\/2022\/10\/bild2-300x200.jpg 300w, https:\/\/www.mission-21.org\/wp-content\/uploads\/2022\/10\/bild2-600x400.jpg 600w, https:\/\/www.mission-21.org\/wp-content\/uploads\/2022\/10\/bild2.jpg 1386w\" width=\"1386\" height=\"924\">\n\t\t\t\t\t\t\t\t\t\t\t\t\t\t\t<!-- Overlay Wrapper -->\n\t\t\t\t\t\t\t\t\t\t\tLas organizaciones de la sociedad civil de Nigeria han desempe\u00f1ado un papel crucial en la promoci\u00f3n y aplicaci\u00f3n de las leyes sobre igualdad de g\u00e9nero. Las obras de teatro comunitario pretenden concienciar y sensibilizar a la poblaci\u00f3n sobre estas leyes. Foto: Yakubu Joseph\n\t\t\t\t\t\t\t\t\t\t\t\t\t\t\t\t\t <!-- Overlay Wrapper Closed -->\n\t\t\t\t\t\t\t\t\t\t\t\t\t<\/figure>\n\t\t\t\t\t\t<figure>\n\t\t\t\t\t\t\t<img decoding=\"async\" src=\"https:\/\/www.mission-21.org\/wp-content\/uploads\/2022\/10\/bild3.jpg\" alt=\"foto3\" srcset=\"https:\/\/www.mission-21.org\/wp-content\/uploads\/2022\/10\/bild3-768x512.jpg 768w, https:\/\/www.mission-21.org\/wp-content\/uploads\/2022\/10\/bild3-900x600.jpg 900w, https:\/\/www.mission-21.org\/wp-content\/uploads\/2022\/10\/bild3-1200x799.jpg 1200w, https:\/\/www.mission-21.org\/wp-content\/uploads\/2022\/10\/bild3-18x12.jpg 18w, https:\/\/www.mission-21.org\/wp-content\/uploads\/2022\/10\/bild3-300x200.jpg 300w, https:\/\/www.mission-21.org\/wp-content\/uploads\/2022\/10\/bild3-600x400.jpg 600w, https:\/\/www.mission-21.org\/wp-content\/uploads\/2022\/10\/bild3.jpg 1351w\" width=\"1351\" height=\"900\">\n\t\t\t\t\t\t\t\t\t\t\t\t\t\t\t<!-- Overlay Wrapper -->\n\t\t\t\t\t\t\t\t\t\t\tSoraya Poma, Presidenta de la Red de Mujeres, en el Consejo Regional de Puno, Per\u00fa, en abril de 2025. Soraya Puma hace campa\u00f1a en favor de las mujeres ind\u00edgenas y, por tanto, del derecho a un medio de vida seguro, que est\u00e1 amenazado debido a la contaminaci\u00f3n del lago Titicaca. En el proyecto apoyado por Misi\u00f3n 21, se form\u00f3 en c\u00f3mo llevar a cabo labores de defensa y concienciaci\u00f3n de sus derechos como mujer ind\u00edgena. Foto: CBC\n\t\t\t\t\t\t\t\t\t\t\t\t\t\t\t\t\t <!-- Overlay Wrapper Closed -->\n\t\t\t\t\t\t\t\t\t\t\t\t\t<\/figure>\n\t\t\t\t\t<!-- navigation arrows -->\n\t\t<button aria-label=\"Diapositiva anterior\" role=\"button\" tabindex=\"0\">\n\t\t\t\t\t<\/button>\n\t\t<button aria-label=\"Siguiente diapositiva\" role=\"button\" tabindex=\"0\">\n\t\t\t\t\t<\/button>\n\t<h3>\"<strong>Defender los derechos humanos: empoderar a las v\u00edctimas de la violencia y promover la autodeterminaci\u00f3n<\/strong>\"<\/h3>\n<p><strong>Mujeres y ni\u00f1as de todo el mundo se ven afectadas por la desigualdad de g\u00e9nero y la violencia sexual, dom\u00e9stica o estructural. Las consecuencias no s\u00f3lo son graves para las personas afectadas, sino que tambi\u00e9n repercuten en la educaci\u00f3n, la econom\u00eda y la participaci\u00f3n pol\u00edtica. Mission 21 apoya a organizaciones socias de todo el mundo que empoderan a las afectadas por la violencia para que alcen su voz y luchen por sus derechos. <\/strong><\/p>\n<p><strong>La campa\u00f1a 2026 se centra en proyectos para prevenir la violencia y promover la atenci\u00f3n aguda y la autodeterminaci\u00f3n en Per\u00fa, Bolivia e Indonesia. <\/strong><\/p>\n<p>Cada d\u00eda, mujeres, ni\u00f1as y miembros del colectivo LGBTQIA+ sufren opresi\u00f3n, discriminaci\u00f3n y violencia en todas las regiones del mundo. En las sociedades patriarcales, por tanto, es necesario el apoyo solidario y el cambio estructural para lograr m\u00e1s protecci\u00f3n y derechos para los afectados.<\/p>\n<p>En Indonesia, por ejemplo, alrededor de 1,2 millones de ni\u00f1as menores de 18 a\u00f1os son casadas cada a\u00f1o, a menudo contra su voluntad. En Hong Kong, m\u00e1s del 40% de las 350.000 trabajadoras dom\u00e9sticas extranjeras son de origen indonesio; muchas de ellas denuncian abusos de poder y agresiones sexuales por parte de sus empleadores.<\/p>\n<p>Tambi\u00e9n en Per\u00fa y Bolivia el n\u00famero de feminicidios, explotaci\u00f3n sexual y desapariciones forzadas y sancionadas por el Estado aumenta a un ritmo alarmante. S\u00f3lo en Per\u00fa se registraron m\u00e1s de 140.000 delitos de violencia contra las mujeres en 2024. 29.000 de ellos fueron violencia sexual, el equivalente a una de cada cinco mujeres registradas. En Bolivia, se registraron m\u00e1s de 11.000 denuncias de agresi\u00f3n sexual en 2023. Sin embargo, el sistema judicial no responde adecuadamente; tambi\u00e9n en Per\u00fa, s\u00f3lo el diez por ciento de las denuncias acaban en condena. Los derechos de las mujeres, los ni\u00f1os y las personas LGBTQIA+ se ignoran reiteradamente si tambi\u00e9n se ven desfavorecidos por la pobreza, la discapacidad o el racismo, son refugiados o pertenecen al grupo social de los migrantes.<\/p>\n<p>En todo el mundo hay personas que luchan por el fin de la violencia, por la justicia, la protecci\u00f3n y la dignidad humana. Mission 21 se solidariza con ellas: Junto con organizaciones asociadas de Indonesia, Malasia y Hong Kong, as\u00ed como redes feministas comprometidas de Per\u00fa y Bolivia, apoyamos proyectos que empoderan a mujeres y ni\u00f1as mediante asistencia jur\u00eddica, oportunidades educativas, refugios, labores de prevenci\u00f3n y sensibilizaci\u00f3n entre los hombres, en escuelas, pueblos y comunidades religiosas.<\/p>\n<p>En nuestra campa\u00f1a 2026, nos centramos en la autodeterminaci\u00f3n y el coraje civil, y en hacer o\u00edr las voces de quienes son ignorados una y otra vez. Apoya nuestra visi\u00f3n de un mundo con igualdad de g\u00e9nero y libre de violencia.<\/p>\n<p><strong>La campa\u00f1a durar\u00e1 del 6 de septiembre al 1 de Adviento de 2026.<\/strong><\/p>\n<p>Informaci\u00f3n, oportunidades de participaci\u00f3n y materiales <strong>a partir de finales de marzo<\/strong> est\u00e1n disponibles.<\/p>\n<p>Se ofrece una visi\u00f3n m\u00e1s detallada de la posible participaci\u00f3n en la campa\u00f1a en <strong>23 de abril<\/strong> el <strong><a href=\"https:\/\/www.refbejuso.ch\/angebot\/veranstaltungen\/plattform-weltsicht-2026\" target=\"_blank\" rel=\"noopener\">Plataforma de visi\u00f3n del mundo<\/a>,<\/strong> organizada por las iglesias cantonales de Berna-Jura-Solothurn. La plataforma Weltsicht utiliza nuestra campa\u00f1a para poner de relieve las oportunidades que tienen las partes interesadas de vincular la labor de las comunidades eclesi\u00e1sticas con cuestiones de importancia mundial.<\/p>\n<p>Mant\u00e9ngase informado y suscr\u00edbase ahora a nuestro <strong>Bolet\u00edn de la campa\u00f1a.<\/strong><\/p>\n\t<section id=\"kampagne-hilfe\" aria-labelledby=\"kampagne-hilfe-title\">\n  <style>\n    \/* =========================\n       Font (Titillium Web)\n    ========================== *\/\n    @import url('https:\/\/fonts.googleapis.com\/css2?family=Titillium+Web:wght@400;600;700&display=swap');\n    \/* =========================\n       Base\n    ========================== *\/\n    #kampagne-hilfe{\n      font-family:'Titillium Web', system-ui, -apple-system, Segoe UI, Roboto, Helvetica, Arial, sans-serif;\n      line-height:1.55;\n      color:#111;\n      background:#fff;\n    }\n    #kampagne-hilfe *{box-sizing:border-box}\n    .kh-wrap{max-width:1120px;margin:0 auto;padding:28px 16px}\n    .kh-kicker{font-size:13px;letter-spacing:.04em;text-transform:uppercase;opacity:.8;margin:0 0 8px}\n    .kh-h1{margin:0 0 10px;font-size:34px;line-height:1.15;font-weight:700}\n    .kh-lead{margin:0;max-width:78ch;font-size:18px;opacity:.95}\n    .kh-divider{height:1px;background:rgba(0,0,0,.12);margin:18px 0}\n    \/* =========================\n       Layout\n    ========================== *\/\n    .kh-hero{border:1px solid rgba(0,0,0,.14);padding:22px;background:#fff}\n    .kh-hero-grid{display:grid;gap:16px;margin-top:18px}\n    @media (min-width: 1000px){.kh-hero-grid{grid-template-columns:1.2fr .8fr;align-items:start}}\n    .kh-card{border:1px solid rgba(0,0,0,.14);padding:16px;background:#fff}\n    .kh-card h2,.kh-card h3{margin:0 0 10px;font-weight:700}\n    .kh-card h2{font-size:20px}\n    .kh-card h3{font-size:18px}\n    .kh-muted{opacity:.88;font-size:14px;margin:0}\n    \/* =========================\n       Buttons & Links\n    ========================== *\/\n    .kh-actions{display:flex;flex-wrap:wrap;gap:10px;margin-top:12px}\n    .kh-btn{\n      display:inline-flex;align-items:center;justify-content:center;gap:8px;\n      padding:11px 14px;\n      border:0;\n      text-decoration:none;\n      font-weight:700;\n      background:#f28d18;\n      color:#fff;\n      cursor:pointer;\n      transition:opacity .15s ease;\n      white-space:nowrap;\n    }\n    .kh-btn:hover{opacity:.92}\n    .kh-btn:focus{outline:2px solid rgba(242,141,24,.45);outline-offset:2px}\n    .kh-link{\n      font-weight:700;\n      color:inherit;\n      text-decoration:underline;\n      text-decoration-thickness:2px;\n      text-underline-offset:3px;\n    }\n    .kh-link:hover{opacity:.85}\n    \/* =========================\n       Alert \/ Safety\n    ========================== *\/\n    .kh-alert{\n      border:1px solid rgba(0,0,0,.14);\n      background:rgba(0,0,0,.04);\n      padding:14px;\n    }\n    .kh-alert strong{display:block;margin-bottom:6px}\n    .kh-bullets{margin:10px 0 0;padding-left:18px}\n    .kh-bullets li{margin:8px 0}\n    \/* =========================\n       Tiles\n    ========================== *\/\n    .kh-tiles{display:grid;gap:12px;margin-top:16px}\n    @media (min-width: 900px){.kh-tiles{grid-template-columns:repeat(3, 1fr)}}\n    .kh-tile{border:1px solid rgba(0,0,0,.14);padding:14px;background:#fff}\n    .kh-tile h3{margin:0 0 6px;font-size:16px}\n    .kh-tile p{margin:0;font-size:14px;opacity:.9}\n    \/* =========================\n       Lists\n    ========================== *\/\n    .kh-list{margin:0;padding-left:18px}\n    .kh-list li{margin:10px 0}\n    .kh-item-title{font-weight:700}\n    \/* =========================\n       Accordion (details)\n    ========================== *\/\n    details.kh-acc{border:1px solid rgba(0,0,0,.14);padding:12px 14px;background:#fff}\n    details.kh-acc + details.kh-acc{margin-top:10px}\n    details.kh-acc summary{cursor:pointer;font-weight:700}\n    details.kh-acc summary::-webkit-details-marker{display:none}\n    \/* =========================\n       Small print\n    ========================== *\/\n    .kh-small{font-size:13px;opacity:.85;margin:10px 0 0}\n  <\/style>\n    <!-- HERO -->\n      <h1 id=\"kampagne-hilfe-title\">Aqu\u00ed encontrar\u00e1 ayuda<\/h1>\n      \n        La violencia sexual puede desestabilizar profundamente a mujeres y ni\u00f1os, as\u00ed como a las personas de su entorno. En Suiza existen programas que <strong>confidencial y gratuito<\/strong> y a petici\u00f3n <strong>an\u00f3nimo<\/strong> asistencia telef\u00f3nica, en l\u00ednea o en persona.\n      \n        <!-- Left: Primary CTA -->\n          <h2>Ayuda inmediata<\/h2>\n            <strong>Si se encuentra en grave peligro o necesita ayuda inmediata in situ: Polic\u00eda 117.<\/strong>\n              <a role=\"listitem\" href=\"https:\/\/www.143.ch\/\" target=\"_blank\" rel=\"noopener\">\n                143 - La mano amiga\n              <\/a>\n              <a role=\"listitem\" href=\"https:\/\/www.143.ch\/chat-deutschschweiz\/\" target=\"_blank\" rel=\"noopener\">\n                Directamente al chat (143)\n              <\/a>\n              <a role=\"listitem\" href=\"https:\/\/www.onlineopferberatung.ch\/\" target=\"_blank\" rel=\"noopener\">\n                Asesoramiento en l\u00ednea a las v\u00edctimas\n              <\/a>\n            \n              No es necesario que aporte pruebas de que ha ocurrido algo. Basta con que nos haga saber que necesita ayuda.\n            \n          \n            \u00bfNo es urgente, pero quiere orientaci\u00f3n? Empieza por aqu\u00ed:\n            <a href=\"https:\/\/opferhilfe-schweiz.ch\/de\/wo-finde-ich-hilfe\/\" target=\"_blank\" rel=\"noopener\">\n              Encontrar centros cantonales de ayuda a las v\u00edctimas\n            <\/a>\n          \n        <!-- Right: Quick guidance -->\n          <h2>Lo que puede esperar<\/h2>\n          <ul>\n            <li>T\u00fa decides cu\u00e1nto quieres contar.<\/li>\n            <li>El asesoramiento puede ser an\u00f3nimo y gratuito (seg\u00fan el servicio).<\/li>\n            <li>Recibes ayuda con los siguientes pasos: m\u00e9dicos, legales, psicosociales.<\/li>\n            <li>Los familiares y cuidadores tambi\u00e9n pueden recibir asesoramiento.<\/li>\n          <\/ul>\n          \n            Si no est\u00e1 seguro de qu\u00e9 posici\u00f3n le conviene: Utilice una de las ayudas instant\u00e1neas anteriores: le orientar\u00e1n mejor.\n          \n      <!-- Tiles: 3 entry points -->\n          <h3>Estoy afectado<\/h3>\n          <p>Elige un centro de asesoramiento (tel\u00e9fono\/chat): no tienes por qu\u00e9 cargar con esto t\u00fa solo.<\/p>\n          <h3>Apoyo a alguien<\/h3>\n          <p>Pod\u00e9is acompa\u00f1ar, escuchar y contactar con ayuda juntos, sin presiones.<\/p>\n          <h3>Se refiere al lugar de trabajo<\/h3>\n          <p>Informaci\u00f3n y puntos de contacto sobre acoso sexual en el trabajo.<\/p>\n    <!-- SECTION: SWISS RESOURCES -->\n      <h2>Asesoramiento y puntos de contacto en Suiza<\/h2>\n      <ul>\n        <li>\n            <a href=\"https:\/\/www.ohne-gewalt.ch\/\" target=\"_blank\" rel=\"noopener\">La igualdad previene la violencia<\/a>\n          <br>\n          Informaci\u00f3n de la campa\u00f1a nacional (Confederaci\u00f3n): apoyo, prevenci\u00f3n, orientaci\u00f3n.\n        <\/li>\n        <li>\n            <a href=\"https:\/\/www.frauenberatung.ch\/\" target=\"_blank\" rel=\"noopener\">Asesoramiento a mujeres: violencia sexual<\/a>\n          <br>\n          Asesoramiento gratuito y confidencial para los afectados, incluida informaci\u00f3n sobre otros recursos\/emergencias (multiling\u00fce).\n        <\/li>\n        <li>\n            <a href=\"https:\/\/opferhilfe-schweiz.ch\/de\/ich-bin-opfer-von\/sexuellegewalt\/\" target=\"_blank\" rel=\"noopener\">Apoyo a las v\u00edctimas Suiza - Violencia sexual<\/a>\n          <br>\n          Derechos, pr\u00f3ximos pasos e informaci\u00f3n \u00fatil.\n        <\/li>\n        <li>\n            <a href=\"https:\/\/opferhilfe-schweiz.ch\/de\/wo-finde-ich-hilfe\/\" target=\"_blank\" rel=\"noopener\">Ayuda a las V\u00edctimas Suiza - Puntos de contacto cantonales<\/a>\n          <br>\n          Busque el centro de asesoramiento de apoyo a las v\u00edctimas adecuado en su cant\u00f3n.\n        <\/li>\n        <li>\n            <a href=\"https:\/\/belaestigt.ch\/anlaufstellen\/\" target=\"_blank\" rel=\"noopener\">belaestigt.ch - Puntos de contacto<\/a>\n          <br>\n          Enfoque en el lugar de trabajo: acoso sexual en el trabajo - visi\u00f3n general por cant\u00f3n.\n        <\/li>\n        <li>\n            <a href=\"https:\/\/opferhilfe-beiderbasel.ch\/\" target=\"_blank\" rel=\"noopener\">Apoyo a las v\u00edctimas de Basilea<\/a>\n          <br>\n          Asesoramiento y asistencia, incluido chat:\n          <a href=\"https:\/\/online.opferhilfe-beiderbasel.ch\/\" target=\"_blank\" rel=\"noopener\">online.opferhilfe-beiderbasel.ch<\/a>\n        <\/li>\n        <li>\n            <a href=\"https:\/\/www.lgbtiq-helpline.ch\/de\" target=\"_blank\" rel=\"noopener\">L\u00ednea de ayuda LGBTIQ<\/a>\n          <br>\n          Tel\u00e9fono y chat gratuitos y confidenciales para personas LGBTIQ.\n        <\/li>\n      <\/ul>\n      \n        Internacional (tambi\u00e9n de Suiza): <strong>116 006<\/strong> (v\u00edctimas de delitos) y <strong>116 016<\/strong> (violencia contra las mujeres).\n        <a href=\"https:\/\/victim-support.eu\/media-center\/campaigns\/116006-helpline-one-number-one-standard-equal-support-for-every-victim\/\" target=\"_blank\" rel=\"noopener\">Informaci\u00f3n sobre 116 006<\/a>\n      \n    <!-- SECTION: DISCRETE HELP -->\n      <h2>Ayuda discreta en la vida cotidiana<\/h2>\n      <details>\n        <summary>\u201ePregunte por Luisa\u201c (Bares y discotecas)<\/summary>\n        \n          En las empresas participantes, puede preguntar al personal por \u201eLuisa\u201c. Es una palabra clave para obtener ayuda\n          (por ejemplo, escolta, organizaci\u00f3n de un taxi, habitaci\u00f3n segura).\n        \n        \n          Ejemplo\/info (Suiza):\n          <a href=\"https:\/\/opferhilfe-beiderbasel.ch\/luisa-ist-hier\/\" target=\"_blank\" rel=\"noopener\">\n            Luisa est\u00e1 aqu\u00ed - Opferhilfe beider Basel\n          <\/a>\n        \n      <\/details>\n      <details>\n        <summary>Se\u00f1al de ayuda con la mano<\/summary>\n        <ol>\n          <li>Levanta la mano, con la palma hacia delante y los pulgares separados.<\/li>\n          <li>Dobla el pulgar sobre la palma de la mano.<\/li>\n          <li>Coloca el resto de los dedos sobre \u00e9l como si encerraras el pulgar.<\/li>\n        <\/ol>\n        \n          Fuente:\n          <a href=\"https:\/\/www.aha.li\/notfallhandzeichen\" target=\"_blank\" rel=\"noopener\">\n            aha.li - Se\u00f1ales manuales de emergencia\n          <\/a>\n        \n      <\/details>\n      <details>\n        <summary>Si quiere apoyar a alguien<\/summary>\n        <ul>\n          <li>Escucha, t\u00f3matelo en serio, no presiones.<\/li>\n          <li>Preguntas: \u201e\u00bfQu\u00e9 necesitas ahora?\u201c<\/li>\n          <li>Ofr\u00e9cete para contactar juntos con un centro (por tel\u00e9fono o chat).<\/li>\n          <li>Respete el ritmo y las decisiones de la persona afectada.<\/li>\n        <\/ul>\n      <\/details>\n      \n        <strong>Nota:<\/strong> Esta p\u00e1gina no sustituye al asesoramiento m\u00e9dico o jur\u00eddico. En caso de urgencia: <strong>117<\/strong>.\n      \n<\/section>\n<h2>\n\t\t\tSuscr\u00edbase al bolet\u00edn de nuestra campa\u00f1a\t<\/h2>\n<h4>\n\t\t\ty obtenga m\u00e1s informaci\u00f3n sobre la campa\u00f1a de forma permanente. \u00a1Juntos podemos marcar la diferencia!\t<\/h4>\n<h2>\n\t\t\tCampa\u00f1as anteriores\t<\/h2>\n\t\t\t<a href=\"https:\/\/www.mission-21.org\/es\/campana-2030\/\" target=\"_self\">\n\t\t\t\t\t\t\tCampa\u00f1a 2025\n\t\t\t\t\t<\/a>\n\t\t\t<a href=\"https:\/\/www.mission-21.org\/es\/campana-2024\/\" target=\"_self\">\n\t\t\t\t\t\t\tCampa\u00f1a 2024\n\t\t\t\t\t<\/a>\n\t\t\t<a href=\"https:\/\/www.mission-21.org\/es\/participar\/campana-2023\/\" target=\"_self\">\n\t\t\t\t\t\t\tCampa\u00f1a 2023\n\t\t\t\t\t<\/a>","protected":false},"excerpt":{"rendered":"<p>Gemeinsam gegen Gewalt Kampagnenzeitraum: 6. September bis 1. Advent 2026 Gemeinsam stark: Zum Internationalen Tag der Frau am 8. M\u00e4rz Rights. Justice. Action: Unter diesem Motto der UN Women setzt sich Mission 21 auch dieses Jahr gemeinsam mit Partnerorganisationen f\u00fcr die Rechte von Frauen und M\u00e4dchen ein. Mit unseren Projekten st\u00e4rken wir Betroffene geschlechtsbezogener Gewalt, [&hellip;]<\/p>\n","protected":false},"author":15,"featured_media":15441,"parent":0,"menu_order":0,"comment_status":"closed","ping_status":"closed","template":"","meta":{"_acf_changed":false,"_seopress_robots_primary_cat":"","_seopress_titles_title":"Kampagne 2026 - Mission 21","_seopress_titles_desc":"Mission 21 setzt sich mit ihrer Kampagne 2026 gezielt f\u00fcr die F\u00f6rderung von Frieden und Gerechtigkeit durch interreligi\u00f6se und interkulturelle Zusammenarbeit ein.","_seopress_robots_index":"","_searchwp_excluded":"","site-sidebar-layout":"default","site-content-layout":"","ast-site-content-layout":"default","site-content-style":"default","site-sidebar-style":"default","ast-global-header-display":"","ast-banner-title-visibility":"","ast-main-header-display":"","ast-hfb-above-header-display":"","ast-hfb-below-header-display":"","ast-hfb-mobile-header-display":"","site-post-title":"","ast-breadcrumbs-content":"","ast-featured-img":"","footer-sml-layout":"","ast-disable-related-posts":"","theme-transparent-header-meta":"","adv-header-id-meta":"","stick-header-meta":"","header-above-stick-meta":"","header-main-stick-meta":"","header-below-stick-meta":"","astra-migrate-meta-layouts":"set","ast-page-background-enabled":"default","ast-page-background-meta":{"desktop":{"background-color":"var(--ast-global-color-4)","background-image":"","background-repeat":"repeat","background-position":"center center","background-size":"auto","background-attachment":"scroll","background-type":"","background-media":"","overlay-type":"","overlay-color":"","overlay-opacity":"","overlay-gradient":""},"tablet":{"background-color":"","background-image":"","background-repeat":"repeat","background-position":"center center","background-size":"auto","background-attachment":"scroll","background-type":"","background-media":"","overlay-type":"","overlay-color":"","overlay-opacity":"","overlay-gradient":""},"mobile":{"background-color":"","background-image":"","background-repeat":"repeat","background-position":"center center","background-size":"auto","background-attachment":"scroll","background-type":"","background-media":"","overlay-type":"","overlay-color":"","overlay-opacity":"","overlay-gradient":""}},"ast-content-background-meta":{"desktop":{"background-color":"var(--ast-global-color-5)","background-image":"","background-repeat":"repeat","background-position":"center center","background-size":"auto","background-attachment":"scroll","background-type":"","background-media":"","overlay-type":"","overlay-color":"","overlay-opacity":"","overlay-gradient":""},"tablet":{"background-color":"var(--ast-global-color-5)","background-image":"","background-repeat":"repeat","background-position":"center center","background-size":"auto","background-attachment":"scroll","background-type":"","background-media":"","overlay-type":"","overlay-color":"","overlay-opacity":"","overlay-gradient":""},"mobile":{"background-color":"var(--ast-global-color-5)","background-image":"","background-repeat":"repeat","background-position":"center center","background-size":"auto","background-attachment":"scroll","background-type":"","background-media":"","overlay-type":"","overlay-color":"","overlay-opacity":"","overlay-gradient":""}},"iawp_total_views":807,"footnotes":""},"hf_cat_page":[],"class_list":["post-17855","page","type-page","status-publish","has-post-thumbnail"],"acf":[],"_links":{"self":[{"href":"https:\/\/www.mission-21.org\/es\/wp-json\/wp\/v2\/pages\/17855","targetHints":{"allow":["GET"]}}],"collection":[{"href":"https:\/\/www.mission-21.org\/es\/wp-json\/wp\/v2\/pages"}],"about":[{"href":"https:\/\/www.mission-21.org\/es\/wp-json\/wp\/v2\/types\/page"}],"author":[{"embeddable":true,"href":"https:\/\/www.mission-21.org\/es\/wp-json\/wp\/v2\/users\/15"}],"replies":[{"embeddable":true,"href":"https:\/\/www.mission-21.org\/es\/wp-json\/wp\/v2\/comments?post=17855"}],"version-history":[{"count":11,"href":"https:\/\/www.mission-21.org\/es\/wp-json\/wp\/v2\/pages\/17855\/revisions"}],"predecessor-version":[{"id":20106,"href":"https:\/\/www.mission-21.org\/es\/wp-json\/wp\/v2\/pages\/17855\/revisions\/20106"}],"wp:featuredmedia":[{"embeddable":true,"href":"https:\/\/www.mission-21.org\/es\/wp-json\/wp\/v2\/media\/15441"}],"wp:attachment":[{"href":"https:\/\/www.mission-21.org\/es\/wp-json\/wp\/v2\/media?parent=17855"}],"wp:term":[{"taxonomy":"hf_cat_page","embeddable":true,"href":"https:\/\/www.mission-21.org\/es\/wp-json\/wp\/v2\/hf_cat_page?post=17855"}],"curies":[{"name":"wp","href":"https:\/\/api.w.org\/{rel}","templated":true}]}}