{"id":20018,"date":"2026-04-07T09:15:51","date_gmt":"2026-04-07T07:15:51","guid":{"rendered":"https:\/\/www.mission-21.org\/?page_id=20018"},"modified":"2026-05-12T18:57:01","modified_gmt":"2026-05-12T16:57:01","slug":"asesores","status":"publish","type":"page","link":"https:\/\/www.mission-21.org\/es\/was-wir-tun\/advisors\/","title":{"rendered":"Asesores"},"content":{"rendered":"<figure itemscope itemtype=\"https:\/\/schema.org\/ImageObject\">\n\t\t\t\t<img decoding=\"async\" src=\"https:\/\/www.mission-21.org\/wp-content\/uploads\/2022\/08\/csm_header_news_d521d70e38.jpeg\" alt=\"csm header news d521d70e38\" height=\"688\" width=\"1680\" title=\"csm_Header_News_d521d70e38\" onerror=\"this.style.display='none'\" loading=\"lazy\" \/>\n\t<\/figure>\n\t\t\t<h2>Responsabilidad en tiempos de cambio<\/h2>\t\t\t\n\t\t\t\t<p>Los intermediarios que asesoran en asuntos familiares, planificaci\u00f3n patrimonial, estructuraci\u00f3n de activos o constelaciones similares se ocupan cada vez m\u00e1s de cuestiones filantr\u00f3picas como parte de sus mandatos.<br \/>En tales contextos, resulta \u00fatil poder clasificar las organizaciones asociadas y sus estructuras institucionales, m\u00e9todos de trabajo y mecanismos de control.<\/p>\n<p>La siguiente panor\u00e1mica ofrece a los socios del entorno intermediario, en particular, una visi\u00f3n de los aspectos clave de nuestra organizaci\u00f3n y nuestro trabajo.<\/p>\n\t<h2><strong>Breve retrato<\/strong><\/h2>\n<p>Mission 21 es una organizaci\u00f3n internacional sin \u00e1nimo de lucro con sede en Basilea. Surgi\u00f3 de la Misi\u00f3n de Basilea fundada en 1815 y cuenta con m\u00e1s de 200 a\u00f1os de experiencia en cooperaci\u00f3n internacional y ayuda humanitaria.<\/p>\n<p>Nuestro trabajo pretende lograr un impacto sostenible, justicia y una mejora de las condiciones de vida de los grupos de poblaci\u00f3n desfavorecidos. Para ello, trabajamos con nuestras organizaciones socias en la puesta en marcha de iniciativas en diversas regiones del mundo y contextos con las siguientes prioridades:<\/p>\n\t<link href=\"https:\/\/fonts.googleapis.com\/css2?family=Titillium+Web:wght@300;400;700&#038;display=swap\" rel=\"stylesheet\"\/>\n  <h3>Misi\u00f3n 21 en cifras<\/h3>\n  <ul>\n    <li>M\u00e1s de 200 a\u00f1os de actividad internacional<\/li>\n    <li>M\u00e1s de 70 organizaciones asociadas<\/li>\n    <li>M\u00e1s de 60 proyectos<\/li>\n    <li>M\u00e1s de 50 empleados<\/li>\n    <li>14 pa\u00edses<\/li>\n    <li>8 ODS en el punto de mira<\/li>\n  <\/ul>\n\t\t\t<a href=\"https:\/\/www.mission-21.org\/es\/quienes-somos\/\"  target=\"_blank\" rel=\"noopener\">\n\t\t\t\t\t\t\tM\u00e1s informaci\u00f3n sobre Mission 21\n\t\t\t\t\t<\/a>\n<figure itemscope itemtype=\"https:\/\/schema.org\/ImageObject\">\n\t\t\t\t<img decoding=\"async\" src=\"https:\/\/www.mission-21.org\/wp-content\/uploads\/2026\/03\/zewo-pwc-eduqua-logo-ohne-hintergrund.png\" alt=\"zewo, pwc, eduqua logotipo sin fondo\" height=\"1260\" width=\"1680\" title=\"Zewo, pwc, eduqua logotipo sin fondo\" onerror=\"this.style.display='none'\" loading=\"lazy\" \/>\n\t<\/figure>\n<h2>\n\t\t\tBuena gobernanza y normas\t<\/h2>\n\t<p>Contamos con estructuras de supervisi\u00f3n y toma de decisiones claramente definidas y estamos comprometidos con el uso transparente y responsable de los fondos que se nos conf\u00edan.<\/p>\n<p>Los elementos centrales de nuestra garant\u00eda de calidad institucional incluyen<\/p>\n' Reconocida como organizaci\u00f3n sin \u00e1nimo de lucro y exenta de impuestos en Suiza<br \/>\n' Auditor\u00eda externa de los estados financieros anuales por PwC<br \/>\n' Certificaci\u00f3n ZEWO de transparencia y uso de fondos<br \/>\n' certificaci\u00f3n eduQua en el \u00e1mbito de la educaci\u00f3n de adultos<br \/>\n' Principios anticorrupci\u00f3n y de cumplimiento (C\u00f3digo de conducta)<br \/>\n' Directrices y pol\u00edticas \u00e9ticas sobre comunicaci\u00f3n, lenguaje justo, protecci\u00f3n del clima y aceptaci\u00f3n de donaciones.\n\t\t\t<a href=\"https:\/\/www.mission-21.org\/es\/informar-a\/tienda-material-y-productos\/?_produkt_kategorie=informationen\"  target=\"_blank\" rel=\"noopener\">\n\t\t\t\t\t\t\tA los informes anuales\n\t\t\t\t\t<\/a>\n<h2>\n\t\t\tPresencia internacional\t<\/h2>\n\t<p>Trabajamos con programas y asociaciones a largo plazo en pa\u00edses seleccionados de \u00c1frica, Asia y Am\u00e9rica Latina, as\u00ed como en Suiza.<\/p>\n<p>Las oficinas regionales de coordinaci\u00f3n garantizan la coordinaci\u00f3n continua de los programas y permiten una estrecha cooperaci\u00f3n y ejecuci\u00f3n a nivel local a trav\u00e9s de organizaciones locales.<\/p>\n<p>En el mapa de al lado encontrar\u00e1 un resumen de los pa\u00edses en los que trabajamos actualmente.<\/p>\n\t\t\t<a href=\"https:\/\/www.mission-21.org\/es\/que-hacemos\/proyectos-y-socios\/\"  target=\"_blank\" rel=\"noopener\">\n\t\t\t\t\t\t\tM\u00e1s informaci\u00f3n sobre nuestros proyectos y programas\n\t\t\t\t\t<\/a>\n\t<div class=\"map_wrapper\" id=\"map_wrapper_16209\">\n<div class=\"map_box\" style=\"max-width:2000px\">\n<div class=\"map_aspect_ratio\" style=\"padding-top:56%\" data-padding-top=\"56%\" data-padding-top-mobile=\"0%\">\n<div class=\"map_container\">\n<div class=\"map_render map_loading\" id=\"map_16209\"><\/div>\n<\/div>\n<\/div>\n<\/div>\n<\/div>\n<h2>\n\t\t\tOrientaci\u00f3n al impacto\t<\/h2>\n\t<p>Desarrollamos nuestros programas en estrecha colaboraci\u00f3n con socios locales y los alineamos con objetivos de impacto claramente formulados.<\/p>\n<p>Llevamos a cabo procesos peri\u00f3dicos de seguimiento y evaluaci\u00f3n para desarrollar continuamente la calidad y eficacia de este trabajo. Los resultados se incorporan a la planificaci\u00f3n estrat\u00e9gica. Algunos programas tambi\u00e9n se someten a evaluaciones externas.<\/p>\n<p>Nuestro planteamiento se basa en la siguiente cadena de efectos (Teor\u00eda del Cambio).<\/p>\n      <h3>Recursos<\/h3>\n      <ul>\n        <li>Financiaci\u00f3n<\/li>\n        <li>Experiencia<\/li>\n        <li>Redes internacionales<\/li>\n      <\/ul>\n      <h3>L\u00f3gica de intervenci\u00f3n<\/h3>\n      <ul>\n        <li>Fortalecimiento de los socios locales<\/li>\n        <li>Apoyo y desarrollo de competencias<\/li>\n        <li>Enfoques basados en el di\u00e1logo y la situaci\u00f3n<\/li>\n      <\/ul>\n      <h3>Cambios<\/h3>\n      <ul>\n        <li>Mayor responsabilidad personal<\/li>\n        <li>Mejor acceso a los recursos<\/li>\n        <li>Mayor participaci\u00f3n social y pol\u00edtica<\/li>\n      <\/ul>\n      <h3>Resultados<\/h3>\n      <ul>\n        <li>Funcionamiento de las estructuras locales<\/li>\n        <li>Competencias y procesos mejorados<\/li>\n        <li>Programas locales en \u00e1mbitos de actividad clave<\/li>\n      <\/ul>\n      <h3>Efecto a largo plazo<\/h3>\n      \n        Estructuras sociales m\u00e1s estables, justas y accesibles,\n        que mejoren de forma sostenible las perspectivas de vida locales.\n      \n<h2>\n\t\t\tOrientaci\u00f3n hacia los objetivos de sostenibilidad\t<\/h2>\n\t<p>Alineamos nuestras actividades con determinados objetivos de sostenibilidad de las Naciones Unidas como parte de la Agenda 2030 (Objetivos de Desarrollo Sostenible).<\/p>\n<p>En concreto, nuestros programas contribuyen a la consolidaci\u00f3n de la paz, la educaci\u00f3n, la sanidad y la seguridad alimentaria. Estos incluyen, entre otros<\/p>\n  <a href=\"https:\/\/www.mission-21.org\/es\/paz\/\" target=\"_blank\">\n    16\n      Frieden,<br \/>\n      Justicia<br \/>\n      y fuerte<br \/>\n      Instituciones\n  <\/a>\n  <a href=\"https:\/\/www.mission-21.org\/es\/que-hacemos\/proyectos-y-socios\/?_search_test=armut\" target=\"_blank\">\n    1\n      Keine<br \/>\n      Pobreza\n  <\/a>\n  <a href=\"https:\/\/www.mission-21.org\/es\/que-hacemos\/proyectos-y-socios\/?_search_test=armut&#038;_themen=ernaehrungssouveraenitaet\" target=\"_blank\">\n    2\n      Kein<br \/>\n      Hambre\n  <\/a>\n  <a href=\"https:\/\/www.mission-21.org\/es\/que-hacemos\/proyectos-y-socios\/?_themen=gesundheit\" target=\"_blank\">\n    3\n      Gesundheit<br \/>\n      y<br \/>\n      Bienestar\n  <\/a>\n  <a href=\"https:\/\/www.mission-21.org\/es\/que-hacemos\/proyectos-y-socios\/?_themen=bildung\" target=\"_blank\">\n    4\n      Hochwertige<br \/>\n      Educaci\u00f3n\n  <\/a>\n  <a href=\"https:\/\/www.mission-21.org\/es\/que-hacemos\/proyectos-y-socios\/?_themen=gendergerechtigkeit\" target=\"_blank\">\n    5\n      Geschlechter-<br \/>\n      igualdad\n  <\/a>\n  <a href=\"https:\/\/www.mission-21.org\/es\/que-hacemos\/proyectos-y-socios\/?_themen=bildung-fuer-den-sozialen-wandel\" target=\"_blank\">\n    8\n      Menschenw\u00fcrdige<br \/>\n      Trabajo y<br \/>\n      Econ\u00f3mico<br \/>\n      crecimiento\n  <\/a>\n  <a href=\"https:\/\/www.mission-21.org\/es\/que-hacemos\/proyectos-y-socios\/?_themen=gendergerechtigkeit\" target=\"_blank\">\n    10\n      Weniger<br \/>\n      Desigualdades\n  <\/a>\n<style>\n.sdg-grid{\n  display:grid;\n  grid-template-columns:repeat(4,150px);\n  gap:14px;\n  margin:30px 0;\n}\n.sdg-card{\n  width:150px;\n  height:150px;\n  padding:16px 18px;\n  box-sizing:border-box;\n  color:#fff;\n  text-decoration:none;\n  display:flex;\n  flex-direction:column;\n  justify-content:flex-start;\n  overflow:hidden;\n  transition:all .25s ease;\n}\n.sdg-card:hover{\n  transform:translateY(-4px);\n  filter:brightness(1.08);\n}\n.sdg-number{\n  font-size:46px;\n  font-weight:800;\n  line-height:1;\n  margin-bottom:12px;\n}\n.sdg-title{\n  font-size:15px;\n  line-height:1.15;\n  font-weight:500;\n}\n\/* Sonderregel SDG 16 *\/\n.sdg16 .sdg-number{\n  font-size:38px;\n  margin-bottom:8px;\n}\n.sdg16 .sdg-title{\n  font-size:13px;\n  line-height:1.1;\n}\n\/* Sonderregel SDG 8 *\/\n.sdg8 .sdg-number{\n  font-size:40px;\n  margin-bottom:8px;\n}\n.sdg8 .sdg-title{\n  font-size:12px;\n  line-height:1.05;\n}\n\/* Farben *\/\n.sdg16{\n  background:#00689D;\n}\n.sdg1{\n  background:#E5243B;\n}\n.sdg2{\n  background:#DDA63A;\n}\n.sdg3{\n  background:#4C9F38;\n}\n.sdg4{\n  background:#C5192D;\n}\n.sdg5{\n  background:#FF3A21;\n}\n.sdg8{\n  background:#A21942;\n}\n.sdg10{\n  background:#DD1367;\n}\n\/* Tablet *\/\n@media(max-width:900px){\n  .sdg-grid{\n    grid-template-columns:repeat(2,150px);\n  }\n}\n\/* Mobile *\/\n@media(max-width:500px){\n  .sdg-grid{\n    grid-template-columns:1fr;\n  }\n  .sdg-card{\n    width:100%;\n    max-width:220px;\n  }\n}\n<\/style>\n<figure itemscope itemtype=\"https:\/\/schema.org\/ImageObject\">\n\t\t\t\t<img decoding=\"async\" src=\"https:\/\/www.mission-21.org\/wp-content\/uploads\/2026\/03\/logos-netzwerke-ohne-hintergrund-600x450.png\" alt=\"redes de logotipos sin fondo\" height=\"450\" width=\"600\" title=\"Logos Redes sin fondo\" onerror=\"this.style.display='none'\" loading=\"lazy\" \/>\n\t<\/figure>\n<h2>\n\t\t\tRedes\t<\/h2>\n\t<p>Formamos parte de diversas redes nacionales e internacionales en el \u00e1mbito de la cooperaci\u00f3n al desarrollo y la filantrop\u00eda.<\/p>\n<p>Estas colaboraciones permiten el intercambio profesional, la elaboraci\u00f3n de normas comunes y la cooperaci\u00f3n coordinada con organizaciones asociadas de todo el mundo.<\/p>\n<h2>\n\t\t\tLos siguientes v\u00eddeos ofrecen una visi\u00f3n de nuestros programas y proyectos en diversas regiones: \t<\/h2>\n    <a href=\"https:\/\/vimeo.com\/851195532\" target=\"_blank\" rel=\"noopener\">\n      <img decoding=\"async\" src=\"https:\/\/www.mission-21.org\/wp-content\/uploads\/2026\/04\/thumbnail_doku-lateinamerika.jpg\" alt=\"Soberan\u00eda alimentaria en Am\u00e9rica Latina\"\/>\n    <\/a>\n      <h3>Soberan\u00eda alimentaria en Am\u00e9rica Latina<\/h3>\n      <p>Serie de documentales en cinco partes sobre el trabajo de Mission 21 para promover la soberan\u00eda alimentaria y la agricultura sostenible en el altiplano.<\/p>\n    <a href=\"https:\/\/vimeo.com\/417983256\" target=\"_blank\" rel=\"noopener\">\n      <img decoding=\"async\" src=\"https:\/\/www.mission-21.org\/wp-content\/uploads\/2026\/04\/thumbnail_film-suedsudan.jpg\" alt=\"El sue\u00f1o de la paz en Sud\u00e1n del Sur\"\/>\n    <\/a>\n      <h3>El sue\u00f1o de la paz en Sud\u00e1n del Sur<\/h3>\n      <p>Una mirada al trabajo de Mission 21 en el Centro Infantil de Muhaba y a la vida de los ni\u00f1os que encuentran aqu\u00ed protecci\u00f3n y perspectivas.<\/p>\n    <a href=\"https:\/\/www.srf.ch\/play\/tv\/mitenand\/video\/hongkong---gegen-die-ausbeutung-von-hausangestellten?urn=urn:srf:video:c7ea8668-db05-4878-a927-1f3c77f30a00\" target=\"_blank\" rel=\"noopener\">\n      <img decoding=\"async\" src=\"https:\/\/www.mission-21.org\/wp-content\/uploads\/2026\/04\/thumbnail_film-hongkong.jpg\" alt=\"Contra la explotaci\u00f3n de los trabajadores dom\u00e9sticos en Hong Kong\"\/>\n    <\/a>\n      <h3>Contra la explotaci\u00f3n de los trabajadores dom\u00e9sticos en Hong Kong<\/h3>\n      <p>Una contribuci\u00f3n al programa SRF <em>cony<\/em> sobre el trabajo de Mission 21 sobre el terreno y su compromiso con los derechos de los trabajadores dom\u00e9sticos.<\/p>\n<h2>\n\t\t\tPublicaci\u00f3n\t<\/h2>\n\t<p>Puede solicitar o descargar aqu\u00ed un informe compacto con informaci\u00f3n general sobre nuestro trabajo y su encaje en el entorno de la consultor\u00eda.<\/p>\n\t<iframe width=\"620px\" height=\"481px\" src=\"https:\/\/www.yumpu.com\/de\/embed\/view\/jMrzvZ9IJ6ERyGsu\" frameborder=\"0\" allowfullscreen=\"true\"  allowtransparency=\"true\"><\/iframe>\n<figure itemscope itemtype=\"https:\/\/schema.org\/ImageObject\">\n\t\t\t\t<img decoding=\"async\" src=\"https:\/\/www.mission-21.org\/wp-content\/uploads\/2026\/05\/picture-tc-300x300.jpeg\" alt=\"Christian Tohm\u00e9\" height=\"300\" width=\"300\" title=\"foto tc\" onerror=\"this.style.display='none'\" loading=\"lazy\" \/>\n\t<\/figure>\n<h2>\n\t\t\tSu contacto\t<\/h2>\n\t<strong>Christian Tohm\u00e9<\/strong><br \/>\nAsesor Principal, Filantrop\u00eda\n<p>Christian.Tohme@mission-21.org | +41 61 260 23 40<\/p>\n<p>Estamos a su disposici\u00f3n y a la de sus clientes para conversar o ampliar informaci\u00f3n. Si lo desea, nuestros gestores de programas tambi\u00e9n estar\u00e1n encantados de ofrecerle informaci\u00f3n detallada sobre su trabajo in situ.<\/p>","protected":false},"excerpt":{"rendered":"<p>Verantwortung im Wandel Beratende Intermedi\u00e4re im Umfeld von Familienbelangen, Nachlassregelungen, Verm\u00f6gensstrukturierung oder vergleichbaren Konstellationen befassen sich im Rahmen ihrer Mandate zunehmend auch mit Fragen philanthropischen Engagements.In solchen Kontexten ist es hilfreich, Partnerorganisationen sowie ihre institutionellen Strukturen, Arbeitsweisen und Kontrollmechanismen einordnen zu k\u00f6nnen. Die folgende \u00dcbersicht gibt insbesondere Partnerinnen und Partnern im intermedi\u00e4ren Umfeld einen Einblick [&hellip;]<\/p>\n","protected":false},"author":32,"featured_media":20020,"parent":205,"menu_order":0,"comment_status":"closed","ping_status":"closed","template":"","meta":{"_acf_changed":false,"_seopress_robots_primary_cat":"","_seopress_titles_title":"","_seopress_titles_desc":"","_seopress_robots_index":"","_searchwp_excluded":"","site-sidebar-layout":"default","site-content-layout":"","ast-site-content-layout":"default","site-content-style":"default","site-sidebar-style":"default","ast-global-header-display":"","ast-banner-title-visibility":"","ast-main-header-display":"","ast-hfb-above-header-display":"","ast-hfb-below-header-display":"","ast-hfb-mobile-header-display":"","site-post-title":"","ast-breadcrumbs-content":"","ast-featured-img":"","footer-sml-layout":"","ast-disable-related-posts":"","theme-transparent-header-meta":"","adv-header-id-meta":"","stick-header-meta":"","header-above-stick-meta":"","header-main-stick-meta":"","header-below-stick-meta":"","astra-migrate-meta-layouts":"set","ast-page-background-enabled":"default","ast-page-background-meta":{"desktop":{"background-color":"var(--ast-global-color-4)","background-image":"","background-repeat":"repeat","background-position":"center center","background-size":"auto","background-attachment":"scroll","background-type":"","background-media":"","overlay-type":"","overlay-color":"","overlay-opacity":"","overlay-gradient":""},"tablet":{"background-color":"","background-image":"","background-repeat":"repeat","background-position":"center center","background-size":"auto","background-attachment":"scroll","background-type":"","background-media":"","overlay-type":"","overlay-color":"","overlay-opacity":"","overlay-gradient":""},"mobile":{"background-color":"","background-image":"","background-repeat":"repeat","background-position":"center center","background-size":"auto","background-attachment":"scroll","background-type":"","background-media":"","overlay-type":"","overlay-color":"","overlay-opacity":"","overlay-gradient":""}},"ast-content-background-meta":{"desktop":{"background-color":"var(--ast-global-color-5)","background-image":"","background-repeat":"repeat","background-position":"center center","background-size":"auto","background-attachment":"scroll","background-type":"","background-media":"","overlay-type":"","overlay-color":"","overlay-opacity":"","overlay-gradient":""},"tablet":{"background-color":"var(--ast-global-color-5)","background-image":"","background-repeat":"repeat","background-position":"center center","background-size":"auto","background-attachment":"scroll","background-type":"","background-media":"","overlay-type":"","overlay-color":"","overlay-opacity":"","overlay-gradient":""},"mobile":{"background-color":"var(--ast-global-color-5)","background-image":"","background-repeat":"repeat","background-position":"center center","background-size":"auto","background-attachment":"scroll","background-type":"","background-media":"","overlay-type":"","overlay-color":"","overlay-opacity":"","overlay-gradient":""}},"iawp_total_views":77,"footnotes":""},"hf_cat_page":[302],"class_list":["post-20018","page","type-page","status-publish","has-post-thumbnail"],"acf":[],"_links":{"self":[{"href":"https:\/\/www.mission-21.org\/es\/wp-json\/wp\/v2\/pages\/20018","targetHints":{"allow":["GET"]}}],"collection":[{"href":"https:\/\/www.mission-21.org\/es\/wp-json\/wp\/v2\/pages"}],"about":[{"href":"https:\/\/www.mission-21.org\/es\/wp-json\/wp\/v2\/types\/page"}],"author":[{"embeddable":true,"href":"https:\/\/www.mission-21.org\/es\/wp-json\/wp\/v2\/users\/32"}],"replies":[{"embeddable":true,"href":"https:\/\/www.mission-21.org\/es\/wp-json\/wp\/v2\/comments?post=20018"}],"version-history":[{"count":11,"href":"https:\/\/www.mission-21.org\/es\/wp-json\/wp\/v2\/pages\/20018\/revisions"}],"predecessor-version":[{"id":20519,"href":"https:\/\/www.mission-21.org\/es\/wp-json\/wp\/v2\/pages\/20018\/revisions\/20519"}],"up":[{"embeddable":true,"href":"https:\/\/www.mission-21.org\/es\/wp-json\/wp\/v2\/pages\/205"}],"wp:featuredmedia":[{"embeddable":true,"href":"https:\/\/www.mission-21.org\/es\/wp-json\/wp\/v2\/media\/20020"}],"wp:attachment":[{"href":"https:\/\/www.mission-21.org\/es\/wp-json\/wp\/v2\/media?parent=20018"}],"wp:term":[{"taxonomy":"hf_cat_page","embeddable":true,"href":"https:\/\/www.mission-21.org\/es\/wp-json\/wp\/v2\/hf_cat_page?post=20018"}],"curies":[{"name":"wp","href":"https:\/\/api.w.org\/{rel}","templated":true}]}}