{"id":20099,"date":"2026-03-27T08:58:49","date_gmt":"2026-03-27T07:58:49","guid":{"rendered":"https:\/\/www.mission-21.org\/?page_id=20099"},"modified":"2026-04-16T08:59:53","modified_gmt":"2026-04-16T06:59:53","slug":"impulsos-para-la-practica","status":"publish","type":"page","link":"https:\/\/www.mission-21.org\/es\/kampagne-2026\/impulse-fuer-die-praxis\/","title":{"rendered":"Impulsos para la pr\u00e1ctica"},"content":{"rendered":"<h2>\n\t\t\tImpulsos para la pr\u00e1ctica: Juntos contra la violencia\t<\/h2>\n\t<p>La violencia de g\u00e9nero y la violencia sexual est\u00e1n muy extendidas en todo el mundo, y cada vez m\u00e1s en el espacio digital. Las instituciones educativas, como las escuelas y las parroquias, tienen una responsabilidad especial en la prevenci\u00f3n, la capacitaci\u00f3n y la creaci\u00f3n de espacios seguros, tambi\u00e9n en Suiza. Un compromiso consciente con la protecci\u00f3n y los derechos humanos requiere orientaci\u00f3n, conocimiento y pr\u00e1ctica. Nuestros programas educativos le proporcionan enfoques e ideas sensibles al trauma para la ense\u00f1anza y la educaci\u00f3n de adultos.<\/p>\n\t\t\t<h3>\u00bfC\u00f3mo hablar con ni\u00f1os y j\u00f3venes sobre la violencia?<\/h3>\t\t\t\n\t\t\t\t<p>El enfoque educativo del tema de la violencia es extremadamente relevante. Un enfoque sensible al trauma y adecuado a la edad dentro de un entorno de aprendizaje protegido es crucial.<\/p>\n<ul>\n<li><strong>Informaci\u00f3n y reflexi\u00f3n:<\/strong> Los alumnos reciben informaci\u00f3n objetiva sobre diversas formas de violencia y tienen la oportunidad de formular preguntas y reflexionar sobre los contextos sociales.<\/li>\n<li><strong>Estrictamente voluntario:<\/strong> Pueden compartirse experiencias personales, pero la participaci\u00f3n debe ser siempre voluntaria.<\/li>\n<li><strong>Liderazgo consciente:<\/strong> Los profesores deben escuchar con atenci\u00f3n, no presionar y tomarse en serio los l\u00edmites.<\/li>\n<li><strong>Soluciones conjuntas:<\/strong> El objetivo es crear un clima de confianza en el que se ponga nombre a la violencia, se reconozca que es una injusticia y se desarrollen conjuntamente opciones concretas de prevenci\u00f3n y actuaci\u00f3n.<\/li>\n<\/ul>\n<a href=\"https:\/\/www.mission-21.org\/wp-content\/uploads\/2026\/04\/m1_didaktische-hinweise_impulsheft-2026.pdf\" target=\"_blank\" rel=\"noopener\">M\u00e1s informaci\u00f3n (PDF)<\/a>\t\t\t\n\t\t\t\t<img decoding=\"async\" src=\"https:\/\/www.mission-21.org\/wp-content\/uploads\/2026\/04\/kampagne-2026-portraet-taty-p.-suandi-600x900.jpg\" alt=\"campa\u00f1a 2026 retrato taty p. suandi\" title=\"Campa\u00f1a 2026 - Retrato Taty P. Suandi\" itemprop=\"image\"\/>\n\t\t<h3>Reportaje fotogr\u00e1fico: Un lugar para nuevas esperanzas<\/h3>\t\t\t\n\t\t\t\tTaty P. Suandi es psic\u00f3loga cl\u00ednica en la isla indonesia de Java. En un reportaje fotogr\u00e1fico, nos lleva a la Pasundan Durebang (\u00abla casa de mi hermana\u00bb) de la iglesia protestante Pasundan.<br \/>\nLas im\u00e1genes ofrecen una visi\u00f3n de su trabajo y su compromiso para combatir la violencia contra las mujeres y los ni\u00f1os. Vemos lugares de paz y protecci\u00f3n, como una peque\u00f1a habitaci\u00f3n del centro de Bandung, y aprendemos sobre el poder motivador de los peque\u00f1os gestos, como los mensajes alentadores del tabl\u00f3n de anuncios.\n<p><a href=\"https:\/\/www.mission-21.org\/wp-content\/uploads\/2026\/04\/m3_fotostory_impulsheft-2026.pdf\" target=\"_blank\" rel=\"noopener\">M\u00e1s informaci\u00f3n (PDF)<\/a><\/p>\n<a href=\"https:\/\/www.mission-21.org\/wp-content\/uploads\/2026\/04\/m3_fotostory_impulsheft-2026_lowres.pptx\" target=\"_blank\" rel=\"noopener\">Presentaci\u00f3n del reportaje fotogr\u00e1fico (PPT)<\/a>\t\t\t\n\t\t\t<h3>Una lecci\u00f3n: basta de violencia<\/h3>\t\t\t\n\t\t\t\t<p>El proyecto \u00abCentro Pasundan Durebang\u00bb es muy adecuado para una unidad did\u00e1ctica sobre \u00abSuperar la violencia\u00bb en secundaria, pero tambi\u00e9n en el ciclo 2 de primaria. Una lecci\u00f3n interactiva de 90 minutos podr\u00eda constar de tres pasos:<\/p>\n<ol>\n<li><strong>Indonesien und das Zentrum &#8211; eine Spurensuche:<\/strong> Los j\u00f3venes recopilan preguntas sobre un pa\u00eds fascinante y conocen el Centro Durebang de Bandung a trav\u00e9s de un reportaje fotogr\u00e1fico.<\/li>\n<li><strong>Stop der Gewalt &#8211; was k\u00f6nnen wir tun?<\/strong> A partir de la historia de la psic\u00f3loga Taty P. Suandi y de dos gestos sencillos (la mano defensiva y la mano de apoyo), los j\u00f3venes debaten sobre el apoyo que necesitan las personas afectadas por la violencia.<\/li>\n<li><strong>Apoyo tras experiencias estresantes:<\/strong> Los j\u00f3venes intercambian conceptos, im\u00e1genes y una historia b\u00edblica que puede ayudarles en situaciones cr\u00edticas.<\/li>\n<\/ol>\n<a href=\"https:\/\/www.mission-21.org\/wp-content\/uploads\/2026\/04\/m2_unterrichtslektion_impulsheft-2026.pdf\" target=\"_blank\" rel=\"noopener\">M\u00e1s informaci\u00f3n (PDF)<\/a>\t\t\t\n\t\t\t\t<img decoding=\"async\" src=\"https:\/\/www.mission-21.org\/wp-content\/uploads\/2026\/04\/jubos-2024-raysa-diaz-romero_bearbeitet-300x300.jpg\" alt=\"jubos 2024 raysa d\u00edaz romero editado\" title=\"Jubos 2024 - Raysa D\u00edaz Romero_editado\" itemprop=\"image\"\/>\n\t\t<h3>Derechos de la mujer y cambio social<\/h3>\t\t\t\n\t\t\t\t<p>La soci\u00f3loga Raysa D\u00edaz Romero trabaja en Per\u00fa para Flora Trist\u00e1n, organizaci\u00f3n socia de Misi\u00f3n 21 que lucha por los derechos de la mujer y contra la violencia. Descubra en esta entrevista c\u00f3mo una generaci\u00f3n joven est\u00e1 dando forma al cambio social. Para Raysa D\u00edaz, una cosa est\u00e1 clara: \u00abSi eres feminista, quieres cambiar el mundo\u00bb.<\/p>\n<p>Para profundizar en la informaci\u00f3n, se dispone de tres impresionantes cortometrajes documentales que arrojan luz sobre el contexto de la obra de Flora Trist\u00e1n y los retos sociales actuales:<\/p>\n<ul>\n<li><a href=\"https:\/\/vimeo.com\/showcase\/11248750?video=941865220\" target=\"_blank\" rel=\"noopener\">Protestas sociales por la igualdad de g\u00e9nero y la democracia en Per\u00fa (10 min.)<\/a><\/li>\n<li><a href=\"https:\/\/vimeo.com\/showcase\/11248750?video=953637810\" target=\"_blank\" rel=\"noopener\">Asesoramiento jur\u00eddico a v\u00edctimas de violencia sexual en Flora Trist\u00e1n (17 min.)<\/a><\/li>\n<li><a href=\"https:\/\/vimeo.com\/showcase\/11248750?video=851195825\" target=\"_blank\" rel=\"noopener\">Die Wahrheit wird ans Licht kommen &#8211; Kontext Bolivien (11 Min.)<\/a><\/li>\n<\/ul>\n<a href=\"https:\/\/www.mission-21.org\/wp-content\/uploads\/2026\/04\/m4_frauenrechte-in-peru_impulsheft-2026.pdf\" target=\"_blank\" rel=\"noopener\">M\u00e1s informaci\u00f3n (PDF)<\/a>\t\t\t\n<h2>\n\t\t\tImpulsos espirituales para los servicios y devociones de la iglesia\t<\/h2>\n\t<p>C\u00e9ntrese en la superaci\u00f3n de la violencia y la opresi\u00f3n en su servicio religioso. Meditaciones con im\u00e1genes, interpretaciones b\u00edblicas y oraciones ofrecen inspiraci\u00f3n de las iglesias y organizaciones socias para la protecci\u00f3n y el empoderamiento de las personas.<\/p>\n\t\t\t<h3>Meditaci\u00f3n de im\u00e1genes: The Magnificat<\/h3>\t\t\n\t\t\t\t<img decoding=\"async\" src=\"https:\/\/www.mission-21.org\/wp-content\/uploads\/2026\/04\/19a_timur-poerwowidagdo-indonesien_lk-146-55_print.jpg\" alt=\"19a timur poerwowidagdo (indonesia) lk 1.46 55 imprimir\" title=\"19a_Timur Poerwowidagdo (Indonesia)_Lc 1:46-55_imprimir\" itemprop=\"image\"\/>\n\t\t\t\t\n    Timur Indyah Poerwowidagdo, Magnificat I (2009)\n\n<p>Una mujer vestida de rojo se adue\u00f1a de la sala: extiende los brazos en un movimiento de danza. Se ha quitado el chal azul de los hombros y lo extiende como una vela. Despliega su danza y su canto en vertical. Es Mar\u00eda, la madre de Jes\u00fas, que canta su Magnificat.<\/p>\n<p>Este cuadro del artista indonesio Timur Indyah Poerwowidagdo (nacido en 1941) ilustra de d\u00f3nde saca Mar\u00eda su vigor y su fuerza. El artista lo visualiza a trav\u00e9s de un s\u00edmbolo: una espiral roja. Mar\u00eda reconoce una luz que nace para ella como el sol. Recorre un camino que se abre ante ella como la salida de un laberinto.<\/p>\n<p>La promesa de Dios se alza sobre su vida como un halo. En un movimiento circular, siente el poder de Dios. Deja atr\u00e1s el estancamiento, la rigidez se disuelve, porque con el apoyo de Dios, las relaciones estructurales de poder cambian.<\/p>\n<p>Mar\u00eda entra confiada en el futuro y ocupa su lugar: \u00abMi alma alaba a Dios, y mi esp\u00edritu se alegra en Dios, mi salvaci\u00f3n, porque Dios me ha visto a m\u00ed y a mi situaci\u00f3n\u00bb. (Lucas 1:46-48)<\/p>\n<a href=\"https:\/\/www.mission-21.org\/wp-content\/uploads\/2026\/04\/m5_bildmeditation_impulsheft-2026.pdf\" target=\"_blank\" rel=\"noopener\">M\u00e1s informaci\u00f3n (PDF)<\/a>\t\t\t\n\t\t\t<h3>Una nueva interpretaci\u00f3n de la Biblia<\/h3>\t\t\t\n\t\t\t\t<p>La teolog\u00eda feminista vincula directamente los textos b\u00edblicos con la realidad actual y el compromiso mundial de lucha contra la violencia estructural y dom\u00e9stica.<\/p>\n<ul>\n<li><strong>Mar\u00eda y Marta:<\/strong> Ruth Vindas, de Costa Rica, lee Lucas 10:38-42 con el trasfondo de las experiencias de violencia en Am\u00e9rica Latina.<\/li>\n<li><strong>La batalla de Jacob en el Jaboc:<\/strong> Ira Imelda, de Indonesia, combina la historia de G\u00e9nesis 32:23-33 con su compromiso de combatir la violencia en su pa\u00eds.<\/li>\n<\/ul>\n<a href=\"https:\/\/www.mission-21.org\/wp-content\/uploads\/2026\/04\/m6_bibelauslegungen_impulsheft-2026.pdf\" target=\"_blank\" rel=\"noopener\">M\u00e1s informaci\u00f3n (PDF)<\/a>\t\t\t\n\t\t\t<h3>Oraciones y cantos: voces de todo el mundo<\/h3>\t\t\t\n\t\t\t\t<p>\u00abMis padres me ense\u00f1aron de ni\u00f1o que t\u00fa, Dios, existes. Nunca te vi, pero su fe me dijo que me conoces y sabes por lo que estoy pasando.<\/p>\n<p>Ahora s\u00f3lo estamos t\u00fa y yo. No s\u00e9 lo que pasar\u00e1 ma\u00f1ana, esta noche, dentro de una hora, ni siquiera dentro de unos minutos. S\u00e9 que tengo mucho miedo de todo y de todos...\u00bb<\/p>\n<p>Esta oraci\u00f3n da una idea de las experiencias de una joven en un pa\u00eds extranjero y procede del libro de oraciones de Basilea \u00abT\u00fa sabes qui\u00e9nes somos\u00bb. Tambi\u00e9n contiene oraciones conmovedoras de Etiop\u00eda, Myanmar, Colombia y muchos otros pa\u00edses.<\/p>\n<a href=\"https:\/\/www.mission-21.org\/wp-content\/uploads\/2026\/04\/m7_gebete-und-lieder_impulsheft-2026.pdf\" target=\"_blank\" rel=\"noopener\">M\u00e1s informaci\u00f3n (PDF)<\/a>\t\t\t\n<h2>\n\t\t\tDi\u00e1logo interreligioso: La charla en directo para grupos conf\t<\/h2>\n\t<p>El respeto y los encuentros pac\u00edficos entre religiones son una base s\u00f3lida para prevenir los conflictos y la violencia. Lleva este di\u00e1logo a tu clase de forma interactiva y aut\u00e9ntica: nuestras embajadoras de la juventud suiza Nina y Rahel participaron en el \u00abCampamento interreligioso juvenil internacional\u00bb en Indonesia. En una charla gratuita en directo de 20 minutos, informan directamente a tu grupo de conf sobre sus experiencias y responden a las preguntas de los j\u00f3venes. Este di\u00e1logo conjunto puede derribar prejuicios y hacer tangible por qu\u00e9 la coexistencia pac\u00edfica m\u00e1s all\u00e1 de las fronteras religiosas nos afecta a todos.<\/p>\n\t\t\t\t\n    \u00abLa diversidad que experiment\u00e9 en el campamento me anim\u00f3 a ser m\u00e1s consciente de las diferencias. Se ha vuelto a\u00fan m\u00e1s importante para m\u00ed escuchar otras perspectivas abiertamente y representar mis propios puntos de vista al mismo tiempo.\u00bb\n\n<p>&#8211; Nina, Jugendbotschafterin<\/p>\n\t\t\t\t\n    \u00abSo viele junge Menschen setzen sich in Indonesien aktiv f\u00fcr interreligi\u00f6sen Dialog ein. In der Schweiz ist das Zusammenleben verschiedener Religionen genauso aktuell &#8211; aber kaum ein Thema unter jungen Menschen.\u00bb\n\n<p>&#8211; Rahel, Jugendbotschafterin<\/p>\n\t\t\t<a href=\"mailto:young@mission-21.org\" title=\"\u2709\ufe0f Solicitar una cita para una videollamada\" target=\"_blank\" rel=\"noopener\"  role=\"button\" aria-label=\"\u2709\ufe0f Solicitar una cita para una videollamada\">\n\t\t\t\t\t\t\t\u2709\ufe0f Solicitar una cita para una videollamada\n\t\t<\/a>\n\t<style>\n\/* Sektion E - Download Grid Styling *\/\n.m21-download-section {\n    font-family: 'Titillium Web', sans-serif;\n    margin: 40px 0;\n}\n.m21-download-section h2 {\n    color: #000000;\n    font-weight: 600;\n    font-size: 32px;\n    margin-bottom: 10px; \/* Reduziert f\u00fcr den Untertitel *\/\n}\n.m21-download-intro {\n    font-size: 18px;\n    color: #333333;\n    margin-bottom: 30px;\n    line-height: 1.5;\n}\n.m21-download-grid {\n    display: flex;\n    flex-wrap: wrap;\n    gap: 30px;\n    color: #333333;\n}\n.m21-column {\n    flex: 1 1 calc(33.333% - 30px);\n    min-width: 280px;\n    border-top: 3px solid #8DB61D;\n    padding-top: 20px;\n}\n.m21-column h3 {\n    color: #000000;\n    font-weight: 600;\n    font-size: 25px;\n    margin-bottom: 20px;\n    line-height: 1.2;\n}\n.m21-column ul {\n    list-style: none;\n    padding: 0;\n    margin: 0;\n}\n.m21-column li {\n    margin-bottom: 1.25em;\n    padding-left: 28px;\n    position: relative;\n    line-height: 1.4;\n}\n\/* Echtes SVG Download-Icon *\/\n.m21-column li::before {\n    content: '';\n    position: absolute;\n    left: 0;\n    top: 3px;\n    width: 16px;\n    height: 16px;\n    background-image: url(\"data:image\/svg+xml,%3Csvg xmlns='http:\/\/www.w3.org\/2000\/svg' viewBox='0 0 512 512' fill='%23254E9C'%3E%3Cpath d='M288 32c0-17.7-14.3-32-32-32s-32 14.3-32 32V274.7l-73.4-73.4c-12.5-12.5-32.8-12.5-45.3 0s-12.5 32.8 0 45.3l128 128c12.5 12.5 32.8 12.5 45.3 0l128-128c12.5-12.5 12.5-32.8 0-45.3s-32.8-12.5-45.3 0L288 274.7V32zM64 352c-35.3 0-64 28.7-64 64v32c0 35.3 28.7 64 64 64H448c35.3 0 64-28.7 64-64V416c0-35.3-28.7-64-64-64H346.5l-45.3 45.3c-25 25-65.5 25-90.5 0L165.5 352H64zm368 56a24 24 0 1 1 0 48 24 24 0 1 1 0-48z'\/%3E%3C\/svg%3E\");\n    background-size: contain;\n    background-repeat: no-repeat;\n}\n.m21-column a {\n    color: #254E9C;\n    text-decoration: none;\n    transition: color 0.3s ease;\n}\n.m21-column a:hover {\n    color: #F28D1B;\n    text-decoration: underline;\n}\n@media (max-width: 768px) {\n    .m21-column {\n        flex: 1 1 100%;\n    }\n}\n<\/style>\n    <h2>Todos los materiales de un vistazo<\/h2>\n    <p>Aqu\u00ed encontrar\u00e1 todas las descargas y materiales de trabajo complementarios de las p\u00e1ginas 12 a 14 del folleto de ideas para la campa\u00f1a 2026.<\/p>\n            <h3>Folleto de ideas p\u00e1gina 12:<\/h3>\n            <ul>\n                <li><a href=\"https:\/\/www.mission-21.org\/wp-content\/uploads\/2026\/04\/m1_didaktische-hinweise_impulsheft-2026.pdf\" target=\"_blank\">\u00bfC\u00f3mo hablar con ni\u00f1os y j\u00f3venes sobre la violencia?<\/a><\/li>\n                <li><a href=\"https:\/\/www.mission-21.org\/wp-content\/uploads\/2026\/04\/m2_unterrichtslektion_impulsheft-2026.pdf\" target=\"_blank\">Una lecci\u00f3n: basta de violencia<\/a><\/li>\n            <\/ul>\n            <h3>Folleto de ideas p\u00e1gina 13:<\/h3>\n            <ul>\n                <li><a href=\"https:\/\/www.mission-21.org\/wp-content\/uploads\/2026\/04\/m3_fotostory_impulsheft-2026.pdf\" target=\"_blank\">Reportaje fotogr\u00e1fico: Un lugar para nuevas esperanzas<\/a><\/li>\n                <li><a href=\"https:\/\/www.mission-21.org\/wp-content\/uploads\/2026\/04\/m3_fotostory_impulsheft-2026_lowres.pptx\" target=\"_blank\">Presentaci\u00f3n del reportaje fotogr\u00e1fico (PPT)<\/a><\/li> <li><a href=\"https:\/\/www.mission-21.org\/wp-content\/uploads\/2026\/04\/m4_frauenrechte-in-peru_impulsheft-2026.pdf\" target=\"_blank\">Tema destacado: Derechos de la mujer y cambio social<\/a><\/li>\n            <\/ul>\n            <h3>Folleto de ideas p\u00e1gina 14:<\/h3>\n            <ul>\n                <li><a href=\"https:\/\/www.mission-21.org\/wp-content\/uploads\/2026\/04\/m5_bildmeditation_impulsheft-2026.pdf\" target=\"_blank\">Meditaci\u00f3n de im\u00e1genes: The Magnificat<\/a><\/li>\n                <li><a href=\"https:\/\/www.mission-21.org\/wp-content\/uploads\/2026\/04\/m6_bibelauslegungen_impulsheft-2026.pdf\" target=\"_blank\">Una nueva interpretaci\u00f3n de la Biblia<\/a><\/li>\n                <li><a href=\"https:\/\/www.mission-21.org\/wp-content\/uploads\/2026\/04\/m7_gebete-und-lieder_impulsheft-2026.pdf\" target=\"_blank\">Oraciones y cantos: voces de todo el mundo<\/a><\/li>\n            <\/ul>\n    <h2>\n        Juntos contra la violencia\n    <\/h2>\n    \n        Proteger. Fortalecer. Cambiar.\n    \n    <a href=\"https:\/\/www.mission-21.org\/es\/campana-2034\/\" \n       onmouseover=\"this.style.backgroundColor='#D97912'; this.style.transform='translateY(-2px)';\" \n       onmouseout=\"this.style.backgroundColor='#F28D1B'; this.style.transform='translateY(0)';\">\n        Al resumen de la campa\u00f1a \u2192\n    <\/a>","protected":false},"excerpt":{"rendered":"<p>Impulse f\u00fcr die Praxis: Gemeinsam gegen Gewalt Geschlechtsspezifische und sexualisierte Gewalt ist weltweit verbreitet &#8211; zunehmend auch im digitalen Raum. Bildungsorte wie Schulen und Kirchgemeinden tragen bei der Pr\u00e4vention, der St\u00e4rkung von Handlungskompetenz und dem Schaffen sicherer R\u00e4ume eine besondere Verantwortung &#8211; auch in der Schweiz. Der bewusste Einsatz f\u00fcr Schutz und Menschenrechte braucht Orientierung, [&hellip;]<\/p>\n","protected":false},"author":34,"featured_media":0,"parent":20107,"menu_order":0,"comment_status":"closed","ping_status":"closed","template":"","meta":{"_acf_changed":false,"_seopress_robots_primary_cat":"","_seopress_titles_title":"","_seopress_titles_desc":"","_seopress_robots_index":"","_searchwp_excluded":"","site-sidebar-layout":"default","site-content-layout":"","ast-site-content-layout":"default","site-content-style":"default","site-sidebar-style":"default","ast-global-header-display":"","ast-banner-title-visibility":"","ast-main-header-display":"","ast-hfb-above-header-display":"","ast-hfb-below-header-display":"","ast-hfb-mobile-header-display":"","site-post-title":"","ast-breadcrumbs-content":"","ast-featured-img":"","footer-sml-layout":"","ast-disable-related-posts":"","theme-transparent-header-meta":"","adv-header-id-meta":"","stick-header-meta":"","header-above-stick-meta":"","header-main-stick-meta":"","header-below-stick-meta":"","astra-migrate-meta-layouts":"set","ast-page-background-enabled":"default","ast-page-background-meta":{"desktop":{"background-color":"var(--ast-global-color-4)","background-image":"","background-repeat":"repeat","background-position":"center center","background-size":"auto","background-attachment":"scroll","background-type":"","background-media":"","overlay-type":"","overlay-color":"","overlay-opacity":"","overlay-gradient":""},"tablet":{"background-color":"","background-image":"","background-repeat":"repeat","background-position":"center center","background-size":"auto","background-attachment":"scroll","background-type":"","background-media":"","overlay-type":"","overlay-color":"","overlay-opacity":"","overlay-gradient":""},"mobile":{"background-color":"","background-image":"","background-repeat":"repeat","background-position":"center center","background-size":"auto","background-attachment":"scroll","background-type":"","background-media":"","overlay-type":"","overlay-color":"","overlay-opacity":"","overlay-gradient":""}},"ast-content-background-meta":{"desktop":{"background-color":"var(--ast-global-color-5)","background-image":"","background-repeat":"repeat","background-position":"center center","background-size":"auto","background-attachment":"scroll","background-type":"","background-media":"","overlay-type":"","overlay-color":"","overlay-opacity":"","overlay-gradient":""},"tablet":{"background-color":"var(--ast-global-color-5)","background-image":"","background-repeat":"repeat","background-position":"center center","background-size":"auto","background-attachment":"scroll","background-type":"","background-media":"","overlay-type":"","overlay-color":"","overlay-opacity":"","overlay-gradient":""},"mobile":{"background-color":"var(--ast-global-color-5)","background-image":"","background-repeat":"repeat","background-position":"center center","background-size":"auto","background-attachment":"scroll","background-type":"","background-media":"","overlay-type":"","overlay-color":"","overlay-opacity":"","overlay-gradient":""}},"iawp_total_views":55,"footnotes":""},"hf_cat_page":[],"class_list":["post-20099","page","type-page","status-publish"],"acf":[],"_links":{"self":[{"href":"https:\/\/www.mission-21.org\/es\/wp-json\/wp\/v2\/pages\/20099","targetHints":{"allow":["GET"]}}],"collection":[{"href":"https:\/\/www.mission-21.org\/es\/wp-json\/wp\/v2\/pages"}],"about":[{"href":"https:\/\/www.mission-21.org\/es\/wp-json\/wp\/v2\/types\/page"}],"author":[{"embeddable":true,"href":"https:\/\/www.mission-21.org\/es\/wp-json\/wp\/v2\/users\/34"}],"replies":[{"embeddable":true,"href":"https:\/\/www.mission-21.org\/es\/wp-json\/wp\/v2\/comments?post=20099"}],"version-history":[{"count":9,"href":"https:\/\/www.mission-21.org\/es\/wp-json\/wp\/v2\/pages\/20099\/revisions"}],"predecessor-version":[{"id":20274,"href":"https:\/\/www.mission-21.org\/es\/wp-json\/wp\/v2\/pages\/20099\/revisions\/20274"}],"up":[{"embeddable":true,"href":"https:\/\/www.mission-21.org\/es\/wp-json\/wp\/v2\/pages\/20107"}],"wp:attachment":[{"href":"https:\/\/www.mission-21.org\/es\/wp-json\/wp\/v2\/media?parent=20099"}],"wp:term":[{"taxonomy":"hf_cat_page","embeddable":true,"href":"https:\/\/www.mission-21.org\/es\/wp-json\/wp\/v2\/hf_cat_page?post=20099"}],"curies":[{"name":"wp","href":"https:\/\/api.w.org\/{rel}","templated":true}]}}