{"id":20319,"date":"2026-04-27T13:42:30","date_gmt":"2026-04-27T11:42:30","guid":{"rendered":"https:\/\/www.mission-21.org\/?page_id=20319"},"modified":"2026-04-27T14:43:31","modified_gmt":"2026-04-27T12:43:31","slug":"necesitamos-muchos-mas-recursos-para-la-prevencion-y-la-proteccion","status":"publish","type":"page","link":"https:\/\/www.mission-21.org\/es\/kampagne-2026\/wir-brauchen-deutlichmehr-ressourcen-fuerpraevention-und-schutz\/","title":{"rendered":"Necesitamos muchos m\u00e1s recursos para la prevenci\u00f3n y la protecci\u00f3n"},"content":{"rendered":"<h2>Entrevista con Barbara Heer: Protecci\u00f3n y prevenci\u00f3n<\/h2>\n        <img decoding=\"async\" src=\"https:\/\/www.mission-21.org\/wp-content\/uploads\/2026\/04\/barbara_heer_800x800.jpg\" \n             alt=\"Retrato de Barbara Heer, Responsable de Igualdad de Oportunidades en Mission 21\"\/>\n    \n        La violencia de g\u00e9nero tambi\u00e9n es una realidad en Suiza. Barbara Heer, responsable de igualdad de g\u00e9nero en Mission 21, explica qu\u00e9 responsabilidad tienen las iglesias, por qu\u00e9 son clave los conceptos vinculantes de protecci\u00f3n y por qu\u00e9 los hombres desempe\u00f1an un papel central para lograr el cambio.\n    \n    <h3>\u00bfC\u00f3mo es su trabajo como Jefa de la Unidad de Mujeres y G\u00e9nero de Mission 21?<\/h3>\n    \n        Asesoro a todos los empleados y a la direcci\u00f3n de Mission 21 sobre el tema de la igualdad de g\u00e9nero y me aseguro de que dispongan de las herramientas y los conocimientos necesarios. Tambi\u00e9n trabajo con otros expertos para iniciar temas para proyectos piloto innovadores en nuestra red, como el reciente tema de las masculinidades.\n    \n    \n        Los hombres y las im\u00e1genes de los hombres desempe\u00f1an un papel clave en la consecuci\u00f3n de una mayor igualdad de g\u00e9nero y en la prevenci\u00f3n de la violencia de g\u00e9nero. Es importante cuestionar las ideas nocivas de la masculinidad que pueden favorecer o justificar la violencia.\n    \n        \n            \u00abLos hombres y las im\u00e1genes de los hombres desempe\u00f1an un papel clave en el camino hacia una mayor igualdad de g\u00e9nero\u00bb\n        \n    \n        Al mismo tiempo, las im\u00e1genes estrechas de g\u00e9nero tambi\u00e9n restringen la libertad de hombres y ni\u00f1os, a menudo con consecuencias para su salud mental. Por \u00faltimo, pero no por ello menos importante, es importante reconocer que los hombres tambi\u00e9n se ven afectados por la violencia sexualizada.\n    \n    <h3>Las relaciones de g\u00e9nero var\u00edan en todo el mundo. \u00bfC\u00f3mo lo aborda Mission 21?<\/h3>\n    \n        Lo que significa la igualdad de g\u00e9nero var\u00eda de un contexto a otro y tambi\u00e9n forma parte de un proceso de negociaci\u00f3n social dentro de un pa\u00eds. Las iglesias y organizaciones socias de Mission 21, comprometidas espec\u00edficamente en la lucha contra la violencia de g\u00e9nero, conocen bien las causas estructurales sobre el terreno y saben c\u00f3mo hay que abordarlas.\n    \n    \n        Mission 21 cuenta tambi\u00e9n con un consejo asesor internacional para la justicia de g\u00e9nero. All\u00ed sometemos nuestro trabajo a un debate cr\u00edtico.\n    \n    <h3>\u00bfExisten paralelismos o diferencias entre la situaci\u00f3n de Suiza e Indonesia?<\/h3>\n    \n        Ambos pa\u00edses luchan contra un elevado n\u00famero de casos, un n\u00famero de casos no denunciados dif\u00edcil de registrar y la creciente importancia de la violencia digital. Las personas con discriminaci\u00f3n m\u00faltiple se ven especialmente afectadas. La sociedad civil y el Estado trabajan intensamente en ambos contextos para ampliar las medidas de protecci\u00f3n y reforzar las leyes. La revisi\u00f3n de la legislaci\u00f3n sobre delitos sexuales en Suiza se aplica desde el verano de 2025. En Indonesia se aprob\u00f3 una ley con visi\u00f3n de futuro en 2022, pero est\u00e1 siendo cuestionada de nuevo por los actuales acontecimientos pol\u00edticos.\n    \n    \n        Los matrimonios forzados y la trata de seres humanos est\u00e1n m\u00e1s extendidos en Indonesia. Adem\u00e1s, el acceso a los centros de acogida y a la polic\u00eda es muy precario en Indonesia, dependiendo de la regi\u00f3n.\n    \n    \n        Las lagunas jur\u00eddicas y las deficiencias en la aplicaci\u00f3n de las leyes son a\u00fan mayores en Indonesia. La sociedad civil asume a menudo funciones b\u00e1sicas, como en el centro de protecci\u00f3n Pasundan Durebang, cofinanciado por Mission 21. Las ONG tambi\u00e9n desempe\u00f1an un papel importante en Suiza, pero pueden depender en mayor medida de la financiaci\u00f3n p\u00fablica.\n    \n    <h3>\u00bfQu\u00e9 papel pueden desempe\u00f1ar las iglesias suizas?<\/h3>\n    \n        Como sabemos, la violencia de g\u00e9nero y sexual tambi\u00e9n puede darse en las iglesias. En repetidas ocasiones se hace un uso indebido de las religiones para atribuir una supuesta inferioridad a las mujeres o para legitimar actitudes hom\u00f3fobas. Las iglesias y los pastores pueden adoptar una postura decisiva contra esto centr\u00e1ndose en los derechos humanos y condenando todas las formas de violencia.\n    \n        \n            \u00abLas iglesias deben garantizar espacios seguros\u00bb\n        \n    \n        Las iglesias deben garantizar espacios seguros y es recomendable tener y aplicar normativas contra la violencia de g\u00e9nero y sexualizada. Todas las iglesias socias de Mission 21 cuentan con este tipo de normativas.\n    \n    \n        Tambi\u00e9n es importante ser conscientes de que la violencia de g\u00e9nero y sexual es un problema importante, a menudo invisible. Por lo tanto, es fundamental que los pastores y los asesores sociales de las iglesias tengan un alto grado de sensibilidad ante los traumas.\n    \n    <h3>\u00bfHay alg\u00fan cambio social que considere necesario?<\/h3>\n    \n        Adem\u00e1s de implicar a los hombres y cambiar las percepciones de g\u00e9nero, necesitamos m\u00e1s recursos para la prevenci\u00f3n, la protecci\u00f3n y el apoyo a los afectados.\n    \n    \n        Se necesitan m\u00e1s medidas para eliminar tab\u00faes: muchas de las afectadas no hablan de sus experiencias durante el resto de sus vidas porque el entorno general convierte las transgresiones en tab\u00fa o las relativiza. La campa\u00f1a Misi\u00f3n 21 pretende contribuir a mejorar todas estas cuestiones.\n    \n\t\t\t<h3>Indonesia: entre el para\u00edso vacacional y la cruda realidad<\/h3>\t\t\t\n\t\t\t\t<p>La b\u00fasqueda de trabajo lleva lejos a muchas mujeres, pero a menudo alberga el riesgo de explotaci\u00f3n y violencia. Descubra c\u00f3mo Mission 21, junto con organizaciones locales asociadas, empodera a las mujeres m\u00e1s all\u00e1 de las fronteras religiosas y les ofrece apoyo y protecci\u00f3n fiables.<\/p>\n<a href=\"https:\/\/www.mission-21.org\/es\/campana-2034\/apoyo-fiable-en-tiempos-inestables\/\" target=\"_self\">Leer fondo \u2192<\/a>\t\t\t\n\t\t\t<h3>Dos voces contra la violencia<\/h3>\t\t\t\n\t\t\t\t<p>En Indonesia, una psic\u00f3loga y un sacerdote miran donde otros miran hacia otro lado. Descubra c\u00f3mo Taty P. Suandi y Cliff Edward Kasakeyan rompen juntos tab\u00faes y abren nuevas perspectivas a los afectados.<\/p>\n<a href=\"https:\/\/www.mission-21.org\/es\/campana-2034\/taty-p-suandi-y-cliff-edward-kasakeyan-dos-voces-contra-el-silencio\/\" target=\"_self\">A toda la historia \u2192<\/a>\t\t\t\n    <h3>\n        Campa\u00f1a \u00abJuntos contra la violencia\u00bb\n    <\/h3>\n    <a href=\"https:\/\/www.mission-21.org\/es\/campana-2034\/juntos-contra-la-violencia\/\" \n       onmouseover=\"this.style.backgroundColor='#1a3a75'; this.style.transform='translateY(-2px)';\" \n       onmouseout=\"this.style.backgroundColor='#254E9C'; this.style.transform='translateY(0)';\">\n        \u2190 Volver a la vista general\n    <\/a>\n    \n        Juntos podemos superar la violencia: \n        <a href=\"https:\/\/www.mission-21.org\/es\/donar\/?zweck=kampagne2026\" \n           onmouseover=\"this.style.color='#D97912';\"\n           onmouseout=\"this.style.color='#F28D1B';\">\n            Donar ahora\n        <\/a>","protected":false},"excerpt":{"rendered":"<p>Interview mit Barbara Heer: Schutz und Pr\u00e4vention Geschlechtsbezogene Gewalt ist auch in der Schweiz Realit\u00e4t. Barbara Heer, Gleichstellungsbeauftragte von Mission 21, erkl\u00e4rt, welche Verantwortung Kirchen tragen, warum verbindliche Schutzkonzepte zentral sind und wieso M\u00e4nner eine zentrale Rolle f\u00fcr den Wandel spielen. Wie sieht Deine Arbeit als Leiterin Stabsstelle Frauen und Gender bei Mission 21 aus? [&hellip;]<\/p>\n","protected":false},"author":34,"featured_media":0,"parent":20107,"menu_order":0,"comment_status":"closed","ping_status":"closed","template":"","meta":{"_acf_changed":false,"_seopress_robots_primary_cat":"","_seopress_titles_title":"Schutz vor Gewalt: Interview mit Barbara Heer","_seopress_titles_desc":"","_seopress_robots_index":"","_searchwp_excluded":"","site-sidebar-layout":"default","site-content-layout":"","ast-site-content-layout":"default","site-content-style":"default","site-sidebar-style":"default","ast-global-header-display":"","ast-banner-title-visibility":"","ast-main-header-display":"","ast-hfb-above-header-display":"","ast-hfb-below-header-display":"","ast-hfb-mobile-header-display":"","site-post-title":"","ast-breadcrumbs-content":"","ast-featured-img":"","footer-sml-layout":"","ast-disable-related-posts":"","theme-transparent-header-meta":"","adv-header-id-meta":"","stick-header-meta":"","header-above-stick-meta":"","header-main-stick-meta":"","header-below-stick-meta":"","astra-migrate-meta-layouts":"set","ast-page-background-enabled":"default","ast-page-background-meta":{"desktop":{"background-color":"var(--ast-global-color-4)","background-image":"","background-repeat":"repeat","background-position":"center center","background-size":"auto","background-attachment":"scroll","background-type":"","background-media":"","overlay-type":"","overlay-color":"","overlay-opacity":"","overlay-gradient":""},"tablet":{"background-color":"","background-image":"","background-repeat":"repeat","background-position":"center center","background-size":"auto","background-attachment":"scroll","background-type":"","background-media":"","overlay-type":"","overlay-color":"","overlay-opacity":"","overlay-gradient":""},"mobile":{"background-color":"","background-image":"","background-repeat":"repeat","background-position":"center center","background-size":"auto","background-attachment":"scroll","background-type":"","background-media":"","overlay-type":"","overlay-color":"","overlay-opacity":"","overlay-gradient":""}},"ast-content-background-meta":{"desktop":{"background-color":"var(--ast-global-color-5)","background-image":"","background-repeat":"repeat","background-position":"center center","background-size":"auto","background-attachment":"scroll","background-type":"","background-media":"","overlay-type":"","overlay-color":"","overlay-opacity":"","overlay-gradient":""},"tablet":{"background-color":"var(--ast-global-color-5)","background-image":"","background-repeat":"repeat","background-position":"center center","background-size":"auto","background-attachment":"scroll","background-type":"","background-media":"","overlay-type":"","overlay-color":"","overlay-opacity":"","overlay-gradient":""},"mobile":{"background-color":"var(--ast-global-color-5)","background-image":"","background-repeat":"repeat","background-position":"center center","background-size":"auto","background-attachment":"scroll","background-type":"","background-media":"","overlay-type":"","overlay-color":"","overlay-opacity":"","overlay-gradient":""}},"iawp_total_views":32,"footnotes":""},"hf_cat_page":[],"class_list":["post-20319","page","type-page","status-publish"],"acf":[],"_links":{"self":[{"href":"https:\/\/www.mission-21.org\/es\/wp-json\/wp\/v2\/pages\/20319","targetHints":{"allow":["GET"]}}],"collection":[{"href":"https:\/\/www.mission-21.org\/es\/wp-json\/wp\/v2\/pages"}],"about":[{"href":"https:\/\/www.mission-21.org\/es\/wp-json\/wp\/v2\/types\/page"}],"author":[{"embeddable":true,"href":"https:\/\/www.mission-21.org\/es\/wp-json\/wp\/v2\/users\/34"}],"replies":[{"embeddable":true,"href":"https:\/\/www.mission-21.org\/es\/wp-json\/wp\/v2\/comments?post=20319"}],"version-history":[{"count":10,"href":"https:\/\/www.mission-21.org\/es\/wp-json\/wp\/v2\/pages\/20319\/revisions"}],"predecessor-version":[{"id":20339,"href":"https:\/\/www.mission-21.org\/es\/wp-json\/wp\/v2\/pages\/20319\/revisions\/20339"}],"up":[{"embeddable":true,"href":"https:\/\/www.mission-21.org\/es\/wp-json\/wp\/v2\/pages\/20107"}],"wp:attachment":[{"href":"https:\/\/www.mission-21.org\/es\/wp-json\/wp\/v2\/media?parent=20319"}],"wp:term":[{"taxonomy":"hf_cat_page","embeddable":true,"href":"https:\/\/www.mission-21.org\/es\/wp-json\/wp\/v2\/hf_cat_page?post=20319"}],"curies":[{"name":"wp","href":"https:\/\/api.w.org\/{rel}","templated":true}]}}