{"id":215,"date":"2022-08-17T19:57:26","date_gmt":"2022-08-17T17:57:26","guid":{"rendered":"https:\/\/www.mission-21.org\/?page_id=215"},"modified":"2023-05-23T09:55:45","modified_gmt":"2023-05-23T07:55:45","slug":"informar-a","status":"publish","type":"page","link":"https:\/\/www.mission-21.org\/es\/informieren\/","title":{"rendered":"Informar a"},"content":{"rendered":"<img decoding=\"async\" src=\"https:\/\/www.mission-21.org\/wp-content\/uploads\/2022\/08\/csm_header_news_d521d70e38.jpeg\" alt=\"csm header news d521d70e38\" itemprop=\"image\" height=\"688\" width=\"1680\" title=\"csm_Header_News_d521d70e38\" onerror=\"this.style.display='none'\"  \/>\n\t\t<a href=\"https:\/\/www.mission-21.org\/es\/informar-a\/publicaciones\/\" target=\"_self\" rel=\"noopener\"><\/a>\t\t\n\t<meta itemscope itemprop=\"mainEntityOfPage\" itemtype=\"https:\/\/schema.org\/WebPage\" itemid=\"https:\/\/www.mission-21.org\/informieren\/publikationen\/\" content=\"Publikationen\" \/><meta itemprop=\"datePublished\" content=\"2022-08-17\" \/><meta itemprop=\"dateModified\" content=\"2023-04-24\" \/><meta itemprop=\"name\" content=\"Mission 21\"\/><meta itemprop=\"url\" content=\"https:\/\/www.mission-21.org\/wp-content\/uploads\/2022\/08\/de-blau.svg\"\/><meta itemprop=\"url\" content=\"https:\/\/www.mission-21.org\/author\/ms_i2r4b8vl\/\" \/><meta itemprop=\"name\" content=\"Michael Salzer\" \/><meta itemprop=\"url\" content=\"https:\/\/www.mission-21.org\/wp-content\/uploads\/2022\/10\/csm_header_publikationen_8f6645740c.jpg\" \/><meta itemprop=\"width\" content=\"1680\" \/><meta itemprop=\"height\" content=\"823\" \/><meta itemprop=\"interactionType\" content=\"https:\/\/schema.org\/CommentAction\" \/><meta itemprop=\"userInteractionCount\" content=\"0\" \/>\n\t<a href='https:\/\/www.mission-21.org\/es\/informar-a\/publicaciones\/' title='Publicaciones'><img width=\"660\" height=\"360\" src=\"https:\/\/www.mission-21.org\/wp-content\/uploads\/2022\/10\/csm_header_publikationen_8f6645740c-660x360.jpg\" alt=\"csm header publications 8f6645740c\" decoding=\"async\" itemprop=\"image\" loading=\"lazy\" \/><\/a>\n<h3><a href='https:\/\/www.mission-21.org\/es\/informar-a\/publicaciones\/' title='Publicaciones'>Publicaciones<\/a><\/h3>\n\t\t<a href=\"https:\/\/www.mission-21.org\/es\/informar-a\/tienda-material-y-productos\/\" target=\"_self\" rel=\"noopener\"><\/a>\t\t\n\t<meta itemscope itemprop=\"mainEntityOfPage\" itemtype=\"https:\/\/schema.org\/WebPage\" itemid=\"https:\/\/www.mission-21.org\/informieren\/shop-material-und-produkte\/\" content=\"Shop \/ Material und Produkte\" \/><meta itemprop=\"datePublished\" content=\"2022-09-21\" \/><meta itemprop=\"dateModified\" content=\"2023-03-02\" \/><meta itemprop=\"name\" content=\"Mission 21\"\/><meta itemprop=\"url\" content=\"https:\/\/www.mission-21.org\/wp-content\/uploads\/2022\/08\/de-blau.svg\"\/><meta itemprop=\"url\" content=\"https:\/\/www.mission-21.org\/author\/ms_i2r4b8vl\/\" \/><meta itemprop=\"name\" content=\"Michael Salzer\" \/><meta itemprop=\"url\" content=\"https:\/\/www.mission-21.org\/wp-content\/uploads\/2022\/09\/csm_header_shop_c48c259693.jpeg\" \/><meta itemprop=\"width\" content=\"1680\" \/><meta itemprop=\"height\" content=\"962\" \/><meta itemprop=\"interactionType\" content=\"https:\/\/schema.org\/CommentAction\" \/><meta itemprop=\"userInteractionCount\" content=\"0\" \/>\n\t<a href='https:\/\/www.mission-21.org\/es\/informar-a\/tienda-material-y-productos\/' title='Tienda \/ Material y productos'><img width=\"660\" height=\"360\" src=\"https:\/\/www.mission-21.org\/wp-content\/uploads\/2022\/09\/csm_header_shop_c48c259693-660x360.jpeg\" alt=\"csm header shop c48c259693\" decoding=\"async\" itemprop=\"image\" loading=\"lazy\" \/><\/a>\n<h3><a href='https:\/\/www.mission-21.org\/es\/informar-a\/tienda-material-y-productos\/' title='Tienda \/ Material y productos'>Tienda \/ Material y productos<\/a><\/h3>\n\t\t<a href=\"https:\/\/www.mission-21.org\/es\/informar-a\/centro-de-medios\/\" target=\"_self\" rel=\"noopener\"><\/a>\t\t\n\t<meta itemscope itemprop=\"mainEntityOfPage\" itemtype=\"https:\/\/schema.org\/WebPage\" itemid=\"https:\/\/www.mission-21.org\/informieren\/medienstelle\/\" content=\"Medienstelle\" \/><meta itemprop=\"datePublished\" content=\"2022-08-17\" \/><meta itemprop=\"dateModified\" content=\"2022-11-17\" \/><meta itemprop=\"name\" content=\"Mission 21\"\/><meta itemprop=\"url\" content=\"https:\/\/www.mission-21.org\/wp-content\/uploads\/2022\/08\/de-blau.svg\"\/><meta itemprop=\"url\" content=\"https:\/\/www.mission-21.org\/author\/ms_i2r4b8vl\/\" \/><meta itemprop=\"name\" content=\"Michael Salzer\" \/><meta itemprop=\"url\" content=\"https:\/\/www.mission-21.org\/wp-content\/uploads\/2022\/10\/csm_header_medienstelle_9bce9da2dd.jpg\" \/><meta itemprop=\"width\" content=\"1680\" \/><meta itemprop=\"height\" content=\"785\" \/><meta itemprop=\"interactionType\" content=\"https:\/\/schema.org\/CommentAction\" \/><meta itemprop=\"userInteractionCount\" content=\"0\" \/>\n\t<a href='https:\/\/www.mission-21.org\/es\/informar-a\/centro-de-medios\/' title='Oficina de prensa'><img width=\"660\" height=\"360\" src=\"https:\/\/www.mission-21.org\/wp-content\/uploads\/2022\/10\/csm_header_medienstelle_9bce9da2dd-660x360.jpg\" alt=\"csm header media office 9bce9da2dd\" decoding=\"async\" itemprop=\"image\" loading=\"lazy\" \/><\/a>\n<h3><a href='https:\/\/www.mission-21.org\/es\/informar-a\/centro-de-medios\/' title='Oficina de prensa'>Oficina de prensa<\/a><\/h3>\n\t\t<a href=\"https:\/\/www.mission-21.org\/es\/informar-a\/noticias\/\" target=\"_self\" rel=\"noopener\"><\/a>\t\t\n\t<meta itemscope itemprop=\"mainEntityOfPage\" itemtype=\"https:\/\/schema.org\/WebPage\" itemid=\"https:\/\/www.mission-21.org\/informieren\/news\/\" content=\"News\" \/><meta itemprop=\"datePublished\" content=\"2022-08-17\" \/><meta itemprop=\"dateModified\" content=\"2023-05-17\" \/><meta itemprop=\"name\" content=\"Mission 21\"\/><meta itemprop=\"url\" content=\"https:\/\/www.mission-21.org\/wp-content\/uploads\/2022\/08\/de-blau.svg\"\/><meta itemprop=\"url\" content=\"https:\/\/www.mission-21.org\/author\/ms_i2r4b8vl\/\" \/><meta itemprop=\"name\" content=\"Michael Salzer\" \/><meta itemprop=\"url\" content=\"https:\/\/www.mission-21.org\/wp-content\/uploads\/2022\/08\/csm_header_news_d521d70e38.jpeg\" \/><meta itemprop=\"width\" content=\"1680\" \/><meta itemprop=\"height\" content=\"688\" \/><meta itemprop=\"interactionType\" content=\"https:\/\/schema.org\/CommentAction\" \/><meta itemprop=\"userInteractionCount\" content=\"0\" \/>\n\t<a href='https:\/\/www.mission-21.org\/es\/informar-a\/noticias\/' title='Noticias'><img width=\"660\" height=\"360\" src=\"https:\/\/www.mission-21.org\/wp-content\/uploads\/2022\/08\/csm_header_news_d521d70e38-660x360.jpeg\" alt=\"csm header news d521d70e38\" decoding=\"async\" itemprop=\"image\" loading=\"lazy\" \/><\/a>\n<h3><a href='https:\/\/www.mission-21.org\/es\/informar-a\/noticias\/' title='Noticias'>Noticias<\/a><\/h3>\n\t\t<a href=\"https:\/\/www.mission-21.org\/es\/que-hacemos\/investigacion\/biblioteca-profesional\/\" target=\"_self\" rel=\"noopener\"><\/a>\t\t\n\t<meta itemscope itemprop=\"mainEntityOfPage\" itemtype=\"https:\/\/schema.org\/WebPage\" itemid=\"https:\/\/www.mission-21.org\/was-wir-tun\/forschung\/fachbibliothek\/\" content=\"Fachbibliothek\" \/><meta itemprop=\"datePublished\" content=\"2022-10-14\" \/><meta itemprop=\"dateModified\" content=\"2022-11-01\" \/><meta itemprop=\"name\" content=\"Mission 21\"\/><meta itemprop=\"url\" content=\"https:\/\/www.mission-21.org\/wp-content\/uploads\/2022\/08\/de-blau.svg\"\/><meta itemprop=\"url\" content=\"https:\/\/www.mission-21.org\/author\/ms_i2r4b8vl\/\" \/><meta itemprop=\"name\" content=\"Michael Salzer\" \/><meta itemprop=\"url\" content=\"https:\/\/www.mission-21.org\/wp-content\/uploads\/2022\/10\/csm_bibliothek_header_2019_d462c21c71.jpg\" \/><meta itemprop=\"width\" content=\"1680\" \/><meta itemprop=\"height\" content=\"814\" \/><meta itemprop=\"interactionType\" content=\"https:\/\/schema.org\/CommentAction\" \/><meta itemprop=\"userInteractionCount\" content=\"0\" \/>\n\t<a href='https:\/\/www.mission-21.org\/es\/que-hacemos\/investigacion\/biblioteca-profesional\/' title='Biblioteca tem\u00e1tica'><img width=\"660\" height=\"360\" src=\"https:\/\/www.mission-21.org\/wp-content\/uploads\/2022\/10\/csm_bibliothek_header_2019_d462c21c71-660x360.jpg\" alt=\"csm library header 2019 d462c21c71\" decoding=\"async\" itemprop=\"image\" loading=\"lazy\" \/><\/a>\n<h3><a href='https:\/\/www.mission-21.org\/es\/que-hacemos\/investigacion\/biblioteca-profesional\/' title='Biblioteca tem\u00e1tica'>Biblioteca tem\u00e1tica<\/a><\/h3>\n\t\t<a href=\"https:\/\/www.mission-21.org\/es\/que-hacemos\/investigacion\/archivo-de-investigacion\/\" target=\"_self\" rel=\"noopener\"><\/a>\t\t\n\t<meta itemscope itemprop=\"mainEntityOfPage\" itemtype=\"https:\/\/schema.org\/WebPage\" itemid=\"https:\/\/www.mission-21.org\/was-wir-tun\/forschung\/forschungsarchiv\/\" content=\"Forschungsarchiv\" \/><meta itemprop=\"datePublished\" content=\"2022-10-14\" \/><meta itemprop=\"dateModified\" content=\"2023-03-06\" \/><meta itemprop=\"name\" content=\"Mission 21\"\/><meta itemprop=\"url\" content=\"https:\/\/www.mission-21.org\/wp-content\/uploads\/2022\/08\/de-blau.svg\"\/><meta itemprop=\"url\" content=\"https:\/\/www.mission-21.org\/author\/ms_i2r4b8vl\/\" \/><meta itemprop=\"name\" content=\"Michael Salzer\" \/><meta itemprop=\"url\" content=\"https:\/\/www.mission-21.org\/wp-content\/uploads\/2022\/10\/csm_header_archiv_83fea4df77.jpg\" \/><meta itemprop=\"width\" content=\"1680\" \/><meta itemprop=\"height\" content=\"783\" \/><meta itemprop=\"interactionType\" content=\"https:\/\/schema.org\/CommentAction\" \/><meta itemprop=\"userInteractionCount\" content=\"0\" \/>\n\t<a href='https:\/\/www.mission-21.org\/es\/que-hacemos\/investigacion\/archivo-de-investigacion\/' title='Archivo de investigaci\u00f3n'><img width=\"660\" height=\"360\" src=\"https:\/\/www.mission-21.org\/wp-content\/uploads\/2022\/10\/csm_header_archiv_83fea4df77-660x360.jpg\" alt=\"archivo de cabecera csm 83fea4df77\" decoding=\"async\" itemprop=\"image\" loading=\"lazy\" \/><\/a>\n<h3><a href='https:\/\/www.mission-21.org\/es\/que-hacemos\/investigacion\/archivo-de-investigacion\/' title='Archivo de investigaci\u00f3n'>Archivo de investigaci\u00f3n<\/a><\/h3>\n<h2>\n\t\tNoticias\n\t<\/h2>\n\t\t\t\t\t\t\t\t\t\t\t\t\t\t<a href=\"https:\/\/www.mission-21.org\/es\/justicia-social-justicia-climatica\/\" target=\"_self\" title=\"Justicia social significa justicia clim\u00e1tica\" rel=\"noopener\">\n\t\t\t\t<img decoding=\"async\" src=\"https:\/\/www.mission-21.org\/wp-content\/uploads\/2023\/05\/ja-klimaschutz-gesetz-18-juni-2023-900x675.png\" alt=\"s\u00ed ley de protecci\u00f3n del clima 18 de junio de 2023\" \/>\n\t\t\t\t<\/a>\n\t\t\t\t\t\t<h4>\n\t\t\t\t<a href=\"https:\/\/www.mission-21.org\/es\/justicia-social-justicia-climatica\/\" title=\"Justicia social significa justicia clim\u00e1tica\" tabindex=\"0\">Justicia social significa justicia clim\u00e1tica<\/a>\t\t\t<\/h4>\n\t\t\t\t\t\t\t<h5>\n\t\t\t16 de mayo de 2023\t\t\t\n\t\t\t\t\t\t\t<\/h5>\n\t\t\t\t\t\t\t\t\t\t\t\t\t\t<a href=\"https:\/\/www.mission-21.org\/es\/invitado-en-investigacion-archivos-de-la-mision-21\/\" target=\"_self\" title=\"Un invitado en el archivo de investigaci\u00f3n de Misi\u00f3n 21\" rel=\"noopener\">\n\t\t\t\t<img decoding=\"async\" src=\"https:\/\/www.mission-21.org\/wp-content\/uploads\/2023\/05\/patrick_moser_bei_archivfuehrung-900x675.jpg\" alt=\"patrick moser visita los archivos\" \/>\n\t\t\t\t<\/a>\n\t\t\t\t\t\t<h4>\n\t\t\t\t<a href=\"https:\/\/www.mission-21.org\/es\/invitado-en-investigacion-archivos-de-la-mision-21\/\" title=\"Un invitado en el archivo de investigaci\u00f3n de Misi\u00f3n 21\" tabindex=\"0\">Un invitado en el archivo de investigaci\u00f3n de Misi\u00f3n 21<\/a>\t\t\t<\/h4>\n\t\t\t\t\t\t\t<h5>\n\t\t\t12 de mayo de 2023\t\t\t\n\t\t\t\t\t\t\t<\/h5>\n\t\t\t\t\t\t\t\t\t\t\t\t\t\t<a href=\"https:\/\/www.mission-21.org\/es\/aventuras-teologicas-en-latinoamerica\/\" target=\"_self\" title=\"Aventuras teol\u00f3gicas en Am\u00e9rica Latina\" rel=\"noopener\">\n\t\t\t\t<img decoding=\"async\" src=\"https:\/\/www.mission-21.org\/wp-content\/uploads\/2023\/05\/pic-rundbrief-gloor-mai-2023-900x675.jpg\" alt=\"Alumnos del Seminario Andino San Pablo de Huancayo. Foto Daniel Gloor\" \/>\n\t\t\t\t<\/a>\n\t\t\t\t\t\t<h4>\n\t\t\t\t<a href=\"https:\/\/www.mission-21.org\/es\/aventuras-teologicas-en-latinoamerica\/\" title=\"Aventuras teol\u00f3gicas en Am\u00e9rica Latina\" tabindex=\"0\">Aventuras teol\u00f3gicas en Am\u00e9rica Latina<\/a>\t\t\t<\/h4>\n\t\t\t\t\t\t\t<h5>\n\t\t\t8 de mayo de 2023\t\t\t\n\t\t\t\t\t\t\t<\/h5>","protected":false},"excerpt":{"rendered":"<p>Publicaciones Tienda \/ Material y productos Centro de prensa Noticias Biblioteca especializada Archivo de investigaci\u00f3n Noticias Justicia social significa justicia clim\u00e1tica 16 de mayo de 2023 Un invitado en el Archivo de investigaci\u00f3n de Mission 21 12 de mayo de 2023 Aventuras teol\u00f3gicas en Am\u00e9rica Latina 8 de mayo de 2023<\/p>","protected":false},"author":1,"featured_media":4563,"parent":0,"menu_order":0,"comment_status":"closed","ping_status":"closed","template":"","meta":{"_acf_changed":false,"_seopress_robots_primary_cat":"","_seopress_titles_title":"","_seopress_titles_desc":"","_seopress_robots_index":"","_searchwp_excluded":"","site-sidebar-layout":"default","site-content-layout":"","ast-site-content-layout":"default","site-content-style":"default","site-sidebar-style":"default","ast-global-header-display":"","ast-banner-title-visibility":"","ast-main-header-display":"","ast-hfb-above-header-display":"","ast-hfb-below-header-display":"","ast-hfb-mobile-header-display":"","site-post-title":"","ast-breadcrumbs-content":"","ast-featured-img":"","footer-sml-layout":"","ast-disable-related-posts":"","theme-transparent-header-meta":"","adv-header-id-meta":"","stick-header-meta":"","header-above-stick-meta":"","header-main-stick-meta":"","header-below-stick-meta":"","astra-migrate-meta-layouts":"default","ast-page-background-enabled":"default","ast-page-background-meta":{"desktop":{"background-color":"var(--ast-global-color-4)","background-image":"","background-repeat":"repeat","background-position":"center center","background-size":"auto","background-attachment":"scroll","background-type":"","background-media":"","overlay-type":"","overlay-color":"","overlay-opacity":"","overlay-gradient":""},"tablet":{"background-color":"","background-image":"","background-repeat":"repeat","background-position":"center center","background-size":"auto","background-attachment":"scroll","background-type":"","background-media":"","overlay-type":"","overlay-color":"","overlay-opacity":"","overlay-gradient":""},"mobile":{"background-color":"","background-image":"","background-repeat":"repeat","background-position":"center center","background-size":"auto","background-attachment":"scroll","background-type":"","background-media":"","overlay-type":"","overlay-color":"","overlay-opacity":"","overlay-gradient":""}},"ast-content-background-meta":{"desktop":{"background-color":"var(--ast-global-color-5)","background-image":"","background-repeat":"repeat","background-position":"center center","background-size":"auto","background-attachment":"scroll","background-type":"","background-media":"","overlay-type":"","overlay-color":"","overlay-opacity":"","overlay-gradient":""},"tablet":{"background-color":"var(--ast-global-color-5)","background-image":"","background-repeat":"repeat","background-position":"center center","background-size":"auto","background-attachment":"scroll","background-type":"","background-media":"","overlay-type":"","overlay-color":"","overlay-opacity":"","overlay-gradient":""},"mobile":{"background-color":"var(--ast-global-color-5)","background-image":"","background-repeat":"repeat","background-position":"center center","background-size":"auto","background-attachment":"scroll","background-type":"","background-media":"","overlay-type":"","overlay-color":"","overlay-opacity":"","overlay-gradient":""}},"iawp_total_views":995,"footnotes":""},"hf_cat_page":[301],"class_list":["post-215","page","type-page","status-publish","has-post-thumbnail"],"acf":[],"_links":{"self":[{"href":"https:\/\/www.mission-21.org\/es\/wp-json\/wp\/v2\/pages\/215","targetHints":{"allow":["GET"]}}],"collection":[{"href":"https:\/\/www.mission-21.org\/es\/wp-json\/wp\/v2\/pages"}],"about":[{"href":"https:\/\/www.mission-21.org\/es\/wp-json\/wp\/v2\/types\/page"}],"author":[{"embeddable":true,"href":"https:\/\/www.mission-21.org\/es\/wp-json\/wp\/v2\/users\/1"}],"replies":[{"embeddable":true,"href":"https:\/\/www.mission-21.org\/es\/wp-json\/wp\/v2\/comments?post=215"}],"version-history":[{"count":6,"href":"https:\/\/www.mission-21.org\/es\/wp-json\/wp\/v2\/pages\/215\/revisions"}],"predecessor-version":[{"id":8805,"href":"https:\/\/www.mission-21.org\/es\/wp-json\/wp\/v2\/pages\/215\/revisions\/8805"}],"wp:featuredmedia":[{"embeddable":true,"href":"https:\/\/www.mission-21.org\/es\/wp-json\/wp\/v2\/media\/4563"}],"wp:attachment":[{"href":"https:\/\/www.mission-21.org\/es\/wp-json\/wp\/v2\/media?parent=215"}],"wp:term":[{"taxonomy":"hf_cat_page","embeddable":true,"href":"https:\/\/www.mission-21.org\/es\/wp-json\/wp\/v2\/hf_cat_page?post=215"}],"curies":[{"name":"wp","href":"https:\/\/api.w.org\/{rel}","templated":true}]}}