{"id":227,"date":"2022-08-17T19:58:35","date_gmt":"2022-08-17T17:58:35","guid":{"rendered":"https:\/\/www.mission-21.org\/?page_id=227"},"modified":"2025-11-11T14:29:07","modified_gmt":"2025-11-11T13:29:07","slug":"donar-para-el-evento","status":"publish","type":"page","link":"https:\/\/www.mission-21.org\/es\/spenden\/spenden-zum-ereignis\/","title":{"rendered":"Donaciones al evento"},"content":{"rendered":"<img decoding=\"async\" src=\"https:\/\/www.mission-21.org\/wp-content\/uploads\/2022\/08\/csm_header_news_d521d70e38.jpeg\" alt=\"csm header news d521d70e38\" itemprop=\"image\" height=\"688\" width=\"1680\" title=\"csm_Header_News_d521d70e38\" onerror=\"this.style.display='none'\" loading='lazy' \/>\n\t<div class=\"fl-builder-content fl-builder-content-3660 fl-builder-template fl-builder-module-template fl-builder-global-templates-locked\" data-post-id=\"3660\"><div class=\"fl-module fl-module-pp-toc fl-node-xrvkwe8ihtn6 toc\" data-node=\"xrvkwe8ihtn6\">\n\t<div class=\"fl-module-content fl-node-content\">\n\t\t<div class=\"pp-toc-container\">\n\t\n\t<div class=\"pp-toc-body\">\n\t\t\t\t\t<ul class=\"pp-toc-list-wrapper pp-toc-list-icon\"><\/ul>\n\t\t\t\t<\/div>\n<\/div>\n\n\t<\/div>\n<\/div>\n<\/div><div class=\"uabb-js-breakpoint\" style=\"display: none;\"><\/div>\n\t\t\t<h2>Para las ocasiones festivas<\/h2>\t\t\t\n\t\t\t\t<h3>Cumplea\u00f1os y aniversarios<\/h3>\n<p>\u00bfHay alg\u00fan pa\u00eds o causa que le interese especialmente? Luego puedes sugerir a tus familiares, amigos y conocidos que prescindan del regalo en tu cumplea\u00f1os o aniversario.<\/p>\n<p>S\u00f3lo hay que pedirles que donen el dinero a los proyectos de Misi\u00f3n 21. As\u00ed es como se transmite la alegr\u00eda en todo el mundo.<\/p>\n<h3>Boda<\/h3>\n<p>En las bodas por la iglesia, ustedes, como novios, pueden decidir a qu\u00e9 se destina la colecta. Con una colecta para Mission 21, das una nueva esperanza a las personas desfavorecidas de nuestros pa\u00edses asociados en su \"d\u00eda m\u00e1s bonito\".<\/p>\n<p>Si tiene preguntas sobre estos eventos, p\u00f3ngase en contacto con <a href=\"\/es\/anita-brekalomision21-org\/\">Anita Brekalo<\/a> con mucho gusto a su disposici\u00f3n.<\/p>\n<h3>Procedimiento<\/h3>\n<p>Anote en el resguardo de pago la ocasi\u00f3n para la que hace la donaci\u00f3n e indique la direcci\u00f3n de la persona o personas que la celebran (nombre, apellidos, calle, c\u00f3digo postal, localidad). Al dar la direcci\u00f3n exacta, podemos evitarle consultas innecesarias e informar a la persona de cu\u00e1ntas donaciones se han recibido en su nombre. Sin embargo, la cantidad individual donada permanece an\u00f3nima en cualquier caso.<\/p>\n<p>Pida nuestro juego de tarjetas gratuito, que incluye sobres y una hoja de pago preparada para su evento.<br \/>donaci\u00f3n.\u00a0<a href=\"mailto:material@mission-21.org\">\u25ba orden<\/a><\/p>\n\t<h2>Su contacto:<\/h2>\n\t\t<a href=\"https:\/\/www.mission-21.org\/es\/equipo\/anita-brekalo\/\" title=\"Mostrar el contenido del campo de visualizaci\u00f3n\" target=\"_self\"  aria-label=\"Elemento de puesto\"><\/a>\t\t\n\t<meta itemscope itemprop=\"mainEntityOfPage\" itemtype=\"https:\/\/schema.org\/WebPage\" itemid=\"https:\/\/www.mission-21.org\/team\/anita-brekalo\/\" content=\"Anita Brekalo\" \/><meta itemprop=\"datePublished\" content=\"2025-11-11\" \/><meta itemprop=\"dateModified\" content=\"2025-11-11\" \/><meta itemprop=\"name\" content=\"Mission 21\"\/><meta itemprop=\"url\" content=\"https:\/\/www.mission-21.org\/wp-content\/uploads\/2022\/08\/de-blau.svg\"\/><meta itemprop=\"url\" content=\"https:\/\/www.mission-21.org\/author\/betuel\/\" \/><meta itemprop=\"name\" content=\"Bet\u00fcl Cam\" \/><meta itemprop=\"interactionType\" content=\"https:\/\/schema.org\/CommentAction\" \/><meta itemprop=\"userInteractionCount\" content=\"0\" \/>\n<h3>Anita Brekalo<\/h3>\n<p>Contabilidad responsable de las donaciones<\/p>\n<p>Tel\u00e9fono +41 61 260 22 27<br \/><a href=\"mailto:samuel.imbach@mission-21.org\">\u25ba Correo electr\u00f3nico<\/a><\/p>\n\t\t\t<h2>En caso de fallecimiento<\/h2>\t\t\t\n\t\t\t\t<p>En un funeral, a petici\u00f3n de la persona fallecida o de los deudos, se suele prescindir de las flores y las coronas de flores y se pide un donativo para Mission 21. En el caso de un funeral de iglesia, la colecta conmemorativa tambi\u00e9n puede destinarse a la labor general de Mission 21 o a un proyecto individual espec\u00edfico. De este modo, se recuerda al fallecido y se promueven sus inquietudes personales.<\/p>\n<p>Un texto as\u00ed o similar ser\u00eda apropiado en la esquela:<\/p>\n<p><em>En memoria del fallecido, por favor, apoye a Mission 21, Missionsstrasse 21, 4009 Basel, IBAN: CH58 0900 0000 4072 6233 2, referencia: \"Nombre\".<\/em><\/p>\n<h3>Procedimiento<\/h3>\n<p>Si desea considerar la Misi\u00f3n 21 en el esp\u00edritu del fallecido, ind\u00edquelo en el resguardo de pago, indicando la direcci\u00f3n del duelo (nombre, apellido, calle, c\u00f3digo postal, localidad). Al dar la direcci\u00f3n exacta del duelo, podemos evitarle consultas innecesarias:<\/p>\n<p><em>Donaci\u00f3n en memoria de Lena Muster, Basilea<br \/>Madre de Hans Muster, Musterweg 10, 3001 Berna<\/em><\/p>\n<p>Se informa regularmente a la familia de los fallecidos sobre las donaciones recibidas mediante una lista. Sin embargo, la cantidad individual donada permanece an\u00f3nima en cualquier caso.<\/p>\n<p>Todas las donaciones recibidas con referencia a la persona fallecida ser\u00e1n agradecidas personalmente por Mission 21.<\/p>\n<p>Si tiene alguna pregunta <a href=\"\/es\/anita-brekalomision21-org\/\">Anita Brekalo<\/a> Con mucho gusto.<\/p>\n<p>Pida nuestro juego de tarjetas gratuito, que incluye sobres y una hoja de pago preparada para su donaci\u00f3n funeraria.\u00a0<a href=\"mailto:material@mission-21.org\">\u25ba orden<\/a><\/p>","protected":false},"excerpt":{"rendered":"<p>Bei festlichen Anl\u00e4ssen Geburtstage und Jubil\u00e4en Liegt Ihnen ein Land oder ein Anliegen besonders am Herzen? Dann k\u00f6nnen Sie Ihrer Familie, Freunden und Bekannten vorschlagen, an Ihrem Geburtstag oder Jubil\u00e4um auf das Geschenk zu verzichten. Bitten Sie sie doch einfach, das Geld f\u00fcr Projekte von Mission 21 zu spenden. So geben Sie Freude weltweit weiter. [&hellip;]<\/p>\n","protected":false},"author":1,"featured_media":3017,"parent":221,"menu_order":0,"comment_status":"closed","ping_status":"closed","template":"","meta":{"_acf_changed":false,"_seopress_robots_primary_cat":"","_seopress_titles_title":"","_seopress_titles_desc":"","_seopress_robots_index":"","_searchwp_excluded":"","site-sidebar-layout":"default","site-content-layout":"","ast-site-content-layout":"default","site-content-style":"default","site-sidebar-style":"default","ast-global-header-display":"","ast-banner-title-visibility":"","ast-main-header-display":"","ast-hfb-above-header-display":"","ast-hfb-below-header-display":"","ast-hfb-mobile-header-display":"","site-post-title":"","ast-breadcrumbs-content":"","ast-featured-img":"","footer-sml-layout":"","ast-disable-related-posts":"","theme-transparent-header-meta":"","adv-header-id-meta":"","stick-header-meta":"","header-above-stick-meta":"","header-main-stick-meta":"","header-below-stick-meta":"","astra-migrate-meta-layouts":"set","ast-page-background-enabled":"default","ast-page-background-meta":{"desktop":{"background-color":"var(--ast-global-color-4)","background-image":"","background-repeat":"repeat","background-position":"center center","background-size":"auto","background-attachment":"scroll","background-type":"","background-media":"","overlay-type":"","overlay-color":"","overlay-opacity":"","overlay-gradient":""},"tablet":{"background-color":"","background-image":"","background-repeat":"repeat","background-position":"center center","background-size":"auto","background-attachment":"scroll","background-type":"","background-media":"","overlay-type":"","overlay-color":"","overlay-opacity":"","overlay-gradient":""},"mobile":{"background-color":"","background-image":"","background-repeat":"repeat","background-position":"center center","background-size":"auto","background-attachment":"scroll","background-type":"","background-media":"","overlay-type":"","overlay-color":"","overlay-opacity":"","overlay-gradient":""}},"ast-content-background-meta":{"desktop":{"background-color":"var(--ast-global-color-5)","background-image":"","background-repeat":"repeat","background-position":"center center","background-size":"auto","background-attachment":"scroll","background-type":"","background-media":"","overlay-type":"","overlay-color":"","overlay-opacity":"","overlay-gradient":""},"tablet":{"background-color":"var(--ast-global-color-5)","background-image":"","background-repeat":"repeat","background-position":"center center","background-size":"auto","background-attachment":"scroll","background-type":"","background-media":"","overlay-type":"","overlay-color":"","overlay-opacity":"","overlay-gradient":""},"mobile":{"background-color":"var(--ast-global-color-5)","background-image":"","background-repeat":"repeat","background-position":"center center","background-size":"auto","background-attachment":"scroll","background-type":"","background-media":"","overlay-type":"","overlay-color":"","overlay-opacity":"","overlay-gradient":""}},"iawp_total_views":581,"footnotes":""},"hf_cat_page":[303],"class_list":["post-227","page","type-page","status-publish","has-post-thumbnail"],"acf":[],"_links":{"self":[{"href":"https:\/\/www.mission-21.org\/es\/wp-json\/wp\/v2\/pages\/227","targetHints":{"allow":["GET"]}}],"collection":[{"href":"https:\/\/www.mission-21.org\/es\/wp-json\/wp\/v2\/pages"}],"about":[{"href":"https:\/\/www.mission-21.org\/es\/wp-json\/wp\/v2\/types\/page"}],"author":[{"embeddable":true,"href":"https:\/\/www.mission-21.org\/es\/wp-json\/wp\/v2\/users\/1"}],"replies":[{"embeddable":true,"href":"https:\/\/www.mission-21.org\/es\/wp-json\/wp\/v2\/comments?post=227"}],"version-history":[{"count":11,"href":"https:\/\/www.mission-21.org\/es\/wp-json\/wp\/v2\/pages\/227\/revisions"}],"predecessor-version":[{"id":19108,"href":"https:\/\/www.mission-21.org\/es\/wp-json\/wp\/v2\/pages\/227\/revisions\/19108"}],"up":[{"embeddable":true,"href":"https:\/\/www.mission-21.org\/es\/wp-json\/wp\/v2\/pages\/221"}],"wp:featuredmedia":[{"embeddable":true,"href":"https:\/\/www.mission-21.org\/es\/wp-json\/wp\/v2\/media\/3017"}],"wp:attachment":[{"href":"https:\/\/www.mission-21.org\/es\/wp-json\/wp\/v2\/media?parent=227"}],"wp:term":[{"taxonomy":"hf_cat_page","embeddable":true,"href":"https:\/\/www.mission-21.org\/es\/wp-json\/wp\/v2\/hf_cat_page?post=227"}],"curies":[{"name":"wp","href":"https:\/\/api.w.org\/{rel}","templated":true}]}}