{"id":2604,"date":"2022-09-19T20:41:34","date_gmt":"2022-09-19T18:41:34","guid":{"rendered":"https:\/\/www.mission-21.org\/?page_id=2604"},"modified":"2025-02-06T14:39:21","modified_gmt":"2025-02-06T13:39:21","slug":"socio","status":"publish","type":"page","link":"https:\/\/www.mission-21.org\/es\/was-wir-tun\/partner\/","title":{"rendered":"Socio"},"content":{"rendered":"\n\n\t<div class=\"map_wrapper\" id=\"map_wrapper_16214\">\n<div class=\"map_box\" style=\"max-width:2000px\">\n<div class=\"map_aspect_ratio\" style=\"padding-top:56%\" data-padding-top=\"56%\" data-padding-top-mobile=\"0%\">\n<div class=\"map_container\">\n<div class=\"map_render map_loading\" id=\"map_16214\"><\/div>\n<\/div>\n<\/div>\n<\/div>\n<\/div>\n\t\t\t<a href=\"https:\/\/www.mission-21.org\/was-wir-tun\/projekte-und-partner\/\" target=\"_self\">\n\t\t\t\t\t\t\tProjekte\n\t\t\t\t\t<\/a>\n\t\t\t<a href=\"https:\/\/www.mission-21.org\/was-wir-tun\/partner\/\" target=\"_self\">\n\t\t\t\t\t\t\tPartner\n\t\t\t\t\t<\/a>\n<h2>\n\t\tPartnersuche\n\t<\/h2>\n\t<fieldset>\n\t\t<legend>Standort<\/legend>\n\t\t<label>Inhalt ausw\u00e4hlen<select name=\"standort\"><option value=\"\">Land<\/option><option value=\"afrika\">Afrika<\/option><option value=\"dr-kongo\">&emsp;DR Kongo<\/option><option value=\"ghana\">&emsp;Ghana<\/option><option value=\"kamerun\">&emsp;Kamerun<\/option><option value=\"nigeria\">&emsp;Nigeria<\/option><option value=\"suedafrika\">&emsp;S\u00fcdafrika<\/option><option value=\"suedsudan\">&emsp;S\u00fcdsudan<\/option><option value=\"tansania\">&emsp;Tansania<\/option><option value=\"asien\">Asien<\/option><option value=\"hongkong\">&emsp;Hongkong<\/option><option value=\"indonesien\">&emsp;Indonesien<\/option><option value=\"malaysia\">&emsp;Malaysia<\/option><option value=\"palaestina\">&emsp;Pal\u00e4stina<\/option><option value=\"kontinental\">Kontinental<\/option><option value=\"lateinamerika\">Lateinamerika<\/option><option value=\"bolivien\">&emsp;Bolivien<\/option><option value=\"costa-rica\">&emsp;Costa Rica<\/option><option value=\"peru\">&emsp;Peru<\/option><option value=\"weltweit\">Weltweit<\/option><\/select><\/label>\t<\/fieldset>\n\t<style>:root{--wpgb-accent-scheme-1:#0059a7;--wpgb-dark-scheme-1:#444444;--wpgb-dark-scheme-2:#777777;--wpgb-dark-scheme-3:#999999;--wpgb-light-scheme-1:#ffffff;--wpgb-light-scheme-2:#f6f6f6;--wpgb-light-scheme-3:#f5f5f5;}<\/style>\t<fieldset>\n\t\t<legend>Search<\/legend>\n\t\t<label>\n\t\t\t\tInhalt suchen\n\t\t\t\t<input type=\"search\" name=\"search_test\" placeholder=\"Suche starten\" value=\"\" autocomplete=\"off\"\/>\n\t\t\t<\/label><button type=\"button\" hidden>Klar<\/button>\t<\/fieldset>\n\t<style>:root{--wpgb-accent-scheme-1:#0059a7;--wpgb-dark-scheme-1:#444444;--wpgb-dark-scheme-2:#777777;--wpgb-dark-scheme-3:#999999;--wpgb-light-scheme-1:#ffffff;--wpgb-light-scheme-2:#f6f6f6;--wpgb-light-scheme-3:#f5f5f5;}<\/style><!-- Gridbuilder \u1d42\u1d3e Plugin (https:\/\/wpgridbuilder.com) -->\n\t\t\t<article data-col=\"1\" data-row=\"1\" data-format=\"standard\">AfrikaNigeria<h3><a target=\"_self\" href=\"https:\/\/www.mission-21.org\/partner\/nlef-nakowa-legacy-empowerment-foundation\/\">NLEF, Nakowa Legacy Empowerment Foundation<\/a><\/h3><a href=\"https:\/\/www.mission-21.org\/wp-content\/uploads\/2024\/01\/whatsapp-image-2024-01-25-at-12.32.56-pm-1-verbessert-sr.jpg\" tabindex=\"-1\" data-type=\"image\" data-rel=\"5\" data-title=\"whatsapp-image-2024-01-25-at-12.32.56-pm-1-verbessert-sr\" title=\"Enlarge photo\"><img decoding=\"async\" src=\"https:\/\/www.mission-21.org\/wp-content\/uploads\/2024\/01\/whatsapp-image-2024-01-25-at-12.32.56-pm-1-verbessert-sr-768x398.jpg\" alt=\"whatsapp image 2024 01 25 at 12.32.56 pm 1 verbessert sr\" height=\"398\" width=\"768\"\/><\/a><\/article><article data-col=\"1\" data-row=\"1\" data-format=\"standard\">AfrikaNigeria<h3><a target=\"_self\" href=\"https:\/\/www.mission-21.org\/partner\/aahf-alheri-agape-hope-foundation\/\">AAHF, Alheri Agape Hope Foundation<\/a><\/h3><a href=\"https:\/\/www.mission-21.org\/wp-content\/uploads\/2023\/04\/aahf-projektbild.jpg\" tabindex=\"-1\" data-type=\"image\" data-rel=\"5\" data-title=\"AAHF-projektbild\" title=\"Enlarge photo\"><img decoding=\"async\" src=\"https:\/\/www.mission-21.org\/wp-content\/uploads\/2023\/04\/aahf-projektbild-768x432.jpg\" alt=\"aahf projektbild\" height=\"432\" width=\"768\"\/><\/a><\/article><article data-col=\"1\" data-row=\"1\" data-format=\"standard\">LateinamerikaPeru<h3><a target=\"_self\" href=\"https:\/\/www.mission-21.org\/partner\/cmp-centro-de-la-mujer-peruana-flora-tristan\/\">CMP, Centro de la Mujer Peruana Flora Trist\u00e1n<\/a><\/h3><a href=\"https:\/\/www.mission-21.org\/wp-content\/uploads\/2022\/09\/csm_cmp_049bd58c52-scaled.jpg\" tabindex=\"-1\" data-type=\"image\" data-rel=\"5\" data-title=\"csm_cmp_049bd58c52\" title=\"Enlarge photo\"><img decoding=\"async\" src=\"https:\/\/www.mission-21.org\/wp-content\/uploads\/2022\/09\/csm_cmp_049bd58c52-768x432.jpg\" alt=\"\" height=\"432\" width=\"768\"\/><\/a><\/article><article data-col=\"1\" data-row=\"1\" data-format=\"standard\">BolivienLateinamerika<h3><a target=\"_self\" href=\"https:\/\/www.mission-21.org\/partner\/pns-plataforma-national-de-suelos\/\">PNS, Plataforma National de Suelos<\/a><\/h3><a href=\"https:\/\/www.mission-21.org\/wp-content\/uploads\/2022\/09\/csm_pns_c354f04112.jpg\" tabindex=\"-1\" data-type=\"image\" data-rel=\"5\" data-title=\"csm_pns_c354f04112\" title=\"Enlarge photo\"><img decoding=\"async\" src=\"https:\/\/www.mission-21.org\/wp-content\/uploads\/2022\/09\/csm_pns_c354f04112-768x432.jpg\" alt=\"\" height=\"432\" width=\"768\"\/><\/a><\/article><article data-col=\"1\" data-row=\"1\" data-format=\"standard\">AsienIndonesien<h3><a target=\"_self\" href=\"https:\/\/www.mission-21.org\/partner\/oase-intim\/\">Oase InTim<\/a><\/h3><a href=\"https:\/\/www.mission-21.org\/wp-content\/uploads\/2022\/09\/csm_partner_oase_16fe455bb9.jpg\" tabindex=\"-1\" data-type=\"image\" data-rel=\"5\" data-title=\"csm_partner_oase_16fe455bb9\" title=\"Enlarge photo\"><img decoding=\"async\" src=\"https:\/\/www.mission-21.org\/wp-content\/uploads\/2022\/09\/csm_partner_oase_16fe455bb9-768x432.jpg\" alt=\"\" height=\"432\" width=\"768\"\/><\/a><\/article><article data-col=\"1\" data-row=\"1\" data-format=\"standard\">Peru<h3><a target=\"_self\" href=\"https:\/\/www.mission-21.org\/partner\/cbc-centro-bartolome-de-las-casas-aus-cusco\/\">CBC, Centro Bartolom\u00e9 de las Casas aus Cusco<\/a><\/h3><a href=\"https:\/\/www.mission-21.org\/wp-content\/uploads\/2022\/09\/csm_cbc_cbb301a812.jpeg\" tabindex=\"-1\" data-type=\"image\" data-rel=\"5\" data-title=\"csm_cbc_cbb301a812\" title=\"Enlarge photo\"><img decoding=\"async\" src=\"https:\/\/www.mission-21.org\/wp-content\/uploads\/2022\/09\/csm_cbc_cbb301a812-768x432.jpeg\" alt=\"\" height=\"432\" width=\"768\"\/><\/a><\/article><article data-col=\"1\" data-row=\"1\" data-format=\"standard\">Asien<h3><a target=\"_self\" href=\"https:\/\/www.mission-21.org\/partner\/pck-presbyterian-church-of-korea\/\">PCK Presbyterian Church of Korea<\/a><\/h3><a href=\"https:\/\/www.mission-21.org\/wp-content\/uploads\/2022\/09\/csm_img_stellvertretend_fuer_pck_partnerseite_f5922cb3a0.jpg\" tabindex=\"-1\" data-type=\"image\" data-rel=\"5\" data-title=\"csm_img_stellvertretend_fuer_pck_partnerseite_f5922cb3a0\" title=\"Enlarge photo\"><img decoding=\"async\" src=\"https:\/\/www.mission-21.org\/wp-content\/uploads\/2022\/09\/csm_img_stellvertretend_fuer_pck_partnerseite_f5922cb3a0-768x432.jpg\" alt=\"\" height=\"432\" width=\"768\"\/><\/a><\/article><article data-col=\"1\" data-row=\"1\" data-format=\"standard\">Kamerun<h3><a target=\"_self\" href=\"https:\/\/www.mission-21.org\/partner\/evangelische-schwesternschaft-emmanuel-sisters\/\">Evangelische Schwesternschaft &#8222;Emmanuel Sisters&#8220;<\/a><\/h3><a href=\"https:\/\/www.mission-21.org\/wp-content\/uploads\/2022\/09\/csm_emmanuel_sisters_fe3dfd1c1d.jpg\" tabindex=\"-1\" data-type=\"image\" data-rel=\"5\" data-title=\"csm_emmanuel_sisters_fe3dfd1c1d\" title=\"Enlarge photo\"><img decoding=\"async\" src=\"https:\/\/www.mission-21.org\/wp-content\/uploads\/2022\/09\/csm_emmanuel_sisters_fe3dfd1c1d.jpg\" alt=\"\" height=\"360\" width=\"640\"\/><\/a><\/article><article data-col=\"1\" data-row=\"1\" data-format=\"standard\">AsienIndonesien<h3><a target=\"_self\" href=\"https:\/\/www.mission-21.org\/partner\/fahmina-institut\/\">Fahmina Institut<\/a><\/h3><a href=\"https:\/\/www.mission-21.org\/wp-content\/uploads\/2022\/09\/csm_partner_fahmina_bd890b2e4b-scaled.jpg\" tabindex=\"-1\" data-type=\"image\" data-rel=\"5\" data-title=\"csm_partner_fahmina_bd890b2e4b\" title=\"Enlarge photo\"><img decoding=\"async\" src=\"https:\/\/www.mission-21.org\/wp-content\/uploads\/2022\/09\/csm_partner_fahmina_bd890b2e4b-768x432.jpg\" alt=\"\" height=\"432\" width=\"768\"\/><\/a><\/article>\t\t\n\t<nav aria-label=\"Navigation auf der Seite\"><ul><li><a href=\"https:\/\/www.mission-21.org\/was-wir-tun\/partner\/?_page=1\" aria-current=\"true\" aria-label=\"Aktuelle Seite, Seite 1\" data-page=\"1\">1<\/a><\/li><li><a href=\"https:\/\/www.mission-21.org\/was-wir-tun\/partner\/?_page=2\" aria-label=\"Gehe zu Seite 2\" data-page=\"2\">2<\/a><\/li><li><a href=\"https:\/\/www.mission-21.org\/was-wir-tun\/partner\/?_page=3\" aria-label=\"Gehe zu Seite 3\" data-page=\"3\">3<\/a><\/li><li>&#8230;<\/li><li><a href=\"https:\/\/www.mission-21.org\/was-wir-tun\/partner\/?_page=7\" aria-label=\"Gehe zu Seite 7\" data-page=\"7\">7<\/a><\/li><li><a href=\"https:\/\/www.mission-21.org\/was-wir-tun\/partner\/?_page=8\" aria-label=\"Gehe zu Seite 8\" data-page=\"8\">8<\/a><\/li><li><a href=\"https:\/\/www.mission-21.org\/was-wir-tun\/partner\/?_page=2\" aria-label=\"Gehe zu Seite 2\" data-page=\"2\">N\u00e4chste<\/a><\/li><\/ul><\/nav>\n<style id='wpgb-style-inline-css'>\n:root{--wpgb-accent-scheme-1:#0059a7;--wpgb-dark-scheme-1:#444444;--wpgb-dark-scheme-2:#777777;--wpgb-dark-scheme-3:#999999;--wpgb-light-scheme-1:#ffffff;--wpgb-light-scheme-2:#f6f6f6;--wpgb-light-scheme-3:#f5f5f5;--wpgb-lightbox-background:linear-gradient(180deg, rgba(30,30,30,0.45) 0%, rgba(30,30,30,0.9) 100%);--wpgb-lightbox-controls:#ffffff;--wpgb-lightbox-spinner:#ffffff;--wpgb-lightbox-title:#ffffff;--wpgb-lightbox-desc:#bbbbbb;}.wpgb-grid-5 .wpgb-wrapper{margin-bottom:3em;}.wpgb-grid-5 .wpgb-area-top-1>div{flex:inherit;min-width:25%;max-width:100%}.wpgb-grid-5 .wpgb-area-top-1{justify-content:flex-start;}.wpgb-grid-5 .wpgb-area-top-2>div{flex:inherit;min-width:25%;max-width:100%}.wpgb-grid-5 .wpgb-area-top-2{justify-content:flex-start;}.wpgb-grid-5 .wpgb-area-bottom-1{margin-top:4em;justify-content:center;}.wpgb-grid-5 .wpgb-area-bottom-2{margin-top:2.5em;justify-content:center;}@media all and (-ms-high-contrast:none), (-ms-high-contrast:active){.wpgb-grid-5:not(.wpgb-enabled) .wpgb-viewport>div{margin:0 -7px}.wpgb-grid-5:not(.wpgb-enabled) .wpgb-card{width:calc(( 100% - 3 * 30px ) \/ 3 - 0.1px);margin:15px}}.wpgb-grid-5:not(.wpgb-enabled) .wpgb-viewport>div{grid-template-columns: repeat(3, 1fr);grid-gap:30px}@media screen and (max-width: 1200px){@media all and (-ms-high-contrast:none), (-ms-high-contrast:active){.wpgb-grid-5:not(.wpgb-enabled) .wpgb-viewport>div{margin:0 -7px}.wpgb-grid-5:not(.wpgb-enabled) .wpgb-card{width:calc(( 100% - 2 * 30px ) \/ 2 - 0.1px);margin:15px}}.wpgb-grid-5:not(.wpgb-enabled) .wpgb-viewport>div{grid-template-columns: repeat(2, 1fr);grid-gap:30px}.wp-grid-builder.wpgb-grid-5:not(.wpgb-enabled) .wpgb-card[data-col=\"2\"],.wp-grid-builder.wpgb-grid-5:not(.wpgb-enabled) .wpgb-card[data-col=\"3\"],.wp-grid-builder.wpgb-grid-5:not(.wpgb-enabled) .wpgb-card[data-col=\"4\"],.wp-grid-builder.wpgb-grid-5:not(.wpgb-enabled) .wpgb-card[data-col=\"5\"],.wp-grid-builder.wpgb-grid-5:not(.wpgb-enabled) .wpgb-card[data-col=\"6\"],.wp-grid-builder.wpgb-grid-5:not(.wpgb-enabled) .wpgb-card[data-col=\"7\"],.wp-grid-builder.wpgb-grid-5:not(.wpgb-enabled) .wpgb-card[data-col=\"8\"],.wp-grid-builder.wpgb-grid-5:not(.wpgb-enabled) .wpgb-card[data-col=\"9\"],.wp-grid-builder.wpgb-grid-5:not(.wpgb-enabled) .wpgb-card[data-col=\"10\"],.wp-grid-builder.wpgb-grid-5:not(.wpgb-enabled) .wpgb-card[data-col=\"11\"]{grid-column: span 2}}@media screen and (max-width: 992px){@media all and (-ms-high-contrast:none), (-ms-high-contrast:active){.wpgb-grid-5:not(.wpgb-enabled) .wpgb-viewport>div{margin:0 -4px}.wpgb-grid-5:not(.wpgb-enabled) .wpgb-card{width:calc(( 100% - 2 * 18px ) \/ 2 - 0.1px);margin:9px}}.wpgb-grid-5:not(.wpgb-enabled) .wpgb-viewport>div{grid-template-columns: repeat(2, 1fr);grid-gap:18px}.wp-grid-builder.wpgb-grid-5:not(.wpgb-enabled) .wpgb-card[data-col=\"2\"],.wp-grid-builder.wpgb-grid-5:not(.wpgb-enabled) .wpgb-card[data-col=\"3\"],.wp-grid-builder.wpgb-grid-5:not(.wpgb-enabled) .wpgb-card[data-col=\"4\"],.wp-grid-builder.wpgb-grid-5:not(.wpgb-enabled) .wpgb-card[data-col=\"5\"],.wp-grid-builder.wpgb-grid-5:not(.wpgb-enabled) .wpgb-card[data-col=\"6\"],.wp-grid-builder.wpgb-grid-5:not(.wpgb-enabled) .wpgb-card[data-col=\"7\"],.wp-grid-builder.wpgb-grid-5:not(.wpgb-enabled) .wpgb-card[data-col=\"8\"],.wp-grid-builder.wpgb-grid-5:not(.wpgb-enabled) .wpgb-card[data-col=\"9\"],.wp-grid-builder.wpgb-grid-5:not(.wpgb-enabled) .wpgb-card[data-col=\"10\"],.wp-grid-builder.wpgb-grid-5:not(.wpgb-enabled) .wpgb-card[data-col=\"11\"]{grid-column: span 2}}@media screen and (max-width: 768px){@media all and (-ms-high-contrast:none), (-ms-high-contrast:active){.wpgb-grid-5:not(.wpgb-enabled) .wpgb-viewport>div{margin:0 -4px}.wpgb-grid-5:not(.wpgb-enabled) .wpgb-card{width:calc(( 100% - 2 * 18px ) \/ 2 - 0.1px);margin:9px}}.wpgb-grid-5:not(.wpgb-enabled) .wpgb-viewport>div{grid-template-columns: repeat(2, 1fr);grid-gap:18px}.wp-grid-builder.wpgb-grid-5:not(.wpgb-enabled) .wpgb-card[data-col=\"2\"],.wp-grid-builder.wpgb-grid-5:not(.wpgb-enabled) .wpgb-card[data-col=\"3\"],.wp-grid-builder.wpgb-grid-5:not(.wpgb-enabled) .wpgb-card[data-col=\"4\"],.wp-grid-builder.wpgb-grid-5:not(.wpgb-enabled) .wpgb-card[data-col=\"5\"],.wp-grid-builder.wpgb-grid-5:not(.wpgb-enabled) .wpgb-card[data-col=\"6\"],.wp-grid-builder.wpgb-grid-5:not(.wpgb-enabled) .wpgb-card[data-col=\"7\"],.wp-grid-builder.wpgb-grid-5:not(.wpgb-enabled) .wpgb-card[data-col=\"8\"],.wp-grid-builder.wpgb-grid-5:not(.wpgb-enabled) .wpgb-card[data-col=\"9\"],.wp-grid-builder.wpgb-grid-5:not(.wpgb-enabled) .wpgb-card[data-col=\"10\"],.wp-grid-builder.wpgb-grid-5:not(.wpgb-enabled) .wpgb-card[data-col=\"11\"]{grid-column: span 2}}@media screen and (max-width: 576px){@media all and (-ms-high-contrast:none), (-ms-high-contrast:active){.wpgb-grid-5:not(.wpgb-enabled) .wpgb-viewport>div{margin:0 -2px}.wpgb-grid-5:not(.wpgb-enabled) .wpgb-card{width:calc(( 100% - 1 * 8px ) \/ 1 - 0.1px);margin:4px}}.wpgb-grid-5:not(.wpgb-enabled) .wpgb-viewport>div{grid-template-columns: repeat(1, 1fr);grid-gap:8px}.wp-grid-builder.wpgb-grid-5:not(.wpgb-enabled) .wpgb-card[data-col=\"1\"],.wp-grid-builder.wpgb-grid-5:not(.wpgb-enabled) .wpgb-card[data-col=\"2\"],.wp-grid-builder.wpgb-grid-5:not(.wpgb-enabled) .wpgb-card[data-col=\"3\"],.wp-grid-builder.wpgb-grid-5:not(.wpgb-enabled) .wpgb-card[data-col=\"4\"],.wp-grid-builder.wpgb-grid-5:not(.wpgb-enabled) .wpgb-card[data-col=\"5\"],.wp-grid-builder.wpgb-grid-5:not(.wpgb-enabled) .wpgb-card[data-col=\"6\"],.wp-grid-builder.wpgb-grid-5:not(.wpgb-enabled) .wpgb-card[data-col=\"7\"],.wp-grid-builder.wpgb-grid-5:not(.wpgb-enabled) .wpgb-card[data-col=\"8\"],.wp-grid-builder.wpgb-grid-5:not(.wpgb-enabled) .wpgb-card[data-col=\"9\"],.wp-grid-builder.wpgb-grid-5:not(.wpgb-enabled) .wpgb-card[data-col=\"10\"],.wp-grid-builder.wpgb-grid-5:not(.wpgb-enabled) .wpgb-card[data-col=\"11\"]{grid-column: span 1}}@media screen and (max-width: 320px){@media all and (-ms-high-contrast:none), (-ms-high-contrast:active){.wpgb-grid-5:not(.wpgb-enabled) .wpgb-viewport>div{margin:0 -2px}.wpgb-grid-5:not(.wpgb-enabled) .wpgb-card{width:calc(( 100% - 1 * 8px ) \/ 1 - 0.1px);margin:4px}}.wpgb-grid-5:not(.wpgb-enabled) .wpgb-viewport>div{grid-template-columns: repeat(1, 1fr);grid-gap:8px}.wp-grid-builder.wpgb-grid-5:not(.wpgb-enabled) .wpgb-card[data-col=\"1\"],.wp-grid-builder.wpgb-grid-5:not(.wpgb-enabled) .wpgb-card[data-col=\"2\"],.wp-grid-builder.wpgb-grid-5:not(.wpgb-enabled) .wpgb-card[data-col=\"3\"],.wp-grid-builder.wpgb-grid-5:not(.wpgb-enabled) .wpgb-card[data-col=\"4\"],.wp-grid-builder.wpgb-grid-5:not(.wpgb-enabled) .wpgb-card[data-col=\"5\"],.wp-grid-builder.wpgb-grid-5:not(.wpgb-enabled) .wpgb-card[data-col=\"6\"],.wp-grid-builder.wpgb-grid-5:not(.wpgb-enabled) .wpgb-card[data-col=\"7\"],.wp-grid-builder.wpgb-grid-5:not(.wpgb-enabled) .wpgb-card[data-col=\"8\"],.wp-grid-builder.wpgb-grid-5:not(.wpgb-enabled) .wpgb-card[data-col=\"9\"],.wp-grid-builder.wpgb-grid-5:not(.wpgb-enabled) .wpgb-card[data-col=\"10\"],.wp-grid-builder.wpgb-grid-5:not(.wpgb-enabled) .wpgb-card[data-col=\"11\"]{grid-column: span 1}}.wpgb-grid-5 .wpgb-card.wpgb-card-hidden .wpgb-card-wrapper{transform:scale(0.001);opacity:0;}.wpgb-grid-5 .wpgb-card:not(.wpgb-card-hidden) .wpgb-card-wrapper{transform:scale(1);opacity:1;transition:700ms cubic-bezier(0.1,0.3,0.2,1);transition-property:transform, opacity;;}.wpgb-grid-5 .wpgb-card .wpgb-lazy-load{color:#0059a7;background:#edf3f8}@-webkit-keyframes wpgb-loader-18{0%{opacity:0;-webkit-transform:scale(0)}5%{opacity:.75}100%{opacity:0;-webkit-transform:scale(1)}}@keyframes wpgb-loader-18{0%{opacity:0;transform:scale(0)}5%{opacity:.75}100%{opacity:0;transform:scale(1)}}.wpgb-loader-18>div{position:absolute;top:0;left:0;width:50px;height:50px;border-radius:100%;opacity:0;-webkit-animation:wpgb-loader-18 1s 0s linear infinite;animation:wpgb-loader-18 1s 0s linear infinite}.wpgb-loader-18>div:nth-child(2){-webkit-animation-delay:.2s;animation-delay:.2s}.wpgb-loader-18>div:nth-child(3){-webkit-animation-delay:.4s;animation-delay:.4s}.wpgb-grid-5 .wpgb-loader .wpgb-loader-18{transform: scale(1.2 )}.wpgb-grid-5 .wpgb-loader .wpgb-loader-18 *{color:#ffffff;background:#ffffff}.wp-grid-builder .wpgb-card-21 .wpgb-card-header{-webkit-box-flex:1;-ms-flex-positive:1;flex-grow:1;padding-top:20px;padding-right:20px;padding-left:20px}.wp-grid-builder .wpgb-card-21 .wpgb-card-inner{overflow:hidden;box-shadow:rgba(0,0,0,0.22) 0 0 0 0;-webkit-transition-duration:150ms;transition-duration:150ms}.wp-grid-builder .wpgb-card-21 .wpgb-card-media-content{text-align:center}.wp-grid-builder .wpgb-card-21 .wpgb-block-1{font-size:.75em;line-height:1.4;font-weight:600;margin-bottom:1em}.wp-grid-builder .wpgb-card-21 .wpgb-block-2 .wpgb-block-term{font-weight:400;border-radius:0;padding:.2em .6em;background:#edeae8;margin:.4em}.wp-grid-builder .wpgb-card-21 .wpgb-block-2{font-size:.75em;line-height:1.4;position:relative;display:block;color:#000;margin:0 -.4em .5em;-webkit-transition-duration:300ms;transition-duration:300ms}.wp-grid-builder .wpgb-card-21 .wpgb-block-2 .wpgb-block-term:hover{opacity:.8}.wp-grid-builder .wpgb-card-21 .wpgb-block-3{font-size:1.625em;line-height:1.2;font-weight:900;padding:0;margin:0 0 .6em;display:block;-webkit-transition-duration:300ms;transition-duration:300ms}.wp-grid-builder .wpgb-card-21 .wpgb-block-3:hover{opacity:.8}.wpgb-select{background-color:#fff}.wp-grid-builder:not(.wpgb-template){opacity:1!important}\n<\/style>\n\n","protected":false},"excerpt":{"rendered":"<p>Projekte Partner Partnersuche Standort Inhalt ausw\u00e4hlenLandAfrika&emsp;DR Kongo&emsp;Ghana&emsp;Kamerun&emsp;Nigeria&emsp;S\u00fcdafrika&emsp;S\u00fcdsudan&emsp;TansaniaAsien&emsp;Hongkong&emsp;Indonesien&emsp;Malaysia&emsp;Pal\u00e4stinaKontinentalLateinamerika&emsp;Bolivien&emsp;Costa Rica&emsp;PeruWeltweit Search Inhalt suchen Klar AfrikaNigeria NLEF, Nakowa Legacy Empowerment Foundation AfrikaNigeria AAHF, Alheri Agape Hope Foundation LateinamerikaPeru CMP, Centro de la Mujer Peruana Flora Trist\u00e1n BolivienLateinamerika PNS, Plataforma National de Suelos AsienIndonesien Oase InTim Peru CBC, Centro Bartolom\u00e9 de las Casas aus Cusco Asien PCK Presbyterian Church [&hellip;]<\/p>\n","protected":false},"author":1,"featured_media":0,"parent":205,"menu_order":0,"comment_status":"closed","ping_status":"closed","template":"","meta":{"_acf_changed":false,"_seopress_robots_primary_cat":"","_seopress_titles_title":"","_seopress_titles_desc":"","_seopress_robots_index":"","_searchwp_excluded":"","site-sidebar-layout":"default","site-content-layout":"","ast-site-content-layout":"default","site-content-style":"default","site-sidebar-style":"default","ast-global-header-display":"","ast-banner-title-visibility":"","ast-main-header-display":"","ast-hfb-above-header-display":"","ast-hfb-below-header-display":"","ast-hfb-mobile-header-display":"","site-post-title":"","ast-breadcrumbs-content":"","ast-featured-img":"","footer-sml-layout":"","ast-disable-related-posts":"","theme-transparent-header-meta":"","adv-header-id-meta":"","stick-header-meta":"","header-above-stick-meta":"","header-main-stick-meta":"","header-below-stick-meta":"","astra-migrate-meta-layouts":"set","ast-page-background-enabled":"default","ast-page-background-meta":{"desktop":{"background-color":"var(--ast-global-color-4)","background-image":"","background-repeat":"repeat","background-position":"center center","background-size":"auto","background-attachment":"scroll","background-type":"","background-media":"","overlay-type":"","overlay-color":"","overlay-opacity":"","overlay-gradient":""},"tablet":{"background-color":"","background-image":"","background-repeat":"repeat","background-position":"center center","background-size":"auto","background-attachment":"scroll","background-type":"","background-media":"","overlay-type":"","overlay-color":"","overlay-opacity":"","overlay-gradient":""},"mobile":{"background-color":"","background-image":"","background-repeat":"repeat","background-position":"center center","background-size":"auto","background-attachment":"scroll","background-type":"","background-media":"","overlay-type":"","overlay-color":"","overlay-opacity":"","overlay-gradient":""}},"ast-content-background-meta":{"desktop":{"background-color":"var(--ast-global-color-5)","background-image":"","background-repeat":"repeat","background-position":"center center","background-size":"auto","background-attachment":"scroll","background-type":"","background-media":"","overlay-type":"","overlay-color":"","overlay-opacity":"","overlay-gradient":""},"tablet":{"background-color":"var(--ast-global-color-5)","background-image":"","background-repeat":"repeat","background-position":"center center","background-size":"auto","background-attachment":"scroll","background-type":"","background-media":"","overlay-type":"","overlay-color":"","overlay-opacity":"","overlay-gradient":""},"mobile":{"background-color":"var(--ast-global-color-5)","background-image":"","background-repeat":"repeat","background-position":"center center","background-size":"auto","background-attachment":"scroll","background-type":"","background-media":"","overlay-type":"","overlay-color":"","overlay-opacity":"","overlay-gradient":""}},"iawp_total_views":1390,"footnotes":""},"hf_cat_page":[300],"class_list":["post-2604","page","type-page","status-publish"],"acf":[],"_links":{"self":[{"href":"https:\/\/www.mission-21.org\/es\/wp-json\/wp\/v2\/pages\/2604","targetHints":{"allow":["GET"]}}],"collection":[{"href":"https:\/\/www.mission-21.org\/es\/wp-json\/wp\/v2\/pages"}],"about":[{"href":"https:\/\/www.mission-21.org\/es\/wp-json\/wp\/v2\/types\/page"}],"author":[{"embeddable":true,"href":"https:\/\/www.mission-21.org\/es\/wp-json\/wp\/v2\/users\/1"}],"replies":[{"embeddable":true,"href":"https:\/\/www.mission-21.org\/es\/wp-json\/wp\/v2\/comments?post=2604"}],"version-history":[{"count":11,"href":"https:\/\/www.mission-21.org\/es\/wp-json\/wp\/v2\/pages\/2604\/revisions"}],"predecessor-version":[{"id":16221,"href":"https:\/\/www.mission-21.org\/es\/wp-json\/wp\/v2\/pages\/2604\/revisions\/16221"}],"up":[{"embeddable":true,"href":"https:\/\/www.mission-21.org\/es\/wp-json\/wp\/v2\/pages\/205"}],"wp:attachment":[{"href":"https:\/\/www.mission-21.org\/es\/wp-json\/wp\/v2\/media?parent=2604"}],"wp:term":[{"taxonomy":"hf_cat_page","embeddable":true,"href":"https:\/\/www.mission-21.org\/es\/wp-json\/wp\/v2\/hf_cat_page?post=2604"}],"curies":[{"name":"wp","href":"https:\/\/api.w.org\/{rel}","templated":true}]}}