{"id":2967,"date":"2022-09-26T14:59:00","date_gmt":"2022-09-26T12:59:00","guid":{"rendered":"https:\/\/www.mission-21.org\/?page_id=2967"},"modified":"2025-08-11T11:45:29","modified_gmt":"2025-08-11T09:45:29","slug":"imprimir","status":"publish","type":"page","link":"https:\/\/www.mission-21.org\/es\/impressum\/","title":{"rendered":"Pie de imprenta"},"content":{"rendered":"<img decoding=\"async\" src=\"https:\/\/www.mission-21.org\/wp-content\/uploads\/2022\/08\/csm_header_news_d521d70e38.jpeg\" alt=\"csm header news d521d70e38\" itemprop=\"image\" height=\"688\" width=\"1680\" title=\"csm_Header_News_d521d70e38\" onerror=\"this.style.display='none'\" loading='lazy' \/>\n\t<h1>Pie de imprenta<\/h1>\n<h3>Editor<\/h3>\n\t<strong>Mission 21<\/strong><br \/>\nMisi\u00f3n Evang\u00e9lica Basilea<br \/>\nMissionsstrasse 21<br \/>\n4009 Basilea, Suiza<br \/>\nTel.: +41 (0)61 260 21 20<br \/>\n<a title=\"Informaci\u00f3n Misi\u00f3n 21\" href=\"mailto:info@mission-21.org\" data-cke-saved-href=\"mailto:info@mission-21.org\">\u25ba Correo electr\u00f3nico<\/a>\n\t<strong>Jefe de Comunicaci\u00f3n y Marketing, Miembro del Comit\u00e9 Ejecutivo<\/strong><br \/>\n<a title=\"Dario Br\u00fchlmann\" href=\"mailto:gaby.ullrich@mission-21.org\" data-cke-saved-href=\"mailto:gaby.ullrich@mission-21.org\">Gaby Ullrich<\/a>\n<strong>Contacto con el equipo web<\/strong><br \/>\n<a title=\"webmaster\" href=\"mailto:webmaster@mission-21.org\" data-cke-saved-href=\"mailto:webmaster@mission-21.org\">\u25ba Correo electr\u00f3nico<\/a>\n<strong>Servicio web<\/strong><br \/>\nflink think GmbH, Hohenrainstrasse 26c, 4133 Pratteln\n<h3>Responsabilidad y derechos de uso<\/h3>\n<p>Mission 21 recopila el contenido de este sitio web seg\u00fan su leal saber y entender. Sin embargo, Mission 21 no acepta ninguna responsabilidad por las deficiencias o los da\u00f1os derivados del uso de este sitio web. Se agradece la notificaci\u00f3n de errores.<\/p>\n<p><a title=\"Webmaster\" href=\"mailto:webmaster@mission-21.org\" data-cke-saved-href=\"mailto:webmaster@mission-21.org\">\u25ba Correo electr\u00f3nico<\/a><\/p>\n<p>Los derechos de autor y de uso de todo el contenido de este sitio web son propiedad de Mission 21, a menos que se indique lo contrario, pero pueden ser utilizados por terceros dentro de las condiciones de uso.<\/p>","protected":false},"excerpt":{"rendered":"<p>Impressum Herausgeberin Mission 21 Evangelisches Missionswerk Basel Missionsstrasse 21 4009 Basel, Schweiz Tel: +41 (0)61 260 21 20 \u25ba E-Mail Leitung Kommunikation und Marketing, Mitglied der Gesch\u00e4ftsleitung Gaby Ullrich Kontakt Webteam \u25ba E-Mail Webdienstleistung flink think GmbH, Hohenrainstrasse 26c, 4133 Pratteln Haftung und Nutzungsrechte Die Inhalte dieser Website erstellt Mission 21 nach bestem Wissen und [&hellip;]<\/p>\n","protected":false},"author":1,"featured_media":2969,"parent":0,"menu_order":0,"comment_status":"closed","ping_status":"closed","template":"","meta":{"_acf_changed":false,"_seopress_robots_primary_cat":"","_seopress_titles_title":"","_seopress_titles_desc":"","_seopress_robots_index":"","_searchwp_excluded":"","site-sidebar-layout":"default","site-content-layout":"","ast-site-content-layout":"default","site-content-style":"default","site-sidebar-style":"default","ast-global-header-display":"","ast-banner-title-visibility":"","ast-main-header-display":"","ast-hfb-above-header-display":"","ast-hfb-below-header-display":"","ast-hfb-mobile-header-display":"","site-post-title":"","ast-breadcrumbs-content":"","ast-featured-img":"","footer-sml-layout":"","ast-disable-related-posts":"","theme-transparent-header-meta":"","adv-header-id-meta":"","stick-header-meta":"","header-above-stick-meta":"","header-main-stick-meta":"","header-below-stick-meta":"","astra-migrate-meta-layouts":"default","ast-page-background-enabled":"default","ast-page-background-meta":{"desktop":{"background-color":"var(--ast-global-color-4)","background-image":"","background-repeat":"repeat","background-position":"center center","background-size":"auto","background-attachment":"scroll","background-type":"","background-media":"","overlay-type":"","overlay-color":"","overlay-opacity":"","overlay-gradient":""},"tablet":{"background-color":"","background-image":"","background-repeat":"repeat","background-position":"center center","background-size":"auto","background-attachment":"scroll","background-type":"","background-media":"","overlay-type":"","overlay-color":"","overlay-opacity":"","overlay-gradient":""},"mobile":{"background-color":"","background-image":"","background-repeat":"repeat","background-position":"center center","background-size":"auto","background-attachment":"scroll","background-type":"","background-media":"","overlay-type":"","overlay-color":"","overlay-opacity":"","overlay-gradient":""}},"ast-content-background-meta":{"desktop":{"background-color":"var(--ast-global-color-5)","background-image":"","background-repeat":"repeat","background-position":"center center","background-size":"auto","background-attachment":"scroll","background-type":"","background-media":"","overlay-type":"","overlay-color":"","overlay-opacity":"","overlay-gradient":""},"tablet":{"background-color":"var(--ast-global-color-5)","background-image":"","background-repeat":"repeat","background-position":"center center","background-size":"auto","background-attachment":"scroll","background-type":"","background-media":"","overlay-type":"","overlay-color":"","overlay-opacity":"","overlay-gradient":""},"mobile":{"background-color":"var(--ast-global-color-5)","background-image":"","background-repeat":"repeat","background-position":"center center","background-size":"auto","background-attachment":"scroll","background-type":"","background-media":"","overlay-type":"","overlay-color":"","overlay-opacity":"","overlay-gradient":""}},"iawp_total_views":348,"footnotes":""},"hf_cat_page":[304],"class_list":["post-2967","page","type-page","status-publish","has-post-thumbnail"],"acf":[],"_links":{"self":[{"href":"https:\/\/www.mission-21.org\/es\/wp-json\/wp\/v2\/pages\/2967","targetHints":{"allow":["GET"]}}],"collection":[{"href":"https:\/\/www.mission-21.org\/es\/wp-json\/wp\/v2\/pages"}],"about":[{"href":"https:\/\/www.mission-21.org\/es\/wp-json\/wp\/v2\/types\/page"}],"author":[{"embeddable":true,"href":"https:\/\/www.mission-21.org\/es\/wp-json\/wp\/v2\/users\/1"}],"replies":[{"embeddable":true,"href":"https:\/\/www.mission-21.org\/es\/wp-json\/wp\/v2\/comments?post=2967"}],"version-history":[{"count":11,"href":"https:\/\/www.mission-21.org\/es\/wp-json\/wp\/v2\/pages\/2967\/revisions"}],"predecessor-version":[{"id":17919,"href":"https:\/\/www.mission-21.org\/es\/wp-json\/wp\/v2\/pages\/2967\/revisions\/17919"}],"wp:featuredmedia":[{"embeddable":true,"href":"https:\/\/www.mission-21.org\/es\/wp-json\/wp\/v2\/media\/2969"}],"wp:attachment":[{"href":"https:\/\/www.mission-21.org\/es\/wp-json\/wp\/v2\/media?parent=2967"}],"wp:term":[{"taxonomy":"hf_cat_page","embeddable":true,"href":"https:\/\/www.mission-21.org\/es\/wp-json\/wp\/v2\/hf_cat_page?post=2967"}],"curies":[{"name":"wp","href":"https:\/\/api.w.org\/{rel}","templated":true}]}}