{"id":2972,"date":"2022-09-26T15:00:23","date_gmt":"2022-09-26T13:00:23","guid":{"rendered":"https:\/\/www.mission-21.org\/?page_id=2972"},"modified":"2025-09-15T16:58:25","modified_gmt":"2025-09-15T14:58:25","slug":"faqs","status":"publish","type":"page","link":"https:\/\/www.mission-21.org\/es\/faqs\/","title":{"rendered":"Preguntas frecuentes - FAQs"},"content":{"rendered":"<a href=\"#\" id=\"fl-accordion--label-0\" tabindex=\"0\" aria-controls=\"fl-accordion--panel-0\">\u00bfQu\u00e9 entendemos nosotros, como organizaci\u00f3n misionera, por misi\u00f3n?<\/a>\n\t\t\t\t\t\t\t\t\t\t\t<a href=\"#\" id=\"fl-accordion--icon-0\" tabindex=\"-1\"><i title=\"Ampliar\">Ampliar<\/i><\/a>\n<p>Nuestra concepci\u00f3n de la misi\u00f3n se basa en la creencia de que todas las personas han sido creadas de forma diferente, pero con igual valor y dignidad. Por lo tanto, independientemente de su etnia, sexo, religi\u00f3n u origen geogr\u00e1fico, deben poder participar por igual en lo que la Biblia llama \"vida en abundancia para todos\" (Juan 10:10). Esto significa dos cosas para nosotros:<\/p>\n<ol>\n<li>Que invitemos a la gente a participar en nuestra comunidad mundial de iglesias asociadas y organizaciones religiosas asociadas para el intercambio intercultural, el compromiso solidario y el aprendizaje mutuo (v\u00e9ase m\u00e1s abajo, Campo de acci\u00f3n 1: Comunidad internacional de aprendizaje).<\/li>\n<li>Que trabajemos junto con nuestras iglesias y organizaciones asociadas por un mundo en el que todas las personas y toda la creaci\u00f3n convivan en paz y justicia (v\u00e9ase m\u00e1s abajo,<strong>\u00a0\u00a0<\/strong>\u00c1mbito de actuaci\u00f3n 2: Cooperaci\u00f3n internacional al desarrollo).<\/li>\n<\/ol>\n<p><a href=\"https:\/\/www.mission-21.org\/es\/quienes-somos\/retrato\/\">\u25ba M\u00e1s informaci\u00f3n sobre nuestros \u00e1mbitos de actuaci\u00f3n y temas<\/a><\/p>\n\t\t\t\t\t<a href=\"#\" id=\"fl-accordion--label-1\" tabindex=\"0\" aria-controls=\"fl-accordion--panel-1\">\u00bfQu\u00e9 hace Mission 21? <\/a>\n\t\t\t\t\t\t\t\t\t\t\t<a href=\"#\" id=\"fl-accordion--icon-1\" tabindex=\"-1\"><i title=\"Ampliar\">Ampliar<\/i><\/a>\n<p>El compromiso de participar en una \"vida en plenitud para todas las personas\". <a href=\"https:\/\/www.mission-21.org\/fileadmin\/Webseite_Mission_21\/Wer_wir_sind\/Leitbild_und_andere_Dokumente\/Pub_Leitbild_2016_deu_20220601_sh.pdf\">Declaraci\u00f3n de la misi\u00f3n de Mission 21<\/a> Para nosotros, como oficina de Mission 21 en Basilea, esto incluye, por un lado, ofrecer oportunidades de participaci\u00f3n en nuestra comunidad mundial de iglesias y organizaciones basadas en la religi\u00f3n (comunidad internacional de aprendizaje). Este campo de acci\u00f3n de Mission 21 est\u00e1 conectado org\u00e1nicamente con un segundo: Dado que la iglesia no es un fin en s\u00ed mismo, trabajamos junto con nuestras iglesias y organizaciones asociadas en \u00c1frica, Asia y Am\u00e9rica Latina en la cooperaci\u00f3n internacional al desarrollo para mejorar las condiciones de vida y la paz. Creemos que las iglesias pueden y deben desempe\u00f1ar un papel muy importante en el desarrollo ulterior de nuestras respectivas sociedades, nuestra vida y convivencia, aqu\u00ed y en todo el mundo, sobre la base de su propia misi\u00f3n cristiana, sus amplias y sostenibles ra\u00edces en sus sociedades y su trabajo en red internacional. As\u00ed, en di\u00e1logo respetuoso y cooperaci\u00f3n con personas de diferentes religiones y visiones del mundo, estamos comprometidos con un mundo en el que todas las personas y toda la creaci\u00f3n vivan juntas en paz y justicia.<\/p>\n<p>En ambos campos de acci\u00f3n hay tres temas centrales que han dado forma a nuestro trabajo operativo durante m\u00e1s de 200 a\u00f1os: La conexi\u00f3n entre la religi\u00f3n y el desarrollo, la promoci\u00f3n de la justicia de g\u00e9nero y el fomento de la interacci\u00f3n pac\u00edfica entre personas de diferentes or\u00edgenes \u00e9tnicos y\/o religiosos.<\/p>\n\t\t\t\t\t<a href=\"#\" id=\"fl-accordion--label-2\" tabindex=\"0\" aria-controls=\"fl-accordion--panel-2\">\u00bfQu\u00e9 significa la cooperaci\u00f3n al desarrollo para la Misi\u00f3n 21?<\/a>\n\t\t\t\t\t\t\t\t\t\t\t<a href=\"#\" id=\"fl-accordion--icon-2\" tabindex=\"-1\"><i title=\"Ampliar\">Ampliar<\/i><\/a>\n<p>Mission 21 tiene una larga y confiada historia de relaciones con sus socios y una gran experiencia y competencia en la cooperaci\u00f3n en estos pa\u00edses que la acompa\u00f1a. A diferencia de Europa, en otros continentes la religi\u00f3n desempe\u00f1a un papel importante en la vida cotidiana de los ciudadanos y forma parte de su concepci\u00f3n de los valores. Mission 21 se toma esto en serio y promueve el potencial pac\u00edfico de las religiones. Mission 21 trabaja con actores religiosos para iniciar conjuntamente el cambio social hacia m\u00e1s justicia, sostenibilidad y paz. Para ello, nos guiamos por una comprensi\u00f3n hol\u00edstica, orientada a los valores y sostenible del desarrollo que no est\u00e1 dictada por el Norte global, sino que se basa en las realidades de la vida de las personas. Los aspectos sociales, culturales y espirituales van de la mano de las necesidades materiales como dimensiones inseparables de una vida digna.<\/p>\n<p>Estamos comprometidos con la cooperaci\u00f3n al desarrollo y la ayuda humanitaria sostenibles y a largo plazo en 15 pa\u00edses de \u00c1frica, Asia y Am\u00e9rica Latina. Nuestros \u00e1mbitos de actuaci\u00f3n son la consolidaci\u00f3n de la paz, la educaci\u00f3n, la sanidad, la soberan\u00eda alimentaria, la lucha contra la violencia hacia las mujeres y los ni\u00f1os y el apoyo a actividades educativas para el cambio social. Tambi\u00e9n animamos a nuestras organizaciones asociadas a que ajusten sus actividades a los principios de la buena gobernanza y se comprometan a respetar los derechos humanos. Estamos comprometidos con la igualdad de g\u00e9nero y la justicia clim\u00e1tica en todos nuestros programas y proyectos.<\/p>\n<p><a href=\"https:\/\/www.mission-21.org\/es\/que-hacemos\/\">\u25ba M\u00e1s informaci\u00f3n sobre nuestra cooperaci\u00f3n al desarrollo en todo el mundo<\/a><\/p>\n<p>&nbsp;<\/p>\n<p>&nbsp;<\/p>\n\t\t\t\t\t<a href=\"#\" id=\"fl-accordion--label-3\" tabindex=\"0\" aria-controls=\"fl-accordion--panel-3\">\u00bfQu\u00e9 aporta la Misi\u00f3n 21 a la Agenda 2030?<\/a>\n\t\t\t\t\t\t\t\t\t\t\t<a href=\"#\" id=\"fl-accordion--icon-3\" tabindex=\"-1\"><i title=\"Ampliar\">Ampliar<\/i><\/a>\n<p>A trav\u00e9s de su cooperaci\u00f3n program\u00e1tica al desarrollo con sus socios, Mission 21 hace una contribuci\u00f3n reconocida por la COSUDE para lograr la Agenda 2030, los Objetivos de Desarrollo Sostenible de la ONU. En concreto, contribuimos al Objetivo de Desarrollo Sostenible 16+: construir sociedades pac\u00edficas, justas e inclusivas.<\/p>\n\t\t\t\t\t<a href=\"#\" id=\"fl-accordion--label-4\" tabindex=\"0\" aria-controls=\"fl-accordion--panel-4\">\u00bfC\u00f3mo puedo participar en la cooperaci\u00f3n al desarrollo?<\/a>\n\t\t\t\t\t\t\t\t\t\t\t<a href=\"#\" id=\"fl-accordion--icon-4\" tabindex=\"-1\"><i title=\"Ampliar\">Ampliar<\/i><\/a>\n<p>Mission 21 ofrece misiones de varios a\u00f1os y de un a\u00f1o de duraci\u00f3n en el \u00e1mbito de la cooperaci\u00f3n internacional al desarrollo. Como miembro del personal internacional, trabajar\u00e1 en un proyecto local y aportar\u00e1 su experiencia. El objetivo de estas misiones es, por un lado, proporcionar a las iglesias asociadas y a las organizaciones asociadas un apoyo profesional para continuar y desarrollar las tareas con los propios expertos locales y, por otro lado, posibilitar el aprendizaje mutuo a nivel ocular mediante el intercambio de personal.<\/p>\n<p>En nuestro programa de formaci\u00f3n continua para j\u00f3venes adultos PEP!, Professionals Exposure Programme, trabajas en un proyecto de tu especialidad.<\/p>\n<p><a href=\"https:\/\/www.mission-21.org\/es\/quienes-somos\/puestos-de-trabajo\/\">\u25ba Oferta de trabajo actual<\/a><\/p>\n<p>Organizamos peri\u00f3dicamente viajes que nos permiten conocer a nuestras iglesias y organizaciones asociadas y obtener informaci\u00f3n sobre nuestros proyectos.<\/p>\n<p>En nuestros cursos, examinamos los temas de actualidad en el \u00e1mbito de la cooperaci\u00f3n al desarrollo y mostramos las consecuencias que tienen para nuestro contexto.<\/p>\n\t\t\t\t\t<a href=\"#\" id=\"fl-accordion--label-5\" tabindex=\"0\" aria-controls=\"fl-accordion--panel-5\">\u00bfC\u00f3mo puedo participar en la iglesia global y en la comunidad internacional de aprendizaje?<\/a>\n\t\t\t\t\t\t\t\t\t\t\t<a href=\"#\" id=\"fl-accordion--icon-5\" tabindex=\"-1\"><i title=\"Ampliar\">Ampliar<\/i><\/a>\n<p>Ofrecemos cursos adecuados para individuos interesados, para grupos de congregaciones eclesi\u00e1sticas (j\u00f3venes y adultos), as\u00ed como para otros grupos que deseen formarse para su vida cotidiana privada o profesional:<\/p>\n<ul>\n<li>H\u00e1ganos saber sus necesidades: trabajaremos con usted para desarrollar la oferta que mejor se adapte a sus necesidades.<\/li>\n<li>Nuestra red internacional de j\u00f3venes ofrece a los j\u00f3venes adultos una plataforma de intercambio com\u00fan<\/li>\n<li>Young@Mission21 ofrece diversas actividades para j\u00f3venes adultos de hasta 30 a\u00f1os. <a href=\"https:\/\/www.mission-21.org\/es\/participar\/youngmission21\/\">\u25ba M\u00e1s informaci\u00f3n sobre Young@Mission21<\/a><\/li>\n<li>En nuestros viajes de encuentro podr\u00e1 conocer directamente a nuestras iglesias y organizaciones asociadas y obtener informaci\u00f3n sobre nuestros proyectos<\/li>\n<li>Le proporcionamos impulsos espirituales de nuestras iglesias asociadas, que puede utilizar en su contexto.<\/li>\n<li>Las asociaciones de proyectos permiten aprender unos de otros<\/li>\n<li>Los eventos sobre temas de actualidad en un contexto global le abren nuevos horizontes<\/li>\n<li>Los cursos le proporcionan nuevas perspectivas para su propio contexto y habilidades de acci\u00f3n para vivir juntos en una sociedad plural<\/li>\n<\/ul>\n<p><a href=\"https:\/\/www.mission-21.org\/es\/que-hacemos\/educacion\/\">\u25ba M\u00e1s informaci\u00f3n sobre nuestra oferta educativa<\/a><\/p>\n\t\t\t\t\t<a href=\"#\" id=\"fl-accordion--label-6\" tabindex=\"0\" aria-controls=\"fl-accordion--panel-6\">\u00bfQu\u00e9 tiene que ver la historia de las misiones con el colonialismo?<\/a>\n\t\t\t\t\t\t\t\t\t\t\t<a href=\"#\" id=\"fl-accordion--icon-6\" tabindex=\"-1\"><i title=\"Ampliar\">Ampliar<\/i><\/a>\n<p>Mission 21 es una fusi\u00f3n de tres organizaciones misioneras: la Misi\u00f3n de Basilea (fundada en 1815), la Misi\u00f3n de Herrnhut (fundada en 1732) y la Misi\u00f3n Evang\u00e9lica en el Kwango (1956). Muchas sociedades misioneras se enfrentaron a acusaciones de colaboraci\u00f3n con las potencias coloniales del siglo XIX. Es un hecho que las potencias coloniales hicieron posible la labor misionera en muchos lugares. Sin embargo, la historia de las misiones tambi\u00e9n muestra que los misioneros intervinieron de forma cr\u00edtica en la pol\u00edtica colonial cuando se quer\u00edan restringir los derechos de los ind\u00edgenas.<\/p>\n<p>Las organizaciones predecesoras de Mission 21 hicieron campa\u00f1a contra la trata transatl\u00e1ntica de esclavos y consideraron su trabajo como una reparaci\u00f3n del sufrimiento infligido a los negros por los europeos.<\/p>\n<p>Mission 21 trabaja en la historia de las misiones de forma transparente y seg\u00fan criterios cient\u00edficos. El archivo de investigaci\u00f3n hist\u00f3rica es de acceso p\u00fablico <a href=\"http:\/\/www.bmarchives.org\" target=\"_blank\" rel=\"noopener\">www.bmarchives.org<\/a><\/p>\n<p><a href=\"https:\/\/www.mission-21.org\/es\/tratar-con-transparencia-su-pasado\/\">\u25ba M\u00e1s sobre el tratamiento de la historia de las misiones<\/a><\/p>\n\t\t\t\t\t<a href=\"#\" id=\"fl-accordion--label-7\" tabindex=\"0\" aria-controls=\"fl-accordion--panel-7\">\u00bfSiguen existiendo misioneros en la actualidad?<\/a>\n\t\t\t\t\t\t\t\t\t\t\t<a href=\"#\" id=\"fl-accordion--icon-7\" tabindex=\"-1\"><i title=\"Ampliar\">Ampliar<\/i><\/a>\n<p>Mission 21 no env\u00eda misioneros desde mediados del siglo pasado. Son las propias iglesias y organizaciones asociadas las que definen los requisitos y necesidades de nuestro personal internacional. La mayor\u00eda de los misioneros proceden del Sur global y ya no del Norte global.<\/p>\n\t\t\t\t\t<a href=\"#\" id=\"fl-accordion--label-8\" tabindex=\"0\" aria-controls=\"fl-accordion--panel-8\">\u00bfCu\u00e1ntos empleados tiene?<\/a>\n\t\t\t\t\t\t\t\t\t\t\t<a href=\"#\" id=\"fl-accordion--icon-8\" tabindex=\"-1\"><i title=\"Ampliar\">Ampliar<\/i><\/a>\n<p>En la sede de Basilea trabajan unos 45 empleados en un total de unos 33 puestos a tiempo completo. Tambi\u00e9n es posible trabajar a tiempo parcial en puestos de direcci\u00f3n. La compatibilidad de la familia y la carrera profesional es una preocupaci\u00f3n importante para nosotros. Mission 21 cuenta con unos 15 empleados internacionales que trabajan en los pa\u00edses de nuestro programa.<\/p>\n\t\t\t\t\t<a href=\"#\" id=\"fl-accordion--label-9\" tabindex=\"0\" aria-controls=\"fl-accordion--panel-9\">\u00bfLlega realmente mi donaci\u00f3n? \u00bfQui\u00e9n lo comprueba?<\/a>\n\t\t\t\t\t\t\t\t\t\t\t<a href=\"#\" id=\"fl-accordion--icon-9\" tabindex=\"-1\"><i title=\"Ampliar\">Ampliar<\/i><\/a>\n<p>La Misi\u00f3n 21 es <a href=\"https:\/\/zewo.ch\/de\/\" target=\"_blank\" rel=\"noopener\">ZEWO<\/a> y, por lo tanto, cumple con los estrictos requisitos para el manejo de las donaciones. Las directrices contables (Swiss GAAP FER 21), la auditor\u00eda externa anual y el sistema de control interno lo comprueban constantemente. Para cada proyecto, Mission 21 concluye un acuerdo de financiaci\u00f3n del proyecto con los respectivos socios. Los acuerdos con los socios del proyecto estipulan que la transferencia s\u00f3lo se realiza cuando las cuentas est\u00e1n completas y correctas. La ejecuci\u00f3n y el impacto de los proyectos se controlan mediante un estrecho seguimiento de los mismos sobre el terreno, informes narrativos y financieros detallados de nuestros socios, visitas peri\u00f3dicas de nuestros directores de programa y coordinadores nacionales sobre el terreno, as\u00ed como mediante evaluaciones.<\/p>\n\t\t\t\t\t<a href=\"#\" id=\"fl-accordion--label-10\" tabindex=\"0\" aria-controls=\"fl-accordion--panel-10\">\u00bfC\u00f3mo aborda Misi\u00f3n 21 la corrupci\u00f3n?<\/a>\n\t\t\t\t\t\t\t\t\t\t\t<a href=\"#\" id=\"fl-accordion--icon-10\" tabindex=\"-1\"><i title=\"Ampliar\">Ampliar<\/i><\/a>\n<p>En 2014, Mission 21 introdujo un c\u00f3digo anticorrupci\u00f3n con un mecanismo de denuncia vinculante para todos los empleados y voluntarios (<a href=\"https:\/\/www.mission-21.org\/fileadmin\/Webseite_Mission_21\/Wer_wir_sind\/Leitbild_und_andere_Dokumente\/Verhaltenskodex_Mission21_20200612_DE.pdf\">C\u00f3digo de conducta<\/a>). Todas las iglesias y organizaciones asociadas reciben cada a\u00f1o formaci\u00f3n sobre medidas anticorrupci\u00f3n y otras medidas en materia de gesti\u00f3n de recursos financieros y humanos. La aplicaci\u00f3n de un c\u00f3digo anticorrupci\u00f3n es una condici\u00f3n para la cooperaci\u00f3n y la ejecuci\u00f3n de proyectos.<\/p>\n<p>Las iglesias y organizaciones asociadas y sus beneficiarios reciben apoyo para crear capacidad local y establecer una buena gobernanza organizativa. Esto permite a los beneficiarios tener un mejor acceso a los procesos de toma de decisiones y contribuye en general a reforzar la sociedad civil y alcanzar el Objetivo de Desarrollo Sostenible 16 de la ONU: construir sociedades pac\u00edficas, justas e inclusivas.<\/p>\n\t\t\t\t\t<a href=\"#\" id=\"fl-accordion--label-11\" tabindex=\"0\" aria-controls=\"fl-accordion--panel-11\">Protecci\u00f3n contra el acoso sexual <\/a>\n\t\t\t\t\t\t\t\t\t\t\t<a href=\"#\" id=\"fl-accordion--icon-11\" tabindex=\"-1\"><i title=\"Ampliar\">Ampliar<\/i><\/a>\n<p>La protecci\u00f3n contra el acoso, el abuso y la explotaci\u00f3n sexual, as\u00ed como la preocupaci\u00f3n por la seguridad de los ni\u00f1os y de las personas a su cargo, es una preocupaci\u00f3n importante para Mission 21 y, por lo tanto, forma parte integral del C\u00f3digo de Conducta de Mission 21. <a href=\"https:\/\/www.mission-21.org\/fileadmin\/Webseite_Mission_21\/Wer_wir_sind\/Leitbild_und_andere_Dokumente\/Reglement_zum_Verhaltenskodex_Mission21_20200612_DE.pdf\">C\u00f3digo de conducta<\/a><\/p>\n\t\t\t\t\t<a href=\"#\" id=\"fl-accordion--label-12\" tabindex=\"0\" aria-controls=\"fl-accordion--panel-12\">\u00bfCu\u00e1nto trabajo administrativo requiere Misi\u00f3n 21? <\/a>\n\t\t\t\t\t\t\t\t\t\t\t<a href=\"#\" id=\"fl-accordion--icon-12\" tabindex=\"-1\"><i title=\"Ampliar\">Ampliar<\/i><\/a>\n<p>El gasto total de la Misi\u00f3n 21 se distribuye aproximadamente como sigue:<\/p>\n<ul>\n<li>76.1% Programa y proyecto de trabajo<\/li>\n<li>11,4% Recaudaci\u00f3n de fondos<\/li>\n<li>12,5% Administraci\u00f3n (incl. Asambleas Continentales y S\u00ednodo de la Misi\u00f3n)<\/li>\n<\/ul>\n<p>Todos los a\u00f1os mostramos los costes exactos en nuestro informe anual. <a href=\"https:\/\/www.mission-21.org\/es\/informar-a\/publicaciones\/\">\u25ba Informes anuales y financieros<\/a><\/p>\n\n\t\t\t\t\t<a href=\"#\" id=\"fl-accordion--label-13\" tabindex=\"0\" aria-controls=\"fl-accordion--panel-13\">\u00bfExiste alguna relaci\u00f3n entre Misi\u00f3n 21 y el Hotel Odelya y el Restaurante Ayledo?<\/a>\n\t\t\t\t\t\t\t\t\t\t\t<a href=\"#\" id=\"fl-accordion--icon-13\" tabindex=\"-1\"><i title=\"Ampliar\">Ampliar<\/i><\/a>\n\t\t\t\t\t<p>No. El Hotel Odelya y el Restaurante Ayledo son una sociedad an\u00f3nima propiedad de la Misi\u00f3n de Basilea, una de las tres asociaciones de apoyo de la Misi\u00f3n 21. Mission 21 es una asociaci\u00f3n exenta de impuestos y jur\u00eddicamente independiente de esta sociedad an\u00f3nima, as\u00ed como de Basel Mission. No hay fondos de Misi\u00f3n 21 en estos negocios.<\/p>\n<p>\u00bfNo ha encontrado lo que buscaba? Entonces, p\u00f3ngase en contacto con nosotros a trav\u00e9s de nuestro <a href=\"https:\/\/www.mission-21.org\/es\/quienes-somos\/contactar-con\/\">Formulario de contacto <\/a>o por <a href=\"mailto:info@mission-21.org\">\u25ba Correo<\/a> y el tel\u00e9fono: 061 260 21 20.<\/p>","protected":false},"excerpt":{"rendered":"<p>Was verstehen wir als Missionswerk unter Mission? Expand Unser Verst\u00e4ndnis von Mission gr\u00fcndet im Glauben, dass alle Menschen unterschiedlich, aber mit gleichem Wert und W\u00fcrde geschaffen sind. Daher sollten sie auch unabh\u00e4ngig von ihrer Ethnie, Geschlecht, Religion oder geographischen Herkunft im gleichen Masse teilhaben k\u00f6nnen an dem, was die Bibel &#8222;Leben in F\u00fclle f\u00fcr alle&#8220; [&hellip;]<\/p>\n","protected":false},"author":1,"featured_media":0,"parent":0,"menu_order":0,"comment_status":"closed","ping_status":"closed","template":"","meta":{"_acf_changed":false,"_seopress_robots_primary_cat":"","_seopress_titles_title":"","_seopress_titles_desc":"","_seopress_robots_index":"","_searchwp_excluded":"","site-sidebar-layout":"default","site-content-layout":"","ast-site-content-layout":"default","site-content-style":"default","site-sidebar-style":"default","ast-global-header-display":"","ast-banner-title-visibility":"","ast-main-header-display":"","ast-hfb-above-header-display":"","ast-hfb-below-header-display":"","ast-hfb-mobile-header-display":"","site-post-title":"","ast-breadcrumbs-content":"","ast-featured-img":"","footer-sml-layout":"","ast-disable-related-posts":"","theme-transparent-header-meta":"","adv-header-id-meta":"","stick-header-meta":"","header-above-stick-meta":"","header-main-stick-meta":"","header-below-stick-meta":"","astra-migrate-meta-layouts":"set","ast-page-background-enabled":"default","ast-page-background-meta":{"desktop":{"background-color":"var(--ast-global-color-4)","background-image":"","background-repeat":"repeat","background-position":"center center","background-size":"auto","background-attachment":"scroll","background-type":"","background-media":"","overlay-type":"","overlay-color":"","overlay-opacity":"","overlay-gradient":""},"tablet":{"background-color":"","background-image":"","background-repeat":"repeat","background-position":"center center","background-size":"auto","background-attachment":"scroll","background-type":"","background-media":"","overlay-type":"","overlay-color":"","overlay-opacity":"","overlay-gradient":""},"mobile":{"background-color":"","background-image":"","background-repeat":"repeat","background-position":"center center","background-size":"auto","background-attachment":"scroll","background-type":"","background-media":"","overlay-type":"","overlay-color":"","overlay-opacity":"","overlay-gradient":""}},"ast-content-background-meta":{"desktop":{"background-color":"var(--ast-global-color-5)","background-image":"","background-repeat":"repeat","background-position":"center center","background-size":"auto","background-attachment":"scroll","background-type":"","background-media":"","overlay-type":"","overlay-color":"","overlay-opacity":"","overlay-gradient":""},"tablet":{"background-color":"var(--ast-global-color-5)","background-image":"","background-repeat":"repeat","background-position":"center center","background-size":"auto","background-attachment":"scroll","background-type":"","background-media":"","overlay-type":"","overlay-color":"","overlay-opacity":"","overlay-gradient":""},"mobile":{"background-color":"var(--ast-global-color-5)","background-image":"","background-repeat":"repeat","background-position":"center center","background-size":"auto","background-attachment":"scroll","background-type":"","background-media":"","overlay-type":"","overlay-color":"","overlay-opacity":"","overlay-gradient":""}},"iawp_total_views":485,"footnotes":""},"hf_cat_page":[304],"class_list":["post-2972","page","type-page","status-publish"],"acf":[],"_links":{"self":[{"href":"https:\/\/www.mission-21.org\/es\/wp-json\/wp\/v2\/pages\/2972","targetHints":{"allow":["GET"]}}],"collection":[{"href":"https:\/\/www.mission-21.org\/es\/wp-json\/wp\/v2\/pages"}],"about":[{"href":"https:\/\/www.mission-21.org\/es\/wp-json\/wp\/v2\/types\/page"}],"author":[{"embeddable":true,"href":"https:\/\/www.mission-21.org\/es\/wp-json\/wp\/v2\/users\/1"}],"replies":[{"embeddable":true,"href":"https:\/\/www.mission-21.org\/es\/wp-json\/wp\/v2\/comments?post=2972"}],"version-history":[{"count":11,"href":"https:\/\/www.mission-21.org\/es\/wp-json\/wp\/v2\/pages\/2972\/revisions"}],"predecessor-version":[{"id":18484,"href":"https:\/\/www.mission-21.org\/es\/wp-json\/wp\/v2\/pages\/2972\/revisions\/18484"}],"wp:attachment":[{"href":"https:\/\/www.mission-21.org\/es\/wp-json\/wp\/v2\/media?parent=2972"}],"wp:term":[{"taxonomy":"hf_cat_page","embeddable":true,"href":"https:\/\/www.mission-21.org\/es\/wp-json\/wp\/v2\/hf_cat_page?post=2972"}],"curies":[{"name":"wp","href":"https:\/\/api.w.org\/{rel}","templated":true}]}}