{"id":3040,"date":"2022-09-28T09:05:15","date_gmt":"2022-09-28T07:05:15","guid":{"rendered":"https:\/\/www.mission-21.org\/engagierte-kirchgemeinden\/"},"modified":"2025-10-13T15:12:46","modified_gmt":"2025-10-13T13:12:46","slug":"iglesias-comprometidas","status":"publish","type":"page","link":"https:\/\/www.mission-21.org\/es\/mitmachen\/engagierte-kirchgemeinden\/","title":{"rendered":"Parroquias comprometidas"},"content":{"rendered":"<img decoding=\"async\" src=\"https:\/\/www.mission-21.org\/wp-content\/uploads\/2022\/08\/csm_header_news_d521d70e38.jpeg\" alt=\"csm header news d521d70e38\" itemprop=\"image\" height=\"688\" width=\"1680\" title=\"csm_Header_News_d521d70e38\" onerror=\"this.style.display='none'\" loading='lazy' \/>\n\t<div class=\"fl-builder-content fl-builder-content-3660 fl-builder-template fl-builder-module-template fl-builder-global-templates-locked\" data-post-id=\"3660\"><div class=\"fl-module fl-module-pp-toc fl-node-xrvkwe8ihtn6 toc\" data-node=\"xrvkwe8ihtn6\">\n\t<div class=\"fl-module-content fl-node-content\">\n\t\t<div class=\"pp-toc-container\">\n\t\n\t<div class=\"pp-toc-body\">\n\t\t\t\t\t<ul class=\"pp-toc-list-wrapper pp-toc-list-icon\"><\/ul>\n\t\t\t\t<\/div>\n<\/div>\n\n\t<\/div>\n<\/div>\n<\/div><div class=\"uabb-js-breakpoint\" style=\"display: none;\"><\/div>\n\t\t\t<a href=\"\/es\/donar\/\" title=\"Pulse aqu\u00ed\" target=\"_self\"   role=\"button\" aria-label=\"Donaciones\">\n\t\t\t\t\t\t\tDonaciones\n\t\t\t\t\t\t\t\t\t<img decoding=\"async\" src=\"https:\/\/www.mission-21.org\/wp-content\/uploads\/2022\/08\/csm_heat-icon_b1dbd40167.png\"\/>\n\t\t<\/a>\n\t\t\t<h1>Caja de informaci\u00f3n<\/h1>\t\t\t\n<p>\u00bfLe gustar\u00eda participar en Misi\u00f3n 21 como congregaci\u00f3n eclesi\u00e1stica? Has venido al lugar adecuado: ofrecemos una gran cantidad de oportunidades para participar en la iglesia global, para formar parte de nuestra comunidad internacional de aprendizaje y para trabajar juntos a nivel de los ojos con las iglesias y las organizaciones interreligiosas de todo el mundo hacia un mundo m\u00e1s justo. El contacto personal es muy importante para nosotros. \u00a1Juntos ampliamos horizontes!<\/p>\n<p><strong>Nota importante: <br \/>Si como parroquia desea apoyar la labor de Mission 21, en particular los proyectos en el marco de la Campa\u00f1a Ecum\u00e9nica, los pagos deber\u00e1n efectuarse directamente a Mission 21 (cuenta de donativos: CH58 0900 0000 4072 6233 2). Una transferencia a trav\u00e9s de HEKS (antes <em>Pan para todos)<\/em> ya no es posible.<\/strong><\/p>\n\t\t\t<h2>Colecciones y donaciones<\/h2>\t\t\t\n\t\t\t\t<p>\u00a0<\/p>\n<p>Muchas parroquias apoyan regularmente Mission 21 mediante donativos, campa\u00f1as de recogida y colectas. Con ello, dan un ejemplo concreto a la Iglesia mundial. A trav\u00e9s de su apoyo a nuestro trabajo en programas y proyectos, hacen posible que las personas de las regiones m\u00e1s pobres del mundo disfruten de mejores condiciones de vida y de una mayor independencia a largo plazo. Muchas gracias por su compromiso con nuestro trabajo.<\/p>\n<p>Con nuestra red internacional de iglesias y m\u00e1s de 200 a\u00f1os de historia, le ofrecemos una amplia gama de sugerencias e inspiraci\u00f3n para su servicio de culto, atractivos materiales de trabajo para el aula o ideas para las convocatorias de colecta. Puede obtener una visi\u00f3n general de los materiales en nuestro\u00a0<a href=\"https:\/\/www.mission-21.org\/es\/informar-a\/tienda-material-y-productos\/\" target=\"_blank\" rel=\"noopener\">\u25ba Tienda<\/a>.\u00a0<\/p>\n<p>Jacqueline Brunner es la responsable de las asociaciones eclesi\u00e1sticas y le ayudar\u00e1 a elegir un proyecto adecuado. Si lo solicita, podemos asesorarle sobre el texto para el llamamiento a colectas o facilitarle materiales.<\/p>\n\t\t<a href=\"https:\/\/www.mission-21.org\/es\/equipo\/jacqueline-brunner\/\" title=\"Mostrar el contenido del campo de visualizaci\u00f3n\" target=\"_self\"  aria-label=\"Elemento de puesto\"><\/a>\t\t\n\t<meta itemscope itemprop=\"mainEntityOfPage\" itemtype=\"https:\/\/schema.org\/WebPage\" itemid=\"https:\/\/www.mission-21.org\/team\/jacqueline-brunner\/\" content=\"Jacqueline Brunner\" \/><meta itemprop=\"datePublished\" content=\"2022-10-11\" \/><meta itemprop=\"dateModified\" content=\"2025-03-06\" \/><meta itemprop=\"name\" content=\"Mission 21\"\/><meta itemprop=\"url\" content=\"https:\/\/www.mission-21.org\/wp-content\/uploads\/2022\/08\/de-blau.svg\"\/><meta itemprop=\"url\" content=\"https:\/\/www.mission-21.org\/author\/fabrizio\/\" \/><meta itemprop=\"name\" content=\"Fabrizio Fracassi\" \/><meta itemprop=\"url\" content=\"https:\/\/www.mission-21.org\/wp-content\/uploads\/2022\/10\/jacqueline.jpg\" \/><meta itemprop=\"width\" content=\"600\" \/><meta itemprop=\"height\" content=\"600\" \/><meta itemprop=\"interactionType\" content=\"https:\/\/schema.org\/CommentAction\" \/><meta itemprop=\"userInteractionCount\" content=\"0\" \/>\n\t<img width=\"600\" height=\"600\" src=\"https:\/\/www.mission-21.org\/wp-content\/uploads\/2022\/10\/jacqueline.jpg\" alt=\"jacqueline\" itemprop=\"image\" decoding=\"async\" srcset=\"https:\/\/www.mission-21.org\/wp-content\/uploads\/2022\/10\/jacqueline.jpg 600w, https:\/\/www.mission-21.org\/wp-content\/uploads\/2022\/10\/jacqueline-300x300.jpg 300w, https:\/\/www.mission-21.org\/wp-content\/uploads\/2022\/10\/jacqueline-12x12.jpg 12w, https:\/\/www.mission-21.org\/wp-content\/uploads\/2022\/10\/jacqueline-100x100.jpg 100w\" sizes=\"(max-width: 600px) 100vw, 600px\" \/>\n<h3>Jacqueline Brunner<\/h3>\n<p>Jefe de equipo de asociaciones eclesi\u00e1sticas<\/p>\n<p>Tel. 061 260 23 37<br \/><a href=\"mailto:jacqueline.brunner@mission-21.org\">\u25ba Correo electr\u00f3nico<\/a><\/p>\n<h2>\n\t\t\tCampa\u00f1a 2025\t<\/h2>\n\t\t\t\t<img decoding=\"async\" src=\"https:\/\/www.mission-21.org\/wp-content\/uploads\/2024\/11\/kampagne-2025-mission-21-mit-maske-scaled_4zu3-copy.jpg\" alt=\"campa\u00f1a 2025 misi\u00f3n 21 con m\u00e1scara copia escalada 4zu3\" itemprop=\"image\" height=\"1707\" width=\"2276\" title=\"campaign-2025-mission-21-with-mask-scaled_4to3 - Copiar\" onerror=\"this.style.display='none'\" loading='lazy' \/>\n<p><strong>\"En defensa de una sociedad pac\u00edfica\"<\/strong><\/p>\n<p>En un momento en el que el mundo se caracteriza por tensiones y conflictos cada vez mayores, la importancia de la consolidaci\u00f3n de la paz pasa m\u00e1s que nunca a un primer plano. Con su Campa\u00f1a 2025, Mission 21 se compromete espec\u00edficamente a promover la paz y la justicia mediante la cooperaci\u00f3n interreligiosa y transcultural.<\/p>\n<p>Ya sea un servicio religioso, la educaci\u00f3n de adultos, el d\u00eda de la sopa, la venta de tarjetas navide\u00f1as o una tarde de cine: le ofrecemos numerosas oportunidades para integrar los temas de la soberan\u00eda alimentaria y la justicia clim\u00e1tica en su trabajo comunitario.<\/p>\n<p><a href=\"https:\/\/www.mission-21.org\/es\/avance-campana-2025\/\" target=\"_blank\" rel=\"noopener\">\u25ba M\u00e1s informaci\u00f3n sobre la campa\u00f1a<\/a><\/p>\n<p>&nbsp;<\/p>\n\t\t\t<h2>Asociaciones<\/h2>\t\t\t\n\t\t\t\t<p>Con una asociaci\u00f3n, usted y su parroquia se convierten en un miembro activo de nuestra red y forman parte de la comunidad internacional de aprendizaje.<\/p>\n\t\t\t\t\t<a href=\"#\"  id=\"fl-accordion--label-0\" tabindex=\"0\" aria-controls=\"fl-accordion--panel-0\">Proyecto\/Tema Asociaci\u00f3n<\/a>\n\t\t\t\t\t\t\t\t\t\t\t<a href=\"#\" id=\"fl-accordion--icon-0\"  tabindex=\"0\"><i title=\"Colapso\">Colapso<\/i><\/a>\n<p>Una asociaci\u00f3n de proyecto\/tema proporciona un marco para su compromiso local en nombre de la iglesia mundial. Crea un espacio para la profundidad y la participaci\u00f3n, combina la cooperaci\u00f3n al desarrollo y la comunidad de aprendizaje, y combina el apoyo financiero con el acompa\u00f1amiento sustantivo.<\/p>\n<p>Este compromiso suele estar limitado a un periodo de tiempo determinado y, por tanto, ofrece la oportunidad de reajustar el enfoque de forma flexible posteriormente. Durante la colaboraci\u00f3n, le acompa\u00f1amos con noticias, informaci\u00f3n de fondo y, si es posible, oportunidades digitales o f\u00edsicas para reunirse. Con una asociaci\u00f3n de proyecto\/tema, usted est\u00e1 en asociaci\u00f3n con Mission 21 y a trav\u00e9s de nosotros con nuestros socios en el extranjero.<\/p>\n<ul>\n<li>\n<a href=\"https:\/\/www.mission-21.org\/fileadmin\/Webseite_Mission_21\/Kirchgemeinden\/Factsheet_Projektpartnerschaften_Mission_21_20211220_KI.pdf\">Paso a paso hacia un proyecto de asociaci\u00f3n<\/a>\n<\/li>\n<\/ul>\n\t\t\t\t\t<a href=\"#\"  id=\"fl-accordion--label-1\" tabindex=\"0\" aria-controls=\"fl-accordion--panel-1\">Asociaci\u00f3n con la Iglesia<\/a>\n\t\t\t\t\t\t\t\t\t\t\t<a href=\"#\" id=\"fl-accordion--icon-1\"  tabindex=\"0\"><i title=\"Ampliar\">Ampliar<\/i><\/a>\n<p>La Misi\u00f3n 21 vive del intercambio vivo entre personas comprometidas de todos los continentes. Las asociaciones eclesi\u00e1sticas son una forma de asociaci\u00f3n muy intensa y a largo plazo. A diferencia de las asociaciones de proyectos\/temas, las iglesias de Suiza y del extranjero est\u00e1n en contacto entre s\u00ed. Otras actividades se refieren en particular al intercambio teol\u00f3gico conjunto.<\/p>\n<p>Debido a los dif\u00edciles contextos pol\u00edticos, estas asociaciones eclesi\u00e1sticas intensivas y a largo plazo s\u00f3lo son posibles en la actualidad de forma muy limitada con nuestras iglesias asociadas en el extranjero. Tambi\u00e9n requieren una aclaraci\u00f3n mutua de las expectativas y grupos de personas comprometidas por ambas partes. Aparte de las posibilidades en el marco de una asociaci\u00f3n de proyectos\/temas, Mission 21 s\u00f3lo puede ofrecer servicios adicionales por acuerdo individual. Nos esforzamos por integrar y aprovechar las sinergias con las ofertas y oportunidades existentes (por ejemplo, en el marco de las visitas durante el S\u00ednodo de la Misi\u00f3n).<\/p>\n\t\t\t<h2>Trabajo educativo y encuentros inspiradores<\/h2>\t\t\t\n<p>Ya sea para la clase de confirmaci\u00f3n, el grupo de la tercera edad o durante el retiro del consejo de la iglesia, nuestras ofertas educativas le permiten conocer contextos globales y experiencias transfronterizas.<br \/><a href=\"https:\/\/www.mission-21.org\/es\/que-hacemos\/oferta-educativa\/\" target=\"_blank\" rel=\"noopener\">\u25ba Ofertas educativas de Mission 21<\/a><\/p>\n<p>Estaremos encantados de visitarle. Nuestros expertos le ofrecer\u00e1n una visi\u00f3n viva de nuestros programas y proyectos de cooperaci\u00f3n al desarrollo. Invitados de \u00c1frica, Asia y Am\u00e9rica Latina tambi\u00e9n le contar\u00e1n de primera mano c\u00f3mo es la vida en sus pa\u00edses. Est\u00e1n a su disposici\u00f3n para actos informativos, servicios religiosos, lecciones y acciones de gracias. <br \/><a href=\"https:\/\/www.mission-21.org\/es\/que-hacemos\/especialista-en-presentaciones\/\" target=\"_blank\" rel=\"noopener\">\u25ba Expertos en conferencias<\/a><\/p>\n\t\t\t\t<img decoding=\"async\" src=\"https:\/\/www.mission-21.org\/wp-content\/uploads\/2022\/09\/csm_bildung_kurse_erwachsene_45fba44ee7-900x675.jpg\" alt=\"csm cursos de educaci\u00f3n adultos 45fba44ee7\" itemprop=\"image\" height=\"675\" width=\"900\" title=\"csm_Cursos_de_educaci\u00f3n_para_adultos_45fba44ee7\" onerror=\"this.style.display='none'\" loading='lazy' \/>\n<h2>\n\t\t\tBazares en las parroquias\t<\/h2>\n\t\t\t\t<img decoding=\"async\" src=\"https:\/\/www.mission-21.org\/wp-content\/uploads\/2022\/09\/csm_basar_kirchgemeinden_eb54b2189a.jpg\" alt=\"csm bazar comunidades eclesi\u00e1sticas eb54b2189a\" itemprop=\"image\" height=\"944\" width=\"1680\" title=\"csm_Bazaar_Churches_eb54b2189a\" onerror=\"this.style.display='none'\" loading='lazy' \/>\n\t<p>Un bazar crea un lugar y un espacio para encuentros, conversaciones, trabajo creativo e intercambio. J\u00f3venes y mayores se re\u00fanen y conectan para hacer el bien juntos.<\/p>\n<p>Tradicionalmente, los bazares de las parroquias tambi\u00e9n sirven para abrir ventanas a la iglesia mundial. Presenta uno de nuestros proyectos y recauda dinero para \u00e9l. Estaremos encantados de apoyarle en la selecci\u00f3n y presentaci\u00f3n del proyecto y tambi\u00e9n con los materiales para el d\u00eda del bazar.<\/p>\n<p><a href=\"https:\/\/www.mission-21.org\/fileadmin\/Webseite_Mission_21\/Kirchgemeinden\/Leitfaden_Basar.pdf\" target=\"_blank\" rel=\"noopener\">\u25ba Gu\u00eda de descarga de bazares<\/a><\/p>","protected":false},"excerpt":{"rendered":"<p>Spenden Info Box M\u00f6chten Sie sich als Kirchgemeinde f\u00fcr Mission 21 engagieren? Hier sind Sie richtig: Wir bieten eine F\u00fclle von M\u00f6glichkeiten, an der weltweiten Kirche teilzuhaben, an unserer internationalen Lerngemeinschaft mitzuwirken und auf\u00a0Augenh\u00f6he gemeinsam mit Kirchen und interreligi\u00f6sen Organisationen weltweit an einer gerechteren Welt zu arbeiten. Der pers\u00f6nliche Kontakt liegt uns am Herzen. Gemeinsam [&hellip;]<\/p>\n","protected":false},"author":1,"featured_media":3042,"parent":212,"menu_order":0,"comment_status":"closed","ping_status":"closed","template":"","meta":{"_acf_changed":false,"_seopress_robots_primary_cat":"","_seopress_titles_title":"","_seopress_titles_desc":"","_seopress_robots_index":"","_searchwp_excluded":"","site-sidebar-layout":"default","site-content-layout":"","ast-site-content-layout":"default","site-content-style":"default","site-sidebar-style":"default","ast-global-header-display":"","ast-banner-title-visibility":"","ast-main-header-display":"","ast-hfb-above-header-display":"","ast-hfb-below-header-display":"","ast-hfb-mobile-header-display":"","site-post-title":"","ast-breadcrumbs-content":"","ast-featured-img":"","footer-sml-layout":"","ast-disable-related-posts":"","theme-transparent-header-meta":"","adv-header-id-meta":"","stick-header-meta":"","header-above-stick-meta":"","header-main-stick-meta":"","header-below-stick-meta":"","astra-migrate-meta-layouts":"set","ast-page-background-enabled":"default","ast-page-background-meta":{"desktop":{"background-color":"var(--ast-global-color-4)","background-image":"","background-repeat":"repeat","background-position":"center center","background-size":"auto","background-attachment":"scroll","background-type":"","background-media":"","overlay-type":"","overlay-color":"","overlay-opacity":"","overlay-gradient":""},"tablet":{"background-color":"","background-image":"","background-repeat":"repeat","background-position":"center center","background-size":"auto","background-attachment":"scroll","background-type":"","background-media":"","overlay-type":"","overlay-color":"","overlay-opacity":"","overlay-gradient":""},"mobile":{"background-color":"","background-image":"","background-repeat":"repeat","background-position":"center center","background-size":"auto","background-attachment":"scroll","background-type":"","background-media":"","overlay-type":"","overlay-color":"","overlay-opacity":"","overlay-gradient":""}},"ast-content-background-meta":{"desktop":{"background-color":"var(--ast-global-color-5)","background-image":"","background-repeat":"repeat","background-position":"center center","background-size":"auto","background-attachment":"scroll","background-type":"","background-media":"","overlay-type":"","overlay-color":"","overlay-opacity":"","overlay-gradient":""},"tablet":{"background-color":"var(--ast-global-color-5)","background-image":"","background-repeat":"repeat","background-position":"center center","background-size":"auto","background-attachment":"scroll","background-type":"","background-media":"","overlay-type":"","overlay-color":"","overlay-opacity":"","overlay-gradient":""},"mobile":{"background-color":"var(--ast-global-color-5)","background-image":"","background-repeat":"repeat","background-position":"center center","background-size":"auto","background-attachment":"scroll","background-type":"","background-media":"","overlay-type":"","overlay-color":"","overlay-opacity":"","overlay-gradient":""}},"iawp_total_views":870,"footnotes":""},"hf_cat_page":[297],"class_list":["post-3040","page","type-page","status-publish","has-post-thumbnail"],"acf":[],"_links":{"self":[{"href":"https:\/\/www.mission-21.org\/es\/wp-json\/wp\/v2\/pages\/3040","targetHints":{"allow":["GET"]}}],"collection":[{"href":"https:\/\/www.mission-21.org\/es\/wp-json\/wp\/v2\/pages"}],"about":[{"href":"https:\/\/www.mission-21.org\/es\/wp-json\/wp\/v2\/types\/page"}],"author":[{"embeddable":true,"href":"https:\/\/www.mission-21.org\/es\/wp-json\/wp\/v2\/users\/1"}],"replies":[{"embeddable":true,"href":"https:\/\/www.mission-21.org\/es\/wp-json\/wp\/v2\/comments?post=3040"}],"version-history":[{"count":11,"href":"https:\/\/www.mission-21.org\/es\/wp-json\/wp\/v2\/pages\/3040\/revisions"}],"predecessor-version":[{"id":18864,"href":"https:\/\/www.mission-21.org\/es\/wp-json\/wp\/v2\/pages\/3040\/revisions\/18864"}],"up":[{"embeddable":true,"href":"https:\/\/www.mission-21.org\/es\/wp-json\/wp\/v2\/pages\/212"}],"wp:featuredmedia":[{"embeddable":true,"href":"https:\/\/www.mission-21.org\/es\/wp-json\/wp\/v2\/media\/3042"}],"wp:attachment":[{"href":"https:\/\/www.mission-21.org\/es\/wp-json\/wp\/v2\/media?parent=3040"}],"wp:term":[{"taxonomy":"hf_cat_page","embeddable":true,"href":"https:\/\/www.mission-21.org\/es\/wp-json\/wp\/v2\/hf_cat_page?post=3040"}],"curies":[{"name":"wp","href":"https:\/\/api.w.org\/{rel}","templated":true}]}}