{"id":3043,"date":"2022-09-28T09:05:15","date_gmt":"2022-09-28T07:05:15","guid":{"rendered":"https:\/\/www.mission-21.org\/freiwillige-mitarbeit\/"},"modified":"2024-12-12T15:14:28","modified_gmt":"2024-12-12T14:14:28","slug":"voluntariado","status":"publish","type":"page","link":"https:\/\/www.mission-21.org\/es\/mitmachen\/freiwillige-mitarbeit\/","title":{"rendered":"Voluntariado"},"content":{"rendered":"<img decoding=\"async\" src=\"https:\/\/www.mission-21.org\/wp-content\/uploads\/2022\/08\/csm_header_news_d521d70e38.jpeg\" alt=\"csm header news d521d70e38\" itemprop=\"image\" height=\"688\" width=\"1680\" title=\"csm_Header_News_d521d70e38\" onerror=\"this.style.display='none'\"  \/>\n\t<div class=\"fl-builder-content fl-builder-content-3660 fl-builder-template fl-builder-module-template fl-builder-global-templates-locked\" data-post-id=\"3660\"><div class=\"fl-module fl-module-pp-toc fl-node-xrvkwe8ihtn6 toc\" data-node=\"xrvkwe8ihtn6\">\n\t<div class=\"fl-module-content fl-node-content\">\n\t\t<div class=\"pp-toc-container\">\n\t\n\t<div class=\"pp-toc-body\">\n\t\t\t\t\t<ul class=\"pp-toc-list-wrapper pp-toc-list-icon\"><\/ul>\n\t\t\t\t<\/div>\n<\/div>\n\n\t<\/div>\n<\/div>\n<\/div><div class=\"uabb-js-breakpoint\" style=\"display: none;\"><\/div>\n\t\t\t<a href=\"\/es\/donar\/\" title=\"Haga clic aqu\u00ed\" target=\"_self\" role=\"button\" aria-label=\"Donaciones\" rel=\"noopener\">\n\t\t\t\t\t\t\tDonaciones\n\t\t\t\t\t\t\t\t\t<img decoding=\"async\" src=\"https:\/\/www.mission-21.org\/wp-content\/uploads\/2022\/08\/csm_heat-icon_b1dbd40167.png\"\/>\n\t\t<\/a>\n<h2>\n\t\tP\u00f3ngase en contacto con\n\t<\/h2>\n\t<p>\u00bfTiene preguntas sobre el voluntariado en Mission 21 y las oportunidades de participar con nosotros? Estaremos encantados de asesorarle en una reuni\u00f3n personal.<\/p>\n<p>Esperamos recibir su <a href=\"mailto:info@mission-21.org\">\u25ba Contacto<\/a>.<\/p>\n<h2>\n\t\tDesea participar en la Misi\u00f3n 21\n\t<\/h2>\n\t\t\t\t<img decoding=\"async\" src=\"https:\/\/www.mission-21.org\/wp-content\/uploads\/2022\/09\/csm_freiwillige_mitarbeit_suppenaktion_2c31f24fd0-900x506.jpg\" alt=\"acci\u00f3n de sopa de voluntarios de la csm 2c31f24fd0\" itemprop=\"image\" height=\"506\" width=\"900\" title=\"csm_Volunteer_Soup_Campaign_2c31f24fd0\" onerror=\"this.style.display='none'\"  \/>\n<p>Para apoyar el trabajo de Mission 21, buscamos voluntarios para trabajar en nuestra sede de Basilea. Puedes ser activo en \u00e1reas espec\u00edficas:<\/p>\n<ul>\n<li>Eventos m\u00e1s grandes<\/li>\n<li>Para nuestro <a href=\"https:\/\/www.mission-21.org\/es\/participar\/campana-2021\/\">Campa\u00f1a<\/a><\/li>\n<li>En la red de <a href=\"https:\/\/www.mission-21.org\/es\/youngmission21\/\">young@mission21<\/a><\/li>\n<\/ul>\n<p>Esperamos tener noticias suyas.<\/p>\n<h2>\n\t\t<a href=\"https:\/\/www.mission-21.org\/es\/participar\/youngmission21\/\" title=\"Red de j\u00f3venes young@mission21\" target=\"_blank\" rel=\"noopener\">\n\t\tRed de j\u00f3venes young@mission21\n\t\t<\/a>\n\t<\/h2>\n\t<p><strong>young@mission21<\/strong> es la red de Mission 21 para j\u00f3venes adultos. Estamos comprometidos con el intercambio cultural entre j\u00f3venes adultos de todo el mundo y trabajamos por un mundo justo.<\/p>\n<p>En <a href=\"https:\/\/www.mission-21.org\/es\/programa-embajada-de-la-juventud\/\" target=\"_blank\" rel=\"noopener\">Programa de la Embajada de la Juventud<\/a> de young@mission21 ofrece a j\u00f3venes adultos de \u00c1frica, Asia, Europa y Am\u00e9rica Latina la oportunidad de conocerse, explorar problemas acuciantes en un mundo globalizado y trabajar juntos para encontrar soluciones.<\/p>\n<p>En el <a href=\"https:\/\/www.mission-21.org\/es\/participar\/youngmission21\/\" target=\"_blank\" rel=\"noopener\">Programa de exposici\u00f3n de profesionales (PEP!)<\/a> combinar\u00e1 una misi\u00f3n en uno de los proyectos de nuestra organizaci\u00f3n asociada con formaci\u00f3n adicional. durante la misi\u00f3n, de seis a doce meses de duraci\u00f3n, profundizar\u00e1 en sus conocimientos especializados y desarrollar\u00e1 habilidades sociales interculturales.<\/p>\n\t\t\t\t<img decoding=\"async\" src=\"https:\/\/www.mission-21.org\/wp-content\/uploads\/2024\/11\/team-young_20241119_4zu3.jpg\" alt=\"equipo joven 20241119 4zu3\" itemprop=\"image\" height=\"1200\" width=\"1600\" title=\"Team-young_20241119_4zu3\" onerror=\"this.style.display='none'\"  \/>\n\t\tEquipo young@mission21: Sarah, Mandula, Barbara, Carole","protected":false},"excerpt":{"rendered":"<p>Spenden Kontakt aufnehmen Haben Sie Fragen zu einem freiwilligen Engagement bei Mission 21 und M\u00f6glichkeiten, sich bei uns zu engagieren? Gerne beraten wir Sie bei einem pers\u00f6nlichen Gespr\u00e4ch. Wir freuen uns \u00fcber Ihre \u25ba Kontaktaufnahme. Sie m\u00f6chten sich f\u00fcr Mission 21 engagieren Zur Unterst\u00fctzung der Arbeit von Mission 21 suchen wir Freiwillige zur Mitarbeit am [&hellip;]<\/p>\n","protected":false},"author":1,"featured_media":3045,"parent":212,"menu_order":0,"comment_status":"closed","ping_status":"closed","template":"","meta":{"_acf_changed":false,"_seopress_robots_primary_cat":"","_seopress_titles_title":"","_seopress_titles_desc":"","_seopress_robots_index":"","_searchwp_excluded":"","site-sidebar-layout":"default","site-content-layout":"","ast-site-content-layout":"default","site-content-style":"default","site-sidebar-style":"default","ast-global-header-display":"","ast-banner-title-visibility":"","ast-main-header-display":"","ast-hfb-above-header-display":"","ast-hfb-below-header-display":"","ast-hfb-mobile-header-display":"","site-post-title":"","ast-breadcrumbs-content":"","ast-featured-img":"","footer-sml-layout":"","ast-disable-related-posts":"","theme-transparent-header-meta":"","adv-header-id-meta":"","stick-header-meta":"","header-above-stick-meta":"","header-main-stick-meta":"","header-below-stick-meta":"","astra-migrate-meta-layouts":"set","ast-page-background-enabled":"default","ast-page-background-meta":{"desktop":{"background-color":"var(--ast-global-color-4)","background-image":"","background-repeat":"repeat","background-position":"center center","background-size":"auto","background-attachment":"scroll","background-type":"","background-media":"","overlay-type":"","overlay-color":"","overlay-opacity":"","overlay-gradient":""},"tablet":{"background-color":"","background-image":"","background-repeat":"repeat","background-position":"center center","background-size":"auto","background-attachment":"scroll","background-type":"","background-media":"","overlay-type":"","overlay-color":"","overlay-opacity":"","overlay-gradient":""},"mobile":{"background-color":"","background-image":"","background-repeat":"repeat","background-position":"center center","background-size":"auto","background-attachment":"scroll","background-type":"","background-media":"","overlay-type":"","overlay-color":"","overlay-opacity":"","overlay-gradient":""}},"ast-content-background-meta":{"desktop":{"background-color":"var(--ast-global-color-5)","background-image":"","background-repeat":"repeat","background-position":"center center","background-size":"auto","background-attachment":"scroll","background-type":"","background-media":"","overlay-type":"","overlay-color":"","overlay-opacity":"","overlay-gradient":""},"tablet":{"background-color":"var(--ast-global-color-5)","background-image":"","background-repeat":"repeat","background-position":"center center","background-size":"auto","background-attachment":"scroll","background-type":"","background-media":"","overlay-type":"","overlay-color":"","overlay-opacity":"","overlay-gradient":""},"mobile":{"background-color":"var(--ast-global-color-5)","background-image":"","background-repeat":"repeat","background-position":"center center","background-size":"auto","background-attachment":"scroll","background-type":"","background-media":"","overlay-type":"","overlay-color":"","overlay-opacity":"","overlay-gradient":""}},"iawp_total_views":3101,"footnotes":""},"hf_cat_page":[297],"class_list":["post-3043","page","type-page","status-publish","has-post-thumbnail"],"acf":[],"_links":{"self":[{"href":"https:\/\/www.mission-21.org\/es\/wp-json\/wp\/v2\/pages\/3043","targetHints":{"allow":["GET"]}}],"collection":[{"href":"https:\/\/www.mission-21.org\/es\/wp-json\/wp\/v2\/pages"}],"about":[{"href":"https:\/\/www.mission-21.org\/es\/wp-json\/wp\/v2\/types\/page"}],"author":[{"embeddable":true,"href":"https:\/\/www.mission-21.org\/es\/wp-json\/wp\/v2\/users\/1"}],"replies":[{"embeddable":true,"href":"https:\/\/www.mission-21.org\/es\/wp-json\/wp\/v2\/comments?post=3043"}],"version-history":[{"count":11,"href":"https:\/\/www.mission-21.org\/es\/wp-json\/wp\/v2\/pages\/3043\/revisions"}],"predecessor-version":[{"id":15600,"href":"https:\/\/www.mission-21.org\/es\/wp-json\/wp\/v2\/pages\/3043\/revisions\/15600"}],"up":[{"embeddable":true,"href":"https:\/\/www.mission-21.org\/es\/wp-json\/wp\/v2\/pages\/212"}],"wp:featuredmedia":[{"embeddable":true,"href":"https:\/\/www.mission-21.org\/es\/wp-json\/wp\/v2\/media\/3045"}],"wp:attachment":[{"href":"https:\/\/www.mission-21.org\/es\/wp-json\/wp\/v2\/media?parent=3043"}],"wp:term":[{"taxonomy":"hf_cat_page","embeddable":true,"href":"https:\/\/www.mission-21.org\/es\/wp-json\/wp\/v2\/hf_cat_page?post=3043"}],"curies":[{"name":"wp","href":"https:\/\/api.w.org\/{rel}","templated":true}]}}