{"id":3046,"date":"2022-09-28T09:05:15","date_gmt":"2022-09-28T07:05:15","guid":{"rendered":"https:\/\/www.mission-21.org\/advocacy\/"},"modified":"2023-04-20T08:53:07","modified_gmt":"2023-04-20T06:53:07","slug":"abogacia","status":"publish","type":"page","link":"https:\/\/www.mission-21.org\/es\/mitmachen\/advocacy\/","title":{"rendered":"Abogac\u00eda"},"content":{"rendered":"<img decoding=\"async\" src=\"https:\/\/www.mission-21.org\/wp-content\/uploads\/2022\/08\/csm_header_news_d521d70e38.jpeg\" alt=\"csm header news d521d70e38\" itemprop=\"image\" height=\"688\" width=\"1680\" title=\"csm_Header_News_d521d70e38\" onerror=\"this.style.display='none'\"  \/>\n\t<div class=\"fl-builder-content fl-builder-content-3660 fl-builder-template fl-builder-module-template fl-builder-global-templates-locked\" data-post-id=\"3660\"><div class=\"fl-module fl-module-pp-toc fl-node-xrvkwe8ihtn6 toc\" data-node=\"xrvkwe8ihtn6\">\n\t<div class=\"fl-module-content fl-node-content\">\n\t\t<div class=\"pp-toc-container\">\n\t\n\t<div class=\"pp-toc-body\">\n\t\t\t\t\t<ul class=\"pp-toc-list-wrapper pp-toc-list-icon\"><\/ul>\n\t\t\t\t<\/div>\n<\/div>\n\n\t<\/div>\n<\/div>\n<\/div><div class=\"uabb-js-breakpoint\" style=\"display: none;\"><\/div>\n\t\t\t<a href=\"\/es\/donar\/\" target=\"_self\" role=\"button\" aria-label=\"Donaciones\" rel=\"noopener\">\n\t\t\t\t\t\t\tDonaciones\n\t\t\t\t\t\t\t\t\t<img decoding=\"async\" src=\"https:\/\/www.mission-21.org\/wp-content\/uploads\/2022\/08\/csm_heat-icon_b1dbd40167.png\"\/>\n\t\t<\/a>\n\t\t\t<h1>Caja de informaci\u00f3n<\/h1>\t\t\t\n\t\t\t\t<p>Advocacy significa \"defensa\" o \"promoci\u00f3n\". Su objetivo es mejorar las condiciones de vida de las personas desfavorecidas y vulnerables junto con ellas. Mission 21 est\u00e1 especializada en la defensa de la justicia de g\u00e9nero. Queremos capacitar a las personas para que puedan hablar p\u00fablicamente con m\u00e1s claridad de sus preocupaciones y de una vida digna y exigir sus derechos.<\/p>\n<h2>\n\t\t Justicia de g\u00e9nero \n\t<\/h2>\n\t\t\t\t<img decoding=\"async\" src=\"https:\/\/www.mission-21.org\/wp-content\/uploads\/2022\/09\/csm_frauenkonferenz_2018_iwalkwith_aefd6ffed7.jpg\" alt=\"csm women conference 2018 iwalkwith aefd6ffed7\" itemprop=\"image\" height=\"878\" width=\"1170\" title=\"csm_Conferencia_de_mujeres_2018_iwalkwith_aefd6ffed7\" onerror=\"this.style.display='none'\"  \/>\n\t<p>Muchas mujeres y ni\u00f1as siguen vi\u00e9ndose afectadas por la discriminaci\u00f3n y la violencia de g\u00e9nero. Sus oportunidades para opinar y dar forma activamente a su propia sociedad son a menudo limitadas. Mission 21 lucha por un mundo en el que los derechos humanos se apliquen plenamente a todos los g\u00e9neros. Con nuestra labor de defensa, acompa\u00f1amos a las personas que defienden los derechos humanos de las mujeres, las formamos y las preparamos para que transmitan sus conocimientos. La religi\u00f3n y la fe apoyan a las mujeres y a los hombres en este proceso de ejercicio de sus derechos. Anualmente, realizamos talleres de promoci\u00f3n sobre temas como la teolog\u00eda contextual, el liderazgo integral y los mecanismos de la ONU.<\/p>\n<p><a href=\"https:\/\/www.mission-21.org\/es\/quienes-somos\/unidad-de-personal-mujeres-y-genero\/\">\u25ba M\u00e1s informaci\u00f3n sobre nuestro trabajo en favor de los derechos humanos de las mujeres<\/a><\/p>\n<p><a href=\"https:\/\/www.mission-21.org\/es\/que-hacemos\/proyectos-y-socios\/proyecto\/programa-para-la-igualdad-de-genero\/\" target=\"_self\" rel=\"noopener\">\u25ba Programa de Justicia de G\u00e9nero<\/a><\/p>\n<h2>\n\t\tLibertad religiosa\n\t<\/h2>\n\t\t\t\t<img decoding=\"async\" src=\"https:\/\/www.mission-21.org\/wp-content\/uploads\/2022\/09\/csm_religionsfreiheit_1e7b5ca29b.jpg\" alt=\"csm libertad de religi\u00f3n 1e7b5ca29b\" itemprop=\"image\" height=\"878\" width=\"1170\" title=\"csm_libertad de religi\u00f3n_1e7b5ca29b\" onerror=\"this.style.display='none'\"  \/>\n\t<p>Una y otra vez se producen conflictos y atrocidades contra miembros de otras comunidades religiosas en nombre de la religi\u00f3n. Mission 21 lleva a cabo una labor de promoci\u00f3n para hacer fructificar el potencial de la religi\u00f3n para la paz. Junto con nuestras iglesias y organizaciones asociadas, promovemos la formaci\u00f3n continua en el trabajo interreligioso por la paz. Trabajamos con organizaciones de otras religiones m\u00e1s all\u00e1 de las fronteras \u00e9tnicas y religiosas y reforzamos la confianza entre las comunidades religiosas. Cada a\u00f1o celebramos un simposio sobre el trabajo interreligioso por la paz en Suiza. En aniversarios simb\u00f3licos como el D\u00eda de los Derechos Humanos (10 de diciembre), salimos a la luz y damos ejemplo de libertad religiosa.<\/p>\n<p><a href=\"https:\/\/www.mission-21.org\/es\/participar\/abogacia\/defensa-de-la-libertad-religiosa\/\">\u25ba M\u00e1s informaci\u00f3n sobre la defensa de la libertad religiosa<\/a><\/p>\n<p>&nbsp;<\/p>","protected":false},"excerpt":{"rendered":"<p>Spenden Info Box Advocacy bedeutet &#8222;Anwaltschaft&#8220; oder &#8222;F\u00fcrsprache&#8220;. Ihr Ziel ist es, die Lebensumst\u00e4nde von benachteiligten und vulnerablen Menschen gemeinsam mit ihnen zu verbessern. Mission 21 ist spezialisiert auf Advocacy f\u00fcr Gendergerechtigkeit. Wir wollen Menschen bef\u00e4higen, dass sie \u00f6ffentlich deutlicher f\u00fcr ihre Anliegen und ein Leben in W\u00fcrde auftreten und ihre Rechte einfordern k\u00f6nnen. Geschlechtergerechtigkeit [&hellip;]<\/p>\n","protected":false},"author":1,"featured_media":3048,"parent":212,"menu_order":0,"comment_status":"closed","ping_status":"closed","template":"","meta":{"_acf_changed":false,"_seopress_robots_primary_cat":"","_seopress_titles_title":"","_seopress_titles_desc":"","_seopress_robots_index":"","_searchwp_excluded":"","site-sidebar-layout":"default","site-content-layout":"","ast-site-content-layout":"default","site-content-style":"default","site-sidebar-style":"default","ast-global-header-display":"","ast-banner-title-visibility":"","ast-main-header-display":"","ast-hfb-above-header-display":"","ast-hfb-below-header-display":"","ast-hfb-mobile-header-display":"","site-post-title":"","ast-breadcrumbs-content":"","ast-featured-img":"","footer-sml-layout":"","ast-disable-related-posts":"","theme-transparent-header-meta":"","adv-header-id-meta":"","stick-header-meta":"","header-above-stick-meta":"","header-main-stick-meta":"","header-below-stick-meta":"","astra-migrate-meta-layouts":"default","ast-page-background-enabled":"default","ast-page-background-meta":{"desktop":{"background-color":"var(--ast-global-color-4)","background-image":"","background-repeat":"repeat","background-position":"center center","background-size":"auto","background-attachment":"scroll","background-type":"","background-media":"","overlay-type":"","overlay-color":"","overlay-opacity":"","overlay-gradient":""},"tablet":{"background-color":"","background-image":"","background-repeat":"repeat","background-position":"center center","background-size":"auto","background-attachment":"scroll","background-type":"","background-media":"","overlay-type":"","overlay-color":"","overlay-opacity":"","overlay-gradient":""},"mobile":{"background-color":"","background-image":"","background-repeat":"repeat","background-position":"center center","background-size":"auto","background-attachment":"scroll","background-type":"","background-media":"","overlay-type":"","overlay-color":"","overlay-opacity":"","overlay-gradient":""}},"ast-content-background-meta":{"desktop":{"background-color":"var(--ast-global-color-5)","background-image":"","background-repeat":"repeat","background-position":"center center","background-size":"auto","background-attachment":"scroll","background-type":"","background-media":"","overlay-type":"","overlay-color":"","overlay-opacity":"","overlay-gradient":""},"tablet":{"background-color":"var(--ast-global-color-5)","background-image":"","background-repeat":"repeat","background-position":"center center","background-size":"auto","background-attachment":"scroll","background-type":"","background-media":"","overlay-type":"","overlay-color":"","overlay-opacity":"","overlay-gradient":""},"mobile":{"background-color":"var(--ast-global-color-5)","background-image":"","background-repeat":"repeat","background-position":"center center","background-size":"auto","background-attachment":"scroll","background-type":"","background-media":"","overlay-type":"","overlay-color":"","overlay-opacity":"","overlay-gradient":""}},"iawp_total_views":32,"footnotes":""},"hf_cat_page":[297],"class_list":["post-3046","page","type-page","status-publish","has-post-thumbnail"],"acf":[],"_links":{"self":[{"href":"https:\/\/www.mission-21.org\/es\/wp-json\/wp\/v2\/pages\/3046","targetHints":{"allow":["GET"]}}],"collection":[{"href":"https:\/\/www.mission-21.org\/es\/wp-json\/wp\/v2\/pages"}],"about":[{"href":"https:\/\/www.mission-21.org\/es\/wp-json\/wp\/v2\/types\/page"}],"author":[{"embeddable":true,"href":"https:\/\/www.mission-21.org\/es\/wp-json\/wp\/v2\/users\/1"}],"replies":[{"embeddable":true,"href":"https:\/\/www.mission-21.org\/es\/wp-json\/wp\/v2\/comments?post=3046"}],"version-history":[{"count":5,"href":"https:\/\/www.mission-21.org\/es\/wp-json\/wp\/v2\/pages\/3046\/revisions"}],"predecessor-version":[{"id":8283,"href":"https:\/\/www.mission-21.org\/es\/wp-json\/wp\/v2\/pages\/3046\/revisions\/8283"}],"up":[{"embeddable":true,"href":"https:\/\/www.mission-21.org\/es\/wp-json\/wp\/v2\/pages\/212"}],"wp:featuredmedia":[{"embeddable":true,"href":"https:\/\/www.mission-21.org\/es\/wp-json\/wp\/v2\/media\/3048"}],"wp:attachment":[{"href":"https:\/\/www.mission-21.org\/es\/wp-json\/wp\/v2\/media?parent=3046"}],"wp:term":[{"taxonomy":"hf_cat_page","embeddable":true,"href":"https:\/\/www.mission-21.org\/es\/wp-json\/wp\/v2\/hf_cat_page?post=3046"}],"curies":[{"name":"wp","href":"https:\/\/api.w.org\/{rel}","templated":true}]}}