{"id":3200,"date":"2022-09-29T19:53:39","date_gmt":"2022-09-29T17:53:39","guid":{"rendered":"https:\/\/www.mission-21.org\/?page_id=3200"},"modified":"2026-03-25T16:33:07","modified_gmt":"2026-03-25T15:33:07","slug":"retrato","status":"publish","type":"page","link":"https:\/\/www.mission-21.org\/es\/wer-wir-sind\/portraet\/","title":{"rendered":"Retrato"},"content":{"rendered":"<img decoding=\"async\" src=\"https:\/\/www.mission-21.org\/wp-content\/uploads\/2022\/08\/csm_header_news_d521d70e38.jpeg\" alt=\"csm header news d521d70e38\" itemprop=\"image\" height=\"688\" width=\"1680\" title=\"csm_Header_News_d521d70e38\" onerror=\"this.style.display='none'\" loading='lazy' \/>\n\t<div class=\"fl-builder-content fl-builder-content-3660 fl-builder-template fl-builder-module-template fl-builder-global-templates-locked\" data-post-id=\"3660\"><div class=\"fl-module fl-module-pp-toc fl-node-xrvkwe8ihtn6 toc\" data-node=\"xrvkwe8ihtn6\">\n\t<div class=\"fl-module-content fl-node-content\">\n\t\t<div class=\"pp-toc-container\">\n\t\n\t<div class=\"pp-toc-body\">\n\t\t\t\t\t<ul class=\"pp-toc-list-wrapper pp-toc-list-icon\"><\/ul>\n\t\t\t\t<\/div>\n<\/div>\n\n\t<\/div>\n<\/div>\n<\/div><div class=\"uabb-js-breakpoint\" style=\"display: none;\"><\/div>\n\t\t\t<a href=\"\/es\/donar\/\" title=\"Donaciones\" target=\"_self\"   role=\"button\" aria-label=\"Donaciones\">\n\t\t\t\t\t\t\tDonaciones\n\t\t\t\t\t\t\t\t\t<img decoding=\"async\" src=\"https:\/\/www.mission-21.org\/wp-content\/uploads\/2022\/08\/csm_heat-icon_b1dbd40167.png\"\/>\n\t\t<\/a>\n\t\t\t<h3>Nuestros \u00e1mbitos de actuaci\u00f3n<\/h3>\t\t\t\n\t\t\t\t<p>Nuestra concepci\u00f3n de la misi\u00f3n se basa en la creencia de que todas las personas han sido creadas de forma diferente, pero con igual valor y dignidad. Por tanto, todas las personas deben tener las mismas oportunidades de convivir en paz y justicia, independientemente de su etnia, sexo, religi\u00f3n u origen geogr\u00e1fico. Trabajamos para ello en un di\u00e1logo respetuoso con personas de distintas religiones y visiones del mundo, y nos comprometemos en los siguientes \u00e1mbitos de actuaci\u00f3n<strong> Comunidad Internacional de Aprendizaje<\/strong>\u00a0y <strong>Cooperaci\u00f3n internacional<\/strong>.<\/p>\n\t<h4>Preguntas frecuentes<\/h4>\n<p>\u00bfTiene preguntas sobre la financiaci\u00f3n de nuestro trabajo, nuestra forma de entender la misi\u00f3n o nuestro compromiso global? Hemos recopilado para usted las preguntas m\u00e1s frecuentes. <a href=\"https:\/\/www.mission-21.org\/es\/quienes-somos\/retrato\/preguntas-mas-frecuentes\/\">\u25ba Preguntas frecuentes<\/a><\/p>\n<h2>\n\t\t\t Comunidad Internacional de Aprendizaje \t<\/h2>\n\t\t\t\t<img decoding=\"async\" src=\"https:\/\/www.mission-21.org\/wp-content\/uploads\/2022\/09\/csm_header_bildung_0ca5c0595c-900x507.jpg\" alt=\"csm header formation 0ca5c0595c\" itemprop=\"image\" height=\"507\" width=\"900\" title=\"csm_Header_Bildung_0ca5c0595c\" onerror=\"this.style.display='none'\" loading='lazy' \/>\n\t<p>Como comunidad internacional de aprendizaje, creamos espacios para el intercambio transcultural y la cooperaci\u00f3n interreligiosa y promovemos la comprensi\u00f3n de las conexiones globales: posibilitamos la participaci\u00f3n en la iglesia global, ponemos en red a j\u00f3venes comprometidos en nuestro movimiento juvenil global y abogamos por la descolonizaci\u00f3n. Esto incluye apoyar la investigaci\u00f3n hist\u00f3rica sobre los v\u00ednculos entre misi\u00f3n y colonialismo, as\u00ed como mantener y catalogar nuestro archivo de investigaci\u00f3n con el objetivo de facilitar una investigaci\u00f3n transparente de la historia misionera. Tambi\u00e9n basamos nuestra cooperaci\u00f3n internacional en los principios de la descolonizaci\u00f3n y trabajamos en pie de igualdad con nuestras iglesias y organizaciones asociadas. <a href=\"https:\/\/www.mission-21.org\/es\/que-hacemos\/oferta-educativa\/\">\u25ba M\u00e1s informaci\u00f3n<\/a><\/p>\n<h2>\n\t\t\t Cooperaci\u00f3n internacional \t<\/h2>\n\t\t\t\t<img decoding=\"async\" src=\"https:\/\/www.mission-21.org\/wp-content\/uploads\/2022\/09\/csm_interreligioese_und_interkulturelle_zusammenarbeit_c5bb7ae2c5-900x676.jpg\" alt=\"csm cooperaci\u00f3n interreligiosa e intercultural c5bb7ae2c5\" itemprop=\"image\" height=\"676\" width=\"900\" title=\"csm_Cooperaci\u00f3n_interreligiosa_e_intercultural_c5bb7ae2c5\" onerror=\"this.style.display='none'\" loading='lazy' \/>\n\t<p>En cooperaci\u00f3n internacional, trabajamos con unas 60 organizaciones socias en diversas \u00e1reas para apoyar a personas especialmente necesitadas de protecci\u00f3n: Proporcionamos ayuda humanitaria en crisis y conflictos y participamos en la consolidaci\u00f3n de la paz. Ayudamos a garantizar los medios de subsistencia proporcionando educaci\u00f3n, promoviendo la atenci\u00f3n m\u00e9dica b\u00e1sica y la soberan\u00eda alimentaria. Nos oponemos firmemente a la violencia contra mujeres y ni\u00f1os y apoyamos actividades educativas para el cambio social. Tambi\u00e9n animamos a nuestras organizaciones asociadas a que ajusten sus actividades a los principios de la buena gobernanza y se comprometan a respetar los derechos humanos. Estamos comprometidos con la igualdad de g\u00e9nero y la justicia clim\u00e1tica en todos nuestros programas y proyectos.<\/p>\n<p>&nbsp;<\/p>\n<p>.<\/p>\n<h2>\n\t\t\tNuestras \u00e1reas de actividad\t<\/h2>\n\t\t\t\t<img decoding=\"async\" src=\"https:\/\/www.mission-21.org\/wp-content\/uploads\/2022\/09\/csm_symbolbild_frieden_af369789a0-900x507.jpg\" alt=\"csm symbol image peace af369789a0\" itemprop=\"image\" height=\"507\" width=\"900\" title=\"csm_Symbolbild_Frieden_af369789a0\" onerror=\"this.style.display='none'\" loading='lazy' \/>\n<h3>\n\t\t\tConstrucci\u00f3n de la paz\t<\/h3>\n\t<p>En muchos pa\u00edses asociados, las tensiones o la violencia van en aumento. Trabajamos a pie de calle con la poblaci\u00f3n local para resolver pac\u00edficamente los conflictos y la violencia estructural. Trabajamos contra la violencia contra las mujeres y los ni\u00f1os. Los aspectos religiosos o \u00e9tnicos suelen desempe\u00f1ar un papel importante en los conflictos. Mission 21 aporta su experiencia en la construcci\u00f3n de la paz interreligiosa e intercultural.<\/p>\n<p><a href=\"https:\/\/www.mission-21.org\/es\/que-hacemos\/proyectos-y-socios\/?_themen=friedensfoerderung\">\u25ba a nuestros proyectos<\/a><\/p>\n\t\t\t\t<img decoding=\"async\" src=\"https:\/\/www.mission-21.org\/wp-content\/uploads\/2022\/09\/csm_symbolbild__bildung_823d708f56-900x507.jpg\" alt=\"csm symbol image education 823d708f56\" itemprop=\"image\" height=\"507\" width=\"900\" title=\"csm_Symbolbild__Bildung_823d708f56\" onerror=\"this.style.display='none'\" loading='lazy' \/>\n<h3>\n\t\t\tEducaci\u00f3n\t<\/h3>\n\t<p>La educaci\u00f3n permite a las personas forjar su propia vida y asumir responsabilidades en la sociedad. Promovemos la alfabetizaci\u00f3n en nuestros pa\u00edses socios: proyectos de educaci\u00f3n b\u00e1sica para la lectura, la escritura y el c\u00e1lculo. Posibilitamos la formaci\u00f3n profesional y la educaci\u00f3n de adultos. Fomentamos la autoconfianza de las personas de grupos de poblaci\u00f3n marginados para que puedan trabajar de forma aut\u00f3noma por una vida digna.<\/p>\n<p><a href=\"https:\/\/www.mission-21.org\/es\/que-hacemos\/proyectos-y-socios\/?_themen=bildung\">\u25ba a nuestros proyectos<\/a><\/p>\n\t\t\t\t<img decoding=\"async\" src=\"https:\/\/www.mission-21.org\/wp-content\/uploads\/2025\/04\/csm_symbolbild__bildung_823d708f57.jpg\" alt=\"s\u00edmbolo csm imagen educaci\u00f3n 823d708f57\" itemprop=\"image\" height=\"659\" width=\"1170\" title=\"csm_symbolbild__bildung_823d708f57\" onerror=\"this.style.display='none'\" loading='lazy' \/>\n<h3>\n\t\t\tEducaci\u00f3n para el cambio social\t<\/h3>\n\t<p>En muchos de nuestros pa\u00edses socios, el fundamentalismo religioso y pol\u00edtico va en aumento, amenazando a los grupos ind\u00edgenas, los derechos humanos, la democracia y las preocupaciones medioambientales. Mission 21 promueve una educaci\u00f3n teol\u00f3gica que permita a las personas reflexionar cr\u00edticamente sobre los acontecimientos sociales y desarrollarse en un di\u00e1logo constructivo con otras disciplinas y religiones. De este modo, capacitamos a personas que trabajan como \"embajadores del cambio\" por la paz, la justicia social y la protecci\u00f3n del medio ambiente.<\/p>\n<p><a href=\"https:\/\/www.mission-21.org\/es\/que-hacemos\/proyectos-y-socios\/?_themen=bildung-fuer-den-sozialen-wandel\">\u25ba a nuestros proyectos<\/a><\/p>\n\t\t\t\t<img decoding=\"async\" src=\"https:\/\/www.mission-21.org\/wp-content\/uploads\/2022\/09\/csm_symbolbild_landwirtschaft_existenzsicherung_3045a2aa61-900x507.jpg\" alt=\"imagen del s\u00edmbolo de la csm agricultura medios de subsistencia 3045a2aa61\" itemprop=\"image\" height=\"507\" width=\"900\" title=\"csm_symbol_agriculture_security_3045a2aa61\" onerror=\"this.style.display='none'\" loading='lazy' \/>\n<h3>\n\t\t\tSoberan\u00eda alimentaria\t<\/h3>\n\t<p>El derecho a la alimentaci\u00f3n es un derecho humano fundamental. Aunque en el mundo se producen suficientes alimentos, unos 870 millones de personas pasan hambre y otros mil millones sufren desnutrici\u00f3n cr\u00f3nica. El cambio clim\u00e1tico plantea retos adicionales para las personas especialmente vulnerables. Mission 21 apoya proyectos que permiten adoptar medidas para combatir las consecuencias del cambio clim\u00e1tico y promover una nutrici\u00f3n sana. Estamos comprometidos con la protecci\u00f3n del medio ambiente y la justicia clim\u00e1tica.<\/p>\n<p><a href=\"https:\/\/www.mission-21.org\/es\/que-hacemos\/proyectos-y-socios\/?_themen=ernaehrungssouveraenitaet\">\u25ba a nuestros proyectos<\/a><\/p>\n<p><a href=\"https:\/\/www.mission-21.org\/wp-content\/uploads\/2025\/10\/m21_uebersicht-ernaehrungssouveraenitaet_20251022_budget2025_pk.pdf\" target=\"_blank\" rel=\"noopener\">\u25ba Una visi\u00f3n general de nuestros proyectos por la soberan\u00eda alimentaria y la justicia clim\u00e1tica para descargar en pdf (alem\u00e1n).<\/a><\/p>\n<p><a href=\"https:\/\/www.mission-21.org\/es\/que-hacemos\/clima\/\" target=\"_blank\" rel=\"noopener\">\u25baP\u00e1gina web con informaci\u00f3n detallada sobre nuestro compromiso con la protecci\u00f3n del medio ambiente y la justicia clim\u00e1tica.\u00a0<\/a><\/p>\n<p>&nbsp;<\/p>\n\t\t\t\t<img decoding=\"async\" src=\"https:\/\/www.mission-21.org\/wp-content\/uploads\/2022\/09\/csm_symbolbild_gesundheit_124a223060-900x507.jpg\" alt=\"s\u00edmbolo csm imagen salud 124a223060\" itemprop=\"image\" height=\"507\" width=\"900\" title=\"csm_Symbolbild_Gesundheit_124a223060\" onerror=\"this.style.display='none'\" loading='lazy' \/>\n<h3>\n\t\t\tSalud\t<\/h3>\n\t<p>Para m\u00e1s de mil millones de personas en todo el mundo, el acceso a la asistencia sanitaria no est\u00e1 garantizado. Mission 21 ayuda a los habitantes de zonas remotas y rurales a acceder a la atenci\u00f3n m\u00e9dica. Apoyamos proyectos que promueven la salud sexual y reproductiva de las poblaciones vulnerables. Estamos comprometidos con la lucha contra el VIH y la discriminaci\u00f3n de las personas que viven con el VIH.<\/p>\n<p><a href=\"https:\/\/www.mission-21.org\/es\/que-hacemos\/proyectos-y-socios\/?_themen=gesundheit\">\u25ba a nuestros proyectos<\/a><\/p>\n\t\t\t\t<img decoding=\"async\" src=\"https:\/\/www.mission-21.org\/wp-content\/uploads\/2025\/01\/ueberschwemmung.jpg\" alt=\"inundaciones\" itemprop=\"image\" height=\"659\" width=\"1170\" title=\"inundaciones\" onerror=\"this.style.display='none'\" loading='lazy' \/>\n<h3>\n\t\t\tAyuda humanitaria\t<\/h3>\n\t<p>Mission 21 trabaja en pa\u00edses donde las crisis y los conflictos afectan gravemente a la vida cotidiana de las personas. Somos especialmente activos en lugares donde las autoridades estatales y otras organizaciones de ayuda se han retirado. Junto con nuestras organizaciones asociadas, proporcionamos ayuda humanitaria en forma de ayuda alimentaria, atenci\u00f3n m\u00e9dica y distribuci\u00f3n de tiendas de campa\u00f1a, mantas y productos de higiene, as\u00ed como actividades que ofrecen a los desplazados internos una nueva perspectiva de la vida. De acuerdo con el \"triple nexo\", combinamos la ayuda humanitaria con medidas de consolidaci\u00f3n de la paz y apoyo a un futuro independiente.<\/p>\n<p><a href=\"https:\/\/www.mission-21.org\/es\/que-hacemos\/proyectos-y-socios\/?_themen=humanitaere-hilfe\">\u25ba a nuestros proyectos<\/a><\/p>\n<h2>\n\t\t\tInforme anual e informe financiero\t<\/h2>\n\t\t\t<a href=\"https:\/\/www.mission-21.org\/es\/tienda\/producto\/informe-anual-2022\/\" title=\"Solicitar copia impresa\" target=\"_self\"   role=\"button\" aria-label=\"Solicitar copia impresa\">\n\t\t\t\t\t\t\tSolicitar copia impresa\n\t\t<\/a>\n\t<!DOCTYPE html>\n<html lang=\"de\">\n<head>\n    <meta charset=\"UTF-8\"\/>\n    <meta name=\"viewport\" content=\"width=device-width, initial-scale=1.0\"\/>\n<style>\n    .download-button {\n        background-color: #ff9422;\n        color: white;\n        border: none;\n        padding: 15px 30px;\n        text-align: center;\n        text-decoration: none;\n        display: inline-block;\n        font-size: 20px;\n        border-radius: 0px;\n        cursor: pointer;\n    }\n    .download-button:hover {\n        background-color: #335198;\n        color: white;\n    }\n    .download-button:focus,\n    .download-button:active {\n        background-color: #335198; \/* Same as hover state *\/\n        color: white;\n        outline: none; \/* Remove default outline *\/\n    }\n<\/style>\n<\/head>\n<body>\n    <a id=\"download-link\" download>\n        Descargar como PDF\n    <\/a>\n<\/body>\n<\/html>\n\t<p>El <strong>Informe anual<\/strong> ofrece informaci\u00f3n sobre el impacto de nuestro trabajo en el \u00faltimo a\u00f1o y muestra c\u00f3mo se utilizaron las donaciones recibidas en funci\u00f3n de proyectos concretos. Contiene los estados financieros anuales, incluida informaci\u00f3n sobre el origen y la utilizaci\u00f3n de los fondos. Tambi\u00e9n contiene informaci\u00f3n sobre la estructura y los comit\u00e9s de la organizaci\u00f3n misionera, as\u00ed como un breve retrato de Mission 21. El informe anual se publica en julio, tras el S\u00ednodo internacional de Mission 21.<\/p>\n<h4>\n\t\t\tInformes anuales anteriores\t<\/h4>\n\t<iframe   src=\"https:\/\/www.yumpu.com\/en\/embed\/view\/VNKnkpS4DwT2CJrl\" frameborder=\"0\" allowfullscreen=\"true\" allowtransparency=\"true\"><\/iframe>\n\t<h4>Informe financiero (cada uno en alem\u00e1n)<\/h4>\n<p><a href=\"https:\/\/www.mission-21.org\/wp-content\/uploads\/2025\/07\/finanzbericht-jahresrechnung_2024_mission-21_signiert.pdf\" target=\"_blank\" rel=\"noopener\">Informe financiero 2024 (PDF)<\/a><\/p>\n<p><a href=\"https:\/\/www.mission-21.org\/wp-content\/uploads\/2024\/07\/jahresrechnung_2023_revidiert.pdf\">\u25baInforme financiero 2023 (PDF)<\/a><\/p>\n<p><a href=\"https:\/\/www.mission-21.org\/wp-content\/uploads\/2023\/07\/mission-21-jahresrechnung-revision-ok_20230706.pdf\">Informe financiero 2022 (PDF)<\/a><\/p>\n<p><a href=\"https:\/\/www.mission-21.org\/fileadmin\/Webseite_Mission_21\/Publikationen\/Finanzbericht\/Mission_21_-_Revisionsbericht_Finanzbericht_2021.pdf\">\u25ba Informe financiero 2021 (PDF)<\/a><\/p>\n<p><a href=\"https:\/\/www.mission-21.org\/fileadmin\/Webseite_Mission_21\/Publikationen\/Finanzbericht\/Finanzbericht_20210712_Revisoren_bestaetigt_2020.pdf\">\u25ba Informe financiero 2020 (PDF)<\/a><\/p>\n<p><a href=\"https:\/\/www.mission-21.org\/fileadmin\/Webseite_Mission_21\/Publikationen\/Finanzbericht\/Finanzbericht-2019_Mission_21.pdf\">\u25ba Informe financiero 2019 (PDF)<\/a><\/p>\n<p><a href=\"https:\/\/www.mission-21.org\/wp-content\/uploads\/2023\/04\/finanzbericht-2018.pdf\" target=\"_blank\" rel=\"noopener\">\u25ba Informe financiero de PWC de 2018 (PDF)<\/a><\/p>\n<p><a href=\"https:\/\/www.mission-21.org\/wp-content\/uploads\/2023\/04\/finanzbericht-mission-21_2017.pdf\" target=\"_blank\" rel=\"noopener\">\u25ba Informe financiero de PWC de 2017 (PDF)<\/a><\/p>\n<p><a href=\"https:\/\/www.mission-21.org\/fileadmin\/Mission_21\/Steuerbefreiung_2013_Mission_21.pdf\">\u25ba Bono de exenci\u00f3n fiscal (PDF)<\/a><\/p>\n<h2>\n\t\t\t Declaraci\u00f3n de objetivos y estatutos \t<\/h2>\n<h2>\n\t\t\tPol\u00edtica de g\u00e9nero y c\u00f3digo de conducta\t<\/h2>\n\t\t\t<a href=\"https:\/\/www.mission-21.org\/es\/descargar\/politica-de-genero-alemana\/\" target=\"_self\">\n\t\t\t\t\t\tPol\u00edtica de g\u00e9nero de Mission 21\n\t\t\t\t\t<\/a>\n\t\t\t<a href=\"https:\/\/www.mission-21.org\/es\/descargar\/codigo-de-conducta-aleman\/\" target=\"_self\">\n\t\t\t\t\t\tC\u00f3digo de conducta\n\t\t\t\t\t<\/a>\n\t\t\t<a href=\"https:\/\/www.mission-21.org\/es\/descargar\/codigo-de-conducta-reglamento-aleman\/\" target=\"_self\">\n\t\t\t\t\t\tReglamento sobre el C\u00f3digo de Conducta\n\t\t\t\t\t<\/a>","protected":false},"excerpt":{"rendered":"<p>Spenden Unsere Handlungsfelder Unser Verst\u00e4ndnis von Mission gr\u00fcndet im Glauben, dass alle Menschen unterschiedlich, aber mit gleichem Wert und gleicher W\u00fcrde geschaffen sind. Daher sollten alle Menschen auch unabh\u00e4ngig von ihrer Ethnie, von Geschlecht, Religion oder geographischer Herkunft in gleichem Masse die M\u00f6glichkeit haben, miteinander in Frieden und Gerechtigkeit zusammenzuleben. Darauf arbeiten wir im respektvollen [&hellip;]<\/p>\n","protected":false},"author":1,"featured_media":20023,"parent":218,"menu_order":0,"comment_status":"closed","ping_status":"closed","template":"","meta":{"_acf_changed":false,"_seopress_robots_primary_cat":"","_seopress_titles_title":"","_seopress_titles_desc":"","_seopress_robots_index":"","_searchwp_excluded":"","site-sidebar-layout":"default","site-content-layout":"","ast-site-content-layout":"default","site-content-style":"default","site-sidebar-style":"default","ast-global-header-display":"","ast-banner-title-visibility":"","ast-main-header-display":"","ast-hfb-above-header-display":"","ast-hfb-below-header-display":"","ast-hfb-mobile-header-display":"","site-post-title":"","ast-breadcrumbs-content":"","ast-featured-img":"","footer-sml-layout":"","ast-disable-related-posts":"","theme-transparent-header-meta":"","adv-header-id-meta":"","stick-header-meta":"","header-above-stick-meta":"","header-main-stick-meta":"","header-below-stick-meta":"","astra-migrate-meta-layouts":"set","ast-page-background-enabled":"default","ast-page-background-meta":{"desktop":{"background-color":"var(--ast-global-color-4)","background-image":"","background-repeat":"repeat","background-position":"center center","background-size":"auto","background-attachment":"scroll","background-type":"","background-media":"","overlay-type":"","overlay-color":"","overlay-opacity":"","overlay-gradient":""},"tablet":{"background-color":"","background-image":"","background-repeat":"repeat","background-position":"center center","background-size":"auto","background-attachment":"scroll","background-type":"","background-media":"","overlay-type":"","overlay-color":"","overlay-opacity":"","overlay-gradient":""},"mobile":{"background-color":"","background-image":"","background-repeat":"repeat","background-position":"center center","background-size":"auto","background-attachment":"scroll","background-type":"","background-media":"","overlay-type":"","overlay-color":"","overlay-opacity":"","overlay-gradient":""}},"ast-content-background-meta":{"desktop":{"background-color":"var(--ast-global-color-5)","background-image":"","background-repeat":"repeat","background-position":"center center","background-size":"auto","background-attachment":"scroll","background-type":"","background-media":"","overlay-type":"","overlay-color":"","overlay-opacity":"","overlay-gradient":""},"tablet":{"background-color":"var(--ast-global-color-5)","background-image":"","background-repeat":"repeat","background-position":"center center","background-size":"auto","background-attachment":"scroll","background-type":"","background-media":"","overlay-type":"","overlay-color":"","overlay-opacity":"","overlay-gradient":""},"mobile":{"background-color":"var(--ast-global-color-5)","background-image":"","background-repeat":"repeat","background-position":"center center","background-size":"auto","background-attachment":"scroll","background-type":"","background-media":"","overlay-type":"","overlay-color":"","overlay-opacity":"","overlay-gradient":""}},"iawp_total_views":6621,"footnotes":""},"hf_cat_page":[302],"class_list":["post-3200","page","type-page","status-publish","has-post-thumbnail"],"acf":[],"_links":{"self":[{"href":"https:\/\/www.mission-21.org\/es\/wp-json\/wp\/v2\/pages\/3200","targetHints":{"allow":["GET"]}}],"collection":[{"href":"https:\/\/www.mission-21.org\/es\/wp-json\/wp\/v2\/pages"}],"about":[{"href":"https:\/\/www.mission-21.org\/es\/wp-json\/wp\/v2\/types\/page"}],"author":[{"embeddable":true,"href":"https:\/\/www.mission-21.org\/es\/wp-json\/wp\/v2\/users\/1"}],"replies":[{"embeddable":true,"href":"https:\/\/www.mission-21.org\/es\/wp-json\/wp\/v2\/comments?post=3200"}],"version-history":[{"count":11,"href":"https:\/\/www.mission-21.org\/es\/wp-json\/wp\/v2\/pages\/3200\/revisions"}],"predecessor-version":[{"id":20074,"href":"https:\/\/www.mission-21.org\/es\/wp-json\/wp\/v2\/pages\/3200\/revisions\/20074"}],"up":[{"embeddable":true,"href":"https:\/\/www.mission-21.org\/es\/wp-json\/wp\/v2\/pages\/218"}],"wp:featuredmedia":[{"embeddable":true,"href":"https:\/\/www.mission-21.org\/es\/wp-json\/wp\/v2\/media\/20023"}],"wp:attachment":[{"href":"https:\/\/www.mission-21.org\/es\/wp-json\/wp\/v2\/media?parent=3200"}],"wp:term":[{"taxonomy":"hf_cat_page","embeddable":true,"href":"https:\/\/www.mission-21.org\/es\/wp-json\/wp\/v2\/hf_cat_page?post=3200"}],"curies":[{"name":"wp","href":"https:\/\/api.w.org\/{rel}","templated":true}]}}