{"id":3210,"date":"2022-09-29T20:04:12","date_gmt":"2022-09-29T18:04:12","guid":{"rendered":"https:\/\/www.mission-21.org\/?page_id=3210"},"modified":"2026-03-03T15:01:55","modified_gmt":"2026-03-03T14:01:55","slug":"archivo-de-eventos","status":"publish","type":"page","link":"https:\/\/www.mission-21.org\/es\/was-wir-tun\/archiv-veranstaltungen\/","title":{"rendered":"Archivo de eventos"},"content":{"rendered":"<img decoding=\"async\" src=\"https:\/\/www.mission-21.org\/wp-content\/uploads\/2022\/08\/csm_header_news_d521d70e38.jpeg\" alt=\"csm header news d521d70e38\" itemprop=\"image\" height=\"688\" width=\"1680\" title=\"csm_Header_News_d521d70e38\" onerror=\"this.style.display='none'\" loading='lazy' \/>\n\t<div class=\"fl-builder-content fl-builder-content-3660 fl-builder-template fl-builder-module-template fl-builder-global-templates-locked\" data-post-id=\"3660\"><div class=\"fl-module fl-module-pp-toc fl-node-xrvkwe8ihtn6 toc\" data-node=\"xrvkwe8ihtn6\">\n\t<div class=\"fl-module-content fl-node-content\">\n\t\t<div class=\"pp-toc-container\">\n\t\n\t<div class=\"pp-toc-body\">\n\t\t\t\t\t<ul class=\"pp-toc-list-wrapper pp-toc-list-icon\"><\/ul>\n\t\t\t\t<\/div>\n<\/div>\n\n\t<\/div>\n<\/div>\n<\/div><div class=\"uabb-js-breakpoint\" style=\"display: none;\"><\/div>\n<h2>\n\t\t\tDossiers de seminarios web\t<\/h2>\n\t\t\t\t<img decoding=\"async\" src=\"https:\/\/www.mission-21.org\/wp-content\/uploads\/2025\/09\/keyvisual_internationales-forum-2025-titel_final-mit-logo_weiss_3-zu-2_20250805_nd-e1762157628562.png\" alt=\"keyvisual foro internacional 2025 t\u00edtulo final con logotipo blanco 3 a 2 20250805 nd\" title=\"keyvisual_internationales-forum-2025-titel_final-mit-logo_weiss_3-zu-2_20250805_nd\" itemprop=\"image\"\/>\n\t\t<h3>Foro Internacional para la Consolidaci\u00f3n de la Paz Interreligiosa y Transcultural<\/h3>\t\t\t\n<p>El tercer Foro Internacional para la Construcci\u00f3n de la Paz Interreligiosa y Transcultural se celebr\u00f3 en l\u00ednea los d\u00edas 23 y 24 de octubre de 2025. Bajo el lema \u00abPaz en la Tierra. Paz con la Tierra\u00bb. ponentes y participantes de todo el mundo intercambiaron puntos de vista sobre c\u00f3mo est\u00e1n conectadas la paz, la justicia y la responsabilidad ecol\u00f3gica. Dos d\u00edas llenos de voces inspiradoras, perspectivas diversas y visiones compartidas para un futuro m\u00e1s pac\u00edfico y sostenible.<\/p>\n<a href=\"https:\/\/www.mission-21.org\/es\/revision-del-foro-internacional-2025\/\" target=\"_self\">\u25ba Al expediente<\/a>\t\t\t\n\t\t\t\t<img decoding=\"async\" src=\"https:\/\/www.mission-21.org\/wp-content\/uploads\/2024\/08\/forum-bild.png\" alt=\"foto del foro\" title=\"Foto del foro\" itemprop=\"image\"\/>\n\t\t<h3>Foro Internacional para la Consolidaci\u00f3n de la Paz Interreligiosa y Transcultural<\/h3>\t\t\t\n<p>Para muchas de las iglesias y organizaciones asociadas a Mission 21, el trabajo por la paz interreligioso y transcultural es una cuesti\u00f3n existencial, ya que viven y trabajan en regiones en crisis y conflicto. Por ello, Mission 21 puso en marcha en 2023 una serie de seminarios web sobre consolidaci\u00f3n de la paz. La segunda edici\u00f3n del foro internacional tuvo lugar los d\u00edas 18 y 19 de septiembre de 2024 y volvi\u00f3 a reunir a m\u00e1s de 100 participantes de cuatro continentes para un intenso intercambio de ideas.<\/p>\n<a href=\"https:\/\/www.mission-21.org\/es\/foro-internacional-2024-dossier\/\" target=\"_self\">\u25ba Al expediente<\/a>\t\t\t\n\t\t\t\t<img decoding=\"async\" src=\"https:\/\/www.mission-21.org\/wp-content\/uploads\/2022\/09\/csm_zeichenflaeche_11_5ea811d50f-900x451.png\" alt=\"csm \u00e1rea de dibujo 11 5ea811d50f\" title=\"csm_Zeichenflaeche_11_5ea811d50f\" itemprop=\"image\"\/>\n\t\t<h3>\u00bfDescolonizar la ayuda?<\/h3>\t\t\t\n<p>Una mirada honesta al desequilibrio de poder que sigue existiendo en la cooperaci\u00f3n al desarrollo y una b\u00fasqueda conjunta de nuevas estrategias de cooperaci\u00f3n a nivel ocular. Con instituciones asociadas de cuatro continentes.<\/p>\n<a href=\"https:\/\/www.mission-21.org\/es\/que-hacemos\/eventos\/descolonizar-la-ayuda\/\" target=\"_self\">\u25ba Al expediente<\/a>\t\t\t\n\t\t\t\t<img decoding=\"async\" src=\"https:\/\/www.mission-21.org\/wp-content\/uploads\/2022\/09\/mission_21_summer_school_2021_banner_1080x2160_v3-900x450.jpg\" alt=\"misi\u00f3n 21 escuela de verano 2021 banner 1080x2160 v3\" title=\"Mission_21_Summer_School_2021_Banner_1080x2160_v3\" itemprop=\"image\"\/>\n\t\t<h3>Misi\u00f3n e Iglesia: entre el racismo y el respeto<\/h3>\t\t\t\n\t\t\t\t<p>La historia de la actividad misionera global de Europa es ambivalente: hay ejemplos de encuentros respetuosos, as\u00ed como de arrogancia occidental o incluso de comportamiento racista. \u00bfC\u00f3mo se perciben la historia de las misiones y las relaciones eclesi\u00e1sticas actuales desde las perspectivas de \u00c1frica, Asia, Am\u00e9rica Latina y Europa?<\/p>\n<a href=\"https:\/\/www.mission-21.org\/es\/escuela-de-verano-2021-2\/\" target=\"_self\">\u25ba Al expediente<\/a>\t\t\t\n\t\t\t\t<img decoding=\"async\" src=\"https:\/\/www.mission-21.org\/wp-content\/uploads\/2022\/10\/csm_kolonialismus_und_mission_c19cf735ff.jpg\" alt=\"csm colonialismo y misi\u00f3n c19cf735ff\" title=\"csm_colonialism_and_mission_c19cf735ff\" itemprop=\"image\"\/>\n\t\t<h3>Misi\u00f3n - El colonialismo revisado<\/h3>\t\t\t\n\t\t\t\t<p>\u00bfQu\u00e9 papel desempe\u00f1aron las sociedades misioneras cristianas en el contexto de la esclavitud y el colonialismo? \u00bfHay puntos de contacto hist\u00f3ricos con el racismo y la discriminaci\u00f3n? Mission 21 pone de relieve la historia de la misi\u00f3n, el colonialismo y la esclavitud, que tiene m\u00faltiples facetas, con el fin de afinar el debate social actual sobre el racismo y la discriminaci\u00f3n.<\/p>\n<a href=\"https:\/\/www.mission-21.org\/es\/que-hacemos\/eventos\/mision-colonialismo-revisado\/\" target=\"_self\">\u25ba Al expediente<\/a>\t\t\t\n<h2>\n\t\t\tV\u00eddeos de seminarios web\t<\/h2>\n\t<a href=\"https:\/\/vimeo.com\/1031110606?share=copy#t=0\" target=\"_blank\" rel=\"noopener\" aria-label=\"Visite https:\/\/vimeo.com\/1031110606?share=copy#t=0\"><\/a>\n\t\t\t<h3>La Biblia y la crisis clim\u00e1tica<\/h3>\t\t\n\t\t\t\t<img decoding=\"async\" src=\"https:\/\/www.mission-21.org\/wp-content\/uploads\/2024\/11\/bible_and_climate_crisis.jpg\" alt=\"biblia y crisis clim\u00e1tica\" title=\"biblia_y_clima_crisis\" itemprop=\"image\"\/>\n\t<a href=\"https:\/\/vimeo.com\/450723777\" target=\"_blank\" rel=\"noopener\" aria-label=\"Visite https:\/\/vimeo.com\/450723777\"><\/a>\n\t\t\t<h3>Escuela de Verano: El impacto de las protestas (Sesi\u00f3n 1)<\/h3>\t\t\n\t\t\t\t<img decoding=\"async\" src=\"https:\/\/www.mission-21.org\/wp-content\/uploads\/2022\/10\/csm_summer_school_session_1_3b27fd2d5a.jpg\" alt=\"escuela de verano csm sesi\u00f3n 1 3b27fd2d5a\" title=\"csm_Summer_School_Session_1_3b27fd2d5a\" itemprop=\"image\"\/>\n\t<a href=\"https:\/\/vimeo.com\/773232040\" target=\"_blank\" rel=\"noopener\" aria-label=\"Visite https:\/\/vimeo.com\/773232040\"><\/a>\n\t\t\t<h3>Dialog International Online: \"(Anti)Racismo en las diferentes religiones\".<\/h3>\t\t\n\t\t\t\t<img decoding=\"async\" src=\"https:\/\/www.mission-21.org\/wp-content\/uploads\/2022\/11\/casademujer-suma-jacana-900x507.jpg\" alt=\"casademujer suma jacana\" title=\"casademujer-suma-jacana\" itemprop=\"image\"\/>\n\t<a href=\"https:\/\/vimeo.com\/651453371\" target=\"_blank\" rel=\"noopener\" aria-label=\"Visite https:\/\/vimeo.com\/651453371\"><\/a>\n\t\t\t<h3>Dialog International: Derecho a la educaci\u00f3n para ni\u00f1as y mujeres en Tanzania<\/h3>\t\t\n\t\t\t\t<img decoding=\"async\" src=\"https:\/\/www.mission-21.org\/wp-content\/uploads\/2022\/10\/csm_mary_kategile_8451b5a499-900x507.jpg\" alt=\"csm mary kategile 8451b5a499\" title=\"csm_Mary_Kategile_8451b5a499\" itemprop=\"image\"\/>\n\t<a href=\"https:\/\/vimeo.com\/704484082\" target=\"_blank\" rel=\"noopener\" aria-label=\"Visite https:\/\/vimeo.com\/704484082\"><\/a>\n\t\t\t<h3>Dialog International Online: \"(Anti)Racismo en las diferentes religiones\".<\/h3>\t\t\n\t\t\t\t<img decoding=\"async\" src=\"https:\/\/www.mission-21.org\/wp-content\/uploads\/2022\/09\/mission_21_summer_school_2021_banner_1080x2160_v3-900x450.jpg\" alt=\"misi\u00f3n 21 escuela de verano 2021 banner 1080x2160 v3\" title=\"Mission_21_Summer_School_2021_Banner_1080x2160_v3\" itemprop=\"image\"\/>\n\t<a href=\"https:\/\/vimeo.com\/680024179\" target=\"_blank\" rel=\"noopener\" aria-label=\"Visite https:\/\/vimeo.com\/680024179\"><\/a>\n\t\t\t<h3>Dialogue International: Leer la Biblia con otros ojos<\/h3>\t\t\n\t\t\t\t<img decoding=\"async\" src=\"https:\/\/www.mission-21.org\/wp-content\/uploads\/2022\/10\/csm_dialog_f431895476-900x507.jpg\" alt=\"csm di\u00e1logo f431895476\" title=\"csm_dialog_f431895476\" itemprop=\"image\"\/>\n\t<a href=\"https:\/\/vimeo.com\/640260572\" target=\"_blank\" rel=\"noopener\" aria-label=\"Visite https:\/\/vimeo.com\/640260572\"><\/a>\n\t\t\t<h3>Dialog International: Nigeria - \u00bfConflicto interreligioso o guerra clim\u00e1tica?<\/h3>\t\t\n\t\t\t\t<img decoding=\"async\" src=\"https:\/\/www.mission-21.org\/wp-content\/uploads\/2022\/10\/csm_bild1_dec0b19aaa.jpg\" alt=\"csm image1 dec0b19aaa\" title=\"csm_image1_dec0b19aaa\" itemprop=\"image\"\/>\n\t<a href=\"https:\/\/vimeo.com\/526135753\" target=\"_blank\" rel=\"noopener\" aria-label=\"Visite https:\/\/vimeo.com\/526135753\"><\/a>\n\t\t\t<h3>Di\u00e1logo Internacional: Religi\u00f3n y Desarrollo<\/h3>\t\t\n\t\t\t\t<img decoding=\"async\" src=\"https:\/\/www.mission-21.org\/wp-content\/uploads\/2022\/10\/csm_religion_und_entwicklung_video_6c19b12065-900x507.jpg\" alt=\"csm religi\u00f3n y desarrollo video 6c19b12065\" title=\"csm_Religion_und_Entwicklung_Video_6c19b12065\" itemprop=\"image\"\/>\n\t<a href=\"https:\/\/vimeo.com\/430636693\" target=\"_blank\" rel=\"noopener\" aria-label=\"Visite https:\/\/vimeo.com\/430636693\"><\/a>\n\t\t\t<h3>Dialogue International: El movimiento democr\u00e1tico de Hong Kong<\/h3>\t\t\n\t\t\t\t<img decoding=\"async\" src=\"https:\/\/www.mission-21.org\/wp-content\/uploads\/2022\/10\/csm_facebook_stream_dialog_international_hongkong_cbuess_31eb7d9986.jpg\" alt=\"csm facebook stream di\u00e1logo internacional hong kong cbuess 31eb7d9986\" title=\"csm_Facebook_Stream_Dialog_International_Hongkong_CBuess_31eb7d9986\" itemprop=\"image\"\/>\n\t<a href=\"https:\/\/vimeo.com\/460848449\" target=\"_blank\" rel=\"noopener\" aria-label=\"Visite https:\/\/vimeo.com\/460848449\"><\/a>\n\t\t\t<h3>Dialog International: Esperanza de paz en Sud\u00e1n del Sur<\/h3>\t\t\n\t\t\t\t<img decoding=\"async\" src=\"https:\/\/www.mission-21.org\/wp-content\/uploads\/2022\/10\/csm_webinar_suedsudan_20200921_fff0fa732a.jpg\" alt=\"csm webinar suedsudan 20200921 fff0fa732a\" title=\"csm_Webinar_Suedsudan_20200921_fff0fa732a\" itemprop=\"image\"\/>\n<h2>\n\t\t\tInformes sobre los eventos\t<\/h2>\n\t\t\t\t\t\t\t\t\t\t\t\t\t\t<a href=\"https:\/\/www.mission-21.org\/es\/el-foro-mision-21-de-paz-con-la-tierra-proporciona-impulsos-inspiradores\/\" target=\"_self\" title=\"Paz con la Tierra: el foro Misi\u00f3n 21 proporciona un impulso inspirador\">\n\t\t\t\t<img decoding=\"async\" src=\"https:\/\/www.mission-21.org\/wp-content\/uploads\/2025\/10\/foto_international-forum-2025b_20251024_cwe_neu_4-zu-3-900x675.jpg\" alt=\"Captura de pantalla con los participantes en el &quot;Foro 2025&quot; en l\u00ednea organizado por Mission 21.\" \/>\n\t\t\t\t<\/a>\n\t\t\t\t\t\t<h4>\n\t\t\t\t<a href=\"https:\/\/www.mission-21.org\/es\/el-foro-mision-21-de-paz-con-la-tierra-proporciona-impulsos-inspiradores\/\" title=\"Paz con la Tierra: el foro Misi\u00f3n 21 proporciona un impulso inspirador\">Paz con la Tierra: el foro Misi\u00f3n 21 proporciona un impulso inspirador<\/a>\t\t\t<\/h4>\n\t\t\t\t\t\t\t<h5>\n\t\t\t3 de noviembre de 2025\t\t\t\n\t\t\t\t\t\t\t<\/h5>\n\t\t\t\t\t\t\t\t\t\t\t\t\t\t<a href=\"https:\/\/www.mission-21.org\/es\/descolonizar-la-teologia-pero-como-el-seminario-web-de-mission-21-busca-respuestas\/\" target=\"_self\" title=\"Descolonizar la teolog\u00eda, pero \u00bfc\u00f3mo? - El seminario web de Mission 21 busca respuestas\">\n\t\t\t\t<img decoding=\"async\" src=\"https:\/\/www.mission-21.org\/wp-content\/uploads\/2025\/09\/referenten_webinar_decolonizing-theology_2025-09-03-900x675.png\" alt=\"ponentes seminario web teolog\u00eda descolonizadora 2025 09 03\" \/>\n\t\t\t\t<\/a>\n\t\t\t\t\t\t<h4>\n\t\t\t\t<a href=\"https:\/\/www.mission-21.org\/es\/descolonizar-la-teologia-pero-como-el-seminario-web-de-mission-21-busca-respuestas\/\" title=\"Descolonizar la teolog\u00eda, pero \u00bfc\u00f3mo? - El seminario web de Mission 21 busca respuestas\">Descolonizar la teolog\u00eda, pero \u00bfc\u00f3mo? - El seminario web de Mission 21 busca respuestas<\/a>\t\t\t<\/h4>\n\t\t\t\t\t\t\t<h5>\n\t\t\t12 de septiembre de 2025\t\t\t\n\t\t\t\t\t\t\t<\/h5>\n\t\t\t\t\t\t\t\t\t\t\t\t\t\t<a href=\"https:\/\/www.mission-21.org\/es\/visita-real-de-ghana-a-mision-21\/\" target=\"_self\" title=\"Visita real de Ghana a Mission 21\">\n\t\t\t\t<img decoding=\"async\" src=\"https:\/\/www.mission-21.org\/wp-content\/uploads\/2025\/07\/img_0394_delegation-ghana_notse-nii-nortey-owuo-iv_20250729_4-zu-3_b-900x675.jpg\" alt=\"img 0394 delegaci\u00f3n ghana notse nii nortey owuo iv 20250729 4 a 3 b\" \/>\n\t\t\t\t<\/a>\n\t\t\t\t\t\t<h4>\n\t\t\t\t<a href=\"https:\/\/www.mission-21.org\/es\/visita-real-de-ghana-a-mision-21\/\" title=\"Visita real de Ghana a Mission 21\">Visita real de Ghana a Mission 21<\/a>\t\t\t<\/h4>\n\t\t\t\t\t\t\t<h5>\n\t\t\t30 de julio de 2025\t\t\t\n\t\t\t\t\t\t\t<\/h5>\n\t\t\t\t\t\t\t\t\t\t\t\t\t\t<a href=\"https:\/\/www.mission-21.org\/es\/sinodo-internacional-la-descolonizacion-como-principio-rector\/\" target=\"_self\" title=\"S\u00ednodo Internacional: la descolonizaci\u00f3n como principio rector\">\n\t\t\t\t<img decoding=\"async\" src=\"https:\/\/www.mission-21.org\/wp-content\/uploads\/2025\/07\/screenshot-1-fuer-web-news-900x675.png\" alt=\"Captura de pantalla con algunos delegados del S\u00ednodo 2025 de Misi\u00f3n 21.\" \/>\n\t\t\t\t<\/a>\n\t\t\t\t\t\t<h4>\n\t\t\t\t<a href=\"https:\/\/www.mission-21.org\/es\/sinodo-internacional-la-descolonizacion-como-principio-rector\/\" title=\"S\u00ednodo Internacional: la descolonizaci\u00f3n como principio rector\">S\u00ednodo Internacional: la descolonizaci\u00f3n como principio rector<\/a>\t\t\t<\/h4>\n\t\t\t\t\t\t\t<h5>\n\t\t\t4 de julio de 2025\t\t\t\n\t\t\t\t\t\t\t<\/h5>\n\t\t\t\t\t\t\t\t\t\t\t\t\t\t<a href=\"https:\/\/www.mission-21.org\/es\/centrarse-en-la-reconciliacion-que-podemos-hacer-ante-los-conflictos\/\" target=\"_self\" title=\"Centrarse en la reconciliaci\u00f3n: \u00bfQu\u00e9 podemos hacer ante los conflictos?\">\n\t\t\t\t<img decoding=\"async\" src=\"https:\/\/www.mission-21.org\/wp-content\/uploads\/2024\/09\/img_forum-2024_teilnehmende3_20240920_cwe-e1727187977221-900x674.jpg\" alt=\"foro img 2024 participantes3 20240920 cwe\" \/>\n\t\t\t\t<\/a>\n\t\t\t\t\t\t<h4>\n\t\t\t\t<a href=\"https:\/\/www.mission-21.org\/es\/centrarse-en-la-reconciliacion-que-podemos-hacer-ante-los-conflictos\/\" title=\"Centrarse en la reconciliaci\u00f3n: \u00bfQu\u00e9 podemos hacer ante los conflictos?\">Centrarse en la reconciliaci\u00f3n: \u00bfQu\u00e9 podemos hacer ante los conflictos?<\/a>\t\t\t<\/h4>\n\t\t\t\t\t\t\t<h5>\n\t\t\t24 de septiembre de 2024\t\t\t\n\t\t\t\t\t\t\t<\/h5>\n\t\t\t\t\t\t\t\t\t\t\t\t\t\t<a href=\"https:\/\/www.mission-21.org\/es\/maedchenschulen-que-era-radical-en-aquel-entonces\/\" target=\"_self\" title=\"&quot;Escuelas de ni\u00f1as: Eso era radical entonces&quot;\">\n\t\t\t\t<img decoding=\"async\" src=\"https:\/\/www.mission-21.org\/wp-content\/uploads\/2024\/01\/brahman-maedchenschuel__pu_20240225_c-30-54-011.jpg\" alt=\"brahman girls&#039; school pu 20240225 c 30 54 011\" \/>\n\t\t\t\t<\/a>\n\t\t\t\t\t\t<h4>\n\t\t\t\t<a href=\"https:\/\/www.mission-21.org\/es\/maedchenschulen-que-era-radical-en-aquel-entonces\/\" title=\"&quot;Escuelas de ni\u00f1as: Eso era radical entonces&quot;\">\"Escuelas de ni\u00f1as: Eso era radical entonces\"<\/a>\t\t\t<\/h4>\n\t\t\t\t\t\t\t<h5>\n\t\t\t12 de marzo de 2024\t\t\t\n\t\t\t\t\t\t\t<\/h5>\n<h3>\n\t\t<a href=\"https:\/\/www.mission-21.org\/es\/informar-a\/noticias\/?_kategorien=events\" title=\"\u25ba Otros informes de eventos\"  target=\"_self\">\n\t\t\t\u25ba Otros informes de eventos\t\t<\/a>\n\t<\/h3>","protected":false},"excerpt":{"rendered":"<p>Webinar-Dossiers Internationales Forum f\u00fcr interreligi\u00f6se und transkulturelle Friedensf\u00f6rderung Am 23. und 24. Oktober 2025 fand das dritte Internationale Forum f\u00fcr interreligi\u00f6se und transkulturelle Friedensf\u00f6rderung online statt. Unter dem Motto \u00abPeace on Earth. Peace with the Earth.\u00bb tauschten sich Referent*innen und Teilnehmende aus aller Welt dar\u00fcber aus, wie Frieden, Gerechtigkeit und \u00f6kologische Verantwortung zusammenh\u00e4ngen. Zwei Tage [&hellip;]<\/p>\n","protected":false},"author":1,"featured_media":3212,"parent":205,"menu_order":0,"comment_status":"closed","ping_status":"closed","template":"","meta":{"_acf_changed":false,"_seopress_robots_primary_cat":"","_seopress_titles_title":"","_seopress_titles_desc":"","_seopress_robots_index":"","_searchwp_excluded":"","site-sidebar-layout":"default","site-content-layout":"","ast-site-content-layout":"default","site-content-style":"default","site-sidebar-style":"default","ast-global-header-display":"","ast-banner-title-visibility":"","ast-main-header-display":"","ast-hfb-above-header-display":"","ast-hfb-below-header-display":"","ast-hfb-mobile-header-display":"","site-post-title":"","ast-breadcrumbs-content":"","ast-featured-img":"","footer-sml-layout":"","ast-disable-related-posts":"","theme-transparent-header-meta":"","adv-header-id-meta":"","stick-header-meta":"","header-above-stick-meta":"","header-main-stick-meta":"","header-below-stick-meta":"","astra-migrate-meta-layouts":"set","ast-page-background-enabled":"default","ast-page-background-meta":{"desktop":{"background-color":"var(--ast-global-color-4)","background-image":"","background-repeat":"repeat","background-position":"center center","background-size":"auto","background-attachment":"scroll","background-type":"","background-media":"","overlay-type":"","overlay-color":"","overlay-opacity":"","overlay-gradient":""},"tablet":{"background-color":"","background-image":"","background-repeat":"repeat","background-position":"center center","background-size":"auto","background-attachment":"scroll","background-type":"","background-media":"","overlay-type":"","overlay-color":"","overlay-opacity":"","overlay-gradient":""},"mobile":{"background-color":"","background-image":"","background-repeat":"repeat","background-position":"center center","background-size":"auto","background-attachment":"scroll","background-type":"","background-media":"","overlay-type":"","overlay-color":"","overlay-opacity":"","overlay-gradient":""}},"ast-content-background-meta":{"desktop":{"background-color":"var(--ast-global-color-5)","background-image":"","background-repeat":"repeat","background-position":"center center","background-size":"auto","background-attachment":"scroll","background-type":"","background-media":"","overlay-type":"","overlay-color":"","overlay-opacity":"","overlay-gradient":""},"tablet":{"background-color":"var(--ast-global-color-5)","background-image":"","background-repeat":"repeat","background-position":"center center","background-size":"auto","background-attachment":"scroll","background-type":"","background-media":"","overlay-type":"","overlay-color":"","overlay-opacity":"","overlay-gradient":""},"mobile":{"background-color":"var(--ast-global-color-5)","background-image":"","background-repeat":"repeat","background-position":"center center","background-size":"auto","background-attachment":"scroll","background-type":"","background-media":"","overlay-type":"","overlay-color":"","overlay-opacity":"","overlay-gradient":""}},"iawp_total_views":330,"footnotes":""},"hf_cat_page":[300],"class_list":["post-3210","page","type-page","status-publish","has-post-thumbnail"],"acf":[],"_links":{"self":[{"href":"https:\/\/www.mission-21.org\/es\/wp-json\/wp\/v2\/pages\/3210","targetHints":{"allow":["GET"]}}],"collection":[{"href":"https:\/\/www.mission-21.org\/es\/wp-json\/wp\/v2\/pages"}],"about":[{"href":"https:\/\/www.mission-21.org\/es\/wp-json\/wp\/v2\/types\/page"}],"author":[{"embeddable":true,"href":"https:\/\/www.mission-21.org\/es\/wp-json\/wp\/v2\/users\/1"}],"replies":[{"embeddable":true,"href":"https:\/\/www.mission-21.org\/es\/wp-json\/wp\/v2\/comments?post=3210"}],"version-history":[{"count":11,"href":"https:\/\/www.mission-21.org\/es\/wp-json\/wp\/v2\/pages\/3210\/revisions"}],"predecessor-version":[{"id":19867,"href":"https:\/\/www.mission-21.org\/es\/wp-json\/wp\/v2\/pages\/3210\/revisions\/19867"}],"up":[{"embeddable":true,"href":"https:\/\/www.mission-21.org\/es\/wp-json\/wp\/v2\/pages\/205"}],"wp:featuredmedia":[{"embeddable":true,"href":"https:\/\/www.mission-21.org\/es\/wp-json\/wp\/v2\/media\/3212"}],"wp:attachment":[{"href":"https:\/\/www.mission-21.org\/es\/wp-json\/wp\/v2\/media?parent=3210"}],"wp:term":[{"taxonomy":"hf_cat_page","embeddable":true,"href":"https:\/\/www.mission-21.org\/es\/wp-json\/wp\/v2\/hf_cat_page?post=3210"}],"curies":[{"name":"wp","href":"https:\/\/api.w.org\/{rel}","templated":true}]}}