{"id":3229,"date":"2022-09-29T20:40:21","date_gmt":"2022-09-29T18:40:21","guid":{"rendered":"https:\/\/www.mission-21.org\/?page_id=3229"},"modified":"2025-07-22T14:54:35","modified_gmt":"2025-07-22T12:54:35","slug":"profesionales-para-conferencias","status":"publish","type":"page","link":"https:\/\/www.mission-21.org\/es\/was-wir-tun\/fachpersonen-fuer-vortraege\/","title":{"rendered":"Expertos en conferencias"},"content":{"rendered":"<img decoding=\"async\" src=\"https:\/\/www.mission-21.org\/wp-content\/uploads\/2022\/08\/csm_header_news_d521d70e38.jpeg\" alt=\"csm header news d521d70e38\" itemprop=\"image\" height=\"688\" width=\"1680\" title=\"csm_Header_News_d521d70e38\" onerror=\"this.style.display='none'\" loading='lazy' \/>\n\t<div class=\"fl-builder-content fl-builder-content-3660 fl-builder-template fl-builder-module-template fl-builder-global-templates-locked\" data-post-id=\"3660\"><div class=\"fl-module fl-module-pp-toc fl-node-xrvkwe8ihtn6 toc\" data-node=\"xrvkwe8ihtn6\">\n\t<div class=\"fl-module-content fl-node-content\">\n\t\t<div class=\"pp-toc-container\">\n\t\n\t<div class=\"pp-toc-body\">\n\t\t\t\t\t<ul class=\"pp-toc-list-wrapper pp-toc-list-icon\"><\/ul>\n\t\t\t\t<\/div>\n<\/div>\n\n\t<\/div>\n<\/div>\n<\/div><div class=\"uabb-js-breakpoint\" style=\"display: none;\"><\/div>\n\t\t\t<a href=\"\/es\/donar\/\" title=\"Pulse aqu\u00ed\" target=\"_self\"   role=\"button\" aria-label=\"Donaciones\">\n\t\t\t\t\t\t\tDonaciones\n\t\t\t\t\t\t\t\t\t<img decoding=\"async\" src=\"https:\/\/www.mission-21.org\/wp-content\/uploads\/2022\/08\/csm_heat-icon_b1dbd40167.png\"\/>\n\t\t<\/a>\n\t<p>Estaremos encantados de visitarle. Los expertos de Mission 21 le dar\u00e1n una visi\u00f3n v\u00edvida de nuestras \u00e1reas de actividad: consolidaci\u00f3n de la paz, educaci\u00f3n, educaci\u00f3n para el cambio social, salud y soberan\u00eda alimentaria. Facilitamos informaci\u00f3n sobre nuestra ayuda humanitaria y nuestro compromiso con la igualdad de g\u00e9nero, la buena gobernanza y los derechos humanos en todos nuestros proyectos. Presentamos el trabajo en proyectos de nuestras iglesias asociadas y organizaciones colaboradoras en \u00c1frica, Asia y Am\u00e9rica Latina y le permitimos sumergirse en los m\u00e1s de 200 a\u00f1os de historia de Mission 21 y las organizaciones que la apoyan.<\/p>\n<p>Nuestros ponentes est\u00e1n disponibles para actos informativos, servicios religiosos, lecciones o actos de agradecimiento a los voluntarios.<\/p>\n<p>Los temas de actualidad pueden debatirse en reuniones cara a cara. Por ejemplo, \"\u00bfC\u00f3mo funciona la cooperaci\u00f3n para el desarrollo personal a nivel ocular?\". - \"\u00bfQu\u00e9 significa hoy la misi\u00f3n?\" o \"\u00bfCu\u00e1les son las posibilidades y los l\u00edmites del intercambio transcultural y la construcci\u00f3n de la paz interreligiosa?\". \u00a1Esperamos sus comentarios!<\/p>\n\t\t<a href=\"https:\/\/www.mission-21.org\/es\/equipo\/monika-di-pietrantonio\/\" title=\"Mostrar el contenido del campo de visualizaci\u00f3n\" target=\"_self\"  aria-label=\"Elemento de puesto\"><\/a>\t\t\n\t<meta itemscope itemprop=\"mainEntityOfPage\" itemtype=\"https:\/\/schema.org\/WebPage\" itemid=\"https:\/\/www.mission-21.org\/team\/monika-di-pietrantonio\/\" content=\"Monika Di Pietrantonio\" \/><meta itemprop=\"datePublished\" content=\"2022-09-29\" \/><meta itemprop=\"dateModified\" content=\"2024-11-14\" \/><meta itemprop=\"name\" content=\"Mission 21\"\/><meta itemprop=\"url\" content=\"https:\/\/www.mission-21.org\/wp-content\/uploads\/2022\/08\/de-blau.svg\"\/><meta itemprop=\"url\" content=\"https:\/\/www.mission-21.org\/author\/fabrizio\/\" \/><meta itemprop=\"name\" content=\"Fabrizio Fracassi\" \/><meta itemprop=\"url\" content=\"https:\/\/www.mission-21.org\/wp-content\/uploads\/2022\/09\/monika_2024_2.jpg\" \/><meta itemprop=\"width\" content=\"1500\" \/><meta itemprop=\"height\" content=\"1500\" \/><meta itemprop=\"interactionType\" content=\"https:\/\/schema.org\/CommentAction\" \/><meta itemprop=\"userInteractionCount\" content=\"0\" \/>\n\t<img width=\"1200\" height=\"1200\" src=\"https:\/\/www.mission-21.org\/wp-content\/uploads\/2022\/09\/monika_2024_2-1200x1200.jpg\" alt=\"monika 2024 2\" itemprop=\"image\" decoding=\"async\" srcset=\"https:\/\/www.mission-21.org\/wp-content\/uploads\/2022\/09\/monika_2024_2-1200x1200.jpg 1200w, https:\/\/www.mission-21.org\/wp-content\/uploads\/2022\/09\/monika_2024_2-900x900.jpg 900w, https:\/\/www.mission-21.org\/wp-content\/uploads\/2022\/09\/monika_2024_2-300x300.jpg 300w, https:\/\/www.mission-21.org\/wp-content\/uploads\/2022\/09\/monika_2024_2-768x768.jpg 768w, https:\/\/www.mission-21.org\/wp-content\/uploads\/2022\/09\/monika_2024_2-12x12.jpg 12w, https:\/\/www.mission-21.org\/wp-content\/uploads\/2022\/09\/monika_2024_2-800x800.jpg 800w, https:\/\/www.mission-21.org\/wp-content\/uploads\/2022\/09\/monika_2024_2-600x600.jpg 600w, https:\/\/www.mission-21.org\/wp-content\/uploads\/2022\/09\/monika_2024_2-100x100.jpg 100w, https:\/\/www.mission-21.org\/wp-content\/uploads\/2022\/09\/monika_2024_2.jpg 1500w\" sizes=\"(max-width: 1200px) 100vw, 1200px\" \/>\n<h3>Monika Di Pietrantonio<\/h3>\n<p>Responsable de la administraci\u00f3n de los programas educativos<br \/>Tel.: +41 (0)61 260 22 67<br \/><a href=\"mailto:monika.dipietrantonio@mission-21.org\">\u25ba Correo electr\u00f3nico<\/a><\/p>\n\t\t\t<h2>Posibles temas de las conferencias<\/h2>\t\t\t\n\t\t\t\t<p>Estaremos encantados de organizar una persona competente para su evento si lo solicita. Honorarios y gastos seg\u00fan lo acordado. Por ejemplo, sobre uno de los siguientes temas:<\/p>\n\t\t\t\t<img decoding=\"async\" src=\"https:\/\/www.mission-21.org\/wp-content\/uploads\/2022\/09\/csm_header_divers_00c1ebdce0-900x507.jpg\" alt=\"csm header divers 00c1ebdce0\" title=\"csm_Header_Divers_00c1ebdce0\" itemprop=\"image\"\/>\n\t\t<h3>Misi\u00f3n en general<\/h3>\t\t\t\n\t\t\t\t<p>Los expertos le mostrar\u00e1n c\u00f3mo la misi\u00f3n actual abre nuevas posibilidades de intercambio y encuentro mutuo a la altura de los ojos.<\/p>\n<a href=\"mailto:Monika.DiPietrantonio@mission-21.org\" target=\"_blank\" rel=\"noopener\">\u25ba Reservar una conferencia<\/a>\t\t\t\n\t\t\t\t<img decoding=\"async\" src=\"https:\/\/www.mission-21.org\/wp-content\/uploads\/2022\/10\/csm_symbolbild__bildung_8b00b43a5c.jpg\" alt=\"csm symbol image education 8b00b43a5c\" title=\"csm_Symbolbild__Bildung_8b00b43a5c\" itemprop=\"image\"\/>\n\t\t<h3>Educaci\u00f3n<\/h3>\t\t\t\n\t\t\t\t<p>A trav\u00e9s de la educaci\u00f3n, las personas pueden dar forma a sus propias vidas y asumir responsabilidades. Los expertos ofrecen una visi\u00f3n de los proyectos educativos de Mission 21.<\/p>\n<a href=\"mailto:Monika.DiPietrantonio@mission-21.org\" target=\"_blank\" rel=\"noopener\">\u25ba Reservar una conferencia<\/a>\t\t\t\n\t\t\t\t<img decoding=\"async\" src=\"https:\/\/www.mission-21.org\/wp-content\/uploads\/2022\/10\/csm_bolivien_landw._exist._420.1016_01_c7ac4b1415.jpg\" alt=\"csm bolivia agric. exist. 420.1016 01 c7ac4b1415\" title=\"csm_Bolivien_Landw._Exist._420.1016_01_c7ac4b1415\" itemprop=\"image\"\/>\n\t\t<h3>Soberan\u00eda alimentaria<\/h3>\t\t\t\n\t\t\t\t<p>Alrededor de 870 millones de personas pasan hambre en el mundo. Mostramos d\u00f3nde y c\u00f3mo trabaja Misi\u00f3n 21 por la soberan\u00eda alimentaria.<\/p>\n<a href=\"mailto:Monika.DiPietrantonio@mission-21.org\" target=\"_blank\" rel=\"noopener\">\u25ba Reservar una conferencia<\/a>\t\t\t\n\t\t\t\t<img decoding=\"async\" src=\"https:\/\/www.mission-21.org\/wp-content\/uploads\/2022\/10\/csm_symbolbild_frieden_6ff4fa580e.jpg\" alt=\"csm symbol image peace 6ff4fa580e\" title=\"csm_icon_image_peace_6ff4fa580e\" itemprop=\"image\"\/>\n\t\t<h3>Construcci\u00f3n de la paz<\/h3>\t\t\t\n\t\t\t\t<p>Muchos conflictos tienen un contexto religioso o \u00e9tnico. Los expertos le dar\u00e1n una visi\u00f3n de la larga labor de paz de Mission 21.<\/p>\n<a href=\"mailto:Monika.DiPietrantonio@mission-21.org\" target=\"_blank\" rel=\"noopener\">\u25ba Reservar una conferencia<\/a>\t\t\t\n\t\t\t\t<img decoding=\"async\" src=\"https:\/\/www.mission-21.org\/wp-content\/uploads\/2022\/10\/csm_symbolbild_gesundheit_3e68e5667a.jpg\" alt=\"s\u00edmbolo csm imagen salud 3e68e5667a\" title=\"csm_symbol_health_3e68e5667a\" itemprop=\"image\"\/>\n\t\t<h3>Salud<\/h3>\t\t\t\n\t\t\t\t<p>La salud es un derecho humano. Mission 21 permite a los habitantes de zonas rurales remotas, en particular, tener acceso a la atenci\u00f3n m\u00e9dica b\u00e1sica. Estaremos encantados de ofrecerle una visi\u00f3n.<\/p>\n<a href=\"mailto:Monika.DiPietrantonio@mission-21.org\" target=\"_blank\" rel=\"noopener\">\u25ba Reservar una conferencia<\/a>\t\t\t\n\t\t\t\t<img decoding=\"async\" src=\"https:\/\/www.mission-21.org\/wp-content\/uploads\/2022\/10\/csm_rith_4ce1dbda82.jpg\" alt=\"csm rith 4ce1dbda82\" title=\"csm_rith_4ce1dbda82\" itemprop=\"image\"\/>\n\t\t<h3>\u00bfQuiere saber m\u00e1s sobre un proyecto?<\/h3>\t\t\t\n\t\t\t\t<p>Nuestros responsables de programas o el personal internacional estar\u00e1n encantados de informarle sobre el trabajo in situ.<\/p>\n<p><a href=\"https:\/\/www.mission-21.org\/es\/que-hacemos\/proyectos-y-socios\/\">\u25ba a los proyectos<\/a><\/p>\n<a href=\"mailto:Monika.DiPietrantonio@mission-21.org\" target=\"_blank\" rel=\"noopener\">\u25ba Reservar una conferencia<\/a>\t\t\t\n\t\t\t\t<img decoding=\"async\" src=\"https:\/\/www.mission-21.org\/wp-content\/uploads\/2022\/10\/csm_indonesien_friede_225.1008_03_6f41292b3c.jpg\" alt=\"csm indonesia peace 225.1008 03 6f41292b3c\" title=\"csm_Indonesien_Friede_225.1008_03_6f41292b3c\" itemprop=\"image\"\/>\n\t\t<h3>Igualdad de g\u00e9nero<\/h3>\t\t\t\n\t\t\t\t<p>Muchas mujeres y ni\u00f1as sufren discriminaci\u00f3n y violencia a causa de su g\u00e9nero. Mission 21 est\u00e1 comprometida con la igualdad de g\u00e9nero a varios niveles.\u00a0<\/p>\n<a href=\"mailto:Monika.DiPietrantonio@mission-21.org\" target=\"_blank\" rel=\"noopener\">\u25ba Reservar una conferencia<\/a>\t\t\t\n\t\t\t\t<img decoding=\"async\" src=\"https:\/\/www.mission-21.org\/wp-content\/uploads\/2022\/10\/csm_pep__840.1020_01_824ab9e0c4.jpg\" alt=\"csm pep 840.1020 01 824ab9e0c4\" title=\"csm_PEP__840.1020_01_824ab9e0c4\" itemprop=\"image\"\/>\n\t\t<h3>\u00bfEst\u00e1 interesado en un pa\u00eds concreto?<\/h3>\t\t\t\n\t\t\t\t<p>Estaremos encantados de asesorarle y organizar una presentaci\u00f3n de un especialista sobre el pa\u00eds del proyecto que usted elija.<\/p>\n<p><a href=\"https:\/\/www.mission-21.org\/es\/que-hacemos\/paises-del-proyecto\/\">\u25ba a la visi\u00f3n general del pa\u00eds<\/a><\/p>\n<a href=\"mailto:Monika.DiPietrantonio@mission-21.org\" target=\"_blank\" rel=\"noopener\">\u25ba Reservar una conferencia<\/a>","protected":false},"excerpt":{"rendered":"<p>Spenden Gerne kommen wir bei Ihnen vorbei. Die Fachpersonen von Mission 21 geben Ihnen einen anschaulichen Einblick in unsere Wirkungsbereiche Friedensf\u00f6rderung, Bildung, Bildung f\u00fcr den sozialen Wandel, Gesundheit oder Ern\u00e4hrungssouver\u00e4nit\u00e4t. Wir informieren \u00fcber unsere humanit\u00e4re Hilfe und den Einsatz f\u00fcr Gendergerechtigkeit sowie f\u00fcr Good Governance und Menschenrechte in allen unserer Projekten. Wir stellen die Projektarbeit [&hellip;]<\/p>\n","protected":false},"author":1,"featured_media":3231,"parent":205,"menu_order":0,"comment_status":"closed","ping_status":"closed","template":"","meta":{"_acf_changed":false,"_seopress_robots_primary_cat":"","_seopress_titles_title":"","_seopress_titles_desc":"","_seopress_robots_index":"","_searchwp_excluded":"","site-sidebar-layout":"default","site-content-layout":"","ast-site-content-layout":"default","site-content-style":"default","site-sidebar-style":"default","ast-global-header-display":"","ast-banner-title-visibility":"","ast-main-header-display":"","ast-hfb-above-header-display":"","ast-hfb-below-header-display":"","ast-hfb-mobile-header-display":"","site-post-title":"","ast-breadcrumbs-content":"","ast-featured-img":"","footer-sml-layout":"","ast-disable-related-posts":"","theme-transparent-header-meta":"","adv-header-id-meta":"","stick-header-meta":"","header-above-stick-meta":"","header-main-stick-meta":"","header-below-stick-meta":"","astra-migrate-meta-layouts":"set","ast-page-background-enabled":"default","ast-page-background-meta":{"desktop":{"background-color":"var(--ast-global-color-4)","background-image":"","background-repeat":"repeat","background-position":"center center","background-size":"auto","background-attachment":"scroll","background-type":"","background-media":"","overlay-type":"","overlay-color":"","overlay-opacity":"","overlay-gradient":""},"tablet":{"background-color":"","background-image":"","background-repeat":"repeat","background-position":"center center","background-size":"auto","background-attachment":"scroll","background-type":"","background-media":"","overlay-type":"","overlay-color":"","overlay-opacity":"","overlay-gradient":""},"mobile":{"background-color":"","background-image":"","background-repeat":"repeat","background-position":"center center","background-size":"auto","background-attachment":"scroll","background-type":"","background-media":"","overlay-type":"","overlay-color":"","overlay-opacity":"","overlay-gradient":""}},"ast-content-background-meta":{"desktop":{"background-color":"var(--ast-global-color-5)","background-image":"","background-repeat":"repeat","background-position":"center center","background-size":"auto","background-attachment":"scroll","background-type":"","background-media":"","overlay-type":"","overlay-color":"","overlay-opacity":"","overlay-gradient":""},"tablet":{"background-color":"var(--ast-global-color-5)","background-image":"","background-repeat":"repeat","background-position":"center center","background-size":"auto","background-attachment":"scroll","background-type":"","background-media":"","overlay-type":"","overlay-color":"","overlay-opacity":"","overlay-gradient":""},"mobile":{"background-color":"var(--ast-global-color-5)","background-image":"","background-repeat":"repeat","background-position":"center center","background-size":"auto","background-attachment":"scroll","background-type":"","background-media":"","overlay-type":"","overlay-color":"","overlay-opacity":"","overlay-gradient":""}},"iawp_total_views":990,"footnotes":""},"hf_cat_page":[300],"class_list":["post-3229","page","type-page","status-publish","has-post-thumbnail"],"acf":[],"_links":{"self":[{"href":"https:\/\/www.mission-21.org\/es\/wp-json\/wp\/v2\/pages\/3229","targetHints":{"allow":["GET"]}}],"collection":[{"href":"https:\/\/www.mission-21.org\/es\/wp-json\/wp\/v2\/pages"}],"about":[{"href":"https:\/\/www.mission-21.org\/es\/wp-json\/wp\/v2\/types\/page"}],"author":[{"embeddable":true,"href":"https:\/\/www.mission-21.org\/es\/wp-json\/wp\/v2\/users\/1"}],"replies":[{"embeddable":true,"href":"https:\/\/www.mission-21.org\/es\/wp-json\/wp\/v2\/comments?post=3229"}],"version-history":[{"count":11,"href":"https:\/\/www.mission-21.org\/es\/wp-json\/wp\/v2\/pages\/3229\/revisions"}],"predecessor-version":[{"id":17809,"href":"https:\/\/www.mission-21.org\/es\/wp-json\/wp\/v2\/pages\/3229\/revisions\/17809"}],"up":[{"embeddable":true,"href":"https:\/\/www.mission-21.org\/es\/wp-json\/wp\/v2\/pages\/205"}],"wp:featuredmedia":[{"embeddable":true,"href":"https:\/\/www.mission-21.org\/es\/wp-json\/wp\/v2\/media\/3231"}],"wp:attachment":[{"href":"https:\/\/www.mission-21.org\/es\/wp-json\/wp\/v2\/media?parent=3229"}],"wp:term":[{"taxonomy":"hf_cat_page","embeddable":true,"href":"https:\/\/www.mission-21.org\/es\/wp-json\/wp\/v2\/hf_cat_page?post=3229"}],"curies":[{"name":"wp","href":"https:\/\/api.w.org\/{rel}","templated":true}]}}