{"id":3257,"date":"2022-09-29T21:29:52","date_gmt":"2022-09-29T19:29:52","guid":{"rendered":"https:\/\/www.mission-21.org\/?page_id=3257"},"modified":"2025-11-12T14:44:39","modified_gmt":"2025-11-12T13:44:39","slug":"investigacion","status":"publish","type":"page","link":"https:\/\/www.mission-21.org\/es\/was-wir-tun\/forschung\/","title":{"rendered":"Investigaci\u00f3n"},"content":{"rendered":"<img decoding=\"async\" src=\"https:\/\/www.mission-21.org\/wp-content\/uploads\/2022\/08\/csm_header_news_d521d70e38.jpeg\" alt=\"csm header news d521d70e38\" itemprop=\"image\" height=\"688\" width=\"1680\" title=\"csm_Header_News_d521d70e38\" onerror=\"this.style.display='none'\" loading='lazy' \/>\n\t<div class=\"fl-builder-content fl-builder-content-3660 fl-builder-template fl-builder-module-template fl-builder-global-templates-locked\" data-post-id=\"3660\"><div class=\"fl-module fl-module-pp-toc fl-node-xrvkwe8ihtn6 toc\" data-node=\"xrvkwe8ihtn6\">\n\t<div class=\"fl-module-content fl-node-content\">\n\t\t<div class=\"pp-toc-container\">\n\t\n\t<div class=\"pp-toc-body\">\n\t\t\t\t\t<ul class=\"pp-toc-list-wrapper pp-toc-list-icon\"><\/ul>\n\t\t\t\t<\/div>\n<\/div>\n\n\t<\/div>\n<\/div>\n<\/div><div class=\"uabb-js-breakpoint\" style=\"display: none;\"><\/div>\n\t\t\t<a href=\"\/es\/donar\/\" title=\"Pulse aqu\u00ed\" target=\"_self\"   role=\"button\" aria-label=\"Donaciones\">\n\t\t\t\t\t\t\tDonaciones\n\t\t\t\t\t\t\t\t\t<img decoding=\"async\" src=\"https:\/\/www.mission-21.org\/wp-content\/uploads\/2022\/08\/csm_heat-icon_b1dbd40167.png\"\/>\n\t\t<\/a>\n\t\t\t\t<img decoding=\"async\" src=\"https:\/\/www.mission-21.org\/wp-content\/uploads\/2022\/09\/csm_header_archiv_2218aa9794.jpg\" alt=\"archivo de cabecera csm 2218aa9794\" title=\"csm_Header_Archiv_2218aa9794\" itemprop=\"image\"\/>\n\t\t\t<h2>Archivo de investigaci\u00f3n<\/h2>\t\t\t\n\t\t\t\t<p>Aqu\u00ed encontrar\u00e1 informaci\u00f3n de servicio sobre las \u00e1reas tem\u00e1ticas, los horarios de apertura y el uso de la sala de lectura, as\u00ed como consejos e informaci\u00f3n de uso sobre el digital<a href=\"http:\/\/www.bmarchives.org\/\" target=\"_blank\" rel=\"noopener\"> Archivo en l\u00ednea bmarchives<\/a>. La colecci\u00f3n fotogr\u00e1fica \u00fanica sobre la historia de la Misi\u00f3n de Basilea, as\u00ed como los mapas y planos, son accesibles en l\u00ednea en el sitio web bmarchives.<\/p>\n<p><a href=\"https:\/\/www.mission-21.org\/es\/que-hacemos\/investigacion\/archivo-de-investigacion\/\">\u25ba M\u00e1s informaci\u00f3n sobre el archivo<\/a><br \/><a href=\"http:\/\/www.bmarchives.org\/\" target=\"_blank\" rel=\"noopener\">\u25ba Colecci\u00f3n de fotos digitales <em>bmarchives<\/em><\/a><\/p>","protected":false},"excerpt":{"rendered":"<p>Donaciones Archivo de investigaci\u00f3n Aqu\u00ed encontrar\u00e1 informaci\u00f3n de servicio sobre las \u00e1reas tem\u00e1ticas, los horarios de apertura y el uso de la sala de lectura, as\u00ed como consejos e informaci\u00f3n de uso sobre el archivo digital en l\u00ednea bmarchives. La colecci\u00f3n fotogr\u00e1fica \u00fanica sobre la historia de la Misi\u00f3n de Basilea, as\u00ed como mapas y planos, son accesibles en l\u00ednea en el sitio web bmarchives. \u25ba M\u00e1s informaci\u00f3n sobre el archivo\u25ba colecci\u00f3n fotogr\u00e1fica digital bmarchives...<\/p>","protected":false},"author":1,"featured_media":3259,"parent":205,"menu_order":0,"comment_status":"closed","ping_status":"closed","template":"","meta":{"_acf_changed":false,"_seopress_robots_primary_cat":"","_seopress_titles_title":"","_seopress_titles_desc":"","_seopress_robots_index":"","_searchwp_excluded":"","site-sidebar-layout":"default","site-content-layout":"","ast-site-content-layout":"default","site-content-style":"default","site-sidebar-style":"default","ast-global-header-display":"","ast-banner-title-visibility":"","ast-main-header-display":"","ast-hfb-above-header-display":"","ast-hfb-below-header-display":"","ast-hfb-mobile-header-display":"","site-post-title":"","ast-breadcrumbs-content":"","ast-featured-img":"","footer-sml-layout":"","ast-disable-related-posts":"","theme-transparent-header-meta":"","adv-header-id-meta":"","stick-header-meta":"","header-above-stick-meta":"","header-main-stick-meta":"","header-below-stick-meta":"","astra-migrate-meta-layouts":"set","ast-page-background-enabled":"default","ast-page-background-meta":{"desktop":{"background-color":"var(--ast-global-color-4)","background-image":"","background-repeat":"repeat","background-position":"center center","background-size":"auto","background-attachment":"scroll","background-type":"","background-media":"","overlay-type":"","overlay-color":"","overlay-opacity":"","overlay-gradient":""},"tablet":{"background-color":"","background-image":"","background-repeat":"repeat","background-position":"center center","background-size":"auto","background-attachment":"scroll","background-type":"","background-media":"","overlay-type":"","overlay-color":"","overlay-opacity":"","overlay-gradient":""},"mobile":{"background-color":"","background-image":"","background-repeat":"repeat","background-position":"center center","background-size":"auto","background-attachment":"scroll","background-type":"","background-media":"","overlay-type":"","overlay-color":"","overlay-opacity":"","overlay-gradient":""}},"ast-content-background-meta":{"desktop":{"background-color":"var(--ast-global-color-5)","background-image":"","background-repeat":"repeat","background-position":"center center","background-size":"auto","background-attachment":"scroll","background-type":"","background-media":"","overlay-type":"","overlay-color":"","overlay-opacity":"","overlay-gradient":""},"tablet":{"background-color":"var(--ast-global-color-5)","background-image":"","background-repeat":"repeat","background-position":"center center","background-size":"auto","background-attachment":"scroll","background-type":"","background-media":"","overlay-type":"","overlay-color":"","overlay-opacity":"","overlay-gradient":""},"mobile":{"background-color":"var(--ast-global-color-5)","background-image":"","background-repeat":"repeat","background-position":"center center","background-size":"auto","background-attachment":"scroll","background-type":"","background-media":"","overlay-type":"","overlay-color":"","overlay-opacity":"","overlay-gradient":""}},"iawp_total_views":1465,"footnotes":""},"hf_cat_page":[300],"class_list":["post-3257","page","type-page","status-publish","has-post-thumbnail"],"acf":[],"_links":{"self":[{"href":"https:\/\/www.mission-21.org\/es\/wp-json\/wp\/v2\/pages\/3257","targetHints":{"allow":["GET"]}}],"collection":[{"href":"https:\/\/www.mission-21.org\/es\/wp-json\/wp\/v2\/pages"}],"about":[{"href":"https:\/\/www.mission-21.org\/es\/wp-json\/wp\/v2\/types\/page"}],"author":[{"embeddable":true,"href":"https:\/\/www.mission-21.org\/es\/wp-json\/wp\/v2\/users\/1"}],"replies":[{"embeddable":true,"href":"https:\/\/www.mission-21.org\/es\/wp-json\/wp\/v2\/comments?post=3257"}],"version-history":[{"count":11,"href":"https:\/\/www.mission-21.org\/es\/wp-json\/wp\/v2\/pages\/3257\/revisions"}],"predecessor-version":[{"id":19129,"href":"https:\/\/www.mission-21.org\/es\/wp-json\/wp\/v2\/pages\/3257\/revisions\/19129"}],"up":[{"embeddable":true,"href":"https:\/\/www.mission-21.org\/es\/wp-json\/wp\/v2\/pages\/205"}],"wp:featuredmedia":[{"embeddable":true,"href":"https:\/\/www.mission-21.org\/es\/wp-json\/wp\/v2\/media\/3259"}],"wp:attachment":[{"href":"https:\/\/www.mission-21.org\/es\/wp-json\/wp\/v2\/media?parent=3257"}],"wp:term":[{"taxonomy":"hf_cat_page","embeddable":true,"href":"https:\/\/www.mission-21.org\/es\/wp-json\/wp\/v2\/hf_cat_page?post=3257"}],"curies":[{"name":"wp","href":"https:\/\/api.w.org\/{rel}","templated":true}]}}