{"id":3284,"date":"2022-09-30T08:22:52","date_gmt":"2022-09-30T06:22:52","guid":{"rendered":"https:\/\/www.mission-21.org\/?page_id=3284"},"modified":"2022-10-21T21:32:51","modified_gmt":"2022-10-21T19:32:51","slug":"escuela-de-verano-2021-2","status":"publish","type":"page","link":"https:\/\/www.mission-21.org\/es\/was-wir-tun\/summer-school-2021\/","title":{"rendered":"Escuela de verano en l\u00ednea 2021"},"content":{"rendered":"<img decoding=\"async\" src=\"https:\/\/www.mission-21.org\/wp-content\/uploads\/2022\/08\/csm_header_news_d521d70e38.jpeg\" alt=\"csm header news d521d70e38\" itemprop=\"image\" height=\"688\" width=\"1680\" title=\"csm_Header_News_d521d70e38\" onerror=\"this.style.display='none'\"  \/>\n\t<div class=\"fl-builder-content fl-builder-content-3660 fl-builder-template fl-builder-module-template fl-builder-global-templates-locked\" data-post-id=\"3660\"><div class=\"fl-module fl-module-pp-toc fl-node-xrvkwe8ihtn6 toc\" data-node=\"xrvkwe8ihtn6\">\n\t<div class=\"fl-module-content fl-node-content\">\n\t\t<div class=\"pp-toc-container\">\n\t\n\t<div class=\"pp-toc-body\">\n\t\t\t\t\t<ul class=\"pp-toc-list-wrapper pp-toc-list-icon\"><\/ul>\n\t\t\t\t<\/div>\n<\/div>\n\n\t<\/div>\n<\/div>\n<\/div><div class=\"uabb-js-breakpoint\" style=\"display: none;\"><\/div>\n\t\t\t<h2>Sesi\u00f3n 1<\/h2>\t\t\t\n\t\t\t\tEl racismo en la historia de las misiones y su impacto en las iglesias de hoy, con especial atenci\u00f3n a \u00c1frica y Asia<br \/>\nS\u00e1bado, 11 de septiembre de 2021\n\t\t\t\t\t<a href=\"\"><img decoding=\"async\" src=\"https:\/\/i.vimeocdn.com\/portrait\/75431195_300x300?subrect=99%2C99%2C1308%2C1308&#038;r=cover\"\/><\/a>\n\t\t\t\t\t\t\t<a href=\"\">Escuela de Verano 2021 - Sesi\u00f3n 1<\/a>\n\t\t\t\t\t\t\tde  <a href=\"\">Mission 21<\/a>\n\t\t\t\t\t<img decoding=\"async\" src=\"https:\/\/i.vimeocdn.com\/video\/1261082107-4b769db930c60cbabfd331091b7bd25bd6a48849f270ab929_840\" alt=\"vimeo-video-thumbnail\"\/>\n\t<h4>Charlas<\/h4>\n<ul>\n<li>Percepci\u00f3n de los ind\u00edgenas africanos de una misi\u00f3n europea en \u00c1frica<br \/>\nRev. Dr. Abraham Nana Opare Kwakye, Universidad de Ghana, Accra<br \/>\n<a href=\"https:\/\/www.mission-21.org\/fileadmin\/Webseite_Mission_21\/Veranstaltungen\/2021\/2021-09_Summer_School\/PDFs\/Papers\/Paper_Nana_Kwaye_EN.pdf\">Papel (PDF, EN)<\/a><br \/>\n<a href=\"https:\/\/www.mission-21.org\/fileadmin\/Webseite_Mission_21\/Veranstaltungen\/2021\/2021-09_Summer_School\/PDFs\/Papers\/Paper_Nana_Kwaye_ES.pdf\">Papel (PDF, ES)<\/a><\/li>\n<\/ul>\n\t<ul>\n<li>Encuentro de los misioneros con el racismo y el casticismo: una perspectiva india<br \/>\nRev. Prof. Dr. P. T. George, United Theological College, Bangalore, India<br \/>\n<a href=\"https:\/\/www.mission-21.org\/fileadmin\/Webseite_Mission_21\/Veranstaltungen\/2021\/2021-09_Summer_School\/PDFs\/Papers\/Paper_PT_George_EN.pdf\">Papel (PDF, EN)<\/a><br \/>\n<a href=\"https:\/\/www.mission-21.org\/fileadmin\/Webseite_Mission_21\/Veranstaltungen\/2021\/2021-09_Summer_School\/PDFs\/Papers\/Paper_PTGeorge_ES.pdf\">Papel (PDF, ES)<\/a><\/li>\n<\/ul>\n\t\t\t\t\t<a href=\"#\" id=\"fl-accordion--label-0\" tabindex=\"0\" aria-controls=\"fl-accordion--panel-0\">Entradas (PDF)<\/a>\n\t\t\t\t\t\t\t\t\t\t\t<a href=\"#\" id=\"fl-accordion--icon-0\" tabindex=\"0\" aria-controls=\"fl-accordion--panel-0\"><i>Ampliar<\/i><\/a>\n<ul>\n<li><a href=\"https:\/\/www.mission-21.org\/fileadmin\/Webseite_Mission_21\/Veranstaltungen\/2021\/2021-09_Summer_School\/PDFs\/Inputs\/Input_Felix_Kang_Cameroon_Racism_in_the_context_of_PCC_EN.pdf\">Rev. Dr. Felix Kang Esoh, Seminario Teol\u00f3gico Presbiteriano, Kumba, Camer\u00fan<\/a><\/li>\n<li><a href=\"https:\/\/www.mission-21.org\/fileadmin\/Webseite_Mission_21\/Veranstaltungen\/2021\/2021-09_Summer_School\/PDFs\/Inputs\/Input_Bouba_Mbima_Cameroon_Racism_and_the_Church_EN.pdf\">Rev. Prof. Dr. Bouba Mbima, Universit\u00e9 Protestante de l'Afrique Centrale, Yaund\u00e9, Camer\u00fan<\/a><\/li>\n<li><a href=\"https:\/\/www.mission-21.org\/fileadmin\/Webseite_Mission_21\/Veranstaltungen\/2021\/2021-09_Summer_School\/PDFs\/Inputs\/Input_Dauda_A_Gava_Nigeria_Tribalism_and_ethnicity_as_canker_worm_EN.pdf\">Rev. Prof. Adjunto Dr. Dauda A. Gava, Seminario Teol\u00f3gico EYN Kulp, Nigeria<\/a><\/li>\n<li><a href=\"https:\/\/www.mission-21.org\/fileadmin\/Webseite_Mission_21\/Veranstaltungen\/2021\/2021-09_Summer_School\/PDFs\/Inputs\/Input_Tong_Wing-Sze_Hong_Kong_Early_Swiss-Chinese_Encounter_EN.pdf\">Dr. Tong Wing-sze, Colegio Chung Chi, Universidad China de Hong Kong, China<\/a><\/li>\n<li><a href=\"https:\/\/www.mission-21.org\/fileadmin\/Webseite_Mission_21\/Veranstaltungen\/2021\/2021-09_Summer_School\/PDFs\/Inputs\/Input_Yusak_Setyawan_Indonesia_Transforming_Christian_Mission_EN.pdf\">Rev. Dr. Yusak B. Setyawan, PERSETIA, Yakarta, Indonesia<\/a><\/li>\n<li><a href=\"https:\/\/www.mission-21.org\/fileadmin\/Webseite_Mission_21\/Veranstaltungen\/2021\/2021-09_Summer_School\/Dossier\/Inputs\/Session_1\/Input_AS_Judy_Berinai_Malaysia_EN.pdf\">Judy Berinai, Seminario Teol\u00f3gico de Sabah, Kota Kinabalu, Malasia<\/a><\/li>\n<\/ul>\n\t\t\t<h2>Sesi\u00f3n 2<\/h2>\t\t\t\n\t\t\t\tAspectos del racismo en las relaciones entre las iglesias, con especial atenci\u00f3n a Europa y Am\u00e9rica Latina<br \/>\nMartes, 14 de septiembre de 2021\n\t\t\t\t\t<a href=\"\"><img decoding=\"async\" src=\"https:\/\/i.vimeocdn.com\/portrait\/75431195_300x300?subrect=99%2C99%2C1308%2C1308&#038;r=cover\"\/><\/a>\n\t\t\t\t\t\t\t<a href=\"\">Escuela de Verano 2021 - Sesi\u00f3n 2<\/a>\n\t\t\t\t\t\t\tde  <a href=\"\">Mission 21<\/a>\n\t\t\t\t\t<img decoding=\"async\" src=\"https:\/\/i.vimeocdn.com\/video\/1261084557-ece65709bbdeb3bc304c997ae95d92b8c7b4bb39677afb139_840\" alt=\"vimeo-video-thumbnail\"\/>\n\t<h4>Charlas<\/h4>\n<ul>\n<li>\"\u00bfEs m\u00e1s f\u00e1cil 'irse'?\" Las complejidades de la Iglesia protestante en Europa y la misi\u00f3n migratoria<br \/>\nRev. Dr. Winelle Kirton-Roberts, Moravian Fellowship Ginebra, Suiza<br \/>\n<a href=\"https:\/\/www.mission-21.org\/fileadmin\/Webseite_Mission_21\/Veranstaltungen\/2021\/2021-09_Summer_School\/PDFs\/Papers\/Talk_Winelle_Kirton_Roberts-EN.pdf\">Papel (PDF, EN)<\/a><br \/>\n<a href=\"https:\/\/www.mission-21.org\/fileadmin\/Webseite_Mission_21\/Veranstaltungen\/2021\/2021-09_Summer_School\/PDFs\/Papers\/Winelle_Kirton_Roberts_PPP_Presentation.pdf\">Presentaci\u00f3n (PDF, EN)<\/a><\/li>\n<\/ul>\n\t<ul>\n<li>De la colonialidad a la interculturalidad de la teolog\u00eda: una mirada feminista al racismo en el \u00e1mbito religioso<br \/>\nProf. Dra. Mar\u00eda Cristina Tirsa Ventura, Universidad Nacional de Costa Rica, San Jos\u00e9<br \/>\n<a href=\"https:\/\/www.mission-21.org\/fileadmin\/Webseite_Mission_21\/Veranstaltungen\/2021\/2021-09_Summer_School\/Dossier\/Talks\/Session_2\/Talk_LA__Maria_Cristina_Ventura_Translation_EN.pdf\">Papel (PDF, EN)<\/a><br \/>\n<a href=\"https:\/\/www.mission-21.org\/fileadmin\/Webseite_Mission_21\/Veranstaltungen\/2021\/2021-09_Summer_School\/Dossier\/Talks\/Session_2\/Talk_LA_Maria_Cristina_Ventura_Original_ES.pdf\">Papel (PDF, ES)<\/a><\/li>\n<\/ul>\n\t\t\t\t\t<a href=\"#\" id=\"fl-accordion--label-0\" tabindex=\"0\" aria-controls=\"fl-accordion--panel-0\">Entradas (PDF)<\/a>\n\t\t\t\t\t\t\t\t\t\t\t<a href=\"#\" id=\"fl-accordion--icon-0\" tabindex=\"0\" aria-controls=\"fl-accordion--panel-0\"><i>Ampliar<\/i><\/a>\n<ul>\n<li><a href=\"https:\/\/www.mission-21.org\/fileadmin\/Webseite_Mission_21\/Veranstaltungen\/2021\/2021-09_Summer_School\/Dossier\/Inputs\/Session_2\/Input_EU_Almut_Nothnagle_D_EN.pdf\">Rev. Dr. Almut Nothnagle, Evangelical Mission Worldwide, Hamburgo, Alemania<\/a><\/li>\n<li><a href=\"https:\/\/www.mission-21.org\/fileadmin\/Webseite_Mission_21\/Veranstaltungen\/2021\/2021-09_Summer_School\/Dossier\/Inputs\/Session_2\/Input_EU_Ravinder_Salooja_D_EN.pdf\">Rev. Ravinder Salooja, Misi\u00f3n de Leipzig, Leipzig, Alemania<\/a><\/li>\n<li><a href=\"https:\/\/www.mission-21.org\/fileadmin\/Webseite_Mission_21\/Veranstaltungen\/2021\/2021-09_Summer_School\/Dossier\/Inputs\/Session_2\/Input_EU_Josefina_Hurtado_CH_EN-ES.pdf\">Josefina Hurtado, Misi\u00f3n 21, Basilea<\/a><\/li>\n<li><a href=\"https:\/\/www.mission-21.org\/fileadmin\/Webseite_Mission_21\/Veranstaltungen\/2021\/2021-09_Summer_School\/Dossier\/Inputs\/Session_2\/Input_EU_Nicolas_Monnier_CH_EN.pdf\">Rev. Nicolas Monnier, D\u00e9partement Missionnaire, Lausana, Suiza<\/a><\/li>\n<li><a href=\"https:\/\/www.mission-21.org\/fileadmin\/Webseite_Mission_21\/Veranstaltungen\/2021\/2021-09_Summer_School\/Dossier\/Inputs\/Session_2\/Input_LA_Daniel_Godoy_Chile_Translation_EN.pdf\">Prof. Dr. Daniel Godoy, Comunidad Teol\u00f3gica Evang\u00e9lica de Chile<\/a><\/li>\n<li><a href=\"https:\/\/www.mission-21.org\/fileadmin\/Webseite_Mission_21\/Veranstaltungen\/2021\/2021-09_Summer_School\/Dossier\/Inputs\/Session_2\/Input_LA_Karla_Koll_Costa_Rica_EN.pdf\">Prof. Dra. Karla Koll, Universidad B\u00edblica Latinoamericana, San Jos\u00e9, Costa Rica<\/a><\/li>\n<li><a href=\"https:\/\/www.mission-21.org\/fileadmin\/Webseite_Mission_21\/Veranstaltungen\/2021\/2021-09_Summer_School\/Dossier\/Inputs\/Session_2\/Input_LA_Ortega_Gonzales_Cuba_EN.pdf\">Rev. Ofelia Ortega y Moraima Gonz\u00e1les, coordinadoras del trabajo de ICEG, Cuba<\/a><\/li>\n<li><a href=\"https:\/\/www.mission-21.org\/fileadmin\/Webseite_Mission_21\/Veranstaltungen\/2021\/2021-09_Summer_School\/Dossier\/Inputs\/Session_2\/Input_LA_Ulloa_Mexico_Translation_EN.pdf\">Rev. Javier Ulloa Castellanos, Director General del Seminario Bautista de M\u00e9xico<\/a><\/li>\n<\/ul>\n\t\t\t<h2>Sesi\u00f3n 3<\/h2>\t\t\t\n\t\t\t\t<p>Aprender de la historia para hacer frente al racismo y la discriminaci\u00f3n en la actualidad<br \/>Viernes, 17 de septiembre de 2021<\/p>\n\t\t\t\t\t<a href=\"\"><img decoding=\"async\" src=\"https:\/\/i.vimeocdn.com\/portrait\/75431195_300x300?subrect=99%2C99%2C1308%2C1308&#038;r=cover\"\/><\/a>\n\t\t\t\t\t\t\t<a href=\"\">Escuela de Verano 2021 - Sesi\u00f3n 3<\/a>\n\t\t\t\t\t\t\tde  <a href=\"\">Mission 21<\/a>\n\t\t\t\t\t<img decoding=\"async\" src=\"https:\/\/i.vimeocdn.com\/video\/1261091642-1aef0020391b7b88e9fede4e7d5f60b0c29783d00d6fe435e_840\" alt=\"vimeo-video-thumbnail\"\/>\n\t<h4>Mesa redonda<\/h4>\n<ul>\n<li><a href=\"https:\/\/www.mission-21.org\/fileadmin\/Webseite_Mission_21\/Veranstaltungen\/2021\/2021-09_Summer_School\/Dossier\/Panel_Discussion\/Praes_Panel_Discussion_Summary_Pictures.pdf\">Resumen de la imagen<\/a><\/li>\n<\/ul>\n<h4>Charlas<\/h4>\n<ul>\n<li>La verdadera reconciliaci\u00f3n: \u00bfC\u00f3mo tratar el racismo en la Iglesia?<br \/>\nRev. Dr. Scotty Williams, Iglesia Protestante de las Almas, San Gall, Suiza<br \/>\n<a href=\"https:\/\/www.mission-21.org\/fileadmin\/Webseite_Mission_21\/Veranstaltungen\/2021\/2021-09_Summer_School\/Dossier\/Talks\/Session_3\/Talk_Scotty_Williams_CH_EN.pdf\">Papel (PDF)<\/a><\/li>\n<\/ul>\n<h2>\n\t\tInformes\n\t<\/h2>\n\t\t\t<h3>SRF - Perspectivas<\/h3>\t\t\t\n\t\t\t\t<p>25 de septiembre de 2021<\/p>\n\t<iframe width=\"560\" height=\"315\" src=\"https:\/\/www.srf.ch\/play\/embed?urn=urn:srf:audio:5dde693d-de1d-4a18-ad96-42c04c968763&#038;subdivisions=false\" allowfullscreen allow=\"geolocation *; autoplay; encrypted-media\"><\/iframe>","protected":false},"excerpt":{"rendered":"<p>Session 1 Rassismus in der Missionsgeschichte und seine Auswirkungen auf die Kirchen heute, mit Schwerpunkt auf Afrika und Asien Samstag, 11. September 2021 Summer School 2021 &#8211; Session 1 from Mission 21 Talks Indigenous African Perceptions of a European Mission in Africa Rev. Dr. Abraham Nana Opare Kwakye, University of Ghana, Accra Paper (PDF, EN) [&hellip;]<\/p>\n","protected":false},"author":1,"featured_media":3286,"parent":205,"menu_order":0,"comment_status":"closed","ping_status":"closed","template":"","meta":{"_acf_changed":false,"_seopress_robots_primary_cat":"","_seopress_titles_title":"","_seopress_titles_desc":"","_seopress_robots_index":"","_searchwp_excluded":"","site-sidebar-layout":"default","site-content-layout":"","ast-site-content-layout":"default","site-content-style":"default","site-sidebar-style":"default","ast-global-header-display":"","ast-banner-title-visibility":"","ast-main-header-display":"","ast-hfb-above-header-display":"","ast-hfb-below-header-display":"","ast-hfb-mobile-header-display":"","site-post-title":"","ast-breadcrumbs-content":"","ast-featured-img":"","footer-sml-layout":"","ast-disable-related-posts":"","theme-transparent-header-meta":"","adv-header-id-meta":"","stick-header-meta":"","header-above-stick-meta":"","header-main-stick-meta":"","header-below-stick-meta":"","astra-migrate-meta-layouts":"default","ast-page-background-enabled":"default","ast-page-background-meta":{"desktop":{"background-color":"var(--ast-global-color-4)","background-image":"","background-repeat":"repeat","background-position":"center center","background-size":"auto","background-attachment":"scroll","background-type":"","background-media":"","overlay-type":"","overlay-color":"","overlay-opacity":"","overlay-gradient":""},"tablet":{"background-color":"","background-image":"","background-repeat":"repeat","background-position":"center center","background-size":"auto","background-attachment":"scroll","background-type":"","background-media":"","overlay-type":"","overlay-color":"","overlay-opacity":"","overlay-gradient":""},"mobile":{"background-color":"","background-image":"","background-repeat":"repeat","background-position":"center center","background-size":"auto","background-attachment":"scroll","background-type":"","background-media":"","overlay-type":"","overlay-color":"","overlay-opacity":"","overlay-gradient":""}},"ast-content-background-meta":{"desktop":{"background-color":"var(--ast-global-color-5)","background-image":"","background-repeat":"repeat","background-position":"center center","background-size":"auto","background-attachment":"scroll","background-type":"","background-media":"","overlay-type":"","overlay-color":"","overlay-opacity":"","overlay-gradient":""},"tablet":{"background-color":"var(--ast-global-color-5)","background-image":"","background-repeat":"repeat","background-position":"center center","background-size":"auto","background-attachment":"scroll","background-type":"","background-media":"","overlay-type":"","overlay-color":"","overlay-opacity":"","overlay-gradient":""},"mobile":{"background-color":"var(--ast-global-color-5)","background-image":"","background-repeat":"repeat","background-position":"center center","background-size":"auto","background-attachment":"scroll","background-type":"","background-media":"","overlay-type":"","overlay-color":"","overlay-opacity":"","overlay-gradient":""}},"iawp_total_views":94,"footnotes":""},"hf_cat_page":[300],"class_list":["post-3284","page","type-page","status-publish","has-post-thumbnail"],"acf":[],"_links":{"self":[{"href":"https:\/\/www.mission-21.org\/es\/wp-json\/wp\/v2\/pages\/3284","targetHints":{"allow":["GET"]}}],"collection":[{"href":"https:\/\/www.mission-21.org\/es\/wp-json\/wp\/v2\/pages"}],"about":[{"href":"https:\/\/www.mission-21.org\/es\/wp-json\/wp\/v2\/types\/page"}],"author":[{"embeddable":true,"href":"https:\/\/www.mission-21.org\/es\/wp-json\/wp\/v2\/users\/1"}],"replies":[{"embeddable":true,"href":"https:\/\/www.mission-21.org\/es\/wp-json\/wp\/v2\/comments?post=3284"}],"version-history":[{"count":10,"href":"https:\/\/www.mission-21.org\/es\/wp-json\/wp\/v2\/pages\/3284\/revisions"}],"predecessor-version":[{"id":4740,"href":"https:\/\/www.mission-21.org\/es\/wp-json\/wp\/v2\/pages\/3284\/revisions\/4740"}],"up":[{"embeddable":true,"href":"https:\/\/www.mission-21.org\/es\/wp-json\/wp\/v2\/pages\/205"}],"wp:featuredmedia":[{"embeddable":true,"href":"https:\/\/www.mission-21.org\/es\/wp-json\/wp\/v2\/media\/3286"}],"wp:attachment":[{"href":"https:\/\/www.mission-21.org\/es\/wp-json\/wp\/v2\/media?parent=3284"}],"wp:term":[{"taxonomy":"hf_cat_page","embeddable":true,"href":"https:\/\/www.mission-21.org\/es\/wp-json\/wp\/v2\/hf_cat_page?post=3284"}],"curies":[{"name":"wp","href":"https:\/\/api.w.org\/{rel}","templated":true}]}}