{"id":3418,"date":"2022-10-06T14:00:04","date_gmt":"2022-10-06T12:00:04","guid":{"rendered":"https:\/\/www.mission-21.org\/?page_id=3418"},"modified":"2023-05-23T13:46:18","modified_gmt":"2023-05-23T11:46:18","slug":"sinodo-de-la-mision-2022","status":"publish","type":"page","link":"https:\/\/www.mission-21.org\/es\/wer-wir-sind\/missionssynode-2022\/","title":{"rendered":"S\u00ednodo de la Misi\u00f3n 2022"},"content":{"rendered":"<img decoding=\"async\" src=\"https:\/\/www.mission-21.org\/wp-content\/uploads\/2022\/08\/csm_header_news_d521d70e38.jpeg\" alt=\"csm header news d521d70e38\" itemprop=\"image\" height=\"688\" width=\"1680\" title=\"csm_Header_News_d521d70e38\" onerror=\"this.style.display='none'\"  \/>\n\t<div class=\"fl-builder-content fl-builder-content-3660 fl-builder-template fl-builder-module-template fl-builder-global-templates-locked\" data-post-id=\"3660\"><div class=\"fl-module fl-module-pp-toc fl-node-xrvkwe8ihtn6 toc\" data-node=\"xrvkwe8ihtn6\">\n\t<div class=\"fl-module-content fl-node-content\">\n\t\t<div class=\"pp-toc-container\">\n\t\n\t<div class=\"pp-toc-body\">\n\t\t\t\t\t<ul class=\"pp-toc-list-wrapper pp-toc-list-icon\"><\/ul>\n\t\t\t\t<\/div>\n<\/div>\n\n\t<\/div>\n<\/div>\n<\/div><div class=\"uabb-js-breakpoint\" style=\"display: none;\"><\/div>\n\t\t\t<a href=\"\/es\/donar\/\" target=\"_self\" role=\"button\" aria-label=\"Donaciones\" rel=\"noopener\">\n\t\t\t\t\t\t\tDonaciones\n\t\t\t\t\t\t\t\t\t<img decoding=\"async\" src=\"https:\/\/www.mission-21.org\/wp-content\/uploads\/2022\/08\/csm_heat-icon_b1dbd40167.png\"\/>\n\t\t<\/a>\n<h2>\n\t\tInformes del S\u00ednodo 2022\n\t<\/h2>\n\t\t\t\t\t\t\t\t\t\t\t\t\t\t<a href=\"https:\/\/www.mission-21.org\/es\/compromiso-hospitalidad-disfrutar-de-una-mision-florida-semana-2022\/\" target=\"_self\" title=\"Compromiso, hospitalidad, alegr\u00eda compartida: una inspiradora Semana de la Misi\u00f3n 2022\" rel=\"noopener\">\n\t\t\t\t<img decoding=\"async\" src=\"https:\/\/www.mission-21.org\/wp-content\/uploads\/2022\/08\/csm_barbara-hirsbrunner_jugendnetzwerk_img_5745_5b76545ca6-300x225.jpg\" alt=\"\" \/>\n\t\t\t\t<\/a>\n\t\t\t\t\t\t<h4>\n\t\t\t\t<a href=\"https:\/\/www.mission-21.org\/es\/compromiso-hospitalidad-disfrutar-de-una-mision-florida-semana-2022\/\" title=\"Compromiso, hospitalidad, alegr\u00eda compartida: una inspiradora Semana de la Misi\u00f3n 2022\" tabindex=\"0\">Compromiso, hospitalidad, alegr\u00eda compartida: una inspiradora Semana de la Misi\u00f3n 2022<\/a>\t\t\t<\/h4>\n\t\t\t\t\t\t\t<h5>\n\t\t\t14 de junio de 2022\t\t\t\n\t\t\t\t\t\t\t<\/h5>\n\t\t\t\t\t\t\t\t\t\t\t\t\t\t<a href=\"https:\/\/www.mission-21.org\/es\/inspiraciones-en-la-cumbre-juvenil-internacional\/\" target=\"_self\" title=\"Inspiraciones en la Cumbre Internacional de la Juventud\" rel=\"noopener\">\n\t\t\t\t<img decoding=\"async\" src=\"https:\/\/www.mission-21.org\/wp-content\/uploads\/2022\/08\/csm_int-youth-summit_synode-2022_davos_img_8671_0f4d08a286-300x225.jpg\" alt=\"\" \/>\n\t\t\t\t<\/a>\n\t\t\t\t\t\t<h4>\n\t\t\t\t<a href=\"https:\/\/www.mission-21.org\/es\/inspiraciones-en-la-cumbre-juvenil-internacional\/\" title=\"Inspiraciones en la Cumbre Internacional de la Juventud\" tabindex=\"0\">Inspiraciones en la Cumbre Internacional de la Juventud<\/a>\t\t\t<\/h4>\n\t\t\t\t\t\t\t<h5>\n\t\t\t12 de junio de 2022\t\t\t\n\t\t\t\t\t\t\t<\/h5>\n\t\t\t\t\t\t\t\t\t\t\t\t\t\t<a href=\"https:\/\/www.mission-21.org\/es\/enriquecimiento-impulsos-y-discusiones\/\" target=\"_self\" title=\"Impulsos y debates enriquecedores\" rel=\"noopener\">\n\t\t\t\t<img decoding=\"async\" src=\"https:\/\/www.mission-21.org\/wp-content\/uploads\/2022\/08\/csm_img_5257_isabel_phiri_5b833ba146-300x225.jpeg\" alt=\"\" \/>\n\t\t\t\t<\/a>\n\t\t\t\t\t\t<h4>\n\t\t\t\t<a href=\"https:\/\/www.mission-21.org\/es\/enriquecimiento-impulsos-y-discusiones\/\" title=\"Impulsos y debates enriquecedores\" tabindex=\"0\">Impulsos y debates enriquecedores<\/a>\t\t\t<\/h4>\n\t\t\t\t\t\t\t<h5>\n\t\t\t11 de junio de 2022\t\t\t\n\t\t\t\t\t\t\t<\/h5>\n\t\t\t\t\t\t\t\t\t\t\t\t\t\t<a href=\"https:\/\/www.mission-21.org\/es\/city-talk-shared-experiences-of-women-around-the-world\/\" target=\"_self\" title=\"Charla sobre la ciudad: experiencias compartidas de mujeres en todo el mundo\" rel=\"noopener\">\n\t\t\t\t<img decoding=\"async\" src=\"https:\/\/www.mission-21.org\/wp-content\/uploads\/2022\/08\/csm__mg_9845_2394479e8d-300x225.jpg\" alt=\"\" \/>\n\t\t\t\t<\/a>\n\t\t\t\t\t\t<h4>\n\t\t\t\t<a href=\"https:\/\/www.mission-21.org\/es\/city-talk-shared-experiences-of-women-around-the-world\/\" title=\"Charla sobre la ciudad: experiencias compartidas de mujeres en todo el mundo\" tabindex=\"0\">Charla sobre la ciudad: experiencias compartidas de mujeres en todo el mundo<\/a>\t\t\t<\/h4>\n\t\t\t\t\t\t\t<h5>\n\t\t\t9 de junio de 2022\t\t\t\n\t\t\t\t\t\t\t<\/h5>\n<h2>\n\t\t Impresiones S\u00ednodo 2022 \n\t<\/h2>\n<h2>\n\t\t Charla en la ciudad: Cuestiones de g\u00e9nero en red en todo el mundo \n\t<\/h2>\n<h3>Experiencias compartidas de mujeres de todo el mundo<\/h3>\n<p>\u00bfCu\u00e1l es la diferencia entre un refugio para mujeres en Indonesia y uno en Suiza? \u00bfQu\u00e9 experiencias comparten las mujeres de Sud\u00e1n del Sur y Bolivia? En la charla de la ciudad de Chur, en el marco del S\u00ednodo de Mission 21, mujeres de numerosos pa\u00edses hablaron de violencia y exclusi\u00f3n, pero tambi\u00e9n de \u00e1nimo y \u00e9xito.<\/p>\n<p><a href=\"https:\/\/www.mission-21.org\/es\/informar-a\/noticias\/detalle-2\/stadtgesprach-experiencias-compartidas-de-mujeres-de-todo-el-mundo\/\" target=\"_blank\" rel=\"noopener\">\u25ba Leer m\u00e1s<\/a><\/p>\n<p><a href=\"https:\/\/www.mission-21.org\/fileadmin\/Webseite_Mission_21\/Veranstaltungen\/2022\/Synode\/Reader_DE_20220602_AFS_TS.pdf\" target=\"_blank\" rel=\"noopener\">\u25ba Lector (PDF)<\/a><\/p>\n\t\t\t\t<a href=\"https:\/\/www.mission-21.org\/fileadmin\/Webseite_Mission_21\/Veranstaltungen\/2022\/Synode\/Reader_DE_20220602_AFS_TS.pdf\" target=\"_blank\" rel=\"noopener\" itemprop=\"url\">\n\t\t\t\t<img decoding=\"async\" src=\"https:\/\/www.mission-21.org\/wp-content\/uploads\/2022\/10\/reader_de-1.jpg\" alt=\"lector de\" itemprop=\"image\" height=\"1646\" width=\"1166\" title=\"Lector_ES\" onerror=\"this.style.display='none'\"  \/>\n\t\t\t\t<\/a>\n<h4>Discursos de entrada<\/h4>\n<p>Representantes de los cuatro continentes compartieron sus reflexiones en el S\u00ednodo sobre el tema com\u00fan \"Esperanza y consuelo - para las personas vulnerables del Dios vulnerable, que comparte la vida y sana a nuestro mundo\". Cada uno de los ponentes adopt\u00f3 una perspectiva diferente.<\/p>\n<strong>Asia <\/strong>- La perspectiva de las mujeres<br \/>\nVistamika Wangka\n<strong>\u00c1frica <\/strong>- La perspectiva de los j\u00f3venes<br \/>\nBlessing Fomuso\n<strong>Europa <\/strong>- Perspectiva de la medicina<br \/>\nAstrid Fiehland van der Vegt\n<strong>Am\u00e9rica Latina <\/strong>- Perspectiva de la teolog\u00eda<br \/>\nRuth Vindas Benavides\n\t\t\t<a href=\"https:\/\/www.mission-21.org\/fileadmin\/Webseite_Mission_21\/Veranstaltungen\/2022\/Synode\/Inputreferate\/Inputreferate_Asien__Afrika__Lateinamerika_und_Europa.pdf\" target=\"_blank\" role=\"button\" rel=\"noopener\">\n\t\t\t\t\t\t\tDescargar (PDF)\n\t\t\t\t\t<\/a>\n<h4>Declaraci\u00f3n final \"Palabra de Davos<\/h4>\n<p>El Prof. Dr. Johannes Blum, la Dra. Claudia Hoffmann y Hans-Joachim Zobel, en nombre de todo el Comit\u00e9 Ejecutivo, redactar\u00e1n una declaraci\u00f3n para los participantes en el S\u00ednodo de 2022 al final del lema de este a\u00f1o: Vivir, curar, compartir - Juntos por nuestro mundo.<\/p>\n\t\t\t<a href=\"https:\/\/www.mission-21.org\/fileadmin\/Webseite_Mission_21\/Veranstaltungen\/2022\/Synode\/Inputreferate\/pub_Davoser_Wort_ge_20220622_mr.pdf\" target=\"_blank\" role=\"button\" rel=\"noopener\">\n\t\t\t\t\t\t\tDescargar (PDF)\n\t\t\t\t\t<\/a>\n<h4>Saludo y presentaci\u00f3n del Consejo Mundial de Iglesias<\/h4>\n<p>El primer d\u00eda del S\u00ednodo 2022, la Rev. Prof. Isabel Apawo Phiri hablar\u00e1 en nombre del Consejo Mundial de Iglesias, que cuenta con 352 federaciones de iglesias de diversas denominaciones reformadas, ortodoxas y cat\u00f3licas. Har\u00e1 una presentaci\u00f3n sobre \"C\u00f3mo la pandemia cambi\u00f3 el mundo: una perspectiva global\".<\/p>\n\t\t\t<a href=\"https:\/\/www.mission-21.org\/fileadmin\/Webseite_Mission_21\/Veranstaltungen\/2022\/Synode\/Inputreferate\/06_Praesentation_Globale_Perspektive_OERK_Prof._Dr._Phiri_D.pdf\" target=\"_blank\" role=\"button\" rel=\"noopener\">\n\t\t\t\t\t\t\tDescargar (PDF)\n\t\t\t\t\t<\/a>","protected":false},"excerpt":{"rendered":"<p>Spenden Berichte aus der Synode 2022 Engagement, Gastfreundschaft, geteilte Freude &#8211; eine befl\u00fcgelnde Missionswoche 2022 14. Juni 2022 Inspirationen am International Youth Summit 12. Juni 2022 Bereichernde Impulse und Diskussionen 11. Juni 2022 Stadtgespr\u00e4ch: Geteilte Erfahrungen von Frauen rund um die Welt 9. Juni 2022 Impressionen Synode 2022 Im Stadtgespr\u00e4ch: Genderfragen weltweit vernetzt Geteilte Erfahrungen [&hellip;]<\/p>\n","protected":false},"author":1,"featured_media":3417,"parent":218,"menu_order":0,"comment_status":"closed","ping_status":"closed","template":"","meta":{"_acf_changed":false,"_seopress_robots_primary_cat":"","_seopress_titles_title":"","_seopress_titles_desc":"","_seopress_robots_index":"","_searchwp_excluded":"","site-sidebar-layout":"default","site-content-layout":"","ast-site-content-layout":"default","site-content-style":"default","site-sidebar-style":"default","ast-global-header-display":"","ast-banner-title-visibility":"","ast-main-header-display":"","ast-hfb-above-header-display":"","ast-hfb-below-header-display":"","ast-hfb-mobile-header-display":"","site-post-title":"","ast-breadcrumbs-content":"","ast-featured-img":"","footer-sml-layout":"","ast-disable-related-posts":"","theme-transparent-header-meta":"","adv-header-id-meta":"","stick-header-meta":"","header-above-stick-meta":"","header-main-stick-meta":"","header-below-stick-meta":"","astra-migrate-meta-layouts":"default","ast-page-background-enabled":"default","ast-page-background-meta":{"desktop":{"background-color":"var(--ast-global-color-4)","background-image":"","background-repeat":"repeat","background-position":"center center","background-size":"auto","background-attachment":"scroll","background-type":"","background-media":"","overlay-type":"","overlay-color":"","overlay-opacity":"","overlay-gradient":""},"tablet":{"background-color":"","background-image":"","background-repeat":"repeat","background-position":"center center","background-size":"auto","background-attachment":"scroll","background-type":"","background-media":"","overlay-type":"","overlay-color":"","overlay-opacity":"","overlay-gradient":""},"mobile":{"background-color":"","background-image":"","background-repeat":"repeat","background-position":"center center","background-size":"auto","background-attachment":"scroll","background-type":"","background-media":"","overlay-type":"","overlay-color":"","overlay-opacity":"","overlay-gradient":""}},"ast-content-background-meta":{"desktop":{"background-color":"var(--ast-global-color-5)","background-image":"","background-repeat":"repeat","background-position":"center center","background-size":"auto","background-attachment":"scroll","background-type":"","background-media":"","overlay-type":"","overlay-color":"","overlay-opacity":"","overlay-gradient":""},"tablet":{"background-color":"var(--ast-global-color-5)","background-image":"","background-repeat":"repeat","background-position":"center center","background-size":"auto","background-attachment":"scroll","background-type":"","background-media":"","overlay-type":"","overlay-color":"","overlay-opacity":"","overlay-gradient":""},"mobile":{"background-color":"var(--ast-global-color-5)","background-image":"","background-repeat":"repeat","background-position":"center center","background-size":"auto","background-attachment":"scroll","background-type":"","background-media":"","overlay-type":"","overlay-color":"","overlay-opacity":"","overlay-gradient":""}},"iawp_total_views":72,"footnotes":""},"hf_cat_page":[302],"class_list":["post-3418","page","type-page","status-publish","has-post-thumbnail"],"acf":[],"_links":{"self":[{"href":"https:\/\/www.mission-21.org\/es\/wp-json\/wp\/v2\/pages\/3418","targetHints":{"allow":["GET"]}}],"collection":[{"href":"https:\/\/www.mission-21.org\/es\/wp-json\/wp\/v2\/pages"}],"about":[{"href":"https:\/\/www.mission-21.org\/es\/wp-json\/wp\/v2\/types\/page"}],"author":[{"embeddable":true,"href":"https:\/\/www.mission-21.org\/es\/wp-json\/wp\/v2\/users\/1"}],"replies":[{"embeddable":true,"href":"https:\/\/www.mission-21.org\/es\/wp-json\/wp\/v2\/comments?post=3418"}],"version-history":[{"count":8,"href":"https:\/\/www.mission-21.org\/es\/wp-json\/wp\/v2\/pages\/3418\/revisions"}],"predecessor-version":[{"id":8826,"href":"https:\/\/www.mission-21.org\/es\/wp-json\/wp\/v2\/pages\/3418\/revisions\/8826"}],"up":[{"embeddable":true,"href":"https:\/\/www.mission-21.org\/es\/wp-json\/wp\/v2\/pages\/218"}],"wp:featuredmedia":[{"embeddable":true,"href":"https:\/\/www.mission-21.org\/es\/wp-json\/wp\/v2\/media\/3417"}],"wp:attachment":[{"href":"https:\/\/www.mission-21.org\/es\/wp-json\/wp\/v2\/media?parent=3418"}],"wp:term":[{"taxonomy":"hf_cat_page","embeddable":true,"href":"https:\/\/www.mission-21.org\/es\/wp-json\/wp\/v2\/hf_cat_page?post=3418"}],"curies":[{"name":"wp","href":"https:\/\/api.w.org\/{rel}","templated":true}]}}