{"id":352,"date":"2022-08-17T21:56:10","date_gmt":"2022-08-17T19:56:10","guid":{"rendered":"https:\/\/www.mission-21.org\/?page_id=352"},"modified":"2026-03-27T10:32:10","modified_gmt":"2026-03-27T09:32:10","slug":"pagina-de-inicio","status":"publish","type":"page","link":"https:\/\/www.mission-21.org\/es\/","title":{"rendered":"P\u00e1gina web"},"content":{"rendered":"<h1>Mission 21<\/h1>\t\t\t\n\t\t\t\t<p>Mission 21 act\u00faa en 15 pa\u00edses de \u00c1frica, Asia y Am\u00e9rica Latina en el marco de la cooperaci\u00f3n al desarrollo sostenible y la ayuda humanitaria para la consolidaci\u00f3n de la paz, la educaci\u00f3n, la salud, la soberan\u00eda alimentaria y contra la violencia hacia las mujeres y los ni\u00f1os. De este modo, contribuimos a la consecuci\u00f3n de los Objetivos de Desarrollo Sostenible de la ONU. Este compromiso mundial se combina en nuestra labor como comunidad internacional de aprendizaje con programas para el intercambio transcultural y la cooperaci\u00f3n interreligiosa, as\u00ed como para promover la comprensi\u00f3n de las interrelaciones mundiales. Nuestros programas est\u00e1n abiertos a todas las personas, independientemente de su religi\u00f3n, origen o sexo.<\/p>\n\t\t\t<a href=\"https:\/\/www.mission-21.org\/es\/donar\/\" title=\"Donaciones\" target=\"_self\"   role=\"button\" aria-label=\"Donaciones\">\n\t\t\t\t\t\t\t\t<img decoding=\"async\" src=\"https:\/\/www.mission-21.org\/wp-content\/uploads\/2022\/08\/csm_heat-icon_b1dbd40167.png\"\/>\n\t\t\t\t\t\t\t\tDonaciones\n\t\t<\/a>\n<h1>\n\t\t\t\u00daltimas noticias\t<\/h1>\n\t<h2 data-start=\"821\" data-end=\"884\">Una br\u00fajula para un lenguaje justo. Nuevo. Claro. Eficaz.<\/h2>\n<strong data-start=\"302\" data-end=\"436\">Diez puntos de orientaci\u00f3n para una comunicaci\u00f3n que haga visible la diversidad, refuerce la igualdad y asuma la responsabilidad.<\/strong>\nLa nueva Br\u00fajula del Lenguaje Justo es algo m\u00e1s que una gu\u00eda: Es una herramienta pr\u00e1ctica para cualquiera que quiera comunicarse conscientemente. Descarga ahora la br\u00fajula y adquiere nuevas perspectivas para tu lenguaje.\n\t\t\t<a href=\"https:\/\/www.mission-21.org\/es\/guia-lingueistica\/\" title=\"M\u00e1s informaci\u00f3n\" target=\"_self\"   role=\"button\" aria-label=\"M\u00e1s informaci\u00f3n\">\n\t\t\t\t\t\t\tM\u00e1s informaci\u00f3n\n\t\t<\/a>\n<h2>\n\t\t\tNuestros puntos focales\t<\/h2>\n\t\t\t<h3>Educaci\u00f3n<\/h3>\t\t\n\t\t\t\t<img decoding=\"async\" src=\"https:\/\/www.mission-21.org\/wp-content\/uploads\/2022\/10\/csm_mission_12_bildung_a49262fd52.jpg\" alt=\"csm mission 12 education a49262fd52\" title=\"csm_Mission_12_Bildung_a49262fd52\" itemprop=\"image\"\/>\n<p>Gracias a la educaci\u00f3n, las personas pueden forjar su propia vida y asumir responsabilidades en la sociedad. Mission 21 se compromete especialmente a ayudar a las personas de los grupos de poblaci\u00f3n marginados.\u00a0<br \/><a href=\"https:\/\/www.mission-21.org\/es\/que-hacemos\/proyectos-y-socios\/?_themen=bildung\">\u25ba M\u00e1s informaci\u00f3n <\/a><\/p>\n\t\t\t<h3>Paz<\/h3>\t\t\n\t\t\t\t<img decoding=\"async\" src=\"https:\/\/www.mission-21.org\/wp-content\/uploads\/2022\/10\/csm_mission_21_friedensfoerderung_5102ac0a67.jpg\" alt=\"csm misi\u00f3n 21 construcci\u00f3n de la paz 5102ac0a67\" title=\"csm_Mission_21_Friedensfoerderung_5102ac0a67\" itemprop=\"image\"\/>\n\t\t\t\t<p>Las tensiones o la violencia aumentan en muchos pa\u00edses. Mission 21 aporta su experiencia en la construcci\u00f3n de la paz interreligiosa e intercultural y apoya el trabajo de reconciliaci\u00f3n y trauma.<br \/><a href=\"https:\/\/www.mission-21.org\/es\/que-hacemos\/proyectos-y-socios\/?_themen=friedensfoerderung\">\u25ba M\u00e1s informaci\u00f3n<\/a><\/p>\n\t\t\t<h3>Salud<\/h3>\t\t\n\t\t\t\t<img decoding=\"async\" src=\"https:\/\/www.mission-21.org\/wp-content\/uploads\/2022\/10\/csm_mission_21_gesundheit_678b11c927-900x675.jpg\" alt=\"csm mission 21 health 678b11c927\" title=\"csm_Mission_21_Gesundheit_678b11c927\" itemprop=\"image\"\/>\n\t\t\t\t<p>Mission 21 ayuda a los habitantes de zonas rurales a acceder a la atenci\u00f3n m\u00e9dica. Apoyamos proyectos que garanticen la salud sexual y reproductiva de las poblaciones vulnerables.<\/p>\n<p><a href=\"https:\/\/www.mission-21.org\/es\/que-hacemos\/proyectos-y-socios\/?_themen=gesundheit\">\u25ba M\u00e1s informaci\u00f3n<\/a><\/p>\n\t\t\t<h3>Soberan\u00eda alimentaria<\/h3>\t\t\n\t\t\t\t<img decoding=\"async\" src=\"https:\/\/www.mission-21.org\/wp-content\/uploads\/2022\/10\/csm_mission_21_ernaehrungssicherung_26b1a136f7.jpg\" alt=\"csm misi\u00f3n 21 seguridad alimentaria 26b1a136f7\" title=\"csm_Mission_21_Food_security_26b1a136f7\" itemprop=\"image\"\/>\n\t\t\t\t<p>Mission 21 apoya proyectos que permiten a las personas desfavorecidas, especialmente a las familias de peque\u00f1os agricultores, comer alimentos sanos, asegurar su sustento de forma sostenible y vivir una vida digna.<br \/><a href=\"https:\/\/www.mission-21.org\/es\/que-hacemos\/proyectos-y-socios\/?_themen=ernaehrungssouveraenitaet\">\u25ba M\u00e1s informaci\u00f3n<\/a><\/p>\n<h2>\n\t\t\tNoticias\t<\/h2>\n<h2>\n\t\t\tC\u00f3mo puede apoyar nuestro trabajo\t<\/h2>\n\t\t\t\t<img decoding=\"async\" src=\"https:\/\/www.mission-21.org\/wp-content\/uploads\/2022\/10\/csm_alfalit_b86d23753d.jpg\" alt=\"csm alfalit b86d23753d\" title=\"csm_alfalit_b86d23753d\" itemprop=\"image\"\/>\n\t\t<h5>Con 50 CHF<\/h5>\t\t\t\n\t\t\t\t<p>Por ejemplo, puedes proporcionar a una mujer material escolar durante un a\u00f1o.<\/p>\n\t\t\t<a href=\"\/es\/donar\/?rnw-amount=50\" title=\"Donar ahora\" target=\"_self\"   role=\"button\" aria-label=\"Donar ahora\">\n\t\t\t\t\t\t\tDonar ahora\n\t\t<\/a>\n\t\t\t\t<img decoding=\"async\" src=\"https:\/\/www.mission-21.org\/wp-content\/uploads\/2022\/10\/csm_nigeria_bildung_lehrperson_spende_bd169f673e.jpg\" alt=\"csm nigeria education teacher donation bd169f673e\" title=\"csm_nigeria_education_teacher_donation_bd169f673e\" itemprop=\"image\"\/>\n\t\t<h5>Con 120 CHF<\/h5>\t\t\t\n\t\t\t\t<p>contribuye a la formaci\u00f3n de un profesor, por ejemplo.<\/p>\n\t\t\t<a href=\"\/es\/donar\/?rnw-amount=120\" title=\"Donar ahora\" target=\"_self\"   role=\"button\" aria-label=\"Donar ahora\">\n\t\t\t\t\t\t\tDonar ahora\n\t\t<\/a>\n\t\t\t\t<img decoding=\"async\" src=\"https:\/\/www.mission-21.org\/wp-content\/uploads\/2024\/01\/presnus_20230825_img_8906_4-3-scaled.jpg\" alt=\"img 8906\" title=\"IMG_8906\" itemprop=\"image\"\/>\n\t\t<h5>Con 500 CHF<\/h5>\t\t\t\n\t\t\t\t<p>apoyar la formaci\u00f3n del personal de enfermer\u00eda, por ejemplo<\/p>\n\t\t\t<a href=\"\/es\/donar\/?rnw-amount=500\" title=\"Donar ahora\" target=\"_self\"   role=\"button\" aria-label=\"Donar ahora\">\n\t\t\t\t\t\t\tDonar ahora\n\t\t<\/a>\n\t\t\t\t<img decoding=\"async\" src=\"https:\/\/www.mission-21.org\/wp-content\/uploads\/2025\/06\/bild_35-scaled.jpg\" alt=\"foto 35\" title=\"Foto_35\" itemprop=\"image\"\/>\n\t\t<h5>Camer\u00fan<\/h5><h3>Anulaci\u00f3n de la financiaci\u00f3n de USAID: Qu\u00e9 significa para la poblaci\u00f3n de Camer\u00fan <\/h3>\t\t\t\n\t\t\t\t<p>La retirada radical de la agencia de desarrollo estadounidense USAID de varios miles de proyectos en todo el mundo ha sido noticia en todo el mundo esta primavera. C\u00f3mo afecta concretamente esta retirada a la poblaci\u00f3n y al sistema sanitario de un pa\u00eds?<\/p>\n<p>Con esta pregunta en mente, nos fijamos en Camer\u00fan y en nuestras organizaciones locales asociadas. En marzo de 2025, por ejemplo, ya hab\u00eda escasez de medicamentos importantes en el hospital de Manyemen, lo que es peligroso dada la propagaci\u00f3n de enfermedades e infecciones como la tuberculosis, la malaria y el VIH. Las consecuencias econ\u00f3micas, psicol\u00f3gicas y sociales para los pacientes y el personal sanitario son tambi\u00e9n enormes.<\/p>\n<p>Su apoyo es m\u00e1s necesario que nunca.<\/p>\n<p><a href=\"https:\/\/www.mission-21.org\/es\/proyectos\/atencion-sanitaria-y-prevencion-del-vih-en-el-espacio-rural\/\">Acerca del proyecto<\/a><\/p>\n\t\t\t<a href=\"https:\/\/www.mission-21.org\/es\/donar\/?zweck=hiv_praevention_kamerun\" title=\"Donar ahora\" target=\"_self\"   role=\"button\" aria-label=\"Donar ahora\">\n\t\t\t\t\t\t\tDonar ahora\n\t\t<\/a>\n<h2>\n\t\t<a href=\"https:\/\/www.mission-21.org\/es\/que-hacemos\/proyectos-y-socios\/\" title=\"\u25baA todos los proyectos\"  target=\"_self\">\n\t\t\t\u25baA todos los proyectos\t\t<\/a>\n\t<\/h2>\n\t\t<iframe hcb-fetch-image-from=\"https:\/\/vimeo.com\/1073569409\" title=\"Semana Santa 2025\" src=\"https:\/\/player.vimeo.com\/video\/1073569409?dnt=1&amp;app_id=122963\" width=\"500\" height=\"281\" frameborder=\"0\" allow=\"autoplay; fullscreen; picture-in-picture; clipboard-write; encrypted-media\"><\/iframe>\t\n\t\t\t<h5>Sud\u00e1n del Sur<\/h5><h3>Mensaje en v\u00eddeo de nuestro coordinador<\/h3>\t\t\t\n\t\t\t\t<p>En Sud\u00e1n del Sur, un conflicto latente se recrudece casi inadvertidamente, amenazando con estallar en una nueva guerra civil. En nombre del presidente Salva Kiir, las tropas bombardearon partes del pa\u00eds y el vicepresidente Riek Machar fue puesto bajo arresto domiciliario.<\/p>\n<p>La situaci\u00f3n en Sud\u00e1n del Sur, donde la poblaci\u00f3n ya se enfrenta al hambre, la violencia y cientos de miles de refugiados del vecino Sud\u00e1n, es muy tensa. Mission 21 colabora con las organizaciones asociadas<strong> Ayuda humanitaria espec\u00edfica<\/strong> Su principal objetivo es proporcionar alimentos y art\u00edculos de primera necesidad, as\u00ed como atenci\u00f3n m\u00e9dica y acceso a agua potable.<\/p>\n<p>Aqu\u00ed puede ver un mensaje en v\u00eddeo de la coordinadora del proyecto, Guliba Florence Hakim. Nuestra empleada local describe la fr\u00e1gil situaci\u00f3n actual. Guliba Florence Hakim nos anima a aprovechar el periodo de Pascua para trabajar activamente por la paz. \"Pascua significa un nuevo comienzo\", afirma.<\/p>\n<p><a href=\"https:\/\/www.mission-21.org\/es\/proyectos\/ayuda-humanitaria-en-sudan-del-sur\/\">Acerca del proyecto<\/a><\/p>\n\t\t\t<a href=\"https:\/\/www.mission-21.org\/es\/donar\/?zweck=nothilfesuedsudan\" title=\"Donar ahora\" target=\"_self\"   role=\"button\" aria-label=\"Donar ahora\">\n\t\t\t\t\t\t\tDonar ahora\n\t\t<\/a>\n<h2>\n\t\t\tPr\u00f3ximos eventos\t<\/h2>\n<h3>\n\t\t<a href=\"https:\/\/www.mission-21.org\/es\/que-hacemos\/eventos-3\/\" title=\"\u25ba Todos los eventos\"  target=\"_self\">\n\t\t\t\u25ba Todos los eventos\t\t<\/a>\n\t<\/h3>\n<h2>\n\t\t\tSomos Misi\u00f3n 21\t<\/h2>\n\t<p>Mission 21 es una comunidad mundial de iglesias y organizaciones asociadas de \u00c1frica, Asia, Europa y Am\u00e9rica Latina. Juntos, llevamos m\u00e1s de 200 a\u00f1os trabajando desde la fe cristiana por una vida digna para todas las personas. Proporcionamos cooperaci\u00f3n al desarrollo sostenible y ayuda humanitaria. Al hacerlo, ofrecemos oportunidades para participar en la iglesia global. Como comunidad internacional de aprendizaje, creamos espacios para el intercambio transcultural y la cooperaci\u00f3n interreligiosa y promovemos la comprensi\u00f3n de las interrelaciones globales. Al hacerlo, alineamos nuestro trabajo con los Objetivos de Desarrollo Sostenible de la ONU (\"Agenda 2030\"). En particular, nos guiamos por el ODS 16+: construir sociedades pac\u00edficas, justas e inclusivas.<\/p>\n<p>Mission 21 cuenta con el apoyo de la Iglesia Protestante Reformada Suiza (EKS), fundaciones y organismos pol\u00edticos, donantes privados y la Agencia Suiza para el Desarrollo y la Cooperaci\u00f3n (COSUDE). Mission 21 est\u00e1 reconocida como organizaci\u00f3n sin \u00e1nimo de lucro y est\u00e1 certificada por ZEWO y EduQua.<\/p>\n<h4>Marca la diferencia con tu <a href=\"https:\/\/www.mission-21.org\/es\/donar\/\" target=\"_blank\" rel=\"noopener\">Donaci\u00f3n<\/a> una diferencia.<\/h4>\n<p>Por ejemplo, apoye nuestros proyectos de educaci\u00f3n de agricultores en Nigeria y regale nuevas perspectivas.<\/p>","protected":false},"excerpt":{"rendered":"<p>Mission 21 Mission 21 engagiert sich in 15 L\u00e4ndern in Afrika, Asien und Lateinamerika im Rahmen von nachhaltiger Entwicklungszusammenarbeit sowie humanit\u00e4rer Hilfe f\u00fcr Friedensf\u00f6rderung, Bildung, Gesundheit, Ern\u00e4hrungssouver\u00e4nit\u00e4t und gegen Gewalt an Frauen und Kindern. Damit tragen wir bei zur Erreichung der UN-Ziele f\u00fcr nachhaltige Entwicklung. Dieses weltweite Engagement verbindet sich in unserem Einsatz als internationale [&hellip;]<\/p>\n","protected":false},"author":1,"featured_media":0,"parent":0,"menu_order":0,"comment_status":"closed","ping_status":"closed","template":"","meta":{"_acf_changed":false,"_seopress_robots_primary_cat":"","_seopress_titles_title":"","_seopress_titles_desc":"","_seopress_robots_index":"","_searchwp_excluded":"","site-sidebar-layout":"default","site-content-layout":"","ast-site-content-layout":"default","site-content-style":"default","site-sidebar-style":"default","ast-global-header-display":"","ast-banner-title-visibility":"","ast-main-header-display":"","ast-hfb-above-header-display":"","ast-hfb-below-header-display":"","ast-hfb-mobile-header-display":"","site-post-title":"","ast-breadcrumbs-content":"","ast-featured-img":"","footer-sml-layout":"","ast-disable-related-posts":"","theme-transparent-header-meta":"","adv-header-id-meta":"","stick-header-meta":"","header-above-stick-meta":"","header-main-stick-meta":"","header-below-stick-meta":"","astra-migrate-meta-layouts":"set","ast-page-background-enabled":"default","ast-page-background-meta":{"desktop":{"background-color":"var(--ast-global-color-4)","background-image":"","background-repeat":"repeat","background-position":"center center","background-size":"auto","background-attachment":"scroll","background-type":"","background-media":"","overlay-type":"","overlay-color":"","overlay-opacity":"","overlay-gradient":""},"tablet":{"background-color":"","background-image":"","background-repeat":"repeat","background-position":"center center","background-size":"auto","background-attachment":"scroll","background-type":"","background-media":"","overlay-type":"","overlay-color":"","overlay-opacity":"","overlay-gradient":""},"mobile":{"background-color":"","background-image":"","background-repeat":"repeat","background-position":"center center","background-size":"auto","background-attachment":"scroll","background-type":"","background-media":"","overlay-type":"","overlay-color":"","overlay-opacity":"","overlay-gradient":""}},"ast-content-background-meta":{"desktop":{"background-color":"var(--ast-global-color-5)","background-image":"","background-repeat":"repeat","background-position":"center center","background-size":"auto","background-attachment":"scroll","background-type":"","background-media":"","overlay-type":"","overlay-color":"","overlay-opacity":"","overlay-gradient":""},"tablet":{"background-color":"var(--ast-global-color-5)","background-image":"","background-repeat":"repeat","background-position":"center center","background-size":"auto","background-attachment":"scroll","background-type":"","background-media":"","overlay-type":"","overlay-color":"","overlay-opacity":"","overlay-gradient":""},"mobile":{"background-color":"var(--ast-global-color-5)","background-image":"","background-repeat":"repeat","background-position":"center center","background-size":"auto","background-attachment":"scroll","background-type":"","background-media":"","overlay-type":"","overlay-color":"","overlay-opacity":"","overlay-gradient":""}},"iawp_total_views":83915,"footnotes":""},"hf_cat_page":[304],"class_list":["post-352","page","type-page","status-publish"],"acf":[],"_links":{"self":[{"href":"https:\/\/www.mission-21.org\/es\/wp-json\/wp\/v2\/pages\/352","targetHints":{"allow":["GET"]}}],"collection":[{"href":"https:\/\/www.mission-21.org\/es\/wp-json\/wp\/v2\/pages"}],"about":[{"href":"https:\/\/www.mission-21.org\/es\/wp-json\/wp\/v2\/types\/page"}],"author":[{"embeddable":true,"href":"https:\/\/www.mission-21.org\/es\/wp-json\/wp\/v2\/users\/1"}],"replies":[{"embeddable":true,"href":"https:\/\/www.mission-21.org\/es\/wp-json\/wp\/v2\/comments?post=352"}],"version-history":[{"count":11,"href":"https:\/\/www.mission-21.org\/es\/wp-json\/wp\/v2\/pages\/352\/revisions"}],"predecessor-version":[{"id":19850,"href":"https:\/\/www.mission-21.org\/es\/wp-json\/wp\/v2\/pages\/352\/revisions\/19850"}],"wp:attachment":[{"href":"https:\/\/www.mission-21.org\/es\/wp-json\/wp\/v2\/media?parent=352"}],"wp:term":[{"taxonomy":"hf_cat_page","embeddable":true,"href":"https:\/\/www.mission-21.org\/es\/wp-json\/wp\/v2\/hf_cat_page?post=352"}],"curies":[{"name":"wp","href":"https:\/\/api.w.org\/{rel}","templated":true}]}}