{"id":3916,"date":"2022-10-13T09:40:34","date_gmt":"2022-10-13T07:40:34","guid":{"rendered":"https:\/\/www.mission-21.org\/?page_id=3916"},"modified":"2026-03-03T14:53:01","modified_gmt":"2026-03-03T13:53:01","slug":"empleados-internacionales","status":"publish","type":"page","link":"https:\/\/www.mission-21.org\/es\/was-wir-tun\/internationale-mitarbeitende\/","title":{"rendered":"Empleados internacionales"},"content":{"rendered":"<img decoding=\"async\" src=\"https:\/\/www.mission-21.org\/wp-content\/uploads\/2022\/08\/csm_header_news_d521d70e38.jpeg\" alt=\"csm header news d521d70e38\" itemprop=\"image\" height=\"688\" width=\"1680\" title=\"csm_Header_News_d521d70e38\" onerror=\"this.style.display='none'\" loading='lazy' \/>\n\t<div class=\"fl-builder-content fl-builder-content-3660 fl-builder-template fl-builder-module-template fl-builder-global-templates-locked\" data-post-id=\"3660\"><div class=\"fl-module fl-module-pp-toc fl-node-xrvkwe8ihtn6 toc\" data-node=\"xrvkwe8ihtn6\">\n\t<div class=\"fl-module-content fl-node-content\">\n\t\t<div class=\"pp-toc-container\">\n\t\n\t<div class=\"pp-toc-body\">\n\t\t\t\t\t<ul class=\"pp-toc-list-wrapper pp-toc-list-icon\"><\/ul>\n\t\t\t\t<\/div>\n<\/div>\n\n\t<\/div>\n<\/div>\n<\/div><div class=\"uabb-js-breakpoint\" style=\"display: none;\"><\/div>\n\t\t\t<a href=\"\/es\/donar\/\" title=\"Donaciones\" target=\"_self\"   role=\"button\" aria-label=\"Donaciones\">\n\t\t\t\t\t\t\tDonaciones\n\t\t\t\t\t\t\t\t\t<img decoding=\"async\" src=\"https:\/\/www.mission-21.org\/wp-content\/uploads\/2022\/08\/csm_heat-icon_b1dbd40167.png\"\/>\n\t\t<\/a>\n<h2>\n\t\t\t \u00c1frica \t<\/h2>\n\t\t\t\t<img decoding=\"async\" src=\"https:\/\/www.mission-21.org\/wp-content\/uploads\/2022\/10\/csm_koordinatoren_lumumba_mukong_6de4e26293.jpg\" alt=\"csm coordinadores lumumba mukong 6de4e26293\" title=\"csm_Coordinators_Lumumba_Mukong_6de4e26293\" itemprop=\"image\"\/>\n\t\t<h3>Lumumba Togho Mukong, Camer\u00fan, Coordinador<\/h3>\t\t\t\n\t\t\t\t<p>Desde abril de 2016, todos los proyectos apoyados por Mission 21 en Camer\u00fan han sido supervisados por el coordinador Lumumba Mukong. Hizo un m\u00e1ster en econom\u00eda agr\u00edcola en Inglaterra y luego trabaj\u00f3 para varias ONG en Camer\u00fan.<\/p>\n\t\t\t\t<img decoding=\"async\" src=\"https:\/\/www.mission-21.org\/wp-content\/uploads\/2022\/10\/csm_koordinatoren_yakubu_joseph_1b3f85847b.jpg\" alt=\"csm coordinadores yakubu joseph 1b3f85847b\" title=\"csm_Coordinators_Yakubu_Joseph_1b3f85847b\" itemprop=\"image\"\/>\n\t\t<h3>Yakubu Joseph, Nigeria, Coordinador<\/h3>\t\t\t\n\t\t\t\t<p>Desde octubre de 2015, el Dr. Yakubu Joseph trabaja como coordinador de Mission 21 en Nigeria. Es doctor en Geograf\u00eda y fue asistente de investigaci\u00f3n en el Departamento de Geograf\u00eda de la Universidad de Tubinga. Tambi\u00e9n tiene un m\u00e1ster en Estudios Internacionales sobre la Paz y un m\u00e1ster en Sociolog\u00eda. Yakubu Joseph acompa\u00f1a a las organizaciones asociadas, es responsable de la garant\u00eda de calidad sobre el terreno y asesora a las organizaciones asociadas de \u00c1frica en el \u00e1mbito de la consolidaci\u00f3n de la paz y la seguridad.<\/p>\n\t\t\t\t<img decoding=\"async\" src=\"https:\/\/www.mission-21.org\/wp-content\/uploads\/2023\/09\/mg_9086-4-1.jpg\" alt=\" mg 9086 4\" title=\"MG_9086-4\" itemprop=\"image\"\/>\n\t\t<h3>Adrienne Sweetman, Tanzania, coordinadora<\/h3>\t\t\t\n\t\t\t\t<p>La antrop\u00f3loga y experta en salud Adrienne Sweetman dirige la oficina de coordinaci\u00f3n de Misi\u00f3n 21 en Tanzania desde enero de 2019. Una de sus principales tareas es el desarrollo organizativo y del personal de las organizaciones asociadas. La canadiense Adrienne Sweetman ya ha trabajado en el sector sanitario de Namibia. Vive y trabaja en Tanzania desde 2012, est\u00e1 casada con un tanzano y se dedica especialmente a la prevenci\u00f3n del VIH.<\/p>\n\t\t\t\t<img decoding=\"async\" src=\"https:\/\/www.mission-21.org\/wp-content\/uploads\/2022\/10\/csm_florence_hakim__2_-3_0b1791bb9d.jpg\" alt=\"csm florence hakim 2 3 0b1791bb9d\" title=\"csm_Florence_Hakim__2_-3_0b1791bb9d\" itemprop=\"image\"\/>\n\t\t<h3>Guliba Florence Hakim, Sud\u00e1n del Sur, coordinadora<\/h3>\t\t\t\n\t\t\t\t<p>Guliba Florence Hakim coordina los proyectos de Mission 21 en Sud\u00e1n del Sur desde julio de 2021, despu\u00e9s de ayudar al coordinador del pa\u00eds durante tres a\u00f1os. Con m\u00e1s de siete a\u00f1os de experiencia en la sociedad civil y el trabajo de la iglesia en su pa\u00eds de origen, est\u00e1 muy bien conectada en el panorama de las ONG y la iglesia de Sud\u00e1n del Sur. Como mediadora y negociadora capacitada, aporta una gran experiencia en la construcci\u00f3n de la paz y est\u00e1 familiarizada con las relaciones ecum\u00e9nicas, la participaci\u00f3n de las mujeres y el compromiso de los j\u00f3venes gracias a su participaci\u00f3n anterior.<\/p>\n<h2>\n\t\t\t Asia \t<\/h2>\n\t\t\t\t<img decoding=\"async\" src=\"https:\/\/www.mission-21.org\/wp-content\/uploads\/2025\/02\/karmila_selection.jpg\" alt=\"selecci\u00f3n karmila\" title=\"karmila_selection\" itemprop=\"image\"\/>\n\t\t<h3>Karmila Jusup, Asia, Coordinadora<\/h3>\t\t\t\n\t\t\t\t<p>La pastora Karmila Jusup fund\u00f3 el centro indonesio de crisis para mujeres en 2013. <em>Pasundan Durebang<\/em> en Java Occidental para ayudar a las v\u00edctimas de la violencia dom\u00e9stica. El centro tambi\u00e9n se ha convertido en un refugio seguro para los trabajadores migrantes indonesios que regresan de Hong Kong, Taiw\u00e1n, Corea del Sur y Malasia. Desde julio de 2023, Karmila Jusup coordina el trabajo del proyecto con las organizaciones asociadas de Hong Kong, Indonesia y Malasia desde Yakarta, la capital, y tambi\u00e9n dirige un equipo de alrededor de una docena de empleados.<\/p>\n\t\t\t\t<img decoding=\"async\" src=\"https:\/\/www.mission-21.org\/wp-content\/uploads\/2022\/10\/csm_imas_tobias_brandner_e2f382cbd6.jpg\" alt=\"csm imas tobias brandner e2f382cbd6\" title=\"csm_IMAS_Tobias_Brandner_e2f382cbd6\" itemprop=\"image\"\/>\n\t\t<h3>Tobias Brandner, Hong Kong, conferenciante<\/h3>\t\t\t\n\t\t\t\t<p>Tobias Brandner trabaja como profesor asociado de teolog\u00eda en la Universidad China de Hong Kong. Trabaja a tiempo parcial en Hong Kong para Mission 21 como capell\u00e1n de prisiones. Tobias Brandner, nacido en 1965, estudi\u00f3 teolog\u00eda y se doctor\u00f3 en la Universidad de Z\u00farich. Desde 1996 est\u00e1 en misi\u00f3n en Hong Kong con su esposa Gabi Baumgartner. Tienen tres hijos.<\/p>\n<p><em>Programa SRF <a href=\"https:\/\/www.srf.ch\/sendungen\/perspektiven\/pfarrer-tobias-brandner-auf-du-und-du-mit-schwerverbrechern\" target=\"_blank\" rel=\"noopener\">\"Perspectivas\"<\/a> sobre el trabajo de Tobias Brandner como capell\u00e1n de prisiones en Hong Kong.<\/em><\/p>\n<p><em><a href=\"https:\/\/www.youtube.com\/watch?v=uy56K7VKrVs&amp;feature=share&amp;fbclid=IwAR3YD1hipCpsI3TYs8O1GCYZuVmOXRa-iVHbVd-yGhQp5T8AMdMiHSezEvE\" target=\"_blank\" rel=\"noopener\">Retrato en v\u00eddeo<\/a> sobre la obra de Tobias Brandner (YouTube, chino, ingl\u00e9s UT).<\/em><\/p>\n<p><a href=\"https:\/\/www.mission-21.org\/es\/que-hacemos\/internationale-einsaetze\/empleados-internacionales\/boletines-tobias-brandner\/\">\u25ba en los boletines hasta mediados de 2021.<\/a>\u00a0<\/p>\n<p>Boletines a partir de 2022 <a href=\"mailto:material@mission-21.org\">aqu\u00ed<\/a> orden.\u00a0<\/p>\n\t\t\t\t<img decoding=\"async\" src=\"https:\/\/www.mission-21.org\/wp-content\/uploads\/2022\/10\/csm_imas_daniel_gloor_2ef77627e0.jpg\" alt=\"csm imas daniel gloor 2ef77627e0\" title=\"csm_IMAS_Daniel_Gloor_2ef77627e0\" itemprop=\"image\"\/>\n\t\t<h3>Daniel Gloor, Malasia, conferenciante<\/h3>\t\t\t\n\t\t\t\t<p>Daniel Gloor es profesor de primaria y doctor en teolog\u00eda. Desde 2005 trabaja en nombre de Mission 21 como profesor en el Seminario Teol\u00f3gico de Sabah (STS) en Kota Kinabalu (Malasia). De 2009 a 2013 ense\u00f1\u00f3 en la Universidad B\u00edblica Latinoamericana (UBL) en Costa Rica, tras lo cual regres\u00f3 a STS. Aporta sus conocimientos pedag\u00f3gicos y teol\u00f3gicos, as\u00ed como su amplia formaci\u00f3n intercultural e interreligiosa, a su trabajo con los estudiantes.<\/p>\n<p><a href=\"https:\/\/www.mission-21.org\/es\/que-hacemos\/internationale-einsaetze\/empleados-internacionales\/boletines-daniel-gloor\/\">\u25ba a los boletines informativos<\/a><\/p>\n\t\t\t\t<img decoding=\"async\" src=\"https:\/\/www.mission-21.org\/wp-content\/uploads\/2022\/10\/csm_imas_ueli_knecht_b60743bd12.jpg\" alt=\"csm imas ueli knecht b60743bd12\" title=\"csm_IMAS_Ueli_Knecht_b60743bd12\" itemprop=\"image\"\/>\n\t\t<h3>Ueli Knecht, Indonesia\/Malasia, experto en comercio justo<\/h3>\t\t\t\n\t\t\t\t<p>Ueli Knecht viaja regularmente a Borneo en misiones cortas, donde trabaja como consultor para Mission 21, principalmente en el proyecto \"Ingresos para mujeres productoras de productos artesanales\". Antes, este profesor de trabajo y dise\u00f1ador gr\u00e1fico vivi\u00f3 durante veinte a\u00f1os, principalmente en Camer\u00fan, y tres a\u00f1os en Indonesia, y trabaj\u00f3 en el \u00e1mbito del comercio justo. Sus tareas inclu\u00edan la direcci\u00f3n de talleres para mujeres productoras, la asistencia en el desarrollo de productos y el asesoramiento organizativo y financiero a los proyectos de Comercio Justo.<\/p>\n<h2>\n\t\t\t \u00daltimos boletines de nuestros empleados internacionales \t<\/h2>\n\t\t\t\t\t\t\t\t\t\t\t\t\t\t<a href=\"https:\/\/www.mission-21.org\/es\/gracias-y-adios-solveig-schrickels-last-newsletter-from-chile\/\" target=\"_self\" title=\"\u00a1Gracias y adi\u00f3s! \u00daltimo bolet\u00edn de Solveig Schrickel desde Chile\">\n\t\t\t\t<img decoding=\"async\" src=\"https:\/\/www.mission-21.org\/wp-content\/uploads\/2024\/12\/bild-1-rundbrief-15_heilkraeuterarbeit-900x675.jpeg\" alt=\"imagen 1 bolet\u00edn 16 trabajo con hierbas medicinales\" \/>\n\t\t\t\t<\/a>\n\t\t\t\t\t\t<h3>\n\t\t\t\t<a href=\"https:\/\/www.mission-21.org\/es\/gracias-y-adios-solveig-schrickels-last-newsletter-from-chile\/\" title=\"\u00a1Gracias y adi\u00f3s! \u00daltimo bolet\u00edn de Solveig Schrickel desde Chile\">\u00a1Gracias y adi\u00f3s! \u00daltimo bolet\u00edn de Solveig Schrickel desde Chile<\/a>\t\t\t<\/h3>\n\t\t\t\t\t\t\t<h5>\n\t\t\t19 de diciembre de 2024\t\t\t\n\t\t\t\t\t\t\t<\/h5>\n\t\t\t\t\t\t\t\t\t\t\t\t\t\t<a href=\"https:\/\/www.mission-21.org\/es\/estudios-sobre-el-coran-en-el-cairo-y-un-curso-semestral-sobre-satan-en-sabah\/\" target=\"_self\" title=\"Estudios cor\u00e1nicos en El Cairo y un curso semestral sobre S\u00e2t\u00e2n en Sabah.\">\n\t\t\t\t<img decoding=\"async\" src=\"https:\/\/www.mission-21.org\/wp-content\/uploads\/2024\/08\/bild-6_dscn0020-scaled-e1724161187210-900x677.jpg\" alt=\"imagen 6 dscn0020\" \/>\n\t\t\t\t<\/a>\n\t\t\t\t\t\t<h3>\n\t\t\t\t<a href=\"https:\/\/www.mission-21.org\/es\/estudios-sobre-el-coran-en-el-cairo-y-un-curso-semestral-sobre-satan-en-sabah\/\" title=\"Estudios cor\u00e1nicos en El Cairo y un curso semestral sobre S\u00e2t\u00e2n en Sabah.\">Estudios cor\u00e1nicos en El Cairo y un curso semestral sobre S\u00e2t\u00e2n en Sabah.<\/a>\t\t\t<\/h3>\n\t\t\t\t\t\t\t<h5>\n\t\t\t20 de agosto de 2024\t\t\t\n\t\t\t\t\t\t\t<\/h5>\n\t\t\t\t\t\t\t\t\t\t\t\t\t\t<a href=\"https:\/\/www.mission-21.org\/es\/daniel-gloor-en-malasia-navidad-y-reflexiones-sobre-el-antisemitismo-3\/\" target=\"_self\" title=\"Solveig Schrickel en Chile: chocolate y pol\u00edtica\">\n\t\t\t\t<img decoding=\"async\" src=\"https:\/\/www.mission-21.org\/wp-content\/uploads\/2024\/04\/bild-2-die-heilkraeuterkurse-sind-weiterhin-beliebt-scaled-e1712053759211-900x675.jpg\" alt=\"Personas en una mesa\" \/>\n\t\t\t\t<\/a>\n\t\t\t\t\t\t<h3>\n\t\t\t\t<a href=\"https:\/\/www.mission-21.org\/es\/daniel-gloor-en-malasia-navidad-y-reflexiones-sobre-el-antisemitismo-3\/\" title=\"Solveig Schrickel en Chile: chocolate y pol\u00edtica\">Solveig Schrickel en Chile: chocolate y pol\u00edtica<\/a>\t\t\t<\/h3>\n\t\t\t\t\t\t\t<h5>\n\t\t\t2 de abril de 2024\t\t\t\n\t\t\t\t\t\t\t<\/h5>","protected":false},"excerpt":{"rendered":"<p>Spenden Afrika Lumumba Togho Mukong, Kamerun, Koordinator Seit April 2016 werden alle von Mission 21 unterst\u00fctzten Projekte in Kamerun durch den Koordinator Lumumba Mukong betreut. Er hat in England seinen Master in Agrar\u00f6konomie gemacht und anschliessend f\u00fcr verschiedene NGOs in Kamerun gearbeitet. Yakubu Joseph, Nigeria, Koordinator Seit Oktober 2015 arbeitet Dr. Yakubu Joseph als Koordinator [&hellip;]<\/p>\n","protected":false},"author":1,"featured_media":16568,"parent":205,"menu_order":0,"comment_status":"closed","ping_status":"closed","template":"","meta":{"_acf_changed":false,"_seopress_robots_primary_cat":"","_seopress_titles_title":"","_seopress_titles_desc":"","_seopress_robots_index":"","_searchwp_excluded":"","site-sidebar-layout":"default","site-content-layout":"","ast-site-content-layout":"default","site-content-style":"default","site-sidebar-style":"default","ast-global-header-display":"","ast-banner-title-visibility":"","ast-main-header-display":"","ast-hfb-above-header-display":"","ast-hfb-below-header-display":"","ast-hfb-mobile-header-display":"","site-post-title":"","ast-breadcrumbs-content":"","ast-featured-img":"","footer-sml-layout":"","ast-disable-related-posts":"","theme-transparent-header-meta":"","adv-header-id-meta":"","stick-header-meta":"","header-above-stick-meta":"","header-main-stick-meta":"","header-below-stick-meta":"","astra-migrate-meta-layouts":"set","ast-page-background-enabled":"default","ast-page-background-meta":{"desktop":{"background-color":"var(--ast-global-color-4)","background-image":"","background-repeat":"repeat","background-position":"center center","background-size":"auto","background-attachment":"scroll","background-type":"","background-media":"","overlay-type":"","overlay-color":"","overlay-opacity":"","overlay-gradient":""},"tablet":{"background-color":"","background-image":"","background-repeat":"repeat","background-position":"center center","background-size":"auto","background-attachment":"scroll","background-type":"","background-media":"","overlay-type":"","overlay-color":"","overlay-opacity":"","overlay-gradient":""},"mobile":{"background-color":"","background-image":"","background-repeat":"repeat","background-position":"center center","background-size":"auto","background-attachment":"scroll","background-type":"","background-media":"","overlay-type":"","overlay-color":"","overlay-opacity":"","overlay-gradient":""}},"ast-content-background-meta":{"desktop":{"background-color":"var(--ast-global-color-5)","background-image":"","background-repeat":"repeat","background-position":"center center","background-size":"auto","background-attachment":"scroll","background-type":"","background-media":"","overlay-type":"","overlay-color":"","overlay-opacity":"","overlay-gradient":""},"tablet":{"background-color":"var(--ast-global-color-5)","background-image":"","background-repeat":"repeat","background-position":"center center","background-size":"auto","background-attachment":"scroll","background-type":"","background-media":"","overlay-type":"","overlay-color":"","overlay-opacity":"","overlay-gradient":""},"mobile":{"background-color":"var(--ast-global-color-5)","background-image":"","background-repeat":"repeat","background-position":"center center","background-size":"auto","background-attachment":"scroll","background-type":"","background-media":"","overlay-type":"","overlay-color":"","overlay-opacity":"","overlay-gradient":""}},"iawp_total_views":1128,"footnotes":""},"hf_cat_page":[300],"class_list":["post-3916","page","type-page","status-publish","has-post-thumbnail"],"acf":[],"_links":{"self":[{"href":"https:\/\/www.mission-21.org\/es\/wp-json\/wp\/v2\/pages\/3916","targetHints":{"allow":["GET"]}}],"collection":[{"href":"https:\/\/www.mission-21.org\/es\/wp-json\/wp\/v2\/pages"}],"about":[{"href":"https:\/\/www.mission-21.org\/es\/wp-json\/wp\/v2\/types\/page"}],"author":[{"embeddable":true,"href":"https:\/\/www.mission-21.org\/es\/wp-json\/wp\/v2\/users\/1"}],"replies":[{"embeddable":true,"href":"https:\/\/www.mission-21.org\/es\/wp-json\/wp\/v2\/comments?post=3916"}],"version-history":[{"count":11,"href":"https:\/\/www.mission-21.org\/es\/wp-json\/wp\/v2\/pages\/3916\/revisions"}],"predecessor-version":[{"id":19866,"href":"https:\/\/www.mission-21.org\/es\/wp-json\/wp\/v2\/pages\/3916\/revisions\/19866"}],"up":[{"embeddable":true,"href":"https:\/\/www.mission-21.org\/es\/wp-json\/wp\/v2\/pages\/205"}],"wp:featuredmedia":[{"embeddable":true,"href":"https:\/\/www.mission-21.org\/es\/wp-json\/wp\/v2\/media\/16568"}],"wp:attachment":[{"href":"https:\/\/www.mission-21.org\/es\/wp-json\/wp\/v2\/media?parent=3916"}],"wp:term":[{"taxonomy":"hf_cat_page","embeddable":true,"href":"https:\/\/www.mission-21.org\/es\/wp-json\/wp\/v2\/hf_cat_page?post=3916"}],"curies":[{"name":"wp","href":"https:\/\/api.w.org\/{rel}","templated":true}]}}