{"id":3977,"date":"2022-10-13T15:25:03","date_gmt":"2022-10-13T13:25:03","guid":{"rendered":"https:\/\/www.mission-21.org\/?page_id=3977"},"modified":"2022-11-01T09:25:16","modified_gmt":"2022-11-01T08:25:16","slug":"jointaction","status":"publish","type":"page","link":"https:\/\/www.mission-21.org\/es\/mitmachen\/youngmission21\/jointaction\/","title":{"rendered":"JointAction"},"content":{"rendered":"<img decoding=\"async\" src=\"https:\/\/www.mission-21.org\/wp-content\/uploads\/2022\/08\/csm_header_news_d521d70e38.jpeg\" alt=\"csm header news d521d70e38\" height=\"688\" width=\"1680\" title=\"csm_Header_News_d521d70e38\" \/>\n\t<div class=\"fl-builder-content fl-builder-content-3660 fl-builder-template fl-builder-module-template fl-builder-global-templates-locked\" data-post-id=\"3660\"><div class=\"fl-module fl-module-pp-toc fl-node-xrvkwe8ihtn6 toc\" data-node=\"xrvkwe8ihtn6\">\n\t<div class=\"fl-module-content fl-node-content\">\n\t\t<div class=\"pp-toc-container\">\n\t\n\t<div class=\"pp-toc-body\">\n\t\t\t\t\t<ul class=\"pp-toc-list-wrapper pp-toc-list-icon\"><\/ul>\n\t\t\t\t<\/div>\n<\/div>\n\n\t<\/div>\n<\/div>\n<\/div><div class=\"uabb-js-breakpoint\" style=\"display: none;\"><\/div>\n\t\t\t<h3>2022: Acci\u00f3n conjunta contra la violencia de g\u00e9nero<\/h3>\t\t\t\n\t\t\t\t<p>Del 25 de noviembre al 10 de diciembre de 2022, nos unimos a la campa\u00f1a internacional \"<a href=\"https:\/\/www.unwomen.org\/en\/what-we-do\/ending-violence-against-women\/take-action\/16-days-of-activism\" target=\"_blank\" rel=\"noopener\">16 d\u00edas de activismo contra la violencia de g\u00e9nero<\/a>\" y compartir preguntas, experiencias y recursos de nuestra red mundial en <a href=\"https:\/\/www.facebook.com\/youngatmission21\" target=\"_blank\" rel=\"noopener\">Facebook<\/a> y <a href=\"https:\/\/www.instagram.com\/youngatmission21\/\" target=\"_blank\" rel=\"noopener\">Instagram<\/a>. Compartimos voces de todo el mundo sobre los roles de g\u00e9nero, la igualdad de oportunidades y las formas de superar la violencia de g\u00e9nero.<\/p>\n<p><strong>Ayude a nuestra campa\u00f1a:<\/strong><br \/>Comparta sus preguntas, experiencias, inspiraciones o mejores pr\u00e1cticas para superar la violencia de g\u00e9nero: <strong><a href=\"https:\/\/forms.gle\/pdZYw2J5rTwDCe717\" target=\"_blank\" rel=\"noopener\">Formulario en l\u00ednea<\/a><\/strong>. Estamos deseando conocer el tema desde su perspectiva e incorporar sus aportaciones a nuestra campa\u00f1a. Forma parte de un movimiento internacional y contribuye al fin de la violencia de g\u00e9nero.<\/p>\n<p><strong>\u00bfQu\u00e9 es la violencia de g\u00e9nero?<\/strong><br \/>La violencia de g\u00e9nero es la que se ejerce contra una persona por raz\u00f3n de su sexo. Tanto las mujeres como los hombres se ven afectados por la violencia de g\u00e9nero, pero la mayor\u00eda de los afectados son mujeres y ni\u00f1as.<\/p>\n<p><strong>Formas de violencia de g\u00e9nero:<\/strong><\/p>\n<ul>\n<li>Violencia f\u00edsica (por ejemplo, agresi\u00f3n, privaci\u00f3n de libertad, etc.)<\/li>\n<li>Violencia sexual (es decir, cualquier acto sexual sin el consentimiento de la otra persona).<\/li>\n<li>Violencia psicol\u00f3gica (por ejemplo, coacci\u00f3n, insulto, acoso, etc.)<\/li>\n<li>Violencia econ\u00f3mica (por ejemplo, restricci\u00f3n del acceso a la financiaci\u00f3n, a la educaci\u00f3n, etc.)<\/li>\n<\/ul>\n<p><strong>Estad\u00edsticas:<\/strong><\/p>\n<ul>\n<li>Una de cada tres mujeres en el mundo sufrir\u00e1 abusos f\u00edsicos, sexuales o de otro tipo a lo largo de su vida. Se calcula que son 736 millones de mujeres y ni\u00f1as mayores de 15 a\u00f1os.<\/li>\n<li>La mayor parte de la violencia contra las mujeres es perpetrada por sus maridos o parejas \u00edntimas (anteriores o actuales).<\/li>\n<li>A nivel mundial, 81.000 mujeres y ni\u00f1as fueron asesinadas en 2020, de las cuales unas 47.000 (el 58%) murieron a manos de su pareja o de un familiar.<\/li>\n<li>Menos del 40% de las mujeres que sufren violencia buscan alg\u00fan tipo de ayuda. Menos del 10% de los que buscan ayuda acuden a la polic\u00eda.<\/li>\n<\/ul>\n<p>Fuente: <a href=\"https:\/\/www.unwomen.org\/en\/what-we-do\/ending-violence-against-women\/facts-and-figures\" target=\"_blank\" rel=\"noopener\">https:\/\/www.unwomen.org\/en\/what-we-do\/ending-violence-against-women\/facts-and-figures<\/a><\/p>\n<h2 id=\"2021JointActionWeEatTheWorld\">\u00a0<\/h2>\n\t\t\t<h3> 2021: JointAction Nos comemos el mundo <\/h3>\t\t\t\n\t\t\t\t<p>La comida es vital, est\u00e1 cargada de tradici\u00f3n, es pol\u00edtica. Con JointAction: Nos comemos el mundo, echamos un vistazo a la comida en todo el mundo en oto\u00f1o de 2021 y nos fijamos en lo que la gente come en diferentes lugares, de d\u00f3nde proceden los ingredientes y c\u00f3mo est\u00e1 todo conectado con las culturas, la religi\u00f3n y la justicia global.<\/p>\n\t<p>A lo largo del oto\u00f1o de 2021, recopilamos en nuestra red recetas con historias, im\u00e1genes o antecedentes de sus platos favoritos de todo el mundo y las compilamos en un libro de cocina con inspiraciones de todo el mundo. Tras presentar las diferentes recetas y temas a trav\u00e9s de <u><strong><a href=\"https:\/\/www.instagram.com\/youngatmission21\/\" target=\"_blank\" rel=\"noopener\">Instagram<\/a><\/strong><\/u> y <u><strong><a href=\"https:\/\/www.facebook.com\/youngatmission21\" target=\"_blank\" rel=\"noopener\">Facebook<\/a><\/strong><\/u> ofrecemos la colecci\u00f3n de recetas internacionales de forma gratuita <strong><u><a href=\"https:\/\/www.mission-21.org\/fileadmin\/Webseite_Mission_21\/YoungatMission21\/JointAction21\/JointAction_-_We_eat_the_world_-_International_Recipe_Collection.pdf\">Descargar aqu\u00ed<\/a><\/u><\/strong> en. Esperamos que se divierta prob\u00e1ndolo.<\/p>\n<p>Para clausurar la JointAction de este a\u00f1o, nos reunimos para celebrar una comida internacional y publicamos un video tutorial de un sencillo plato de arroz a trav\u00e9s de nuestros canales de redes sociales. Puede encontrar el v\u00eddeo completo <strong><u><a href=\"https:\/\/www.facebook.com\/817713468400572\/videos\/588644945731472\" target=\"_blank\" rel=\"noopener\">aqu\u00ed<\/a><\/u><\/strong>.<\/p>\n\t<iframe><\/iframe>\n<h2>\n\t\t2020: Diario de JointAction Corona\n\t<\/h2>\n<h2>\n\t\t2019: Acci\u00f3n conjunta contra el discurso de odio\n\t<\/h2>\n<h2>\n\t\t 2018: JointAction for Environment \n\t<\/h2>","protected":false},"excerpt":{"rendered":"<p>2022: JointAction against Gender-Based Violence Vom 25. November bis 10. Dezember 2022 schliessen wir uns der internationalen Kampagne &#8222;16 Days of Activism against Gender-Based Violence&#8220; an und teilen Fragen, Erfahrungen und Ressourcen aus unserem weltweiten Netzwerk auf Facebook und Instagram. Wir teilen Stimmen aus der ganzen Welt \u00fcber Geschlechterrollen, Chancengleichheit und M\u00f6glichkeiten, geschlechtsspezifische Gewalt zu [&hellip;]<\/p>\n","protected":false},"author":1,"featured_media":3979,"parent":3497,"menu_order":0,"comment_status":"closed","ping_status":"closed","template":"","meta":{"_acf_changed":false,"_seopress_robots_primary_cat":"","_seopress_titles_title":"","_seopress_titles_desc":"","_seopress_robots_index":"","_searchwp_excluded":"","site-sidebar-layout":"default","site-content-layout":"","ast-site-content-layout":"default","site-content-style":"default","site-sidebar-style":"default","ast-global-header-display":"","ast-banner-title-visibility":"","ast-main-header-display":"","ast-hfb-above-header-display":"","ast-hfb-below-header-display":"","ast-hfb-mobile-header-display":"","site-post-title":"","ast-breadcrumbs-content":"","ast-featured-img":"","footer-sml-layout":"","ast-disable-related-posts":"","theme-transparent-header-meta":"","adv-header-id-meta":"","stick-header-meta":"","header-above-stick-meta":"","header-main-stick-meta":"","header-below-stick-meta":"","astra-migrate-meta-layouts":"default","ast-page-background-enabled":"default","ast-page-background-meta":{"desktop":{"background-color":"var(--ast-global-color-4)","background-image":"","background-repeat":"repeat","background-position":"center center","background-size":"auto","background-attachment":"scroll","background-type":"","background-media":"","overlay-type":"","overlay-color":"","overlay-opacity":"","overlay-gradient":""},"tablet":{"background-color":"","background-image":"","background-repeat":"repeat","background-position":"center center","background-size":"auto","background-attachment":"scroll","background-type":"","background-media":"","overlay-type":"","overlay-color":"","overlay-opacity":"","overlay-gradient":""},"mobile":{"background-color":"","background-image":"","background-repeat":"repeat","background-position":"center center","background-size":"auto","background-attachment":"scroll","background-type":"","background-media":"","overlay-type":"","overlay-color":"","overlay-opacity":"","overlay-gradient":""}},"ast-content-background-meta":{"desktop":{"background-color":"var(--ast-global-color-5)","background-image":"","background-repeat":"repeat","background-position":"center center","background-size":"auto","background-attachment":"scroll","background-type":"","background-media":"","overlay-type":"","overlay-color":"","overlay-opacity":"","overlay-gradient":""},"tablet":{"background-color":"var(--ast-global-color-5)","background-image":"","background-repeat":"repeat","background-position":"center center","background-size":"auto","background-attachment":"scroll","background-type":"","background-media":"","overlay-type":"","overlay-color":"","overlay-opacity":"","overlay-gradient":""},"mobile":{"background-color":"var(--ast-global-color-5)","background-image":"","background-repeat":"repeat","background-position":"center center","background-size":"auto","background-attachment":"scroll","background-type":"","background-media":"","overlay-type":"","overlay-color":"","overlay-opacity":"","overlay-gradient":""}},"iawp_total_views":54,"footnotes":""},"hf_cat_page":[297],"class_list":["post-3977","page","type-page","status-publish","has-post-thumbnail"],"acf":[],"_links":{"self":[{"href":"https:\/\/www.mission-21.org\/es\/wp-json\/wp\/v2\/pages\/3977","targetHints":{"allow":["GET"]}}],"collection":[{"href":"https:\/\/www.mission-21.org\/es\/wp-json\/wp\/v2\/pages"}],"about":[{"href":"https:\/\/www.mission-21.org\/es\/wp-json\/wp\/v2\/types\/page"}],"author":[{"embeddable":true,"href":"https:\/\/www.mission-21.org\/es\/wp-json\/wp\/v2\/users\/1"}],"replies":[{"embeddable":true,"href":"https:\/\/www.mission-21.org\/es\/wp-json\/wp\/v2\/comments?post=3977"}],"version-history":[{"count":8,"href":"https:\/\/www.mission-21.org\/es\/wp-json\/wp\/v2\/pages\/3977\/revisions"}],"predecessor-version":[{"id":4899,"href":"https:\/\/www.mission-21.org\/es\/wp-json\/wp\/v2\/pages\/3977\/revisions\/4899"}],"up":[{"embeddable":true,"href":"https:\/\/www.mission-21.org\/es\/wp-json\/wp\/v2\/pages\/3497"}],"wp:featuredmedia":[{"embeddable":true,"href":"https:\/\/www.mission-21.org\/es\/wp-json\/wp\/v2\/media\/3979"}],"wp:attachment":[{"href":"https:\/\/www.mission-21.org\/es\/wp-json\/wp\/v2\/media?parent=3977"}],"wp:term":[{"taxonomy":"hf_cat_page","embeddable":true,"href":"https:\/\/www.mission-21.org\/es\/wp-json\/wp\/v2\/hf_cat_page?post=3977"}],"curies":[{"name":"wp","href":"https:\/\/api.w.org\/{rel}","templated":true}]}}