{"id":4016,"date":"2022-10-13T16:16:01","date_gmt":"2022-10-13T14:16:01","guid":{"rendered":"https:\/\/www.mission-21.org\/?page_id=4016"},"modified":"2022-10-21T22:07:44","modified_gmt":"2022-10-21T20:07:44","slug":"descargas","status":"publish","type":"page","link":"https:\/\/www.mission-21.org\/es\/downloads\/","title":{"rendered":"Descargas"},"content":{"rendered":"<div class=\"fl-builder-content fl-builder-content-3660 fl-builder-template fl-builder-module-template fl-builder-global-templates-locked\" data-post-id=\"3660\"><div class=\"fl-module fl-module-pp-toc fl-node-xrvkwe8ihtn6 toc\" data-node=\"xrvkwe8ihtn6\">\n\t<div class=\"fl-module-content fl-node-content\">\n\t\t<div class=\"pp-toc-container\">\n\t\n\t<div class=\"pp-toc-body\">\n\t\t\t\t\t<ul class=\"pp-toc-list-wrapper pp-toc-list-icon\"><\/ul>\n\t\t\t\t<\/div>\n<\/div>\n\n\t<\/div>\n<\/div>\n<\/div><div class=\"uabb-js-breakpoint\" style=\"display: none;\"><\/div>\n<h2>\n\t\tCuadernos de trabajo\n\t<\/h2>\n\t<meta itemscope itemprop=\"mainEntityOfPage\" itemtype=\"https:\/\/schema.org\/WebPage\" itemid=\"https:\/\/www.mission-21.org\/download\/kampagnenarbeitsheft-2022\/\" content=\"Kampagnenarbeitsheft 2022\" \/><meta itemprop=\"datePublished\" content=\"2022-09-21\" \/><meta itemprop=\"dateModified\" content=\"2022-09-23\" \/><meta itemprop=\"name\" content=\"Mission 21\"\/><meta itemprop=\"url\" content=\"https:\/\/www.mission-21.org\/wp-content\/uploads\/2022\/08\/de-blau.svg\"\/><meta itemprop=\"url\" content=\"https:\/\/www.mission-21.org\/author\/ms_i2r4b8vl\/\" \/><meta itemprop=\"name\" content=\"Michael Salzer\" \/><meta itemprop=\"interactionType\" content=\"https:\/\/schema.org\/CommentAction\" \/><meta itemprop=\"userInteractionCount\" content=\"0\" \/><h4><a href='https:\/\/www.mission-21.org\/es\/descargar\/cuaderno-de-campana-2023\/' title='Cuaderno de trabajo de la campa\u00f1a 2022'>Cuaderno de trabajo de la campa\u00f1a 2022<\/a><\/h4>\n\t<meta itemscope itemprop=\"mainEntityOfPage\" itemtype=\"https:\/\/schema.org\/WebPage\" itemid=\"https:\/\/www.mission-21.org\/download\/taufe\/\" content=\"Taufe\" \/><meta itemprop=\"datePublished\" content=\"2022-09-23\" \/><meta itemprop=\"dateModified\" content=\"2022-09-23\" \/><meta itemprop=\"name\" content=\"Mission 21\"\/><meta itemprop=\"url\" content=\"https:\/\/www.mission-21.org\/wp-content\/uploads\/2022\/08\/de-blau.svg\"\/><meta itemprop=\"url\" content=\"https:\/\/www.mission-21.org\/author\/laura\/\" \/><meta itemprop=\"name\" content=\"Laura Mitello\" \/><meta itemprop=\"interactionType\" content=\"https:\/\/schema.org\/CommentAction\" \/><meta itemprop=\"userInteractionCount\" content=\"0\" \/><h4><a href='https:\/\/www.mission-21.org\/es\/descargar\/bautismo\/' title='Bautizo'>Bautizo<\/a><\/h4>\n<h2>\n\t\tDocumentos de culto para la campa\u00f1a de 2021\n\t<\/h2>\n\t<meta itemscope itemprop=\"mainEntityOfPage\" itemtype=\"https:\/\/schema.org\/WebPage\" itemid=\"https:\/\/www.mission-21.org\/download\/gottesdienstunterlagen-zur-kampagne-2022\/\" content=\"Gottesdienstunterlagen zur Kampagne 2022\" \/><meta itemprop=\"datePublished\" content=\"2022-09-23\" \/><meta itemprop=\"dateModified\" content=\"2022-09-23\" \/><meta itemprop=\"name\" content=\"Mission 21\"\/><meta itemprop=\"url\" content=\"https:\/\/www.mission-21.org\/wp-content\/uploads\/2022\/08\/de-blau.svg\"\/><meta itemprop=\"url\" content=\"https:\/\/www.mission-21.org\/author\/laura\/\" \/><meta itemprop=\"name\" content=\"Laura Mitello\" \/><meta itemprop=\"interactionType\" content=\"https:\/\/schema.org\/CommentAction\" \/><meta itemprop=\"userInteractionCount\" content=\"0\" \/><h4><a href='https:\/\/www.mission-21.org\/es\/descargar\/documentos-de-servicio-para-la-campana-de-2022\/' title='Documentos de culto para la campa\u00f1a de 2022'>Documentos de culto para la campa\u00f1a de 2022<\/a><\/h4>\n<h2>\n\t\tCampa\u00f1a 2021\n\t<\/h2>\n\t<meta itemscope itemprop=\"mainEntityOfPage\" itemtype=\"https:\/\/schema.org\/WebPage\" itemid=\"https:\/\/www.mission-21.org\/download\/ideen-fuer-den-unterricht-zur-kampagne-2022\/\" content=\"Ideen f\u00fcr den Unterricht zur Kampagne 2022\" \/><meta itemprop=\"datePublished\" content=\"2022-09-23\" \/><meta itemprop=\"dateModified\" content=\"2022-09-23\" \/><meta itemprop=\"name\" content=\"Mission 21\"\/><meta itemprop=\"url\" content=\"https:\/\/www.mission-21.org\/wp-content\/uploads\/2022\/08\/de-blau.svg\"\/><meta itemprop=\"url\" content=\"https:\/\/www.mission-21.org\/author\/laura\/\" \/><meta itemprop=\"name\" content=\"Laura Mitello\" \/><meta itemprop=\"interactionType\" content=\"https:\/\/schema.org\/CommentAction\" \/><meta itemprop=\"userInteractionCount\" content=\"0\" \/><h4><a href='https:\/\/www.mission-21.org\/es\/descargar\/ideas-para-ensenar-la-campana-de-2022\/' title='Ideas para ense\u00f1ar la campa\u00f1a de 2022'>Ideas para ense\u00f1ar la campa\u00f1a de 2022<\/a><\/h4>\n\t<meta itemscope itemprop=\"mainEntityOfPage\" itemtype=\"https:\/\/schema.org\/WebPage\" itemid=\"https:\/\/www.mission-21.org\/download\/kampagnenflyer-2021\/\" content=\"Kampagnenflyer 2021\" \/><meta itemprop=\"datePublished\" content=\"2022-09-23\" \/><meta itemprop=\"dateModified\" content=\"2022-09-23\" \/><meta itemprop=\"name\" content=\"Mission 21\"\/><meta itemprop=\"url\" content=\"https:\/\/www.mission-21.org\/wp-content\/uploads\/2022\/08\/de-blau.svg\"\/><meta itemprop=\"url\" content=\"https:\/\/www.mission-21.org\/author\/laura\/\" \/><meta itemprop=\"name\" content=\"Laura Mitello\" \/><meta itemprop=\"interactionType\" content=\"https:\/\/schema.org\/CommentAction\" \/><meta itemprop=\"userInteractionCount\" content=\"0\" \/><h4><a href='https:\/\/www.mission-21.org\/es\/descargar\/folleto-de-campana-2021\/' title='Folleto de la campa\u00f1a 2021'>Folleto de la campa\u00f1a 2021<\/a><\/h4>\n\t<meta itemscope itemprop=\"mainEntityOfPage\" itemtype=\"https:\/\/schema.org\/WebPage\" itemid=\"https:\/\/www.mission-21.org\/download\/kampagnenmagazin-2021\/\" content=\"Kampagnenmagazin 2021\" \/><meta itemprop=\"datePublished\" content=\"2022-09-23\" \/><meta itemprop=\"dateModified\" content=\"2022-09-23\" \/><meta itemprop=\"name\" content=\"Mission 21\"\/><meta itemprop=\"url\" content=\"https:\/\/www.mission-21.org\/wp-content\/uploads\/2022\/08\/de-blau.svg\"\/><meta itemprop=\"url\" content=\"https:\/\/www.mission-21.org\/author\/laura\/\" \/><meta itemprop=\"name\" content=\"Laura Mitello\" \/><meta itemprop=\"interactionType\" content=\"https:\/\/schema.org\/CommentAction\" \/><meta itemprop=\"userInteractionCount\" content=\"0\" \/><h4><a href='https:\/\/www.mission-21.org\/es\/descargar\/revista-de-campana-2021\/' title='Revista de la campa\u00f1a 2021'>Revista de la campa\u00f1a 2021<\/a><\/h4>\n\t<meta itemscope itemprop=\"mainEntityOfPage\" itemtype=\"https:\/\/schema.org\/WebPage\" itemid=\"https:\/\/www.mission-21.org\/download\/kampagnenplakate-2021\/\" content=\"Kampagnenplakate 2021\" \/><meta itemprop=\"datePublished\" content=\"2022-09-23\" \/><meta itemprop=\"dateModified\" content=\"2022-09-23\" \/><meta itemprop=\"name\" content=\"Mission 21\"\/><meta itemprop=\"url\" content=\"https:\/\/www.mission-21.org\/wp-content\/uploads\/2022\/08\/de-blau.svg\"\/><meta itemprop=\"url\" content=\"https:\/\/www.mission-21.org\/author\/laura\/\" \/><meta itemprop=\"name\" content=\"Laura Mitello\" \/><meta itemprop=\"interactionType\" content=\"https:\/\/schema.org\/CommentAction\" \/><meta itemprop=\"userInteractionCount\" content=\"0\" \/><h4><a href='https:\/\/www.mission-21.org\/es\/descargar\/carteles-de-campana-2021\/' title='Carteles de la campa\u00f1a 2021'>Carteles de la campa\u00f1a 2021<\/a><\/h4>\n<h2>\n\t\tCampa\u00f1a 2022\n\t<\/h2>\n\t<meta itemscope itemprop=\"mainEntityOfPage\" itemtype=\"https:\/\/schema.org\/WebPage\" itemid=\"https:\/\/www.mission-21.org\/download\/projektheft-2022\/\" content=\"Projektheft 2022\" \/><meta itemprop=\"datePublished\" content=\"2022-09-23\" \/><meta itemprop=\"dateModified\" content=\"2022-09-23\" \/><meta itemprop=\"name\" content=\"Mission 21\"\/><meta itemprop=\"url\" content=\"https:\/\/www.mission-21.org\/wp-content\/uploads\/2022\/08\/de-blau.svg\"\/><meta itemprop=\"url\" content=\"https:\/\/www.mission-21.org\/author\/laura\/\" \/><meta itemprop=\"name\" content=\"Laura Mitello\" \/><meta itemprop=\"interactionType\" content=\"https:\/\/schema.org\/CommentAction\" \/><meta itemprop=\"userInteractionCount\" content=\"0\" \/><h4><a href='https:\/\/www.mission-21.org\/es\/descargar\/folleto-del-proyecto-2027\/' title='Folleto del proyecto 2022'>Folleto del proyecto 2022<\/a><\/h4>\n<h2>\n\t\tGu\u00edas\n\t<\/h2>\n\t<meta itemscope itemprop=\"mainEntityOfPage\" itemtype=\"https:\/\/schema.org\/WebPage\" itemid=\"https:\/\/www.mission-21.org\/download\/leitfaden-basargestaltung\/\" content=\"Leitfaden Basargestaltung\" \/><meta itemprop=\"datePublished\" content=\"2022-09-23\" \/><meta itemprop=\"dateModified\" content=\"2022-09-23\" \/><meta itemprop=\"name\" content=\"Mission 21\"\/><meta itemprop=\"url\" content=\"https:\/\/www.mission-21.org\/wp-content\/uploads\/2022\/08\/de-blau.svg\"\/><meta itemprop=\"url\" content=\"https:\/\/www.mission-21.org\/author\/laura\/\" \/><meta itemprop=\"name\" content=\"Laura Mitello\" \/><meta itemprop=\"interactionType\" content=\"https:\/\/schema.org\/CommentAction\" \/><meta itemprop=\"userInteractionCount\" content=\"0\" \/><h4><a href='https:\/\/www.mission-21.org\/es\/descargar\/guia-de-diseno-basar\/' title='Gu\u00eda de dise\u00f1o de bazares'>Gu\u00eda de dise\u00f1o de bazares<\/a><\/h4>\n\t<meta itemscope itemprop=\"mainEntityOfPage\" itemtype=\"https:\/\/schema.org\/WebPage\" itemid=\"https:\/\/www.mission-21.org\/download\/leitfaden-baumpflanz-aktion\/\" content=\"Leitfaden Baumpflanz-Aktion\" \/><meta itemprop=\"datePublished\" content=\"2022-09-23\" \/><meta itemprop=\"dateModified\" content=\"2022-09-23\" \/><meta itemprop=\"name\" content=\"Mission 21\"\/><meta itemprop=\"url\" content=\"https:\/\/www.mission-21.org\/wp-content\/uploads\/2022\/08\/de-blau.svg\"\/><meta itemprop=\"url\" content=\"https:\/\/www.mission-21.org\/author\/laura\/\" \/><meta itemprop=\"name\" content=\"Laura Mitello\" \/><meta itemprop=\"interactionType\" content=\"https:\/\/schema.org\/CommentAction\" \/><meta itemprop=\"userInteractionCount\" content=\"0\" \/><h4><a href='https:\/\/www.mission-21.org\/es\/descargar\/guiar-la-accion-de-plantar-arboles\/' title='Directriz Acci\u00f3n de plantaci\u00f3n de \u00e1rboles'>Directriz Acci\u00f3n de plantaci\u00f3n de \u00e1rboles<\/a><\/h4>\n\t<meta itemscope itemprop=\"mainEntityOfPage\" itemtype=\"https:\/\/schema.org\/WebPage\" itemid=\"https:\/\/www.mission-21.org\/download\/leitfaden-fuer-benefiz-essen\/\" content=\"Leitfaden f\u00fcr Benefiz-Essen\" \/><meta itemprop=\"datePublished\" content=\"2022-09-23\" \/><meta itemprop=\"dateModified\" content=\"2022-09-23\" \/><meta itemprop=\"name\" content=\"Mission 21\"\/><meta itemprop=\"url\" content=\"https:\/\/www.mission-21.org\/wp-content\/uploads\/2022\/08\/de-blau.svg\"\/><meta itemprop=\"url\" content=\"https:\/\/www.mission-21.org\/author\/laura\/\" \/><meta itemprop=\"name\" content=\"Laura Mitello\" \/><meta itemprop=\"interactionType\" content=\"https:\/\/schema.org\/CommentAction\" \/><meta itemprop=\"userInteractionCount\" content=\"0\" \/><h4><a href='https:\/\/www.mission-21.org\/es\/descargar\/guia-para-el-beneficio-de-comer\/' title='Gu\u00eda para cenas ben\u00e9ficas'>Gu\u00eda para cenas ben\u00e9ficas<\/a><\/h4>\n\t<meta itemscope itemprop=\"mainEntityOfPage\" itemtype=\"https:\/\/schema.org\/WebPage\" itemid=\"https:\/\/www.mission-21.org\/download\/leitfaden-fuer-die-durchfuehrung-eines-afrikanischen-essens\/\" content=\"Leitfaden f\u00fcr die Durchf\u00fchrung eines afrikanischen Essens\" \/><meta itemprop=\"datePublished\" content=\"2022-09-23\" \/><meta itemprop=\"dateModified\" content=\"2022-09-23\" \/><meta itemprop=\"name\" content=\"Mission 21\"\/><meta itemprop=\"url\" content=\"https:\/\/www.mission-21.org\/wp-content\/uploads\/2022\/08\/de-blau.svg\"\/><meta itemprop=\"url\" content=\"https:\/\/www.mission-21.org\/author\/laura\/\" \/><meta itemprop=\"name\" content=\"Laura Mitello\" \/><meta itemprop=\"interactionType\" content=\"https:\/\/schema.org\/CommentAction\" \/><meta itemprop=\"userInteractionCount\" content=\"0\" \/><h4><a href='https:\/\/www.mission-21.org\/es\/descargar\/guia-para-implementar-una-cena-africana\/' title='Gu\u00eda para la aplicaci\u00f3n de una comida africana'>Gu\u00eda para la aplicaci\u00f3n de una comida africana<\/a><\/h4>\n\t<meta itemscope itemprop=\"mainEntityOfPage\" itemtype=\"https:\/\/schema.org\/WebPage\" itemid=\"https:\/\/www.mission-21.org\/download\/leitfaden-fuer-eine-effektiveoeffentlichkeits-und-medienarbeitin-kirchgemeinden\/\" content=\"Leitfaden f\u00fcr eine effektive \u00d6ffentlichkeits- und Medienarbeitin Kirchgemeinden\" \/><meta itemprop=\"datePublished\" content=\"2022-09-23\" \/><meta itemprop=\"dateModified\" content=\"2022-09-23\" \/><meta itemprop=\"name\" content=\"Mission 21\"\/><meta itemprop=\"url\" content=\"https:\/\/www.mission-21.org\/wp-content\/uploads\/2022\/08\/de-blau.svg\"\/><meta itemprop=\"url\" content=\"https:\/\/www.mission-21.org\/author\/laura\/\" \/><meta itemprop=\"name\" content=\"Laura Mitello\" \/><meta itemprop=\"interactionType\" content=\"https:\/\/schema.org\/CommentAction\" \/><meta itemprop=\"userInteractionCount\" content=\"0\" \/><h4><a href='https:\/\/www.mission-21.org\/es\/descargar\/directrices-para-un-trabajo-eficaz-de-relaciones-publicas-y-medios-de-comunicacion-en-las-comunidades-eclesiales\/' title='Directrices para un trabajo eficaz de relaciones p\u00fablicas y medios de comunicaci\u00f3n en las parroquias'>Directrices para un trabajo eficaz de relaciones p\u00fablicas y medios de comunicaci\u00f3n en las parroquias<\/a><\/h4>\n\t<meta itemscope itemprop=\"mainEntityOfPage\" itemtype=\"https:\/\/schema.org\/WebPage\" itemid=\"https:\/\/www.mission-21.org\/download\/leitfaden-fuer-kerzenziehen\/\" content=\"Leitfaden f\u00fcr Kerzenziehen\" \/><meta itemprop=\"datePublished\" content=\"2022-09-23\" \/><meta itemprop=\"dateModified\" content=\"2022-09-23\" \/><meta itemprop=\"name\" content=\"Mission 21\"\/><meta itemprop=\"url\" content=\"https:\/\/www.mission-21.org\/wp-content\/uploads\/2022\/08\/de-blau.svg\"\/><meta itemprop=\"url\" content=\"https:\/\/www.mission-21.org\/author\/laura\/\" \/><meta itemprop=\"name\" content=\"Laura Mitello\" \/><meta itemprop=\"interactionType\" content=\"https:\/\/schema.org\/CommentAction\" \/><meta itemprop=\"userInteractionCount\" content=\"0\" \/><h4><a href='https:\/\/www.mission-21.org\/es\/descargar\/guia-para-tirar-velas\/' title='Gu\u00eda para la fabricaci\u00f3n de velas'>Gu\u00eda para la fabricaci\u00f3n de velas<\/a><\/h4>\n\t<meta itemscope itemprop=\"mainEntityOfPage\" itemtype=\"https:\/\/schema.org\/WebPage\" itemid=\"https:\/\/www.mission-21.org\/download\/leitfaden-fuer-suppentage\/\" content=\"Leitfaden f\u00fcr Suppentage\" \/><meta itemprop=\"datePublished\" content=\"2022-09-23\" \/><meta itemprop=\"dateModified\" content=\"2022-09-23\" \/><meta itemprop=\"name\" content=\"Mission 21\"\/><meta itemprop=\"url\" content=\"https:\/\/www.mission-21.org\/wp-content\/uploads\/2022\/08\/de-blau.svg\"\/><meta itemprop=\"url\" content=\"https:\/\/www.mission-21.org\/author\/laura\/\" \/><meta itemprop=\"name\" content=\"Laura Mitello\" \/><meta itemprop=\"interactionType\" content=\"https:\/\/schema.org\/CommentAction\" \/><meta itemprop=\"userInteractionCount\" content=\"0\" \/><h4><a href='https:\/\/www.mission-21.org\/es\/descargar\/guia-para-dias-de-sopa\/' title='Gu\u00eda para los d\u00edas de la sopa'>Gu\u00eda para los d\u00edas de la sopa<\/a><\/h4>\n\t<meta itemscope itemprop=\"mainEntityOfPage\" itemtype=\"https:\/\/schema.org\/WebPage\" itemid=\"https:\/\/www.mission-21.org\/download\/leitfaden-spendenlaeufe\/\" content=\"Leitfaden Spendenl\u00e4ufe\" \/><meta itemprop=\"datePublished\" content=\"2022-09-23\" \/><meta itemprop=\"dateModified\" content=\"2022-09-23\" \/><meta itemprop=\"name\" content=\"Mission 21\"\/><meta itemprop=\"url\" content=\"https:\/\/www.mission-21.org\/wp-content\/uploads\/2022\/08\/de-blau.svg\"\/><meta itemprop=\"url\" content=\"https:\/\/www.mission-21.org\/author\/laura\/\" \/><meta itemprop=\"name\" content=\"Laura Mitello\" \/><meta itemprop=\"interactionType\" content=\"https:\/\/schema.org\/CommentAction\" \/><meta itemprop=\"userInteractionCount\" content=\"0\" \/><h4><a href='https:\/\/www.mission-21.org\/es\/descargar\/guia-de-donaciones-2\/' title='Gu\u00eda de carreras para recaudar fondos'>Gu\u00eda de carreras para recaudar fondos<\/a><\/h4>\n\t<meta itemscope itemprop=\"mainEntityOfPage\" itemtype=\"https:\/\/schema.org\/WebPage\" itemid=\"https:\/\/www.mission-21.org\/download\/leitfaden-sportturniere\/\" content=\"Leitfaden Sportturniere\" \/><meta itemprop=\"datePublished\" content=\"2022-09-23\" \/><meta itemprop=\"dateModified\" content=\"2022-09-23\" \/><meta itemprop=\"name\" content=\"Mission 21\"\/><meta itemprop=\"url\" content=\"https:\/\/www.mission-21.org\/wp-content\/uploads\/2022\/08\/de-blau.svg\"\/><meta itemprop=\"url\" content=\"https:\/\/www.mission-21.org\/author\/laura\/\" \/><meta itemprop=\"name\" content=\"Laura Mitello\" \/><meta itemprop=\"interactionType\" content=\"https:\/\/schema.org\/CommentAction\" \/><meta itemprop=\"userInteractionCount\" content=\"0\" \/><h4><a href='https:\/\/www.mission-21.org\/es\/descargar\/guia-de-torneos-deportivos\/' title='Gu\u00eda de torneos deportivos'>Gu\u00eda de torneos deportivos<\/a><\/h4>\n\t<meta itemscope itemprop=\"mainEntityOfPage\" itemtype=\"https:\/\/schema.org\/WebPage\" itemid=\"https:\/\/www.mission-21.org\/download\/leitfaden-zur-motivation-von-freiwilligen\/\" content=\"Leitfaden zur Motivation von Freiwilligen\" \/><meta itemprop=\"datePublished\" content=\"2022-09-23\" \/><meta itemprop=\"dateModified\" content=\"2022-09-23\" \/><meta itemprop=\"name\" content=\"Mission 21\"\/><meta itemprop=\"url\" content=\"https:\/\/www.mission-21.org\/wp-content\/uploads\/2022\/08\/de-blau.svg\"\/><meta itemprop=\"url\" content=\"https:\/\/www.mission-21.org\/author\/laura\/\" \/><meta itemprop=\"name\" content=\"Laura Mitello\" \/><meta itemprop=\"interactionType\" content=\"https:\/\/schema.org\/CommentAction\" \/><meta itemprop=\"userInteractionCount\" content=\"0\" \/><h4><a href='https:\/\/www.mission-21.org\/es\/descargar\/guia-para-motivar-a-los-voluntarios\/' title='Gu\u00eda para motivar a los voluntarios'>Gu\u00eda para motivar a los voluntarios<\/a><\/h4>","protected":false},"excerpt":{"rendered":"<p>Arbeitshefte Kampagnenarbeitsheft 2022 Taufe Gottesdienstunterlagen zur Kampagne 2021 Gottesdienstunterlagen zur Kampagne 2022 Kampagne 2021 Ideen f\u00fcr den Unterricht zur Kampagne 2022 Kampagnenflyer 2021 Kampagnenmagazin 2021 Kampagnenplakate 2021 Kampagne 2022 Projektheft 2022 Leitf\u00e4den Leitfaden Basargestaltung Leitfaden Baumpflanz-Aktion Leitfaden f\u00fcr Benefiz-Essen Leitfaden f\u00fcr die Durchf\u00fchrung eines afrikanischen Essens Leitfaden f\u00fcr eine effektive \u00d6ffentlichkeits- und Medienarbeitin Kirchgemeinden Leitfaden [&hellip;]<\/p>\n","protected":false},"author":1,"featured_media":0,"parent":0,"menu_order":0,"comment_status":"closed","ping_status":"closed","template":"","meta":{"_acf_changed":false,"_seopress_robots_primary_cat":"","_seopress_titles_title":"","_seopress_titles_desc":"","_seopress_robots_index":"","_searchwp_excluded":"","site-sidebar-layout":"default","site-content-layout":"","ast-site-content-layout":"default","site-content-style":"default","site-sidebar-style":"default","ast-global-header-display":"","ast-banner-title-visibility":"","ast-main-header-display":"","ast-hfb-above-header-display":"","ast-hfb-below-header-display":"","ast-hfb-mobile-header-display":"","site-post-title":"","ast-breadcrumbs-content":"","ast-featured-img":"","footer-sml-layout":"","ast-disable-related-posts":"","theme-transparent-header-meta":"","adv-header-id-meta":"","stick-header-meta":"","header-above-stick-meta":"","header-main-stick-meta":"","header-below-stick-meta":"","astra-migrate-meta-layouts":"default","ast-page-background-enabled":"default","ast-page-background-meta":{"desktop":{"background-color":"var(--ast-global-color-4)","background-image":"","background-repeat":"repeat","background-position":"center center","background-size":"auto","background-attachment":"scroll","background-type":"","background-media":"","overlay-type":"","overlay-color":"","overlay-opacity":"","overlay-gradient":""},"tablet":{"background-color":"","background-image":"","background-repeat":"repeat","background-position":"center center","background-size":"auto","background-attachment":"scroll","background-type":"","background-media":"","overlay-type":"","overlay-color":"","overlay-opacity":"","overlay-gradient":""},"mobile":{"background-color":"","background-image":"","background-repeat":"repeat","background-position":"center center","background-size":"auto","background-attachment":"scroll","background-type":"","background-media":"","overlay-type":"","overlay-color":"","overlay-opacity":"","overlay-gradient":""}},"ast-content-background-meta":{"desktop":{"background-color":"var(--ast-global-color-5)","background-image":"","background-repeat":"repeat","background-position":"center center","background-size":"auto","background-attachment":"scroll","background-type":"","background-media":"","overlay-type":"","overlay-color":"","overlay-opacity":"","overlay-gradient":""},"tablet":{"background-color":"var(--ast-global-color-5)","background-image":"","background-repeat":"repeat","background-position":"center center","background-size":"auto","background-attachment":"scroll","background-type":"","background-media":"","overlay-type":"","overlay-color":"","overlay-opacity":"","overlay-gradient":""},"mobile":{"background-color":"var(--ast-global-color-5)","background-image":"","background-repeat":"repeat","background-position":"center center","background-size":"auto","background-attachment":"scroll","background-type":"","background-media":"","overlay-type":"","overlay-color":"","overlay-opacity":"","overlay-gradient":""}},"iawp_total_views":75,"footnotes":""},"hf_cat_page":[304],"class_list":["post-4016","page","type-page","status-publish"],"acf":[],"_links":{"self":[{"href":"https:\/\/www.mission-21.org\/es\/wp-json\/wp\/v2\/pages\/4016","targetHints":{"allow":["GET"]}}],"collection":[{"href":"https:\/\/www.mission-21.org\/es\/wp-json\/wp\/v2\/pages"}],"about":[{"href":"https:\/\/www.mission-21.org\/es\/wp-json\/wp\/v2\/types\/page"}],"author":[{"embeddable":true,"href":"https:\/\/www.mission-21.org\/es\/wp-json\/wp\/v2\/users\/1"}],"replies":[{"embeddable":true,"href":"https:\/\/www.mission-21.org\/es\/wp-json\/wp\/v2\/comments?post=4016"}],"version-history":[{"count":4,"href":"https:\/\/www.mission-21.org\/es\/wp-json\/wp\/v2\/pages\/4016\/revisions"}],"predecessor-version":[{"id":4772,"href":"https:\/\/www.mission-21.org\/es\/wp-json\/wp\/v2\/pages\/4016\/revisions\/4772"}],"wp:attachment":[{"href":"https:\/\/www.mission-21.org\/es\/wp-json\/wp\/v2\/media?parent=4016"}],"wp:term":[{"taxonomy":"hf_cat_page","embeddable":true,"href":"https:\/\/www.mission-21.org\/es\/wp-json\/wp\/v2\/hf_cat_page?post=4016"}],"curies":[{"name":"wp","href":"https:\/\/api.w.org\/{rel}","templated":true}]}}