{"id":408,"date":"2022-08-22T13:18:57","date_gmt":"2022-08-22T11:18:57","guid":{"rendered":"https:\/\/www.mission-21.org\/?page_id=408"},"modified":"2022-11-01T11:02:10","modified_gmt":"2022-11-01T10:02:10","slug":"internationale-einsaetze","status":"publish","type":"page","link":"https:\/\/www.mission-21.org\/es\/was-wir-tun\/internationale-einsaetze\/","title":{"rendered":"Misiones internacionales"},"content":{"rendered":"<img decoding=\"async\" src=\"https:\/\/www.mission-21.org\/wp-content\/uploads\/2022\/08\/csm_header_news_d521d70e38.jpeg\" alt=\"csm header news d521d70e38\" height=\"688\" width=\"1680\" title=\"csm_Header_News_d521d70e38\" \/>\n\t<div class=\"fl-builder-content fl-builder-content-3660 fl-builder-template fl-builder-module-template fl-builder-global-templates-locked\" data-post-id=\"3660\"><div class=\"fl-module fl-module-pp-toc fl-node-xrvkwe8ihtn6 toc\" data-node=\"xrvkwe8ihtn6\">\n\t<div class=\"fl-module-content fl-node-content\">\n\t\t<div class=\"pp-toc-container\">\n\t\n\t<div class=\"pp-toc-body\">\n\t\t\t\t\t<ul class=\"pp-toc-list-wrapper pp-toc-list-icon\"><\/ul>\n\t\t\t\t<\/div>\n<\/div>\n\n\t<\/div>\n<\/div>\n<\/div><div class=\"uabb-js-breakpoint\" style=\"display: none;\"><\/div>\n\t\t\t<a href=\"\/es\/donar\/?enable_purpose=1&amp;title=Internationale%20Eins%C3%A4tze\" target=\"_self\" role=\"button\" aria-label=\"Donaciones\" rel=\"noopener\">\n\t\t\t\t\t\t\tDonaciones\n\t\t\t\t\t\t\t\t\t<img decoding=\"async\" src=\"https:\/\/www.mission-21.org\/wp-content\/uploads\/2022\/08\/csm_heat-icon_b1dbd40167.png\" \/>\n\t\t<\/a>\n\t\t\t<h1>Caja de informaci\u00f3n<\/h1>\t\t\t\n\t\t\t\t<p>Mission 21 ofrece diversas oportunidades para trabajar en los pa\u00edses asociados. Se trata de asignaciones a largo plazo de profesionales en nuestros proyectos y de asignaciones a corto plazo para j\u00f3venes adultos. Todas las ofertas incluyen un apoyo intensivo antes, durante y despu\u00e9s de la misi\u00f3n. Aporte su experiencia y desarrolle sus habilidades en un nuevo contexto.<\/p>\n\t\t\t\t<img decoding=\"async\" src=\"https:\/\/www.mission-21.org\/wp-content\/uploads\/2022\/08\/csm_pic_internationale_mitarbeitende_1_2e72f84e92-1024x576.jpeg\" alt=\"csm pic international staff 1 2e72f84e92\" title=\"csm_Pic_international_employees_1_2e72f84e92\" \/>\n\t\t\t<h2>Despliegue de expertos a largo plazo<\/h2>\t\t\t\n\t\t\t\t<p>\u00bfEs usted m\u00e9dico o te\u00f3logo, t\u00e9cnico, trabajador social o gestor de proyectos? Como miembro del personal internacional de Mission 21, trabajar\u00e1s en nuestros proyectos in situ durante al menos tres a\u00f1os. Te sumergir\u00e1s en un mundo nuevo y compartir\u00e1s tu vida, tu trabajo y tu fe con personas de otras culturas.<\/p>\n<p><a href=\"https:\/\/www.mission-21.org\/es\/quienes-somos\/puestos-de-trabajo\/\">\u25ba Anuncios de empleo actuales<\/a><br \/><a href=\"https:\/\/www.mission-21.org\/es\/que-hacemos\/empleados-internacionales\/\" target=\"_self\" rel=\"noopener\">\u25ba Empleados internacionales en misi\u00f3n<\/a><\/p>\n\t\t\t\t<img decoding=\"async\" src=\"https:\/\/www.mission-21.org\/wp-content\/uploads\/2022\/08\/csm_pic_pep_05f6a23d66.jpeg\" alt=\"csm pic pep 05f6a23d66\" title=\"csm_Pic_Pep_05f6a23d66\" \/>\n\t\t\t<h2>PEP! - Formaci\u00f3n continua en el extranjero<\/h2>\t\t\t\n\t\t\t\t<p>La oferta educativa\u00a0<strong>\u00a1PEP!\u00a0<\/strong>(Programa de Exposici\u00f3n Profesional) est\u00e1 dirigido a j\u00f3venes de entre 22 y 30 a\u00f1os que hayan completado una formaci\u00f3n profesional o una licenciatura. Incluye un curso preparatorio, de seis a doce meses de trabajo en un proyecto y seguimiento. Los participantes profundizan en sus conocimientos profesionales y adquieren competencias interculturales. Los socios del proyecto en \u00c1frica, Asia y Am\u00e9rica Latina reciben profesionales cualificados y motivados.<\/p>\n<p><a href=\"https:\/\/www.mission-21.org\/es\/participar\/youngmission21\/\">\u25ba M\u00e1s informaci\u00f3n<\/a><\/p>\n\t\t\t\t<img decoding=\"async\" src=\"https:\/\/www.mission-21.org\/wp-content\/uploads\/2022\/08\/csm_pic_einsaetze_fuer_experten_6e22cbc597.jpeg\" alt=\"csm pic inserciones para expertos 6e22cbc597\" title=\"csm_Pic_inserts_for_experts_6e22cbc597\" \/>\n\t\t\t<h2>Tareas cortas para expertos<\/h2>\t\t\t\n\t\t\t\t<p>Enriquezca el trabajo de nuestros socios en \u00c1frica, Asia y Am\u00e9rica Latina con su experiencia profesional. Se abrir\u00e1 a nuevos campos de trabajo en un nuevo entorno, trabajar\u00e1 profesionalmente como consejero e intercambiar\u00e1 ideas con expertos in situ. Por ejemplo, aporta experiencia profesional en teolog\u00eda, medicina, tecnolog\u00eda o trabajo social. Las asignaciones pueden durar distintos periodos de tiempo seg\u00fan el campo.<\/p>\n<p><a href=\"https:\/\/www.mission-21.org\/es\/quienes-somos\/puestos-de-trabajo\/\">\u25ba Anuncios de empleo actuales<\/a><\/p>","protected":false},"excerpt":{"rendered":"<p>Spenden Info Box Mission 21 bietet verschiedene M\u00f6glichkeiten zur Mitarbeit in den Partnerl\u00e4ndern. Dazu geh\u00f6ren langfristige Eins\u00e4tze von Fachleuten in unseren Projekten und Kurzeins\u00e4tze f\u00fcr junge Erwachsene. Zu allen Angeboten geh\u00f6rt eine intensive Begleitung vor, w\u00e4hrend und nach dem Einsatz. Bringen Sie Ihr Fachwissen bei uns ein und entwickeln Sie Ihre F\u00e4higkeiten in einem neuen [&hellip;]<\/p>\n","protected":false},"author":1,"featured_media":410,"parent":205,"menu_order":0,"comment_status":"closed","ping_status":"closed","template":"","meta":{"_acf_changed":false,"_seopress_robots_primary_cat":"","_seopress_titles_title":"","_seopress_titles_desc":"Wir bieten verschiedene M\u00f6glichkeiten zur Mitarbeit in den Partnerl\u00e4ndern. Dazu geh\u00f6ren langfristige Eins\u00e4tze von Fachleuten in Projekten und Kurzeins\u00e4tze.","_seopress_robots_index":"","_searchwp_excluded":"","site-sidebar-layout":"default","site-content-layout":"","ast-site-content-layout":"default","site-content-style":"default","site-sidebar-style":"default","ast-global-header-display":"","ast-banner-title-visibility":"","ast-main-header-display":"","ast-hfb-above-header-display":"","ast-hfb-below-header-display":"","ast-hfb-mobile-header-display":"","site-post-title":"","ast-breadcrumbs-content":"","ast-featured-img":"","footer-sml-layout":"","ast-disable-related-posts":"","theme-transparent-header-meta":"","adv-header-id-meta":"","stick-header-meta":"","header-above-stick-meta":"","header-main-stick-meta":"","header-below-stick-meta":"","astra-migrate-meta-layouts":"default","ast-page-background-enabled":"default","ast-page-background-meta":{"desktop":{"background-color":"var(--ast-global-color-4)","background-image":"","background-repeat":"repeat","background-position":"center center","background-size":"auto","background-attachment":"scroll","background-type":"","background-media":"","overlay-type":"","overlay-color":"","overlay-opacity":"","overlay-gradient":""},"tablet":{"background-color":"","background-image":"","background-repeat":"repeat","background-position":"center center","background-size":"auto","background-attachment":"scroll","background-type":"","background-media":"","overlay-type":"","overlay-color":"","overlay-opacity":"","overlay-gradient":""},"mobile":{"background-color":"","background-image":"","background-repeat":"repeat","background-position":"center center","background-size":"auto","background-attachment":"scroll","background-type":"","background-media":"","overlay-type":"","overlay-color":"","overlay-opacity":"","overlay-gradient":""}},"ast-content-background-meta":{"desktop":{"background-color":"var(--ast-global-color-5)","background-image":"","background-repeat":"repeat","background-position":"center center","background-size":"auto","background-attachment":"scroll","background-type":"","background-media":"","overlay-type":"","overlay-color":"","overlay-opacity":"","overlay-gradient":""},"tablet":{"background-color":"var(--ast-global-color-5)","background-image":"","background-repeat":"repeat","background-position":"center center","background-size":"auto","background-attachment":"scroll","background-type":"","background-media":"","overlay-type":"","overlay-color":"","overlay-opacity":"","overlay-gradient":""},"mobile":{"background-color":"var(--ast-global-color-5)","background-image":"","background-repeat":"repeat","background-position":"center center","background-size":"auto","background-attachment":"scroll","background-type":"","background-media":"","overlay-type":"","overlay-color":"","overlay-opacity":"","overlay-gradient":""}},"iawp_total_views":2746,"footnotes":""},"hf_cat_page":[300],"class_list":["post-408","page","type-page","status-publish","has-post-thumbnail"],"acf":[],"_links":{"self":[{"href":"https:\/\/www.mission-21.org\/es\/wp-json\/wp\/v2\/pages\/408","targetHints":{"allow":["GET"]}}],"collection":[{"href":"https:\/\/www.mission-21.org\/es\/wp-json\/wp\/v2\/pages"}],"about":[{"href":"https:\/\/www.mission-21.org\/es\/wp-json\/wp\/v2\/types\/page"}],"author":[{"embeddable":true,"href":"https:\/\/www.mission-21.org\/es\/wp-json\/wp\/v2\/users\/1"}],"replies":[{"embeddable":true,"href":"https:\/\/www.mission-21.org\/es\/wp-json\/wp\/v2\/comments?post=408"}],"version-history":[{"count":11,"href":"https:\/\/www.mission-21.org\/es\/wp-json\/wp\/v2\/pages\/408\/revisions"}],"predecessor-version":[{"id":4904,"href":"https:\/\/www.mission-21.org\/es\/wp-json\/wp\/v2\/pages\/408\/revisions\/4904"}],"up":[{"embeddable":true,"href":"https:\/\/www.mission-21.org\/es\/wp-json\/wp\/v2\/pages\/205"}],"wp:featuredmedia":[{"embeddable":true,"href":"https:\/\/www.mission-21.org\/es\/wp-json\/wp\/v2\/media\/410"}],"wp:attachment":[{"href":"https:\/\/www.mission-21.org\/es\/wp-json\/wp\/v2\/media?parent=408"}],"wp:term":[{"taxonomy":"hf_cat_page","embeddable":true,"href":"https:\/\/www.mission-21.org\/es\/wp-json\/wp\/v2\/hf_cat_page?post=408"}],"curies":[{"name":"wp","href":"https:\/\/api.w.org\/{rel}","templated":true}]}}