{"id":4137,"date":"2022-10-14T14:54:00","date_gmt":"2022-10-14T12:54:00","guid":{"rendered":"https:\/\/www.mission-21.org\/?page_id=4137"},"modified":"2022-12-15T22:17:45","modified_gmt":"2022-12-15T21:17:45","slug":"kollektenverein","status":"publish","type":"page","link":"https:\/\/www.mission-21.org\/es\/mitmachen\/freiwillige-mitarbeit\/kollektenverein\/","title":{"rendered":"Kollektenverein"},"content":{"rendered":"<img decoding=\"async\" src=\"https:\/\/www.mission-21.org\/wp-content\/uploads\/2022\/08\/csm_header_news_d521d70e38.jpeg\" alt=\"csm header news d521d70e38\" itemprop=\"image\" height=\"688\" width=\"1680\" title=\"csm_Header_News_d521d70e38\" onerror=\"this.style.display='none'\"  \/>\n\t<div class=\"fl-builder-content fl-builder-content-3660 fl-builder-template fl-builder-module-template fl-builder-global-templates-locked\" data-post-id=\"3660\"><div class=\"fl-module fl-module-pp-toc fl-node-xrvkwe8ihtn6 toc\" data-node=\"xrvkwe8ihtn6\">\n\t<div class=\"fl-module-content fl-node-content\">\n\t\t<div class=\"pp-toc-container\">\n\t\n\t<div class=\"pp-toc-body\">\n\t\t\t\t\t<ul class=\"pp-toc-list-wrapper pp-toc-list-icon\"><\/ul>\n\t\t\t\t<\/div>\n<\/div>\n\n\t<\/div>\n<\/div>\n<\/div><div class=\"uabb-js-breakpoint\" style=\"display: none;\"><\/div>\n\t\t\t<a href=\"\/es\/donar\/\" target=\"_self\" role=\"button\" aria-label=\"Donaciones\" rel=\"noopener\">\n\t\t\t\t\t\t\tDonaciones\n\t\t\t\t\t\t\t\t\t<img decoding=\"async\" src=\"https:\/\/www.mission-21.org\/wp-content\/uploads\/2022\/08\/csm_heat-icon_b1dbd40167.png\"\/>\n\t\t<\/a>\n\t\t\t\t<img decoding=\"async\" src=\"https:\/\/www.mission-21.org\/wp-content\/uploads\/2022\/10\/csm_kollektenverein_dffe10e3f9.jpg\" alt=\"asociaci\u00f3n colectiva csm dffe10e3f9\" title=\"csm_asociaci\u00f3n_colectiva_dffe10e3f9\" itemprop=\"image\"\/>\n\t\t<h2>Kollektenverein<\/h2>\t\t\t\n\t\t\t\t<p>El Kollektenverein es una asociaci\u00f3n de apoyo independiente que respalda econ\u00f3micamente la labor de Mission 21. La asociaci\u00f3n cuenta con unos 200 miembros. Se fund\u00f3 a mediados del siglo XIX como una especie de \"grupo de crowdfunding\". La idea: \u00a1si cada uno dona medio c\u00e9ntimo, el total asciende a un mont\u00f3n! La asociaci\u00f3n sigue viviendo del compromiso de muchas personas.<\/p>\n\t\t\t\t<img decoding=\"async\" src=\"https:\/\/www.mission-21.org\/wp-content\/uploads\/2022\/10\/csm_dankessammelbox_c21ff687b5-900x675.jpg\" alt=\"caja de recogida de agradecimientos de la csm c21ff687b5\" itemprop=\"image\" height=\"675\" width=\"900\" title=\"csm_thanksgiving_box_c21ff687b5\" onerror=\"this.style.display='none'\"  \/>\n<h2>\n\t\t Caja de recogida de agradecimientos \n\t<\/h2>\n\t<p>La idea de la caja de agradecimiento es sencilla: siempre que tengamos motivos para dar las gracias, echamos una moneda en ella. La recaudaci\u00f3n se destina a apoyar a otras personas. Es una forma sencilla de demostrarlo: Dependemos unos de otros, incluso a trav\u00e9s de los continentes.<\/p>\n<p>El principio de la caja de agradecimiento es impresionante: tu peque\u00f1o cambio tiene un gran impacto en nuestros proyectos. Invertimos el dinero en educaci\u00f3n, agricultura y medios de subsistencia, atenci\u00f3n sanitaria, trabajo por la paz y potenciaci\u00f3n de la mujer.<\/p>\n<p>Coloca la caja de agradecimiento en tu comunidad o en tu oficina, h\u00e1blale a la gente de ella y anima a otros a participar. En los festivales, puedes pedir que se ponga una contribuci\u00f3n en la caja en lugar de regalos.<\/p>\n<p>\u00a1As\u00ed es como decir \"gracias\" puede hacer bien!<\/p>\n<p><a href=\"https:\/\/www.mission-21.org\/wp-content\/uploads\/2022\/12\/dankesbuechsen_flyer.pdf\" target=\"_blank\" rel=\"noopener\">\u25ba Descargar el folleto de la caja de agradecimiento<\/a><\/p>\n<p><a href=\"https:\/\/www.mission-21.org\/fileadmin\/Webseite_Mission_21\/Mitmachen\/Engagement\/Banderolen_fuer_Dankesbuechsen.pdf\" target=\"_blank\" rel=\"noopener\">\u25ba Descargar banderola<\/a><\/p>\n<h2>\n\t\tOtras opciones de apoyo\n\t<\/h2>\n\t\t\t\t<img decoding=\"async\" src=\"https:\/\/www.mission-21.org\/wp-content\/uploads\/2022\/10\/csm_freiwillige_mitarbeit_moeglichkeiten_5f836a6bd6.jpg\" alt=\"csm oportunidades de voluntariado 5f836a6bd6\" itemprop=\"image\" height=\"657\" width=\"1170\" title=\"csm_Oportunidades_de_Voluntariado_5f836a6bd6\" onerror=\"this.style.display='none'\"  \/>\n\t<p>\u00bfLe gustar\u00eda apoyar a Mission 21 de forma activa, en eventos de mayor envergadura, en el bazar o de otra forma ad hoc?<\/p>\nPuede encontrar m\u00e1s informaci\u00f3n aqu\u00ed:<br \/>\n<a href=\"https:\/\/www.mission-21.org\/es\/participar\/voluntariado\/\">Voluntariado<\/a>","protected":false},"excerpt":{"rendered":"<p>Spenden Kollektenverein Der Kollektenverein ist ein eigenst\u00e4ndiger F\u00f6rderverein, der die Arbeit von Mission 21 finanziell unterst\u00fctzt. Der Verein besteht aus rund 200 Mitgliedern. Gegr\u00fcndet wurde er Mitte des 19. Jahrhunderts als eine Art &#8222;Crowdfunding-Group&#8220;. Die Idee: wenn jeder einen halben Batzen spendet, kommt in der Summe viel zusammen! Der Verein lebt bis heute vom Engagement [&hellip;]<\/p>\n","protected":false},"author":1,"featured_media":4139,"parent":3043,"menu_order":0,"comment_status":"closed","ping_status":"closed","template":"","meta":{"_acf_changed":false,"_seopress_robots_primary_cat":"","_seopress_titles_title":"","_seopress_titles_desc":"","_seopress_robots_index":"","_searchwp_excluded":"","site-sidebar-layout":"default","site-content-layout":"","ast-site-content-layout":"default","site-content-style":"default","site-sidebar-style":"default","ast-global-header-display":"","ast-banner-title-visibility":"","ast-main-header-display":"","ast-hfb-above-header-display":"","ast-hfb-below-header-display":"","ast-hfb-mobile-header-display":"","site-post-title":"","ast-breadcrumbs-content":"","ast-featured-img":"","footer-sml-layout":"","ast-disable-related-posts":"","theme-transparent-header-meta":"","adv-header-id-meta":"","stick-header-meta":"","header-above-stick-meta":"","header-main-stick-meta":"","header-below-stick-meta":"","astra-migrate-meta-layouts":"default","ast-page-background-enabled":"default","ast-page-background-meta":{"desktop":{"background-color":"var(--ast-global-color-4)","background-image":"","background-repeat":"repeat","background-position":"center center","background-size":"auto","background-attachment":"scroll","background-type":"","background-media":"","overlay-type":"","overlay-color":"","overlay-opacity":"","overlay-gradient":""},"tablet":{"background-color":"","background-image":"","background-repeat":"repeat","background-position":"center center","background-size":"auto","background-attachment":"scroll","background-type":"","background-media":"","overlay-type":"","overlay-color":"","overlay-opacity":"","overlay-gradient":""},"mobile":{"background-color":"","background-image":"","background-repeat":"repeat","background-position":"center center","background-size":"auto","background-attachment":"scroll","background-type":"","background-media":"","overlay-type":"","overlay-color":"","overlay-opacity":"","overlay-gradient":""}},"ast-content-background-meta":{"desktop":{"background-color":"var(--ast-global-color-5)","background-image":"","background-repeat":"repeat","background-position":"center center","background-size":"auto","background-attachment":"scroll","background-type":"","background-media":"","overlay-type":"","overlay-color":"","overlay-opacity":"","overlay-gradient":""},"tablet":{"background-color":"var(--ast-global-color-5)","background-image":"","background-repeat":"repeat","background-position":"center center","background-size":"auto","background-attachment":"scroll","background-type":"","background-media":"","overlay-type":"","overlay-color":"","overlay-opacity":"","overlay-gradient":""},"mobile":{"background-color":"var(--ast-global-color-5)","background-image":"","background-repeat":"repeat","background-position":"center center","background-size":"auto","background-attachment":"scroll","background-type":"","background-media":"","overlay-type":"","overlay-color":"","overlay-opacity":"","overlay-gradient":""}},"iawp_total_views":28,"footnotes":""},"hf_cat_page":[297],"class_list":["post-4137","page","type-page","status-publish","has-post-thumbnail"],"acf":[],"_links":{"self":[{"href":"https:\/\/www.mission-21.org\/es\/wp-json\/wp\/v2\/pages\/4137","targetHints":{"allow":["GET"]}}],"collection":[{"href":"https:\/\/www.mission-21.org\/es\/wp-json\/wp\/v2\/pages"}],"about":[{"href":"https:\/\/www.mission-21.org\/es\/wp-json\/wp\/v2\/types\/page"}],"author":[{"embeddable":true,"href":"https:\/\/www.mission-21.org\/es\/wp-json\/wp\/v2\/users\/1"}],"replies":[{"embeddable":true,"href":"https:\/\/www.mission-21.org\/es\/wp-json\/wp\/v2\/comments?post=4137"}],"version-history":[{"count":6,"href":"https:\/\/www.mission-21.org\/es\/wp-json\/wp\/v2\/pages\/4137\/revisions"}],"predecessor-version":[{"id":6190,"href":"https:\/\/www.mission-21.org\/es\/wp-json\/wp\/v2\/pages\/4137\/revisions\/6190"}],"up":[{"embeddable":true,"href":"https:\/\/www.mission-21.org\/es\/wp-json\/wp\/v2\/pages\/3043"}],"wp:featuredmedia":[{"embeddable":true,"href":"https:\/\/www.mission-21.org\/es\/wp-json\/wp\/v2\/media\/4139"}],"wp:attachment":[{"href":"https:\/\/www.mission-21.org\/es\/wp-json\/wp\/v2\/media?parent=4137"}],"wp:term":[{"taxonomy":"hf_cat_page","embeddable":true,"href":"https:\/\/www.mission-21.org\/es\/wp-json\/wp\/v2\/hf_cat_page?post=4137"}],"curies":[{"name":"wp","href":"https:\/\/api.w.org\/{rel}","templated":true}]}}