{"id":4147,"date":"2022-10-14T15:29:32","date_gmt":"2022-10-14T13:29:32","guid":{"rendered":"https:\/\/www.mission-21.org\/?page_id=4147"},"modified":"2022-11-02T10:46:41","modified_gmt":"2022-11-02T09:46:41","slug":"defensa-de-la-libertad-religiosa","status":"publish","type":"page","link":"https:\/\/www.mission-21.org\/es\/mitmachen\/advocacy\/advocacy-religionsfreiheit\/","title":{"rendered":"Defensa de la libertad religiosa"},"content":{"rendered":"<img decoding=\"async\" src=\"https:\/\/www.mission-21.org\/wp-content\/uploads\/2022\/08\/csm_header_news_d521d70e38.jpeg\" alt=\"csm header news d521d70e38\" height=\"688\" width=\"1680\" title=\"csm_Header_News_d521d70e38\" \/>\n\t<div class=\"fl-builder-content fl-builder-content-3660 fl-builder-template fl-builder-module-template fl-builder-global-templates-locked\" data-post-id=\"3660\"><div class=\"fl-module fl-module-pp-toc fl-node-xrvkwe8ihtn6 toc\" data-node=\"xrvkwe8ihtn6\">\n\t<div class=\"fl-module-content fl-node-content\">\n\t\t<div class=\"pp-toc-container\">\n\t\n\t<div class=\"pp-toc-body\">\n\t\t\t\t\t<ul class=\"pp-toc-list-wrapper pp-toc-list-icon\"><\/ul>\n\t\t\t\t<\/div>\n<\/div>\n\n\t<\/div>\n<\/div>\n<\/div><div class=\"uabb-js-breakpoint\" style=\"display: none;\"><\/div>\n\t\t\t<a href=\"\/es\/donar\/\" target=\"_self\" role=\"button\" aria-label=\"Donaciones\" rel=\"noopener\">\n\t\t\t\t\t\t\tDonaciones\n\t\t\t\t\t\t\t\t\t<img decoding=\"async\" src=\"https:\/\/www.mission-21.org\/wp-content\/uploads\/2022\/08\/csm_heat-icon_b1dbd40167.png\" \/>\n\t\t<\/a>\n\t\t\t\t<img decoding=\"async\" src=\"https:\/\/www.mission-21.org\/wp-content\/uploads\/2022\/10\/csm_header_kampagne_eedfe8a951-900x505.jpg\" alt=\"campa\u00f1a de la cabecera del csm eedfe8a951\" title=\"csm_Header_Campaign_eedfe8a951\" \/>\n\t\t<h2>Trabajo interreligioso por la paz<\/h2>\t\t\t\n\t\t\t\t<p>La libertad de religi\u00f3n est\u00e1 garantizada en la constituci\u00f3n de muchos pa\u00edses. Sin embargo, una y otra vez se producen actos de violencia en nombre o bajo la apariencia de la religi\u00f3n. En Nigeria, por ejemplo, la milicia terrorista islamista Boko Haram est\u00e1 envenenando el clima entre cristianos y musulmanes. En Indonesia, que tiene la mayor poblaci\u00f3n musulmana del mundo, muchos j\u00f3venes se est\u00e1n radicalizando. Mission 21 ofrece a los j\u00f3venes de \u00c1frica, Asia y Am\u00e9rica Latina una perspectiva de futuro con numerosos programas educativos y trabaja as\u00ed contra la radicalizaci\u00f3n. El trabajo interconfesional por la paz es uno de los temas centrales de la cooperaci\u00f3n al desarrollo del personal de Mission 21.<\/p>\n<p><a href=\"https:\/\/www.mission-21.org\/es\/que-hacemos\/proyectos-y-socios\/proyecto\/trabajo-interreligioso-por-la-paz-en-nigeria\/\" target=\"_blank\" rel=\"noopener\">\u25ba Proyecto de trabajo interreligioso por la paz en Nigeria<\/a><\/p>\n<p><a href=\"https:\/\/www.mission-21.org\/es\/que-hacemos\/proyectos-y-socios\/proyecto\/cooperacion-interreligiosa-por-la-paz-y-la-justicia\/\" target=\"_blank\" rel=\"noopener\">\u25ba Cooperaci\u00f3n interreligiosa por la paz y la justicia<\/a><\/p>\n<p><a href=\"https:\/\/www.mission-21.org\/es\/proyectos\/educacion-para-el-cambio-social-en-america-latina\/\">\u25ba Di\u00e1logo interreligioso en la regi\u00f3n sur andina<\/a><\/p>\n\t\t\t\t<img decoding=\"async\" src=\"https:\/\/www.mission-21.org\/wp-content\/uploads\/2022\/10\/csm_kurse_erwachsene_bd1f167a22-900x675.jpg\" alt=\"csm cursos adultos bd1f167a22\" height=\"675\" width=\"900\" title=\"csm_Kurse_Erwachsene_bd1f167a22\" \/>\n<h2>\n\t\t Formaci\u00f3n continua en Suiza \n\t<\/h2>\n\t<p>Junto con nuestros socios, trabajamos por la paz interreligiosa en Suiza. Promovemos la formaci\u00f3n y el perfeccionamiento que refuerzan el di\u00e1logo interreligioso e intercultural y capacitan a los participantes para tratar las distintas religiones de forma diferenciada y contextualizada. En Suiza, nuestros eventos informan y educan a los profesionales y a las partes interesadas sobre las estrategias, los m\u00e9todos y el impacto del trabajo interreligioso por la paz. Y motivamos a los responsables de la toma de decisiones a trabajar por la coexistencia pac\u00edfica entre religiones.<\/p>\n<p><a href=\"https:\/\/www.mission-21.org\/es\/que-hacemos\/eventos\/detalle-2\/simposio-2020-religiones-causa-de-conflicto-o-potencial-de-paz\/\" target=\"_blank\" rel=\"noopener\">\u25ba Simposio interreligioso marzo 2020<\/a><\/p>\n<p><a href=\"https:\/\/www.mission-21.org\/es\/el-destacado-simposio-interreligioso-fue-todo-un-exito\/\" target=\"_blank\" rel=\"noopener\">\u25ba Revisi\u00f3n del simposio interreligioso 2019<\/a><\/p>\n\t\t\t\t<img decoding=\"async\" src=\"https:\/\/www.mission-21.org\/wp-content\/uploads\/2022\/10\/csm_asien_kooperation_225.1001_02_384d670fe3-900x675.jpg\" alt=\"csm asia cooperation 225.1001 02 384d670fe3\" height=\"675\" width=\"900\" title=\"csm_Asien_Kooperation_225.1001_02_384d670fe3\" \/>\n<h2>\n\t\t Acciones internacionales por la paz \n\t<\/h2>\n\t<p>Haz algo alentador y habla de ello: En tiempos de medios sociales, likes y presencia en la web, es eficaz y sostenible seguir dando a conocer el trabajo por la paz interreligiosa y el compromiso con la libertad religiosa, y tambi\u00e9n movilizar a m\u00e1s personas para ello. Para ello, Mission 21 recurre a campa\u00f1as de gran repercusi\u00f3n y aumenta su impacto a trav\u00e9s de los medios de comunicaci\u00f3n online y los canales de las redes sociales.<\/p>\n\t\t\t\t<img decoding=\"async\" src=\"https:\/\/www.mission-21.org\/wp-content\/uploads\/2022\/10\/csm_nigeria_frieden_162.1007_03_195b10c8ca-900x675.jpg\" alt=\"csm nigeria peace 162.1007 03 195b10c8ca\" height=\"675\" width=\"900\" title=\"csm_Nigeria_Frieden_162.1007_03_195b10c8ca\" \/>\n<h2>\n\t\tD\u00eda de recuerdo a las v\u00edctimas del radicalismo y el terror\n\t<\/h2>\n\t<p>El 14 de abril de 2014, la milicia terrorista islamista Boko Haram secuestr\u00f3 a 276 colegialas en la localidad nigeriana de Chibok. La mayor\u00eda de ellas eran miembros de la iglesia EYN, la iglesia asociada a Mission 21. Casi 100 mujeres j\u00f3venes siguen en manos de Boko Haram. Cada 14 de abril, Mission 21 recuerda el crimen, recuerda a las v\u00edctimas del terror, el fanatismo y el radicalismo e informa sobre el trabajo interreligioso por la paz.<\/p>\n<h2>\n\t\tD\u00eda de los Derechos Humanos\n\t<\/h2>\n\t<p>Con motivo del D\u00eda Internacional de los Derechos Humanos, que se celebra el 10 de diciembre, Mission 21 lleva a cabo cada a\u00f1o una campa\u00f1a de sensibilizaci\u00f3n en Suiza, en la que pide el compromiso con la paz interreligiosa y la defensa del derecho humano a la libertad religiosa. Combinamos la informaci\u00f3n y el llamamiento y ponemos una se\u00f1al de paz y tolerancia.<\/p>\n\t\t\t<h3>2018<\/h3>\t\t\n\t\t\t\t<img decoding=\"async\" src=\"https:\/\/www.mission-21.org\/wp-content\/uploads\/2022\/10\/csm_avocacy_aktion_2018_2032e3fddb-900x505.jpg\" alt=\"csm avocacy action 2018 2032e3fddb\" title=\"csm_Avocacy_Aktion_2018_2032e3fddb\" \/>\n\t\t\t\t<p>En el marco del D\u00eda de los Derechos Humanos 2018, Mission 21 hizo una declaraci\u00f3n por los derechos humanos en la Claraplatz de Basilea. Cuatro grandes carteles atrajeron la atenci\u00f3n de los transe\u00fantes. Mostraron a mujeres y hombres de cuatro continentes que se comprometen a ayudar a otras personas con mucho coraz\u00f3n y experiencia. Con una foto de la c\u00e1mara instant\u00e1nea, muchas personas interesadas expresaron su solidaridad con las personas que trabajan por la paz y la justicia en condiciones dif\u00edciles.<\/p>\n\t\t\t<h3>2017<\/h3>\t\t\n\t\t\t\t<img decoding=\"async\" src=\"https:\/\/www.mission-21.org\/wp-content\/uploads\/2022\/10\/csm_aktuelle_kampagne_95aa72b8aa.jpg\" alt=\"csm campa\u00f1a actual 95aa72b8aa\" title=\"csm_Current_Campaign_95aa72b8aa\" \/>\n\t\t\t\t<p>El 10 de diciembre de 2017, Mission 21 reuni\u00f3 a representantes cristianos, musulmanes y jud\u00edos en la catedral de Basilea. Juntos, los presentes lanzaron un llamamiento interreligioso en favor del empoderamiento de las mujeres y contra la violencia de g\u00e9nero. La acci\u00f3n de defensa de la justicia de g\u00e9nero termin\u00f3 con un acto simb\u00f3lico: al mismo tiempo, los participantes dejaron volar globos de palomas blancas de la paz.<\/p>\n<h3>\n\t\t2016\n\t<\/h3>\n\t\t\t\t\t<a href=\"\"><img decoding=\"async\" src=\"https:\/\/i.vimeocdn.com\/portrait\/75431195_300x300?subrect=99%2C99%2C1308%2C1308&#038;r=cover\" \/><\/a>\n\t\t\t\t\t\t\t<a href=\"\">D\u00eda de los Derechos Humanos 2016: Acci\u00f3n Esperanza<\/a>\n\t\t\t\t\t\t\tde  <a href=\"\">Mission 21<\/a>\n\t\t\t\t\t<img decoding=\"async\" src=\"https:\/\/i.vimeocdn.com\/video\/686182028-6633c80810056416c0838dba9c4bc5aeab1b5e126d5bccd1926deffc52bfde9b-d_840\" alt=\"vimeo-video-thumbnail\" \/>\n<p>El 10 de diciembre de 2016, Mission 21 moviliz\u00f3 a unos 80 simpatizantes para una campa\u00f1a de alto nivel. El videoclip \"esperanza\" expresaba simb\u00f3licamente que la esperanza surge cuando las personas se unen. El videoclip fue visto por unas 5.000 personas en Internet y les motiv\u00f3 a informarse sobre la labor de paz interconfesional de Mission 21.<\/p>\n\t\t\t\t<img decoding=\"async\" src=\"https:\/\/www.mission-21.org\/wp-content\/uploads\/2022\/10\/csm_partner_cek_5adf80e005-900x675.jpg\" alt=\"csm partner cek 5adf80e005\" height=\"675\" width=\"900\" title=\"csm_Partner_CEK_5adf80e005\" \/>\n<h2>\n\t\t Socios internacionales para la paz \n\t<\/h2>\n\t<p>En todo el mundo, Mission 21 trabaja con organizaciones e iglesias competentes que defienden la libertad religiosa. Ya sea en \u00c1frica, Asia o Am\u00e9rica Latina: trabajamos en red en nuestro compromiso con el di\u00e1logo intercultural y el trabajo interreligioso por la paz.<\/p>\n\t<h4>\u00c1frica<\/h4>\n<ul>\n<li><a href=\"https:\/\/www.mission-21.org\/es\/socio\/eyn-iglesia-de-los-hermanos\/\" target=\"_self\" rel=\"noopener\">EYN, Nigeria<\/a><\/li>\n<li><a href=\"https:\/\/www.mission-21.org\/es\/socio\/lcgi-global-initiative-to-support-emergency-sufferers\/\" target=\"_self\" rel=\"noopener\">LCGI, Nigeria<\/a><\/li>\n<li><a href=\"https:\/\/www.mission-21.org\/es\/socio\/pcoss-presbyterian-church-of-south-sudan\/\" target=\"_self\" rel=\"noopener\">PCOSS, Sud\u00e1n del Sur<\/a><\/li>\n<li><a href=\"https:\/\/www.mission-21.org\/es\/socio\/sscc-federacion-de-iglesias-del-sur-de-sudan\/\" target=\"_self\" rel=\"noopener\">SSCC, Sud\u00e1n del Sur<\/a><\/li>\n<li><a href=\"https:\/\/www.mission-21.org\/es\/socio\/procmura-programa-para-el-dialogo-en-africa\/\" target=\"_self\" rel=\"noopener\">PROCMURA, socio continental de \u00c1frica<\/a><\/li>\n<li><a href=\"https:\/\/www.mission-21.org\/es\/socio\/aacc-conferencia-de-iglesias-de-toda-africa\/\">AACC, socio continental de \u00c1frica<\/a><\/li>\n<\/ul>\n\t<h4>Asia<\/h4>\n<ul>\n<li><a href=\"https:\/\/www.mission-21.org\/es\/socio\/pgi-reformed-church-association-in-indonesia\/\" target=\"_self\" rel=\"noopener\">IGP, Indonesia<\/a><\/li>\n<li><a href=\"https:\/\/www.mission-21.org\/es\/socio\/gkp-evangelical-reformed-sunda-church\/\" target=\"_self\" rel=\"noopener\">GKP, Indonesia<\/a><\/li>\n<li><a href=\"https:\/\/www.mission-21.org\/es\/socio\/uin-dc-centro-de-dialogo-de-la-universidad-islamica-del-estado-en-yogyakarta\/\" target=\"_self\" rel=\"noopener\">UIN DC, Indonesia<\/a><\/li>\n<li><a href=\"https:\/\/www.mission-21.org\/es\/socio\/gke-evangelical-reformed-church-in-kalimantan\/\" target=\"_self\" rel=\"noopener\">RCC, Indonesia<\/a><\/li>\n<li><a href=\"https:\/\/www.mission-21.org\/es\/socio\/lk3-instituto-para-el-estudio-de-la-sociedad-islamica\/\" target=\"_self\" rel=\"noopener\">LK3, Indonesia<\/a><\/li>\n<li><a href=\"https:\/\/www.mission-21.org\/es\/socio\/ukdw-theolog-fakultaet-the-christl-universitaet-duta-wacana-yogyakarta\/\" target=\"_self\" rel=\"noopener\">UKDW, Indonesia<\/a><\/li>\n<\/ul>\n<h4>Am\u00e9rica Latina<\/h4>\n<ul>\n<li><a href=\"https:\/\/www.mission-21.org\/es\/socio\/alfalit-literacy-and-literature-in-peru\/\" target=\"_self\" rel=\"noopener\">ALFALIT, Per\u00fa<\/a><\/li>\n<li><a href=\"https:\/\/www.mission-21.org\/es\/socio\/aete-evangelisch-theologische-bildungsgesellschaft\/\" target=\"_self\" rel=\"noopener\">AETE, Per\u00fa<\/a><\/li>\n<li><a href=\"https:\/\/www.mission-21.org\/es\/socio\/cte-evangelical-theological-community-chiles\/\" target=\"_self\" rel=\"noopener\">CTE, Chile<\/a><\/li>\n<\/ul>\n<h2>\n\t\tNoticias\n\t<\/h2>\n\t\t\t\t\t\t\t\t\t\t\t\t\t\t<a href=\"https:\/\/www.mission-21.org\/es\/polifonico-y-estimulante-la-mision-escuela-de-verano-y-la-iglesia-entre-racismo-y-respeto\/\" target=\"_self\" title=\"Polif\u00f3nico e inspirador: La Escuela de Verano &quot;Misi\u00f3n e Iglesia - entre el racismo y el respeto&quot;\" rel=\"noopener\">\n\t\t\t\t<img decoding=\"async\" src=\"https:\/\/www.mission-21.org\/wp-content\/uploads\/2022\/09\/csm_foto_summerschool_2021_53300a889a.jpg\" alt=\"\" \/>\n\t\t\t\t<\/a>\n\t\t\t\t\t\t<h4>\n\t\t\t\t<a href=\"https:\/\/www.mission-21.org\/es\/polifonico-y-estimulante-la-mision-escuela-de-verano-y-la-iglesia-entre-racismo-y-respeto\/\" title=\"Polif\u00f3nico e inspirador: La Escuela de Verano &quot;Misi\u00f3n e Iglesia - entre el racismo y el respeto&quot;\">Polif\u00f3nico e inspirador: La Escuela de Verano \"Misi\u00f3n e Iglesia - entre el racismo y el respeto\"<\/a>\t\t\t<\/h4>\n\t\t\t\t\t\t\t<h5>\n\t\t\t22 de septiembre de 2021\t\t\t\n\t\t\t\t\t\t\t<\/h5>\n\t\t\t\t\t\t\t\t\t\t\t\t\t\t<a href=\"https:\/\/www.mission-21.org\/es\/secondas-como-constructores-de-puentes-en-una-sociedad-plural\/\" target=\"_self\" title=\"Las segundas como constructoras de puentes en una sociedad plural\" rel=\"noopener\">\n\t\t\t\t<img decoding=\"async\" src=\"https:\/\/www.mission-21.org\/wp-content\/uploads\/2022\/09\/csm_haus_der_religionen_2_crop_kleiner_ae5f33f695.jpg\" alt=\"\" \/>\n\t\t\t\t<\/a>\n\t\t\t\t\t\t<h4>\n\t\t\t\t<a href=\"https:\/\/www.mission-21.org\/es\/secondas-como-constructores-de-puentes-en-una-sociedad-plural\/\" title=\"Las segundas como constructoras de puentes en una sociedad plural\">Las segundas como constructoras de puentes en una sociedad plural<\/a>\t\t\t<\/h4>\n\t\t\t\t\t\t\t<h5>\n\t\t\t31 de agosto de 2021\t\t\t\n\t\t\t\t\t\t\t<\/h5>\n\t\t\t\t\t\t\t\t\t\t\t\t\t\t<a href=\"https:\/\/www.mission-21.org\/es\/religion-y-desarrollo-un-par-desigual\/\" target=\"_self\" title=\"Religi\u00f3n y desarrollo: \u00bfuna pareja desigual?\" rel=\"noopener\">\n\t\t\t\t<img decoding=\"async\" src=\"https:\/\/www.mission-21.org\/wp-content\/uploads\/2022\/09\/csm_pic_web-news_religion_und_entwicklung_7a60f9f673.jpg\" alt=\"\" \/>\n\t\t\t\t<\/a>\n\t\t\t\t\t\t<h4>\n\t\t\t\t<a href=\"https:\/\/www.mission-21.org\/es\/religion-y-desarrollo-un-par-desigual\/\" title=\"Religi\u00f3n y desarrollo: \u00bfuna pareja desigual?\">Religi\u00f3n y desarrollo: \u00bfuna pareja desigual?<\/a>\t\t\t<\/h4>\n\t\t\t\t\t\t\t<h5>\n\t\t\t19 de marzo de 2021\t\t\t\n\t\t\t\t\t\t\t<\/h5>","protected":false},"excerpt":{"rendered":"<p>Spenden Interreligi\u00f6se Friedensarbeit Die Religionsfreiheit wird in vielen L\u00e4ndern in der Verfassung garantiert. Dennoch kommt es im Namen oder unter dem Deckmantel der Religion immer wieder zu Gewalttaten. In Nigeria etwa vergiftet die islamistische Terrormiliz Boko Haram das Klima zwischen Christen und Muslimen. In Indonesien mit der gr\u00f6ssten muslimischen Bev\u00f6lkerung weltweit radikalisieren sich viele junge [&hellip;]<\/p>\n","protected":false},"author":1,"featured_media":4149,"parent":3046,"menu_order":0,"comment_status":"closed","ping_status":"closed","template":"","meta":{"_acf_changed":false,"_seopress_robots_primary_cat":"","_seopress_titles_title":"","_seopress_titles_desc":"","_seopress_robots_index":"","_searchwp_excluded":"","site-sidebar-layout":"default","site-content-layout":"","ast-site-content-layout":"default","site-content-style":"default","site-sidebar-style":"default","ast-global-header-display":"","ast-banner-title-visibility":"","ast-main-header-display":"","ast-hfb-above-header-display":"","ast-hfb-below-header-display":"","ast-hfb-mobile-header-display":"","site-post-title":"","ast-breadcrumbs-content":"","ast-featured-img":"","footer-sml-layout":"","ast-disable-related-posts":"","theme-transparent-header-meta":"","adv-header-id-meta":"","stick-header-meta":"","header-above-stick-meta":"","header-main-stick-meta":"","header-below-stick-meta":"","astra-migrate-meta-layouts":"default","ast-page-background-enabled":"default","ast-page-background-meta":{"desktop":{"background-color":"var(--ast-global-color-4)","background-image":"","background-repeat":"repeat","background-position":"center center","background-size":"auto","background-attachment":"scroll","background-type":"","background-media":"","overlay-type":"","overlay-color":"","overlay-opacity":"","overlay-gradient":""},"tablet":{"background-color":"","background-image":"","background-repeat":"repeat","background-position":"center center","background-size":"auto","background-attachment":"scroll","background-type":"","background-media":"","overlay-type":"","overlay-color":"","overlay-opacity":"","overlay-gradient":""},"mobile":{"background-color":"","background-image":"","background-repeat":"repeat","background-position":"center center","background-size":"auto","background-attachment":"scroll","background-type":"","background-media":"","overlay-type":"","overlay-color":"","overlay-opacity":"","overlay-gradient":""}},"ast-content-background-meta":{"desktop":{"background-color":"var(--ast-global-color-5)","background-image":"","background-repeat":"repeat","background-position":"center center","background-size":"auto","background-attachment":"scroll","background-type":"","background-media":"","overlay-type":"","overlay-color":"","overlay-opacity":"","overlay-gradient":""},"tablet":{"background-color":"var(--ast-global-color-5)","background-image":"","background-repeat":"repeat","background-position":"center center","background-size":"auto","background-attachment":"scroll","background-type":"","background-media":"","overlay-type":"","overlay-color":"","overlay-opacity":"","overlay-gradient":""},"mobile":{"background-color":"var(--ast-global-color-5)","background-image":"","background-repeat":"repeat","background-position":"center center","background-size":"auto","background-attachment":"scroll","background-type":"","background-media":"","overlay-type":"","overlay-color":"","overlay-opacity":"","overlay-gradient":""}},"iawp_total_views":461,"footnotes":""},"hf_cat_page":[297],"class_list":["post-4147","page","type-page","status-publish","has-post-thumbnail"],"acf":[],"_links":{"self":[{"href":"https:\/\/www.mission-21.org\/es\/wp-json\/wp\/v2\/pages\/4147","targetHints":{"allow":["GET"]}}],"collection":[{"href":"https:\/\/www.mission-21.org\/es\/wp-json\/wp\/v2\/pages"}],"about":[{"href":"https:\/\/www.mission-21.org\/es\/wp-json\/wp\/v2\/types\/page"}],"author":[{"embeddable":true,"href":"https:\/\/www.mission-21.org\/es\/wp-json\/wp\/v2\/users\/1"}],"replies":[{"embeddable":true,"href":"https:\/\/www.mission-21.org\/es\/wp-json\/wp\/v2\/comments?post=4147"}],"version-history":[{"count":9,"href":"https:\/\/www.mission-21.org\/es\/wp-json\/wp\/v2\/pages\/4147\/revisions"}],"predecessor-version":[{"id":4951,"href":"https:\/\/www.mission-21.org\/es\/wp-json\/wp\/v2\/pages\/4147\/revisions\/4951"}],"up":[{"embeddable":true,"href":"https:\/\/www.mission-21.org\/es\/wp-json\/wp\/v2\/pages\/3046"}],"wp:featuredmedia":[{"embeddable":true,"href":"https:\/\/www.mission-21.org\/es\/wp-json\/wp\/v2\/media\/4149"}],"wp:attachment":[{"href":"https:\/\/www.mission-21.org\/es\/wp-json\/wp\/v2\/media?parent=4147"}],"wp:term":[{"taxonomy":"hf_cat_page","embeddable":true,"href":"https:\/\/www.mission-21.org\/es\/wp-json\/wp\/v2\/hf_cat_page?post=4147"}],"curies":[{"name":"wp","href":"https:\/\/api.w.org\/{rel}","templated":true}]}}